{"id":2681,"date":"2025-05-20T14:35:27","date_gmt":"2025-05-20T14:35:27","guid":{"rendered":"https:\/\/autothaiduong.vn\/?post_type=product&#038;p=2681"},"modified":"2025-05-20T14:35:28","modified_gmt":"2025-05-20T14:35:28","slug":"ranger-2018-nang-cap-am-thanh","status":"publish","type":"product","link":"https:\/\/autothaiduong.vn\/?product=ranger-2018-nang-cap-am-thanh","title":{"rendered":"Ranger 2018 N\u00e2ng C\u1ea5p \u00c2m Thanh"},"content":{"rendered":"<p><img loading=\"lazy\" decoding=\"async\" class=\" wp-image-2682 aligncenter\" src=\"https:\/\/autothaiduong.vn\/wp-content\/uploads\/2025\/05\/492500456_1153699046768027_7652736061411272984_n-450x600.jpg\" alt=\"\" width=\"337\" height=\"449\" srcset=\"https:\/\/autothaiduong.vn\/wp-content\/uploads\/2025\/05\/492500456_1153699046768027_7652736061411272984_n-450x600.jpg 450w, https:\/\/autothaiduong.vn\/wp-content\/uploads\/2025\/05\/492500456_1153699046768027_7652736061411272984_n-768x1024.jpg 768w, https:\/\/autothaiduong.vn\/wp-content\/uploads\/2025\/05\/492500456_1153699046768027_7652736061411272984_n-1152x1536.jpg 1152w, https:\/\/autothaiduong.vn\/wp-content\/uploads\/2025\/05\/492500456_1153699046768027_7652736061411272984_n-600x800.jpg 600w, https:\/\/autothaiduong.vn\/wp-content\/uploads\/2025\/05\/492500456_1153699046768027_7652736061411272984_n.jpg 1536w\" sizes=\"auto, (max-width: 337px) 100vw, 337px\" \/><\/p>\n<p><span style=\"color: #ff0000;\"><em><strong>\u230a\u0110\u1ecba \u0110i\u1ec3m L\u1eafp \u0110\u1eb7t: Auto Th\u00e1i D\u01b0\u01a1ng \u230b<\/strong><\/em><\/span><\/p>\n<p><em><strong>273-275 Tr\u1ea7n Ph\u00fa Ph\u01b0\u1eddng L\u1ed9c S\u01a1n Th\u00e0nh Ph\u1ed1 B\u1ea3o L\u1ed9c T\u1ec9nh L\u00e2m \u0110\u1ed3ng\u00a0<\/strong><\/em><\/p>\n<p><em><strong>Li\u00ean h\u1ec7 t\u01b0 v\u1ea5n v\u00e0 l\u1eafp \u0111\u1eb7t: 0912197441 &#8211; Auto Th\u00e1i D\u01b0\u01a1ng\u00a0<\/strong><\/em><\/p>\n<ul>\n<li>Kh\u00e1ch H\u00e0ng: **** *** M\u1ea1nh<\/li>\n<li>S\u0110T: *********665<\/li>\n<li>Bi\u1ec3n S\u1ed1 Xe: 48a-***47<\/li>\n<li>B\u1ea3o H\u00e0nh T\u1eeb ng\u00e0y: 29\/09\/2024 T\u1edbi H\u1ebft Ng\u00e0y 29\/09\/2026<\/li>\n<\/ul>\n<h3><strong><span style=\"color: #ff0000;\">S\u1ea3n Ph\u1ea9m L\u1eafp \u0110\u1eb7t:<\/span><\/strong><\/h3>\n<p>D\u00e1n Full Film C\u00e1ch Nhi\u1ec7t 3M M\u00e3 IR<\/p>\n<p>Loa T\u00e1p L\u00f4 FullRange DB Drive<\/p>\n<p>Loa Sub \u0110i\u1ec7n Rockford Fosgate G\u1eafn V\u1eeba Cho C\u00e1c D\u00f2ng B\u00e1n T\u1ea3i<\/p>\n<p>Android Box HTD D15<\/p>\n<p>Cam H\u00e0nh Tr\u00ecnh 70Mai<\/p>\n<p>\u0110\u00e8n Bi Led Cos Pha Titan Platinum<\/p>\n<p>Bi G\u1ea7m Ledpro A9<\/p>\n","protected":false},"excerpt":{"rendered":"<p>\u230a\u0110\u1ecba \u0110i\u1ec3m L\u1eafp \u0110\u1eb7t: Auto Th\u00e1i D\u01b0\u01a1ng \u230b 273-275 Tr\u1ea7n Ph\u00fa Ph\u01b0\u1eddng L\u1ed9c S\u01a1n Th\u00e0nh Ph\u1ed1 B\u1ea3o L\u1ed9c T\u1ec9nh L\u00e2m \u0110\u1ed3ng\u00a0 Li\u00ean h\u1ec7 t\u01b0 v\u1ea5n v\u00e0 l\u1eafp \u0111\u1eb7t: 0912197441 &#8211; Auto Th\u00e1i D\u01b0\u01a1ng\u00a0 Kh\u00e1ch H\u00e0ng: **** *** M\u1ea1nh S\u0110T: *********665 Bi\u1ec3n S\u1ed1 Xe: 48a-***47 B\u1ea3o H\u00e0nh T\u1eeb ng\u00e0y: 29\/09\/2024 T\u1edbi H\u1ebft Ng\u00e0y 29\/09\/2026 S\u1ea3n Ph\u1ea9m [&#8230;]\n","protected":false},"featured_media":2682,"comment_status":"open","ping_status":"closed","template":"","meta":[],"product_brand":[],"product_cat":[158,159],"product_tag":[],"class_list":{"0":"post-2681","1":"product","2":"type-product","3":"status-publish","4":"has-post-thumbnail","6":"product_cat-bao-hanh-film-cach-nhiet","7":"product_cat-bao-hanh-am-thanh-xe-hoi","9":"first","10":"instock","11":"shipping-taxable","12":"product-type-simple"},"_links":{"self":[{"href":"https:\/\/autothaiduong.vn\/index.php?rest_route=\/wp\/v2\/product\/2681","targetHints":{"allow":["GET"]}}],"collection":[{"href":"https:\/\/autothaiduong.vn\/index.php?rest_route=\/wp\/v2\/product"}],"about":[{"href":"https:\/\/autothaiduong.vn\/index.php?rest_route=\/wp\/v2\/types\/product"}],"replies":[{"embeddable":true,"href":"https:\/\/autothaiduong.vn\/index.php?rest_route=%2Fwp%2Fv2%2Fcomments&post=2681"}],"wp:featuredmedia":[{"embeddable":true,"href":"https:\/\/autothaiduong.vn\/index.php?rest_route=\/wp\/v2\/media\/2682"}],"wp:attachment":[{"href":"https:\/\/autothaiduong.vn\/index.php?rest_route=%2Fwp%2Fv2%2Fmedia&parent=2681"}],"wp:term":[{"taxonomy":"product_brand","embeddable":true,"href":"https:\/\/autothaiduong.vn\/index.php?rest_route=%2Fwp%2Fv2%2Fproduct_brand&post=2681"},{"taxonomy":"product_cat","embeddable":true,"href":"https:\/\/autothaiduong.vn\/index.php?rest_route=%2Fwp%2Fv2%2Fproduct_cat&post=2681"},{"taxonomy":"product_tag","embeddable":true,"href":"https:\/\/autothaiduong.vn\/index.php?rest_route=%2Fwp%2Fv2%2Fproduct_tag&post=2681"}],"curies":[{"name":"wp","href":"https:\/\/api.w.org\/{rel}","templated":true}]}}