{"id":2688,"date":"2025-05-20T14:51:33","date_gmt":"2025-05-20T14:51:33","guid":{"rendered":"https:\/\/autothaiduong.vn\/?post_type=product&#038;p=2688"},"modified":"2025-05-20T14:51:33","modified_gmt":"2025-05-20T14:51:33","slug":"cx-5-2020-nang-cap-am-thanh","status":"publish","type":"product","link":"https:\/\/autothaiduong.vn\/?product=cx-5-2020-nang-cap-am-thanh","title":{"rendered":"Cx-5 2020 N\u00e2ng C\u1ea5p \u00c2m Thanh"},"content":{"rendered":"<p><img loading=\"lazy\" decoding=\"async\" class=\"wp-image-2689 alignnone\" src=\"https:\/\/autothaiduong.vn\/wp-content\/uploads\/2025\/05\/491518519_1146830964121502_2590368166031371899_n-450x600.jpg\" alt=\"\" width=\"353\" height=\"471\" srcset=\"https:\/\/autothaiduong.vn\/wp-content\/uploads\/2025\/05\/491518519_1146830964121502_2590368166031371899_n-450x600.jpg 450w, https:\/\/autothaiduong.vn\/wp-content\/uploads\/2025\/05\/491518519_1146830964121502_2590368166031371899_n-768x1024.jpg 768w, https:\/\/autothaiduong.vn\/wp-content\/uploads\/2025\/05\/491518519_1146830964121502_2590368166031371899_n-1152x1536.jpg 1152w, https:\/\/autothaiduong.vn\/wp-content\/uploads\/2025\/05\/491518519_1146830964121502_2590368166031371899_n-600x800.jpg 600w, https:\/\/autothaiduong.vn\/wp-content\/uploads\/2025\/05\/491518519_1146830964121502_2590368166031371899_n.jpg 1536w\" sizes=\"auto, (max-width: 353px) 100vw, 353px\" \/><\/p>\n<p>&nbsp;<\/p>\n<p><span style=\"color: #ff0000;\"><em><strong>\u230a\u0110\u1ecba \u0110i\u1ec3m L\u1eafp \u0110\u1eb7t: Auto Th\u00e1i D\u01b0\u01a1ng \u230b<\/strong><\/em><\/span><\/p>\n<p><em><strong>273-275 Tr\u1ea7n Ph\u00fa Ph\u01b0\u1eddng L\u1ed9c S\u01a1n Th\u00e0nh Ph\u1ed1 B\u1ea3o L\u1ed9c T\u1ec9nh L\u00e2m \u0110\u1ed3ng\u00a0<\/strong><\/em><\/p>\n<p><em><strong>Li\u00ean h\u1ec7 t\u01b0 v\u1ea5n v\u00e0 l\u1eafp \u0111\u1eb7t: 0912197441 &#8211; Auto Th\u00e1i D\u01b0\u01a1ng\u00a0<\/strong><\/em><\/p>\n<ul>\n<li>Kh\u00e1ch H\u00e0ng: **** *** T\u1ea1o<\/li>\n<li>S\u0110T: *********138<\/li>\n<li>Bi\u1ec3n S\u1ed1 Xe: 49a-***45<\/li>\n<li>B\u1ea3o H\u00e0nh T\u1eeb ng\u00e0y: 6\/05\/2024 t\u1edbi ng\u00e0y 6\/05\/2026<\/li>\n<\/ul>\n<h3><img loading=\"lazy\" decoding=\"async\" class=\"wp-image-2691 alignleft\" src=\"https:\/\/autothaiduong.vn\/wp-content\/uploads\/2025\/05\/491694104_1146830767454855_8711643049505566022_n-450x600.jpg\" alt=\"\" width=\"363\" height=\"484\" srcset=\"https:\/\/autothaiduong.vn\/wp-content\/uploads\/2025\/05\/491694104_1146830767454855_8711643049505566022_n-450x600.jpg 450w, https:\/\/autothaiduong.vn\/wp-content\/uploads\/2025\/05\/491694104_1146830767454855_8711643049505566022_n-768x1024.jpg 768w, https:\/\/autothaiduong.vn\/wp-content\/uploads\/2025\/05\/491694104_1146830767454855_8711643049505566022_n-1152x1536.jpg 1152w, https:\/\/autothaiduong.vn\/wp-content\/uploads\/2025\/05\/491694104_1146830767454855_8711643049505566022_n-600x800.jpg 600w, https:\/\/autothaiduong.vn\/wp-content\/uploads\/2025\/05\/491694104_1146830767454855_8711643049505566022_n.jpg 1536w\" sizes=\"auto, (max-width: 363px) 100vw, 363px\" \/><\/h3>\n<h3><\/h3>\n<h3><strong><span style=\"color: #ff0000;\">S\u1ea3n Ph\u1ea9m L\u1eafp \u0110\u1eb7t:<\/span><\/strong><\/h3>\n<p>Loa Sub H\u01a1i German Mastrol 10 inch<\/p>\n<p>Ampli K\u00e9o Sub Phoenix Gold 3.0<\/p>\n<p>C\u00e1ch \u00c2m Full Xe Vibrofilt<\/p>\n<p>Th\u00f9ng Sub \u0110\u00f3ng Th\u1ee7 C\u00f4ng<\/p>\n<p>M\u00e0n h\u00ecnh Android D\u00e0nh Ri\u00eang Cho C\u00e1c D\u00f2ng Mazda Li\u1ec1n Camera 360<\/p>\n<p>&nbsp;<\/p>\n<p>&nbsp;<\/p>\n<p>&nbsp;<\/p>\n<p>&nbsp;<\/p>\n<p>&nbsp;<\/p>\n<p>&nbsp;<\/p>\n<p>&nbsp;<\/p>\n","protected":false},"excerpt":{"rendered":"<p>&nbsp; \u230a\u0110\u1ecba \u0110i\u1ec3m L\u1eafp \u0110\u1eb7t: Auto Th\u00e1i D\u01b0\u01a1ng \u230b 273-275 Tr\u1ea7n Ph\u00fa Ph\u01b0\u1eddng L\u1ed9c S\u01a1n Th\u00e0nh Ph\u1ed1 B\u1ea3o L\u1ed9c T\u1ec9nh L\u00e2m \u0110\u1ed3ng\u00a0 Li\u00ean h\u1ec7 t\u01b0 v\u1ea5n v\u00e0 l\u1eafp \u0111\u1eb7t: 0912197441 &#8211; Auto Th\u00e1i D\u01b0\u01a1ng\u00a0 Kh\u00e1ch H\u00e0ng: **** *** T\u1ea1o S\u0110T: *********138 Bi\u1ec3n S\u1ed1 Xe: 49a-***45 B\u1ea3o H\u00e0nh T\u1eeb ng\u00e0y: 6\/05\/2024 t\u1edbi ng\u00e0y 6\/05\/2026 S\u1ea3n Ph\u1ea9m [&#8230;]\n","protected":false},"featured_media":2689,"comment_status":"open","ping_status":"closed","template":"","meta":[],"product_brand":[],"product_cat":[159],"product_tag":[],"class_list":{"0":"post-2688","1":"product","2":"type-product","3":"status-publish","4":"has-post-thumbnail","6":"product_cat-bao-hanh-am-thanh-xe-hoi","8":"first","9":"instock","10":"shipping-taxable","11":"product-type-simple"},"_links":{"self":[{"href":"https:\/\/autothaiduong.vn\/index.php?rest_route=\/wp\/v2\/product\/2688","targetHints":{"allow":["GET"]}}],"collection":[{"href":"https:\/\/autothaiduong.vn\/index.php?rest_route=\/wp\/v2\/product"}],"about":[{"href":"https:\/\/autothaiduong.vn\/index.php?rest_route=\/wp\/v2\/types\/product"}],"replies":[{"embeddable":true,"href":"https:\/\/autothaiduong.vn\/index.php?rest_route=%2Fwp%2Fv2%2Fcomments&post=2688"}],"wp:featuredmedia":[{"embeddable":true,"href":"https:\/\/autothaiduong.vn\/index.php?rest_route=\/wp\/v2\/media\/2689"}],"wp:attachment":[{"href":"https:\/\/autothaiduong.vn\/index.php?rest_route=%2Fwp%2Fv2%2Fmedia&parent=2688"}],"wp:term":[{"taxonomy":"product_brand","embeddable":true,"href":"https:\/\/autothaiduong.vn\/index.php?rest_route=%2Fwp%2Fv2%2Fproduct_brand&post=2688"},{"taxonomy":"product_cat","embeddable":true,"href":"https:\/\/autothaiduong.vn\/index.php?rest_route=%2Fwp%2Fv2%2Fproduct_cat&post=2688"},{"taxonomy":"product_tag","embeddable":true,"href":"https:\/\/autothaiduong.vn\/index.php?rest_route=%2Fwp%2Fv2%2Fproduct_tag&post=2688"}],"curies":[{"name":"wp","href":"https:\/\/api.w.org\/{rel}","templated":true}]}}