{"id":2694,"date":"2025-05-20T15:03:01","date_gmt":"2025-05-20T15:03:01","guid":{"rendered":"https:\/\/autothaiduong.vn\/?post_type=product&#038;p=2694"},"modified":"2025-05-20T15:03:01","modified_gmt":"2025-05-20T15:03:01","slug":"civic-gen11","status":"publish","type":"product","link":"https:\/\/autothaiduong.vn\/?product=civic-gen11","title":{"rendered":"Civic Gen11"},"content":{"rendered":"<p><img loading=\"lazy\" decoding=\"async\" class=\"size-medium wp-image-2695 aligncenter\" src=\"https:\/\/autothaiduong.vn\/wp-content\/uploads\/2025\/05\/491919763_1145015304303068_6360656208976314445_n-450x600.jpg\" alt=\"\" width=\"450\" height=\"600\" srcset=\"https:\/\/autothaiduong.vn\/wp-content\/uploads\/2025\/05\/491919763_1145015304303068_6360656208976314445_n-450x600.jpg 450w, https:\/\/autothaiduong.vn\/wp-content\/uploads\/2025\/05\/491919763_1145015304303068_6360656208976314445_n-768x1024.jpg 768w, https:\/\/autothaiduong.vn\/wp-content\/uploads\/2025\/05\/491919763_1145015304303068_6360656208976314445_n-1152x1536.jpg 1152w, https:\/\/autothaiduong.vn\/wp-content\/uploads\/2025\/05\/491919763_1145015304303068_6360656208976314445_n-600x800.jpg 600w, https:\/\/autothaiduong.vn\/wp-content\/uploads\/2025\/05\/491919763_1145015304303068_6360656208976314445_n.jpg 1536w\" sizes=\"auto, (max-width: 450px) 100vw, 450px\" \/><\/p>\n<p><img loading=\"lazy\" decoding=\"async\" class=\" wp-image-2696 aligncenter\" src=\"https:\/\/autothaiduong.vn\/wp-content\/uploads\/2025\/05\/496006972_1169769165161015_5031166944122259580_n-600x450.jpg\" alt=\"\" width=\"465\" height=\"349\" srcset=\"https:\/\/autothaiduong.vn\/wp-content\/uploads\/2025\/05\/496006972_1169769165161015_5031166944122259580_n-600x450.jpg 600w, https:\/\/autothaiduong.vn\/wp-content\/uploads\/2025\/05\/496006972_1169769165161015_5031166944122259580_n-1024x768.jpg 1024w, https:\/\/autothaiduong.vn\/wp-content\/uploads\/2025\/05\/496006972_1169769165161015_5031166944122259580_n-768x576.jpg 768w, https:\/\/autothaiduong.vn\/wp-content\/uploads\/2025\/05\/496006972_1169769165161015_5031166944122259580_n-1536x1152.jpg 1536w, https:\/\/autothaiduong.vn\/wp-content\/uploads\/2025\/05\/496006972_1169769165161015_5031166944122259580_n.jpg 2048w\" sizes=\"auto, (max-width: 465px) 100vw, 465px\" \/><\/p>\n<p><span style=\"color: #ff0000;\"><em><strong>\u230a\u0110\u1ecba \u0110i\u1ec3m L\u1eafp \u0110\u1eb7t: Auto Th\u00e1i D\u01b0\u01a1ng \u230b<\/strong><\/em><\/span><\/p>\n<p><em><strong>273-275 Tr\u1ea7n Ph\u00fa Ph\u01b0\u1eddng L\u1ed9c S\u01a1n Th\u00e0nh Ph\u1ed1 B\u1ea3o L\u1ed9c T\u1ec9nh L\u00e2m \u0110\u1ed3ng\u00a0<\/strong><\/em><\/p>\n<p><em><strong>Li\u00ean h\u1ec7 t\u01b0 v\u1ea5n v\u00e0 l\u1eafp \u0111\u1eb7t: 0912197441 &#8211; Auto Th\u00e1i D\u01b0\u01a1ng\u00a0<\/strong><\/em><\/p>\n<ul>\n<li>Kh\u00e1ch H\u00e0ng: **** *** T\u00e2n<\/li>\n<li>S\u0110T: *********014<\/li>\n<li>Bi\u1ec3n S\u1ed1 Xe: 49a-***61<\/li>\n<li>B\u1ea3o H\u00e0nh T\u1eeb ng\u00e0y: 16\/04\/2024 T\u1edbi H\u1ebft Ng\u00e0y 16\/04\/202*<\/li>\n<\/ul>\n<h3><strong><span style=\"color: #ff0000;\">S\u1ea3n Ph\u1ea9m L\u1eafp \u0110\u1eb7t:\u00a0<\/span><\/strong><\/h3>\n<p>D\u00e1n Film Full Xe 3M M\u00e3 IR<\/p>\n<p>Android Box HTD D14<\/p>\n<p>M\u00e2m Lenso Ch\u00ednh H\u00e3ng<\/p>\n<p>Body Lip Full Xe<\/p>\n<p>\u0110\u00e8n H\u1eadu Led \u0110\u1ed9<\/p>\n<p>Bi G\u1ea7m F10 Turbo 4300k<\/p>\n","protected":false},"excerpt":{"rendered":"<p>\u230a\u0110\u1ecba \u0110i\u1ec3m L\u1eafp \u0110\u1eb7t: Auto Th\u00e1i D\u01b0\u01a1ng \u230b 273-275 Tr\u1ea7n Ph\u00fa Ph\u01b0\u1eddng L\u1ed9c S\u01a1n Th\u00e0nh Ph\u1ed1 B\u1ea3o L\u1ed9c T\u1ec9nh L\u00e2m \u0110\u1ed3ng\u00a0 Li\u00ean h\u1ec7 t\u01b0 v\u1ea5n v\u00e0 l\u1eafp \u0111\u1eb7t: 0912197441 &#8211; Auto Th\u00e1i D\u01b0\u01a1ng\u00a0 Kh\u00e1ch H\u00e0ng: **** *** T\u00e2n S\u0110T: *********014 Bi\u1ec3n S\u1ed1 Xe: 49a-***61 B\u1ea3o H\u00e0nh T\u1eeb ng\u00e0y: 16\/04\/2024 T\u1edbi H\u1ebft Ng\u00e0y 16\/04\/202* S\u1ea3n Ph\u1ea9m [&#8230;]\n","protected":false},"featured_media":2695,"comment_status":"open","ping_status":"closed","template":"","meta":[],"product_brand":[],"product_cat":[158],"product_tag":[],"class_list":{"0":"post-2694","1":"product","2":"type-product","3":"status-publish","4":"has-post-thumbnail","6":"product_cat-bao-hanh-film-cach-nhiet","8":"first","9":"instock","10":"shipping-taxable","11":"product-type-simple"},"_links":{"self":[{"href":"https:\/\/autothaiduong.vn\/index.php?rest_route=\/wp\/v2\/product\/2694","targetHints":{"allow":["GET"]}}],"collection":[{"href":"https:\/\/autothaiduong.vn\/index.php?rest_route=\/wp\/v2\/product"}],"about":[{"href":"https:\/\/autothaiduong.vn\/index.php?rest_route=\/wp\/v2\/types\/product"}],"replies":[{"embeddable":true,"href":"https:\/\/autothaiduong.vn\/index.php?rest_route=%2Fwp%2Fv2%2Fcomments&post=2694"}],"wp:featuredmedia":[{"embeddable":true,"href":"https:\/\/autothaiduong.vn\/index.php?rest_route=\/wp\/v2\/media\/2695"}],"wp:attachment":[{"href":"https:\/\/autothaiduong.vn\/index.php?rest_route=%2Fwp%2Fv2%2Fmedia&parent=2694"}],"wp:term":[{"taxonomy":"product_brand","embeddable":true,"href":"https:\/\/autothaiduong.vn\/index.php?rest_route=%2Fwp%2Fv2%2Fproduct_brand&post=2694"},{"taxonomy":"product_cat","embeddable":true,"href":"https:\/\/autothaiduong.vn\/index.php?rest_route=%2Fwp%2Fv2%2Fproduct_cat&post=2694"},{"taxonomy":"product_tag","embeddable":true,"href":"https:\/\/autothaiduong.vn\/index.php?rest_route=%2Fwp%2Fv2%2Fproduct_tag&post=2694"}],"curies":[{"name":"wp","href":"https:\/\/api.w.org\/{rel}","templated":true}]}}