{"id":2699,"date":"2025-05-20T15:11:59","date_gmt":"2025-05-20T15:11:59","guid":{"rendered":"https:\/\/autothaiduong.vn\/?post_type=product&#038;p=2699"},"modified":"2025-05-20T15:11:59","modified_gmt":"2025-05-20T15:11:59","slug":"vf3-nang-cap-am-thanh","status":"publish","type":"product","link":"https:\/\/autothaiduong.vn\/?product=vf3-nang-cap-am-thanh","title":{"rendered":"VF3 N\u00e2ng C\u1ea5p \u00c2m Thanh"},"content":{"rendered":"<p><img loading=\"lazy\" decoding=\"async\" class=\" wp-image-2700 aligncenter\" src=\"https:\/\/autothaiduong.vn\/wp-content\/uploads\/2025\/05\/494006940_1158791152925483_6607983366176124152_n-450x600.jpg\" alt=\"\" width=\"313\" height=\"417\" srcset=\"https:\/\/autothaiduong.vn\/wp-content\/uploads\/2025\/05\/494006940_1158791152925483_6607983366176124152_n-450x600.jpg 450w, https:\/\/autothaiduong.vn\/wp-content\/uploads\/2025\/05\/494006940_1158791152925483_6607983366176124152_n-768x1024.jpg 768w, https:\/\/autothaiduong.vn\/wp-content\/uploads\/2025\/05\/494006940_1158791152925483_6607983366176124152_n-1152x1536.jpg 1152w, https:\/\/autothaiduong.vn\/wp-content\/uploads\/2025\/05\/494006940_1158791152925483_6607983366176124152_n-600x800.jpg 600w, https:\/\/autothaiduong.vn\/wp-content\/uploads\/2025\/05\/494006940_1158791152925483_6607983366176124152_n.jpg 1536w\" sizes=\"auto, (max-width: 313px) 100vw, 313px\" \/><\/p>\n<p><img loading=\"lazy\" decoding=\"async\" class=\" wp-image-2701 alignright\" src=\"https:\/\/autothaiduong.vn\/wp-content\/uploads\/2025\/05\/494060014_1158791179592147_1768554953453151472_n-600x450.jpg\" alt=\"\" width=\"411\" height=\"308\" srcset=\"https:\/\/autothaiduong.vn\/wp-content\/uploads\/2025\/05\/494060014_1158791179592147_1768554953453151472_n-600x450.jpg 600w, https:\/\/autothaiduong.vn\/wp-content\/uploads\/2025\/05\/494060014_1158791179592147_1768554953453151472_n-1024x768.jpg 1024w, https:\/\/autothaiduong.vn\/wp-content\/uploads\/2025\/05\/494060014_1158791179592147_1768554953453151472_n-768x576.jpg 768w, https:\/\/autothaiduong.vn\/wp-content\/uploads\/2025\/05\/494060014_1158791179592147_1768554953453151472_n-1536x1152.jpg 1536w, https:\/\/autothaiduong.vn\/wp-content\/uploads\/2025\/05\/494060014_1158791179592147_1768554953453151472_n.jpg 2048w\" sizes=\"auto, (max-width: 411px) 100vw, 411px\" \/><\/p>\n<p><img loading=\"lazy\" decoding=\"async\" class=\"alignnone  wp-image-2702\" src=\"https:\/\/autothaiduong.vn\/wp-content\/uploads\/2025\/05\/494519339_1158791006258831_4373840878292551201_n-600x450.jpg\" alt=\"\" width=\"424\" height=\"318\" srcset=\"https:\/\/autothaiduong.vn\/wp-content\/uploads\/2025\/05\/494519339_1158791006258831_4373840878292551201_n-600x450.jpg 600w, https:\/\/autothaiduong.vn\/wp-content\/uploads\/2025\/05\/494519339_1158791006258831_4373840878292551201_n-1024x768.jpg 1024w, https:\/\/autothaiduong.vn\/wp-content\/uploads\/2025\/05\/494519339_1158791006258831_4373840878292551201_n-768x576.jpg 768w, https:\/\/autothaiduong.vn\/wp-content\/uploads\/2025\/05\/494519339_1158791006258831_4373840878292551201_n-1536x1152.jpg 1536w, https:\/\/autothaiduong.vn\/wp-content\/uploads\/2025\/05\/494519339_1158791006258831_4373840878292551201_n.jpg 2048w\" sizes=\"auto, (max-width: 424px) 100vw, 424px\" \/><\/p>\n<p><span style=\"color: #ff0000;\"><em><strong>\u230a\u0110\u1ecba \u0110i\u1ec3m L\u1eafp \u0110\u1eb7t: Auto Th\u00e1i D\u01b0\u01a1ng \u230b<\/strong><\/em><\/span><\/p>\n<p><em><strong>273-275 Tr\u1ea7n Ph\u00fa Ph\u01b0\u1eddng L\u1ed9c S\u01a1n Th\u00e0nh Ph\u1ed1 B\u1ea3o L\u1ed9c T\u1ec9nh L\u00e2m \u0110\u1ed3ng\u00a0<\/strong><\/em><\/p>\n<p><em><strong>Li\u00ean h\u1ec7 t\u01b0 v\u1ea5n v\u00e0 l\u1eafp \u0111\u1eb7t: 0912197441 &#8211; Auto Th\u00e1i D\u01b0\u01a1ng\u00a0<\/strong><\/em><\/p>\n<ul>\n<li>Kh\u00e1ch H\u00e0ng: **** *** C\u00f4ng<\/li>\n<li>S\u0110T: *********113<\/li>\n<li>Bi\u1ec3n S\u1ed1 Xe: 49a-***05<\/li>\n<li>B\u1ea3o H\u00e0nh T\u1eeb ng\u00e0y: 19\/04\/2025 T\u1edbi H\u1ebft Ng\u00e0y 19\/04\/2027<\/li>\n<\/ul>\n<h3><strong><span style=\"color: #ff0000;\">S\u1ea3n Ph\u1ea9m L\u1eafp \u0110\u1eb7t:<\/span><\/strong><\/h3>\n<p>Loa C\u1eeda Tr\u01b0\u1edbc 2 Way Focal Ps 165 Fx : ( Bao G\u1ed3m 2 Trep % 2 MidBass)<\/p>\n<p>Sub \u0110i\u1ec7n Focal<\/p>\n<p>D\u00e2y v\u00e0 C\u1ea7u Ch\u00ec Ch\u00ednh H\u00e3ng Audible<\/p>\n<p>C\u00e1ch \u00c2m 4 C\u1eeda V\u00e0 S\u00e0n Dr Artex<\/p>\n<p>Ti\u00eau \u00c2m Dr Artex<\/p>\n","protected":false},"excerpt":{"rendered":"<p>\u230a\u0110\u1ecba \u0110i\u1ec3m L\u1eafp \u0110\u1eb7t: Auto Th\u00e1i D\u01b0\u01a1ng \u230b 273-275 Tr\u1ea7n Ph\u00fa Ph\u01b0\u1eddng L\u1ed9c S\u01a1n Th\u00e0nh Ph\u1ed1 B\u1ea3o L\u1ed9c T\u1ec9nh L\u00e2m \u0110\u1ed3ng\u00a0 Li\u00ean h\u1ec7 t\u01b0 v\u1ea5n v\u00e0 l\u1eafp \u0111\u1eb7t: 0912197441 &#8211; Auto Th\u00e1i D\u01b0\u01a1ng\u00a0 Kh\u00e1ch H\u00e0ng: **** *** C\u00f4ng S\u0110T: *********113 Bi\u1ec3n S\u1ed1 Xe: 49a-***05 B\u1ea3o H\u00e0nh T\u1eeb ng\u00e0y: 19\/04\/2025 T\u1edbi H\u1ebft Ng\u00e0y 19\/04\/2027 S\u1ea3n Ph\u1ea9m [&#8230;]\n","protected":false},"featured_media":2702,"comment_status":"open","ping_status":"closed","template":"","meta":[],"product_brand":[],"product_cat":[159],"product_tag":[],"class_list":{"0":"post-2699","1":"product","2":"type-product","3":"status-publish","4":"has-post-thumbnail","6":"product_cat-bao-hanh-am-thanh-xe-hoi","8":"first","9":"instock","10":"shipping-taxable","11":"product-type-simple"},"_links":{"self":[{"href":"https:\/\/autothaiduong.vn\/index.php?rest_route=\/wp\/v2\/product\/2699","targetHints":{"allow":["GET"]}}],"collection":[{"href":"https:\/\/autothaiduong.vn\/index.php?rest_route=\/wp\/v2\/product"}],"about":[{"href":"https:\/\/autothaiduong.vn\/index.php?rest_route=\/wp\/v2\/types\/product"}],"replies":[{"embeddable":true,"href":"https:\/\/autothaiduong.vn\/index.php?rest_route=%2Fwp%2Fv2%2Fcomments&post=2699"}],"wp:featuredmedia":[{"embeddable":true,"href":"https:\/\/autothaiduong.vn\/index.php?rest_route=\/wp\/v2\/media\/2702"}],"wp:attachment":[{"href":"https:\/\/autothaiduong.vn\/index.php?rest_route=%2Fwp%2Fv2%2Fmedia&parent=2699"}],"wp:term":[{"taxonomy":"product_brand","embeddable":true,"href":"https:\/\/autothaiduong.vn\/index.php?rest_route=%2Fwp%2Fv2%2Fproduct_brand&post=2699"},{"taxonomy":"product_cat","embeddable":true,"href":"https:\/\/autothaiduong.vn\/index.php?rest_route=%2Fwp%2Fv2%2Fproduct_cat&post=2699"},{"taxonomy":"product_tag","embeddable":true,"href":"https:\/\/autothaiduong.vn\/index.php?rest_route=%2Fwp%2Fv2%2Fproduct_tag&post=2699"}],"curies":[{"name":"wp","href":"https:\/\/api.w.org\/{rel}","templated":true}]}}