{"id":2703,"date":"2025-05-20T15:17:00","date_gmt":"2025-05-20T15:17:00","guid":{"rendered":"https:\/\/autothaiduong.vn\/?post_type=product&#038;p=2703"},"modified":"2025-05-20T15:17:00","modified_gmt":"2025-05-20T15:17:00","slug":"land-cruiser-2008","status":"publish","type":"product","link":"https:\/\/autothaiduong.vn\/?product=land-cruiser-2008","title":{"rendered":"Land Cruiser 2008"},"content":{"rendered":"<p><img loading=\"lazy\" decoding=\"async\" class=\" wp-image-2704 aligncenter\" src=\"https:\/\/autothaiduong.vn\/wp-content\/uploads\/2025\/05\/490607333_1144326351038630_4375411939998422446_n-1-450x600.jpg\" alt=\"\" width=\"308\" height=\"411\" srcset=\"https:\/\/autothaiduong.vn\/wp-content\/uploads\/2025\/05\/490607333_1144326351038630_4375411939998422446_n-1-450x600.jpg 450w, https:\/\/autothaiduong.vn\/wp-content\/uploads\/2025\/05\/490607333_1144326351038630_4375411939998422446_n-1-768x1024.jpg 768w, https:\/\/autothaiduong.vn\/wp-content\/uploads\/2025\/05\/490607333_1144326351038630_4375411939998422446_n-1-1152x1536.jpg 1152w, https:\/\/autothaiduong.vn\/wp-content\/uploads\/2025\/05\/490607333_1144326351038630_4375411939998422446_n-1-600x800.jpg 600w, https:\/\/autothaiduong.vn\/wp-content\/uploads\/2025\/05\/490607333_1144326351038630_4375411939998422446_n-1.jpg 1536w\" sizes=\"auto, (max-width: 308px) 100vw, 308px\" \/><\/p>\n<p><span style=\"color: #ff0000;\"><em><strong>\u230a\u0110\u1ecba \u0110i\u1ec3m L\u1eafp \u0110\u1eb7t: Auto Th\u00e1i D\u01b0\u01a1ng \u230b<\/strong><\/em><\/span><\/p>\n<p><em><strong>273-275 Tr\u1ea7n Ph\u00fa Ph\u01b0\u1eddng L\u1ed9c S\u01a1n Th\u00e0nh Ph\u1ed1 B\u1ea3o L\u1ed9c T\u1ec9nh L\u00e2m \u0110\u1ed3ng\u00a0<\/strong><\/em><\/p>\n<p><em><strong>Li\u00ean h\u1ec7 t\u01b0 v\u1ea5n v\u00e0 l\u1eafp \u0111\u1eb7t: 0912197441 &#8211; Auto Th\u00e1i D\u01b0\u01a1ng\u00a0<\/strong><\/em><\/p>\n<ul>\n<li>Kh\u00e1ch H\u00e0ng: **** *** L\u00e2m<\/li>\n<li>S\u0110T: *********<\/li>\n<li>Bi\u1ec3n S\u1ed1 Xe: 49x-7474<\/li>\n<li>B\u1ea3o H\u00e0nh T\u1eeb ng\u00e0y: 06\/06\/2024 T\u1edbi H\u1ebft Ng\u00e0y 06\/06\/202*<\/li>\n<\/ul>\n<h3><strong><span style=\"color: #ff0000;\">S\u1ea3n Ph\u1ea9m L\u1eafp \u0110\u1eb7t:<\/span><\/strong><\/h3>\n<p>Sub \u0110i\u1ec7n DB Drive<\/p>\n<p>Loa T\u00e1p L\u00f4 DB Drive<\/p>\n<p>Ampli c\u1eafm Zin cho m\u00e0n h\u00ecnh Andoid<\/p>\n<p>M\u00e0n H\u00ecnh Android Zestech ZX10 B\u1ea3n Ti\u00eau Chu\u1ea9n<\/p>\n<p>D\u00e1n Full Xe Film 3M M\u00e3 IR<\/p>\n<p>Bi Laser Henvei L85 Pro<\/p>\n<p>Bi G\u1ea7m Ledpro A9 3 Ch\u1ebf \u0110\u1ed9 M\u00e0u<\/p>\n","protected":false},"excerpt":{"rendered":"<p>\u230a\u0110\u1ecba \u0110i\u1ec3m L\u1eafp \u0110\u1eb7t: Auto Th\u00e1i D\u01b0\u01a1ng \u230b 273-275 Tr\u1ea7n Ph\u00fa Ph\u01b0\u1eddng L\u1ed9c S\u01a1n Th\u00e0nh Ph\u1ed1 B\u1ea3o L\u1ed9c T\u1ec9nh L\u00e2m \u0110\u1ed3ng\u00a0 Li\u00ean h\u1ec7 t\u01b0 v\u1ea5n v\u00e0 l\u1eafp \u0111\u1eb7t: 0912197441 &#8211; Auto Th\u00e1i D\u01b0\u01a1ng\u00a0 Kh\u00e1ch H\u00e0ng: **** *** L\u00e2m S\u0110T: ********* Bi\u1ec3n S\u1ed1 Xe: 49x-7474 B\u1ea3o H\u00e0nh T\u1eeb ng\u00e0y: 06\/06\/2024 T\u1edbi H\u1ebft Ng\u00e0y 06\/06\/202* S\u1ea3n Ph\u1ea9m [&#8230;]\n","protected":false},"featured_media":2704,"comment_status":"open","ping_status":"closed","template":"","meta":[],"product_brand":[],"product_cat":[159,158],"product_tag":[],"class_list":{"0":"post-2703","1":"product","2":"type-product","3":"status-publish","4":"has-post-thumbnail","6":"product_cat-bao-hanh-am-thanh-xe-hoi","7":"product_cat-bao-hanh-film-cach-nhiet","9":"first","10":"instock","11":"shipping-taxable","12":"product-type-simple"},"_links":{"self":[{"href":"https:\/\/autothaiduong.vn\/index.php?rest_route=\/wp\/v2\/product\/2703","targetHints":{"allow":["GET"]}}],"collection":[{"href":"https:\/\/autothaiduong.vn\/index.php?rest_route=\/wp\/v2\/product"}],"about":[{"href":"https:\/\/autothaiduong.vn\/index.php?rest_route=\/wp\/v2\/types\/product"}],"replies":[{"embeddable":true,"href":"https:\/\/autothaiduong.vn\/index.php?rest_route=%2Fwp%2Fv2%2Fcomments&post=2703"}],"wp:featuredmedia":[{"embeddable":true,"href":"https:\/\/autothaiduong.vn\/index.php?rest_route=\/wp\/v2\/media\/2704"}],"wp:attachment":[{"href":"https:\/\/autothaiduong.vn\/index.php?rest_route=%2Fwp%2Fv2%2Fmedia&parent=2703"}],"wp:term":[{"taxonomy":"product_brand","embeddable":true,"href":"https:\/\/autothaiduong.vn\/index.php?rest_route=%2Fwp%2Fv2%2Fproduct_brand&post=2703"},{"taxonomy":"product_cat","embeddable":true,"href":"https:\/\/autothaiduong.vn\/index.php?rest_route=%2Fwp%2Fv2%2Fproduct_cat&post=2703"},{"taxonomy":"product_tag","embeddable":true,"href":"https:\/\/autothaiduong.vn\/index.php?rest_route=%2Fwp%2Fv2%2Fproduct_tag&post=2703"}],"curies":[{"name":"wp","href":"https:\/\/api.w.org\/{rel}","templated":true}]}}