{"id":2705,"date":"2025-05-20T15:19:25","date_gmt":"2025-05-20T15:19:25","guid":{"rendered":"https:\/\/autothaiduong.vn\/?post_type=product&#038;p=2705"},"modified":"2025-05-20T15:19:47","modified_gmt":"2025-05-20T15:19:47","slug":"2705","status":"publish","type":"product","link":"https:\/\/autothaiduong.vn\/?product=2705","title":{"rendered":"Cx-5 2018"},"content":{"rendered":"<p><img loading=\"lazy\" decoding=\"async\" class=\" wp-image-2706 aligncenter\" src=\"https:\/\/autothaiduong.vn\/wp-content\/uploads\/2025\/05\/492200062_1153038340167431_5586411621094357673_n-450x600.jpg\" alt=\"\" width=\"337\" height=\"449\" srcset=\"https:\/\/autothaiduong.vn\/wp-content\/uploads\/2025\/05\/492200062_1153038340167431_5586411621094357673_n-450x600.jpg 450w, https:\/\/autothaiduong.vn\/wp-content\/uploads\/2025\/05\/492200062_1153038340167431_5586411621094357673_n-768x1024.jpg 768w, https:\/\/autothaiduong.vn\/wp-content\/uploads\/2025\/05\/492200062_1153038340167431_5586411621094357673_n-1152x1536.jpg 1152w, https:\/\/autothaiduong.vn\/wp-content\/uploads\/2025\/05\/492200062_1153038340167431_5586411621094357673_n-600x800.jpg 600w, https:\/\/autothaiduong.vn\/wp-content\/uploads\/2025\/05\/492200062_1153038340167431_5586411621094357673_n.jpg 1536w\" sizes=\"auto, (max-width: 337px) 100vw, 337px\" \/><\/p>\n<p><span style=\"color: #ff0000;\"><em><strong>\u230a\u0110\u1ecba \u0110i\u1ec3m L\u1eafp \u0110\u1eb7t: Auto Th\u00e1i D\u01b0\u01a1ng \u230b<\/strong><\/em><\/span><\/p>\n<p><em><strong>273-275 Tr\u1ea7n Ph\u00fa Ph\u01b0\u1eddng L\u1ed9c S\u01a1n Th\u00e0nh Ph\u1ed1 B\u1ea3o L\u1ed9c T\u1ec9nh L\u00e2m \u0110\u1ed3ng\u00a0<\/strong><\/em><\/p>\n<p><em><strong>Li\u00ean h\u1ec7 t\u01b0 v\u1ea5n v\u00e0 l\u1eafp \u0111\u1eb7t: 0912197441 &#8211; Auto Th\u00e1i D\u01b0\u01a1ng\u00a0<\/strong><\/em><\/p>\n<ul>\n<li>Kh\u00e1ch H\u00e0ng: **** *** Nam<\/li>\n<li>S\u0110T: *********254<\/li>\n<li>Bi\u1ec3n S\u1ed1 Xe: 49a-***80<\/li>\n<li>B\u1ea3o H\u00e0nh T\u1eeb ng\u00e0y: 29\/06\/2024 T\u1edbi H\u1ebft Ng\u00e0y 29\/06\/202*<\/li>\n<\/ul>\n<h3><strong><span style=\"color: #ff0000;\">S\u1ea3n Ph\u1ea9m L\u1eafp \u0110\u1eb7t:\u00a0<\/span><\/strong><\/h3>\n<p>Loa T\u00e1p L\u00f4 Fullrange DB Drive<\/p>\n<p>Loa Sub H\u01a1i \u0110\u00f3ng Th\u00f9ng S\u1eb5n Eton<\/p>\n<p>D\u00e1n Film K\u00ednh L\u00e1i 3M M\u00e3 Crystaline<\/p>\n","protected":false},"excerpt":{"rendered":"<p>\u230a\u0110\u1ecba \u0110i\u1ec3m L\u1eafp \u0110\u1eb7t: Auto Th\u00e1i D\u01b0\u01a1ng \u230b 273-275 Tr\u1ea7n Ph\u00fa Ph\u01b0\u1eddng L\u1ed9c S\u01a1n Th\u00e0nh Ph\u1ed1 B\u1ea3o L\u1ed9c T\u1ec9nh L\u00e2m \u0110\u1ed3ng\u00a0 Li\u00ean h\u1ec7 t\u01b0 v\u1ea5n v\u00e0 l\u1eafp \u0111\u1eb7t: 0912197441 &#8211; Auto Th\u00e1i D\u01b0\u01a1ng\u00a0 Kh\u00e1ch H\u00e0ng: **** *** Nam S\u0110T: *********254 Bi\u1ec3n S\u1ed1 Xe: 49a-***80 B\u1ea3o H\u00e0nh T\u1eeb ng\u00e0y: 29\/06\/2024 T\u1edbi H\u1ebft Ng\u00e0y 29\/06\/202* S\u1ea3n Ph\u1ea9m [&#8230;]\n","protected":false},"featured_media":2706,"comment_status":"open","ping_status":"closed","template":"","meta":[],"product_brand":[],"product_cat":[159,158],"product_tag":[],"class_list":{"0":"post-2705","1":"product","2":"type-product","3":"status-publish","4":"has-post-thumbnail","6":"product_cat-bao-hanh-am-thanh-xe-hoi","7":"product_cat-bao-hanh-film-cach-nhiet","9":"first","10":"instock","11":"shipping-taxable","12":"product-type-simple"},"_links":{"self":[{"href":"https:\/\/autothaiduong.vn\/index.php?rest_route=\/wp\/v2\/product\/2705","targetHints":{"allow":["GET"]}}],"collection":[{"href":"https:\/\/autothaiduong.vn\/index.php?rest_route=\/wp\/v2\/product"}],"about":[{"href":"https:\/\/autothaiduong.vn\/index.php?rest_route=\/wp\/v2\/types\/product"}],"replies":[{"embeddable":true,"href":"https:\/\/autothaiduong.vn\/index.php?rest_route=%2Fwp%2Fv2%2Fcomments&post=2705"}],"wp:featuredmedia":[{"embeddable":true,"href":"https:\/\/autothaiduong.vn\/index.php?rest_route=\/wp\/v2\/media\/2706"}],"wp:attachment":[{"href":"https:\/\/autothaiduong.vn\/index.php?rest_route=%2Fwp%2Fv2%2Fmedia&parent=2705"}],"wp:term":[{"taxonomy":"product_brand","embeddable":true,"href":"https:\/\/autothaiduong.vn\/index.php?rest_route=%2Fwp%2Fv2%2Fproduct_brand&post=2705"},{"taxonomy":"product_cat","embeddable":true,"href":"https:\/\/autothaiduong.vn\/index.php?rest_route=%2Fwp%2Fv2%2Fproduct_cat&post=2705"},{"taxonomy":"product_tag","embeddable":true,"href":"https:\/\/autothaiduong.vn\/index.php?rest_route=%2Fwp%2Fv2%2Fproduct_tag&post=2705"}],"curies":[{"name":"wp","href":"https:\/\/api.w.org\/{rel}","templated":true}]}}