{"id":2708,"date":"2025-05-20T15:22:32","date_gmt":"2025-05-20T15:22:32","guid":{"rendered":"https:\/\/autothaiduong.vn\/?post_type=product&#038;p=2708"},"modified":"2025-05-20T15:22:32","modified_gmt":"2025-05-20T15:22:32","slug":"morning-nang-cap-am-thanh","status":"publish","type":"product","link":"https:\/\/autothaiduong.vn\/?product=morning-nang-cap-am-thanh","title":{"rendered":"Morning N\u00e2ng C\u1ea5p \u00c2m Thanh"},"content":{"rendered":"<p><img loading=\"lazy\" decoding=\"async\" class=\" wp-image-2709 aligncenter\" src=\"https:\/\/autothaiduong.vn\/wp-content\/uploads\/2025\/05\/492399903_1152911313513467_3370115168603053126_n-450x600.jpg\" alt=\"\" width=\"339\" height=\"452\" srcset=\"https:\/\/autothaiduong.vn\/wp-content\/uploads\/2025\/05\/492399903_1152911313513467_3370115168603053126_n-450x600.jpg 450w, https:\/\/autothaiduong.vn\/wp-content\/uploads\/2025\/05\/492399903_1152911313513467_3370115168603053126_n-768x1024.jpg 768w, https:\/\/autothaiduong.vn\/wp-content\/uploads\/2025\/05\/492399903_1152911313513467_3370115168603053126_n-1152x1536.jpg 1152w, https:\/\/autothaiduong.vn\/wp-content\/uploads\/2025\/05\/492399903_1152911313513467_3370115168603053126_n-600x800.jpg 600w, https:\/\/autothaiduong.vn\/wp-content\/uploads\/2025\/05\/492399903_1152911313513467_3370115168603053126_n.jpg 1536w\" sizes=\"auto, (max-width: 339px) 100vw, 339px\" \/><\/p>\n<p><span style=\"color: #ff0000;\"><em><strong>\u230a\u0110\u1ecba \u0110i\u1ec3m L\u1eafp \u0110\u1eb7t: Auto Th\u00e1i D\u01b0\u01a1ng \u230b<\/strong><\/em><\/span><\/p>\n<p><em><strong>273-275 Tr\u1ea7n Ph\u00fa Ph\u01b0\u1eddng L\u1ed9c S\u01a1n Th\u00e0nh Ph\u1ed1 B\u1ea3o L\u1ed9c T\u1ec9nh L\u00e2m \u0110\u1ed3ng\u00a0<\/strong><\/em><\/p>\n<p><em><strong>Li\u00ean h\u1ec7 t\u01b0 v\u1ea5n v\u00e0 l\u1eafp \u0111\u1eb7t: 0912197441 &#8211; Auto Th\u00e1i D\u01b0\u01a1ng\u00a0<\/strong><\/em><\/p>\n<ul>\n<li>Kh\u00e1ch H\u00e0ng: **** ***<\/li>\n<li>S\u0110T: *********065<\/li>\n<li>Bi\u1ec3n S\u1ed1 Xe: 51g-***31<\/li>\n<li>B\u1ea3o H\u00e0nh T\u1eeb ng\u00e0y: 1\/10\/2024 t\u1edbi 1\/10\/2025<\/li>\n<\/ul>\n<h3><strong><span style=\"color: #ff0000;\">S\u1ea3n Ph\u1ea9m L\u1eafp \u0110\u1eb7t:<\/span><\/strong><\/h3>\n<p>M\u00e0n H\u00ecnh Android Zestech Z18<\/p>\n<p>Loa C\u1eeda Tr\u01b0\u1edbc 2 Way JL-AUDIO C165<\/p>\n<p>Loa C\u1eeda Sau \u0110\u1ed3ng Tr\u1ee5c JL-AUDIO C165<\/p>\n<p>Sub DR Audio 170W RMS<\/p>\n","protected":false},"excerpt":{"rendered":"<p>\u230a\u0110\u1ecba \u0110i\u1ec3m L\u1eafp \u0110\u1eb7t: Auto Th\u00e1i D\u01b0\u01a1ng \u230b 273-275 Tr\u1ea7n Ph\u00fa Ph\u01b0\u1eddng L\u1ed9c S\u01a1n Th\u00e0nh Ph\u1ed1 B\u1ea3o L\u1ed9c T\u1ec9nh L\u00e2m \u0110\u1ed3ng\u00a0 Li\u00ean h\u1ec7 t\u01b0 v\u1ea5n v\u00e0 l\u1eafp \u0111\u1eb7t: 0912197441 &#8211; Auto Th\u00e1i D\u01b0\u01a1ng\u00a0 Kh\u00e1ch H\u00e0ng: **** *** S\u0110T: *********065 Bi\u1ec3n S\u1ed1 Xe: 51g-***31 B\u1ea3o H\u00e0nh T\u1eeb ng\u00e0y: 1\/10\/2024 t\u1edbi 1\/10\/2025 S\u1ea3n Ph\u1ea9m L\u1eafp \u0110\u1eb7t: M\u00e0n [&#8230;]\n","protected":false},"featured_media":2709,"comment_status":"open","ping_status":"closed","template":"","meta":[],"product_brand":[],"product_cat":[159],"product_tag":[],"class_list":{"0":"post-2708","1":"product","2":"type-product","3":"status-publish","4":"has-post-thumbnail","6":"product_cat-bao-hanh-am-thanh-xe-hoi","8":"first","9":"instock","10":"shipping-taxable","11":"product-type-simple"},"_links":{"self":[{"href":"https:\/\/autothaiduong.vn\/index.php?rest_route=\/wp\/v2\/product\/2708","targetHints":{"allow":["GET"]}}],"collection":[{"href":"https:\/\/autothaiduong.vn\/index.php?rest_route=\/wp\/v2\/product"}],"about":[{"href":"https:\/\/autothaiduong.vn\/index.php?rest_route=\/wp\/v2\/types\/product"}],"replies":[{"embeddable":true,"href":"https:\/\/autothaiduong.vn\/index.php?rest_route=%2Fwp%2Fv2%2Fcomments&post=2708"}],"wp:featuredmedia":[{"embeddable":true,"href":"https:\/\/autothaiduong.vn\/index.php?rest_route=\/wp\/v2\/media\/2709"}],"wp:attachment":[{"href":"https:\/\/autothaiduong.vn\/index.php?rest_route=%2Fwp%2Fv2%2Fmedia&parent=2708"}],"wp:term":[{"taxonomy":"product_brand","embeddable":true,"href":"https:\/\/autothaiduong.vn\/index.php?rest_route=%2Fwp%2Fv2%2Fproduct_brand&post=2708"},{"taxonomy":"product_cat","embeddable":true,"href":"https:\/\/autothaiduong.vn\/index.php?rest_route=%2Fwp%2Fv2%2Fproduct_cat&post=2708"},{"taxonomy":"product_tag","embeddable":true,"href":"https:\/\/autothaiduong.vn\/index.php?rest_route=%2Fwp%2Fv2%2Fproduct_tag&post=2708"}],"curies":[{"name":"wp","href":"https:\/\/api.w.org\/{rel}","templated":true}]}}