{"id":2734,"date":"2025-05-20T15:40:29","date_gmt":"2025-05-20T15:40:29","guid":{"rendered":"https:\/\/autothaiduong.vn\/?post_type=product&#038;p=2734"},"modified":"2025-05-20T15:41:13","modified_gmt":"2025-05-20T15:41:13","slug":"zt5-360-danh-rieng-cho-vf5-camera-360","status":"publish","type":"product","link":"https:\/\/autothaiduong.vn\/?product=zt5-360-danh-rieng-cho-vf5-camera-360","title":{"rendered":"ZT5 360 D\u00e0nh Ri\u00eang Cho VF5 Camera 360"},"content":{"rendered":"<p><img loading=\"lazy\" decoding=\"async\" class=\" wp-image-2492 aligncenter\" src=\"https:\/\/autothaiduong.vn\/wp-content\/uploads\/2025\/05\/z6584734442481_f208f5944548cb4b46353402ce2e64e0-4.jpg\" alt=\"\" width=\"320\" height=\"283\" \/><\/p>\n<p style=\"text-align: center;\"><span style=\"font-size: 140%; color: #ff0000;\"><strong>273-275 Tr\u1ea7n Ph\u00fa Ph\u01b0\u1eddng L\u1ed9c S\u01a1n Th\u00e0nh Ph\u1ed1 B\u1ea3o L\u1ed9c T\u1ec9nh L\u00e2m \u0110\u1ed3ng<\/strong><\/span><\/p>\n<p style=\"text-align: center;\"><span style=\"font-size: 140%; color: #ff0000;\"><strong> Hotline: 0912197441<\/strong><\/span><\/p>\n<div class=\"kh_box_title\">\n<h2 class=\"kh_title_module\">Th\u00f4ng s\u1ed1 k\u1ef9 thu\u1eadt ZT5 360<\/h2>\n<\/div>\n<div class=\"kh_list_pram_prod d-flex\">\n<div class=\"kh_item_param\">\n<div class=\"kh_inner_prod d-flex\">\n<figure class=\"kh_icon_param\"><img loading=\"lazy\" decoding=\"async\" class=\"alignnone size-full wp-image-2736\" src=\"https:\/\/autothaiduong.vn\/wp-content\/uploads\/2025\/05\/Hedieuhanh-6.png\" alt=\"H\u1ec7 \u0111i\u1ec1u h\u00e0nh\" width=\"56\" height=\"70\" \/><\/figure>\n<div class=\"kh_content_param\">\n<div class=\"kh_title_param\">H\u1ec7 \u0111i\u1ec1u h\u00e0nh<\/div>\n<div class=\"kh_des_param\">Android 10.0<br \/>\nChip 7862 TS10<\/div>\n<\/div>\n<\/div>\n<\/div>\n<div class=\"kh_item_param\">\n<div class=\"kh_inner_prod d-flex\">\n<figure class=\"kh_icon_param\"><img loading=\"lazy\" decoding=\"async\" class=\"alignnone size-full wp-image-2737\" src=\"https:\/\/autothaiduong.vn\/wp-content\/uploads\/2025\/05\/Manhinh-30.png\" alt=\"M\u00e0n h\u00ecnh\" width=\"70\" height=\"58\" \/><\/figure>\n<div class=\"kh_content_param\">\n<div class=\"kh_title_param\">M\u00e0n h\u00ecnh<\/div>\n<div class=\"kh_des_param\">M\u00e0n h\u00ecnh 2K 2000*1200<br \/>\nK\u00edch th\u01b0\u1edbc 13 inch<\/div>\n<\/div>\n<\/div>\n<\/div>\n<div class=\"kh_item_param\">\n<div class=\"kh_inner_prod d-flex\">\n<figure class=\"kh_icon_param\"><img loading=\"lazy\" decoding=\"async\" class=\"alignnone size-full wp-image-2738\" src=\"https:\/\/autothaiduong.vn\/wp-content\/uploads\/2025\/05\/RAM-8.png\" alt=\"RAM\" width=\"70\" height=\"70\" srcset=\"https:\/\/autothaiduong.vn\/wp-content\/uploads\/2025\/05\/RAM-8.png 70w, https:\/\/autothaiduong.vn\/wp-content\/uploads\/2025\/05\/RAM-8-50x50.png 50w\" sizes=\"auto, (max-width: 70px) 100vw, 70px\" \/><\/figure>\n<div class=\"kh_content_param\">\n<div class=\"kh_title_param\">RAM<\/div>\n<div class=\"kh_des_param\">4GB<\/div>\n<\/div>\n<\/div>\n<\/div>\n<div class=\"kh_item_param\">\n<div class=\"kh_inner_prod d-flex\">\n<figure class=\"kh_icon_param\"><img loading=\"lazy\" decoding=\"async\" class=\"alignnone size-full wp-image-2739\" src=\"https:\/\/autothaiduong.vn\/wp-content\/uploads\/2025\/05\/ROM-9.png\" alt=\"ROM\" width=\"68\" height=\"68\" srcset=\"https:\/\/autothaiduong.vn\/wp-content\/uploads\/2025\/05\/ROM-9.png 68w, https:\/\/autothaiduong.vn\/wp-content\/uploads\/2025\/05\/ROM-9-50x50.png 50w\" sizes=\"auto, (max-width: 68px) 100vw, 68px\" \/><\/figure>\n<div class=\"kh_content_param\">\n<div class=\"kh_title_param\">ROM<\/div>\n<div class=\"kh_des_param\">64GB<\/div>\n<\/div>\n<\/div>\n<\/div>\n<div class=\"kh_item_param\">\n<div class=\"kh_inner_prod d-flex\">\n<figure class=\"kh_icon_param\"><img loading=\"lazy\" decoding=\"async\" class=\"alignnone size-full wp-image-2737\" src=\"https:\/\/autothaiduong.vn\/wp-content\/uploads\/2025\/05\/Manhinh-30.png\" alt=\"M\u00e0n h\u00ecnh\" width=\"70\" height=\"58\" \/><\/figure>\n<div class=\"kh_content_param\">\n<div class=\"kh_title_param\">C\u00f4ng ty<\/div>\n<div class=\"kh_des_param\">TNHH TM XNK N\u1ed9i th\u1ea5t \u00f4 t\u00f4 Quang Minh<\/div>\n<\/div>\n<\/div>\n<\/div>\n<div class=\"kh_item_param\">\n<div class=\"kh_inner_prod d-flex\">\n<figure class=\"kh_icon_param\"><img loading=\"lazy\" decoding=\"async\" class=\"alignnone size-full wp-image-2737\" src=\"https:\/\/autothaiduong.vn\/wp-content\/uploads\/2025\/05\/Manhinh-30.png\" alt=\"M\u00e0n h\u00ecnh\" width=\"70\" height=\"58\" \/><\/figure>\n<div class=\"kh_content_param\">\n<div class=\"kh_title_param\">N\u0103m s\u1ea3n xu\u1ea5t<\/div>\n<div class=\"kh_des_param\">2025<\/div>\n<div>\n<section class=\"kh_module kh_module_videos kh_module_page_prod kh_ani\">\n<div class=\"kh_container\">\n<div class=\"kh_flex d-flex\">\n<div class=\"kh_box_video\">\n<figure class=\"kh_video_box video-link\" data-src=\"https:\/\/www.youtube.com\/watch?v=RPOGMUuDtGI\"><img loading=\"lazy\" decoding=\"async\" class=\"alignnone size-full wp-image-2742\" src=\"https:\/\/autothaiduong.vn\/wp-content\/uploads\/2025\/05\/z3205600946060_8ed40fa9e1cae954184138d4525c35a6-2.jpg\" alt=\"Zestech\" width=\"930\" height=\"525\" srcset=\"https:\/\/autothaiduong.vn\/wp-content\/uploads\/2025\/05\/z3205600946060_8ed40fa9e1cae954184138d4525c35a6-2.jpg 930w, https:\/\/autothaiduong.vn\/wp-content\/uploads\/2025\/05\/z3205600946060_8ed40fa9e1cae954184138d4525c35a6-2-600x339.jpg 600w, https:\/\/autothaiduong.vn\/wp-content\/uploads\/2025\/05\/z3205600946060_8ed40fa9e1cae954184138d4525c35a6-2-768x434.jpg 768w\" sizes=\"auto, (max-width: 930px) 100vw, 930px\" \/><\/figure>\n<\/div>\n<div class=\"kh_box_content_video\">\n<div class=\"kh_content_video\">\n<div class=\"kh_box_title\">\n<h2 class=\"kh_title_module\">Ph\u00f3ng s\u1ef1 VTV3: Zestech \u0111\u1ed3ng h\u00e0nh c\u00f9ng c\u00e1c h\u00e3ng \u00f4 t\u00f4 v\u00e0 ng\u01b0\u1eddi ti\u00eau d\u00f9ng<\/h2>\n<div class=\"kh_des_title\">Zestech k\u00fd k\u1ebft th\u1ecfa thu\u1eadn h\u1ee3p t\u00e1c chi\u1ebfn l\u01b0\u1ee3c b\u1ec1n v\u1eefng v\u00e0 ph\u00e1t tri\u1ec3n v\u1edbi h\u01a1n 750 \u0111\u1ea1i l\u00fd tr\u00ean to\u00e0n qu\u1ed1c. \u0110\u1eb7c bi\u1ec7t v\u1edbi nhi\u1ec1u c\u00e1c h\u00e3ng xe \u00f4 t\u00f4 l\u1edbn t\u1ea1i Vi\u1ec7t Nam nh\u01b0 Toyota Long Bi\u00ean, Toyota B\u1eafc Giang, Hyundai S\u00e0i G\u00f2n, Mitsubishi Quy Nh\u01a1n,\u2026\u0110\u00e1nh d\u1ea5u b\u01b0\u1edbc ti\u1ebfn quan tr\u1ecdng trong s\u1ef1 ph\u00e1t tri\u1ec3n th\u1ecbnh v\u01b0\u1ee3ng c\u1ee7a Zestech v\u1edbi c\u00e1c \u0111\u01a1n v\u1ecb \u0111\u1ed1i t\u00e1c v\u00e0 kh\u00e1ch h\u00e0ng.<\/div>\n<\/div>\n<div class=\"kh_box_btn\">\n<div class=\"kh_btn kh_btn_yellow\"><a title=\"ZT5 360\" href=\"https:\/\/www.youtube.com\/embed\/RPOGMUuDtGI\" data-fancybox=\"\" target=\"_blank\" rel=\"noopener\">Xem chi ti\u1ebft<\/a><\/div>\n<\/div>\n<\/div>\n<\/div>\n<\/div>\n<\/div>\n<\/section>\n<section class=\"kh_module kh_module_videos kh_module_page_prod even kh_ani\">\n<div class=\"kh_container\">\n<div class=\"kh_flex d-flex\">\n<div class=\"kh_box_video\">\n<figure class=\"kh_video_box video-link\" data-src=\"\"><img loading=\"lazy\" decoding=\"async\" class=\"alignnone size-full wp-image-2743\" src=\"https:\/\/autothaiduong.vn\/wp-content\/uploads\/2025\/05\/4-3.png\" alt=\"Zestech\" width=\"900\" height=\"540\" srcset=\"https:\/\/autothaiduong.vn\/wp-content\/uploads\/2025\/05\/4-3.png 900w, https:\/\/autothaiduong.vn\/wp-content\/uploads\/2025\/05\/4-3-600x360.png 600w, https:\/\/autothaiduong.vn\/wp-content\/uploads\/2025\/05\/4-3-768x461.png 768w\" sizes=\"auto, (max-width: 900px) 100vw, 900px\" \/><\/figure>\n<\/div>\n<div class=\"kh_box_content_video\">\n<div class=\"kh_content_video\">\n<div class=\"kh_box_title\">\n<h2 class=\"kh_title_module\">T\u00cdCH H\u1ee2P CAMERA 360<\/h2>\n<div class=\"kh_des_title\">\u0110i\u1ec1u khi\u1ec3n b\u1eb1ng gi\u1ecdng n\u00f3i<br \/>\nG\u00f3c nh\u00ecn r\u1ed9ng, hi\u1ec3n th\u1ecb to\u00e0n b\u1ed9 kh\u00f4ng gian xung quanh xe, lo\u1ea1i b\u1ecf \u0111i\u1ec3m m\u00f9<br \/>\nC\u0103n ch\u1ec9nh kho\u1ea3ng c\u00e1ch ch\u00ednh x\u00e1c \u0111\u1ebfn t\u1eebng cm, kh\u00f4ng c\u00f2n n\u1ed7i lo va ch\u1ea1m.<br \/>\nCamera sau hi\u1ec3n th\u1ecb v\u1ea1ch \u0111\u00e1nh l\u00e1i th\u00f4ng minh, l\u00f9i xe nhanh g\u1ecdn, an to\u00e0n ngay c\u1ea3 trong kh\u00f4ng gian h\u1eb9p.<\/div>\n<\/div>\n<div class=\"kh_box_btn\">\n<div class=\"kh_btn kh_btn_yellow\"><a title=\"ZT5 360\" href=\"https:\/\/zestech.vn\/san-pham\/man-13inch-vf5-cam-360\" data-fancybox=\"\" target=\"_blank\" rel=\"noopener\">Xem chi ti\u1ebft<\/a><\/div>\n<\/div>\n<\/div>\n<\/div>\n<\/div>\n<\/div>\n<\/section>\n<section class=\"kh_module kh_module_videos kh_module_page_prod kh_ani\">\n<div class=\"kh_container\">\n<div class=\"kh_flex d-flex\">\n<div class=\"kh_box_video\">\n<figure class=\"kh_video_box video-link\" data-src=\"\"><img loading=\"lazy\" decoding=\"async\" class=\"alignnone size-full wp-image-2744\" src=\"https:\/\/autothaiduong.vn\/wp-content\/uploads\/2025\/05\/2-2.png\" alt=\"Zestech\" width=\"900\" height=\"540\" srcset=\"https:\/\/autothaiduong.vn\/wp-content\/uploads\/2025\/05\/2-2.png 900w, https:\/\/autothaiduong.vn\/wp-content\/uploads\/2025\/05\/2-2-600x360.png 600w, https:\/\/autothaiduong.vn\/wp-content\/uploads\/2025\/05\/2-2-768x461.png 768w\" sizes=\"auto, (max-width: 900px) 100vw, 900px\" \/><\/figure>\n<\/div>\n<div class=\"kh_box_content_video\">\n<div class=\"kh_content_video\">\n<div class=\"kh_box_title\">\n<h2 class=\"kh_title_module\">C\u00d4NG NGH\u1ec6 AI DOUBLE<\/h2>\n<div class=\"kh_subtitle_module\">T\u1eaeT M\u00c1Y GHI H\u00ccNH<\/div>\n<div class=\"kh_des_title\">V\u1edbi kh\u1ea3 n\u0103ng ghi l\u1ea1i h\u00ecnh \u1ea3nh ngay c\u1ea3 khi xe t\u1eaft m\u00e1y qua 4 m\u1eaft camera v\u00e0 \u0111\u01b0\u1ee3c l\u01b0u tr\u1eef v\u00e0o USB, ch\u1ee7 xe c\u00f3 th\u1ec3 thu\u1eadn ti\u1ec7n trong vi\u1ec7c ki\u1ec3m tra l\u1ea1i qu\u00e1 tr\u00ecnh di chuy\u1ec3n hay l\u00fac x\u1ea3y ra va ch\u1ea1m \u0111\u1ec3 bi\u1ebft nguy\u00ean nh\u00e2n xu\u1ea5t ph\u00e1t t\u1eeb \u0111\u00e2u.<\/div>\n<\/div>\n<div class=\"kh_box_btn\">\n<div class=\"kh_btn kh_btn_yellow\"><a title=\"ZT5 360\" href=\"https:\/\/zestech.vn\/san-pham\/man-13inch-vf5-cam-360\" data-fancybox=\"\" target=\"_blank\" rel=\"noopener\">Xem chi ti\u1ebft<\/a><\/div>\n<\/div>\n<\/div>\n<\/div>\n<\/div>\n<\/div>\n<\/section>\n<section class=\"kh_module kh_module_videos kh_module_page_prod even kh_ani\">\n<div class=\"kh_container\">\n<div class=\"kh_flex d-flex\">\n<div class=\"kh_box_video\">\n<figure class=\"kh_video_box video-link\" data-src=\"\"><img loading=\"lazy\" decoding=\"async\" class=\"alignnone size-full wp-image-2745\" src=\"https:\/\/autothaiduong.vn\/wp-content\/uploads\/2025\/05\/ra-lenh-giong-noi-ZT5-1.png\" alt=\"Zestech\" width=\"950\" height=\"515\" srcset=\"https:\/\/autothaiduong.vn\/wp-content\/uploads\/2025\/05\/ra-lenh-giong-noi-ZT5-1.png 950w, https:\/\/autothaiduong.vn\/wp-content\/uploads\/2025\/05\/ra-lenh-giong-noi-ZT5-1-600x325.png 600w, https:\/\/autothaiduong.vn\/wp-content\/uploads\/2025\/05\/ra-lenh-giong-noi-ZT5-1-768x416.png 768w\" sizes=\"auto, (max-width: 950px) 100vw, 950px\" \/><\/figure>\n<\/div>\n<div class=\"kh_box_content_video\">\n<div class=\"kh_content_video\">\n<div class=\"kh_box_title\">\n<h2 class=\"kh_title_module\">Ra l\u1ec7nh gi\u1ecdng n\u00f3i th\u00f4ng minh v\u1edbi tr\u1ee3 l\u00fd Kiki<\/h2>\n<div class=\"kh_subtitle_module\">Nghe hi\u1ec3u gi\u1ecdng n\u00f3i 3 mi\u1ec1n B\u1eafc &#8211; Trung &#8211; Nam<\/div>\n<div class=\"kh_des_title\">ZT5 360 mang t\u1edbi cho ng\u01b0\u1eddi d\u00f9ng tr\u1ea3i nghi\u1ec7m l\u00e1i xe r\u1ea3nh tay r\u1ea3nh m\u1eaft c\u1ef1c k\u1ef3 th\u00f4ng minh ch\u1ec9 b\u1eb1ng gi\u1ecdng n\u00f3i. \u0110\u1eb7c bi\u1ec7t, tr\u1ee3 l\u00fd Kiki c\u00f2n c\u00f3 kh\u1ea3 n\u0103ng nghe &#8211; hi\u1ec3u gi\u1ecdng n\u00f3i 3 mi\u1ec1n B\u1eafc &#8211; Trung &#8211; Nam v\u00e0 ph\u1ea3n h\u1ed3i nhanh ch\u00f3ng v\u1edbi m\u1ecdi c\u00e2u l\u1ec7nh c\u1ee7a b\u1ea1n.<\/div>\n<\/div>\n<div class=\"kh_box_btn\">\n<div class=\"kh_btn kh_btn_yellow\"><a title=\"ZT5 360\" href=\"https:\/\/zestech.vn\/san-pham\/man-13inch-vf5-cam-360\" data-fancybox=\"\" target=\"_blank\" rel=\"noopener\">Xem chi ti\u1ebft<\/a><\/div>\n<\/div>\n<\/div>\n<\/div>\n<\/div>\n<\/div>\n<\/section>\n<section class=\"kh_module kh_module_videos kh_module_page_prod kh_ani\">\n<div class=\"kh_container\">\n<div class=\"kh_flex d-flex\">\n<div class=\"kh_box_video\">\n<figure class=\"kh_video_box video-link\" data-src=\"\"><img loading=\"lazy\" decoding=\"async\" class=\"alignnone size-full wp-image-2746\" src=\"https:\/\/autothaiduong.vn\/wp-content\/uploads\/2025\/05\/5-2.png\" alt=\"Zestech\" width=\"900\" height=\"540\" srcset=\"https:\/\/autothaiduong.vn\/wp-content\/uploads\/2025\/05\/5-2.png 900w, https:\/\/autothaiduong.vn\/wp-content\/uploads\/2025\/05\/5-2-600x360.png 600w, https:\/\/autothaiduong.vn\/wp-content\/uploads\/2025\/05\/5-2-768x461.png 768w\" sizes=\"auto, (max-width: 900px) 100vw, 900px\" \/><\/figure>\n<\/div>\n<div class=\"kh_box_content_video\">\n<div class=\"kh_content_video\">\n<div class=\"kh_box_title\">\n<h2 class=\"kh_title_module\">T\u00cdCH H\u1ee2P \u0110A D\u1ea0NG B\u1ea2N \u0110\u1ed2 D\u1eaaN \u0110\u01af\u1edcNG<\/h2>\n<div class=\"kh_subtitle_module\">CH\u1ec8 \u0110\u01af\u1edcNG TH\u00d4NG MINH, CH\u00cdNH X\u00c1C<\/div>\n<div class=\"kh_des_title\">ZT5 t\u00edch h\u1ee3p \u0111a d\u1ea1ng b\u1ea3n \u0111\u1ed3 d\u1eabn \u0111\u01b0\u1eddng t\u1eeb c\u00e1c nh\u00e0 cung c\u1ea5p uy t\u00edn h\u00e0ng \u0111\u1ea7u. \u0110\u1eb7c bi\u1ec7t \u1ee9ng d\u1ee5ng c\u00f4ng ngh\u1ec7 t\u1ef1 \u0111\u1ed9ng c\u1eadp nh\u1eadp tuy\u1ebfn \u0111\u01b0\u1eddng theo th\u1eddi gian th\u1ef1c c\u00f9ng h\u1ed7 tr\u1ee3 t\u00ecm \u0111\u01b0\u1eddng nhanh ch\u00f3ng b\u1eb1ng gi\u1ecdng n\u00f3i v\u00f4 c\u00f9ng ch\u00ednh x\u00e1c. B\u1ea1n ch\u1ec9 c\u1ea7n n\u00f3i ra \u0111i\u1ec3m \u0111\u1ebfn mong mu\u1ed1n, v\u00e0 m\u00e0n h\u00ecnh s\u1ebd hi\u1ec3n th\u1ecb cho b\u1ea1n l\u1ed9 tr\u00ecnh t\u1ed1i \u01b0u nh\u1ea5t, c\u00f9ng v\u1edbi c\u00e1c th\u00f4ng tin h\u1eefu \u00edch nh\u01b0 kho\u1ea3ng c\u00e1ch, th\u1eddi gian, t\u00ecnh tr\u1ea1ng giao th\u00f4ng,&#8230;<\/div>\n<\/div>\n<div class=\"kh_box_btn\">\n<div class=\"kh_btn kh_btn_yellow\"><a title=\"ZT5 360\" href=\"https:\/\/zestech.vn\/san-pham\/man-13inch-vf5-cam-360\" data-fancybox=\"\" target=\"_blank\" rel=\"noopener\">Xem chi ti\u1ebft<\/a><\/div>\n<\/div>\n<\/div>\n<\/div>\n<\/div>\n<\/div>\n<\/section>\n<section class=\"kh_module kh_module_videos kh_module_page_prod even kh_ani\">\n<div class=\"kh_container\">\n<div class=\"kh_flex d-flex\">\n<div class=\"kh_box_video\">\n<figure class=\"kh_video_box video-link\" data-src=\"\"><img loading=\"lazy\" decoding=\"async\" class=\"alignnone size-full wp-image-2747\" src=\"https:\/\/autothaiduong.vn\/wp-content\/uploads\/2025\/05\/3-3.png\" alt=\"Zestech\" width=\"900\" height=\"540\" srcset=\"https:\/\/autothaiduong.vn\/wp-content\/uploads\/2025\/05\/3-3.png 900w, https:\/\/autothaiduong.vn\/wp-content\/uploads\/2025\/05\/3-3-600x360.png 600w, https:\/\/autothaiduong.vn\/wp-content\/uploads\/2025\/05\/3-3-768x461.png 768w\" sizes=\"auto, (max-width: 900px) 100vw, 900px\" \/><\/figure>\n<\/div>\n<div class=\"kh_box_content_video\">\n<div class=\"kh_content_video\">\n<div class=\"kh_box_title\">\n<h2 class=\"kh_title_module\">T\u1eadn h\u01b0\u1edfng kho gi\u1ea3i tr\u00ed b\u1ea5t t\u1eadn<\/h2>\n<div class=\"kh_des_title\">\n<p>S\u1edf h\u1eefu m\u00e0n h\u00ecnh c\u1ea3m \u1ee9ng 13 inch hi\u1ec7n \u0111\u1ea1i, \u0111\u1ed9 ph\u00e2n gi\u1ea3i 2K mang l\u1ea1i g\u00f3c nh\u00ecn s\u1eafc n\u00e9t. \u0110\u1eb7c bi\u1ec7t, m\u00e0n h\u00ecnh ZT5 360 c\u00f2n \u0111\u01b0\u1ee3c trang b\u1ecb \u00e2m thanh DSP 16 k\u00eanh v\u1edbi 32 gi\u1ea3i t\u1ea7n mang \u0111\u1ebfn tr\u1ea3i nghi\u1ec7m \u00e2m thanh s\u1ed1ng \u0111\u1ed9ng.<\/p>\n<p>T\u00edch h\u1ee3p sim 4G cho ph\u00e9p k\u1ebft n\u1ed1i internet d\u1ec5 d\u00e0ng, gi\u00fap c\u00e1c \u1ee9ng d\u1ee5ng gi\u1ea3i tr\u00ed ho\u1ea1t \u0111\u1ed9ng m\u01b0\u1ee3t m\u00e0 nh\u1ea5t. Kh\u00f4ng kh\u00e1c g\u00ec m\u1ed9t chi\u1ebfc m\u00e1y t\u00ednh b\u1ea3ng, m\u00e0n h\u00ecnh ZT5 360 c\u00f3 th\u1ec3 \u0111\u00e1p \u1ee9ng m\u1ecdi nhu c\u1ea7u gi\u1ea3i tr\u00ed c\u1ee7a ch\u1ee7 xe: xem phim, nghe nh\u1ea1c, l\u01b0\u1edbt web, t\u1ea3i \u1ee9ng d\u1ee5ng d\u1ec5 d\u00e0ng t\u1eeb CH Play,\u2026<\/p>\n<\/div>\n<\/div>\n<div class=\"kh_box_btn\">\n<div class=\"kh_btn kh_btn_yellow\"><a title=\"ZT5 360\" href=\"https:\/\/zestech.vn\/san-pham\/man-13inch-vf5-cam-360\" data-fancybox=\"\" target=\"_blank\" rel=\"noopener\">Xem chi ti\u1ebft<\/a><\/div>\n<\/div>\n<\/div>\n<\/div>\n<\/div>\n<\/div>\n<\/section>\n<section class=\"kh_module kh_module_videos kh_module_page_prod kh_ani\">\n<div class=\"kh_container\">\n<div class=\"kh_flex d-flex\">\n<div class=\"kh_box_video\">\n<figure class=\"kh_video_box video-link\" data-src=\"\"><img loading=\"lazy\" decoding=\"async\" class=\"alignnone size-full wp-image-2748\" src=\"https:\/\/autothaiduong.vn\/wp-content\/uploads\/2025\/05\/dinh-vi-xe-tu-xa-ZT5-1.png\" alt=\"Zestech\" width=\"950\" height=\"515\" srcset=\"https:\/\/autothaiduong.vn\/wp-content\/uploads\/2025\/05\/dinh-vi-xe-tu-xa-ZT5-1.png 950w, https:\/\/autothaiduong.vn\/wp-content\/uploads\/2025\/05\/dinh-vi-xe-tu-xa-ZT5-1-600x325.png 600w, https:\/\/autothaiduong.vn\/wp-content\/uploads\/2025\/05\/dinh-vi-xe-tu-xa-ZT5-1-768x416.png 768w\" sizes=\"auto, (max-width: 950px) 100vw, 950px\" \/><\/figure>\n<\/div>\n<div class=\"kh_box_content_video\">\n<div class=\"kh_content_video\">\n<div class=\"kh_box_title\">\n<h2 class=\"kh_title_module\">Qu\u1ea3n l\u00fd \u0111\u1ecbnh v\u1ecb xe t\u1eeb xa<\/h2>\n<div class=\"kh_des_title\">M\u00e0n h\u00ecnh Zestech ZT5 360 c\u00f3 th\u1ec3 \u0111\u1ecbnh v\u1ecb ch\u00ednh x\u00e1c \u0111\u01b0\u1ee3c v\u1ecb tr\u00ed c\u1ee7a xe b\u1ea1n tr\u00ean \u0111i\u1ec7n tho\u1ea1i th\u00f4ng qua \u1ee9ng d\u1ee5ng c\u00f3 t\u00ean \u201cZestech Tracking\u201d. B\u1ea1n c\u00f3 th\u1ec3 xem l\u1ea1i l\u1ecbch tr\u00ecnh di chuy\u1ec3n c\u1ee7a xe trong v\u00f2ng 365 ng\u00e0y, nh\u1edd v\u00e0o b\u1ed9 nh\u1edb th\u00f4ng minh c\u00f3 th\u1ec3 l\u01b0u tr\u1eef d\u1eef li\u1ec7u c\u1ef1c &#8220;kh\u1ee7ng&#8221;.<\/div>\n<\/div>\n<div class=\"kh_box_btn\">\n<div class=\"kh_btn kh_btn_yellow\"><a title=\"ZT5 360\" href=\"https:\/\/zestech.vn\/san-pham\/man-13inch-vf5-cam-360\" data-fancybox=\"\" target=\"_blank\" rel=\"noopener\">Xem chi ti\u1ebft<\/a><\/div>\n<\/div>\n<\/div>\n<\/div>\n<\/div>\n<\/div>\n<\/section>\n<section class=\"kh_module kh_module_videos kh_module_page_prod even kh_ani\">\n<div class=\"kh_container\">\n<div class=\"kh_flex d-flex\">\n<div class=\"kh_box_video\">\n<figure class=\"kh_video_box video-link\" data-src=\"\"><img loading=\"lazy\" decoding=\"async\" class=\"alignnone size-full wp-image-2749\" src=\"https:\/\/autothaiduong.vn\/wp-content\/uploads\/2025\/05\/1-2.png\" alt=\"Zestech\" width=\"900\" height=\"540\" srcset=\"https:\/\/autothaiduong.vn\/wp-content\/uploads\/2025\/05\/1-2.png 900w, https:\/\/autothaiduong.vn\/wp-content\/uploads\/2025\/05\/1-2-600x360.png 600w, https:\/\/autothaiduong.vn\/wp-content\/uploads\/2025\/05\/1-2-768x461.png 768w\" sizes=\"auto, (max-width: 900px) 100vw, 900px\" \/><\/figure>\n<\/div>\n<div class=\"kh_box_content_video\">\n<div class=\"kh_content_video\">\n<div class=\"kh_box_title\">\n<h2 class=\"kh_title_module\">Ch\u1ea1y \u0111a nhi\u1ec7m \u1ee9ng d\u1ee5ng<\/h2>\n<div class=\"kh_des_title\">B\u1ea1n ho\u00e0n to\u00e0n c\u00f3 th\u1ec3 v\u1eeba xem ch\u1ec9 \u0111\u01b0\u1eddng qua \u1ee9ng d\u1ee5ng b\u1ea3n \u0111\u1ed3 v\u1eeba c\u00f3 th\u1ec3 youtube c\u00f9ng l\u00fac tr\u00ean m\u00e0n h\u00ecnh Zestech ZT5 360. T\u00ednh n\u0103ng chia \u0111\u00f4i m\u00e0n h\u00ecnh mang t\u1edbi tr\u1ea3i nghi\u1ec7m \u0111a nhi\u1ec7m c\u1ef1c k\u1ef3 th\u00fa v\u1ecb cho ng\u01b0\u1eddi d\u00f9ng.<\/div>\n<\/div>\n<div class=\"kh_box_btn\">\n<div class=\"kh_btn kh_btn_yellow\"><a title=\"ZT5 360\" href=\"https:\/\/zestech.vn\/san-pham\/man-13inch-vf5-cam-360\" data-fancybox=\"\" target=\"_blank\" rel=\"noopener\">Xem chi ti\u1ebft<\/a><\/div>\n<\/div>\n<\/div>\n<\/div>\n<\/div>\n<\/div>\n<\/section>\n<\/div>\n<\/div>\n<\/div>\n<\/div>\n<\/div>\n","protected":false},"excerpt":{"rendered":"<p><em><strong>Auto Th\u00e1i D\u01b0\u01a1ng- \u0110\u1ea1i L\u00ed Ch\u00ednh H\u00e3ng Zestech T\u1ea1i TP.B\u1ea3o L\u1ed9c<\/strong><\/em><\/p>\n<p><em><strong>273-275 Tr\u1ea7n Ph\u00fa Ph\u01b0\u1eddng L\u1ed9c S\u01a1n Th\u00e0nh Ph\u1ed1 B\u1ea3o L\u1ed9c T\u1ec9nh L\u00e2m \u0110\u1ed3ng<\/strong><\/em><\/p>\n<p><em><strong> Hotline: 0912197441<\/strong><\/em><\/p>\n","protected":false},"featured_media":2735,"comment_status":"open","ping_status":"closed","template":"","meta":[],"product_brand":[81],"product_cat":[17,70,165],"product_tag":[],"class_list":{"0":"post-2734","1":"product","2":"type-product","3":"status-publish","4":"has-post-thumbnail","6":"product_brand-zestech","7":"product_cat-dvd-android-box","8":"product_cat-man-hinh-android","9":"product_cat-phu-kien-cho-xe-dien","11":"first","12":"instock","13":"shipping-taxable","14":"purchasable","15":"product-type-simple"},"_links":{"self":[{"href":"https:\/\/autothaiduong.vn\/index.php?rest_route=\/wp\/v2\/product\/2734","targetHints":{"allow":["GET"]}}],"collection":[{"href":"https:\/\/autothaiduong.vn\/index.php?rest_route=\/wp\/v2\/product"}],"about":[{"href":"https:\/\/autothaiduong.vn\/index.php?rest_route=\/wp\/v2\/types\/product"}],"replies":[{"embeddable":true,"href":"https:\/\/autothaiduong.vn\/index.php?rest_route=%2Fwp%2Fv2%2Fcomments&post=2734"}],"wp:featuredmedia":[{"embeddable":true,"href":"https:\/\/autothaiduong.vn\/index.php?rest_route=\/wp\/v2\/media\/2735"}],"wp:attachment":[{"href":"https:\/\/autothaiduong.vn\/index.php?rest_route=%2Fwp%2Fv2%2Fmedia&parent=2734"}],"wp:term":[{"taxonomy":"product_brand","embeddable":true,"href":"https:\/\/autothaiduong.vn\/index.php?rest_route=%2Fwp%2Fv2%2Fproduct_brand&post=2734"},{"taxonomy":"product_cat","embeddable":true,"href":"https:\/\/autothaiduong.vn\/index.php?rest_route=%2Fwp%2Fv2%2Fproduct_cat&post=2734"},{"taxonomy":"product_tag","embeddable":true,"href":"https:\/\/autothaiduong.vn\/index.php?rest_route=%2Fwp%2Fv2%2Fproduct_tag&post=2734"}],"curies":[{"name":"wp","href":"https:\/\/api.w.org\/{rel}","templated":true}]}}