{"id":2775,"date":"2025-05-21T14:01:29","date_gmt":"2025-05-21T14:01:29","guid":{"rendered":"https:\/\/autothaiduong.vn\/?post_type=product&#038;p=2775"},"modified":"2025-05-21T14:04:24","modified_gmt":"2025-05-21T14:04:24","slug":"bong-led-s3-pro","status":"publish","type":"product","link":"https:\/\/autothaiduong.vn\/?product=bong-led-s3-pro","title":{"rendered":"B\u00d3NG LED S3 PRO"},"content":{"rendered":"<p><img loading=\"lazy\" decoding=\"async\" class=\" wp-image-2492 aligncenter\" src=\"https:\/\/autothaiduong.vn\/wp-content\/uploads\/2025\/05\/z6584734442481_f208f5944548cb4b46353402ce2e64e0-4.jpg\" alt=\"\" width=\"285\" height=\"252\" \/><\/p>\n<p style=\"text-align: center;\"><strong><span style=\"font-size: 140%; color: #ff0000;\">273-275 Tr\u1ea7n Ph\u00fa Ph\u01b0\u1eddng L\u1ed9c S\u01a1n Th\u00e0nh Ph\u1ed1 B\u1ea3o L\u1ed9c T\u1ec9nh L\u00e2m \u0110\u1ed3ng<\/span><\/strong><\/p>\n<p style=\"text-align: center;\"><strong><span style=\"font-size: 140%; color: #ff0000;\">Hotline: 0912197441<\/span><\/strong><\/p>\n<p><img loading=\"lazy\" decoding=\"async\" class=\"alignnone size-full wp-image-2783\" title=\"B\u00d3NG LED S3 PRO\" src=\"https:\/\/autothaiduong.vn\/wp-content\/uploads\/2025\/05\/s3-pro-cong-nghe.jpg\" alt=\"B\u00d3NG LED S3 PRO\" width=\"1280\" height=\"960\" srcset=\"https:\/\/autothaiduong.vn\/wp-content\/uploads\/2025\/05\/s3-pro-cong-nghe.jpg 1280w, https:\/\/autothaiduong.vn\/wp-content\/uploads\/2025\/05\/s3-pro-cong-nghe-600x450.jpg 600w, https:\/\/autothaiduong.vn\/wp-content\/uploads\/2025\/05\/s3-pro-cong-nghe-1024x768.jpg 1024w, https:\/\/autothaiduong.vn\/wp-content\/uploads\/2025\/05\/s3-pro-cong-nghe-768x576.jpg 768w\" sizes=\"auto, (max-width: 1280px) 100vw, 1280px\" \/><\/p>\n<p>Naoevo l\u00e0 nh\u00e0 s\u1ea3n xu\u1ea5t v\u00e0 cung c\u1ea5p b\u00f3ng \u0111\u00e8n pha Led \u00f4 t\u00f4 h\u00e0ng \u0111\u1ea7u trong 18 n\u0103m qua. Th\u01b0\u01a1ng hi\u1ec7u t\u0103ng s\u00e1ng qu\u1ed1c t\u1ebf n\u00e0y \u0111\u00e3 c\u00f3 m\u1eb7t h\u01a1n 50 qu\u1ed1c gia tr\u00ean to\u00e0n c\u1ea7u, lu\u00f4n \u0111\u01b0\u1ee3c \u0111\u00f4ng \u0111\u1ea3o kh\u00e1ch h\u00e0ng tin y\u00eau v\u00e0 l\u1ef1a ch\u1ecdn.<\/p>\n<p>M\u1edbi \u0111\u00e2y, Naoevo ra m\u1eaft d\u00f2ng s\u1ea3n ph\u1ea9m \u201cNgon &#8211; B\u1ed5 &#8211; R\u1ebb\u201d mang t\u00ean B\u00f3ng Led Naoevo S3 Pro. B\u00f3ng led n\u00e0y \u0111\u01b0\u1ee3c thi\u1ebft k\u1ebf nh\u1ecf g\u1ecdn v\u00e0 t\u00edch h\u1ee3p nhi\u1ec1u t\u00ednh n\u0103ng hi\u1ec7n \u0111\u1ea1i, n\u1ed5i b\u1eadt v\u1edbi kh\u1ea3 n\u0103ng Canbus gi\u1ea3i m\u00e3 t\u00edch h\u1ee3p. \u0110\u00e2y l\u00e0 m\u1ed9t b\u1ed9 gi\u1ea3i m\u00e3 th\u00f4ng tin t\u1eeb c\u00e1c c\u1ea3m bi\u1ebfn c\u1ee7a xe, gi\u00fap qu\u1ea3n l\u00fd v\u00e0 \u0111i\u1ec1u khi\u1ec3n ho\u1ea1t \u0111\u1ed9ng c\u1ee7a c\u00e1c thi\u1ebft b\u1ecb tr\u00ean xe. Naoevo S3 Pro t\u01b0\u01a1ng th\u00edch v\u1edbi nhi\u1ec1u lo\u1ea1i xe nh\u01b0 xe \u0110\u1ee9c, xe H\u00e0n, xe Nh\u1eadt, xe M\u1ef9\u2026v\u1ed1n y\u00eau c\u1ea7u gi\u1ea3i m\u00e3. S\u1ea3n ph\u1ea9m n\u00e0y h\u1ee9a h\u1eb9n s\u1ebd t\u1ea1o n\u00ean c\u01a1n s\u1ed1t tr\u00ean th\u1ecb tr\u01b0\u1eddng trong th\u1eddi gian t\u1edbi.<\/p>\n<p>&nbsp;<\/p>\n<h2><a id=\"1-h-nh--nh--nh-s-ng-th--c-t--c--a-naoevo-s3-pro\" class=\"toc-a-tag\"><\/a>1. H\u00ccNH \u1ea2NH \u00c1NH S\u00c1NG TH\u1ef0C T\u1ebe C\u1ee6A NAOEVO S3 PRO<\/h2>\n<p><img loading=\"lazy\" decoding=\"async\" class=\"alignnone size-full wp-image-2784\" src=\"https:\/\/autothaiduong.vn\/wp-content\/uploads\/2025\/05\/7-3.jpg\" alt=\"\" width=\"1280\" height=\"1280\" srcset=\"https:\/\/autothaiduong.vn\/wp-content\/uploads\/2025\/05\/7-3.jpg 1280w, https:\/\/autothaiduong.vn\/wp-content\/uploads\/2025\/05\/7-3-600x600.jpg 600w, https:\/\/autothaiduong.vn\/wp-content\/uploads\/2025\/05\/7-3-1024x1024.jpg 1024w, https:\/\/autothaiduong.vn\/wp-content\/uploads\/2025\/05\/7-3-300x300.jpg 300w, https:\/\/autothaiduong.vn\/wp-content\/uploads\/2025\/05\/7-3-768x768.jpg 768w, https:\/\/autothaiduong.vn\/wp-content\/uploads\/2025\/05\/7-3-100x100.jpg 100w, https:\/\/autothaiduong.vn\/wp-content\/uploads\/2025\/05\/7-3-50x50.jpg 50w\" sizes=\"auto, (max-width: 1280px) 100vw, 1280px\" \/><\/p>\n<p>H\u00ecnh \u1ea3nh \u00e1nh s\u00e1ng th\u1ef1c t\u1ebf Cos\/Pha c\u1ee7a Naoevo S3 Pro<\/p>\n<p>&nbsp;<\/p>\n<h2><a id=\"2----c--i--m-n--i-b--t-c--a-naoevo-s3-pro\" class=\"toc-a-tag\"><\/a>2. \u0110\u1eb6C \u0110I\u1ec2M N\u1ed4I B\u1eacT C\u1ee6A NAOEVO S3 PRO<\/h2>\n<h3><a id=\"2-1-ki--u-d-ng-nh--g--n-l--p-r-p-nhanh-ch-ng-v----n-gi--n\" class=\"toc-a-tag\"><\/a>2.1 Ki\u1ec3u d\u00e1ng nh\u1ecf g\u1ecdn, l\u1eafp r\u00e1p nhanh ch\u00f3ng v\u00e0 \u0111\u01a1n gi\u1ea3n<\/h3>\n<p>Naoevo S3 Pro c\u00f3 body c\u1ef1c k\u1ef3 nh\u1ecf g\u1ecdn, thi\u1ebft k\u1ebf t\u00edch h\u1ee3p c\u1ee7a n\u00f3 gi\u00fap vi\u1ec7c l\u1eafp \u0111\u1eb7t d\u1ec5 d\u00e0ng h\u01a1n. Th\u00f4ng th\u01b0\u1eddng, nh\u1eefng b\u00f3ng \u0111\u00e8n n\u00e0y t\u01b0\u01a1ng th\u00edch v\u1edbi 99% \u00f4 t\u00f4 v\u00e0 c\u00f3 th\u1ec3 d\u1ec5 d\u00e0ng l\u1eafp \u0111\u1eb7t. S\u1ea3n ph\u1ea9m c\u1ef1c k\u1ef3 ph\u00f9 h\u1ee3p v\u1edbi c\u1ea3 xe m\u00e1y c\u0169ng nh\u01b0 \u00f4 t\u00f4, trang b\u1ecb l\u00ean ch\u00f3a \u0111\u00e8n c\u1ef1c k\u1ef3 \u0111\u01a1n gi\u1ea3n, g\u1eafn v\u00e0o l\u00e0 s\u00e1ng kh\u00f4ng t\u1ed1n nhi\u1ec1u th\u1eddi gian.<\/p>\n<p><img loading=\"lazy\" decoding=\"async\" class=\"alignnone size-full wp-image-2785\" src=\"https:\/\/autothaiduong.vn\/wp-content\/uploads\/2025\/05\/3-1-3.jpg\" alt=\"\" width=\"1280\" height=\"1280\" srcset=\"https:\/\/autothaiduong.vn\/wp-content\/uploads\/2025\/05\/3-1-3.jpg 1280w, https:\/\/autothaiduong.vn\/wp-content\/uploads\/2025\/05\/3-1-3-600x600.jpg 600w, https:\/\/autothaiduong.vn\/wp-content\/uploads\/2025\/05\/3-1-3-1024x1024.jpg 1024w, https:\/\/autothaiduong.vn\/wp-content\/uploads\/2025\/05\/3-1-3-300x300.jpg 300w, https:\/\/autothaiduong.vn\/wp-content\/uploads\/2025\/05\/3-1-3-768x768.jpg 768w, https:\/\/autothaiduong.vn\/wp-content\/uploads\/2025\/05\/3-1-3-100x100.jpg 100w, https:\/\/autothaiduong.vn\/wp-content\/uploads\/2025\/05\/3-1-3-50x50.jpg 50w\" sizes=\"auto, (max-width: 1280px) 100vw, 1280px\" \/><\/p>\n<h3><a id=\"2-2-t-nh-n-ng-canbus-gi--i-m--t-ch-h--p\" class=\"toc-a-tag\"><\/a>2.2 T\u00ednh n\u0103ng Canbus gi\u1ea3i m\u00e3 t\u00edch h\u1ee3p<\/h3>\n<p>M\u1ed9t \u0111i\u1ec3m n\u1ed5i b\u1eadt c\u1ee7a B\u00f3ng Led Naoevo S3 Pro l\u00e0 t\u00ednh n\u0103ng Canbus gi\u1ea3i m\u00e3 t\u00edch h\u1ee3p. T\u00ednh n\u0103ng n\u00e0y ho\u1ea1t \u0111\u1ed9ng nh\u01b0 m\u1ed9t b\u1ed9 gi\u1ea3i m\u00e3 c\u00e1c th\u00f4ng tin t\u1eeb c\u00e1c b\u1ed9 ph\u1eadn c\u1ea3m bi\u1ebfn c\u1ee7a \u0111\u00e8n xe, gi\u00fap qu\u1ea3n l\u00fd v\u00e0 \u0111i\u1ec1u khi\u1ec3n ho\u1ea1t \u0111\u1ed9ng c\u1ee7a b\u00f3ng led m\u1ed9t c\u00e1ch hi\u1ec7u qu\u1ea3 nh\u1ea5t. Vi\u1ec7c n\u00e0y gi\u00fap Naoevo S3 Pro t\u01b0\u01a1ng th\u00edch v\u1edbi nhi\u1ec1u lo\u1ea1i xe, \u0111\u1ea3m b\u1ea3o hi\u1ec7u su\u1ea5t ho\u1ea1t \u0111\u1ed9ng \u1ed5n \u0111\u1ecbnh v\u00e0 hi\u1ec7u qu\u1ea3.<\/p>\n<p><img loading=\"lazy\" decoding=\"async\" class=\"alignnone size-full wp-image-2786\" src=\"https:\/\/autothaiduong.vn\/wp-content\/uploads\/2025\/05\/4-14.jpg\" alt=\"\" width=\"1280\" height=\"1280\" srcset=\"https:\/\/autothaiduong.vn\/wp-content\/uploads\/2025\/05\/4-14.jpg 1280w, https:\/\/autothaiduong.vn\/wp-content\/uploads\/2025\/05\/4-14-600x600.jpg 600w, https:\/\/autothaiduong.vn\/wp-content\/uploads\/2025\/05\/4-14-1024x1024.jpg 1024w, https:\/\/autothaiduong.vn\/wp-content\/uploads\/2025\/05\/4-14-300x300.jpg 300w, https:\/\/autothaiduong.vn\/wp-content\/uploads\/2025\/05\/4-14-768x768.jpg 768w, https:\/\/autothaiduong.vn\/wp-content\/uploads\/2025\/05\/4-14-100x100.jpg 100w, https:\/\/autothaiduong.vn\/wp-content\/uploads\/2025\/05\/4-14-50x50.jpg 50w\" sizes=\"auto, (max-width: 1280px) 100vw, 1280px\" \/><\/p>\n<h3><a id=\"2-3-hi--u-su--t-cao\" class=\"toc-a-tag\"><\/a>2.3 Hi\u1ec7u su\u1ea5t cao<\/h3>\n<p>Naoevo S3 Pro c\u00f3 c\u00f4ng su\u1ea5t l\u00ean \u0111\u1ebfn 45W\/b\u00f3ng, Lumen 5000LM\/b\u00f3ng. Ngo\u00e0i ra, \u0111\u00e8n c\u00f2n s\u1eed d\u1ee5ng Chip Led cao c\u1ea5p, gi\u00fap t\u0103ng hi\u1ec7u qu\u1ea3 t\u1ea3n nhi\u1ec7t v\u00e0 hi\u1ec7u su\u1ea5t \u00e1nh s\u00e1ng.<\/p>\n<p>Nhi\u1ec7t m\u00e0u 5800K, mang l\u1ea1i \u00e1nh s\u00e1ng tr\u1eafng g\u1ea7n nh\u01b0 ban ng\u00e0y, cung c\u1ea5p t\u1ea7m nh\u00ecn r\u00f5 r\u00e0ng h\u01a1n so v\u1edbi b\u00f3ng \u0111\u00e8n halogen th\u00f4ng th\u01b0\u1eddng m\u00e0 kh\u00f4ng g\u00e2y \u1ea3nh h\u01b0\u1edfng \u0111\u1ebfn c\u00e1c xe \u0111\u1ed1i di\u1ec7n, t\u1ea1o ra m\u00f4i tr\u01b0\u1eddng l\u00e1i xe v\u0103n minh. V\u1edbi \u00e1nh s\u00e1ng trung t\u00e2m r\u00f5 r\u00e0ng, kh\u00f4ng c\u00f3 v\u00f9ng t\u1ed1i, Naoevo S3 Pro l\u00e0 s\u1ea3n ph\u1ea9m ho\u00e0n h\u1ea3o \u0111\u1ec3 thay th\u1ebf b\u00f3ng \u0111\u00e8n halogen ho\u1eb7c HID c\u1ee7a b\u1ea1n.<\/p>\n<h3><a id=\"2-4-h--th--ng-t--n-nhi--t-cao-c--p\" class=\"toc-a-tag\"><\/a>2.4 H\u1ec7 th\u1ed1ng t\u1ea3n nhi\u1ec7t cao c\u1ea5p<\/h3>\n<p>H\u1ec7 th\u1ed1ng t\u1ea3n nhi\u1ec7t tr\u00ean b\u00f3ng led l\u00e0 m\u1ed9t y\u1ebfu t\u1ed1 quan tr\u1ecdng m\u00e0 kh\u00e1ch h\u00e0ng r\u1ea5t quan t\u00e2m, v\u00ec hi\u1ec7u su\u1ea5t qu\u1ea3n l\u00fd nhi\u1ec7t k\u00e9m s\u1ebd l\u00e0m b\u00f3ng d\u1ec5 h\u01b0 h\u1ecfng. Naoevo S3 Pro c\u00f3 h\u1ec7 th\u1ed1ng t\u1ea3n nhi\u1ec7t t\u1ed1i \u01b0u v\u1edbi b\u1ed9 t\u1ea3n nhi\u1ec7t b\u1eb1ng nh\u00f4m k\u1ebft h\u1ee3p qu\u1ea1t hi\u1ec7u n\u0103ng cao c\u00f3 t\u1ed1c \u0111\u1ed9 7000 v\u00f2ng\/ph\u00fat, gi\u00fap t\u1ea3n nhi\u1ec7t c\u1ef1c nhanh. Vi\u1ec7c t\u00edch h\u1ee3p c\u1ea3m bi\u1ebfn nhi\u1ec7t c\u00f2n gi\u00fap s\u1ea3n ph\u1ea9m b\u1ec1n h\u01a1n r\u1ea5t nhi\u1ec1u, t\u0103ng tu\u1ed5i th\u1ecd l\u00ean \u0111\u1ebfn 30000 gi\u1edd.<\/p>\n<p><img loading=\"lazy\" decoding=\"async\" class=\"alignnone size-full wp-image-2787\" src=\"https:\/\/autothaiduong.vn\/wp-content\/uploads\/2025\/05\/5-3.jpg\" alt=\"\" width=\"1280\" height=\"1280\" srcset=\"https:\/\/autothaiduong.vn\/wp-content\/uploads\/2025\/05\/5-3.jpg 1280w, https:\/\/autothaiduong.vn\/wp-content\/uploads\/2025\/05\/5-3-600x600.jpg 600w, https:\/\/autothaiduong.vn\/wp-content\/uploads\/2025\/05\/5-3-1024x1024.jpg 1024w, https:\/\/autothaiduong.vn\/wp-content\/uploads\/2025\/05\/5-3-300x300.jpg 300w, https:\/\/autothaiduong.vn\/wp-content\/uploads\/2025\/05\/5-3-768x768.jpg 768w, https:\/\/autothaiduong.vn\/wp-content\/uploads\/2025\/05\/5-3-100x100.jpg 100w, https:\/\/autothaiduong.vn\/wp-content\/uploads\/2025\/05\/5-3-50x50.jpg 50w\" sizes=\"auto, (max-width: 1280px) 100vw, 1280px\" \/><\/p>\n<h3><a id=\"2-5-tu--ch--n-ch-n---n----l--p-v--a-v--n-tr-n-nhi--u-m--u-xe-kh-c-nhau\" class=\"toc-a-tag\"><\/a>2.5 Tu\u1ef3 ch\u1ecdn ch\u00e2n \u0111\u00e8n \u0111\u1ec3 l\u1eafp v\u1eeba v\u1eb7n tr\u00ean nhi\u1ec1u m\u1eabu xe kh\u00e1c nhau<\/h3>\n<p>Naoevo S3 Pro cung c\u1ea5p nhi\u1ec1u l\u1ef1a ch\u1ecdn ch\u00e2n \u0111\u00e8n kh\u00e1c nhau nh\u01b0 9005\/9006\/9012, H1, H11, H4, H7, \u0111\u1ea3m b\u1ea3o l\u1eafp r\u00e1p v\u1eeba v\u1eb7n tr\u00ean nhi\u1ec1u m\u1eabu xe h\u01a1i kh\u00e1c nhau.<\/p>\n<p><img loading=\"lazy\" decoding=\"async\" class=\"alignnone size-full wp-image-2788\" src=\"https:\/\/autothaiduong.vn\/wp-content\/uploads\/2025\/05\/2-9.jpg\" alt=\"\" width=\"1280\" height=\"1280\" srcset=\"https:\/\/autothaiduong.vn\/wp-content\/uploads\/2025\/05\/2-9.jpg 1280w, https:\/\/autothaiduong.vn\/wp-content\/uploads\/2025\/05\/2-9-600x600.jpg 600w, https:\/\/autothaiduong.vn\/wp-content\/uploads\/2025\/05\/2-9-1024x1024.jpg 1024w, https:\/\/autothaiduong.vn\/wp-content\/uploads\/2025\/05\/2-9-300x300.jpg 300w, https:\/\/autothaiduong.vn\/wp-content\/uploads\/2025\/05\/2-9-768x768.jpg 768w, https:\/\/autothaiduong.vn\/wp-content\/uploads\/2025\/05\/2-9-100x100.jpg 100w, https:\/\/autothaiduong.vn\/wp-content\/uploads\/2025\/05\/2-9-50x50.jpg 50w\" sizes=\"auto, (max-width: 1280px) 100vw, 1280px\" \/><\/p>\n","protected":false},"excerpt":{"rendered":"<p><em><strong>Auto Th\u00e1i D\u01b0\u01a1ng- \u0110\u1ea1i L\u00ed Ch\u00ednh H\u00e3ng NaoEvo T\u1ea1i TP.B\u1ea3o L\u1ed9c<\/strong><\/em><\/p>\n<p><em><strong>273-275 Tr\u1ea7n Ph\u00fa Ph\u01b0\u1eddng L\u1ed9c S\u01a1n Th\u00e0nh Ph\u1ed1 B\u1ea3o L\u1ed9c T\u1ec9nh L\u00e2m \u0110\u1ed3ng <\/strong><\/em><\/p>\n<p><em><strong>Hotline: 0912197441<\/strong><\/em><\/p>\n<h2>Th\u00f4ng s\u1ed1 k\u1ef9 thu\u1eadt B\u00d3NG LED S3 PRO<\/h2>\n<table>\n<tbody>\n<tr>\n<td class=\"lileft\">Ch\u00e2n b\u00f3ng \u0111\u00e8n:<\/td>\n<td class=\"liright\">H1, H4, H7, H11, 9005, 9006, 9012<\/td>\n<\/tr>\n<tr>\n<td class=\"lileft\">C\u00f4ng su\u1ea5t:<\/td>\n<td class=\"liright\">45w<\/td>\n<\/tr>\n<tr>\n<td class=\"lileft\">B\u1ea3o h\u00e0nh:<\/td>\n<td class=\"liright\">24 Th\u00e1ng<\/td>\n<\/tr>\n<tr>\n<td class=\"lileft\">Nhi\u1ec7t m\u00e0u:<\/td>\n<td class=\"liright\">5800K<\/td>\n<\/tr>\n<tr>\n<td class=\"lileft\">Tu\u1ed5i th\u1ecd:<\/td>\n<td class=\"liright\">30.000 Gi\u1edd<\/td>\n<\/tr>\n<tr>\n<td class=\"lileft\">Voltage:<\/td>\n<td class=\"liright\">9-16V<\/td>\n<\/tr>\n<tr>\n<td class=\"lileft\">V\u1eadt li\u1ec7u t\u1ea3n nhi\u1ec7t:<\/td>\n<td class=\"liright\">\u0110\u1ed3ng<\/td>\n<\/tr>\n<tr>\n<td class=\"lileft\">N\u0103m s\u1ea3n xu\u1ea5t:<\/td>\n<td class=\"liright\">2024<\/td>\n<\/tr>\n<\/tbody>\n<\/table>\n","protected":false},"featured_media":2782,"comment_status":"open","ping_status":"closed","template":"","meta":[],"product_brand":[172],"product_cat":[25,16],"product_tag":[],"class_list":{"0":"post-2775","1":"product","2":"type-product","3":"status-publish","4":"has-post-thumbnail","6":"product_brand-naoevo","7":"product_cat-bong-led","8":"product_cat-anh-sang","10":"first","11":"instock","12":"shipping-taxable","13":"purchasable","14":"product-type-variable"},"_links":{"self":[{"href":"https:\/\/autothaiduong.vn\/index.php?rest_route=\/wp\/v2\/product\/2775","targetHints":{"allow":["GET"]}}],"collection":[{"href":"https:\/\/autothaiduong.vn\/index.php?rest_route=\/wp\/v2\/product"}],"about":[{"href":"https:\/\/autothaiduong.vn\/index.php?rest_route=\/wp\/v2\/types\/product"}],"replies":[{"embeddable":true,"href":"https:\/\/autothaiduong.vn\/index.php?rest_route=%2Fwp%2Fv2%2Fcomments&post=2775"}],"wp:featuredmedia":[{"embeddable":true,"href":"https:\/\/autothaiduong.vn\/index.php?rest_route=\/wp\/v2\/media\/2782"}],"wp:attachment":[{"href":"https:\/\/autothaiduong.vn\/index.php?rest_route=%2Fwp%2Fv2%2Fmedia&parent=2775"}],"wp:term":[{"taxonomy":"product_brand","embeddable":true,"href":"https:\/\/autothaiduong.vn\/index.php?rest_route=%2Fwp%2Fv2%2Fproduct_brand&post=2775"},{"taxonomy":"product_cat","embeddable":true,"href":"https:\/\/autothaiduong.vn\/index.php?rest_route=%2Fwp%2Fv2%2Fproduct_cat&post=2775"},{"taxonomy":"product_tag","embeddable":true,"href":"https:\/\/autothaiduong.vn\/index.php?rest_route=%2Fwp%2Fv2%2Fproduct_tag&post=2775"}],"curies":[{"name":"wp","href":"https:\/\/api.w.org\/{rel}","templated":true}]}}