{"id":2789,"date":"2025-05-21T14:09:07","date_gmt":"2025-05-21T14:09:07","guid":{"rendered":"https:\/\/autothaiduong.vn\/?post_type=product&#038;p=2789"},"modified":"2025-05-21T14:09:31","modified_gmt":"2025-05-21T14:09:31","slug":"bong-led-s6-pro","status":"publish","type":"product","link":"https:\/\/autothaiduong.vn\/?product=bong-led-s6-pro","title":{"rendered":"B\u00d3NG LED S6 Pro"},"content":{"rendered":"<p><img loading=\"lazy\" decoding=\"async\" class=\" wp-image-2492 aligncenter\" src=\"https:\/\/autothaiduong.vn\/wp-content\/uploads\/2025\/05\/z6584734442481_f208f5944548cb4b46353402ce2e64e0-4.jpg\" alt=\"\" width=\"303\" height=\"268\" \/><\/p>\n<p style=\"text-align: center;\"><span style=\"font-size: 140%;\"><strong><span style=\"color: #ff0000;\">273-275 Tr\u1ea7n Ph\u00fa Ph\u01b0\u1eddng L\u1ed9c S\u01a1n Th\u00e0nh Ph\u1ed1 B\u1ea3o L\u1ed9c T\u1ec9nh L\u00e2m \u0110\u1ed3ng <\/span><\/strong><\/span><\/p>\n<p style=\"text-align: center;\"><span style=\"font-size: 140%;\"><strong><span style=\"color: #ff0000;\">Hotline: 0912197441<\/span><\/strong><\/span><\/p>\n<p><img loading=\"lazy\" decoding=\"async\" class=\"alignnone size-full wp-image-2797\" title=\"B\u00d3NG LED S6 Pro\" src=\"https:\/\/autothaiduong.vn\/wp-content\/uploads\/2025\/05\/s6-pro-cong-nghe.jpg\" alt=\"B\u00d3NG LED S6 Pro\" width=\"1280\" height=\"960\" srcset=\"https:\/\/autothaiduong.vn\/wp-content\/uploads\/2025\/05\/s6-pro-cong-nghe.jpg 1280w, https:\/\/autothaiduong.vn\/wp-content\/uploads\/2025\/05\/s6-pro-cong-nghe-600x450.jpg 600w, https:\/\/autothaiduong.vn\/wp-content\/uploads\/2025\/05\/s6-pro-cong-nghe-1024x768.jpg 1024w, https:\/\/autothaiduong.vn\/wp-content\/uploads\/2025\/05\/s6-pro-cong-nghe-768x576.jpg 768w\" sizes=\"auto, (max-width: 1280px) 100vw, 1280px\" \/><\/p>\n<p>Th\u00e1ng 7\/2024, Naoevo Vi\u1ec7t Nam \u0111\u00e3 b\u1ed5 sung v\u00e0o h\u1ec7 sinh th\u00e1i s\u1ea3n ph\u1ea9m c\u1ee7a m\u00ecnh, cho ra m\u1eaft d\u00f2ng s\u1ea3n ph\u1ea9m mang t\u00ean Naoevo S6 Pro. \u0110\u00e2y l\u00e0 d\u00f2ng s\u1ea3n ph\u1ea9m t\u00edch h\u1ee3p nhi\u1ec1u t\u00ednh n\u0103ng hi\u1ec7n \u0111\u1ea1i v\u00e0 n\u1ed5i b\u1eadt, ch\u00fang c\u00f3 th\u1ec3 h\u1ed7 tr\u1ee3 d\u00f2ng \u0111i\u1ec7n 12V &#8211; 24V, th\u00edch h\u1ee3p l\u1eafp \u0111\u1eb7t cho m\u1ecdi d\u00f2ng xe t\u1eeb xe con cho t\u1edbi xe kh\u00e1ch, xe t\u1ea3i.<\/p>\n<p>\u0110\u00e2y l\u00e0 m\u1ed9t \u0111i\u1ec3m \u0111\u1eb7c bi\u1ec7t b\u1edfi hi\u1ec7n nay tr\u00ean th\u1ecb tr\u01b0\u1eddng c\u00f3 r\u1ea5t \u00edt c\u00e1c lo\u1ea1i b\u00f3ng \u0111\u00e8n Led h\u1ed7 tr\u1ee3 d\u00f2ng \u0111i\u1ec7n 24V. Naoevo S6 Pro v\u1edbi c\u00f4ng su\u1ea5t 55W, ho\u00e0n to\u00e0n ph\u00f9 h\u1ee3p v\u1edbi d\u00f2ng \u0111i\u1ec7n n\u00e0y, mang l\u1ea1i nhi\u1ec1u t\u00ednh n\u0103ng \u01b0u vi\u1ec7t gi\u1ed1ng nh\u01b0 m\u1ed9t b\u00f3ng \u0111\u00e8n halogen ho\u00e0n h\u1ea3o. H\u1ee9a h\u1eb9n trong th\u1eddi gian t\u1edbi, Naoevo S6 Pro s\u1ebd l\u00e0m m\u01b0a l\u00e0m gi\u00f3 tr\u00ean th\u1ecb tr\u01b0\u1eddng, l\u00e0 l\u1ef1a ch\u1ecdn h\u00e0ng \u0111\u1ea7u c\u1ee7a m\u1ecdi kh\u00e1ch h\u00e0ng.<\/p>\n<p>&nbsp;<\/p>\n<h2><a id=\"1-h-nh--nh--nh-s-ng-th--c-t--c--a-naoevo-s6-pro\" class=\"toc-a-tag\"><\/a>1. H\u00ccNH \u1ea2NH \u00c1NH S\u00c1NG TH\u1ef0C T\u1ebe C\u1ee6A NAOEVO S6 PRO<\/h2>\n<p><img loading=\"lazy\" decoding=\"async\" class=\"alignnone size-full wp-image-2798\" src=\"https:\/\/autothaiduong.vn\/wp-content\/uploads\/2025\/05\/7-4.jpg\" alt=\"\" width=\"1280\" height=\"1280\" srcset=\"https:\/\/autothaiduong.vn\/wp-content\/uploads\/2025\/05\/7-4.jpg 1280w, https:\/\/autothaiduong.vn\/wp-content\/uploads\/2025\/05\/7-4-600x600.jpg 600w, https:\/\/autothaiduong.vn\/wp-content\/uploads\/2025\/05\/7-4-1024x1024.jpg 1024w, https:\/\/autothaiduong.vn\/wp-content\/uploads\/2025\/05\/7-4-300x300.jpg 300w, https:\/\/autothaiduong.vn\/wp-content\/uploads\/2025\/05\/7-4-768x768.jpg 768w, https:\/\/autothaiduong.vn\/wp-content\/uploads\/2025\/05\/7-4-100x100.jpg 100w, https:\/\/autothaiduong.vn\/wp-content\/uploads\/2025\/05\/7-4-50x50.jpg 50w\" sizes=\"auto, (max-width: 1280px) 100vw, 1280px\" \/><\/p>\n<p>H\u00ecnh \u1ea3nh \u00e1nh s\u00e1ng th\u1ef1c t\u1ebf Cos\/Pha c\u1ee7a Naoevo S6 Pro<\/p>\n<p>&nbsp;<\/p>\n<h2><a id=\"2----c--i--m-n--i-b--t-c--a-naoevo-s6-pro\" class=\"toc-a-tag\"><\/a>2. \u0110\u1eb6C \u0110I\u1ec2M N\u1ed4I B\u1eacT C\u1ee6A NAOEVO S6 PRO<\/h2>\n<h3><a id=\"2-1-thi--t-k--nh--g--n\" class=\"toc-a-tag\"><\/a>2.1 Thi\u1ebft k\u1ebf nh\u1ecf g\u1ecdn<\/h3>\n<p>Naoevo S6 Pro c\u00f3 thi\u1ebft k\u1ebf \u0111\u1ed9c \u0111\u00e1o, nh\u1ecf g\u1ecdn, g\u1ea7n nh\u01b0 1:1 gi\u1ed1ng nh\u01b0 \u0111\u00e8n halogen. Ngo\u00e0i ra, Naoevo S6 Pro c\u00f2n h\u1ed7 tr\u1ee3 k\u1ebft n\u1ed1i \u201cPlug and Play\u201d r\u00fat ng\u1eafn th\u1eddi gian v\u00e0 gi\u1ea3m \u0111\u1ed9 ph\u1ee9c t\u1ea1p c\u1ee7a vi\u1ec7c l\u1eafp \u0111\u1eb7t cho c\u00e1c d\u00f2ng xe. S\u1ea3n ph\u1ea9m c\u1ef1c k\u1ef3 ph\u00f9 h\u1ee3p v\u1edbi c\u1ea3 xe m\u00e1y c\u0169ng nh\u01b0 \u00f4 t\u00f4, trang b\u1ecb l\u00ean ch\u00f3a \u0111\u00e8n c\u1ef1c k\u1ef3 \u0111\u01a1n gi\u1ea3n, gi\u00fap vi\u1ec7c l\u1eafp \u0111\u1eb7t tr\u1edf n\u00ean nhanh ch\u00f3ng h\u01a1n.<\/p>\n<p><img loading=\"lazy\" decoding=\"async\" class=\"alignnone size-full wp-image-2799\" src=\"https:\/\/autothaiduong.vn\/wp-content\/uploads\/2025\/05\/3-11.jpg\" alt=\"\" width=\"1280\" height=\"1280\" srcset=\"https:\/\/autothaiduong.vn\/wp-content\/uploads\/2025\/05\/3-11.jpg 1280w, https:\/\/autothaiduong.vn\/wp-content\/uploads\/2025\/05\/3-11-600x600.jpg 600w, https:\/\/autothaiduong.vn\/wp-content\/uploads\/2025\/05\/3-11-1024x1024.jpg 1024w, https:\/\/autothaiduong.vn\/wp-content\/uploads\/2025\/05\/3-11-300x300.jpg 300w, https:\/\/autothaiduong.vn\/wp-content\/uploads\/2025\/05\/3-11-768x768.jpg 768w, https:\/\/autothaiduong.vn\/wp-content\/uploads\/2025\/05\/3-11-100x100.jpg 100w, https:\/\/autothaiduong.vn\/wp-content\/uploads\/2025\/05\/3-11-50x50.jpg 50w\" sizes=\"auto, (max-width: 1280px) 100vw, 1280px\" \/><\/p>\n<h3><a id=\"2-2-h--tr--d-ng--i--n-12v--24v-t--ng-th-ch-v--i-t--t-c--c-c-d-ng-xe\" class=\"toc-a-tag\"><\/a>2.2 H\u1ed7 tr\u1ee3 d\u00f2ng \u0111i\u1ec7n 12V &#8211; 24V t\u01b0\u01a1ng th\u00edch v\u1edbi t\u1ea5t c\u1ea3 c\u00e1c d\u00f2ng xe<\/h3>\n<p>D\u00f2ng s\u1ea3n ph\u1ea9m Naoevo S6 Pro h\u1ed7 tr\u1ee3 d\u00f2ng \u0111i\u1ec7n 12V \u2013 24V, th\u00edch h\u1ee3p l\u1eafp \u0111\u1eb7t cho c\u00e1c d\u00f2ng xe \u00f4 t\u00f4 th\u00f4ng th\u01b0\u1eddng cho \u0111\u1ebfn c\u00e1c d\u00f2ng xe t\u1ea3i, xe kh\u00e1ch. \u0110\u00e2y l\u00e0 \u0111i\u1ec3m \u0111\u1eb7t bi\u1ec7t v\u00ec hi\u1ec7n t\u1ea1i tr\u00ean th\u1ecb tr\u01b0\u1eddng c\u00f3 r\u1ea5t \u00edt c\u00e1c m\u00e3 b\u00f3ng led c\u00f3 h\u1ed7 tr\u1ee3 d\u00f2ng \u0111i\u1ec7n 24V, g\u00e2y kh\u00f3 kh\u0103n trong vi\u1ec7c n\u00e2ng c\u1ea5p \u00e1nh s\u00e1ng cho c\u00e1c xe t\u1ea3i.<\/p>\n<p>Tr\u01b0\u1edbc \u0111\u00e2y, c\u00e1c b\u00e1c t\u00e0i mu\u1ed1n n\u00e2ng c\u1ea5p \u0111\u00e8n b\u00f3ng led th\u00ec \u0111\u1ec1u s\u1eed d\u1ee5ng b\u1ed9 chuy\u1ec3n d\u00f2ng \u0111i\u1ec7n, \u0111i\u1ec1u n\u00e0y g\u00e2y \u0111\u1ebfn r\u1ee7i ro khi di chuy\u1ec3n, m\u1ea5t an to\u00e0n, c\u00f3 th\u1ec3 g\u00e2y \u1ea3nh h\u01b0\u1edfng \u0111\u1ebfn h\u1ec7 th\u1ed1ng \u0111i\u1ec7n zin c\u1ee7a xe. Naoevo S6 Pro gi\u00fap l\u1eafp \u0111\u1eb7t d\u1ec5 d\u00e0ng, an to\u00e0n v\u00e0 hi\u1ec7u qu\u1ea3. Gi\u1ea3i ph\u00e1p t\u0103ng s\u00e1ng t\u1ed1i \u01b0u nh\u1ea5t cho xe t\u1ea3i.<\/p>\n<p><img loading=\"lazy\" decoding=\"async\" class=\"alignnone size-full wp-image-2800\" src=\"https:\/\/autothaiduong.vn\/wp-content\/uploads\/2025\/05\/8-6.jpg\" alt=\"\" width=\"1280\" height=\"1280\" srcset=\"https:\/\/autothaiduong.vn\/wp-content\/uploads\/2025\/05\/8-6.jpg 1280w, https:\/\/autothaiduong.vn\/wp-content\/uploads\/2025\/05\/8-6-600x600.jpg 600w, https:\/\/autothaiduong.vn\/wp-content\/uploads\/2025\/05\/8-6-1024x1024.jpg 1024w, https:\/\/autothaiduong.vn\/wp-content\/uploads\/2025\/05\/8-6-300x300.jpg 300w, https:\/\/autothaiduong.vn\/wp-content\/uploads\/2025\/05\/8-6-768x768.jpg 768w, https:\/\/autothaiduong.vn\/wp-content\/uploads\/2025\/05\/8-6-100x100.jpg 100w, https:\/\/autothaiduong.vn\/wp-content\/uploads\/2025\/05\/8-6-50x50.jpg 50w\" sizes=\"auto, (max-width: 1280px) 100vw, 1280px\" \/><\/p>\n<h3><a id=\"2-3-hi--u-su--t-cao\" class=\"toc-a-tag\"><\/a>2.3 Hi\u1ec7u su\u1ea5t cao<\/h3>\n<p>Naoevo S6 Pro \u0111\u01b0\u1ee3c thi\u1ebft k\u1ebf v\u1edbi c\u00f4ng ngh\u1ec7 chi\u1ebfu s\u00e1ng ti\u00ean ti\u1ebfn, v\u1edbi c\u00f4ng su\u1ea5t l\u00ean \u0111\u1ebfn 55W\/b\u00f3ng, Lumen 6600LM\/b\u00f3ng &#8211; C\u1ef1c k\u1ef3 ph\u00f9 h\u1ee3p v\u1edbi d\u00f2ng \u0111i\u1ec7n 24V, mang l\u1ea1i nhi\u1ec1u t\u00ednh n\u0103ng \u01b0u vi\u1ec7t gi\u1ed1ng nh\u01b0 m\u1ed9t b\u00f3ng \u0111\u00e8n halogen ho\u00e0n h\u1ea3o.<\/p>\n<p>Ngo\u00e0i ra, Naoevo S6 Pro c\u00f2n s\u1eed d\u1ee5ng c\u00f4ng ngh\u1ec7 Chip Led cao c\u1ea5p, gi\u00fap t\u0103ng hi\u1ec7u qu\u1ea3 t\u1ea3n nhi\u1ec7t, hi\u1ec7u su\u1ea5t \u00e1nh s\u00e1ng v\u00e0 gi\u1ea3m thi\u1ec3u h\u01b0 h\u1ea1i xu\u1ed1ng m\u1ee9c th\u1ea5p nh\u1ea5t. S\u1edf h\u1eefu \u00e1nh s\u00e1ng tr\u1eafng m\u00e1t v\u1edbi nhi\u1ec7t m\u00e0u 5800K, cho ra \u00e1nh s\u00e1ng g\u1ea7n gi\u1ed1ng nh\u01b0 \u00e1nh s\u00e1ng ban ng\u00e0y, \u0111\u1ea3m b\u1ea3o l\u00e1i xe an to\u00e0n tr\u00ean m\u1ecdi n\u1ebbo \u0111\u01b0\u1eddng.<\/p>\n<p><img loading=\"lazy\" decoding=\"async\" class=\"alignnone size-full wp-image-2801\" src=\"https:\/\/autothaiduong.vn\/wp-content\/uploads\/2025\/05\/5-4.jpg\" alt=\"\" width=\"1280\" height=\"1280\" srcset=\"https:\/\/autothaiduong.vn\/wp-content\/uploads\/2025\/05\/5-4.jpg 1280w, https:\/\/autothaiduong.vn\/wp-content\/uploads\/2025\/05\/5-4-600x600.jpg 600w, https:\/\/autothaiduong.vn\/wp-content\/uploads\/2025\/05\/5-4-1024x1024.jpg 1024w, https:\/\/autothaiduong.vn\/wp-content\/uploads\/2025\/05\/5-4-300x300.jpg 300w, https:\/\/autothaiduong.vn\/wp-content\/uploads\/2025\/05\/5-4-768x768.jpg 768w, https:\/\/autothaiduong.vn\/wp-content\/uploads\/2025\/05\/5-4-100x100.jpg 100w, https:\/\/autothaiduong.vn\/wp-content\/uploads\/2025\/05\/5-4-50x50.jpg 50w\" sizes=\"auto, (max-width: 1280px) 100vw, 1280px\" \/><\/p>\n<h3><a id=\"2-4-h--th--ng-t--n-nhi--t-t--i--u\" class=\"toc-a-tag\"><\/a>2.4 H\u1ec7 th\u1ed1ng t\u1ea3n nhi\u1ec7t t\u1ed1i \u01b0u<\/h3>\n<p>\u0110\u01b0\u1ee3c trang b\u1ecb \u1ed1ng d\u1eabn nhi\u1ec7t \u0111\u01a1n b\u1eb1ng \u0111\u1ed3ng v\u00e0 h\u1ec7 th\u1ed1ng l\u00e0m m\u00e1t nhi\u1ec7t \u0111i\u1ec7n tr\u1edf, Naoevo S6 Pro \u0111\u1ea1t \u0111\u01b0\u1ee3c s\u1ef1 n\u00e2ng c\u1ea5p v\u01b0\u1ee3t b\u1eadc v\u1ec1 kh\u1ea3 n\u0103ng t\u1ea3n nhi\u1ec7t. B\u00ean c\u1ea1nh \u0111\u00f3, S6 Pro c\u00f3 qu\u1ea1t l\u1edbn v\u1edbi t\u1ed1c \u0111\u1ed9 8500 v\u00f2ng\/ph\u00fat, gi\u00fap t\u1ea3n nhi\u1ec7t c\u1ef1c nhanh. Th\u00f4ng th\u01b0\u1eddng, m\u1ed9t \u1ed1ng d\u1eabn nhi\u1ec7t b\u1eb1ng \u0111\u1ed3ng c\u00f3 th\u1ec3 truy\u1ec1n nhi\u1ec7t 10W m\u1ed7i l\u1ea7n. Nh\u1edd \u0111\u00f3, h\u1ec7 th\u1ed1ng t\u1ea3n nhi\u1ec7t lu\u00f4n ho\u1ea1t \u0111\u1ed9ng \u1ed5n \u0111\u1ecbnh, \u0111em l\u1ea1i tu\u1ed5i th\u1ecd l\u00ean \u0111\u1ebfn 50000 gi\u1edd.<\/p>\n<p><img loading=\"lazy\" decoding=\"async\" class=\"alignnone size-full wp-image-2802\" src=\"https:\/\/autothaiduong.vn\/wp-content\/uploads\/2025\/05\/2-10.jpg\" alt=\"\" width=\"1280\" height=\"1280\" srcset=\"https:\/\/autothaiduong.vn\/wp-content\/uploads\/2025\/05\/2-10.jpg 1280w, https:\/\/autothaiduong.vn\/wp-content\/uploads\/2025\/05\/2-10-600x600.jpg 600w, https:\/\/autothaiduong.vn\/wp-content\/uploads\/2025\/05\/2-10-1024x1024.jpg 1024w, https:\/\/autothaiduong.vn\/wp-content\/uploads\/2025\/05\/2-10-300x300.jpg 300w, https:\/\/autothaiduong.vn\/wp-content\/uploads\/2025\/05\/2-10-768x768.jpg 768w, https:\/\/autothaiduong.vn\/wp-content\/uploads\/2025\/05\/2-10-100x100.jpg 100w, https:\/\/autothaiduong.vn\/wp-content\/uploads\/2025\/05\/2-10-50x50.jpg 50w\" sizes=\"auto, (max-width: 1280px) 100vw, 1280px\" \/><\/p>\n<h3><a id=\"2-5--a-d--ng-c-c-lo--i-ch-n---n\" class=\"toc-a-tag\"><\/a>2.5 \u0110a d\u1ea1ng c\u00e1c lo\u1ea1i ch\u00e2n \u0111\u00e8n<\/h3>\n<p>Naoevo S6 Pro cung c\u1ea5p nhi\u1ec1u l\u1ef1a ch\u1ecdn ch\u00e2n \u0111\u00e8n kh\u00e1c nhau nh\u01b0 H1, H4, H7, H11, 9005\/9006\/9012 \u0111\u1ea3m b\u1ea3o l\u1eafp r\u00e1p v\u1eeba v\u1eb7n tr\u00ean nhi\u1ec1u lo\u1ea1i xe kh\u00e1c nhau.<\/p>\n<p><img loading=\"lazy\" decoding=\"async\" class=\"alignnone size-full wp-image-2803\" src=\"https:\/\/autothaiduong.vn\/wp-content\/uploads\/2025\/05\/s6-pro-1.png\" alt=\"\" width=\"1280\" height=\"1280\" srcset=\"https:\/\/autothaiduong.vn\/wp-content\/uploads\/2025\/05\/s6-pro-1.png 1280w, https:\/\/autothaiduong.vn\/wp-content\/uploads\/2025\/05\/s6-pro-1-600x600.png 600w, https:\/\/autothaiduong.vn\/wp-content\/uploads\/2025\/05\/s6-pro-1-1024x1024.png 1024w, https:\/\/autothaiduong.vn\/wp-content\/uploads\/2025\/05\/s6-pro-1-300x300.png 300w, https:\/\/autothaiduong.vn\/wp-content\/uploads\/2025\/05\/s6-pro-1-768x768.png 768w, https:\/\/autothaiduong.vn\/wp-content\/uploads\/2025\/05\/s6-pro-1-100x100.png 100w, https:\/\/autothaiduong.vn\/wp-content\/uploads\/2025\/05\/s6-pro-1-50x50.png 50w\" sizes=\"auto, (max-width: 1280px) 100vw, 1280px\" \/><\/p>\n<p>&nbsp;<\/p>\n<h2><a id=\"3-gi--b-n-v--b--o-h-nh\" class=\"toc-a-tag\"><\/a>3. GI\u00c1 B\u00c1N V\u00c0 B\u1ea2O H\u00c0NH<\/h2>\n<p>Naoevo S6 Pro c\u00f3 gi\u00e1 b\u00e1n l\u00e0 1.800.000 VN\u0110\/c\u1eb7p, ri\u00eang ch\u00e2n H4 s\u1ebd c\u00f3 gi\u00e1 cao h\u01a1n 200.000 VN\u0110, l\u00e0 2.000.000 VN\u0110\/c\u1eb7p. S\u1ea3n ph\u1ea9m \u0111\u01b0\u1ee3c b\u1ea3o h\u00e0nh ch\u00ednh h\u00e3ng 2 n\u0103m, \u0111\u1ea3m b\u1ea3o ch\u1ea5t l\u01b0\u1ee3ng v\u00e0 \u0111\u1ed9 b\u1ec1n, mang \u0111\u1ebfn s\u1ef1 y\u00ean t\u00e2m cho ng\u01b0\u1eddi d\u00f9ng.<\/p>\n<p>&nbsp;<\/p>\n<h2><a id=\"4-video-review---nh-gi--naoevo-s6-pro\" class=\"toc-a-tag\"><\/a>4. VIDEO REVIEW \u0110\u00c1NH GI\u00c1 NAOEVO S6 PRO<\/h2>\n<h3><a id=\"4-1-video-gi--i-thi--u-naoevo-s6-pro\" class=\"toc-a-tag\"><\/a>4.1 Video gi\u1edbi thi\u1ec7u Naoevo S6 Pro<\/h3>\n<p><iframe loading=\"lazy\" src=\"https:\/\/www.youtube.com\/embed\/Kodnl42tnNM\" width=\"100%\" height=\"560\" frameborder=\"0\" scrolling=\"yes\" data-mce-fragment=\"1\"><\/iframe><\/p>\n","protected":false},"excerpt":{"rendered":"<p><em><strong>Auto Th\u00e1i D\u01b0\u01a1ng- \u0110\u1ea1i L\u00ed Ch\u00ednh H\u00e3ng NaoEvo T\u1ea1i TP.B\u1ea3o L\u1ed9c\u00a0<\/strong><\/em><\/p>\n<p><em><strong>273-275 Tr\u1ea7n Ph\u00fa Ph\u01b0\u1eddng L\u1ed9c S\u01a1n Th\u00e0nh Ph\u1ed1 B\u1ea3o L\u1ed9c T\u1ec9nh L\u00e2m \u0110\u1ed3ng<\/strong><\/em><\/p>\n<p><em><strong> Hotline: 0912197441<\/strong><\/em><\/p>\n<h2>Th\u00f4ng s\u1ed1 k\u1ef9 thu\u1eadt B\u00d3NG LED S6 Pro<\/h2>\n<table>\n<tbody>\n<tr>\n<td class=\"lileft\">Ch\u00e2n b\u00f3ng \u0111\u00e8n:<\/td>\n<td class=\"liright\">H1, H4, H7, H11, 9005<\/td>\n<\/tr>\n<tr>\n<td class=\"lileft\">C\u00f4ng su\u1ea5t:<\/td>\n<td class=\"liright\">55W<\/td>\n<\/tr>\n<tr>\n<td class=\"lileft\">B\u1ea3o h\u00e0nh:<\/td>\n<td class=\"liright\">24 Th\u00e1ng<\/td>\n<\/tr>\n<tr>\n<td class=\"lileft\">Nhi\u1ec7t m\u00e0u:<\/td>\n<td class=\"liright\">5800K<\/td>\n<\/tr>\n<tr>\n<td class=\"lileft\">Tu\u1ed5i th\u1ecd:<\/td>\n<td class=\"liright\">50.000 Gi\u1edd<\/td>\n<\/tr>\n<tr>\n<td class=\"lileft\">Voltage:<\/td>\n<td class=\"liright\">12\/24V<\/td>\n<\/tr>\n<tr>\n<td class=\"lileft\">V\u1eadt li\u1ec7u t\u1ea3n nhi\u1ec7t:<\/td>\n<td class=\"liright\">\u0110\u1ed3ng<\/td>\n<\/tr>\n<tr>\n<td class=\"lileft\">N\u0103m s\u1ea3n xu\u1ea5t:<\/td>\n<td class=\"liright\">2024<\/td>\n<\/tr>\n<\/tbody>\n<\/table>\n","protected":false},"featured_media":2803,"comment_status":"open","ping_status":"closed","template":"","meta":[],"product_brand":[172],"product_cat":[16,25],"product_tag":[],"class_list":{"0":"post-2789","1":"product","2":"type-product","3":"status-publish","4":"has-post-thumbnail","6":"product_brand-naoevo","7":"product_cat-anh-sang","8":"product_cat-bong-led","10":"first","11":"instock","12":"shipping-taxable","13":"purchasable","14":"product-type-variable"},"_links":{"self":[{"href":"https:\/\/autothaiduong.vn\/index.php?rest_route=\/wp\/v2\/product\/2789","targetHints":{"allow":["GET"]}}],"collection":[{"href":"https:\/\/autothaiduong.vn\/index.php?rest_route=\/wp\/v2\/product"}],"about":[{"href":"https:\/\/autothaiduong.vn\/index.php?rest_route=\/wp\/v2\/types\/product"}],"replies":[{"embeddable":true,"href":"https:\/\/autothaiduong.vn\/index.php?rest_route=%2Fwp%2Fv2%2Fcomments&post=2789"}],"wp:featuredmedia":[{"embeddable":true,"href":"https:\/\/autothaiduong.vn\/index.php?rest_route=\/wp\/v2\/media\/2803"}],"wp:attachment":[{"href":"https:\/\/autothaiduong.vn\/index.php?rest_route=%2Fwp%2Fv2%2Fmedia&parent=2789"}],"wp:term":[{"taxonomy":"product_brand","embeddable":true,"href":"https:\/\/autothaiduong.vn\/index.php?rest_route=%2Fwp%2Fv2%2Fproduct_brand&post=2789"},{"taxonomy":"product_cat","embeddable":true,"href":"https:\/\/autothaiduong.vn\/index.php?rest_route=%2Fwp%2Fv2%2Fproduct_cat&post=2789"},{"taxonomy":"product_tag","embeddable":true,"href":"https:\/\/autothaiduong.vn\/index.php?rest_route=%2Fwp%2Fv2%2Fproduct_tag&post=2789"}],"curies":[{"name":"wp","href":"https:\/\/api.w.org\/{rel}","templated":true}]}}