{"id":2804,"date":"2025-05-21T14:16:00","date_gmt":"2025-05-21T14:16:00","guid":{"rendered":"https:\/\/autothaiduong.vn\/?post_type=product&#038;p=2804"},"modified":"2025-05-21T14:16:49","modified_gmt":"2025-05-21T14:16:49","slug":"bong-led-s8-pro","status":"publish","type":"product","link":"https:\/\/autothaiduong.vn\/?product=bong-led-s8-pro","title":{"rendered":"B\u00d3NG LED S8 PRO"},"content":{"rendered":"<p><img loading=\"lazy\" decoding=\"async\" class=\" wp-image-2492 aligncenter\" src=\"https:\/\/autothaiduong.vn\/wp-content\/uploads\/2025\/05\/z6584734442481_f208f5944548cb4b46353402ce2e64e0-4.jpg\" alt=\"\" width=\"282\" height=\"250\" \/><\/p>\n<p style=\"text-align: center;\"><span style=\"color: #ff0000; font-size: 140%;\"><strong>273-275 Tr\u1ea7n Ph\u00fa Ph\u01b0\u1eddng L\u1ed9c S\u01a1n Th\u00e0nh Ph\u1ed1 B\u1ea3o L\u1ed9c T\u1ec9nh L\u00e2m \u0110\u1ed3ng <\/strong><\/span><\/p>\n<p style=\"text-align: center;\"><span style=\"color: #ff0000; font-size: 140%;\"><strong>Hotline: 0912197441<\/strong><\/span><\/p>\n<p><img loading=\"lazy\" decoding=\"async\" class=\"alignnone size-full wp-image-2811\" title=\"B\u00d3NG LED S8 PRO\" src=\"https:\/\/autothaiduong.vn\/wp-content\/uploads\/2025\/05\/s8-pro-cong-nghe.jpg\" alt=\"B\u00d3NG LED S8 PRO\" width=\"1280\" height=\"960\" srcset=\"https:\/\/autothaiduong.vn\/wp-content\/uploads\/2025\/05\/s8-pro-cong-nghe.jpg 1280w, https:\/\/autothaiduong.vn\/wp-content\/uploads\/2025\/05\/s8-pro-cong-nghe-600x450.jpg 600w, https:\/\/autothaiduong.vn\/wp-content\/uploads\/2025\/05\/s8-pro-cong-nghe-1024x768.jpg 1024w, https:\/\/autothaiduong.vn\/wp-content\/uploads\/2025\/05\/s8-pro-cong-nghe-768x576.jpg 768w\" sizes=\"auto, (max-width: 1280px) 100vw, 1280px\" \/><\/p>\n<p>Th\u01b0\u01a1ng hi\u1ec7u Naoevo ra \u0111\u1eddi v\u00e0o n\u0103m 2006, v\u1edbi s\u1ee9 m\u1ec7nh cung c\u1ea5p c\u00e1c s\u1ea3n ph\u1ea9m chi\u1ebfu s\u00e1ng \u00f4 t\u00f4 v\u01b0\u1ee3t tr\u1ed9i, t\u1ea1o ra v\u00f9ng s\u00e1ng ch\u1ea5t l\u01b0\u1ee3ng v\u00e0 \u0111\u1ea3m b\u1ea3o an to\u00e0n khi l\u00e1i xe ban \u0111\u00eam. V\u1edbi g\u1ea7n 18 n\u0103m kinh nghi\u1ec7m, Naoevo chi\u1ebfm \u0111\u01b0\u1ee3c ni\u1ec1m tin c\u1ee7a kh\u00e1ch h\u00e0ng tr\u00ean c\u00e1c th\u1ecb tr\u01b0\u1eddng l\u1edbn nh\u01b0 \u1ea4n \u0110\u1ed9, Ch\u00e2u \u00c2u, c\u00e1c qu\u1ed1c gia \u0110\u00f4ng Nam \u00c1&#8230; \u0110\u1ed3ng th\u1eddi, Naoevo c\u0169ng c\u00f3 h\u01a1n 50 nh\u00e0 ph\u00e2n ph\u1ed1i tr\u00ean to\u00e0n c\u1ea7u.<\/p>\n<p>Sau khi nghi\u00ean c\u1ee9u v\u00e0 ph\u00e1t tri\u1ec3n, Naoevo \u0111\u00e3 cho ra m\u1eaft d\u00f2ng s\u1ea3n ph\u1ea9m Naoevo S8 Pro. \u0110\u00e2y l\u00e0 b\u00f3ng \u0111\u00e8n pha Led \u0111\u01b0\u1ee3c thi\u1ebft k\u1ebf h\u00ecnh s\u01b0 t\u1eed v\u00e0ng s\u00e1ng b\u00f3ng tr\u00ean n\u1eafp t\u1ea3n nhi\u1ec7t, c\u00f3 t\u00ednh th\u1ea9m m\u1ef9 cao. \u0110\u1eb7c bi\u1ec7t, s\u1ea3n ph\u1ea9m n\u00e0y n\u1ed5i b\u1eadt v\u1edbi hi\u1ec7u n\u0103ng c\u1ef1c k\u1ef3 t\u1ed1t, mang l\u1ea1i \u00e1nh s\u00e1ng v\u01b0\u1ee3t tr\u1ed9i cho ng\u01b0\u1eddi d\u00f9ng!<\/p>\n<p>&nbsp;<\/p>\n<h2><a id=\"1-h-nh--nh--nh-s-ng-th--c-t--naoevo-s8-pro\" class=\"toc-a-tag\"><\/a>1. H\u00ccNH \u1ea2NH \u00c1NH S\u00c1NG TH\u1ef0C T\u1ebe NAOEVO S8 PRO<\/h2>\n<p><img loading=\"lazy\" decoding=\"async\" class=\"alignnone size-full wp-image-2812\" src=\"https:\/\/autothaiduong.vn\/wp-content\/uploads\/2025\/05\/4-15.jpg\" alt=\"\" width=\"1280\" height=\"1280\" srcset=\"https:\/\/autothaiduong.vn\/wp-content\/uploads\/2025\/05\/4-15.jpg 1280w, https:\/\/autothaiduong.vn\/wp-content\/uploads\/2025\/05\/4-15-600x600.jpg 600w, https:\/\/autothaiduong.vn\/wp-content\/uploads\/2025\/05\/4-15-1024x1024.jpg 1024w, https:\/\/autothaiduong.vn\/wp-content\/uploads\/2025\/05\/4-15-300x300.jpg 300w, https:\/\/autothaiduong.vn\/wp-content\/uploads\/2025\/05\/4-15-768x768.jpg 768w, https:\/\/autothaiduong.vn\/wp-content\/uploads\/2025\/05\/4-15-100x100.jpg 100w, https:\/\/autothaiduong.vn\/wp-content\/uploads\/2025\/05\/4-15-50x50.jpg 50w\" sizes=\"auto, (max-width: 1280px) 100vw, 1280px\" \/><\/p>\n<p>H\u00ecnh \u1ea3nh \u00e1nh s\u00e1ng th\u1ef1c t\u1ebf Cos\/Pha c\u1ee7a Naoevo S8 Pro<\/p>\n<p>&nbsp;<\/p>\n<h2><a id=\"2----c--i--m-n--i-b--t-c--a-naoevo-s8-pro\" class=\"toc-a-tag\"><\/a>2. \u0110\u1eb6C \u0110I\u1ec2M N\u1ed4I B\u1eacT C\u1ee6A NAOEVO S8 PRO<\/h2>\n<h3><a id=\"2-1-thi--t-k--l--y-c--m-h--ng-t--s--t--\" class=\"toc-a-tag\"><\/a>2.1 Thi\u1ebft k\u1ebf l\u1ea5y c\u1ea3m h\u1ee9ng t\u1eeb s\u01b0 t\u1eed<\/h3>\n<p>S\u01b0 t\u1eed th\u01b0\u1eddng \u0111\u01b0\u1ee3c g\u1ecdi l\u00e0 \u201cVUA c\u1ee7a c\u00e1c lo\u00e0i th\u00fa\u201d v\u00e0 n\u00f3 l\u00e0 bi\u1ec3u t\u01b0\u1ee3ng c\u1ee7a quy\u1ec1n l\u1ef1c, s\u1ee9c m\u1ea1nh v\u01b0\u01a1ng gi\u1ea3, \u0111\u01b0\u1ee3c ph\u00e1c h\u1ecda s\u1ed1ng \u0111\u1ed9ng l\u1ea1i trong b\u00f3ng \u0111\u00e8n Naoevo S8 Pro. S\u1ea3n ph\u1ea9m n\u00e0y c\u00f3 v\u1ebb b\u1ec1 ngo\u00e0i nh\u1ecf g\u1ecdn nh\u01b0ng l\u1ea1i to\u00e1t l\u00ean v\u1ebb \u0111\u1eb9p sang tr\u1ecdng v\u00e0 m\u1ea1nh m\u1ebd, d\u1ec5 d\u00e0ng l\u1eafp \u0111\u1eb7t cho m\u1ecdi d\u00f2ng xe. Ngo\u00e0i ra, Naoevo S8 Pro c\u00f2n h\u1ed7 tr\u1ee3 k\u1ebft n\u1ed1i \u201cPlug and Play\u201d, cho ph\u00e9p b\u1ea1n thay th\u1ebf b\u00f3ng \u0111\u00e8n halogen c\u0169 m\u00e0 kh\u00f4ng c\u1ea7n n\u1ed1i d\u00e2y ho\u1eb7c s\u1eeda \u0111\u1ed5i.<\/p>\n<p><img loading=\"lazy\" decoding=\"async\" class=\"alignnone size-full wp-image-2813\" src=\"https:\/\/autothaiduong.vn\/wp-content\/uploads\/2025\/05\/22-1.jpg\" alt=\"\" width=\"1280\" height=\"1280\" srcset=\"https:\/\/autothaiduong.vn\/wp-content\/uploads\/2025\/05\/22-1.jpg 1280w, https:\/\/autothaiduong.vn\/wp-content\/uploads\/2025\/05\/22-1-600x600.jpg 600w, https:\/\/autothaiduong.vn\/wp-content\/uploads\/2025\/05\/22-1-1024x1024.jpg 1024w, https:\/\/autothaiduong.vn\/wp-content\/uploads\/2025\/05\/22-1-300x300.jpg 300w, https:\/\/autothaiduong.vn\/wp-content\/uploads\/2025\/05\/22-1-768x768.jpg 768w, https:\/\/autothaiduong.vn\/wp-content\/uploads\/2025\/05\/22-1-100x100.jpg 100w, https:\/\/autothaiduong.vn\/wp-content\/uploads\/2025\/05\/22-1-50x50.jpg 50w\" sizes=\"auto, (max-width: 1280px) 100vw, 1280px\" \/><\/p>\n<h3><a id=\"2-2-hi--u-su--t-cao\" class=\"toc-a-tag\"><\/a>2.2 Hi\u1ec7u su\u1ea5t cao<\/h3>\n<p>B\u00f3ng Led Naoevo S8 Pro v\u1edbi c\u00f4ng su\u1ea5t cao l\u00ean \u0111\u1ebfn 70W\/b\u00f3ng v\u00e0 \u0111\u1ed9 s\u00e1ng lumen l\u00ean \u0111\u1ebfn 8400LM\/b\u00f3ng, chuy\u1ec3n \u0111\u1ed5i n\u0103ng l\u01b0\u1ee3ng hi\u1ec7u qu\u1ea3 \u0111\u1ec3 t\u1ea1o ra \u00e1nh s\u00e1ng m\u1ea1nh m\u1ebd. Vi\u1ec7c n\u00e0y gi\u00fap t\u00e0i x\u1ebf d\u1ec5 d\u00e0ng quan s\u00e1t \u0111\u01b0\u1eddng \u0111i trong c\u00e1c \u0111i\u1ec1u ki\u1ec7n \u00e1nh s\u00e1ng y\u1ebfu. B\u00ean c\u1ea1nh \u0111\u00f3, Naoevo S8 Pro c\u00f2n \u0111\u01b0\u1ee3c trang b\u1ecb c\u00f4ng ngh\u1ec7 Chip Led ti\u00ean ti\u1ebfn, gi\u00fap n\u00e2ng cao hi\u1ec7u qu\u1ea3 t\u1ea3n nhi\u1ec7t, t\u0103ng c\u01b0\u1eddng hi\u1ec7u su\u1ea5t \u00e1nh s\u00e1ng v\u00e0 gi\u1ea3m thi\u1ec3u t\u1ed1i \u0111a nguy c\u01a1 h\u01b0 h\u1ea1i. C\u00f4ng ngh\u1ec7 n\u00e0y \u0111\u1ea3m b\u1ea3o Naoevo S8 Pro ho\u1ea1t \u0111\u1ed9ng b\u1ec1n b\u1ec9 v\u00e0 \u1ed5n \u0111\u1ecbnh trong m\u1ecdi \u0111i\u1ec1u ki\u1ec7n.<\/p>\n<p>Ngo\u00e0i ra, Naoevo S8 Pro s\u1edf h\u1eefu nhi\u1ec7t m\u00e0u 5800K c\u00f3 \u00e1nh s\u00e1ng tr\u1eafng, \u0111\u1ec1u v\u00e0 ph\u00e2n b\u1ed5 t\u1ed1t, mang l\u1ea1i t\u1ea7m nh\u00ecn r\u00f5 r\u00e0ng v\u1ec1 con \u0111\u01b0\u1eddng ph\u00eda tr\u01b0\u1edbc m\u00e0 kh\u00f4ng l\u00e0m ch\u00f3i m\u1eaft nh\u1eefng ng\u01b0\u1eddi l\u00e1i xe kh\u00e1c. S\u1ea3n ph\u1ea9m kh\u00f4ng ch\u1ec9 c\u1ea3i thi\u1ec7n t\u1ea7m nh\u00ecn m\u00e0 c\u00f2n n\u00e2ng cao t\u00ednh an to\u00e0n v\u00e0 tho\u1ea3i m\u00e1i khi l\u00e1i xe v\u00e0o ban \u0111\u00eam.<\/p>\n<h3><a id=\"2-3-h--th--ng-t--n-nhi--t-hi--u-qu--\" class=\"toc-a-tag\"><\/a>2.3 H\u1ec7 th\u1ed1ng t\u1ea3n nhi\u1ec7t hi\u1ec7u qu\u1ea3<\/h3>\n<p>Nh\u1eefng b\u00f3ng \u0111\u00e8n Led Naoevo S8 Pro n\u00e0y \u0111\u01b0\u1ee3c thi\u1ebft k\u1ebf v\u1edbi \u1ed1ng d\u1eabn nhi\u1ec7t k\u00e9p b\u1eb1ng \u0111\u1ed3ng c\u00f3 th\u1ec3 truy\u1ec1n nhi\u1ec7t 30W m\u1ed7i l\u1ea7n. B\u00ean c\u1ea1nh \u0111\u00f3, v\u1edbi s\u1ef1 h\u1ed7 tr\u1ee3 c\u1ee7a qu\u1ea1t l\u00e0m m\u00e1t c\u00f3 t\u1ed1c \u0111\u1ed9 10000 v\u00f2ng\/ph\u00fat, nh\u1eefng b\u00f3ng \u0111\u00e8n n\u00e0y c\u00f3 th\u1ec3 t\u1ea3n nhi\u1ec7t hi\u1ec7u qu\u1ea3 h\u01a1n c\u00e1c b\u00f3ng \u0111\u00e8n Led kh\u00e1c, mang \u0111\u1ebfn \u0111\u1ed9 b\u1ec1n v\u01b0\u1ee3t tr\u1ed9i v\u1edbi tu\u1ed5i th\u1ecd l\u00ean \u0111\u1ebfn 50000 gi\u1edd.<\/p>\n<p><img loading=\"lazy\" decoding=\"async\" class=\"alignnone size-full wp-image-2814\" src=\"https:\/\/autothaiduong.vn\/wp-content\/uploads\/2025\/05\/33.jpg\" alt=\"\" width=\"1280\" height=\"1280\" srcset=\"https:\/\/autothaiduong.vn\/wp-content\/uploads\/2025\/05\/33.jpg 1280w, https:\/\/autothaiduong.vn\/wp-content\/uploads\/2025\/05\/33-600x600.jpg 600w, https:\/\/autothaiduong.vn\/wp-content\/uploads\/2025\/05\/33-1024x1024.jpg 1024w, https:\/\/autothaiduong.vn\/wp-content\/uploads\/2025\/05\/33-300x300.jpg 300w, https:\/\/autothaiduong.vn\/wp-content\/uploads\/2025\/05\/33-768x768.jpg 768w, https:\/\/autothaiduong.vn\/wp-content\/uploads\/2025\/05\/33-100x100.jpg 100w, https:\/\/autothaiduong.vn\/wp-content\/uploads\/2025\/05\/33-50x50.jpg 50w\" sizes=\"auto, (max-width: 1280px) 100vw, 1280px\" \/><\/p>\n<h3><a id=\"2-4--a-d--ng-c-c-lo--i-ch-n---n\" class=\"toc-a-tag\"><\/a>2.4 \u0110a d\u1ea1ng c\u00e1c lo\u1ea1i ch\u00e2n \u0111\u00e8n<\/h3>\n<p>Naoevo S8 Pro cung c\u1ea5p nhi\u1ec1u l\u1ef1a ch\u1ecdn ch\u00e2n \u0111\u00e8n kh\u00e1c nhau nh\u01b0 H1, H11, H4, H7,9005\/9006\/9012 l\u1eafp r\u00e1p v\u1eeba v\u1eb7n tr\u00ean nhi\u1ec1u lo\u1ea1i xe kh\u00e1c nhau. Naoevo S8 Pro mang \u0111\u1ebfn gi\u1ea3i ph\u00e1p chi\u1ebfu s\u00e1ng linh ho\u1ea1t v\u00e0 ti\u1ec7n l\u1ee3i cho m\u1ecdi nhu c\u1ea7u s\u1eed d\u1ee5ng.<\/p>\n<p><img loading=\"lazy\" decoding=\"async\" class=\"alignnone size-full wp-image-2815\" src=\"https:\/\/autothaiduong.vn\/wp-content\/uploads\/2025\/05\/s8-pro-1.png\" alt=\"\" width=\"1280\" height=\"1280\" srcset=\"https:\/\/autothaiduong.vn\/wp-content\/uploads\/2025\/05\/s8-pro-1.png 1280w, https:\/\/autothaiduong.vn\/wp-content\/uploads\/2025\/05\/s8-pro-1-600x600.png 600w, https:\/\/autothaiduong.vn\/wp-content\/uploads\/2025\/05\/s8-pro-1-1024x1024.png 1024w, https:\/\/autothaiduong.vn\/wp-content\/uploads\/2025\/05\/s8-pro-1-300x300.png 300w, https:\/\/autothaiduong.vn\/wp-content\/uploads\/2025\/05\/s8-pro-1-768x768.png 768w, https:\/\/autothaiduong.vn\/wp-content\/uploads\/2025\/05\/s8-pro-1-100x100.png 100w, https:\/\/autothaiduong.vn\/wp-content\/uploads\/2025\/05\/s8-pro-1-50x50.png 50w\" sizes=\"auto, (max-width: 1280px) 100vw, 1280px\" \/><\/p>\n<h2><a id=\"3-gi--b-n-v--b--o-h-nh\" class=\"toc-a-tag\"><\/a>3. GI\u00c1 B\u00c1N V\u00c0 B\u1ea2O H\u00c0NH<\/h2>\n<p>Naoevo S8 Pro c\u00f3 gi\u00e1 b\u00e1n l\u00e0 2.500.000 VN\u0110\/c\u1eb7p, ri\u00eang ch\u00e2n H4 s\u1ebd c\u00f3 gi\u00e1 cao h\u01a1n 200.000 VN\u0110, l\u00e0 2.700.000 VN\u0110\/c\u1eb7p. S\u1ea3n ph\u1ea9m \u0111\u01b0\u1ee3c b\u1ea3o h\u00e0nh ch\u00ednh h\u00e3ng trong 2 n\u0103m, cam k\u1ebft \u0111\u1ea3m b\u1ea3o ch\u1ea5t l\u01b0\u1ee3ng v\u00e0 \u0111\u1ed9 b\u1ec1n. V\u1edbi ch\u1ebf \u0111\u1ed9 b\u1ea3o h\u00e0nh n\u00e0y, ng\u01b0\u1eddi d\u00f9ng c\u00f3 th\u1ec3 ho\u00e0n to\u00e0n y\u00ean t\u00e2m v\u1ec1 hi\u1ec7u su\u1ea5t v\u00e0 tu\u1ed5i th\u1ecd c\u1ee7a s\u1ea3n ph\u1ea9m. \u0110\u1ed9i ng\u0169 ch\u0103m s\u00f3c kh\u00e1ch h\u00e0ng lu\u00f4n s\u1eb5n s\u00e0ng h\u1ed7 tr\u1ee3, gi\u1ea3i \u0111\u00e1p m\u1ecdi th\u1eafc m\u1eafc v\u00e0 cung c\u1ea5p d\u1ecbch v\u1ee5 t\u1ed1t nh\u1ea5t, gi\u00fap ng\u01b0\u1eddi d\u00f9ng tin t\u01b0\u1edfng v\u00e0 h\u00e0i l\u00f2ng tuy\u1ec7t \u0111\u1ed1i khi s\u1eed d\u1ee5ng s\u1ea3n ph\u1ea9m.<\/p>\n<p><em><strong>N\u1ebfu \u1ede TP.B\u1ea3o L\u1ed9c Xin Qu\u00fd Kh\u00e1ch Li\u00ean H\u1ec7 Ngay\u00a0<\/strong><\/em><\/p>\n<p><em><strong>Auto Th\u00e1i D\u01b0\u01a1ng- \u0110\u1ea1i L\u00ed Ch\u00ednh H\u00e3ng C\u1ee7a NaoEvo T\u1ea1i \u0110\u00e2y\u00a0<\/strong><\/em><\/p>\n<p><em><strong>273-275 Tr\u1ea7n Ph\u00fa Ph\u01b0\u1eddng L\u1ed9c S\u01a1n Th\u00e0nh Ph\u1ed1 B\u1ea3o L\u1ed9c T\u1ec9nh L\u00e2m \u0110\u1ed3ng<\/strong><\/em><\/p>\n<p><em><strong> Hotline: 0912197441<\/strong><\/em><\/p>\n<p>&nbsp;<\/p>\n<h2><a id=\"4-video-review---nh-gi--naoevo-s8-pro\" class=\"toc-a-tag\"><\/a>4. VIDEO REVIEW \u0110\u00c1NH GI\u00c1 NAOEVO S8 PRO<\/h2>\n<h3><a id=\"4-1-video-gi--i-thi--u-naoevo-s8-pro\" class=\"toc-a-tag\"><\/a>4.1 Video gi\u1edbi thi\u1ec7u Naoevo S8 Pro<\/h3>\n<p><iframe loading=\"lazy\" src=\"https:\/\/www.youtube.com\/embed\/e7WTr_7lJI4\" width=\"100%\" height=\"560\" frameborder=\"0\" scrolling=\"yes\" data-mce-fragment=\"1\"><\/iframe><\/p>\n","protected":false},"excerpt":{"rendered":"<p><em><strong>Auto Th\u00e1i D\u01b0\u01a1ng- \u0110\u1ea1i L\u00ed Ch\u00ednh H\u00e3ng NaoEvo T\u1ea1i TP.B\u1ea3o L\u1ed9c<\/strong><\/em><\/p>\n<p><em><strong>273-275 Tr\u1ea7n Ph\u00fa Ph\u01b0\u1eddng L\u1ed9c S\u01a1n Th\u00e0nh Ph\u1ed1 B\u1ea3o L\u1ed9c T\u1ec9nh L\u00e2m \u0110\u1ed3ng <\/strong><\/em><\/p>\n<p><em><strong>Hotline: 0912197441<\/strong><\/em><\/p>\n<h2>Th\u00f4ng s\u1ed1 k\u1ef9 thu\u1eadt B\u00d3NG LED S8 PRO<\/h2>\n<table>\n<tbody>\n<tr>\n<td class=\"lileft\">Ch\u00e2n b\u00f3ng \u0111\u00e8n:<\/td>\n<td class=\"liright\">H1, H4, H7, H11, 9005<\/td>\n<\/tr>\n<tr>\n<td class=\"lileft\">C\u00f4ng su\u1ea5t:<\/td>\n<td class=\"liright\">70W<\/td>\n<\/tr>\n<tr>\n<td class=\"lileft\">B\u1ea3o h\u00e0nh:<\/td>\n<td class=\"liright\">24 Th\u00e1ng<\/td>\n<\/tr>\n<tr>\n<td class=\"lileft\">Nhi\u1ec7t m\u00e0u:<\/td>\n<td class=\"liright\">5800K<\/td>\n<\/tr>\n<tr>\n<td class=\"lileft\">Tu\u1ed5i th\u1ecd:<\/td>\n<td class=\"liright\">50.000 gi\u1edd<\/td>\n<\/tr>\n<tr>\n<td class=\"lileft\">Voltage:<\/td>\n<td class=\"liright\">9-16V<\/td>\n<\/tr>\n<tr>\n<td class=\"lileft\">V\u1eadt li\u1ec7u t\u1ea3n nhi\u1ec7t:<\/td>\n<td class=\"liright\">\u0110\u1ed3ng<\/td>\n<\/tr>\n<tr>\n<td class=\"lileft\">N\u0103m s\u1ea3n xu\u1ea5t:<\/td>\n<td class=\"liright\">2024<\/td>\n<\/tr>\n<\/tbody>\n<\/table>\n","protected":false},"featured_media":2815,"comment_status":"open","ping_status":"closed","template":"","meta":[],"product_brand":[172],"product_cat":[16,25],"product_tag":[],"class_list":{"0":"post-2804","1":"product","2":"type-product","3":"status-publish","4":"has-post-thumbnail","6":"product_brand-naoevo","7":"product_cat-anh-sang","8":"product_cat-bong-led","10":"first","11":"instock","12":"shipping-taxable","13":"purchasable","14":"product-type-variable"},"_links":{"self":[{"href":"https:\/\/autothaiduong.vn\/index.php?rest_route=\/wp\/v2\/product\/2804","targetHints":{"allow":["GET"]}}],"collection":[{"href":"https:\/\/autothaiduong.vn\/index.php?rest_route=\/wp\/v2\/product"}],"about":[{"href":"https:\/\/autothaiduong.vn\/index.php?rest_route=\/wp\/v2\/types\/product"}],"replies":[{"embeddable":true,"href":"https:\/\/autothaiduong.vn\/index.php?rest_route=%2Fwp%2Fv2%2Fcomments&post=2804"}],"wp:featuredmedia":[{"embeddable":true,"href":"https:\/\/autothaiduong.vn\/index.php?rest_route=\/wp\/v2\/media\/2815"}],"wp:attachment":[{"href":"https:\/\/autothaiduong.vn\/index.php?rest_route=%2Fwp%2Fv2%2Fmedia&parent=2804"}],"wp:term":[{"taxonomy":"product_brand","embeddable":true,"href":"https:\/\/autothaiduong.vn\/index.php?rest_route=%2Fwp%2Fv2%2Fproduct_brand&post=2804"},{"taxonomy":"product_cat","embeddable":true,"href":"https:\/\/autothaiduong.vn\/index.php?rest_route=%2Fwp%2Fv2%2Fproduct_cat&post=2804"},{"taxonomy":"product_tag","embeddable":true,"href":"https:\/\/autothaiduong.vn\/index.php?rest_route=%2Fwp%2Fv2%2Fproduct_tag&post=2804"}],"curies":[{"name":"wp","href":"https:\/\/api.w.org\/{rel}","templated":true}]}}