{"id":2829,"date":"2025-05-21T14:25:33","date_gmt":"2025-05-21T14:25:33","guid":{"rendered":"https:\/\/autothaiduong.vn\/?post_type=product&#038;p=2829"},"modified":"2025-05-21T14:25:53","modified_gmt":"2025-05-21T14:25:53","slug":"bong-led-dau-bi-z1-maxviss","status":"publish","type":"product","link":"https:\/\/autothaiduong.vn\/?product=bong-led-dau-bi-z1-maxviss","title":{"rendered":"B\u00f3ng Led \u0110\u1ea7u Bi Z1 Maxviss"},"content":{"rendered":"<p><img loading=\"lazy\" decoding=\"async\" class=\" wp-image-2492 aligncenter\" src=\"https:\/\/autothaiduong.vn\/wp-content\/uploads\/2025\/05\/z6584734442481_f208f5944548cb4b46353402ce2e64e0-4.jpg\" alt=\"\" width=\"278\" height=\"246\" \/><\/p>\n<p style=\"text-align: center;\"><span style=\"font-size: 140%;\"><strong><span style=\"color: #ff0000;\">273-275 Tr\u1ea7n Ph\u00fa Ph\u01b0\u1eddng L\u1ed9c S\u01a1n Th\u00e0nh Ph\u1ed1 B\u1ea3o L\u1ed9c T\u1ec9nh L\u00e2m \u0110\u1ed3ng <\/span><\/strong><\/span><\/p>\n<p style=\"text-align: center;\"><span style=\"font-size: 140%;\"><strong><span style=\"color: #ff0000;\">Hotline: 0912197441<\/span><\/strong><\/span><\/p>\n<h1><\/h1>\n<h1><img loading=\"lazy\" decoding=\"async\" class=\"alignnone size-full wp-image-2832\" src=\"https:\/\/autothaiduong.vn\/wp-content\/uploads\/2025\/05\/H4-mini-z1.jpg\" alt=\"Bi LED MAXVISS H4 mini - Z1\" width=\"1280\" height=\"415\" srcset=\"https:\/\/autothaiduong.vn\/wp-content\/uploads\/2025\/05\/H4-mini-z1.jpg 1280w, https:\/\/autothaiduong.vn\/wp-content\/uploads\/2025\/05\/H4-mini-z1-600x195.jpg 600w, https:\/\/autothaiduong.vn\/wp-content\/uploads\/2025\/05\/H4-mini-z1-1024x332.jpg 1024w, https:\/\/autothaiduong.vn\/wp-content\/uploads\/2025\/05\/H4-mini-z1-768x249.jpg 768w\" sizes=\"auto, (max-width: 1280px) 100vw, 1280px\" \/><\/h1>\n<div class=\"row row-small productprice\"><\/div>\n<div>\n<p>\ud83d\udccc MAXVISS H4 MINI Z1 l\u00e0 phi\u00ean b\u1ea3n m\u1edbi c\u1ee7a d\u00f2ng H4 MINI nh\u00e0 MAXVISS<\/p>\n<p>\ud83d\udccc S\u1eed d\u1ee5ng chip LED \u0111\u1eddi m\u1edbi cho \u00e1nh s\u00e1ng Cos r\u1ed9ng v\u00e0 t\u00e2m pha c\u0103ng. T\u0103ng c\u01b0\u1eddng kh\u1ea3 n\u0103ng chi\u1ebfu s\u00e1ng<\/p>\n<p>\ud83d\udccc Nhi\u1ec7t m\u00e0u 6000K ph\u00f9 h\u1ee3p v\u1edbi \u0111i\u1ec1u ki\u1ec7n th\u1eddi ti\u1ebft t\u1ea1i Vi\u1ec7t Nam<\/p>\n<p>\ud83d\udccc C\u00f4ng su\u1ea5t 45W<\/p>\n<p>\ud83d\udccc \u0110ui v\u1eb7n d\u1ec5 d\u00e0ng l\u1eafp \u0111\u1eb7t, s\u1eed d\u1ee5ng tr\u00ean c\u00e1c d\u00f2ng xe c\u00f3 ch\u00e2n b\u00f3ng H4<\/p>\n<p>\ud83d\udccc B\u1ea3o h\u00e0nh 1 \u0111\u1ed5i 1 trong 01 n\u0103m<\/p>\n<p><img loading=\"lazy\" decoding=\"async\" class=\"alignnone size-full wp-image-2833\" src=\"https:\/\/autothaiduong.vn\/wp-content\/uploads\/2025\/05\/1-14-2.jpg\" alt=\"\" width=\"1280\" height=\"1280\" srcset=\"https:\/\/autothaiduong.vn\/wp-content\/uploads\/2025\/05\/1-14-2.jpg 1280w, https:\/\/autothaiduong.vn\/wp-content\/uploads\/2025\/05\/1-14-2-600x600.jpg 600w, https:\/\/autothaiduong.vn\/wp-content\/uploads\/2025\/05\/1-14-2-1024x1024.jpg 1024w, https:\/\/autothaiduong.vn\/wp-content\/uploads\/2025\/05\/1-14-2-300x300.jpg 300w, https:\/\/autothaiduong.vn\/wp-content\/uploads\/2025\/05\/1-14-2-768x768.jpg 768w, https:\/\/autothaiduong.vn\/wp-content\/uploads\/2025\/05\/1-14-2-100x100.jpg 100w, https:\/\/autothaiduong.vn\/wp-content\/uploads\/2025\/05\/1-14-2-50x50.jpg 50w\" sizes=\"auto, (max-width: 1280px) 100vw, 1280px\" \/><img loading=\"lazy\" decoding=\"async\" class=\"alignnone size-full wp-image-2834\" src=\"https:\/\/autothaiduong.vn\/wp-content\/uploads\/2025\/05\/2-16.jpg\" alt=\"\" width=\"1280\" height=\"1280\" srcset=\"https:\/\/autothaiduong.vn\/wp-content\/uploads\/2025\/05\/2-16.jpg 1280w, https:\/\/autothaiduong.vn\/wp-content\/uploads\/2025\/05\/2-16-600x600.jpg 600w, https:\/\/autothaiduong.vn\/wp-content\/uploads\/2025\/05\/2-16-1024x1024.jpg 1024w, https:\/\/autothaiduong.vn\/wp-content\/uploads\/2025\/05\/2-16-300x300.jpg 300w, https:\/\/autothaiduong.vn\/wp-content\/uploads\/2025\/05\/2-16-768x768.jpg 768w, https:\/\/autothaiduong.vn\/wp-content\/uploads\/2025\/05\/2-16-100x100.jpg 100w, https:\/\/autothaiduong.vn\/wp-content\/uploads\/2025\/05\/2-16-50x50.jpg 50w\" sizes=\"auto, (max-width: 1280px) 100vw, 1280px\" \/><img loading=\"lazy\" decoding=\"async\" class=\"alignnone size-full wp-image-2835\" src=\"https:\/\/autothaiduong.vn\/wp-content\/uploads\/2025\/05\/3-16.jpg\" alt=\"\" width=\"1280\" height=\"1280\" srcset=\"https:\/\/autothaiduong.vn\/wp-content\/uploads\/2025\/05\/3-16.jpg 1280w, https:\/\/autothaiduong.vn\/wp-content\/uploads\/2025\/05\/3-16-600x600.jpg 600w, https:\/\/autothaiduong.vn\/wp-content\/uploads\/2025\/05\/3-16-1024x1024.jpg 1024w, https:\/\/autothaiduong.vn\/wp-content\/uploads\/2025\/05\/3-16-300x300.jpg 300w, https:\/\/autothaiduong.vn\/wp-content\/uploads\/2025\/05\/3-16-768x768.jpg 768w, https:\/\/autothaiduong.vn\/wp-content\/uploads\/2025\/05\/3-16-100x100.jpg 100w, https:\/\/autothaiduong.vn\/wp-content\/uploads\/2025\/05\/3-16-50x50.jpg 50w\" sizes=\"auto, (max-width: 1280px) 100vw, 1280px\" \/><img loading=\"lazy\" decoding=\"async\" class=\"alignnone size-full wp-image-2836\" src=\"https:\/\/autothaiduong.vn\/wp-content\/uploads\/2025\/05\/4-12-1.jpg\" alt=\"\" width=\"1280\" height=\"1280\" srcset=\"https:\/\/autothaiduong.vn\/wp-content\/uploads\/2025\/05\/4-12-1.jpg 1280w, https:\/\/autothaiduong.vn\/wp-content\/uploads\/2025\/05\/4-12-1-600x600.jpg 600w, https:\/\/autothaiduong.vn\/wp-content\/uploads\/2025\/05\/4-12-1-1024x1024.jpg 1024w, https:\/\/autothaiduong.vn\/wp-content\/uploads\/2025\/05\/4-12-1-300x300.jpg 300w, https:\/\/autothaiduong.vn\/wp-content\/uploads\/2025\/05\/4-12-1-768x768.jpg 768w, https:\/\/autothaiduong.vn\/wp-content\/uploads\/2025\/05\/4-12-1-100x100.jpg 100w, https:\/\/autothaiduong.vn\/wp-content\/uploads\/2025\/05\/4-12-1-50x50.jpg 50w\" sizes=\"auto, (max-width: 1280px) 100vw, 1280px\" \/><\/p>\n<\/div>\n<div class=\"row row-small productprice\"><\/div>\n","protected":false},"excerpt":{"rendered":"<p><em><strong>Auto Th\u00e1i D\u01b0\u01a1ng- \u0110\u1ea1i L\u00ed Ch\u00ednh H\u00e3ng Maxviss T\u1ea1i TP.B\u1ea3o L\u1ed9c\u00a0<\/strong><\/em><\/p>\n<p><em><strong>273-275 Tr\u1ea7n Ph\u00fa Ph\u01b0\u1eddng L\u1ed9c S\u01a1n Th\u00e0nh Ph\u1ed1 B\u1ea3o L\u1ed9c T\u1ec9nh L\u00e2m \u0110\u1ed3ng <\/strong><\/em><\/p>\n<p><em><strong>Hotline: 0912197441<\/strong><\/em><\/p>\n<table border=\"1\">\n<tbody>\n<tr>\n<td>S\u1ea3n ph\u1ea9m<\/td>\n<td>Bi LED Pha H4 mini<\/td>\n<\/tr>\n<tr>\n<td>Model<\/td>\n<td width=\"270\">Z1<\/td>\n<\/tr>\n<tr>\n<td width=\"100\">Ch\u00e2n b\u00f3ng<\/td>\n<td width=\"270\">H4<\/td>\n<\/tr>\n<tr>\n<td>K\u00edch th\u01b0\u1edbc th\u1ed5ng th\u1ec3<\/td>\n<td>5x5x11,5cm<\/td>\n<\/tr>\n<tr>\n<td>\u00c1nh s\u00e1ng<\/td>\n<td>6000K<\/td>\n<\/tr>\n<tr>\n<td>C\u00f4ng su\u1ea5t<\/td>\n<td>45W<\/td>\n<\/tr>\n<tr>\n<td width=\"100\">\u0110i\u1ec7n \u00e1p<\/td>\n<td width=\"270\">12V<\/td>\n<\/tr>\n<tr>\n<td width=\"100\">T\u1ea3n nhi\u1ec7t<\/td>\n<td width=\"270\">Qu\u1ea1t t\u1ea3n nhi\u1ec7t tu\u1ed5i th\u1ecd &gt;30.000 gi\u1edd<\/td>\n<\/tr>\n<tr>\n<td>Nhi\u1ec7t \u0111\u1ed9 ho\u1ea1t \u0111\u1ed9ng<\/td>\n<td>-30\u00b0 ~ 120\u2103<\/td>\n<\/tr>\n<\/tbody>\n<\/table>\n<p>&nbsp;<\/p>\n","protected":false},"featured_media":2836,"comment_status":"open","ping_status":"closed","template":"","meta":[],"product_brand":[146],"product_cat":[16,25],"product_tag":[],"class_list":{"0":"post-2829","1":"product","2":"type-product","3":"status-publish","4":"has-post-thumbnail","6":"product_brand-maxviss","7":"product_cat-anh-sang","8":"product_cat-bong-led","10":"first","11":"instock","12":"shipping-taxable","13":"purchasable","14":"product-type-variable"},"_links":{"self":[{"href":"https:\/\/autothaiduong.vn\/index.php?rest_route=\/wp\/v2\/product\/2829","targetHints":{"allow":["GET"]}}],"collection":[{"href":"https:\/\/autothaiduong.vn\/index.php?rest_route=\/wp\/v2\/product"}],"about":[{"href":"https:\/\/autothaiduong.vn\/index.php?rest_route=\/wp\/v2\/types\/product"}],"replies":[{"embeddable":true,"href":"https:\/\/autothaiduong.vn\/index.php?rest_route=%2Fwp%2Fv2%2Fcomments&post=2829"}],"wp:featuredmedia":[{"embeddable":true,"href":"https:\/\/autothaiduong.vn\/index.php?rest_route=\/wp\/v2\/media\/2836"}],"wp:attachment":[{"href":"https:\/\/autothaiduong.vn\/index.php?rest_route=%2Fwp%2Fv2%2Fmedia&parent=2829"}],"wp:term":[{"taxonomy":"product_brand","embeddable":true,"href":"https:\/\/autothaiduong.vn\/index.php?rest_route=%2Fwp%2Fv2%2Fproduct_brand&post=2829"},{"taxonomy":"product_cat","embeddable":true,"href":"https:\/\/autothaiduong.vn\/index.php?rest_route=%2Fwp%2Fv2%2Fproduct_cat&post=2829"},{"taxonomy":"product_tag","embeddable":true,"href":"https:\/\/autothaiduong.vn\/index.php?rest_route=%2Fwp%2Fv2%2Fproduct_tag&post=2829"}],"curies":[{"name":"wp","href":"https:\/\/api.w.org\/{rel}","templated":true}]}}