{"id":2837,"date":"2025-05-21T14:29:57","date_gmt":"2025-05-21T14:29:57","guid":{"rendered":"https:\/\/autothaiduong.vn\/?post_type=product&#038;p=2837"},"modified":"2025-05-21T14:32:39","modified_gmt":"2025-05-21T14:32:39","slug":"bong-led-dau-bi-maxviss-h4","status":"publish","type":"product","link":"https:\/\/autothaiduong.vn\/?product=bong-led-dau-bi-maxviss-h4","title":{"rendered":"B\u00f3ng Led \u0110\u1ea7u Bi Maxviss H4"},"content":{"rendered":"<p><img loading=\"lazy\" decoding=\"async\" class=\" wp-image-2492 aligncenter\" src=\"https:\/\/autothaiduong.vn\/wp-content\/uploads\/2025\/05\/z6584734442481_f208f5944548cb4b46353402ce2e64e0-4.jpg\" alt=\"\" width=\"371\" height=\"328\" \/><\/p>\n<p style=\"text-align: center;\"><span style=\"font-size: 140%; color: #ff0000;\"><strong>273-275 Tr\u1ea7n Ph\u00fa Ph\u01b0\u1eddng L\u1ed9c S\u01a1n Th\u00e0nh Ph\u1ed1 B\u1ea3o L\u1ed9c T\u1ec9nh L\u00e2m \u0110\u1ed3ng<\/strong><\/span><\/p>\n<p style=\"text-align: center;\"><span style=\"font-size: 140%; color: #ff0000;\"><strong> Hotline: 0912197441<\/strong><\/span><\/p>\n<p><img loading=\"lazy\" decoding=\"async\" class=\"alignnone size-full wp-image-2840\" src=\"https:\/\/autothaiduong.vn\/wp-content\/uploads\/2025\/05\/H4-mini-3-mau.jpg\" alt=\"BI LED MAXVISS H4 MINI 3 CH\u1ebe \u0110\u1ed8\" width=\"1280\" height=\"416\" srcset=\"https:\/\/autothaiduong.vn\/wp-content\/uploads\/2025\/05\/H4-mini-3-mau.jpg 1280w, https:\/\/autothaiduong.vn\/wp-content\/uploads\/2025\/05\/H4-mini-3-mau-600x195.jpg 600w, https:\/\/autothaiduong.vn\/wp-content\/uploads\/2025\/05\/H4-mini-3-mau-1024x333.jpg 1024w, https:\/\/autothaiduong.vn\/wp-content\/uploads\/2025\/05\/H4-mini-3-mau-768x250.jpg 768w\" sizes=\"auto, (max-width: 1280px) 100vw, 1280px\" \/><\/p>\n<p>\ud83d\udccc MAXVISS H4 MINI 3 CH\u1ebe \u0110\u1ed8 l\u00e0 phi\u00ean b\u1ea3n m\u1edbi c\u1ee7a d\u00f2ng H4 MINI nh\u00e0 MAXVISS<\/p>\n<p>\ud83d\udccc S\u1eed d\u1ee5ng chip LED \u0111\u1eddi m\u1edbi cho \u00e1nh s\u00e1ng Cos r\u1ed9ng v\u00e0 t\u00e2m pha c\u0103ng. T\u0103ng c\u01b0\u1eddng kh\u1ea3 n\u0103ng chi\u1ebfu s\u00e1ng<\/p>\n<p>\ud83d\udccc 3 ch\u1ebf \u0111\u1ed9 m\u00e0u linh ho\u1ea1t 3000K\/4300K\/6500K ph\u00f9 h\u1ee3p v\u1edbi m\u1ecdi \u0111i\u1ec1u ki\u1ec7n th\u1eddi ti\u1ebft<\/p>\n<p>\ud83d\udccc C\u00f4ng su\u1ea5t 55W<\/p>\n<p>\ud83d\udccc \u0110ui v\u1eb7n d\u1ec5 d\u00e0ng l\u1eafp \u0111\u1eb7t, s\u1eed d\u1ee5ng tr\u00ean c\u00e1c d\u00f2ng xe c\u00f3 ch\u00e2n b\u00f3ng H4<\/p>\n<p>\ud83d\udccc B\u1ea3o h\u00e0nh 1 \u0111\u1ed5i 1 trong 02 n\u0103m<\/p>\n<p><img loading=\"lazy\" decoding=\"async\" class=\"alignnone size-full wp-image-2841\" src=\"https:\/\/autothaiduong.vn\/wp-content\/uploads\/2025\/05\/1-13-1.jpg\" alt=\"\" width=\"1280\" height=\"1280\" srcset=\"https:\/\/autothaiduong.vn\/wp-content\/uploads\/2025\/05\/1-13-1.jpg 1280w, https:\/\/autothaiduong.vn\/wp-content\/uploads\/2025\/05\/1-13-1-600x600.jpg 600w, https:\/\/autothaiduong.vn\/wp-content\/uploads\/2025\/05\/1-13-1-1024x1024.jpg 1024w, https:\/\/autothaiduong.vn\/wp-content\/uploads\/2025\/05\/1-13-1-300x300.jpg 300w, https:\/\/autothaiduong.vn\/wp-content\/uploads\/2025\/05\/1-13-1-768x768.jpg 768w, https:\/\/autothaiduong.vn\/wp-content\/uploads\/2025\/05\/1-13-1-100x100.jpg 100w, https:\/\/autothaiduong.vn\/wp-content\/uploads\/2025\/05\/1-13-1-50x50.jpg 50w\" sizes=\"auto, (max-width: 1280px) 100vw, 1280px\" \/><img loading=\"lazy\" decoding=\"async\" class=\"alignnone size-full wp-image-2842\" src=\"https:\/\/autothaiduong.vn\/wp-content\/uploads\/2025\/05\/2-15.jpg\" alt=\"\" width=\"1280\" height=\"1280\" srcset=\"https:\/\/autothaiduong.vn\/wp-content\/uploads\/2025\/05\/2-15.jpg 1280w, https:\/\/autothaiduong.vn\/wp-content\/uploads\/2025\/05\/2-15-600x600.jpg 600w, https:\/\/autothaiduong.vn\/wp-content\/uploads\/2025\/05\/2-15-1024x1024.jpg 1024w, https:\/\/autothaiduong.vn\/wp-content\/uploads\/2025\/05\/2-15-300x300.jpg 300w, https:\/\/autothaiduong.vn\/wp-content\/uploads\/2025\/05\/2-15-768x768.jpg 768w, https:\/\/autothaiduong.vn\/wp-content\/uploads\/2025\/05\/2-15-100x100.jpg 100w, https:\/\/autothaiduong.vn\/wp-content\/uploads\/2025\/05\/2-15-50x50.jpg 50w\" sizes=\"auto, (max-width: 1280px) 100vw, 1280px\" \/><img loading=\"lazy\" decoding=\"async\" class=\"alignnone size-full wp-image-2843\" src=\"https:\/\/autothaiduong.vn\/wp-content\/uploads\/2025\/05\/3-15.jpg\" alt=\"\" width=\"1280\" height=\"1280\" srcset=\"https:\/\/autothaiduong.vn\/wp-content\/uploads\/2025\/05\/3-15.jpg 1280w, https:\/\/autothaiduong.vn\/wp-content\/uploads\/2025\/05\/3-15-600x600.jpg 600w, https:\/\/autothaiduong.vn\/wp-content\/uploads\/2025\/05\/3-15-1024x1024.jpg 1024w, https:\/\/autothaiduong.vn\/wp-content\/uploads\/2025\/05\/3-15-300x300.jpg 300w, https:\/\/autothaiduong.vn\/wp-content\/uploads\/2025\/05\/3-15-768x768.jpg 768w, https:\/\/autothaiduong.vn\/wp-content\/uploads\/2025\/05\/3-15-100x100.jpg 100w, https:\/\/autothaiduong.vn\/wp-content\/uploads\/2025\/05\/3-15-50x50.jpg 50w\" sizes=\"auto, (max-width: 1280px) 100vw, 1280px\" \/><img loading=\"lazy\" decoding=\"async\" class=\"alignnone size-full wp-image-2844\" src=\"https:\/\/autothaiduong.vn\/wp-content\/uploads\/2025\/05\/4-11-1.jpg\" alt=\"\" width=\"1280\" height=\"1280\" srcset=\"https:\/\/autothaiduong.vn\/wp-content\/uploads\/2025\/05\/4-11-1.jpg 1280w, https:\/\/autothaiduong.vn\/wp-content\/uploads\/2025\/05\/4-11-1-600x600.jpg 600w, https:\/\/autothaiduong.vn\/wp-content\/uploads\/2025\/05\/4-11-1-1024x1024.jpg 1024w, https:\/\/autothaiduong.vn\/wp-content\/uploads\/2025\/05\/4-11-1-300x300.jpg 300w, https:\/\/autothaiduong.vn\/wp-content\/uploads\/2025\/05\/4-11-1-768x768.jpg 768w, https:\/\/autothaiduong.vn\/wp-content\/uploads\/2025\/05\/4-11-1-100x100.jpg 100w, https:\/\/autothaiduong.vn\/wp-content\/uploads\/2025\/05\/4-11-1-50x50.jpg 50w\" sizes=\"auto, (max-width: 1280px) 100vw, 1280px\" \/><\/p>\n","protected":false},"excerpt":{"rendered":"<p><em><strong>Auto Th\u00e1i D\u01b0\u01a1ng- \u0110\u1ea1i L\u00ed Ch\u00ednh H\u00e3ng Maxviss T\u1ea1i TP.B\u1ea3o L\u1ed9c<\/strong><\/em><\/p>\n<p><em><strong>273-275 Tr\u1ea7n Ph\u00fa Ph\u01b0\u1eddng L\u1ed9c S\u01a1n Th\u00e0nh Ph\u1ed1 B\u1ea3o L\u1ed9c T\u1ec9nh L\u00e2m \u0110\u1ed3ng <\/strong><\/em><\/p>\n<p><em><strong>Hotline: 0912197441<\/strong><\/em><\/p>\n","protected":false},"featured_media":2841,"comment_status":"open","ping_status":"closed","template":"","meta":[],"product_brand":[146],"product_cat":[16,25],"product_tag":[],"class_list":{"0":"post-2837","1":"product","2":"type-product","3":"status-publish","4":"has-post-thumbnail","6":"product_brand-maxviss","7":"product_cat-anh-sang","8":"product_cat-bong-led","10":"first","11":"instock","12":"shipping-taxable","13":"purchasable","14":"product-type-variable"},"_links":{"self":[{"href":"https:\/\/autothaiduong.vn\/index.php?rest_route=\/wp\/v2\/product\/2837","targetHints":{"allow":["GET"]}}],"collection":[{"href":"https:\/\/autothaiduong.vn\/index.php?rest_route=\/wp\/v2\/product"}],"about":[{"href":"https:\/\/autothaiduong.vn\/index.php?rest_route=\/wp\/v2\/types\/product"}],"replies":[{"embeddable":true,"href":"https:\/\/autothaiduong.vn\/index.php?rest_route=%2Fwp%2Fv2%2Fcomments&post=2837"}],"wp:featuredmedia":[{"embeddable":true,"href":"https:\/\/autothaiduong.vn\/index.php?rest_route=\/wp\/v2\/media\/2841"}],"wp:attachment":[{"href":"https:\/\/autothaiduong.vn\/index.php?rest_route=%2Fwp%2Fv2%2Fmedia&parent=2837"}],"wp:term":[{"taxonomy":"product_brand","embeddable":true,"href":"https:\/\/autothaiduong.vn\/index.php?rest_route=%2Fwp%2Fv2%2Fproduct_brand&post=2837"},{"taxonomy":"product_cat","embeddable":true,"href":"https:\/\/autothaiduong.vn\/index.php?rest_route=%2Fwp%2Fv2%2Fproduct_cat&post=2837"},{"taxonomy":"product_tag","embeddable":true,"href":"https:\/\/autothaiduong.vn\/index.php?rest_route=%2Fwp%2Fv2%2Fproduct_tag&post=2837"}],"curies":[{"name":"wp","href":"https:\/\/api.w.org\/{rel}","templated":true}]}}