{"id":2845,"date":"2025-05-21T14:48:22","date_gmt":"2025-05-21T14:48:22","guid":{"rendered":"https:\/\/autothaiduong.vn\/?post_type=product&#038;p=2845"},"modified":"2025-05-21T14:48:36","modified_gmt":"2025-05-21T14:48:36","slug":"bong-led-pha-3-mau-v11-3-che-do-mau","status":"publish","type":"product","link":"https:\/\/autothaiduong.vn\/?product=bong-led-pha-3-mau-v11-3-che-do-mau","title":{"rendered":"B\u00f3ng LED pha 3 m\u00e0u V11 3 Ch\u1ebf \u0110\u1ed9 M\u00e0u"},"content":{"rendered":"<p><img loading=\"lazy\" decoding=\"async\" class=\" wp-image-2492 aligncenter\" src=\"https:\/\/autothaiduong.vn\/wp-content\/uploads\/2025\/05\/z6584734442481_f208f5944548cb4b46353402ce2e64e0-4.jpg\" alt=\"\" width=\"305\" height=\"270\" \/><\/p>\n<p style=\"text-align: center;\"><span style=\"color: #ff0000;\"><strong><span style=\"font-size: 140%;\">273-275 Tr\u1ea7n Ph\u00fa Ph\u01b0\u1eddng L\u1ed9c S\u01a1n Th\u00e0nh Ph\u1ed1 B\u1ea3o L\u1ed9c T\u1ec9nh L\u00e2m \u0110\u1ed3ng<\/span><\/strong><\/span><\/p>\n<p style=\"text-align: center;\"><span style=\"color: #ff0000;\"><strong><span style=\"font-size: 140%;\"> Hotline: 0912197441<\/span><\/strong><\/span><\/p>\n<div>\n<p><iframe loading=\"lazy\" title=\"C\u1ef0C HOT !!! Tr\u1ea3i Nghi\u1ec7m \u00c1nh S\u00e1ng Th\u1ef1c T\u1ebf B\u00f3ng LED 3 M\u00e0u V11 c\u1ee7a HCLight Auto\" src=\"https:\/\/www.youtube.com\/embed\/p7SxCHAnEYg?feature=oembed\" width=\"1020\" height=\"574\" frameborder=\"0\" allowfullscreen=\"allowfullscreen\" data-mce-fragment=\"1\"><\/iframe><\/p>\n<\/div>\n<h2><strong>TH\u00d4NG S\u1ed0 K\u1ef8 THU\u1eacT<\/strong><\/h2>\n<table dir=\"ltr\" border=\"1\" width=\"260\" cellspacing=\"0\" cellpadding=\"0\">\n<tbody>\n<tr>\n<td>Lo\u1ea1i \u0111\u00e8n<\/td>\n<td>LED Headlight<\/td>\n<\/tr>\n<tr>\n<td>LED chip<\/td>\n<td>3570<\/td>\n<\/tr>\n<tr>\n<td>Quang th\u00f4ng<\/td>\n<td>3800LM<\/td>\n<\/tr>\n<tr>\n<td>Nhi\u1ec7t m\u00e0u<\/td>\n<td>6000K\/4300K\/3000K<\/td>\n<\/tr>\n<tr>\n<td>C\u00f4ng su\u1ea5t<\/td>\n<td>38W<\/td>\n<\/tr>\n<tr>\n<td>\u0110i\u1ec7n \u00e1p<\/td>\n<td>9-16V<\/td>\n<\/tr>\n<tr>\n<td>C\u01b0\u1eddng \u0111\u1ed9 d\u00f2ng \u0111i\u1ec7n<\/td>\n<td>3.3A<\/td>\n<\/tr>\n<tr>\n<td>Ch\u1ecbu nhi\u1ec7t<\/td>\n<td>-40\u00b0C \u0111\u1ebfn +105\u00b0C<\/td>\n<\/tr>\n<tr>\n<td>Kho\u1ea3ng c\u00e1ch chi\u1ebfu xa<\/td>\n<td>350-450m<\/td>\n<\/tr>\n<tr>\n<td>Tu\u1ed5i th\u1ecd<\/td>\n<td>&gt; 30.000 gi\u1edd<\/td>\n<\/tr>\n<tr>\n<td>Ch\u1ec9 s\u1ed1 ch\u1ed1ng n\u01b0\u1edbc<\/td>\n<td>IP65<\/td>\n<\/tr>\n<tr>\n<td>B\u1ea3o h\u00e0nh<\/td>\n<td>12 th\u00e1ng<\/td>\n<\/tr>\n<tr>\n<td>C\u00e1c ch\u00e2n<\/td>\n<td>H1, H3, H4, H7, H11, 9005, 9006, 9012<\/td>\n<\/tr>\n<\/tbody>\n<\/table>\n<p>&nbsp;<\/p>\n<h2><strong>M\u00d4 T\u1ea2 S\u1ea2N PH\u1ea8M<\/strong><\/h2>\n<p>\u0110\u00e8n Bi LED V11 l\u00e0 s\u1ea3n ph\u1ea9m m\u1edbi nh\u1ea5t c\u1ee7a HCLight Auto, \u0111\u01b0\u1ee3c thi\u1ebft k\u1ebf v\u1edbi nhi\u1ec1u \u01b0u \u0111i\u1ec3m v\u01b0\u1ee3t tr\u1ed9i so v\u1edbi c\u00e1c lo\u1ea1i \u0111\u00e8n bi LED kh\u00e1c tr\u00ean th\u1ecb tr\u01b0\u1eddng.<\/p>\n<ol>\n<li><b>T\u00ednh linh ho\u1ea1t:\u00a0<\/b>Bi LED V11 s\u1edf h\u1eefu 3 ch\u1ebf \u0111\u1ed9 m\u00e0u 6000K\/4300K\/3000K trong 1 b\u00f3ng \u0111\u00e8n, gi\u00fap t\u00e0i x\u1ebf d\u1ec5 d\u00e0ng \u0111i\u1ec1u ch\u1ec9nh \u00e1nh s\u00e1ng ph\u00f9 h\u1ee3p v\u1edbi t\u1eebng \u0111i\u1ec1u ki\u1ec7n th\u1eddi ti\u1ebft. \u00c1nh s\u00e1ng tr\u1eafng 6000K cho t\u1ea7m nh\u00ecn xa, ph\u00f9 h\u1ee3p di chuy\u1ec3n tr\u00ean \u0111\u01b0\u1eddng cao t\u1ed1c. \u00c1nh s\u00e1ng v\u00e0ng 4300K cho kh\u1ea3 n\u0103ng b\u00e1m \u0111\u01b0\u1eddng t\u1ed1t trong \u0111i\u1ec1u ki\u1ec7n th\u1eddi ti\u1ebft m\u01b0a, s\u01b0\u01a1ng m\u00f9. \u00c1nh s\u00e1ng v\u00e0ng n\u1eafng 3000K h\u1ed7 tr\u1ee3 di chuy\u1ec3n trong khu v\u1ef1c n\u1ed9i th\u00e0nh, s\u01b0\u01a1ng m\u00f9 d\u00e0y \u0111\u1eb7c.<\/li>\n<\/ol>\n<p><img loading=\"lazy\" decoding=\"async\" class=\"alignnone size-full wp-image-2854\" src=\"https:\/\/autothaiduong.vn\/wp-content\/uploads\/2025\/05\/DSCF5021-scaled-1.jpg\" alt=\"\" width=\"1280\" height=\"774\" srcset=\"https:\/\/autothaiduong.vn\/wp-content\/uploads\/2025\/05\/DSCF5021-scaled-1.jpg 1280w, https:\/\/autothaiduong.vn\/wp-content\/uploads\/2025\/05\/DSCF5021-scaled-1-600x363.jpg 600w, https:\/\/autothaiduong.vn\/wp-content\/uploads\/2025\/05\/DSCF5021-scaled-1-1024x619.jpg 1024w, https:\/\/autothaiduong.vn\/wp-content\/uploads\/2025\/05\/DSCF5021-scaled-1-768x464.jpg 768w\" sizes=\"auto, (max-width: 1280px) 100vw, 1280px\" \/><\/p>\n<p><b>2. Hi\u1ec7u su\u1ea5t v\u01b0\u1ee3t tr\u1ed9i:\u00a0<\/b>V\u1edbi C\u00f4ng ngh\u1ec7 LED ti\u00ean ti\u1ebfn: Bi LED V11 s\u1eed d\u1ee5ng chip LED 3570 cho hi\u1ec7u su\u1ea5t ph\u00e1t s\u00e1ng cao, ti\u1ebft ki\u1ec7m n\u0103ng l\u01b0\u1ee3ng v\u00e0 tu\u1ed5i th\u1ecd l\u00ean \u0111\u1ebfn 30.000 gi\u1edd. B\u00ean c\u1ea1nh \u0111\u00f3, c\u01b0\u1eddng \u0111\u1ed9 s\u00e1ng 3800LM cho kh\u1ea3 n\u0103ng chi\u1ebfu s\u00e1ng v\u01b0\u1ee3t tr\u1ed9i, gi\u00fap t\u00e0i x\u1ebf quan s\u00e1t r\u00f5 r\u00e0ng h\u01a1n khi di chuy\u1ec3n v\u00e0o ban \u0111\u00eam. \u0110\u1eb7c bi\u1ec7t Bi LED V11 c\u00f3 t\u1ea7m chi\u1ebfu xa l\u00ean \u0111\u1ebfn 350-450m, \u0111\u1ea3m b\u1ea3o an to\u00e0n khi di chuy\u1ec3n tr\u00ean \u0111\u01b0\u1eddng tr\u01b0\u1eddng.<\/p>\n<p><img loading=\"lazy\" decoding=\"async\" class=\"alignnone size-full wp-image-2855\" src=\"https:\/\/autothaiduong.vn\/wp-content\/uploads\/2025\/05\/DSCF5015-scaled-1.jpg\" alt=\"\" width=\"1280\" height=\"720\" srcset=\"https:\/\/autothaiduong.vn\/wp-content\/uploads\/2025\/05\/DSCF5015-scaled-1.jpg 1280w, https:\/\/autothaiduong.vn\/wp-content\/uploads\/2025\/05\/DSCF5015-scaled-1-600x338.jpg 600w, https:\/\/autothaiduong.vn\/wp-content\/uploads\/2025\/05\/DSCF5015-scaled-1-1024x576.jpg 1024w, https:\/\/autothaiduong.vn\/wp-content\/uploads\/2025\/05\/DSCF5015-scaled-1-768x432.jpg 768w\" sizes=\"auto, (max-width: 1280px) 100vw, 1280px\" \/>3.\u00a0<b>B\u1ec1n b\u1ec9 v\u00e0 tin c\u1eady:\u00a0<\/b>C\u00f4ng ngh\u1ec7 t\u1ea3n nhi\u1ec7t 2 l\u00f5i \u0111\u1ed3ng, gi\u00fap b\u00f3ng \u0111\u00e8n ho\u1ea1t \u0111\u1ed9ng \u1ed5n \u0111\u1ecbnh, h\u1ea1n ch\u1ebf t\u1ed1i \u0111a t\u00ecnh tr\u1ea1ng n\u00f3ng ch\u1ea3y, t\u0103ng tu\u1ed5i th\u1ecd s\u1eed d\u1ee5ng. C\u1ea5p \u0111\u1ed9 b\u1ea3o v\u1ec7 IP65 gi\u00fap Bi LED V11 ho\u1ea1t \u0111\u1ed9ng hi\u1ec7u qu\u1ea3 trong m\u1ecdi \u0111i\u1ec1u ki\u1ec7n th\u1eddi ti\u1ebft kh\u1eafc nghi\u1ec7t. Cu\u1ed1i c\u00f9ng, HCLight Auto cam k\u1ebft b\u1ea3o h\u00e0nh 12 th\u00e1ng cho s\u1ea3n ph\u1ea9m Bi LED V11, mang \u0111\u1ebfn s\u1ef1 an t\u00e2m cho ng\u01b0\u1eddi s\u1eed d\u1ee5ng.<\/p>\n<p>&nbsp;<\/p>\n","protected":false},"excerpt":{"rendered":"<p><em><strong>Auto Th\u00e1i D\u01b0\u01a1ng\u00a0<\/strong><\/em><\/p>\n<p><em><strong>273-275 Tr\u1ea7n Ph\u00fa Ph\u01b0\u1eddng L\u1ed9c S\u01a1n Th\u00e0nh Ph\u1ed1 B\u1ea3o L\u1ed9c T\u1ec9nh L\u00e2m \u0110\u1ed3ng <\/strong><\/em><\/p>\n<p><em><strong>Hotline: 0912197441<\/strong><\/em><\/p>\n<p>&nbsp;<\/p>\n","protected":false},"featured_media":2853,"comment_status":"open","ping_status":"closed","template":"","meta":[],"product_brand":[],"product_cat":[16,25],"product_tag":[],"class_list":{"0":"post-2845","1":"product","2":"type-product","3":"status-publish","4":"has-post-thumbnail","6":"product_cat-anh-sang","7":"product_cat-bong-led","9":"first","10":"instock","11":"shipping-taxable","12":"purchasable","13":"product-type-variable"},"_links":{"self":[{"href":"https:\/\/autothaiduong.vn\/index.php?rest_route=\/wp\/v2\/product\/2845","targetHints":{"allow":["GET"]}}],"collection":[{"href":"https:\/\/autothaiduong.vn\/index.php?rest_route=\/wp\/v2\/product"}],"about":[{"href":"https:\/\/autothaiduong.vn\/index.php?rest_route=\/wp\/v2\/types\/product"}],"replies":[{"embeddable":true,"href":"https:\/\/autothaiduong.vn\/index.php?rest_route=%2Fwp%2Fv2%2Fcomments&post=2845"}],"wp:featuredmedia":[{"embeddable":true,"href":"https:\/\/autothaiduong.vn\/index.php?rest_route=\/wp\/v2\/media\/2853"}],"wp:attachment":[{"href":"https:\/\/autothaiduong.vn\/index.php?rest_route=%2Fwp%2Fv2%2Fmedia&parent=2845"}],"wp:term":[{"taxonomy":"product_brand","embeddable":true,"href":"https:\/\/autothaiduong.vn\/index.php?rest_route=%2Fwp%2Fv2%2Fproduct_brand&post=2845"},{"taxonomy":"product_cat","embeddable":true,"href":"https:\/\/autothaiduong.vn\/index.php?rest_route=%2Fwp%2Fv2%2Fproduct_cat&post=2845"},{"taxonomy":"product_tag","embeddable":true,"href":"https:\/\/autothaiduong.vn\/index.php?rest_route=%2Fwp%2Fv2%2Fproduct_tag&post=2845"}],"curies":[{"name":"wp","href":"https:\/\/api.w.org\/{rel}","templated":true}]}}