{"id":2958,"date":"2025-08-15T08:44:45","date_gmt":"2025-08-15T08:44:45","guid":{"rendered":"https:\/\/autothaiduong.vn\/?post_type=product&#038;p=2958"},"modified":"2025-12-15T12:36:12","modified_gmt":"2025-12-15T12:36:12","slug":"den-bi-gam-x-light-f10-new-2025","status":"publish","type":"product","link":"https:\/\/autothaiduong.vn\/?product=den-bi-gam-x-light-f10-new-2025","title":{"rendered":"\u0110\u00c8N BI G\u1ea6M X-LIGHT F10 NEW (2025) 3.0"},"content":{"rendered":"<p><img loading=\"lazy\" decoding=\"async\" class=\" wp-image-2888 aligncenter\" src=\"https:\/\/autothaiduong.vn\/wp-content\/uploads\/2025\/05\/z6584734442481_f208f5944548cb4b46353402ce2e64e0-5.jpg\" alt=\"\" width=\"299\" height=\"265\" \/><\/p>\n<p style=\"text-align: center;\"><span style=\"font-size: 130%; color: #ff0000;\"><strong>273-275 Tr\u1ea7n Ph\u00fa Ph\u01b0\u1eddng L\u1ed9c S\u01a1n Th\u00e0nh Ph\u1ed1 B\u1ea3o L\u1ed9c T\u1ec9nh L\u00e2m \u0110\u1ed3ng\u00a0<\/strong><\/span><\/p>\n<p style=\"text-align: center;\"><span style=\"font-size: 130%; color: #ff0000;\"><strong>SDT: 0912197441<\/strong><\/span><\/p>\n<p><em>\u0110\u00e8n \u201cbi g\u1ea7m qu\u1ed1c d\u00e2n\u201d F10 New \u0111\u00e3 ch\u00ednh th\u1ee9c quay tr\u1edf l\u1ea1i \u0111\u01b0\u1eddng \u0111ua \u00e1nh s\u00e1ng \u00f4 t\u00f4 v\u1edbi phi\u00ean b\u1ea3n 2025 ho\u00e0n to\u00e0n v\u01b0\u1ee3t tr\u1ed9i. \u1ede phi\u00ean b\u1ea3n m\u1edbi, F10 New kh\u00f4ng ch\u1ec9 \u0111\u01a1n thu\u1ea7n l\u00e0 c\u1ea3i thi\u1ec7n \u00e1nh s\u00e1ng, m\u00e0 l\u00e0 m\u1ed9t b\u01b0\u1edbc \u201cl\u1ed9t x\u00e1c\u201d to\u00e0n di\u1ec7n trong thi\u1ebft k\u1ebf, tr\u1edf th\u00e0nh s\u1ea3n ph\u1ea9m bi g\u1ea7m \u0111\u1ea7u ti\u00ean tr\u00ean th\u1ecb tr\u01b0\u1eddng trang b\u1ecb c\u00f4ng ngh\u1ec7 t\u1ea3n nhi\u1ec7t ch\u1ee7 \u0111\u1ed9ng, \u0111\u00e1nh d\u1ea5u b\u01b0\u1edbc ti\u1ebfn v\u01b0\u1ee3t b\u1eadc trong c\u00f4ng ngh\u1ec7.<\/em><\/p>\n<p><em>V\u1edbi m\u1ed9t thi\u1ebft k\u1ebf hi\u1ec7n \u0111\u1ea1i v\u00e0 ch\u1ea5t l\u01b0\u1ee3ng \u00e1nh s\u00e1ng \u0111\u1ec9nh cao, \u0111\u00e8n bi g\u1ea7m X-Light F10 New (2025) s\u1eb5n s\u00e0ng chinh ph\u1ee5c m\u1ecdi cung \u0111\u01b0\u1eddng, mang l\u1ea1i t\u1ea7m nh\u00ecn r\u00f5 n\u00e9t v\u00e0 b\u1ec1n b\u1ec9 b\u1ea5t ch\u1ea5p th\u1eddi ti\u1ebft kh\u1eafc nghi\u1ec7t. H\u00e3y tr\u1ea3i nghi\u1ec7m \u0111\u1ec3 th\u1ea5y s\u1ef1 kh\u00e1c bi\u1ec7t!<\/em><\/p>\n<h2><strong><a id=\"1-h-nh--nh--nh-s-ng-th--c-t----n-bi-g--m-x-light-f10-new-2025-\" class=\"toc-a-tag\"><\/a>1. H\u00ecnh \u1ea3nh \u00e1nh s\u00e1ng th\u1ef1c t\u1ebf \u0111\u00e8n bi g\u1ea7m X-Light F10 New (2025)<\/strong><\/h2>\n<h3><strong><a id=\"1-1-h-nh--nh--nh-s-ng-th--c-t--cos---n-bi-g--m-x-light-f10-new-2025-\" class=\"toc-a-tag\"><\/a>1.1 H\u00ecnh \u1ea3nh \u00e1nh s\u00e1ng th\u1ef1c t\u1ebf Cos \u0111\u00e8n bi g\u1ea7m X-Light F10 New (2025)<\/strong><\/h3>\n<p><img loading=\"lazy\" decoding=\"async\" class=\"alignnone size-full wp-image-2966\" src=\"https:\/\/autothaiduong.vn\/wp-content\/uploads\/2025\/08\/bi-gam-xlight-f10-new-2025-7-1.png\" alt=\"\" width=\"800\" height=\"800\" srcset=\"https:\/\/autothaiduong.vn\/wp-content\/uploads\/2025\/08\/bi-gam-xlight-f10-new-2025-7-1.png 800w, https:\/\/autothaiduong.vn\/wp-content\/uploads\/2025\/08\/bi-gam-xlight-f10-new-2025-7-1-600x600.png 600w, https:\/\/autothaiduong.vn\/wp-content\/uploads\/2025\/08\/bi-gam-xlight-f10-new-2025-7-1-300x300.png 300w, https:\/\/autothaiduong.vn\/wp-content\/uploads\/2025\/08\/bi-gam-xlight-f10-new-2025-7-1-768x768.png 768w, https:\/\/autothaiduong.vn\/wp-content\/uploads\/2025\/08\/bi-gam-xlight-f10-new-2025-7-1-100x100.png 100w, https:\/\/autothaiduong.vn\/wp-content\/uploads\/2025\/08\/bi-gam-xlight-f10-new-2025-7-1-50x50.png 50w\" sizes=\"auto, (max-width: 800px) 100vw, 800px\" \/><\/p>\n<p><i>\u00c1nh s\u00e1ng Cos bi g\u1ea7m F10 New 2025 m\u1ea1nh b\u1eadc nh\u1ea5t trong ph\u00e2n kh\u00fac bi g\u1ea7m 3.0 inch<\/i><\/p>\n<p>Trong nh\u1eefng h\u00ecnh \u1ea3nh \u00e1nh s\u00e1ng th\u1ef1c t\u1ebf c\u1ee7a \u0111\u00e8n \u201cBi g\u1ea7m qu\u1ed1c d\u00e2n\u201d F10 New (2025) c\u00f3 th\u1ec3 d\u1ec5 d\u00e0ng nh\u1eadn th\u1ea5y \u00e1nh s\u00e1ng Cos c\u1ee7a \u0111\u00e8n s\u1edf h\u1eefu c\u01b0\u1eddng \u0111\u1ed9 c\u1ef1c m\u1ea1nh, t\u1ea1o v\u00f9ng s\u00e1ng d\u00e0y v\u00e0 b\u00e1m \u0111\u01b0\u1eddng tuy\u1ec7t \u0111\u1ed1i. Kh\u00e1c h\u1eb3n v\u1edbi nh\u1eefng d\u00f2ng \u0111\u00e8n g\u1ea7m th\u00f4ng th\u01b0\u1eddng, F10 New (2025) kh\u00f4ng ch\u1ec9 t\u1eadp trung t\u1ed1i \u0111a \u00e1nh s\u00e1ng v\u00e0o t\u00e2m m\u00e0 c\u00f2n ph\u00e2n b\u1ed5 \u0111\u1ec1u sang hai b\u00ean, mang \u0111\u1ebfn t\u1ea7m nh\u00ecn r\u1ed9ng v\u00e0 r\u00f5 n\u00e9t, t\u0103ng c\u01b0\u1eddng kh\u1ea3 n\u0103ng quan s\u00e1t cho ng\u01b0\u1eddi l\u00e1i, t\u1eeb \u0111\u00f3 n\u00e2ng cao an to\u00e0n tr\u00ean m\u1ecdi cung \u0111\u01b0\u1eddng.<\/p>\n<h3><strong><a id=\"1-2-h-nh--nh--nh-s-ng-th--c-t--pha---n-bi-g--m-x-light-f10-new-2025-\" class=\"toc-a-tag\"><\/a>1.2 H\u00ecnh \u1ea3nh \u00e1nh s\u00e1ng th\u1ef1c t\u1ebf Pha \u0111\u00e8n bi g\u1ea7m X-Light F10 New (2025)<\/strong><\/h3>\n<p><img loading=\"lazy\" decoding=\"async\" class=\"alignnone size-full wp-image-2967\" src=\"https:\/\/autothaiduong.vn\/wp-content\/uploads\/2025\/08\/bi-gam-xlight-f10-new-2025-8-1.png\" alt=\"\" width=\"800\" height=\"800\" srcset=\"https:\/\/autothaiduong.vn\/wp-content\/uploads\/2025\/08\/bi-gam-xlight-f10-new-2025-8-1.png 800w, https:\/\/autothaiduong.vn\/wp-content\/uploads\/2025\/08\/bi-gam-xlight-f10-new-2025-8-1-600x600.png 600w, https:\/\/autothaiduong.vn\/wp-content\/uploads\/2025\/08\/bi-gam-xlight-f10-new-2025-8-1-300x300.png 300w, https:\/\/autothaiduong.vn\/wp-content\/uploads\/2025\/08\/bi-gam-xlight-f10-new-2025-8-1-768x768.png 768w, https:\/\/autothaiduong.vn\/wp-content\/uploads\/2025\/08\/bi-gam-xlight-f10-new-2025-8-1-100x100.png 100w, https:\/\/autothaiduong.vn\/wp-content\/uploads\/2025\/08\/bi-gam-xlight-f10-new-2025-8-1-50x50.png 50w\" sizes=\"auto, (max-width: 800px) 100vw, 800px\" \/><\/p>\n<p><i>\u00c1nh s\u00e1ng Pha \u0111\u1ee7 t\u1ed1t, \u0111\u1ee7 xa \u0111\u1ec3 h\u1ed7 tr\u1ee3 quan s\u00e1t \u0111\u01b0\u1eddng d\u00e0i<\/i><\/p>\n<p>Ch\u1ebf \u0111\u1ed9 pha c\u1ee7a \u0111\u00e8n bi g\u1ea7m X-Light F10 New (2025) d\u00f9 kh\u00f4ng qu\u00e1 m\u1ea1nh m\u1ebd nh\u01b0ng l\u1ea1i mang \u0111\u1ebfn hi\u1ec7u qu\u1ea3 chi\u1ebfu s\u00e1ng r\u1ea5t th\u1ef1c t\u1ebf, \u0111\u1ee7 \u0111\u1ec3 \u0111\u00e1p \u1ee9ng nhu c\u1ea7u di chuy\u1ec3n tr\u00ean c\u00e1c tuy\u1ebfn \u0111\u01b0\u1eddng d\u00e0i, \u00edt \u00e1nh s\u00e1ng ph\u1ee5 tr\u1ee3. V\u1edbi t\u1ea7m chi\u1ebfu xa t\u1eadp trung, F10 New kh\u00f4ng ch\u1ec9 m\u1edf r\u1ed9ng t\u1ea7m nh\u00ecn v\u1ec1 ph\u00eda tr\u01b0\u1edbc m\u00e0 c\u00f2n t\u0103ng c\u01b0\u1eddng nh\u1eadn di\u1ec7n v\u1eadt c\u1ea3n, v\u1ea1ch k\u1ebb \u0111\u01b0\u1eddng v\u00e0 ch\u01b0\u1edbng ng\u1ea1i v\u1eadt t\u1eeb kho\u1ea3ng c\u00e1ch an to\u00e0n.<\/p>\n<p>\u0110i\u1ec1u n\u00e0y c\u00e0ng kh\u1eb3ng \u0111\u1ecbnh danh hi\u1ec7u \u201cbi g\u1ea7m qu\u1ed1c d\u00e2n\u201d c\u1ee7a F10 New (2025), khi s\u1ea3n ph\u1ea9m kh\u00f4ng ch\u1ec9 l\u00e0m t\u1ed1t vai tr\u00f2 c\u1ee7a m\u1ed9t \u0111\u00e8n g\u1ea7m t\u0103ng c\u01b0\u1eddng m\u00e0 c\u00f2n s\u1eb5n s\u00e0ng b\u1ed5 tr\u1ee3 t\u1ed1i \u0111a cho h\u1ec7 th\u1ed1ng \u0111\u00e8n pha ch\u00ednh c\u1ee7a xe.<\/p>\n<h2><strong><a id=\"2-c-ng-ngh----n-bi-g--m-x-light-f10-new-2025-\" class=\"toc-a-tag\"><\/a>2. C\u00f4ng ngh\u1ec7 \u0111\u00e8n bi g\u1ea7m X-Light F10 New (2025)<\/strong><\/h2>\n<h3><strong><a id=\"2-1-thi--t-k--ngo--i-h-nh---n-bi-g--m-x-light-f10-new-2025-\" class=\"toc-a-tag\"><\/a>2.1. Thi\u1ebft k\u1ebf ngo\u1ea1i h\u00ecnh \u0111\u00e8n bi g\u1ea7m X-Light F10 New (2025)<\/strong><\/h3>\n<p>\u0110\u00e8n bi g\u1ea7m X-Light F10 New phi\u00ean b\u1ea3n 2025 c\u00f3 k\u00edch th\u01b0\u1edbc t\u1ed5ng th\u1ec3 l\u00e0 129x67x80mm v\u00e0 k\u00edch th\u01b0\u1edbc lens 3.0 inch ti\u00eau chu\u1ea9n. \u0110i\u1ec1u n\u00e0y cho ph\u00e9p s\u1ea3n ph\u1ea9m c\u00f3 th\u1ec3 d\u1ec5 d\u00e0ng l\u1eafp \u0111\u1eb7t v\u00e0o h\u1ed1c \u0111\u00e8n g\u1ea7m c\u1ee7a nhi\u1ec1u d\u00f2ng \u00f4 t\u00f4 tr\u00ean th\u1ecb tr\u01b0\u1eddng hi\u1ec7n nay. Ch\u00ednh nh\u1edd s\u1ef1 t\u1ed1i \u01b0u v\u1ec1 m\u1eb7t k\u00edch th\u01b0\u1edbc v\u00e0 ki\u1ec3u d\u00e1ng n\u00e0y, F10 New (2025) tr\u1edf th\u00e0nh l\u1ef1a ch\u1ecdn l\u00fd t\u01b0\u1edfng, x\u1ee9ng danh l\u00e0 \u201cbi g\u1ea7m qu\u1ed1c d\u00e2n\u201d \u0111\u01b0\u1ee3c nhi\u1ec1u ch\u1ee7 xe n\u00e2ng c\u1ea5p cho \u00f4 t\u00f4 c\u1ee7a m\u00ecnh.<\/p>\n<p>Tr\u00ean th\u00e2n \u0111\u00e8n F10 New (2025) thi\u1ebft k\u1ebf 3 v\u1ecb tr\u00ed th\u00f4ng h\u01a1i v\u00e0 \u0111\u01b0\u1ee3c b\u1ed1 tr\u00ed v\u00f4 c\u00f9ng khoa h\u1ecdc. C\u00e1c n\u00fat th\u00f4ng h\u01a1i n\u00e0y kh\u00f4ng ch\u1ec9 gi\u00fap kh\u00f4ng kh\u00ed b\u00ean trong \u0111\u00e8n \u0111\u01b0\u1ee3c l\u01b0u th\u00f4ng d\u1ec5 d\u00e0ng m\u00e0 c\u00f2n \u0111\u00f3ng vai tr\u00f2 quan tr\u1ecdng trong qu\u00e1 tr\u00ecnh tho\u00e1t nhi\u1ec7t v\u00e0 tho\u00e1t h\u01a1i trong qu\u00e1 tr\u00ecnh \u0111\u00e8n ho\u1ea1t \u0111\u1ed9ng.<\/p>\n<p>M\u1ed9t \u0111i\u1ec3m v\u00f4 c\u00f9ng \u0111\u00e1ng gi\u00e1 tr\u00ean si\u00eau ph\u1ea9m bi g\u1ea7m qu\u1ed1c d\u00e2n n\u00e0y ch\u00ednh l\u00e0 h\u1ec7 th\u1ed1ng qu\u1ea1t t\u1ea3n nhi\u1ec7t \u0111\u01b0\u1ee3c b\u1ed1 tr\u00ed b\u00ean ngo\u00e0i \u0111\u00e8n, gi\u00fap t\u0103ng c\u01b0\u1eddng t\u1ed1i \u0111a kh\u1ea3 n\u0103ng l\u00e0m m\u00e1t. \u0110\u1eb7c bi\u1ec7t, qu\u1ea1t \u0111\u01b0\u1ee3c thi\u1ebft k\u1ebf d\u01b0\u1edbi d\u1ea1ng \u0111\u1ed9c l\u1eadp, ho\u00e0n to\u00e0n c\u00f3 th\u1ec3 th\u00e1o r\u1eddi v\u00e0 thay th\u1ebf ri\u00eang bi\u1ec7t. \u01afu \u0111i\u1ec3m n\u00e0y kh\u00f4ng ch\u1ec9 gi\u00fap qu\u00e1 tr\u00ecnh b\u1ea3o d\u01b0\u1ee1ng, thay th\u1ebf di\u1ec5n ra nhanh ch\u00f3ng h\u01a1n n\u1ebfu qu\u1ea1t g\u1eb7p s\u1ef1 c\u1ed1, m\u00e0 c\u00f2n gi\u00fap ng\u01b0\u1eddi d\u00f9ng ti\u1ebft ki\u1ec7m \u0111\u00e1ng k\u1ec3 th\u1eddi gian v\u00e0 chi ph\u00ed, v\u00ec kh\u00f4ng c\u1ea7n th\u00e1o r\u1eddi c\u1ea3 c\u1ee5m \u0111\u00e8n.<\/p>\n<h3><strong><a id=\"2-2-c--u-h-nh--nh-s-ng-c--a---n-bi-g--m-x-light-f10-new-2025-\" class=\"toc-a-tag\"><\/a>2.2. C\u1ea5u h\u00ecnh \u00e1nh s\u00e1ng c\u1ee7a \u0111\u00e8n bi g\u1ea7m X-Light F10 New (2025)<\/strong><\/h3>\n<p><img loading=\"lazy\" decoding=\"async\" class=\"alignnone size-full wp-image-2968\" src=\"https:\/\/autothaiduong.vn\/wp-content\/uploads\/2025\/08\/xlight-f10-new-2025-1.png\" alt=\"\" width=\"800\" height=\"800\" srcset=\"https:\/\/autothaiduong.vn\/wp-content\/uploads\/2025\/08\/xlight-f10-new-2025-1.png 800w, https:\/\/autothaiduong.vn\/wp-content\/uploads\/2025\/08\/xlight-f10-new-2025-1-600x600.png 600w, https:\/\/autothaiduong.vn\/wp-content\/uploads\/2025\/08\/xlight-f10-new-2025-1-300x300.png 300w, https:\/\/autothaiduong.vn\/wp-content\/uploads\/2025\/08\/xlight-f10-new-2025-1-768x768.png 768w, https:\/\/autothaiduong.vn\/wp-content\/uploads\/2025\/08\/xlight-f10-new-2025-1-100x100.png 100w, https:\/\/autothaiduong.vn\/wp-content\/uploads\/2025\/08\/xlight-f10-new-2025-1-50x50.png 50w\" sizes=\"auto, (max-width: 800px) 100vw, 800px\" \/><\/p>\n<p><em>F10 New \u0111\u01b0\u1ee3c b\u1ecb 6 chip LED l\u1edbn, b\u1ec1n b\u1ec9 \u0111\u1ec3 t\u1ea1o ra lu\u1ed3ng \u00e1nh s\u00e1ng m\u1ea1nh m\u1ebd v\u00e0 v\u01b0\u1ee3t tr\u1ed9i<\/em><\/p>\n<p>V\u1edbi c\u1ea5u h\u00ecnh v\u01b0\u1ee3t tr\u1ed9i g\u1ed3m 6 chip LED l\u1edbn, \u0111\u00e8n bi g\u1ea7m X-Light F10 New b\u1ea3n n\u00e2ng c\u1ea5p 2025 \u0111\u1ea1t c\u00f4ng su\u1ea5t kho\u1ea3ng 45W \u1edf ch\u1ebf \u0111\u1ed9 chi\u1ebfu g\u1ea7n. \u0110i\u1ec1u n\u00e0y mang l\u1ea1i v\u00f9ng s\u00e1ng g\u1ea7n d\u00e0y v\u00e0 r\u1ed9ng, \u0111\u1eadm t\u1eeb t\u00e2m \u0111\u1ebfn hai b\u00ean, gi\u00fap s\u1ea3n ph\u1ea9m tr\u1edf th\u00e0nh d\u00f2ng bi g\u1ea7m c\u00f3 \u00e1nh s\u00e1ng cos m\u1ea1nh nh\u1ea5t ph\u00e2n kh\u00fac.<\/p>\n<p>Khi k\u00edch ho\u1ea1t ch\u1ebf \u0111\u1ed9 Pha, m\u00e0n tr\u1eadp b\u00ean trong \u0111\u00e8n s\u1ebd \u0111\u00f3ng l\u1ea1i, gi\u1ea3i ph\u00f3ng to\u00e0n b\u1ed9 ph\u1ea7n \u00e1nh s\u00e1ng c\u00f2n l\u1ea1i ra m\u1eb7t \u0111\u01b0\u1eddng v\u00e0 n\u00e2ng c\u00f4ng su\u1ea5t l\u00ean kho\u1ea3ng 55W. Nh\u1edd v\u1eady, X-Light F10 New mang \u0111\u1ebfn v\u00f9ng chi\u1ebfu xa \u1ea5n t\u01b0\u1ee3ng, h\u1ed7 tr\u1ee3 ng\u01b0\u1eddi l\u00e1i quan s\u00e1t t\u1ed1i \u0111a tr\u00ean nh\u1eefng tuy\u1ebfn \u0111\u01b0\u1eddng v\u1eafng v\u00e0 xa khu d\u00e2n c\u01b0.<\/p>\n<p>V\u00f9ng \u00e1nh s\u00e1ng c\u1ee7a \u0111\u00e8n g\u1ea7m F10 New c\u00f3 nhi\u1ec7t m\u00e0u 4800K, m\u1ed9t nhi\u1ec7t m\u00e0u trung h\u00f2a, c\u00e2n b\u1eb1ng gi\u1eefa s\u1eafc tr\u1eafng v\u00e0 v\u00e0ng, gi\u00fap t\u0103ng c\u01b0\u1eddng \u0111\u1ed9 b\u00e1m \u0111\u01b0\u1eddng v\u00e0 gi\u1ea3m ch\u00f3i m\u1eaft cho ng\u01b0\u1eddi \u0111\u1ed1i di\u1ec7n. Ch\u00ednh v\u00ec v\u1eady, d\u00f9 di chuy\u1ec3n trong nh\u1eefng \u0111i\u1ec1u ki\u1ec7n th\u1eddi ti\u1ebft b\u1ea5t l\u1ee3i nh\u01b0 m\u01b0a l\u1edbn hay s\u01b0\u01a1ng m\u00f9 nh\u1eb9, ng\u01b0\u1eddi l\u00e1i v\u1eabn lu\u00f4n c\u00f3 t\u1ea7m nh\u00ecn r\u00f5 r\u00e0ng v\u00e0 an to\u00e0n.<\/p>\n<h3><strong><a id=\"2-3---c--m-t--n-nhi--t-k-p-----u-ti-n-tr-n-d-ng---n-bi-g--m-ch-----ng-t--n-nhi--t-cho---n\" class=\"toc-a-tag\"><\/a>2.3. \u201cC\u1ee5m t\u1ea3n nhi\u1ec7t k\u00e9p\u201d \u0111\u1ea7u ti\u00ean tr\u00ean d\u00f2ng \u0111\u00e8n bi g\u1ea7m, ch\u1ee7 \u0111\u1ed9ng t\u1ea3n nhi\u1ec7t cho \u0111\u00e8n<\/strong><\/h3>\n<p>Phi\u00ean b\u1ea3n n\u00e2ng c\u1ea5p c\u1ee7a bi g\u1ea7m qu\u1ed1c d\u00e2n g\u00e2y \u1ea5n t\u01b0\u1ee3ng v\u1edbi h\u1ec7 th\u1ed1ng t\u1ea3n nhi\u1ec7t k\u00e9p ch\u1ee7 \u0111\u1ed9ng \u0111\u1ea7u ti\u00ean tr\u00ean d\u00f2ng \u0111\u00e8n bi g\u1ea7m. C\u1ee5m t\u1ea3n nhi\u1ec7t n\u00e0y bao g\u1ed3m 2 qu\u1ea1t t\u1ea3n nhi\u1ec7t (1 trong, 1 ngo\u00e0i), ho\u1ea1t \u0111\u1ed9ng song song \u0111\u1ec3 t\u1ed1i \u01b0u hi\u1ec7u su\u1ea5t l\u00e0m m\u00e1t, t\u1eeb \u0111\u00f3 duy tr\u00ec c\u00f4ng su\u1ea5t chi\u1ebfu s\u00e1ng lu\u00f4n \u1edf m\u1ee9c cao m\u00e0 v\u1eabn \u0111\u1ea3m b\u1ea3o an to\u00e0n cho to\u00e0n b\u1ed9 h\u1ec7 th\u1ed1ng.<\/p>\n<p><img loading=\"lazy\" decoding=\"async\" class=\"alignnone size-full wp-image-2969\" src=\"https:\/\/autothaiduong.vn\/wp-content\/uploads\/2025\/08\/xlight-f10-new-2025-3.png\" alt=\"\" width=\"800\" height=\"800\" srcset=\"https:\/\/autothaiduong.vn\/wp-content\/uploads\/2025\/08\/xlight-f10-new-2025-3.png 800w, https:\/\/autothaiduong.vn\/wp-content\/uploads\/2025\/08\/xlight-f10-new-2025-3-600x600.png 600w, https:\/\/autothaiduong.vn\/wp-content\/uploads\/2025\/08\/xlight-f10-new-2025-3-300x300.png 300w, https:\/\/autothaiduong.vn\/wp-content\/uploads\/2025\/08\/xlight-f10-new-2025-3-768x768.png 768w, https:\/\/autothaiduong.vn\/wp-content\/uploads\/2025\/08\/xlight-f10-new-2025-3-100x100.png 100w, https:\/\/autothaiduong.vn\/wp-content\/uploads\/2025\/08\/xlight-f10-new-2025-3-50x50.png 50w\" sizes=\"auto, (max-width: 800px) 100vw, 800px\" \/><\/p>\n<p><em>L\u1ea7n \u0111\u1ea7u ti\u00ean xu\u1ea5t hi\u1ec7n bi g\u1ea7m trang b\u1ecb t\u1ea3n nhi\u1ec7t ch\u1ee7 \u0111\u1ed9ng v\u1edbi 2 qu\u1ea1t k\u00e9p<\/em><\/p>\n<p><strong>&#8211; Qu\u1ea1t b\u00ean ngo\u00e0i &#8211; T\u1ea3n nhi\u1ec7t ch\u1ee7 \u0111\u1ed9ng<\/strong><\/p>\n<p>L\u1ea7n \u0111\u1ea7u ti\u00ean tr\u00ean th\u1ecb tr\u01b0\u1eddng, m\u1ed9t d\u00f2ng bi g\u1ea7m \u0111\u01b0\u1ee3c trang b\u1ecb h\u1ec7 th\u1ed1ng t\u1ea3n nhi\u1ec7t k\u00e9p v\u1edbi thi\u1ebft k\u1ebf qu\u1ea1t ngo\u00e0i \u0111\u1ed9c l\u1eadp, \u0111\u00e1nh d\u1ea5u b\u01b0\u1edbc ti\u1ebfn quan tr\u1ecdng trong c\u00f4ng ngh\u1ec7 chi\u1ebfu s\u00e1ng \u00f4 t\u00f4. Kh\u00f4ng c\u00f2n ph\u1ee5 thu\u1ed9c ho\u00e0n to\u00e0n v\u00e0o t\u1ea3n nhi\u1ec7t th\u1ee5 \u0111\u1ed9ng nh\u01b0 nh\u1eefng m\u1eabu tr\u01b0\u1edbc \u0111\u00e2y, h\u1ec7 th\u1ed1ng qu\u1ea1t ch\u1ee7 \u0111\u1ed9ng n\u00e0y li\u00ean t\u1ee5c \u0111\u1ea9y lu\u1ed3ng kh\u00ed m\u00e1t tr\u1ef1c ti\u1ebfp v\u00e0o th\u00e2n \u0111\u00e8n, \u0111\u1ea3m b\u1ea3o \u0111\u00e8n lu\u00f4n ho\u1ea1t \u0111\u1ed9ng \u1ed5n \u0111\u1ecbnh ngay c\u1ea3 khi xe d\u1eebng, di chuy\u1ec3n ch\u1eadm ho\u1eb7c s\u1eed d\u1ee5ng trong \u0111i\u1ec1u ki\u1ec7n th\u1eddi ti\u1ebft kh\u1eafc nghi\u1ec7t.<\/p>\n<p>Qu\u1ea1t \u0111\u01b0\u1ee3c thi\u1ebft k\u1ebf c\u00f3 th\u1ec3 t\u00e1ch r\u1eddi kh\u1ecfi \u0111\u00e8n, gi\u00fap vi\u1ec7c b\u1ea3o tr\u00ec v\u00e0 thay th\u1ebf \u0111\u01b0\u1ee3c nhanh ch\u00f3ng v\u00e0 d\u1ec5 d\u00e0ng h\u01a1n, ngo\u00e0i ra c\u00f2n ti\u1ebft ki\u1ec7m chi ph\u00ed. S\u1ef1 linh ho\u1ea1t n\u00e0y m\u1edf ra h\u01b0\u1edbng ti\u1ebfp c\u1eadn m\u1edbi cho c\u00e1c d\u00f2ng \u0111\u00e8n hi\u1ec7u su\u1ea5t cao trong t\u01b0\u01a1ng lai.<\/p>\n<p><strong>&#8211; Qu\u1ea1t b\u00ean trong &#8211; C\u00f4ng ngh\u1ec7 ch\u1ed1ng ng\u01b0ng t\u1ee5 h\u01a1i s\u01b0\u01a1ng<\/strong><\/p>\n<p>Qu\u1ea1t b\u00ean trong \u0111\u00f3ng vai tr\u00f2 quan tr\u1ecdng trong vi\u1ec7c l\u01b0u th\u00f4ng kh\u00f4ng kh\u00ed b\u00ean trong th\u00e2n \u0111\u00e8n, gi\u1eef cho m\u00f4i tr\u01b0\u1eddng ho\u1ea1t \u0111\u1ed9ng xung quanh chip LED lu\u00f4n \u1ed5n \u0111\u1ecbnh v\u00e0 kh\u00f4 r\u00e1o. \u0110\u00e2y ch\u00ednh l\u00e0 c\u01a1 ch\u1ebf h\u1ed7 tr\u1ee3 \u0111\u1eafc l\u1ef1c \u0111\u1ec3 tr\u00e1nh t\u00ecnh tr\u1ea1ng \u0111\u1ecdng s\u01b0\u01a1ng tr\u00ean m\u1eb7t lens do b\u1ecb ch\u00eanh l\u1ec7ch nhi\u1ec7t \u0111\u1ed9.<\/p>\n<p><span style=\"font-size: 105%;\"><strong><span style=\"color: #000000; font-size: 110%;\">Auto Th\u00e1i D\u01b0\u01a1ng l\u00e0 \u0111\u1ea1i l\u00ed ch\u00ednh h\u00e3ng X-Light T\u1ea1i Tp. B\u1ea3o L\u1ed9c li\u00ean h\u1ec7 ngay \u0111\u1ec3 \u0111\u01b0\u1ee3c t\u01b0 v\u1ea5n v\u00e0 l\u1eafp \u0111\u1eb7t s\u1ea3n ph\u1ea9m<\/span>\u00a0<\/strong><\/span><\/p>\n<p style=\"text-align: center;\"><span style=\"font-size: 130%; color: #000000;\"><strong>273-275 Tr\u1ea7n Ph\u00fa Ph\u01b0\u1eddng L\u1ed9c S\u01a1n Th\u00e0nh Ph\u1ed1 B\u1ea3o L\u1ed9c T\u1ec9nh L\u00e2m \u0110\u1ed3ng\u00a0<\/strong><\/span><\/p>\n<p style=\"text-align: center;\"><span style=\"font-size: 130%; color: #000000;\"><strong>SDT: 0912197441<\/strong><\/span><\/p>\n","protected":false},"excerpt":{"rendered":"<h2>Th\u00f4ng s\u1ed1 k\u1ef9 thu\u1eadt \u0110\u00c8N BI G\u1ea6M X-LIGHT F10 NEW (2025)<\/h2>\n<table>\n<tbody>\n<tr>\n<td class=\"lileft\">T\u00ean S\u1ea3n Ph\u1ea9m:<\/td>\n<td class=\"liright\">\u0110\u00c8N BI G\u1ea6M X-LIGHT F10 NEW (2025)<\/td>\n<\/tr>\n<tr>\n<td class=\"lileft\">Lo\u1ea1i \u0110\u00e8n:<\/td>\n<td class=\"liright\">Bi G\u1ea7m<\/td>\n<\/tr>\n<tr>\n<td class=\"lileft\">Th\u01b0\u01a1ng Hi\u1ec7u:<\/td>\n<td class=\"liright\">X-Light<\/td>\n<\/tr>\n<tr>\n<td class=\"lileft\">N\u0103m s\u1ea3n xu\u1ea5t:<\/td>\n<td class=\"liright\">2025<\/td>\n<\/tr>\n<tr>\n<td class=\"lileft\">C\u00f4ng Su\u1ea5t \u0110\u00e8n:<\/td>\n<td class=\"liright\">\u0110\u00e8n G\u1ea7m\/Ph\u00e1 S\u01b0\u01a1ng<\/td>\n<\/tr>\n<tr>\n<td class=\"lileft\">D\u00f2ng Xe Ph\u00f9 H\u1ee3p:<\/td>\n<td class=\"liright\">C\u00e1c Lo\u1ea1i Xe \u00d4 T\u00f4<\/td>\n<\/tr>\n<tr>\n<td class=\"lileft\">C\u00f4ng Su\u1ea5t Cos:<\/td>\n<td class=\"liright\">~ 45W<\/td>\n<\/tr>\n<tr>\n<td class=\"lileft\">C\u00f4ng Su\u1ea5t Pha:<\/td>\n<td class=\"liright\">~ 55W<\/td>\n<\/tr>\n<tr>\n<td class=\"lileft\">Nh\u00e2n LED:<\/td>\n<td class=\"liright\">6 (Big)<\/td>\n<\/tr>\n<tr>\n<td class=\"lileft\">Nhi\u1ec7t m\u00e0u:<\/td>\n<td class=\"liright\">4800K<\/td>\n<\/tr>\n<tr>\n<td class=\"lileft\">H\u1ec7 Th\u1ed1ng T\u1ea3n Nhi\u1ec7t:<\/td>\n<td class=\"liright\">Ch\u1ee7 \u0111\u1ed9ng<\/td>\n<\/tr>\n<tr>\n<td class=\"lileft\">Tu\u1ed5i th\u1ecd:<\/td>\n<td class=\"liright\">30.000 Gi\u1edd<\/td>\n<\/tr>\n<tr>\n<td class=\"lileft\">\u0110i\u1ec7n \u00c1p:<\/td>\n<td class=\"liright\">12V &#8211; 16V<\/td>\n<\/tr>\n<tr>\n<td class=\"lileft\">K\u00edch th\u01b0\u1edbc \u0110\u00e8n:<\/td>\n<td class=\"liright\">129x67x80mm<\/td>\n<\/tr>\n<tr>\n<td class=\"lileft\">K\u00edch Th\u01b0\u1edbc Lens:<\/td>\n<td class=\"liright\">3.0 Inch<\/td>\n<\/tr>\n<tr>\n<td class=\"lileft\">B\u1ea3o h\u00e0nh:<\/td>\n<td class=\"liright\">2 N\u0103m<\/td>\n<\/tr>\n<tr>\n<td class=\"lileft\">\u0110\u1eb7c Bi\u1ec7t N\u1ed5i B\u1eadt:<\/td>\n<td class=\"liright\">Cos M\u1ea1nh &#8211; R\u1ed9ng Nh\u1ea5t Ph\u00e2n Kh\u00fac<\/td>\n<\/tr>\n<\/tbody>\n<\/table>\n","protected":false},"featured_media":2959,"comment_status":"open","ping_status":"closed","template":"","meta":[],"product_brand":[134],"product_cat":[16,26,143],"product_tag":[],"class_list":{"0":"post-2958","1":"product","2":"type-product","3":"status-publish","4":"has-post-thumbnail","6":"product_brand-x-light","7":"product_cat-anh-sang","8":"product_cat-bi-led","9":"product_cat-den-bi-gam","11":"first","12":"instock","13":"shipping-taxable","14":"purchasable","15":"product-type-simple"},"_links":{"self":[{"href":"https:\/\/autothaiduong.vn\/index.php?rest_route=\/wp\/v2\/product\/2958","targetHints":{"allow":["GET"]}}],"collection":[{"href":"https:\/\/autothaiduong.vn\/index.php?rest_route=\/wp\/v2\/product"}],"about":[{"href":"https:\/\/autothaiduong.vn\/index.php?rest_route=\/wp\/v2\/types\/product"}],"replies":[{"embeddable":true,"href":"https:\/\/autothaiduong.vn\/index.php?rest_route=%2Fwp%2Fv2%2Fcomments&post=2958"}],"wp:featuredmedia":[{"embeddable":true,"href":"https:\/\/autothaiduong.vn\/index.php?rest_route=\/wp\/v2\/media\/2959"}],"wp:attachment":[{"href":"https:\/\/autothaiduong.vn\/index.php?rest_route=%2Fwp%2Fv2%2Fmedia&parent=2958"}],"wp:term":[{"taxonomy":"product_brand","embeddable":true,"href":"https:\/\/autothaiduong.vn\/index.php?rest_route=%2Fwp%2Fv2%2Fproduct_brand&post=2958"},{"taxonomy":"product_cat","embeddable":true,"href":"https:\/\/autothaiduong.vn\/index.php?rest_route=%2Fwp%2Fv2%2Fproduct_cat&post=2958"},{"taxonomy":"product_tag","embeddable":true,"href":"https:\/\/autothaiduong.vn\/index.php?rest_route=%2Fwp%2Fv2%2Fproduct_tag&post=2958"}],"curies":[{"name":"wp","href":"https:\/\/api.w.org\/{rel}","templated":true}]}}