{"id":2970,"date":"2025-08-16T08:49:36","date_gmt":"2025-08-16T08:49:36","guid":{"rendered":"https:\/\/autothaiduong.vn\/?post_type=product&#038;p=2970"},"modified":"2025-08-16T08:50:07","modified_gmt":"2025-08-16T08:50:07","slug":"bi-gam-x-light-f10-hyper-2-0","status":"publish","type":"product","link":"https:\/\/autothaiduong.vn\/?product=bi-gam-x-light-f10-hyper-2-0","title":{"rendered":"BI G\u1ea6M X-LIGHT F10 HYPER 2.0"},"content":{"rendered":"<p><img loading=\"lazy\" decoding=\"async\" class=\" wp-image-2888 aligncenter\" src=\"https:\/\/autothaiduong.vn\/wp-content\/uploads\/2025\/05\/z6584734442481_f208f5944548cb4b46353402ce2e64e0-5.jpg\" alt=\"\" width=\"301\" height=\"266\" \/><\/p>\n<p style=\"text-align: center;\"><strong><span style=\"color: #ff0000; font-size: 130%;\">273-275 Tr\u1ea7n Ph\u00fa Ph\u01b0\u1eddng L\u1ed9c S\u01a1n Th\u00e0nh Ph\u1ed1 B\u1ea3o L\u1ed9c T\u1ec9nh L\u00e2m \u0110\u1ed3ng\u00a0<\/span><\/strong><\/p>\n<p style=\"text-align: center;\"><strong><span style=\"color: #ff0000; font-size: 130%;\">SDT: 0912197441<\/span><\/strong><\/p>\n<p>N\u1ebfu b\u1ea1n c\u1ea7n t\u00ecm m\u1ed9t s\u1ea3n ph\u1ea9m \u0111\u00e8n g\u1ea7m 2.0 inch c\u00f3 \u00e1nh s\u00e1ng m\u1ea1nh h\u01a1n c\u1ea3 \u0111\u00e8n bi g\u1ea7m 3.0 inch th\u00f4ng th\u01b0\u1eddng th\u00ec \u0111\u00e8n Bi G\u1ea7m X-Light F10 Hyper 2.0 ch\u00ednh l\u00e0 c\u00e2u tr\u1ea3 l\u1eddi. S\u1ea3n ph\u1ea9m v\u1edbi kh\u1ea3 n\u0103ng chi\u1ebfu s\u00e1ng m\u1ea1nh m\u1ebd, \u0111\u1ed9 b\u1ec1n v\u01b0\u1ee3t tr\u1ed9i v\u00e0 c\u00f4ng ngh\u1ec7 t\u1ea3n nhi\u1ec7t \u01b0u vi\u1ec7t, mang l\u1ea1i t\u1ea7m nh\u00ecn r\u00f5 r\u00e0ng v\u00e0 an to\u00e0n cho m\u1ecdi h\u00e0nh tr\u00ecnh.<\/p>\n<p>Kh\u00e1c bi\u1ec7t ho\u00e0n to\u00e0n so v\u1edbi c\u00e1c s\u1ea3n ph\u1ea9m th\u00f4ng th\u01b0\u1eddng, F10 Hyper 2.0 t\u00edch h\u1ee3p qu\u1ea1t t\u1ea3n nhi\u1ec7t ch\u1ed1ng \u0111\u1ecdng s\u01b0\u01a1ng, gi\u00fap t\u0103ng tu\u1ed5i th\u1ecd \u0111\u00e8n v\u00e0 duy tr\u00ec hi\u1ec7u su\u1ea5t chi\u1ebfu s\u00e1ng \u1ed5n \u0111\u1ecbnh. V\u1edbi c\u01b0\u1eddng \u0111\u1ed9 \u00e1nh s\u00e1ng c\u1ef1c m\u1ea1nh v\u00e0 kh\u1ea3 n\u0103ng chi\u1ebfu xa v\u01b0\u1ee3t tr\u1ed9i, s\u1ea3n ph\u1ea9m n\u00e0y l\u00e0 l\u1ef1a ch\u1ecdn l\u00fd t\u01b0\u1edfng cho nh\u1eefng ai \u0111ang t\u00ecm ki\u1ebfm m\u1ed9t gi\u1ea3i ph\u00e1p chi\u1ebfu s\u00e1ng b\u1ec1n b\u1ec9 v\u00e0 hi\u1ec7u qu\u1ea3. H\u00e3y kh\u00e1m ph\u00e1 ngay \u0111\u1ec3 tr\u1ea3i nghi\u1ec7m s\u1ef1 kh\u00e1c bi\u1ec7t!<\/p>\n<h2><a id=\"1-h-nh--nh--nh-s-ng-th--c-t----n-bi-g--m-x-light-f10-hyper-2-0\" class=\"toc-a-tag\"><\/a>1. H\u00ecnh \u1ea3nh \u00e1nh s\u00e1ng th\u1ef1c t\u1ebf \u0111\u00e8n bi g\u1ea7m X-Light F10 Hyper 2.0<\/h2>\n<h3><a id=\"1-1-h-nh--nh--nh-s-ng-th--c-t--cos---n-bi-g--m-x-light-f10-hyper-2-0\" class=\"toc-a-tag\"><\/a>1.1 H\u00ecnh \u1ea3nh \u00e1nh s\u00e1ng th\u1ef1c t\u1ebf Cos \u0111\u00e8n bi g\u1ea7m X-Light F10 Hyper 2.0<\/h3>\n<p><img loading=\"lazy\" decoding=\"async\" class=\"alignnone size-full wp-image-2977\" src=\"https:\/\/autothaiduong.vn\/wp-content\/uploads\/2025\/08\/f10-hyper-2-10n-cos-1.jpg\" alt=\"\" width=\"800\" height=\"800\" srcset=\"https:\/\/autothaiduong.vn\/wp-content\/uploads\/2025\/08\/f10-hyper-2-10n-cos-1.jpg 800w, https:\/\/autothaiduong.vn\/wp-content\/uploads\/2025\/08\/f10-hyper-2-10n-cos-1-600x600.jpg 600w, https:\/\/autothaiduong.vn\/wp-content\/uploads\/2025\/08\/f10-hyper-2-10n-cos-1-300x300.jpg 300w, https:\/\/autothaiduong.vn\/wp-content\/uploads\/2025\/08\/f10-hyper-2-10n-cos-1-768x768.jpg 768w, https:\/\/autothaiduong.vn\/wp-content\/uploads\/2025\/08\/f10-hyper-2-10n-cos-1-100x100.jpg 100w, https:\/\/autothaiduong.vn\/wp-content\/uploads\/2025\/08\/f10-hyper-2-10n-cos-1-50x50.jpg 50w\" sizes=\"auto, (max-width: 800px) 100vw, 800px\" \/><\/p>\n<p>\u1ede ch\u1ebf \u0111\u1ed9 Cos (chi\u1ebfu g\u1ea7n), X-Light F10 Hyper 2.0 th\u1ec3 hi\u1ec7n kh\u1ea3 n\u0103ng chi\u1ebfu s\u00e1ng \u1ea5n t\u01b0\u1ee3ng v\u1edbi v\u00f9ng s\u00e1ng r\u1ed9ng, \u0111\u1ec1u v\u00e0 c\u1eaft s\u00e1ng r\u00f5 r\u00e0ng ngay ph\u00eda tr\u01b0\u1edbc \u0111\u1ea7u xe. \u00c1nh s\u00e1ng \u0111\u01b0\u1ee3c ph\u00e2n b\u1ed5 h\u1ee3p l\u00fd t\u1eeb trung t\u00e2m \u0111\u1ebfn hai b\u00ean, t\u1ea1o ra m\u1ed9t m\u1eb7t c\u1eaft \u00e1nh s\u00e1ng s\u1eafc n\u00e9t, gi\u00fap t\u00e0i x\u1ebf d\u1ec5 d\u00e0ng quan s\u00e1t m\u1eb7t \u0111\u01b0\u1eddng m\u00e0 kh\u00f4ng g\u00e2y ch\u00f3i cho xe \u0111\u1ed1i di\u1ec7n.<\/p>\n<p>\u0110i\u1ec3m m\u1ea1nh c\u1ee7a ch\u1ebf \u0111\u1ed9 Cos tr\u00ean F10 Hyper 2.0 ch\u00ednh l\u00e0 v\u00f9ng \u00e1nh s\u00e1ng th\u1ea5p nh\u01b0ng d\u00e0y, gi\u00fap ph\u00e1t hi\u1ec7n s\u1edbm c\u00e1c ch\u01b0\u1edbng ng\u1ea1i v\u1eadt nh\u01b0 \u1ed5 g\u00e0, \u0111\u00e1 nh\u1ecf, v\u1ea1ch k\u1ebb \u0111\u01b0\u1eddng hay th\u1eadm ch\u00ed l\u00e0 ng\u01b0\u1eddi \u0111i b\u1ed9 trong \u0111i\u1ec1u ki\u1ec7n \u00e1nh s\u00e1ng y\u1ebfu. V\u1edbi nhi\u1ec7t m\u00e0u 5000K, \u00e1nh s\u00e1ng chi\u1ebfu ra mang s\u1eafc \u0111\u1ed9 c\u00e2n b\u1eb1ng, h\u1ea1n ch\u1ebf t\u00ecnh tr\u1ea1ng ph\u1ea3n x\u1ea1 \u00e1nh s\u00e1ng tr\u00ean m\u1eb7t \u0111\u01b0\u1eddng \u01b0\u1edbt, \u0111\u1ed3ng th\u1eddi t\u0103ng kh\u1ea3 n\u0103ng xuy\u00ean qua l\u1edbp s\u01b0\u01a1ng m\u1ecfng ho\u1eb7c m\u01b0a nh\u1eb9.<\/p>\n<h3><a id=\"1-2-h-nh--nh--nh-s-ng-th--c-t--pha---n-bi-g--m-x-light-f10-hyper-2-0\" class=\"toc-a-tag\"><\/a>1.2 H\u00ecnh \u1ea3nh \u00e1nh s\u00e1ng th\u1ef1c t\u1ebf Pha \u0111\u00e8n bi g\u1ea7m X-Light F10 Hyper 2.0<\/h3>\n<p><img loading=\"lazy\" decoding=\"async\" class=\"alignnone size-full wp-image-2978\" src=\"https:\/\/autothaiduong.vn\/wp-content\/uploads\/2025\/08\/f10-hyper-2-10n-pha-1.jpg\" alt=\"\" width=\"800\" height=\"800\" srcset=\"https:\/\/autothaiduong.vn\/wp-content\/uploads\/2025\/08\/f10-hyper-2-10n-pha-1.jpg 800w, https:\/\/autothaiduong.vn\/wp-content\/uploads\/2025\/08\/f10-hyper-2-10n-pha-1-600x600.jpg 600w, https:\/\/autothaiduong.vn\/wp-content\/uploads\/2025\/08\/f10-hyper-2-10n-pha-1-300x300.jpg 300w, https:\/\/autothaiduong.vn\/wp-content\/uploads\/2025\/08\/f10-hyper-2-10n-pha-1-768x768.jpg 768w, https:\/\/autothaiduong.vn\/wp-content\/uploads\/2025\/08\/f10-hyper-2-10n-pha-1-100x100.jpg 100w, https:\/\/autothaiduong.vn\/wp-content\/uploads\/2025\/08\/f10-hyper-2-10n-pha-1-50x50.jpg 50w\" sizes=\"auto, (max-width: 800px) 100vw, 800px\" \/><\/p>\n<p>Ch\u1ebf \u0111\u1ed9 pha c\u1ee7a \u0111\u00e8n g\u1ea7m X-Light F10 Hyper 2.0 kh\u00f4ng ch\u1ec9 \u0111\u01a1n thu\u1ea7n l\u00e0 m\u1ed9t ngu\u1ed3n s\u00e1ng ph\u1ee5 m\u00e0 th\u1ef1c s\u1ef1 l\u00e0 m\u1ed9t gi\u1ea3i ph\u00e1p t\u0103ng c\u01b0\u1eddng \u00e1nh s\u00e1ng xa hi\u1ec7u qu\u1ea3 cho xe. Khi k\u00edch ho\u1ea1t ch\u1ebf \u0111\u1ed9 pha, \u0111\u00e8n t\u1ea1o ra lu\u1ed3ng s\u00e1ng m\u1ea1nh m\u1ebd, t\u1eadp trung v\u00e0 b\u00e1m \u0111\u01b0\u1eddng, gi\u00fap ng\u01b0\u1eddi l\u00e1i quan s\u00e1t r\u00f5 c\u00e1c v\u1eadt th\u1ec3 ph\u00eda tr\u01b0\u1edbc t\u1eeb kho\u1ea3ng c\u00e1ch xa m\u00e0 kh\u00f4ng b\u1ecb t\u1ea3n s\u00e1ng hay g\u00e2y ch\u00f3i cho xe \u0111\u1ed1i di\u1ec7n.<\/p>\n<p>Ch\u1ebf \u0111\u1ed9 pha c\u1ee7a \u0111\u00e8n bi g\u1ea7m X-Light F10 Hyper 2.0 mang \u0111\u1ebfn hi\u1ec7u qu\u1ea3 chi\u1ebfu s\u00e1ng v\u01b0\u1ee3t tr\u1ed9i v\u1edbi t\u1ea7m chi\u1ebfu xa \u0111\u1ee7 t\u1ed1t, \u0111\u00e1p \u1ee9ng t\u1ed1t nhu c\u1ea7u quan s\u00e1t \u1edf c\u00e1c t\u00ecnh hu\u1ed1ng y\u00eau c\u1ea7u t\u1ea7m nh\u00ecn d\u00e0i nh\u01b0 ch\u1ea1y cao t\u1ed1c, \u0111\u01b0\u1eddng \u0111\u00e8o hay cung \u0111\u01b0\u1eddng ngo\u1ea1i \u00f4 v\u1eafng v\u1ebb. \u00c1nh s\u00e1ng \u0111\u01b0\u1ee3c thi\u1ebft k\u1ebf gom t\u1ed1t, g\u00f3c chi\u1ebfu r\u1ed9ng v\u00e0 li\u1ec1n m\u1ea1ch v\u1edbi \u0111\u00e8n pha.<\/p>\n<h2><a id=\"2-c-ng-ngh----n-bi-g--m-x-light-f10-hyper-2-0\" class=\"toc-a-tag\"><\/a>2. C\u00f4ng ngh\u1ec7 \u0111\u00e8n bi g\u1ea7m X-Light F10 Hyper 2.0<\/h2>\n<h3><a id=\"2-1-thi--t-k--ngo--i-h-nh\" class=\"toc-a-tag\"><\/a>2.1. Thi\u1ebft k\u1ebf ngo\u1ea1i h\u00ecnh<\/h3>\n<p>X-Light F10 Hyper 2.0 g\u00e2y \u1ea5n t\u01b0\u1ee3ng m\u1ea1nh ngay t\u1eeb c\u00e1i nh\u00ecn \u0111\u1ea7u ti\u00ean nh\u1edd thi\u1ebft k\u1ebf hi\u1ec7n \u0111\u1ea1i, s\u1eafc s\u1ea3o, \u0111\u1eadm ch\u1ea5t th\u1ec3 thao. To\u00e0n b\u1ed9 th\u00e2n \u0111\u00e8n \u0111\u01b0\u1ee3c ch\u1ebf t\u1ea1o t\u1eeb nh\u00f4m cao c\u1ea5p, ph\u1ee7 l\u1edbp s\u01a1n t\u0129nh \u0111i\u1ec7n m\u00e0u xanh, kh\u00f4ng ch\u1ec9 t\u1ea1o \u0111i\u1ec3m nh\u1ea5n n\u1ed5i b\u1eadt khi l\u1eafp tr\u00ean xe m\u00e0 c\u00f2n t\u0103ng kh\u1ea3 n\u0103ng ch\u1ed1ng oxy h\u00f3a, gi\u1eef cho s\u1ea3n ph\u1ea9m lu\u00f4n b\u1ec1n m\u00e0u theo th\u1eddi gian.<\/p>\n<p><img loading=\"lazy\" decoding=\"async\" class=\"alignnone size-full wp-image-2979\" src=\"https:\/\/autothaiduong.vn\/wp-content\/uploads\/2025\/08\/f10-hyper-1.png\" alt=\"\" width=\"1280\" height=\"1280\" srcset=\"https:\/\/autothaiduong.vn\/wp-content\/uploads\/2025\/08\/f10-hyper-1.png 1280w, https:\/\/autothaiduong.vn\/wp-content\/uploads\/2025\/08\/f10-hyper-1-600x600.png 600w, https:\/\/autothaiduong.vn\/wp-content\/uploads\/2025\/08\/f10-hyper-1-1024x1024.png 1024w, https:\/\/autothaiduong.vn\/wp-content\/uploads\/2025\/08\/f10-hyper-1-300x300.png 300w, https:\/\/autothaiduong.vn\/wp-content\/uploads\/2025\/08\/f10-hyper-1-768x768.png 768w, https:\/\/autothaiduong.vn\/wp-content\/uploads\/2025\/08\/f10-hyper-1-100x100.png 100w, https:\/\/autothaiduong.vn\/wp-content\/uploads\/2025\/08\/f10-hyper-1-50x50.png 50w\" sizes=\"auto, (max-width: 1280px) 100vw, 1280px\" \/><\/p>\n<p>Ph\u1ea7n v\u1ecf \u0111\u00e8n d\u00e0y d\u1eb7n v\u1edbi k\u1ebft c\u1ea5u ch\u1eafc ch\u1eafn gi\u00fap F10 Hyper 2.0 ch\u1ecbu \u0111\u01b0\u1ee3c s\u1ef1 va \u0111\u1eadp v\u00e0 c\u00e1c \u0111i\u1ec1u ki\u1ec7n t\u1eeb m\u00f4i tr\u01b0\u1eddng nh\u01b0 m\u01b0a l\u1edbn hay nhi\u1ec7t \u0111\u1ed9 cao. \u0110\u00e2y l\u00e0 y\u1ebfu t\u1ed1 quan tr\u1ecdng gi\u00fap \u0111\u00e8n v\u1eadn h\u00e0nh \u1ed5n \u0111\u1ecbnh v\u00e0 b\u1ec1n b\u1ec9 trong su\u1ed1t qu\u00e1 tr\u00ecnh s\u1eed d\u1ee5ng.<\/p>\n<p>Ngo\u00e0i ra, thi\u1ebft k\u1ebf r\u00e3nh t\u1ea3n nhi\u1ec7t s\u00e2u tr\u00ean th\u00e2n \u0111\u00e8n kh\u00f4ng ch\u1ec9 mang t\u00ednh k\u1ef9 thu\u1eadt m\u00e0 c\u00f2n t\u1ea1o \u0111i\u1ec3m nh\u1ea5n v\u1ec1 m\u1eb7t th\u1ea9m m\u1ef9. Nh\u1eefng \u0111\u01b0\u1eddng c\u1eaft x\u1ebb n\u00e0y kh\u00f4ng ch\u1ec9 l\u00e0m t\u0103ng hi\u1ec7u qu\u1ea3 t\u1ea3n nhi\u1ec7t b\u00ean trong m\u00e0 c\u00f2n t\u1ea1o n\u00ean di\u1ec7n m\u1ea1o m\u1ea1nh m\u1ebd, \u0111\u1eadm ch\u1ea5t c\u00f4ng ngh\u1ec7 cao cho s\u1ea3n ph\u1ea9m.<\/p>\n<p>S\u1ea3n ph\u1ea9m s\u1eed d\u1ee5ng m\u1eb7t lens ph\u1ee7 AR, l\u1edbp ph\u1ee7 n\u00e0y kh\u00f4ng ch\u1ec9 t\u0103ng \u0111\u1ed9 xuy\u00ean s\u00e1ng m\u00e0n c\u00f2n mang l\u1ea1i hi\u1ec7u qu\u1ea3 th\u1ecb gi\u00e1c. V\u1edbi k\u00edch th\u01b0\u1edbc 2.0 inch nh\u1ecf g\u1ecdn, \u0111\u00e8n d\u1ec5 d\u00e0ng l\u1eafp \u0111\u1eb7t v\u00e0o c\u00e1c d\u00f2ng xe hi\u1ec7n \u0111\u1ea1i, c\u00f3 thi\u1ebft k\u1ebf h\u1ed1c \u0111\u00e8n g\u1ea7m nh\u1ecf m\u00e0 kh\u00f4ng c\u1ea7n ch\u1ebf t\u00e1c ph\u1ee9c t\u1ea1p.<\/p>\n<h3><a id=\"2-2-c--u-h-nh--nh-s-ng-nbsp-\" class=\"toc-a-tag\"><\/a>2.2. C\u1ea5u h\u00ecnh \u00e1nh s\u00e1ng<\/h3>\n<p>\u1ea8n sau ngo\u1ea1i h\u00ecnh nh\u1ecf g\u1ecdn c\u1ee7a X-Light F10 Hyper 2.0 l\u00e0 m\u1ed9t c\u1ea5u h\u00ecnh chi\u1ebfu s\u00e1ng \u0111\u01b0\u1ee3c t\u1ed1i \u01b0u \u0111\u1ebfn t\u1eebng chi ti\u1ebft. S\u1ea3n ph\u1ea9m \u0111\u01b0\u1ee3c trang b\u1ecb 6 chip LED hi\u1ec7u su\u1ea5t cao \u0111\u1eb7t \u1edf ch\u00f3a sau v\u00e0 1 chip LED Osram ch\u00ednh \u1edf ch\u00f3a ph\u1ea3n x\u1ea1 tr\u01b0\u1edbc, s\u1ef1 k\u1ebft h\u1ee3p n\u00e0y t\u1ea1o n\u00ean hi\u1ec7u qu\u1ea3 chi\u1ebfu s\u00e1ng v\u01b0\u1ee3t tr\u1ed9i, \u0111\u1ed3ng th\u1eddi ph\u1ee7 s\u00e1ng \u0111\u1ec1u tr\u00ean m\u1eb7t \u0111\u01b0\u1eddng.<\/p>\n<p><img loading=\"lazy\" decoding=\"async\" class=\"alignnone size-full wp-image-2980\" src=\"https:\/\/autothaiduong.vn\/wp-content\/uploads\/2025\/08\/f10-hyper-2.png\" alt=\"\" width=\"1280\" height=\"1280\" srcset=\"https:\/\/autothaiduong.vn\/wp-content\/uploads\/2025\/08\/f10-hyper-2.png 1280w, https:\/\/autothaiduong.vn\/wp-content\/uploads\/2025\/08\/f10-hyper-2-600x600.png 600w, https:\/\/autothaiduong.vn\/wp-content\/uploads\/2025\/08\/f10-hyper-2-1024x1024.png 1024w, https:\/\/autothaiduong.vn\/wp-content\/uploads\/2025\/08\/f10-hyper-2-300x300.png 300w, https:\/\/autothaiduong.vn\/wp-content\/uploads\/2025\/08\/f10-hyper-2-768x768.png 768w, https:\/\/autothaiduong.vn\/wp-content\/uploads\/2025\/08\/f10-hyper-2-100x100.png 100w, https:\/\/autothaiduong.vn\/wp-content\/uploads\/2025\/08\/f10-hyper-2-50x50.png 50w\" sizes=\"auto, (max-width: 1280px) 100vw, 1280px\" \/><\/p>\n<p>\u0110i\u1ec3m n\u1ed5i b\u1eadt trong thi\u1ebft k\u1ebf c\u1ea5u h\u00ecnh c\u1ee7a s\u1ea3n ph\u1ea9m n\u00e0y ch\u00ednh l\u00e0 ch\u00f3a ph\u1ea3n x\u1ea1 tr\u01b0\u1edbc\/sau. \u0110\u00e2y l\u00e0 gi\u1ea3i ph\u00e1p m\u00e0 X-Light nghi\u00ean c\u1ee9u k\u1ef9 l\u01b0\u1ee1ng nh\u1eb1m l\u00e0m t\u0103ng hi\u1ec7u su\u1ea5t tho\u00e1t s\u00e1ng, \u0111\u1eb7c bi\u1ec7t l\u00e0 khi l\u1eafp \u0111\u1eb7t tr\u00ean c\u00e1c m\u1eabu xe c\u00f3 c\u1ee5m \u0111\u00e8n nh\u1ecf, h\u1eb9p.<\/p>\n<p><img loading=\"lazy\" decoding=\"async\" class=\"alignnone size-full wp-image-2981\" src=\"https:\/\/autothaiduong.vn\/wp-content\/uploads\/2025\/08\/f10-hyper-3.png\" alt=\"\" width=\"1280\" height=\"1280\" srcset=\"https:\/\/autothaiduong.vn\/wp-content\/uploads\/2025\/08\/f10-hyper-3.png 1280w, https:\/\/autothaiduong.vn\/wp-content\/uploads\/2025\/08\/f10-hyper-3-600x600.png 600w, https:\/\/autothaiduong.vn\/wp-content\/uploads\/2025\/08\/f10-hyper-3-1024x1024.png 1024w, https:\/\/autothaiduong.vn\/wp-content\/uploads\/2025\/08\/f10-hyper-3-300x300.png 300w, https:\/\/autothaiduong.vn\/wp-content\/uploads\/2025\/08\/f10-hyper-3-768x768.png 768w, https:\/\/autothaiduong.vn\/wp-content\/uploads\/2025\/08\/f10-hyper-3-100x100.png 100w, https:\/\/autothaiduong.vn\/wp-content\/uploads\/2025\/08\/f10-hyper-3-50x50.png 50w\" sizes=\"auto, (max-width: 1280px) 100vw, 1280px\" \/><\/p>\n<p>V\u00f9ng \u00e1nh s\u00e1ng c\u1ee7a \u0111\u00e8n bi g\u1ea7m X-Light F10 Hyper 2.0 c\u00f3 nhi\u1ec7t m\u00e0u 5000K, m\u1ee9c nhi\u1ec7t l\u00fd t\u01b0\u1edfng n\u1eb1m gi\u1eefa \u00e1nh s\u00e1ng tr\u1eafng v\u00e0 \u00e1nh s\u00e1ng v\u00e0ng. Nh\u1edd \u0111\u00f3, \u00e1nh s\u00e1ng ph\u00e1t ra mang s\u1eafc \u0111\u1ed9 h\u00e0i h\u00f2a, v\u1eeba \u0111\u1ee7 \u0111\u1ed9 s\u00e1ng r\u00f5 n\u00e9t, v\u1eeba h\u1ea1n ch\u1ebf ch\u00f3i l\u00f3a, gi\u00fap ng\u01b0\u1eddi l\u00e1i duy tr\u00ec t\u1ea7m nh\u00ecn t\u1ed1t trong nhi\u1ec1u \u0111i\u1ec1u ki\u1ec7n th\u1eddi ti\u1ebft kh\u00e1c nhau, k\u1ec3 c\u1ea3 khi di chuy\u1ec3n trong m\u01b0a hay s\u01b0\u01a1ng m\u00f9 nh\u1eb9.<\/p>\n<h3><a id=\"2-3-h--th--ng-t--n-nhi--t-hi--n---i-h--tr--tr-nh---ng-s--ng-trong---n\" class=\"toc-a-tag\"><\/a>2.3. H\u1ec7 th\u1ed1ng t\u1ea3n nhi\u1ec7t hi\u1ec7n \u0111\u1ea1i, h\u1ed7 tr\u1ee3 tr\u00e1nh \u0111\u1ecdng s\u01b0\u01a1ng trong \u0111\u00e8n<\/h3>\n<p>M\u1ed9t trong nh\u1eefng c\u1ea3i ti\u1ebfn n\u1ed5i b\u1eadt nh\u1ea5t tr\u00ean \u0111\u00e8n bi g\u1ea7m X-Light F10 Hyper 2.0 ch\u00ednh l\u00e0 h\u1ec7 th\u1ed1ng t\u1ea3n nhi\u1ec7t ch\u1ee7 \u0111\u1ed9ng, m\u1ed9t b\u01b0\u1edbc ti\u1ebfn v\u01b0\u1ee3t tr\u1ed9i so v\u1edbi c\u00e1c s\u1ea3n ph\u1ea9m s\u1eed d\u1ee5ng c\u01a1 ch\u1ebf t\u1ea3n nhi\u1ec7t th\u1ee5 \u0111\u1ed9ng.<\/p>\n<p><img decoding=\"async\" src=\"https:\/\/x-light.vn\/uploads\/images\/product\/X-LIGHT\/f10-hyper\/f10-hyper-5.png\" alt=\"\" \/><img loading=\"lazy\" decoding=\"async\" class=\"alignnone size-full wp-image-2982\" src=\"https:\/\/autothaiduong.vn\/wp-content\/uploads\/2025\/08\/f10-hyper-4.png\" alt=\"\" width=\"1280\" height=\"1280\" srcset=\"https:\/\/autothaiduong.vn\/wp-content\/uploads\/2025\/08\/f10-hyper-4.png 1280w, https:\/\/autothaiduong.vn\/wp-content\/uploads\/2025\/08\/f10-hyper-4-600x600.png 600w, https:\/\/autothaiduong.vn\/wp-content\/uploads\/2025\/08\/f10-hyper-4-1024x1024.png 1024w, https:\/\/autothaiduong.vn\/wp-content\/uploads\/2025\/08\/f10-hyper-4-300x300.png 300w, https:\/\/autothaiduong.vn\/wp-content\/uploads\/2025\/08\/f10-hyper-4-768x768.png 768w, https:\/\/autothaiduong.vn\/wp-content\/uploads\/2025\/08\/f10-hyper-4-100x100.png 100w, https:\/\/autothaiduong.vn\/wp-content\/uploads\/2025\/08\/f10-hyper-4-50x50.png 50w\" sizes=\"auto, (max-width: 1280px) 100vw, 1280px\" \/><\/p>\n<p>Thay v\u00ec ch\u1ec9 d\u1ef1a v\u00e0o thi\u1ebft k\u1ebf th\u00e2n \u0111\u00e8n \u0111\u1ec3 tho\u00e1t nhi\u1ec7t, F10 Hyper 2.0 \u0111\u01b0\u1ee3c X-Light trang b\u1ecb c\u1ee5m qu\u1ea1t \u0111\u1eb7t \u1edf ph\u00eda b\u00ean trong, gi\u00fap t\u0103ng c\u01b0\u1eddng l\u01b0u th\u00f4ng kh\u00f4ng kh\u00ed b\u00ean trong th\u00e2n \u0111\u00e8n. Nh\u1edd \u0111\u00f3, nhi\u1ec7t l\u01b0\u1ee3ng sinh ra trong qu\u00e1 tr\u00ecnh ho\u1ea1t \u0111\u1ed9ng \u0111\u1eb7c bi\u1ec7t t\u1eeb c\u00e1c chip LED hi\u1ec7u su\u1ea5t cao \u0111\u01b0\u1ee3c l\u00e0m m\u00e1t nhanh ch\u00f3ng v\u00e0 hi\u1ec7u qu\u1ea3 h\u01a1n.<\/p>\n<p>H\u1ec7 th\u1ed1ng qu\u1ea1t t\u1ea3n nhi\u1ec7t kh\u00f4ng ch\u1ec9 \u0111\u00f3ng vai tr\u00f2 l\u00e0m m\u00e1t chip LED m\u00e0 c\u00f2n g\u00f3p ph\u1ea7n quan tr\u1ecdng trong vi\u1ec7c l\u01b0u th\u00f4ng lu\u1ed3ng kh\u00f4ng kh\u00ed b\u00ean trong th\u00e2n \u0111\u00e8n. Nh\u1edd c\u01a1 ch\u1ebf qu\u1ea1t ch\u1ee7 \u0111\u1ed9ng, kh\u00f4ng kh\u00ed n\u00f3ng \u0111\u01b0\u1ee3c \u0111\u1ea9y ra ngo\u00e0i li\u00ean t\u1ee5c, \u0111\u1ed3ng th\u1eddi t\u1ea1o ra \u00e1p l\u1ef1c \u0111\u1ed1i l\u01b0u, gi\u00fap kh\u00f4ng gian b\u00ean trong \u0111\u00e8n lu\u00f4n kh\u00f4 tho\u00e1ng. C\u01a1 ch\u1ebf n\u00e0y gi\u00fap ng\u0103n ng\u1eeba hi\u1ec7u qu\u1ea3 t\u00ecnh tr\u1ea1ng ng\u01b0ng t\u1ee5 h\u01a1i \u1ea9m (nguy\u00ean nh\u00e2n ch\u00ednh g\u00e2y \u0111\u1ecdng s\u01b0\u01a1ng \u1edf m\u1eb7t lens).<\/p>\n<p>B\u00ean c\u1ea1nh \u0111\u00f3, thi\u1ebft k\u1ebf th\u00e2n \u0111\u00e8n v\u1edbi c\u00e1c r\u00e3nh t\u1ea3n nhi\u1ec7t s\u00e2u \u0111\u01b0\u1ee3c b\u1ed1 tr\u00ed h\u1ee3p l\u00fd c\u0169ng g\u00f3p ph\u1ea7n t\u0103ng kh\u1ea3 n\u0103ng tho\u00e1t nhi\u1ec7t nhanh, gi\u1eef cho to\u00e0n b\u1ed9 h\u1ec7 th\u1ed1ng lu\u00f4n ho\u1ea1t \u0111\u1ed9ng \u1edf m\u1ee9c nhi\u1ec7t l\u00fd t\u01b0\u1edfng. T\u1ed5ng th\u1ec3 t\u1ea1o n\u00ean m\u1ed9t chi\u1ebfc \u0111\u00e8n v\u1eeba m\u1ea1nh m\u1ebd v\u1eeba b\u1ec1n b\u1ec9 \u0111\u00fang v\u1edbi tri\u1ebft l\u00fd hi\u1ec7u su\u1ea5t cao m\u00e0 X-Light theo \u0111u\u1ed5i.<\/p>\n<p style=\"text-align: center;\"><span style=\"color: #000000; font-size: 120%;\">G\u1ecdi Ngay: 0912197441 \u0111\u1ec3 \u0111\u01b0\u1ee3c t\u01b0 v\u1ea5n d\u00f2ng bi ph\u00f9 h\u1ee3p cho xe c\u1ee7a b\u1ea1n<\/span><\/p>\n<p style=\"text-align: center;\"><strong><span style=\"color: #ff0000; font-size: 120%;\">Auto Th\u00e1i D\u01b0\u01a1ng<\/span><\/strong><\/p>\n<p style=\"text-align: center;\"><span style=\"color: #000000; font-size: 120%;\">273-275 Tr\u1ea7n Ph\u00fa Ph<\/span><span style=\"color: #000000; font-size: 120%;\">\u01b0\u1eddng L\u1ed9c S\u01a1n Th\u00e0nh Ph\u1ed1 B\u1ea3o L\u1ed9c<\/span><\/p>\n","protected":false},"excerpt":{"rendered":"<table>\n<tbody>\n<tr>\n<td class=\"lileft\">T\u00ean S\u1ea3n Ph\u1ea9m:<\/td>\n<td class=\"liright\">BI G\u1ea6M X-LIGHT F10 HYPER 2.0<\/td>\n<\/tr>\n<tr>\n<td class=\"lileft\">Lo\u1ea1i \u0110\u00e8n:<\/td>\n<td class=\"liright\">Bi G\u1ea7m<\/td>\n<\/tr>\n<tr>\n<td class=\"lileft\">Th\u01b0\u01a1ng Hi\u1ec7u:<\/td>\n<td class=\"liright\">X-Light<\/td>\n<\/tr>\n<tr>\n<td class=\"lileft\">N\u0103m s\u1ea3n xu\u1ea5t:<\/td>\n<td class=\"liright\">2025<\/td>\n<\/tr>\n<tr>\n<td class=\"lileft\">V\u1ecb Tr\u00ed L\u1eafp \u0110\u1eb7t:<\/td>\n<td class=\"liright\">\u0110\u00e8n G\u1ea7m\/Ph\u00e1 S\u01b0\u01a1ng<\/td>\n<\/tr>\n<tr>\n<td class=\"lileft\">D\u00f2ng Xe Ph\u00f9 H\u1ee3p:<\/td>\n<td class=\"liright\">C\u00e1c Lo\u1ea1i Xe \u00d4 T\u00f4<\/td>\n<\/tr>\n<tr>\n<td class=\"lileft\">C\u00f4ng Su\u1ea5t Cos:<\/td>\n<td class=\"liright\">~ 50W<\/td>\n<\/tr>\n<tr>\n<td class=\"lileft\">C\u00f4ng Su\u1ea5t Pha:<\/td>\n<td class=\"liright\">~ 55W<\/td>\n<\/tr>\n<tr>\n<td class=\"lileft\">Nh\u00e2n LED:<\/td>\n<td class=\"liright\">6 (Big) + 1 (Osram)<\/td>\n<\/tr>\n<tr>\n<td class=\"lileft\">Nhi\u1ec7t m\u00e0u:<\/td>\n<td class=\"liright\">5000K<\/td>\n<\/tr>\n<tr>\n<td class=\"lileft\">H\u1ec7 Th\u1ed1ng T\u1ea3n Nhi\u1ec7t:<\/td>\n<td class=\"liright\">Th\u1ee5 \u0110\u1ed9ng + Qu\u1ea1t<\/td>\n<\/tr>\n<tr>\n<td class=\"lileft\">Ch\u1ed1ng n\u01b0\u1edbc:<\/td>\n<td class=\"liright\">IP68<\/td>\n<\/tr>\n<tr>\n<td class=\"lileft\">Tu\u1ed5i th\u1ecd:<\/td>\n<td class=\"liright\">30.000 Gi\u1edd<\/td>\n<\/tr>\n<tr>\n<td class=\"lileft\">\u0110i\u1ec7n \u00c1p:<\/td>\n<td class=\"liright\">12V &#8211; 16V<\/td>\n<\/tr>\n<tr>\n<td class=\"lileft\">K\u00edch th\u01b0\u1edbc \u0110\u00e8n:<\/td>\n<td class=\"liright\">99x57x58mm<\/td>\n<\/tr>\n<tr>\n<td class=\"lileft\">K\u00edch Th\u01b0\u1edbc Lens:<\/td>\n<td class=\"liright\">2.0 Inch<\/td>\n<\/tr>\n<tr>\n<td class=\"lileft\">B\u1ea3o h\u00e0nh:<\/td>\n<td class=\"liright\">2 N\u0103m<\/td>\n<\/tr>\n<tr>\n<td class=\"lileft\">\u0110\u1eb7c Bi\u1ec7t N\u1ed5i B\u1eadt:<\/td>\n<td class=\"liright\">Cos M\u1ea1nh &#8211; Pha Gom T\u00e2m<br \/>\nT\u00edch H\u1ee3p Qu\u1ea1t T\u1ed1i \u01afu \u0110\u1ed9 B\u1ec1n<\/td>\n<\/tr>\n<\/tbody>\n<\/table>\n","protected":false},"featured_media":2971,"comment_status":"open","ping_status":"closed","template":"","meta":[],"product_brand":[134],"product_cat":[16,26,143],"product_tag":[],"class_list":{"0":"post-2970","1":"product","2":"type-product","3":"status-publish","4":"has-post-thumbnail","6":"product_brand-x-light","7":"product_cat-anh-sang","8":"product_cat-bi-led","9":"product_cat-den-bi-gam","11":"first","12":"instock","13":"shipping-taxable","14":"purchasable","15":"product-type-simple"},"_links":{"self":[{"href":"https:\/\/autothaiduong.vn\/index.php?rest_route=\/wp\/v2\/product\/2970","targetHints":{"allow":["GET"]}}],"collection":[{"href":"https:\/\/autothaiduong.vn\/index.php?rest_route=\/wp\/v2\/product"}],"about":[{"href":"https:\/\/autothaiduong.vn\/index.php?rest_route=\/wp\/v2\/types\/product"}],"replies":[{"embeddable":true,"href":"https:\/\/autothaiduong.vn\/index.php?rest_route=%2Fwp%2Fv2%2Fcomments&post=2970"}],"wp:featuredmedia":[{"embeddable":true,"href":"https:\/\/autothaiduong.vn\/index.php?rest_route=\/wp\/v2\/media\/2971"}],"wp:attachment":[{"href":"https:\/\/autothaiduong.vn\/index.php?rest_route=%2Fwp%2Fv2%2Fmedia&parent=2970"}],"wp:term":[{"taxonomy":"product_brand","embeddable":true,"href":"https:\/\/autothaiduong.vn\/index.php?rest_route=%2Fwp%2Fv2%2Fproduct_brand&post=2970"},{"taxonomy":"product_cat","embeddable":true,"href":"https:\/\/autothaiduong.vn\/index.php?rest_route=%2Fwp%2Fv2%2Fproduct_cat&post=2970"},{"taxonomy":"product_tag","embeddable":true,"href":"https:\/\/autothaiduong.vn\/index.php?rest_route=%2Fwp%2Fv2%2Fproduct_tag&post=2970"}],"curies":[{"name":"wp","href":"https:\/\/api.w.org\/{rel}","templated":true}]}}