{"id":2983,"date":"2025-08-16T08:57:16","date_gmt":"2025-08-16T08:57:16","guid":{"rendered":"https:\/\/autothaiduong.vn\/?post_type=product&#038;p=2983"},"modified":"2025-08-16T08:57:40","modified_gmt":"2025-08-16T08:57:40","slug":"bi-led-gtr-limited-3-0-2024-2","status":"publish","type":"product","link":"https:\/\/autothaiduong.vn\/?product=bi-led-gtr-limited-3-0-2024-2","title":{"rendered":"BI LED GTR LIMITED 3.0 2024"},"content":{"rendered":"<p><strong><img loading=\"lazy\" decoding=\"async\" class=\" wp-image-2888 aligncenter\" src=\"https:\/\/autothaiduong.vn\/wp-content\/uploads\/2025\/05\/z6584734442481_f208f5944548cb4b46353402ce2e64e0-5.jpg\" alt=\"\" width=\"274\" height=\"243\" \/><\/strong><\/p>\n<p style=\"text-align: center;\"><span style=\"color: #ff0000; font-size: 130%;\"><strong>273-275 Tr\u1ea7n Ph\u00fa Ph\u01b0\u1eddng L\u1ed9c S\u01a1n Th\u00e0nh Ph\u1ed1 B\u1ea3o L\u1ed9c\u00a0<\/strong><\/span><\/p>\n<p style=\"text-align: center;\"><span style=\"color: #ff0000; font-size: 130%;\"><strong>SDT: 0912197441<\/strong><\/span><\/p>\n<p><img loading=\"lazy\" decoding=\"async\" class=\"alignnone size-full wp-image-2992\" title=\"BI LED GTR LIMITED 3.0 2024\" src=\"https:\/\/autothaiduong.vn\/wp-content\/uploads\/2025\/08\/poster-limited-3-2024.jpg\" alt=\"BI LED GTR LIMITED 3.0 2024\" width=\"1280\" height=\"850\" srcset=\"https:\/\/autothaiduong.vn\/wp-content\/uploads\/2025\/08\/poster-limited-3-2024.jpg 1280w, https:\/\/autothaiduong.vn\/wp-content\/uploads\/2025\/08\/poster-limited-3-2024-600x398.jpg 600w, https:\/\/autothaiduong.vn\/wp-content\/uploads\/2025\/08\/poster-limited-3-2024-1024x680.jpg 1024w, https:\/\/autothaiduong.vn\/wp-content\/uploads\/2025\/08\/poster-limited-3-2024-768x510.jpg 768w\" sizes=\"auto, (max-width: 1280px) 100vw, 1280px\" \/><\/p>\n<h2><a id=\"1-h-nh--nh--nh-s-ng-th--c-t--bi-led-gtr-limited-3-0-2024\" class=\"toc-a-tag\"><\/a>1. H\u00ccNH \u1ea2NH \u00c1NH S\u00c1NG TH\u1ef0C T\u1ebe BI LED GTR LIMITED 3.0 2024<\/h2>\n<h3><a id=\"1-1-h-nh--nh--nh-s-ng-th--c-t--cos-c--a-bi-led-gtr-limited-3-0-2024\" class=\"toc-a-tag\"><\/a>1.1. H\u00ecnh \u1ea3nh \u00e1nh s\u00e1ng th\u1ef1c t\u1ebf Cos c\u1ee7a Bi LED GTR Limited 3.0 2024<\/h3>\n<p>&#8211; Test b\u1ea3ng canh \u0111\u00e8n<\/p>\n<p><img loading=\"lazy\" decoding=\"async\" class=\"alignnone size-full wp-image-2993\" src=\"https:\/\/autothaiduong.vn\/wp-content\/uploads\/2025\/08\/cos-can-den.jpg\" alt=\"\" width=\"1280\" height=\"1280\" srcset=\"https:\/\/autothaiduong.vn\/wp-content\/uploads\/2025\/08\/cos-can-den.jpg 1280w, https:\/\/autothaiduong.vn\/wp-content\/uploads\/2025\/08\/cos-can-den-600x600.jpg 600w, https:\/\/autothaiduong.vn\/wp-content\/uploads\/2025\/08\/cos-can-den-1024x1024.jpg 1024w, https:\/\/autothaiduong.vn\/wp-content\/uploads\/2025\/08\/cos-can-den-300x300.jpg 300w, https:\/\/autothaiduong.vn\/wp-content\/uploads\/2025\/08\/cos-can-den-768x768.jpg 768w, https:\/\/autothaiduong.vn\/wp-content\/uploads\/2025\/08\/cos-can-den-100x100.jpg 100w, https:\/\/autothaiduong.vn\/wp-content\/uploads\/2025\/08\/cos-can-den-50x50.jpg 50w\" sizes=\"auto, (max-width: 1280px) 100vw, 1280px\" \/><\/p>\n<p>\u00c1nh s\u00e1ng Cos Bi LED GTR Limited 3.0 2024 khi test tr\u00ean b\u1ea1t canh \u0111\u00e8n<\/p>\n<p>&#8211; Test \u00e1nh s\u00e1ng th\u1ef1c t\u1ebf<\/p>\n<p><img loading=\"lazy\" decoding=\"async\" class=\"alignnone size-full wp-image-2994\" src=\"https:\/\/autothaiduong.vn\/wp-content\/uploads\/2025\/08\/cos-1.jpg\" alt=\"\" width=\"1280\" height=\"1280\" srcset=\"https:\/\/autothaiduong.vn\/wp-content\/uploads\/2025\/08\/cos-1.jpg 1280w, https:\/\/autothaiduong.vn\/wp-content\/uploads\/2025\/08\/cos-1-600x600.jpg 600w, https:\/\/autothaiduong.vn\/wp-content\/uploads\/2025\/08\/cos-1-1024x1024.jpg 1024w, https:\/\/autothaiduong.vn\/wp-content\/uploads\/2025\/08\/cos-1-300x300.jpg 300w, https:\/\/autothaiduong.vn\/wp-content\/uploads\/2025\/08\/cos-1-768x768.jpg 768w, https:\/\/autothaiduong.vn\/wp-content\/uploads\/2025\/08\/cos-1-100x100.jpg 100w, https:\/\/autothaiduong.vn\/wp-content\/uploads\/2025\/08\/cos-1-50x50.jpg 50w\" sizes=\"auto, (max-width: 1280px) 100vw, 1280px\" \/><\/p>\n<p>\u00c1nh s\u00e1ng Cos v\u01b0\u1ee3t tr\u1ed9i v\u00e0 s\u1eafc n\u00e9t<\/p>\n<p>Nh\u1edd v\u00e0o vi\u1ec7c s\u1eed d\u1ee5ng c\u00f4ng ngh\u1ec7 9 + 1 chip LED, Bi LED GTR Limited 3.0 2024 mang \u0111\u1ebfn \u00e1nh s\u00e1ng Cos v\u1edbi v\u00f9ng chi\u1ebfu r\u1ed9ng, bao qu\u00e1t c\u1ea3 hai b\u00ean \u0111\u01b0\u1eddng. Ngo\u00e0i ra, c\u00f4ng su\u1ea5t ho\u1ea1t \u0111\u1ed9ng l\u00ean \u0111\u1ebfn 55W \u0111\u01b0\u1ee3c ph\u00e2n b\u1ed5 m\u1ed9t c\u00e1ch th\u00f4ng minh, mang l\u1ea1i \u00e1nh s\u00e1ng m\u1ea1nh m\u1ebd h\u01a1n so v\u1edbi c\u00e1c phi\u00ean b\u1ea3n tr\u01b0\u1edbc \u0111\u00f3 \u0111\u1ebfn 10%, \u0111\u1ea3m b\u1ea3o ch\u1ea5t l\u01b0\u1ee3ng \u00e1nh s\u00e1ng \u1ed5n \u0111\u1ecbnh v\u00e0 \u0111\u1eb9p m\u1eaft tr\u00ean m\u1ecdi h\u00e0nh tr\u00ecnh.<\/p>\n<h3><a id=\"1-2-h-nh--nh--nh-s-ng-th--c-t--pha-c--a-bi-led-gtr-limited-3-0-2024\" class=\"toc-a-tag\"><\/a>1.2. H\u00ecnh \u1ea3nh \u00e1nh s\u00e1ng th\u1ef1c t\u1ebf Pha c\u1ee7a Bi LED GTR LIMITED 3.0 2024<\/h3>\n<p>&#8211; Test b\u1ea3ng canh \u0111\u00e8n<\/p>\n<p><img loading=\"lazy\" decoding=\"async\" class=\"alignnone size-full wp-image-2995\" src=\"https:\/\/autothaiduong.vn\/wp-content\/uploads\/2025\/08\/pha-can-den.jpg\" alt=\"\" width=\"1280\" height=\"1280\" srcset=\"https:\/\/autothaiduong.vn\/wp-content\/uploads\/2025\/08\/pha-can-den.jpg 1280w, https:\/\/autothaiduong.vn\/wp-content\/uploads\/2025\/08\/pha-can-den-600x600.jpg 600w, https:\/\/autothaiduong.vn\/wp-content\/uploads\/2025\/08\/pha-can-den-1024x1024.jpg 1024w, https:\/\/autothaiduong.vn\/wp-content\/uploads\/2025\/08\/pha-can-den-300x300.jpg 300w, https:\/\/autothaiduong.vn\/wp-content\/uploads\/2025\/08\/pha-can-den-768x768.jpg 768w, https:\/\/autothaiduong.vn\/wp-content\/uploads\/2025\/08\/pha-can-den-100x100.jpg 100w, https:\/\/autothaiduong.vn\/wp-content\/uploads\/2025\/08\/pha-can-den-50x50.jpg 50w\" sizes=\"auto, (max-width: 1280px) 100vw, 1280px\" \/><\/p>\n<p>\u00c1nh s\u00e1ng Pha Bi LED GTR Limited 3.0 2024 khi test tr\u00ean b\u1ea1t canh \u0111\u00e8n<\/p>\n<p>&#8211; Test \u00e1nh s\u00e1ng th\u1ef1c t\u1ebf<\/p>\n<p><img loading=\"lazy\" decoding=\"async\" class=\"alignnone size-full wp-image-2996\" src=\"https:\/\/autothaiduong.vn\/wp-content\/uploads\/2025\/08\/pha-1.jpg\" alt=\"\" width=\"1280\" height=\"1280\" srcset=\"https:\/\/autothaiduong.vn\/wp-content\/uploads\/2025\/08\/pha-1.jpg 1280w, https:\/\/autothaiduong.vn\/wp-content\/uploads\/2025\/08\/pha-1-600x600.jpg 600w, https:\/\/autothaiduong.vn\/wp-content\/uploads\/2025\/08\/pha-1-1024x1024.jpg 1024w, https:\/\/autothaiduong.vn\/wp-content\/uploads\/2025\/08\/pha-1-300x300.jpg 300w, https:\/\/autothaiduong.vn\/wp-content\/uploads\/2025\/08\/pha-1-768x768.jpg 768w, https:\/\/autothaiduong.vn\/wp-content\/uploads\/2025\/08\/pha-1-100x100.jpg 100w, https:\/\/autothaiduong.vn\/wp-content\/uploads\/2025\/08\/pha-1-50x50.jpg 50w\" sizes=\"auto, (max-width: 1280px) 100vw, 1280px\" \/><\/p>\n<p>\u00c1nh s\u00e1ng Pha m\u1ea1nh m\u1ebd, pha v\u00e0ng gom \u0111\u1eadm t\u1ea1i t\u00e2m<\/p>\n<p>\u00c1nh s\u00e1ng Pha c\u1ee7a Bi LED GTR Limited 3.0 2024 \u0111\u1ea1t c\u00f4ng su\u1ea5t kho\u1ea3ng 65W, v\u1edbi t\u00e2m gom \u0111\u1eadm m\u00e0u v\u00e0ng, t\u1ea1o ra m\u1ed9t \u00e1nh s\u00e1ng Pha m\u1ea1nh m\u1ebd, cao v\u00e0 r\u1ed9ng. Khi chuy\u1ec3n sang ch\u1ebf \u0111\u1ed9 Pha, t\u00e2m v\u00e0ng \u0111\u01b0\u1ee3c duy tr\u00ec kh\u00f4ng \u0111\u1ed5i, gi\u00fap \u00e1nh s\u00e1ng chi\u1ebfu xa c\u00f3 th\u1ec3 \u0111\u1ea1t \u0111\u1ebfn kho\u1ea3ng c\u00e1ch l\u00ean \u0111\u1ebfn 800m, \u0111\u1ea3m b\u1ea3o an to\u00e0n cho t\u00e0i x\u1ebf trong \u0111i\u1ec1u ki\u1ec7n thi\u1ebfu \u00e1nh s\u00e1ng.<\/p>\n<p>\u0110\u1eb7c bi\u1ec7t, t\u00ednh n\u0103ng gi\u1ea3 l\u1eadp \u00e1nh s\u00e1ng laser tr\u00ean d\u00f2ng GTR Limited 3.0 2024 \u0111\u01b0\u1ee3c c\u00e1c chuy\u00ean gia trong ng\u00e0nh \u0111\u00e1nh gi\u00e1 r\u1ea5t cao, l\u00e0m cho s\u1ea3n ph\u1ea9m ph\u00f9 h\u1ee3p v\u1edbi nhi\u1ec1u nhu c\u1ea7u \u0111a d\u1ea1ng tr\u00ean th\u1ecb tr\u01b0\u1eddng Vi\u1ec7t Nam.<\/p>\n","protected":false},"excerpt":{"rendered":"<h2>Th\u00f4ng s\u1ed1 k\u1ef9 thu\u1eadt BI LED GTR LIMITED 3.0 2024<\/h2>\n<table>\n<tbody>\n<tr>\n<td class=\"lileft\">T\u00ean S\u1ea3n Ph\u1ea9m:<\/td>\n<td class=\"liright\">BI LED GTR LIMITED 3.0 2024<\/td>\n<\/tr>\n<tr>\n<td class=\"lileft\">Lo\u1ea1i \u0110\u00e8n:<\/td>\n<td class=\"liright\">BI LED<\/td>\n<\/tr>\n<tr>\n<td class=\"lileft\">Th\u01b0\u01a1ng Hi\u1ec7u:<\/td>\n<td class=\"liright\">GTR<\/td>\n<\/tr>\n<tr>\n<td class=\"lileft\">N\u0103m s\u1ea3n xu\u1ea5t:<\/td>\n<td class=\"liright\">2024<\/td>\n<\/tr>\n<tr>\n<td class=\"lileft\">C\u00f4ng Su\u1ea5t Cos:<\/td>\n<td class=\"liright\">55W<\/td>\n<\/tr>\n<tr>\n<td class=\"lileft\">C\u00f4ng Su\u1ea5t Pha:<\/td>\n<td class=\"liright\">65W<\/td>\n<\/tr>\n<tr>\n<td class=\"lileft\">Nh\u00e2n LED:<\/td>\n<td class=\"liright\">9+1 (Osram)<\/td>\n<\/tr>\n<tr>\n<td class=\"lileft\">Nhi\u1ec7t m\u00e0u:<\/td>\n<td class=\"liright\">5200K<\/td>\n<\/tr>\n<tr>\n<td class=\"lileft\">H\u1ec7 Th\u1ed1ng T\u1ea3n Nhi\u1ec7t:<\/td>\n<td class=\"liright\">Aluminum<\/td>\n<\/tr>\n<tr>\n<td class=\"lileft\">Tu\u1ed5i th\u1ecd:<\/td>\n<td class=\"liright\">30.000 Gi\u1edd<\/td>\n<\/tr>\n<tr>\n<td class=\"lileft\">\u0110i\u1ec7n \u00c1p:<\/td>\n<td class=\"liright\">12V &#8211; 16V<\/td>\n<\/tr>\n<tr>\n<td class=\"lileft\">K\u00edch Th\u01b0\u1edbc Lens:<\/td>\n<td class=\"liright\">3.0 Inch<\/td>\n<\/tr>\n<tr>\n<td class=\"lileft\">B\u1ea3o h\u00e0nh:<\/td>\n<td class=\"liright\">24 Th\u00e1ng<\/td>\n<\/tr>\n<\/tbody>\n<\/table>\n","protected":false},"featured_media":2984,"comment_status":"open","ping_status":"closed","template":"","meta":[],"product_brand":[139],"product_cat":[16,26],"product_tag":[],"class_list":{"0":"post-2983","1":"product","2":"type-product","3":"status-publish","4":"has-post-thumbnail","6":"product_brand-gtr","7":"product_cat-anh-sang","8":"product_cat-bi-led","10":"first","11":"instock","12":"shipping-taxable","13":"purchasable","14":"product-type-simple"},"_links":{"self":[{"href":"https:\/\/autothaiduong.vn\/index.php?rest_route=\/wp\/v2\/product\/2983","targetHints":{"allow":["GET"]}}],"collection":[{"href":"https:\/\/autothaiduong.vn\/index.php?rest_route=\/wp\/v2\/product"}],"about":[{"href":"https:\/\/autothaiduong.vn\/index.php?rest_route=\/wp\/v2\/types\/product"}],"replies":[{"embeddable":true,"href":"https:\/\/autothaiduong.vn\/index.php?rest_route=%2Fwp%2Fv2%2Fcomments&post=2983"}],"wp:featuredmedia":[{"embeddable":true,"href":"https:\/\/autothaiduong.vn\/index.php?rest_route=\/wp\/v2\/media\/2984"}],"wp:attachment":[{"href":"https:\/\/autothaiduong.vn\/index.php?rest_route=%2Fwp%2Fv2%2Fmedia&parent=2983"}],"wp:term":[{"taxonomy":"product_brand","embeddable":true,"href":"https:\/\/autothaiduong.vn\/index.php?rest_route=%2Fwp%2Fv2%2Fproduct_brand&post=2983"},{"taxonomy":"product_cat","embeddable":true,"href":"https:\/\/autothaiduong.vn\/index.php?rest_route=%2Fwp%2Fv2%2Fproduct_cat&post=2983"},{"taxonomy":"product_tag","embeddable":true,"href":"https:\/\/autothaiduong.vn\/index.php?rest_route=%2Fwp%2Fv2%2Fproduct_tag&post=2983"}],"curies":[{"name":"wp","href":"https:\/\/api.w.org\/{rel}","templated":true}]}}