{"id":365,"date":"2025-05-06T10:08:19","date_gmt":"2025-05-06T10:08:19","guid":{"rendered":"https:\/\/autothaiduong.vn\/?post_type=product&#038;p=365"},"modified":"2025-05-16T17:05:45","modified_gmt":"2025-05-16T17:05:45","slug":"man-hinh-android-o-to-naviplay-n800","status":"publish","type":"product","link":"https:\/\/autothaiduong.vn\/?product=man-hinh-android-o-to-naviplay-n800","title":{"rendered":"M\u00c0N H\u00ccNH ANDROID \u00d4 T\u00d4 NAVIPLAY N800"},"content":{"rendered":"<p dir=\"ltr\" style=\"text-align: center;\"><img loading=\"lazy\" decoding=\"async\" class=\"wp-image-489 aligncenter\" src=\"https:\/\/autothaiduong.vn\/wp-content\/uploads\/2025\/04\/z6584734442481_f208f5944548cb4b46353402ce2e64e0.jpg\" alt=\"\" width=\"319\" height=\"282\" \/>M\u00e0n h\u00ecnh DVD \u00f4 t\u00f4 NAVIPLAY N800 l\u00e0 ng\u01b0\u1eddi b\u1ea1n \u0111\u1ed3ng h\u00e0nh \u0111\u00e1ng tin c\u1eady cho m\u1ecdi chi\u1ebfc xe. NAVIPLAY N800 \u0111\u01b0\u1ee3c t\u00edch h\u1ee3p nhi\u1ec1u t\u00ednh n\u0103ng th\u00f4ng minh nh\u01b0 h\u1ed7 tr\u1ee3 \u0111i\u1ec1u khi\u1ec3n c\u00e1c t\u00ednh n\u0103ng tr\u00ean xe, c\u00f3 th\u1ec3 k\u1ebft n\u1ed1i v\u00e0 \u0111\u1ed3ng b\u1ed9 c\u00f9ng \u0111i\u1ec7n tho\u1ea1i c\u1ee7a ng\u01b0\u1eddi d\u00f9ng, nh\u1edd \u0111\u00f3 gi\u00fap d\u1ec5 d\u00e0ng s\u1eed d\u1ee5ng v\u00e0 \u0111i\u1ec1u khi\u1ec3n h\u01a1n. Kh\u00f4ng ch\u1ec9 l\u00e0 tr\u1ee3 l\u00fd tuy\u1ec7t v\u1eddi, NAVIPLAY N800 c\u00f2n gi\u00fap chi\u1ebfc xe c\u1ee7a b\u1ea1n tr\u1edf n\u00ean sang tr\u1ecdng v\u00e0 hi\u1ec7n \u0111\u1ea1i h\u01a1n.<\/p>\n<h3 dir=\"ltr\"><strong><a id=\"thi--t-k--giao-di--n-m-n-h-nh-th--i-th---ng-nbsp-\" class=\"toc-a-tag\"><\/a>Thi\u1ebft k\u1ebf giao di\u1ec7n m\u00e0n h\u00ecnh th\u1eddi th\u01b0\u1ee3ng.\u00a0<\/strong><\/h3>\n<p dir=\"ltr\">NAVIPLAY N800 c\u00f3 thi\u1ebft k\u1ebf giao \u0111i\u1ec7n \u0111\u1ed9c quy\u1ec1n tr\u1ebb trung, hi\u1ec7n \u0111\u1ea1i. N800 c\u00f3 k\u00edch th\u01b0\u1edbc 9-10 inch, b\u1ec1 m\u1eb7t \u0111\u01b0\u1ee3c b\u1ea3o v\u1ec7 nh\u1edd c\u00f3 l\u1edbp k\u00ednh c\u01b0\u1eddng l\u1ef1c \u0111\u1ed9 b\u1ec1n cao. B\u00ean c\u1ea1nh \u0111\u00f3, m\u00e0n h\u00ecnh c\u00f2n c\u00f3 c\u00f4ng ngh\u1ec7 ch\u1ed1ng ch\u00f3i hi\u1ec7u qu\u1ea3 gi\u00fap ng\u01b0\u1eddi d\u00f9ng c\u00f3 th\u1ec3 d\u1ec5 d\u00e0ng nh\u00ecn tho\u1ea3i m\u00e1i v\u00e0o m\u00e0n h\u00ecnh c\u1ee7a NAVIPLAY N800.<\/p>\n<h3 dir=\"ltr\"><strong><a id=\"c--u-h-nh-ph--n-c--ng-m--nh-m--c--a-naviplay-n800\" class=\"toc-a-tag\"><\/a>C\u1ea5u h\u00ecnh ph\u1ea7n c\u1ee9ng m\u1ea1nh m\u1ebd c\u1ee7a NAVIPLAY N800<\/strong><\/h3>\n<p dir=\"ltr\">M\u00e0n h\u00ecnh DVD \u00f4 t\u00f4 Android NAVIPLAY N800 s\u1edf h\u1eefu c\u1ea5u h\u00ecnh v\u00f4 c\u00f9ng ch\u1ea5t l\u01b0\u1ee3ng: RAM 3GB &#8211; ROM 32GR, chip 8 nh\u00e2n &#8211; 1.8Ghz cho ng\u01b0\u1eddi d\u00f9ng c\u00f3 th\u1ec3 l\u01b0\u1edbt m\u00e0n h\u00ecnh m\u1ed9t c\u00e1ch m\u01b0\u1ee3t m\u00e0, n\u00e2ng t\u1ea7m tr\u1ea3i nghi\u1ec7m khi t\u1ed1c \u0111\u1ed9 x\u1eed l\u00fd t\u1ed1t. C\u00f3 th\u1ec3 chia \u0111\u00f4i m\u00e0n h\u00ecnh, s\u1eed d\u1ee5ng \u0111a nhi\u1ec7m \u1ee9ng d\u1ee5ng tr\u00ean m\u00e0n h\u00ecnh. B\u1ed9 l\u01b0u tr\u1eef c\u1ee7a N800 l\u1edbn c\u00f3 th\u1ec3 l\u01b0u tr\u1eef nhi\u1ec1u \u1ee9ng d\u1ee5ng gi\u1ea3i tr\u00ed th\u00fa v\u1ecb. \u0110\u1ed9 ph\u00e2n gi\u1ea3i HD+ (1280*720) cho h\u00ecnh \u1ea3nh r\u00f5 n\u00e9t, g\u00f3c nh\u00ecn \u0111\u01b0\u1ee3c \u0111a chi\u1ec1u, h\u00ecnh \u1ea3nh ch\u00e2n th\u1eadt.<\/p>\n<p dir=\"ltr\">M\u00e0n h\u00ecnh NAVIPLAY N800 c\u00f3 th\u1ec3 s\u1eed d\u1ee5ng sim 4G, nh\u1edd \u0111\u00f3 m\u00e0 d\u1ec5 d\u00e0ng d\u00f9ng internet m\u01b0\u1ee3t m\u00e0 trong qu\u00e1 tr\u00ecnh xe di chuy\u1ec3n m\u00e0 kh\u00f4ng lo b\u1ecb gi\u00e1n \u0111o\u1ea1n. Ngo\u00e0i ra, m\u00e0n h\u00ecnh c\u00f2n h\u1ed7 tr\u1ee3 ph\u00e1t wifi gi\u00fap ng\u01b0\u1eddi ng\u1ed3i tr\u00ean xe c\u00f3 th\u1ec3 k\u1ebft n\u1ed1i v\u1edbi c\u00e1c thi\u1ebft b\u1ecb c\u00e1 nh\u00e2n.<\/p>\n<h3 dir=\"ltr\"><strong><a id=\"k--t-n--i-d--d-ng-v--i-c-c-thi--t-b--c--a-xe-v---i--n-tho--i\" class=\"toc-a-tag\"><\/a>K\u1ebft n\u1ed1i d\u1ec5 d\u00e0ng v\u1edbi c\u00e1c thi\u1ebft b\u1ecb c\u1ee7a xe v\u00e0 \u0111i\u1ec7n tho\u1ea1i<\/strong><\/h3>\n<p dir=\"ltr\">NAVIPLAY N800 c\u00f3 c\u00f4ng ngh\u1ec7 h\u1ed7 tr\u1ee3 k\u1ebft n\u1ed1i c\u00f9ng c\u00e1c thi\u1ebft b\u1ecb kh\u00e1c tr\u00ean xe \u00f4 t\u00f4 nh\u01b0 Camera, h\u1ec7 th\u1ed1ng loa, h\u1ec7 th\u1ed1ng \u00e1p su\u1ea5t l\u1ed1p,&#8230; Nh\u1edd k\u1ebft n\u1ed1i \u0111\u01b0\u1ee3c v\u1edbi c\u00e1c thi\u1ebft b\u1ecb tr\u00ean xe, m\u00e0n h\u00ecnh DVD Android N800 nh\u00e0 NAVIPLAY c\u00f3 th\u1ec3 gi\u00fap ng\u01b0\u1eddi ng\u1ed3i tr\u00ean xe c\u00f3 th\u1ec3 \u0111i\u1ec1u khi\u1ec3n h\u01a1n. B\u00ean c\u1ea1nh \u0111\u00f3, m\u00e0n h\u00ecnh gi\u00fap d\u1ec5 d\u00e0ng theo d\u00f5i h\u00e0nh tr\u00ecnh, quan s\u00e1t xung quanh.<\/p>\n<p dir=\"ltr\">K\u1ebft n\u1ed1i Bluetooth v\u1edbi \u0111i\u1ec7n tho\u1ea1i, b\u00e1c t\u00e0i c\u00f3 th\u1ec3 s\u1eed d\u1ee5ng ch\u1ebf ch\u1ebf \u0111\u1ed9 nghe \u0111i\u1ec7n tho\u1ea1i r\u1ea3nh tay ngay tr\u00ean m\u00e0n h\u00ecnh khi di chuy\u1ec3n. Ngo\u00e0i ra, chi\u1ebfc m\u00e0n h\u00ecnh n\u00e0y c\u00f2n \u0111\u01b0\u1ee3c t\u00edch h\u1ee3p kho CH Play, tho\u1ea3i m\u00e1i t\u1ec9a c\u00e1c \u1ee9ng d\u1ee5ng c\u1ea7n thi\u1ebft, \u1ee9ng d\u1ee5ng gi\u1ea3i tr\u00ed th\u00fa v\u1ecb.<\/p>\n<h3 dir=\"ltr\"><strong><a id=\"tr--l--gi--ng-n-i-navi-assistant-nbsp-\" class=\"toc-a-tag\"><\/a>Tr\u1ee3 l\u00fd gi\u1ecdng n\u00f3i NAVI Assistant\u00a0<\/strong><\/h3>\n<p dir=\"ltr\">Tr\u1ee3 l\u00fd gi\u1ecdng n\u00f3i \u0111\u1ed9c quy\u1ec1n NAVI Assistant \u0111\u01b0\u1ee3c thi\u1ebft k\u1ebf c\u00f3 th\u1ec3 nghe hi\u1ec3u \u0111\u01b0\u1ee3c c\u1ea3 gi\u1ecdng n\u00f3i 3 mi\u1ec1n Vi\u1ec7t Nam, d\u1ec5 d\u00e0ng hi\u1ec3u \u0111\u01b0\u1ee3c c\u00e1c c\u00e1c c\u00e2u l\u1ec7nh \u0111\u01a1n gi\u1ea3n. Nh\u1edd \u0111\u00f3 ng\u01b0\u1eddi d\u00f9ng c\u00f3 th\u1ec3 d\u1ec5 d\u00e0ng \u0111i\u1ec1u khi\u1ec3n m\u00e0n h\u00ecnh m\u00e0 kh\u00f4ng c\u1ea7n ch\u1ea1m tay qu\u00e1 nhi\u1ec1u.<\/p>\n<h3 dir=\"ltr\"><strong><a id=\"t-ch-h--p-3-ph--n-m--m-d--n----ng-nbsp-\" class=\"toc-a-tag\"><\/a>T\u00edch h\u1ee3p 3 ph\u1ea7n m\u1ec1m d\u1eabn \u0111\u01b0\u1eddng.\u00a0<\/strong><\/h3>\n<p dir=\"ltr\">M\u00e0n h\u00ecnh \u00f4 t\u00f4 NAVIPLAY N800 \u0111\u01b0\u1ee3c t\u00edch h\u1ee3p c\u00e1c ph\u1ea7n m\u1ec1m d\u1eabn \u0111\u01b0\u1eddng \u0111a d\u1ee5ng nh\u1ea5t hi\u1ec7n nay l\u00e0 Google Map, Vietmap S1, Navitel. C\u00e1c ph\u1ea7n m\u1ec1m ch\u1ec9 d\u1eabn n\u00e0y \u0111\u01b0\u1ee3c thi\u1ebft k\u1ebf v\u00f4 c\u00f9ng \u0111\u01a1n gi\u1ea3n v\u00e0 d\u1ec5 hi\u1ec3u, gi\u00fap ng\u01b0\u1eddi d\u00f9ng d\u1ec5 d\u00e0ng t\u00ecm \u0111\u01b0\u1ee3c ph\u01b0\u01a1ng h\u01b0\u1edbng. M\u1ed7i ph\u1ea7n m\u1ec1m d\u1eabn \u0111\u01b0\u1eddng tr\u00ean m\u00e0n h\u00ecnh N800 s\u1ebd c\u00f3 m\u1ed9t th\u1ebf m\u1ea1nh kh\u00e1c nhau, t\u00f9y v\u00e0o m\u1ee5c \u0111\u00edch s\u1eed d\u1ee5ng ng\u01b0\u1eddi d\u00f9ng c\u00f3 th\u1ec3 l\u1ef1a ch\u1ecdn \u1ee9ng d\u1ee5ng ph\u00f9 h\u1ee3p v\u1edbi m\u00ecnh.<\/p>\n<h3 dir=\"ltr\"><strong><a id=\"nh--ng-ph--ki--n--i-c-ng-khi-mua-m-n-h-nh-naviplay-n800\" class=\"toc-a-tag\"><\/a>Nh\u1eefng ph\u1ee5 ki\u1ec7n \u0111i c\u00f9ng khi mua m\u00e0n h\u00ecnh NAVIPLAY N800<\/strong><\/h3>\n<p dir=\"ltr\">Khi l\u1eafp m\u00e0n h\u00ecnh NAVIPLAY N800, kh\u00e1ch h\u00e0ng s\u1ebd nh\u1eadn \u0111\u01b0\u1ee3c nh\u1eefng ph\u1ee5 ki\u1ec7n \u0111i k\u00e8m \u0111\u1ec3 \u0111\u01b0\u1ee3c nh\u1eefng tr\u1ea3i nghi\u1ec7m tuy\u1ec7t v\u1eddi h\u01a1n. B\u1ed9 s\u1ea3n ph\u1ea9m bao g\u1ed3m: M\u00e0n h\u00ecnh DVD Android NAVIPLAY N800; b\u1ed9 Jack chuy\u1ec3n Zin h\u1ed7 tr\u1ee3 k\u1ebft n\u1ed1i d\u1ec5 d\u00e0ng; m\u1eb7t d\u01b0\u1ee1ng theo t\u1eebng d\u00f2ng xe kh\u00e1c nhau.<\/p>\n","protected":false},"excerpt":{"rendered":"<table>\n<tbody>\n<tr>\n<td class=\"lileft\">\u0110\u1ed9 ph\u00e2n gi\u1ea3i m\u00e0n h\u00ecnh:<\/td>\n<td class=\"liright\">HD (1280&#215;720)<\/td>\n<\/tr>\n<tr>\n<td class=\"lileft\">K\u00edch th\u01b0\u1edbc m\u00e0n h\u00ecnh:<\/td>\n<td class=\"liright\">10 inch<\/td>\n<\/tr>\n<tr>\n<td class=\"lileft\">RAM:<\/td>\n<td class=\"liright\">3GB<\/td>\n<\/tr>\n<tr>\n<td class=\"lileft\">B\u1ed9 nh\u1edb trong:<\/td>\n<td class=\"liright\">32GB<\/td>\n<\/tr>\n<tr>\n<td class=\"lileft\">Apple Carplay:<\/td>\n<td class=\"liright\">C\u00f3<\/td>\n<\/tr>\n<\/tbody>\n<\/table>\n","protected":false},"featured_media":2048,"comment_status":"open","ping_status":"closed","template":"","meta":[],"product_brand":[54],"product_cat":[17,70,62],"product_tag":[],"class_list":{"0":"post-365","1":"product","2":"type-product","3":"status-publish","4":"has-post-thumbnail","6":"product_brand-naviplay","7":"product_cat-dvd-android-box","8":"product_cat-man-hinh-android","9":"product_cat-man-hinh-dvd-android-o-to","11":"first","12":"instock","13":"shipping-taxable","14":"purchasable","15":"product-type-simple"},"_links":{"self":[{"href":"https:\/\/autothaiduong.vn\/index.php?rest_route=\/wp\/v2\/product\/365","targetHints":{"allow":["GET"]}}],"collection":[{"href":"https:\/\/autothaiduong.vn\/index.php?rest_route=\/wp\/v2\/product"}],"about":[{"href":"https:\/\/autothaiduong.vn\/index.php?rest_route=\/wp\/v2\/types\/product"}],"replies":[{"embeddable":true,"href":"https:\/\/autothaiduong.vn\/index.php?rest_route=%2Fwp%2Fv2%2Fcomments&post=365"}],"wp:featuredmedia":[{"embeddable":true,"href":"https:\/\/autothaiduong.vn\/index.php?rest_route=\/wp\/v2\/media\/2048"}],"wp:attachment":[{"href":"https:\/\/autothaiduong.vn\/index.php?rest_route=%2Fwp%2Fv2%2Fmedia&parent=365"}],"wp:term":[{"taxonomy":"product_brand","embeddable":true,"href":"https:\/\/autothaiduong.vn\/index.php?rest_route=%2Fwp%2Fv2%2Fproduct_brand&post=365"},{"taxonomy":"product_cat","embeddable":true,"href":"https:\/\/autothaiduong.vn\/index.php?rest_route=%2Fwp%2Fv2%2Fproduct_cat&post=365"},{"taxonomy":"product_tag","embeddable":true,"href":"https:\/\/autothaiduong.vn\/index.php?rest_route=%2Fwp%2Fv2%2Fproduct_tag&post=365"}],"curies":[{"name":"wp","href":"https:\/\/api.w.org\/{rel}","templated":true}]}}