{"id":390,"date":"2025-05-08T02:40:03","date_gmt":"2025-05-08T02:40:03","guid":{"rendered":"https:\/\/autothaiduong.vn\/?post_type=product&#038;p=390"},"modified":"2025-05-09T10:16:13","modified_gmt":"2025-05-09T10:16:13","slug":"guong-gap-tu-dong-vf3-g1-vf3","status":"publish","type":"product","link":"https:\/\/autothaiduong.vn\/?product=guong-gap-tu-dong-vf3-g1-vf3","title":{"rendered":"G\u01b0\u01a1ng g\u1eadp t\u1ef1 \u0111\u1ed9ng VF3 \u2013 G1-VF3"},"content":{"rendered":"<h1><img loading=\"lazy\" decoding=\"async\" class=\"alignnone  wp-image-489 aligncenter\" src=\"https:\/\/autothaiduong.vn\/wp-content\/uploads\/2025\/04\/z6584734442481_f208f5944548cb4b46353402ce2e64e0.jpg\" alt=\"\" width=\"333\" height=\"295\" \/><\/h1>\n<p>G\u01b0\u01a1ng g\u1eadp \u0111i\u1ec7n cho VinFast VF3 l\u00e0 s\u1ea3n ph\u1ea9m cao c\u1ea5p, gi\u00fap n\u00e2ng c\u1ea5p ti\u1ec7n \u00edch v\u00e0 an to\u00e0n cho xe. S\u1ea3n ph\u1ea9m cho ph\u00e9p t\u1ef1 \u0111\u1ed9ng g\u1eadp\/m\u1edf g\u01b0\u01a1ng khi kh\u00f3a\/m\u1edf c\u1eeda, t\u00edch h\u1ee3p ch\u1ec9nh \u0111i\u1ec7n v\u00e0 \u0111\u00e8n LED xi nhan hi\u1ec7n \u0111\u1ea1i. Thi\u1ebft k\u1ebf tinh t\u1ebf, l\u1eafp \u0111\u1eb7t d\u1ec5 d\u00e0ng, c\u1eafm jack zin 100% m\u00e0 kh\u00f4ng c\u1ea7n c\u1eaft n\u1ed1i.<\/p>\n<figure id=\"attachment_6376\" class=\"wp-caption aligncenter\" aria-describedby=\"caption-attachment-6376\"><img loading=\"lazy\" decoding=\"async\" class=\"size-full wp-image-6376\" src=\"https:\/\/htd.net.vn\/wp-content\/uploads\/2025\/04\/banner-guong-vf3-1-1.webp\" sizes=\"auto, (max-width: 1800px) 100vw, 1800px\" srcset=\"https:\/\/htd.net.vn\/wp-content\/uploads\/2025\/04\/banner-guong-vf3-1-1.webp 1800w, https:\/\/htd.net.vn\/wp-content\/uploads\/2025\/04\/banner-guong-vf3-1-1-768x768.webp 768w, https:\/\/htd.net.vn\/wp-content\/uploads\/2025\/04\/banner-guong-vf3-1-1-1536x1536.webp 1536w, https:\/\/htd.net.vn\/wp-content\/uploads\/2025\/04\/banner-guong-vf3-1-1-300x300.webp 300w, https:\/\/htd.net.vn\/wp-content\/uploads\/2025\/04\/banner-guong-vf3-1-1-600x600.webp 600w, https:\/\/htd.net.vn\/wp-content\/uploads\/2025\/04\/banner-guong-vf3-1-1-100x100.webp 100w\" alt=\"\" width=\"1800\" height=\"1800\" \/><figcaption id=\"caption-attachment-6376\" class=\"wp-caption-text\">G\u01b0\u01a1ng g\u1eadp t\u1ef1 \u0111\u1ed9ng VF3 G1-VF3<\/figcaption><\/figure>\n<h1><strong>I. G\u01b0\u01a1ng g\u1eadp t\u1ef1 \u0111\u1ed9ng VF3 l\u00e0 g\u00ec? C\u1ea5u t\u1ea1o c\u1ee7a g\u01b0\u01a1ng \u0111i\u1ec7n VF3?<\/strong><\/h1>\n<h2><strong>1. G\u01b0\u01a1ng g\u1eadp t\u1ef1 \u0111\u1ed9ng VF3 l\u00e0 g\u00ec?<\/strong><\/h2>\n<p>G\u01b0\u01a1ng g\u1eadp t\u1ef1 \u0111\u1ed9ng VF3 G1-VF3 l\u00e0 gi\u1ea3i ph\u00e1p n\u00e2ng c\u1ea5p cho g\u01b0\u01a1ng chi\u1ebfu h\u1eadu nguy\u00ean b\u1ea3n c\u1ee7a xe, v\u1edbi t\u00ednh n\u0103ng t\u1ef1 \u0111\u1ed9ng g\u1eadp\/ m\u1edf ch\u1ec9 b\u1eb1ng m\u1ed9t n\u00fat b\u1ea5m. C\u00f3 th\u1ec3 lo\u1ea1i b\u1ecf ho\u00e0n to\u00e0n s\u1ef1 b\u1ea5t ti\u1ec7n c\u1ee7a vi\u1ec7c ph\u1ea3i g\u1eadp g\u01b0\u01a1ng b\u1eb1ng tay, \u0111\u1eb7c bi\u1ec7t trong c\u00e1c t\u00ecnh hu\u1ed1ng ch\u1eadt h\u1eb9p ho\u1eb7c khi \u0111ang l\u00e1i xe.<\/p>\n<p>\u0110\u00e2y l\u00e0 gi\u1ea3i ph\u00e1p l\u00fd t\u01b0\u1edfng \u0111\u1ec3 n\u00e2ng cao tr\u1ea3i nghi\u1ec7m l\u00e1i xe cho VinFast VF3, k\u1ebft h\u1ee3p gi\u1eefa s\u1ef1 ti\u1ec7n nghi v\u00e0 hi\u1ec7n \u0111\u1ea1i, ph\u00f9 h\u1ee3p v\u1edbi nhu c\u1ea7u di chuy\u1ec3n \u0111a d\u1ea1ng c\u1ee7a ng\u01b0\u1eddi d\u00f9ng.<\/p>\n<figure id=\"attachment_6367\" class=\"wp-caption aligncenter\" aria-describedby=\"caption-attachment-6367\">\n<h2><strong>2. C\u1ea5u t\u1ea1o c\u1ee7a g\u01b0\u01a1ng g\u1eadp t\u1ef1 \u0111\u1ed9ng VF3<\/strong><\/h2>\n<p>B\u1ed9 g\u01b0\u01a1ng g\u1eadp t\u1ef1 \u0111\u1ed9ng VF3 bao g\u1ed3m c\u00e1c th\u00e0nh ph\u1ea7n ch\u00ednh nh\u01b0 sau:<\/p>\n<p><strong>C\u1eb7p g\u01b0\u01a1ng ch\u1ec9nh \u0111i\u1ec7n VF3:<\/strong>\u00a0Thay th\u1ebf g\u01b0\u01a1ng zin, mang l\u1ea1i s\u1ef1 ti\u1ec7n nghi v\u00e0 hi\u1ec7n \u0111\u1ea1i.<\/p>\n<p><strong>Khung g\u01b0\u01a1ng:<\/strong>\u00a0L\u00e0m t\u1eeb nh\u1ef1a cao c\u1ea5p ho\u1eb7c h\u1ee3p kim nh\u1eb9, b\u1ec1n b\u1ec9 v\u00e0 ch\u1ecbu va \u0111\u1eadp t\u1ed1t. B\u1ea3o v\u1ec7 c\u00e1c th\u00e0nh ph\u1ea7n b\u00ean trong v\u00e0 ph\u00f9 h\u1ee3p v\u1edbi ki\u1ec3u d\u00e1ng xe.<\/p>\n<figure id=\"attachment_6368\" class=\"wp-caption aligncenter\" aria-describedby=\"caption-attachment-6368\"><img loading=\"lazy\" decoding=\"async\" class=\"size-full wp-image-6368\" src=\"https:\/\/htd.net.vn\/wp-content\/uploads\/2025\/04\/anh-sp-guong-G1-VF3-scaled.webp\" sizes=\"auto, (max-width: 2560px) 100vw, 2560px\" srcset=\"https:\/\/htd.net.vn\/wp-content\/uploads\/2025\/04\/anh-sp-guong-G1-VF3-scaled.webp 2560w, https:\/\/htd.net.vn\/wp-content\/uploads\/2025\/04\/anh-sp-guong-G1-VF3-768x657.webp 768w, https:\/\/htd.net.vn\/wp-content\/uploads\/2025\/04\/anh-sp-guong-G1-VF3-1536x1314.webp 1536w, https:\/\/htd.net.vn\/wp-content\/uploads\/2025\/04\/anh-sp-guong-G1-VF3-2048x1752.webp 2048w, https:\/\/htd.net.vn\/wp-content\/uploads\/2025\/04\/anh-sp-guong-G1-VF3-600x513.webp 600w\" alt=\"\" width=\"2560\" height=\"2191\" \/><figcaption id=\"caption-attachment-6368\" class=\"wp-caption-text\">G\u01b0\u01a1ng g\u1eadp t\u1ef1 \u0111\u1ed9ng G1-VF3<\/figcaption><\/figure>\n<p>Ph\u1ee5 ki\u1ec7n \u0111i k\u00e8m trong h\u1ed9p g\u01b0\u01a1ng g\u1eadp G1-VF3 bao g\u1ed3m:<\/p>\n<p><strong>M\u00f4-\u0111un \u0111i\u1ec1u khi\u1ec3n:<\/strong>\u00a0Trung t\u00e2m \u0111i\u1ec1u khi\u1ec3n to\u00e0n b\u1ed9 h\u1ec7 th\u1ed1ng gi\u00fap g\u01b0\u01a1ng t\u1ef1 \u0111\u1ed9ng g\u1eadp\/m\u1edf khi nh\u1eadn t\u00edn hi\u1ec7u t\u1eeb xa.<\/p>\n<p><strong>M\u00f4-t\u01a1 g\u1eadp g\u01b0\u01a1ng:<\/strong>\u00a0G\u1eafn tr\u1ef1c ti\u1ebfp v\u00e0o g\u01b0\u01a1ng chi\u1ebfu h\u1eadu, th\u1ef1c hi\u1ec7n thao t\u00e1c g\u1eadp\/m\u1edf g\u01b0\u01a1ng t\u1ef1 \u0111\u1ed9ng khi c\u00f3 t\u00edn hi\u1ec7u t\u1eeb m\u00f4-\u0111un.<\/p>\n<p><strong>B\u1ed9 d\u00e2y jack zin:<\/strong>\u00a0K\u1ebft n\u1ed1i c\u00e1c b\u1ed9 ph\u1eadn, b\u1ecdc v\u1ea3i ch\u1ed1ng ch\u00e1y, \u0111\u1ea3m b\u1ea3o truy\u1ec1n t\u00edn hi\u1ec7u ch\u00ednh x\u00e1c.<\/p>\n<p><strong>C\u00f4ng t\u1eafc \u0111i\u1ec1u khi\u1ec3n:<\/strong>\u00a0Cho ph\u00e9p ng\u01b0\u1eddi d\u00f9ng thao t\u00e1c d\u1ec5 d\u00e0ng t\u1eeb ch\u00eca kh\u00f3a ho\u1eb7c trong xe.<\/p>\n<p>Ngo\u00e0i ra, h\u1ec7 th\u1ed1ng t\u00edch h\u1ee3p module kh\u00f3a\/m\u1edf c\u1eeda, t\u1ef1 \u0111\u1ed9ng g\u1eadp g\u01b0\u01a1ng khi kh\u00f3a v\u00e0 m\u1edf g\u01b0\u01a1ng khi m\u1edf xe, mang l\u1ea1i s\u1ef1 ti\u1ec7n l\u1ee3i t\u1ed1i \u01b0u.<\/p>\n<figure id=\"attachment_6369\" class=\"wp-caption aligncenter\" aria-describedby=\"caption-attachment-6369\"><img loading=\"lazy\" decoding=\"async\" class=\"size-full wp-image-6369\" src=\"https:\/\/htd.net.vn\/wp-content\/uploads\/2025\/04\/Bo-phu-kien-G1-VF3-scaled.webp\" sizes=\"auto, (max-width: 2560px) 100vw, 2560px\" srcset=\"https:\/\/htd.net.vn\/wp-content\/uploads\/2025\/04\/Bo-phu-kien-G1-VF3-scaled.webp 2560w, https:\/\/htd.net.vn\/wp-content\/uploads\/2025\/04\/Bo-phu-kien-G1-VF3-768x657.webp 768w, https:\/\/htd.net.vn\/wp-content\/uploads\/2025\/04\/Bo-phu-kien-G1-VF3-1536x1314.webp 1536w, https:\/\/htd.net.vn\/wp-content\/uploads\/2025\/04\/Bo-phu-kien-G1-VF3-2048x1752.webp 2048w, https:\/\/htd.net.vn\/wp-content\/uploads\/2025\/04\/Bo-phu-kien-G1-VF3-600x513.webp 600w\" alt=\"\" width=\"2560\" height=\"2191\" \/><figcaption id=\"caption-attachment-6369\" class=\"wp-caption-text\">Ph\u1ee5 ki\u1ec7n \u0111i k\u00e8m trong G1-VF3<\/figcaption><\/figure>\n<h2><strong>3. V\u00ec sao ch\u1ee7 xe n\u00ean l\u1eafp \u0111\u1eb7t g\u01b0\u01a1ng g\u1eadp t\u1ef1 \u0111\u1ed9ng VF3?<\/strong><\/h2>\n<p>Trang b\u1ecb\u00a0 g\u01b0\u01a1ng g\u1eadp t\u1ef1 \u0111\u1ed9ng VF3 l\u00e0 m\u1ed9t trong nh\u1eefng b\u01b0\u1edbc ti\u1ebfn n\u00e2ng c\u1ea5p \u0111\u00e1ng gi\u00e1 v\u1edbi nhi\u1ec1u l\u1ee3i \u00edch thi\u1ebft th\u1ef1c \u0111\u1ed1i v\u1edbi d\u00f2ng xe \u0111i\u1ec7n nhi\u1ec1u h\u1ea1n ch\u1ebf n\u00e0y:<\/p>\n<p>G\u01b0\u01a1ng t\u1ef1 \u0111\u1ed9ng g\u1eadp\/m\u1edf khi kh\u00f3a ho\u1eb7c m\u1edf xe, ti\u1ebft ki\u1ec7m th\u1eddi gian v\u00e0 c\u00f4ng s\u1ee9c so v\u1edbi vi\u1ec7c g\u1eadp th\u1ee7 c\u00f4ng.<\/p>\n<p>Gi\u1ea3m thi\u1ec3u nguy c\u01a1 va ch\u1ea1m, \u0111\u1eb7c bi\u1ec7t trong c\u00e1c kh\u00f4ng gian h\u1eb9p ho\u1eb7c b\u00e3i \u0111\u1ed7 xe \u0111\u00f4ng \u0111\u00fac.<\/p>\n<figure id=\"attachment_6370\" class=\"wp-caption aligncenter\" aria-describedby=\"caption-attachment-6370\"><img loading=\"lazy\" decoding=\"async\" class=\"size-full wp-image-6370\" src=\"https:\/\/htd.net.vn\/wp-content\/uploads\/2025\/04\/IMG_3571-scaled-1.webp\" sizes=\"auto, (max-width: 1920px) 100vw, 1920px\" srcset=\"https:\/\/htd.net.vn\/wp-content\/uploads\/2025\/04\/IMG_3571-scaled-1.webp 1920w, https:\/\/htd.net.vn\/wp-content\/uploads\/2025\/04\/IMG_3571-scaled-1-768x1024.webp 768w, https:\/\/htd.net.vn\/wp-content\/uploads\/2025\/04\/IMG_3571-scaled-1-1152x1536.webp 1152w, https:\/\/htd.net.vn\/wp-content\/uploads\/2025\/04\/IMG_3571-scaled-1-1536x2048.webp 1536w, https:\/\/htd.net.vn\/wp-content\/uploads\/2025\/04\/IMG_3571-scaled-1-600x800.webp 600w\" alt=\"\" width=\"1920\" height=\"2560\" \/><figcaption id=\"caption-attachment-6370\" class=\"wp-caption-text\">Gi\u1ea3m thi\u1ec3u nguy c\u01a1 va ch\u1ea1m, \u0111\u1eb7c bi\u1ec7t trong c\u00e1c kh\u00f4ng gian h\u1eb9p<\/figcaption><\/figure>\n<h1><strong>II. G\u01b0\u01a1ng g\u1eadp t\u1ef1 \u0111\u1ed9ng VF3 G1-VF3 mang l\u1ea1i t\u00ednh n\u0103ng g\u00ec?<\/strong><\/h1>\n<p>G\u01b0\u01a1ng g\u1eadp t\u1ef1 \u0111\u1ed9ng VF3 G1-VF3 mang \u0111\u1ebfn t\u00ednh n\u0103ng t\u1ef1 \u0111\u1ed9ng g\u1eadp v\u00e0 m\u1edf g\u01b0\u01a1ng khi kh\u00f3a ho\u1eb7c m\u1edf xe, gi\u00fap b\u1ea3o v\u1ec7 g\u01b0\u01a1ng kh\u1ecfi va ch\u1ea1m, an to\u00e0n v\u00e0 n\u00e2ng cao t\u00ednh th\u1ea9m m\u1ef9 cho xe.<\/p>\n<p><iframe loading=\"lazy\" title=\"HTD Vi\u1ec7t Nam | G\u01b0\u01a1ng \u0111i\u1ec7n d\u00e0nh cho VF3 - G1 Th\u1ebf h\u1ec7 th\u1ee9 3 | Nhi\u1ec1u t\u00ednh n\u0103ng v\u01b0\u1ee3t tr\u1ed9i nh\u1ea5t hi\u1ec7n nay\" src=\"https:\/\/www.youtube.com\/embed\/XwB9GPAl7gs?feature=oembed\" width=\"1020\" height=\"574\" frameborder=\"0\" allowfullscreen=\"allowfullscreen\"><\/iframe><\/p>\n<h2><strong>1. G\u01b0\u01a1ng g\u1eadp t\u1ef1 \u0111\u1ed9ng VF3 G1-VF3 t\u1ef1 \u0111\u1ed9ng g\u1eadp, m\u1edf g\u01b0\u01a1ng<\/strong><\/h2>\n<p>G\u01b0\u01a1ng g\u1eadp t\u1ef1 \u0111\u1ed9ng VinFast VF3 t\u1ef1 \u0111\u1ed9ng g\u1eadp khi kh\u00f3a c\u1eeda v\u00e0 m\u1edf khi m\u1edf c\u1eeda t\u1ef1 \u0111\u1ed9ng g\u1eadp khi kh\u00f3a c\u1eeda v\u00e0 m\u1edf khi m\u1edf c\u1eeda, gi\u00fap b\u1ea3o v\u1ec7 g\u01b0\u01a1ng kh\u1ecfi va ch\u1ea1m trong kh\u00f4ng gian h\u1eb9p, ti\u1ebft ki\u1ec7m th\u1eddi gian v\u00e0 mang l\u1ea1i s\u1ef1 ti\u1ec7n l\u1ee3i t\u1ed1i \u0111a cho ng\u01b0\u1eddi s\u1eed d\u1ee5ng.<\/p>\n<div class=\"mceTemp\"><\/div>\n<figure id=\"attachment_6371\" class=\"wp-caption aligncenter\" aria-describedby=\"caption-attachment-6371\"><img loading=\"lazy\" decoding=\"async\" class=\"size-full wp-image-6371\" src=\"https:\/\/htd.net.vn\/wp-content\/uploads\/2025\/04\/gap-mo-theo-chia-khoa.webp\" sizes=\"auto, (max-width: 2000px) 100vw, 2000px\" srcset=\"https:\/\/htd.net.vn\/wp-content\/uploads\/2025\/04\/gap-mo-theo-chia-khoa.webp 2000w, https:\/\/htd.net.vn\/wp-content\/uploads\/2025\/04\/gap-mo-theo-chia-khoa-768x768.webp 768w, https:\/\/htd.net.vn\/wp-content\/uploads\/2025\/04\/gap-mo-theo-chia-khoa-1536x1536.webp 1536w, https:\/\/htd.net.vn\/wp-content\/uploads\/2025\/04\/gap-mo-theo-chia-khoa-300x300.webp 300w, https:\/\/htd.net.vn\/wp-content\/uploads\/2025\/04\/gap-mo-theo-chia-khoa-600x600.webp 600w, https:\/\/htd.net.vn\/wp-content\/uploads\/2025\/04\/gap-mo-theo-chia-khoa-100x100.webp 100w\" alt=\"\" width=\"2000\" height=\"2000\" \/><figcaption id=\"caption-attachment-6371\" class=\"wp-caption-text\">G\u01b0\u01a1ng g\u1eadp t\u1ef1 \u0111\u1ed9ng VinFast VF3 t\u1ef1 \u0111\u1ed9ng g\u1eadp khi kh\u00f3a c\u1eeda v\u00e0 m\u1edf khi m\u1edf c\u1eeda<\/figcaption><\/figure>\n<h2><strong>2. N\u00fat b\u1ea5m t\u00edch h\u1ee3p m\u1edf \/g\u1eadp g\u01b0\u01a1ng g\u1eadp t\u1ef1 \u0111\u1ed9ng VF3 G1-VF3<\/strong><\/h2>\n<p>B\u1ed9 g\u01b0\u01a1ng g\u1eadp t\u1ef1 \u0111\u1ed9ng VF3 G1-VF3\u0111\u01b0\u1ee3c trang b\u1ecb n\u00fat b\u1ea5m g\u1eadp\/m\u1edf g\u01b0\u01a1ng ngay tr\u00ean xe, cho ph\u00e9p b\u1ea1n d\u1ec5 d\u00e0ng \u0111i\u1ec1u ch\u1ec9nh h\u01b0\u1edbng m\u00e0 kh\u00f4ng c\u1ea7n ph\u1ea3i r\u1eddi kh\u1ecfi v\u1ecb tr\u00ed l\u00e1i. \u00a0Vi\u1ec7c g\u1eadp, m\u1edf v\u00e0 thay \u0111\u1ed5i g\u00f3c nh\u00ecn c\u1ee7a g\u01b0\u01a1ng tr\u1edf n\u00ean nhanh ch\u00f3ng v\u00e0 d\u1ec5 d\u00e0ng m\u00e0 kh\u00f4ng c\u1ea7n thao t\u00e1c th\u1ee7 c\u00f4ng.<\/p>\n<figure id=\"attachment_6372\" class=\"wp-caption aligncenter\" aria-describedby=\"caption-attachment-6372\"><img loading=\"lazy\" decoding=\"async\" class=\"size-full wp-image-6372\" src=\"https:\/\/htd.net.vn\/wp-content\/uploads\/2025\/04\/trang-bi-nut-dieu-khien-vat-ly.webp\" sizes=\"auto, (max-width: 2000px) 100vw, 2000px\" srcset=\"https:\/\/htd.net.vn\/wp-content\/uploads\/2025\/04\/trang-bi-nut-dieu-khien-vat-ly.webp 2000w, https:\/\/htd.net.vn\/wp-content\/uploads\/2025\/04\/trang-bi-nut-dieu-khien-vat-ly-768x768.webp 768w, https:\/\/htd.net.vn\/wp-content\/uploads\/2025\/04\/trang-bi-nut-dieu-khien-vat-ly-1536x1536.webp 1536w, https:\/\/htd.net.vn\/wp-content\/uploads\/2025\/04\/trang-bi-nut-dieu-khien-vat-ly-300x300.webp 300w, https:\/\/htd.net.vn\/wp-content\/uploads\/2025\/04\/trang-bi-nut-dieu-khien-vat-ly-600x600.webp 600w, https:\/\/htd.net.vn\/wp-content\/uploads\/2025\/04\/trang-bi-nut-dieu-khien-vat-ly-100x100.webp 100w\" alt=\"\" width=\"2000\" height=\"2000\" \/><figcaption id=\"caption-attachment-6372\" class=\"wp-caption-text\">N\u00fat b\u1ea5m t\u00edch h\u1ee3p m\u1edf \/g\u1eadp g\u01b0\u01a1ng g\u1eadp t\u1ef1 \u0111\u1ed9ng VF3 G1-VF3<\/figcaption><\/figure>\n<div class=\"mceTemp\"><\/div>\n<h2><strong>3. G\u01b0\u01a1ng g\u1eadp t\u1ef1 \u0111\u1ed9ng VF3 \u2013 G1-VF3 \u0110i\u1ec1u ch\u1ec9nh m\u1eb7t g\u01b0\u01a1ng 4 h\u01b0\u1edbng t\u1eeb b\u00ean trong xe<\/strong><\/h2>\n<p>Ngo\u00e0i g\u1eadp m\u1edf t\u1ef1 \u0111\u1ed9ng tr\u00ean n\u00fat \u0111i\u1ec1u khi\u1ec3n v\u1eadt l\u00fd \u0111\u01b0\u1ee3c trang b\u1ecb theo b\u1ed9 g\u01b0\u01a1ng g\u1eadp t\u1ef1 \u0111\u1ed9ng VF3, model G1-VF3 c\u00f2n h\u1ed7 tr\u1ee3 \u0111i\u1ec1u ch\u1ec9nh m\u1eb7t g\u01b0\u01a1ng 4 h\u01b0\u1edbng: tr\u00e1i ph\u1ea3i, l\u00ean, xu\u1ed1ng \u0111\u1ec3 ch\u1ee7 x\u1ebf VF3 \u0111\u1ec3 d\u00e0ng quan s\u00e1t khi di chuy\u1ec3n ho\u1eb7c \u0111\u00e1nh l\u00e1i.<\/p>\n<figure id=\"attachment_6373\" class=\"wp-caption aligncenter\" aria-describedby=\"caption-attachment-6373\"><img loading=\"lazy\" decoding=\"async\" class=\"size-full wp-image-6373\" src=\"https:\/\/htd.net.vn\/wp-content\/uploads\/2025\/04\/gap-guong-4-huong-mat-guong.webp\" sizes=\"auto, (max-width: 2000px) 100vw, 2000px\" srcset=\"https:\/\/htd.net.vn\/wp-content\/uploads\/2025\/04\/gap-guong-4-huong-mat-guong.webp 2000w, https:\/\/htd.net.vn\/wp-content\/uploads\/2025\/04\/gap-guong-4-huong-mat-guong-768x768.webp 768w, https:\/\/htd.net.vn\/wp-content\/uploads\/2025\/04\/gap-guong-4-huong-mat-guong-1536x1536.webp 1536w, https:\/\/htd.net.vn\/wp-content\/uploads\/2025\/04\/gap-guong-4-huong-mat-guong-300x300.webp 300w, https:\/\/htd.net.vn\/wp-content\/uploads\/2025\/04\/gap-guong-4-huong-mat-guong-600x600.webp 600w, https:\/\/htd.net.vn\/wp-content\/uploads\/2025\/04\/gap-guong-4-huong-mat-guong-100x100.webp 100w\" alt=\"\" width=\"2000\" height=\"2000\" \/><figcaption id=\"caption-attachment-6373\" class=\"wp-caption-text\">\u0111i\u1ec1u khi\u1ec3n thay \u0111\u1ed5i 4 h\u01b0\u1edbng m\u1eb7t g\u01b0\u01a1ng<\/figcaption><\/figure>\n<h2><strong>4. G\u01b0\u01a1ng g\u1eadp t\u1ef1 \u0111\u1ed9ng VF3 \u2013 G1-VF3 Kh\u1eafc laser c\u1ea3nh b\u00e1o \u0111i\u1ec3m m\u00f9<\/strong><\/h2>\n<p><strong>T\u00edch h\u1ee3p c\u1ea3nh b\u00e1o \u0111i\u1ec3m m\u00f9:<\/strong>\u00a0G\u01b0\u01a1ng g\u1eadp t\u1ef1 \u0111\u1ed9ng VF3 G1-VF3 \u0111\u01b0\u1ee3c kh\u1eafc s\u1eb5n c\u1ea3nh b\u00e1o \u0111i\u1ec3m m\u00f9 tr\u00ean g\u01b0\u01a1ng. T\u00ednh n\u0103ng n\u00e0y gi\u00fap b\u1ea1n d\u1ec5 d\u00e0ng quan s\u00e1t nh\u1eefng ph\u01b0\u01a1ng ti\u1ec7n v\u01b0\u1ee3t l\u00ean \u1edf ph\u00eda sau, gi\u1ea3m thi\u1ec3u kh\u1ea3 n\u0103ng va ch\u1ea1m v\u00e0 tai n\u1ea1n giao th\u00f4ng, \u0111\u1ea3m b\u1ea3o an to\u00e0n cho t\u00e0i x\u1ebf. Quan tr\u1ecdng nh\u1ea5t v\u1eabn l\u00e0 gi\u00fap t\u0103ng kh\u1ea3 n\u0103ng quan s\u00e1<strong>t.\u00a0<\/strong>Ch\u1ee7 x\u1ebf s\u1ebd d\u1ec5 d\u00e0ng bao qu\u00e1t \u0111\u01b0\u1ee3c t\u1ea7m nh\u00ecn ph\u00eda sau xe d\u1ec5 d\u00e0ng h\u01a1n v\u00ec lo\u1ea1i g\u01b0\u01a1ng \u0111i\u1ec7n n\u00e0y c\u00f3 k\u00edch th\u01b0\u1edbc l\u1edbn h\u01a1n g\u01b0\u01a1ng nguy\u00ean b\u1ea3n c\u1ee7a VF3. T\u1eeb \u0111\u00f3, t\u00e0i x\u1ebf d\u1ec5 d\u00e0ng ph\u00e1t hi\u1ec7n c\u00e1c t\u00ecnh hu\u1ed1ng b\u1ea5t ng\u1edd v\u00e0 nguy hi\u1ec3m, t\u0103ng t\u00ednh an to\u00e0n khi tham gia giao th\u00f4ng.<\/p>\n<figure id=\"attachment_6374\" class=\"wp-caption aligncenter\" aria-describedby=\"caption-attachment-6374\"><img loading=\"lazy\" decoding=\"async\" class=\"size-full wp-image-6374\" src=\"https:\/\/htd.net.vn\/wp-content\/uploads\/2025\/04\/tich-hop-den-led-xi-nhan.webp\" sizes=\"auto, (max-width: 2000px) 100vw, 2000px\" srcset=\"https:\/\/htd.net.vn\/wp-content\/uploads\/2025\/04\/tich-hop-den-led-xi-nhan.webp 2000w, https:\/\/htd.net.vn\/wp-content\/uploads\/2025\/04\/tich-hop-den-led-xi-nhan-768x768.webp 768w, https:\/\/htd.net.vn\/wp-content\/uploads\/2025\/04\/tich-hop-den-led-xi-nhan-1536x1536.webp 1536w, https:\/\/htd.net.vn\/wp-content\/uploads\/2025\/04\/tich-hop-den-led-xi-nhan-300x300.webp 300w, https:\/\/htd.net.vn\/wp-content\/uploads\/2025\/04\/tich-hop-den-led-xi-nhan-600x600.webp 600w, https:\/\/htd.net.vn\/wp-content\/uploads\/2025\/04\/tich-hop-den-led-xi-nhan-100x100.webp 100w\" alt=\"\" width=\"2000\" height=\"2000\" \/><figcaption id=\"caption-attachment-6374\" class=\"wp-caption-text\">G\u01b0\u01a1ng g\u1eadp t\u1ef1 \u0111\u1ed9ng VF3 t\u00edch h\u1ee3p \u0111\u00e8n led xi nhan<\/figcaption><\/figure>\n<h1><strong>II. Ch\u00ednh s\u00e1ch mua s\u1ea3n ph\u1ea9m b\u1ed9 g\u01b0\u01a1ng g\u1eadp t\u1ef1 \u0111\u1ed9ng VF3 G1-VF3<\/strong><\/h1>\n<h2><strong>1. Ch\u00ednh s\u00e1ch \u0111\u1ed1i v\u1edbi kh\u00e1ch h\u00e0ng mua b\u1ed9 g\u01b0\u01a1ng g\u1eadp t\u1ef1 \u0111\u1ed9ng VF3 G1-VF3<\/strong><\/h2>\n<p>\u2013 B\u1ea3o h\u00e0nh s\u1ea3n ph\u1ea9m g\u01b0\u01a1ng g\u1eadp t\u1ef1 \u0111\u1ed9ng VF3 G1-VF3: 24 th\u00e1ng, 1 \u0111\u1ed5i 1 trong v\u00f2ng 12 th\u00e1ng n\u1ebfu c\u00f3 b\u1ea5t k\u1ef3 l\u1ed7i n\u00e0o c\u1ee7a s\u1ea3n ph\u1ea9m. Ho\u00e0n ti\u1ec1n 100% n\u1ebfu s\u1ea3n ph\u1ea9m kh\u00f4ng t\u01b0\u01a1ng th\u00edch v\u1edbi xe.<\/p>\n<p>\u2013 CSKH: T\u01b0 v\u1ea5n v\u00e0 h\u01b0\u1edbng d\u1eabn s\u1eed d\u1ee5ng 24\/7.<\/p>\n<p><strong>L\u01b0u \u00fd:<\/strong>\u00a0N\u1ebfu c\u00f3 b\u1ea5t k\u1ef3 th\u1eafc m\u1eafc, vui l\u00f2ng li\u00ean h\u1ec7 c\u00f4ng ty \u0111\u1ec3 \u0111\u01b0\u1ee3c t\u01b0 v\u1ea5n v\u1ec1 d\u00f2ng xe c\u00f3 Carplay nguy\u00ean b\u1ea3n \u0111\u01b0\u1ee3c h\u1ed7 tr\u1ee3. N\u1ebfu xe c\u1ee7a b\u1ea1n kh\u00f4ng c\u00f3 trong danh s\u00e1ch n\u00e0y, b\u1ea1n v\u1eabn c\u00f3 th\u1ec3 s\u1eed d\u1ee5ng s\u1ea3n ph\u1ea9m v\u00ec thi\u1ebft b\u1ecb t\u01b0\u01a1ng th\u00edch t\u1edbi 99% xe c\u00f3 Apple Carplay C\u1ea3m \u01a1n qu\u00fd kh\u00e1ch \u0111\u00e3 \u1ee7ng h\u1ed9 s\u1ea3n ph\u1ea9m c\u1ee7a HTD.<\/p>\n<h2><strong>2. Gi\u00e1 b\u00e1n g\u01b0\u01a1ng g\u1eadp t\u1ef1 \u0111\u1ed9ng VF3 G1-VF3<\/strong><\/h2>\n<p><strong><a href=\"https:\/\/htd.net.vn\/\" target=\"_blank\" rel=\"dofollow noopener\">HTD Vi\u1ec7t Nam<\/a><\/strong>\u00a0t\u1ef1 h\u00e0o nghi\u00ean c\u1ee9u v\u00e0 ra \u0111\u1eddi c\u00e1c s\u1ea3n ph\u1ea9m c\u00f4ng ngh\u1ec7 th\u00f4ng minh v\u1edbi ph\u01b0\u01a1ng ch\u00e2m gi\u00fap ng\u01b0\u1eddi d\u00f9ng \u00f4 t\u00f4 ch\u1ea1m \u0111\u1ebfn c\u00f4ng ngh\u1ec7 tuy\u1ec7t v\u1eddi nh\u1ea5t v\u1edbi m\u1ee9c gi\u00e1 h\u1ee3p l\u00fd so v\u1edbi m\u1eb7t b\u1eb1ng th\u1ecb tr\u01b0\u1eddng.<\/p>\n<p>Ch\u00ednh v\u00ec th\u1ebf g\u01b0\u01a1ng g\u1eadp t\u1ef1 \u0111\u1ed9ng VF3 G1-VF3 c\u0169ng kh\u00f4ng ph\u1ea3i ngo\u1ea1i l\u1ec7. V\u1edbi t\u00ednh n\u0103ng \u201cx\u1ecbn x\u00f2\u201d v\u1edbi m\u1ee9c gi\u00e1 h\u1ee3p l\u00fd gi\u00fap ch\u1ee7 x\u1ebf VF3 n\u00e2ng c\u1ea5p x\u1ebf c\u01b0ng v\u1edbi m\u1ee9c gi\u00e1 ph\u1ea3i ch\u0103ng<\/p>\n<p>Hi\u1ec7n g\u01b0\u01a1ng g\u1eadp t\u1ef1 \u0111\u1ed9ng VF3 G1-VF3 \u0111ang \u0111\u01b0\u1ee3c nh\u00e0 HTD m\u1edf b\u00e1n v\u1edbi m\u1ee9c gi\u00e1 c\u1ef1c k\u1ef3 \u01b0u \u0111\u00e3i ch\u1ec9\u00a0<strong>5.500.000 VN\u0110 (gi\u00e1 g\u1ed1c: 6.500.000 VN\u0110)<\/strong><\/p>\n<div class=\"mceTemp\"><\/div>\n<figure id=\"attachment_6396\" class=\"wp-caption aligncenter\" aria-describedby=\"caption-attachment-6396\"><img loading=\"lazy\" decoding=\"async\" class=\"size-full wp-image-6396\" src=\"https:\/\/htd.net.vn\/wp-content\/uploads\/2025\/03\/gia-guong.webp\" sizes=\"auto, (max-width: 1536px) 100vw, 1536px\" srcset=\"https:\/\/htd.net.vn\/wp-content\/uploads\/2025\/03\/gia-guong.webp 1536w, https:\/\/htd.net.vn\/wp-content\/uploads\/2025\/03\/gia-guong-768x768.webp 768w, https:\/\/htd.net.vn\/wp-content\/uploads\/2025\/03\/gia-guong-300x300.webp 300w, https:\/\/htd.net.vn\/wp-content\/uploads\/2025\/03\/gia-guong-600x600.webp 600w, https:\/\/htd.net.vn\/wp-content\/uploads\/2025\/03\/gia-guong-100x100.webp 100w\" alt=\"\" width=\"1536\" height=\"1536\" \/><figcaption id=\"caption-attachment-6396\" class=\"wp-caption-text\">Gi\u00e1 b\u00e1n g\u01b0\u01a1ng g\u1eadp t\u1ef1 \u0111\u1ed9ng VF3 G1-VF3<\/figcaption><\/figure>\n<h3><strong>3. N\u00ean mua g\u01b0\u01a1ng g\u1eadp t\u1ef1 \u0111\u1ed9ng VF3<\/strong><strong>\u00a0<\/strong><strong>ch\u00ednh h\u00e3ng \u1edf \u0111\u00e2u v\u00e0 th\u01b0\u01a1ng hi\u1ec7u n\u00e0o uy t\u00edn?<\/strong><\/h3>\n<p>N\u1ebfu \u1edf <strong>TP.B\u1ea3o L\u1ed9c<\/strong> m\u00e0 b\u1ea1n \u0111ang c\u00f3 nhu c\u1ea7u l\u1eafp \u0111\u1eb7t s\u1ea3n ph\u1ea9m g\u01b0\u01a1ng g\u1eadp t\u1ef1 \u0111\u1ed9ng <strong>VF3 G1-VF3<\/strong> th\u00ec h\u00e3y nhanh ch\u00e2n \u0111\u1ebfn ngay<strong><span style=\"color: #ff0000;\"> Auto Th\u00e1i D\u01b0\u01a1ng<\/span>\u00a0<\/strong>v\u1edbi kinh nghi\u1ec7m v\u00e0 \u0111\u1ed9i ng\u0169 nh\u00e2n vi\u00ean nhi\u1ec7t t\u00ecnh s\u1ebd h\u01b0\u1edbng d\u1eabn m\u1ed9t c\u00e1ch t\u1eadn t\u00ecnh nh\u1ea5t c\u00f3 th\u1ec3.<\/p>\n<p>\u2013 C\u00f2n n\u1ebfu b\u1ea1n \u0111ang \u1edf b\u1ea5t k\u1ef3 \u0111\u00e2u <strong><span style=\"color: #ff0000;\">Auto Th\u00e1i D\u01b0\u01a1ng<\/span><\/strong> c\u0169ng s\u1ebd cam k\u1ebft ship c\u00e1c s\u1ea3n ph\u1ea9m \u0111\u1ebfn tay kh\u00e1ch h\u00e0ng m\u1ed9t c\u00e1ch nhanh nh\u1ea5t v\u00e0 \u0111\u1ed1i v\u1edbi kh\u00e1ch h\u00e0ng mua onilne s\u1ebd \u0111\u01b0\u1ee3c ch\u00fang t\u00f4i h\u1ed7 tr\u1ee3 th\u00f4ng qua Hotline ho\u1eb7c Video call ch\u1ec9 d\u1eabn c\u00e1ch l\u1eafp r\u00e1p v\u00e0 s\u1eed d\u1ee5ng<strong> Android box D12SE.<\/strong><\/p>\n<p><strong class=\"diachi\">\ud83c\udfe2 \u0110\u1ecba ch\u1ec9:<\/strong> <strong><span style=\"color: #ff0000;\">273-275 Tr\u1ea7n Ph\u00fa Ph\u01b0\u1eddng L\u1ed9c S\u01a1n Th\u00e0nh Ph\u1ed1 B\u1ea3o L\u1ed9c T\u1ec9nh L\u00e2m \u0110\u1ed3ng<\/span><\/strong><\/p>\n<p><strong>\u260e\ufe0f\u00a0Hotline:\u00a0<span style=\"color: #ff0000;\">0912197441<\/span><\/strong><\/figure>\n","protected":false},"excerpt":{"rendered":"<p>G\u01b0\u01a1ng g\u1eadp t\u1ef1 \u0111\u1ed9ng VF3 \u2013\u00a0<strong>G1-VF3<\/strong>\u00a0l\u00e0 gi\u1ea3i ph\u00e1p ti\u1ec7n \u00edch gi\u00fap xe VF3 t\u1ef1 \u0111\u1ed9ng g\u1eadp\/m\u1edf g\u01b0\u01a1ng khi kh\u00f3a\/m\u1edf c\u1eeda, ch\u1ec9nh \u0111i\u1ec7n d\u1ec5 d\u00e0ng, t\u00edch h\u1ee3p \u0111\u00e8n LED v\u00e0 c\u1ea3nh b\u00e1o \u0111i\u1ec3m m\u00f9, \u0111\u1ea3m b\u1ea3o an to\u00e0n v\u00e0 sang tr\u1ecdng nh\u01b0ng v\u1ea5n gi\u1eef \u201cZIN\u201d cho x\u1ebf y\u00eau.<\/p>\n<p>Gi\u1ea3m gi\u00e1\u00a0<strong>C\u1ef0C SHOCK\u00a0<\/strong>l\u00ean \u0111\u1ebfn<strong>\u00a01.000.000 VN\u0110<\/strong><\/p>\n<p>S\u1ea3n ph\u1ea9m \u0111\u01b0\u1ee3c b\u1ea3o h\u00e0nh\u00a0<strong>24 th\u00e1ng<\/strong><\/p>\n","protected":false},"featured_media":391,"comment_status":"open","ping_status":"closed","template":"","meta":[],"product_brand":[63],"product_cat":[22,68,67],"product_tag":[],"class_list":{"0":"post-390","1":"product","2":"type-product","3":"status-publish","4":"has-post-thumbnail","6":"product_brand-htd","7":"product_cat-do-choi-xe","8":"product_cat-gap-guong-dien","9":"product_cat-phu-kien-vf3","11":"first","12":"instock","13":"sale","14":"shipping-taxable","15":"purchasable","16":"product-type-simple"},"_links":{"self":[{"href":"https:\/\/autothaiduong.vn\/index.php?rest_route=\/wp\/v2\/product\/390","targetHints":{"allow":["GET"]}}],"collection":[{"href":"https:\/\/autothaiduong.vn\/index.php?rest_route=\/wp\/v2\/product"}],"about":[{"href":"https:\/\/autothaiduong.vn\/index.php?rest_route=\/wp\/v2\/types\/product"}],"replies":[{"embeddable":true,"href":"https:\/\/autothaiduong.vn\/index.php?rest_route=%2Fwp%2Fv2%2Fcomments&post=390"}],"wp:featuredmedia":[{"embeddable":true,"href":"https:\/\/autothaiduong.vn\/index.php?rest_route=\/wp\/v2\/media\/391"}],"wp:attachment":[{"href":"https:\/\/autothaiduong.vn\/index.php?rest_route=%2Fwp%2Fv2%2Fmedia&parent=390"}],"wp:term":[{"taxonomy":"product_brand","embeddable":true,"href":"https:\/\/autothaiduong.vn\/index.php?rest_route=%2Fwp%2Fv2%2Fproduct_brand&post=390"},{"taxonomy":"product_cat","embeddable":true,"href":"https:\/\/autothaiduong.vn\/index.php?rest_route=%2Fwp%2Fv2%2Fproduct_cat&post=390"},{"taxonomy":"product_tag","embeddable":true,"href":"https:\/\/autothaiduong.vn\/index.php?rest_route=%2Fwp%2Fv2%2Fproduct_tag&post=390"}],"curies":[{"name":"wp","href":"https:\/\/api.w.org\/{rel}","templated":true}]}}