{"id":43,"date":"2025-04-25T08:07:20","date_gmt":"2025-04-25T08:07:20","guid":{"rendered":"https:\/\/autothaiduong.vn\/?post_type=product&#038;p=43"},"modified":"2025-05-15T13:58:01","modified_gmt":"2025-05-15T13:58:01","slug":"bong-led-vinfast-vf3-naoevo-s9-pro-chan-h7","status":"publish","type":"product","link":"https:\/\/autothaiduong.vn\/?product=bong-led-vinfast-vf3-naoevo-s9-pro-chan-h7","title":{"rendered":"B\u00d3NG LED VINFAST VF3: NAOEVO S9 PRO CH\u00c2N H7"},"content":{"rendered":"<p>&nbsp;<\/p>\n<p>&nbsp;<\/p>\n<h1><strong><span style=\"color: #ff0000; font-size: 200%;\">AuTo Th\u00e1i D\u01b0\u01a1ng B\u1ea3o L\u1ed9c\u00a0<\/span><\/strong><\/h1>\n<p><strong>Vinfast VF3<\/strong> l\u00e0 d\u00f2ng xe \u0111i\u1ec7n \u0111\u01b0\u1ee3c kh\u00e1ch h\u00e0ng \u01b0a chu\u1ed9ng b\u1edfi thi\u1ebft k\u1ebf nh\u1ecf g\u1ecdn v\u00e0 ti\u1ec7n l\u1ee3i. \u0110\u1ec3 n\u00e2ng cao kh\u1ea3 n\u0103ng ho\u1ea1t \u0111\u1ed9ng c\u0169ng nh\u01b0 gi\u00e1 tr\u1ecb xe, ch\u00ednh v\u00ec th\u1ebf vi\u1ec7c n\u00e2ng c\u1ea5p b\u00f3ng Led <strong>Vinfast VF3 <span style=\"color: #ff0000;\">NaoEvo S9 Pro<\/span><\/strong> ch\u00e2n <strong>H7<\/strong> \u0111\u01b0\u1ee3c xem l\u00e0 gi\u1ea3i ph\u00e1p ho\u00e0n h\u1ea3o.<\/p>\n<h2><strong>1. S\u01a1 l\u01b0\u1ee3c v\u1ec1 Vinfast VF3<\/strong><\/h2>\n<p><strong>VinFast VF3<\/strong> l\u00e0 m\u1eabu xe \u0111i\u1ec7n c\u1ee1 nh\u1ecf s\u1edf h\u1eefu thi\u1ebft k\u1ebf t\u1ed1i gi\u1ea3n, g\u1ecdn g\u00e0ng v\u00e0 \u0111\u1ea7y n\u0103ng \u0111\u1ed9ng, k\u1ebft h\u1ee3p c\u00f9ng v\u1edbi \u0111\u00f3 l\u00e0 b\u1ea3ng m\u00e0u xe \u0111a d\u1ea1ng v\u00e0 \u0111\u1ed9c \u0111\u00e1o. \u0110\u00e2y \u0111\u01b0\u1ee3c xem l\u00e0 l\u1ef1a ch\u1ecdn l\u00fd t\u01b0\u1edfng d\u00e0nh cho nh\u1eefng ai mu\u1ed1n th\u1ec3 hi\u1ec7n phong c\u00e1ch ri\u00eang bi\u1ec7t v\u00e0 c\u00e1 t\u00ednh. \u0110\u00e1ng ch\u00fa \u00fd, <strong>VinFast VF3<\/strong> l\u00e0 m\u1ed9t trong s\u1ed1 \u00edt m\u1eabu xe nh\u1ecf trang b\u1ecb b\u1ed9 la-z\u0103ng 16 inch, kh\u00f4ng ch\u1ec9 t\u1ea1o \u0111i\u1ec3m nh\u1ea5n v\u1ec1 th\u1ea9m m\u1ef9 m\u00e0 c\u00f2n c\u1ea3i thi\u1ec7n kh\u1ea3 n\u0103ng v\u1eadn h\u00e0nh tr\u00ean nhi\u1ec1u lo\u1ea1i \u0111\u1ecba h\u00ecnh trong th\u00e0nh ph\u1ed1. B\u00ean c\u1ea1nh \u0111\u00f3 th\u00ec xe c\u00f2n c\u00f3 t\u00f9y ch\u1ecdn \u1ed1p la-z\u0103ng, gi\u00fap t\u0103ng th\u00eam n\u00e9t c\u00e1 t\u00ednh v\u00e0 s\u1ef1 sang tr\u1ecdng cho t\u1ed5ng th\u1ec3 thi\u1ebft k\u1ebf.<\/p>\n<p><img loading=\"lazy\" decoding=\"async\" class=\"alignnone size-full wp-image-46\" src=\"https:\/\/autothaiduong.vn\/wp-content\/uploads\/2025\/04\/s9-pro.jpg\" width=\"1280\" height=\"720\" srcset=\"https:\/\/autothaiduong.vn\/wp-content\/uploads\/2025\/04\/s9-pro.jpg 1280w, https:\/\/autothaiduong.vn\/wp-content\/uploads\/2025\/04\/s9-pro-600x338.jpg 600w, https:\/\/autothaiduong.vn\/wp-content\/uploads\/2025\/04\/s9-pro-300x169.jpg 300w, https:\/\/autothaiduong.vn\/wp-content\/uploads\/2025\/04\/s9-pro-1024x576.jpg 1024w, https:\/\/autothaiduong.vn\/wp-content\/uploads\/2025\/04\/s9-pro-768x432.jpg 768w\" sizes=\"auto, (max-width: 1280px) 100vw, 1280px\" \/><\/p>\n<p><strong>VinFast VF3<\/strong> \u0111\u01b0\u1ee3c v\u00ed nh\u01b0 m\u1ed9t bi\u1ec3u t\u01b0\u1ee3ng c\u00e1ch m\u1ea1ng m\u1edbi trong cu\u1ed9c s\u1ed1ng \u0111\u00f4 th\u1ecb. V\u1edbi thi\u1ebft k\u1ebf hi\u1ec7n \u0111\u1ea1i, kh\u1ea3 n\u0103ng v\u1eadn h\u00e0nh linh ho\u1ea1t, h\u1ec7 th\u1ed1ng an to\u00e0n ti\u00ean ti\u1ebfn c\u00f9ng chi ph\u00ed s\u1eed d\u1ee5ng c\u1ef1c k\u1ef3 ti\u1ebft ki\u1ec7m, m\u1eabu xe n\u00e0y \u0111\u00e3 mang \u0111\u1ebfn m\u1ed9t g\u00f3c nh\u00ecn ho\u00e0n to\u00e0n m\u1edbi v\u1ec1 ph\u01b0\u01a1ng ti\u1ec7n di chuy\u1ec3n h\u00e0ng ng\u00e0y. Nh\u1edd \u0111\u00f3, <strong>VF3<\/strong> kh\u00f4ng ch\u1ec9 gi\u00fap vi\u1ec7c \u0111i l\u1ea1i tr\u1edf n\u00ean thu\u1eadn ti\u1ec7n v\u00e0 d\u1ec5 d\u00e0ng h\u01a1n m\u00e0 c\u00f2n mang \u0111\u1ebfn tr\u1ea3i nghi\u1ec7m tho\u1ea3i m\u00e1i cho ng\u01b0\u1eddi ng\u1ed3i trong xe.<\/p>\n<h2><strong><a id=\"2-s--l---c-v--b-ng-led-vinfast-vf3-naoevo-s9-pro-ch-n-h7\" class=\"toc-a-tag\"><\/a>2. S\u01a1 l\u01b0\u1ee3c v\u1ec1 b\u00f3ng Led Vinfast VF3 NaoEvo S9 Pro ch\u00e2n H7<\/strong><\/h2>\n<p>B\u00f3ng Led <strong>Vinfast VF3 <span style=\"color: #ff0000;\">Naoevo S9 Pro<\/span> <\/strong>g\u00e2y \u1ea5n t\u01b0\u1ee3ng v\u1edbi thi\u1ebft k\u1ebf l\u1ea5y c\u1ea3m h\u1ee9ng t\u1eeb h\u00ecnh \u1ea3nh chim \u01b0ng \u2013 bi\u1ec3u t\u01b0\u1ee3ng c\u1ee7a s\u1ee9c m\u1ea1nh v\u00e0 kh\u1ea3 n\u0103ng th\u00edch nghi v\u1edbi m\u1ecdi \u0111i\u1ec1u ki\u1ec7n \u00e1nh s\u00e1ng y\u1ebfu. Nh\u1edd c\u01b0\u1eddng \u0111\u1ed9 chi\u1ebfu s\u00e1ng \u1ea5n t\u01b0\u1ee3ng, b\u00f3ng Led <strong>Vinfast VF3<span style=\"color: #ff0000;\"> Naoevo S9 Pro<\/span><\/strong> gi\u00fap lo\u1ea1i b\u1ecf ho\u00e0n to\u00e0n b\u00f3ng t\u1ed1i, mang \u0111\u1ebfn t\u1ea7m nh\u00ecn t\u1ed1i \u01b0u, \u0111\u1ea3m b\u1ea3o s\u1ef1 an to\u00e0n v\u00e0 t\u1ef1 tin khi l\u00e1i xe v\u00e0o ban \u0111\u00eam.<\/p>\n<p><img loading=\"lazy\" decoding=\"async\" class=\"alignnone size-full wp-image-47\" src=\"https:\/\/autothaiduong.vn\/wp-content\/uploads\/2025\/04\/s9-pro-1.jpg\" width=\"1280\" height=\"960\" srcset=\"https:\/\/autothaiduong.vn\/wp-content\/uploads\/2025\/04\/s9-pro-1.jpg 1280w, https:\/\/autothaiduong.vn\/wp-content\/uploads\/2025\/04\/s9-pro-1-600x450.jpg 600w, https:\/\/autothaiduong.vn\/wp-content\/uploads\/2025\/04\/s9-pro-1-300x225.jpg 300w, https:\/\/autothaiduong.vn\/wp-content\/uploads\/2025\/04\/s9-pro-1-1024x768.jpg 1024w, https:\/\/autothaiduong.vn\/wp-content\/uploads\/2025\/04\/s9-pro-1-768x576.jpg 768w\" sizes=\"auto, (max-width: 1280px) 100vw, 1280px\" \/><\/p>\n<p>\u1ee8ng d\u1ee5ng c\u00f4ng ngh\u1ec7 chip LED cao c\u1ea5p, b\u00f3ng Led <strong>Vinfast VF3<span style=\"color: #ff0000;\"> Naoevo S9 Pro<\/span><\/strong> s\u1edf h\u1eefu c\u00f4ng su\u1ea5t l\u00ean \u0111\u1ebfn 90W v\u00e0 \u0111\u1ed9 s\u00e1ng 10.800LM m\u1ed7i b\u00f3ng, t\u1ea1o ra ch\u00f9m s\u00e1ng c\u00f3 \u0111\u01b0\u1eddng c\u1eaft r\u00f5 r\u00e0ng, \u00e1nh s\u00e1ng t\u1ecfa r\u1ed9ng gi\u00fap t\u00e0i x\u1ebf y\u00ean t\u00e2m di chuy\u1ec3n.<\/p>\n<p>B\u00ean c\u1ea1nh hi\u1ec7u su\u1ea5t chi\u1ebfu s\u00e1ng m\u1ea1nh m\u1ebd, h\u1ec7 th\u1ed1ng t\u1ea3n nhi\u1ec7t c\u0169ng l\u00e0 y\u1ebfu t\u1ed1 quan tr\u1ecdng \u1ea3nh h\u01b0\u1edfng tr\u1ef1c ti\u1ebfp \u0111\u1ebfn \u0111\u1ed9 b\u1ec1n c\u1ee7a \u0111\u00e8n. B\u00f3ng Led <strong>Vinfast VF3 <span style=\"color: #ff0000;\">Naoevo S9 Pro<\/span><\/strong> \u0111\u01b0\u1ee3c trang b\u1ecb \u1ed1ng d\u1eabn nhi\u1ec7t k\u00e9p b\u1eb1ng \u0111\u1ed3ng, c\u00f3 kh\u1ea3 n\u0103ng truy\u1ec1n nhi\u1ec7t 30W m\u1ed7i l\u1ea7n, k\u1ebft h\u1ee3p v\u1edbi qu\u1ea1t t\u1ea3n nhi\u1ec7t t\u1ed1c \u0111\u1ed9 cao l\u00ean \u0111\u1ebfn 10.000 v\u00f2ng\/ph\u00fat, gi\u00fap l\u00e0m m\u00e1t nhanh ch\u00f3ng, \u0111\u1ea3m b\u1ea3o hi\u1ec7u su\u1ea5t ho\u1ea1t \u0111\u1ed9ng \u1ed5n \u0111\u1ecbnh.<\/p>\n<p>Ngo\u00e0i ra, s\u1ea3n ph\u1ea9m c\u00f2n \u0111\u01b0\u1ee3c t\u00edch h\u1ee3p c\u1ea3m bi\u1ebfn nhi\u1ec7t, gi\u00fap ki\u1ec3m so\u00e1t nhi\u1ec7t \u0111\u1ed9 hi\u1ec7u qu\u1ea3, g\u00f3p ph\u1ea7n k\u00e9o d\u00e0i tu\u1ed5i th\u1ecd. Thi\u1ebft k\u1ebf driver r\u1eddi kh\u00f4ng ch\u1ec9 gi\u00fap gi\u1ea3m k\u00edch th\u01b0\u1edbc th\u00e2n \u0111\u00e8n m\u00e0 c\u00f2n h\u1ed7 tr\u1ee3 t\u1ed1i \u01b0u kh\u1ea3 n\u0103ng t\u1ea3n nhi\u1ec7t, h\u1ea1n ch\u1ebf c\u00e1c v\u1ea5n \u0111\u1ec1 do nhi\u1ec7t \u0111\u1ed9 g\u00e2y ra. Nh\u1edd \u0111\u00f3, <strong><span style=\"color: #ff0000;\">Naoevo S9 Pro<\/span><\/strong> \u0111\u1ea1t \u0111\u1ed9 b\u1ec1n v\u01b0\u1ee3t tr\u1ed9i v\u1edbi tu\u1ed5i th\u1ecd l\u00ean \u0111\u1ebfn 50.000 gi\u1edd.<\/p>\n<p>B\u00f3ng Led Vinfast VF3<strong><span style=\"color: #ff0000;\"> Naoevo S9 Pro<\/span><\/strong> ch\u00e2n \u0111\u00e8n H7 s\u1edf h\u1eefu m\u1ed9t t\u00ednh n\u0103ng \u0111\u1eb7c bi\u1ec7t: khi k\u00edch ho\u1ea1t \u0111\u00e8n chi\u1ebfu xa, khu v\u1ef1c ngay tr\u01b0\u1edbc \u0111\u1ea7u xe v\u1eabn \u0111\u01b0\u1ee3c chi\u1ebfu s\u00e1ng r\u00f5 r\u00e0ng nh\u1edd \u0111\u00e8n chi\u1ebfu g\u1ea7n ho\u1ea1t \u0111\u1ed9ng \u0111\u1ed3ng th\u1eddi. \u0110i\u1ec3m \u0111\u1eb7c tr\u01b0ng c\u1ee7a ch\u00e2n \u0111\u00e8n H7 ch\u00ednh l\u00e0 thi\u1ebft k\u1ebf v\u1edbi m\u1ed9t d\u00e2y t\u00f3c duy nh\u1ea5t b\u00ean trong b\u00f3ng \u0111\u00e8n, c\u00f9ng v\u1edbi hai t\u1ea5m \u0111\u1ebf \u0111\u00e8n c\u00f3 s\u1eb5n trong h\u1ec7 th\u1ed1ng \u0111\u00e8n pha.<\/p>\n<p>Phi\u00ean b\u1ea3n b\u00f3ng Led <strong>Vinfast VF3<\/strong> <strong><span style=\"color: #ff0000;\">Naoevo S9 Pro<\/span> <\/strong>ch\u00e2n \u0111\u00e8n H7 \u0111\u01b0\u1ee3c t\u00edch h\u1ee3p nhi\u1ec1u c\u00f4ng ngh\u1ec7 hi\u1ec7n \u0111\u1ea1i, mang l\u1ea1i ngu\u1ed3n s\u00e1ng m\u1ea1nh m\u1ebd, \u1ed5n \u0111\u1ecbnh. H\u1ec7 th\u1ed1ng t\u1ea3n nhi\u1ec7t ti\u00ean ti\u1ebfn k\u1ebft h\u1ee3p v\u1edbi qu\u1ea1t l\u00e0m m\u00e1t c\u1ee1 l\u1edbn gi\u00fap duy tr\u00ec hi\u1ec7u su\u1ea5t ho\u1ea1t \u0111\u1ed9ng li\u00ean t\u1ee5c, \u0111\u1ed3ng th\u1eddi n\u00e2ng cao \u0111\u1ed9 b\u1ec1n cho s\u1ea3n ph\u1ea9m.<\/p>\n<h2><strong><a id=\"3-l--i--ch-c--a-b-ng-led-vinfast-vf3-naoevo-s9-pro-ch-n-h7\" class=\"toc-a-tag\"><\/a>3. L\u1ee3i \u00edch c\u1ee7a b\u00f3ng Led Vinfast VF3 NaoEvo S9 Pro ch\u00e2n H7<\/strong><\/h2>\n<ul>\n<li aria-level=\"1\">C\u1ea3i thi\u1ec7n h\u1ec7 th\u1ed1ng chi\u1ebfu s\u00e1ng v\u1edbi t\u1ea7m nh\u00ecn r\u00f5 n\u00e9t v\u00e0 kh\u00f4ng g\u00e2y ch\u00f3i m\u1eaft.<\/li>\n<li aria-level=\"1\">Thi\u1ebft k\u1ebf t\u1ed1i \u01b0u, ch\u00e2n <strong>H7<\/strong> t\u01b0\u01a1ng th\u00edch ho\u00e0n h\u1ea3o v\u00e0 l\u1eafp \u0111\u1eb7t d\u1ec5 d\u00e0ng.<\/li>\n<li aria-level=\"1\">T\u1ea3n nhi\u1ec7t hi\u1ec7u qu\u1ea3 v\u1edbi \u1ed1ng d\u1eabn k\u00e9p k\u1ebft h\u1ee3p c\u00f9ng qu\u1ea1t 10.000 v\u00f2ng\/ph\u00fat v\u1edbi tu\u1ed5i th\u1ecd 50.000 gi\u1edd.<\/li>\n<\/ul>\n<p>B\u00f3ng LED <strong>VinFast VF3 <span style=\"color: #ff0000;\">NaoEvo S9 Pro<\/span> <\/strong>ch\u00e2n H7 kh\u00f4ng ch\u1ec9 n\u00e2ng cao hi\u1ec7u su\u1ea5t chi\u1ebfu s\u00e1ng m\u00e0 c\u00f2n t\u0103ng th\u00eam v\u1ebb th\u1ea9m m\u1ef9 cho xe. Qu\u00fd kh\u00e1ch c\u00f3 nhu c\u1ea7u n\u00e2ng c\u1ea5p v\u00e0 tr\u1ea3i nghi\u1ec7m s\u1ea3n ph\u1ea9m c\u00f3 th\u1ec3 li\u00ean h\u1ec7<strong><span style=\"color: #ff0000;\"> Auto Th\u00e1i D\u01b0\u01a1ng<\/span> <\/strong>\u0111\u1ec3 \u0111\u01b0\u1ee3c t\u01b0 v\u1ea5n v\u00e0 h\u1ed7 tr\u1ee3 nhanh ch\u00f3ng.<\/p>\n<p><strong>Hotline :<\/strong> <strong>0912197441<\/strong><\/p>\n<p><strong>\u0110\u1ecba ch\u1ec9<\/strong> : <strong>273-275 Tr\u1ea7n Ph\u00fa Ph\u01b0\u1eddng L\u1ed9c S\u01a1n Th\u00e0nh Ph\u1ed1 B\u1ea3o L\u1ed9c T\u1ec9nh L\u00e2m \u0110\u1ed3ng<\/strong><\/p>\n","protected":false},"excerpt":{"rendered":"<table>\n<tbody>\n<tr>\n<td class=\"lileft\">T\u00ean S\u1ea3n Ph\u1ea9m:<\/td>\n<td class=\"liright\">B\u00d3NG LED VINFAST VF3: NAOEVO S9 PRO CH\u00c2N H7<\/td>\n<\/tr>\n<tr>\n<td class=\"lileft\">Lo\u1ea1i \u0110\u00e8n:<\/td>\n<td class=\"liright\">B\u00d3NG LED<\/td>\n<\/tr>\n<tr>\n<td class=\"lileft\">Th\u01b0\u01a1ng Hi\u1ec7u:<\/td>\n<td class=\"liright\">NAOEVO<\/td>\n<\/tr>\n<tr>\n<td class=\"lileft\">N\u0103m s\u1ea3n xu\u1ea5t:<\/td>\n<td class=\"liright\">2024<\/td>\n<\/tr>\n<tr>\n<td class=\"lileft\">C\u00f4ng su\u1ea5t \u0111\u00e8n:<\/td>\n<td class=\"liright\">90W<\/td>\n<\/tr>\n<tr>\n<td class=\"lileft\">Ch\u00e2n B\u00f3ng:<\/td>\n<td class=\"liright\">H7<\/td>\n<\/tr>\n<tr>\n<td class=\"lileft\">Nhi\u1ec7t m\u00e0u:<\/td>\n<td class=\"liright\">5800K<\/td>\n<\/tr>\n<tr>\n<td class=\"lileft\">H\u1ec7 Th\u1ed1ng T\u1ea3n Nhi\u1ec7t:<\/td>\n<td class=\"liright\">\u0110\u1ed3ng<\/td>\n<\/tr>\n<tr>\n<td class=\"lileft\">Tu\u1ed5i th\u1ecd:<\/td>\n<td class=\"liright\">50.000 Gi\u1edd<\/td>\n<\/tr>\n<tr>\n<td class=\"lileft\">\u0110i\u1ec7n \u00c1p:<\/td>\n<td class=\"liright\">9-16V<\/td>\n<\/tr>\n<tr>\n<td class=\"lileft\">B\u1ea3o h\u00e0nh:<\/td>\n<td class=\"liright\">24 Th\u00e1ng<\/td>\n<\/tr>\n<\/tbody>\n<\/table>\n","protected":false},"featured_media":46,"comment_status":"open","ping_status":"closed","template":"","meta":[],"product_brand":[],"product_cat":[67],"product_tag":[],"class_list":{"0":"post-43","1":"product","2":"type-product","3":"status-publish","4":"has-post-thumbnail","6":"product_cat-phu-kien-vf3","8":"first","9":"instock","10":"shipping-taxable","11":"purchasable","12":"product-type-simple"},"_links":{"self":[{"href":"https:\/\/autothaiduong.vn\/index.php?rest_route=\/wp\/v2\/product\/43","targetHints":{"allow":["GET"]}}],"collection":[{"href":"https:\/\/autothaiduong.vn\/index.php?rest_route=\/wp\/v2\/product"}],"about":[{"href":"https:\/\/autothaiduong.vn\/index.php?rest_route=\/wp\/v2\/types\/product"}],"replies":[{"embeddable":true,"href":"https:\/\/autothaiduong.vn\/index.php?rest_route=%2Fwp%2Fv2%2Fcomments&post=43"}],"wp:featuredmedia":[{"embeddable":true,"href":"https:\/\/autothaiduong.vn\/index.php?rest_route=\/wp\/v2\/media\/46"}],"wp:attachment":[{"href":"https:\/\/autothaiduong.vn\/index.php?rest_route=%2Fwp%2Fv2%2Fmedia&parent=43"}],"wp:term":[{"taxonomy":"product_brand","embeddable":true,"href":"https:\/\/autothaiduong.vn\/index.php?rest_route=%2Fwp%2Fv2%2Fproduct_brand&post=43"},{"taxonomy":"product_cat","embeddable":true,"href":"https:\/\/autothaiduong.vn\/index.php?rest_route=%2Fwp%2Fv2%2Fproduct_cat&post=43"},{"taxonomy":"product_tag","embeddable":true,"href":"https:\/\/autothaiduong.vn\/index.php?rest_route=%2Fwp%2Fv2%2Fproduct_tag&post=43"}],"curies":[{"name":"wp","href":"https:\/\/api.w.org\/{rel}","templated":true}]}}