{"id":48,"date":"2025-04-25T08:09:07","date_gmt":"2025-04-25T08:09:07","guid":{"rendered":"https:\/\/autothaiduong.vn\/?post_type=product&#038;p=48"},"modified":"2025-05-15T13:57:46","modified_gmt":"2025-05-15T13:57:46","slug":"bong-led-vinfast-vf3-naoevo-s6-pro-chan-h7","status":"publish","type":"product","link":"https:\/\/autothaiduong.vn\/?product=bong-led-vinfast-vf3-naoevo-s6-pro-chan-h7","title":{"rendered":"B\u00d3NG LED VINFAST VF3: NAOEVO S6 PRO CH\u00c2N H7"},"content":{"rendered":"<p>VinFast VF3 l\u00e0 d\u00f2ng \u00f4 t\u00f4 \u0111i\u1ec7n c\u1ee1 nh\u1ecf \u0111\u01b0\u1ee3c nhi\u1ec1u ng\u01b0\u1eddi d\u00f9ng Vi\u1ec7t Nam y\u00eau th\u00edch v\u00e0 n\u00e2ng c\u1ea5p h\u1ec7 th\u1ed1ng chi\u1ebfu s\u00e1ng l\u00e0 nhu c\u1ea7u ph\u1ed5 bi\u1ebfn c\u1ee7a c\u00e1c ch\u1ee7 xe. Trong \u0111\u00f3 th\u00ec vi\u1ec7c n\u00e2ng c\u1ea5p b\u00f3ng Led Vinfast VF3 NaoEvo S6 Pro ch\u00e2n H7 \u0111\u01b0\u1ee3c \u01b0a chu\u1ed9ng.<\/p>\n<p><img loading=\"lazy\" decoding=\"async\" class=\"alignnone size-full wp-image-50\" src=\"https:\/\/autothaiduong.vn\/wp-content\/uploads\/2025\/04\/bong-led-vinfast-vf3.jpg\" width=\"1280\" height=\"720\" srcset=\"https:\/\/autothaiduong.vn\/wp-content\/uploads\/2025\/04\/bong-led-vinfast-vf3.jpg 1280w, https:\/\/autothaiduong.vn\/wp-content\/uploads\/2025\/04\/bong-led-vinfast-vf3-600x338.jpg 600w, https:\/\/autothaiduong.vn\/wp-content\/uploads\/2025\/04\/bong-led-vinfast-vf3-300x169.jpg 300w, https:\/\/autothaiduong.vn\/wp-content\/uploads\/2025\/04\/bong-led-vinfast-vf3-1024x576.jpg 1024w, https:\/\/autothaiduong.vn\/wp-content\/uploads\/2025\/04\/bong-led-vinfast-vf3-768x432.jpg 768w\" sizes=\"auto, (max-width: 1280px) 100vw, 1280px\" \/><\/p>\n<h2><a id=\"1-s--l---c-v--vinfast-vf3-nbsp-\" class=\"toc-a-tag\"><\/a>1. S\u01a1 l\u01b0\u1ee3c v\u1ec1 Vinfast VF3<\/h2>\n<p>Vinfast VF3 l\u00e0 d\u00f2ng xe nh\u1ecf nh\u1ea5t c\u1ee7a Vinfast \u0111\u01b0\u1ee3c s\u1ea3n xu\u1ea5t trong n\u01b0\u1edbc nh\u1eb1m ho\u00e0n thi\u1ec7n h\u1ec7 th\u1ed1ng s\u1ea3n ph\u1ea9m to\u00e0n g\u1ea7m cao v\u1ed1n \u0111\u00e3 c\u00f3 tr\u01b0\u1edbc \u0111\u00f3 bao g\u1ed3m VF5, VF e34, VF6, VF7, VF8 v\u00e0 VF9. So v\u1edbi nh\u1eefng \u0111\u00e0n anh tr\u01b0\u1edbc \u0111\u00f3 \u0111\u01b0\u1ee3c thi\u1ebft k\u1ebf m\u01b0\u1ee3t m\u00e0 trung t\u00ednh th\u00ec Vinfast VF3 n\u1ed5i b\u1eadt h\u01a1n v\u1edbi ki\u1ec3u d\u00e1ng kh\u1ed1i h\u1ed9p v\u00e0 nam t\u00ednh h\u01a1n nhi\u1ec1u. M\u1eb7c d\u00f9 thi\u1ebft k\u1ebf n\u00e0y kh\u00f4ng ph\u1ea3i m\u1edbi xu\u1ea5t hi\u1ec7n tr\u00ean th\u1ecb tr\u01b0\u1eddng nh\u01b0ng trong nh\u1eefng n\u0103m g\u1ea7n \u0111\u00e2y n\u00f3 \u0111\u00e3 tr\u1edf th\u00e0nh xu h\u01b0\u1edbng \u0111\u01b0\u1ee3c c\u00e1c th\u01b0\u01a1ng hi\u1ec7u xe theo \u0111u\u1ed5i.<\/p>\n<p><img loading=\"lazy\" decoding=\"async\" class=\"alignnone size-full wp-image-51\" src=\"https:\/\/autothaiduong.vn\/wp-content\/uploads\/2025\/04\/vinfast-vf3.jpg\" width=\"1280\" height=\"722\" srcset=\"https:\/\/autothaiduong.vn\/wp-content\/uploads\/2025\/04\/vinfast-vf3.jpg 1280w, https:\/\/autothaiduong.vn\/wp-content\/uploads\/2025\/04\/vinfast-vf3-600x338.jpg 600w, https:\/\/autothaiduong.vn\/wp-content\/uploads\/2025\/04\/vinfast-vf3-300x169.jpg 300w, https:\/\/autothaiduong.vn\/wp-content\/uploads\/2025\/04\/vinfast-vf3-1024x578.jpg 1024w, https:\/\/autothaiduong.vn\/wp-content\/uploads\/2025\/04\/vinfast-vf3-768x433.jpg 768w\" sizes=\"auto, (max-width: 1280px) 100vw, 1280px\" \/><\/p>\n<p>VinFast VF3 v\u1edbi kh\u1ea3 n\u0103ng di chuy\u1ec3n kho\u1ea3ng 200km m\u1ed7i l\u1ea7n s\u1ea1c \u0111\u01b0\u1ee3c thi\u1ebft k\u1ebf t\u1ed1i \u01b0u cho nhu c\u1ea7u \u0111i l\u1ea1i trong \u0111\u00f4 th\u1ecb. M\u1eabu xe n\u00e0y ph\u00f9 h\u1ee3p \u0111\u1ec3 l\u00e0m ph\u01b0\u01a1ng ti\u1ec7n th\u1ee9 hai trong gia \u0111\u00ecnh, \u0111\u00e1p \u1ee9ng c\u00e1c nhu c\u1ea7u c\u01a1 b\u1ea3n nh\u01b0 d\u1ea1o ph\u1ed1, mua s\u1eafm hay \u0111\u01b0a \u0111\u00f3n con c\u00e1i. VF3 h\u01b0\u1edbng \u0111\u1ebfn nh\u00f3m kh\u00e1ch h\u00e0ng c\u00f3 thu nh\u1eadp trung b\u00ecnh, c\u00f4ng vi\u1ec7c \u1ed5n \u0111\u1ecbnh v\u00e0 mong mu\u1ed1n s\u1edf h\u1eefu m\u1ed9t chi\u1ebfc \u00f4 t\u00f4 nh\u1ecf g\u1ecdn \u0111\u1ec3 di chuy\u1ec3n thu\u1eadn ti\u1ec7n, b\u1ea3o v\u1ec7 kh\u1ecfi n\u1eafng m\u01b0a thay v\u00ec s\u1eed d\u1ee5ng xe m\u00e1y cao c\u1ea5p.<\/p>\n<h2><a id=\"2-s--l---c-v--b-ng-led-vinfast-vf3-naoevo-s6-pro-ch-n-h7\" class=\"toc-a-tag\"><\/a>2. S\u01a1 l\u01b0\u1ee3c v\u1ec1 b\u00f3ng Led Vinfast VF3 NaoEvo S6 Pro ch\u00e2n H7<\/h2>\n<p>B\u00f3ng Led Vinfast VF3 NaoEvo S6 Pro ch\u00e2n H7 s\u1edf h\u1eefu thi\u1ebft k\u1ebf nh\u1ecf g\u1ecdn, \u0111\u1ed9c \u0111\u00e1o, g\u1ea7n nh\u01b0 t\u01b0\u01a1ng \u0111\u1ed3ng v\u1edbi \u0111\u00e8n halogen truy\u1ec1n th\u1ed1ng. Nh\u1edd v\u1eady, s\u1ea3n ph\u1ea9m c\u00f3 th\u1ec3 l\u1eafp \u0111\u1eb7t d\u1ec5 d\u00e0ng tr\u00ean c\u1ea3 xe m\u00e1y v\u00e0 \u00f4 t\u00f4, ph\u00f9 h\u1ee3p v\u1edbi nhi\u1ec1u lo\u1ea1i ch\u00f3a \u0111\u00e8n, gi\u00fap qu\u00e1 tr\u00ecnh n\u00e2ng c\u1ea5p tr\u1edf n\u00ean nhanh ch\u00f3ng v\u00e0 thu\u1eadn ti\u1ec7n.<\/p>\n<p>\u0110i\u1ec3m n\u1ed5i b\u1eadt c\u1ee7a Naoevo S6 Pro l\u00e0 kh\u1ea3 n\u0103ng h\u1ed7 tr\u1ee3 d\u1ea3i \u0111i\u1ec7n \u00e1p t\u1eeb 12V \u0111\u1ebfn 24V, t\u01b0\u01a1ng th\u00edch v\u1edbi nhi\u1ec1u lo\u1ea1i ph\u01b0\u01a1ng ti\u1ec7n nh\u01b0 \u00f4 t\u00f4, xe t\u1ea3i, xe kh\u00e1ch v\u00e0 xe c\u00f4ng. \u0110i\u1ec1u n\u00e0y mang \u0111\u1ebfn l\u1ee3i th\u1ebf l\u1edbn b\u1edfi tr\u00ean th\u1ecb tr\u01b0\u1eddng hi\u1ec7n nay, s\u1ed1 l\u01b0\u1ee3ng b\u00f3ng LED h\u1ed7 tr\u1ee3 ngu\u1ed3n 24V kh\u00f4ng nhi\u1ec1u, g\u00e2y tr\u1edf ng\u1ea1i cho vi\u1ec7c n\u00e2ng c\u1ea5p h\u1ec7 th\u1ed1ng chi\u1ebfu s\u00e1ng c\u1ee7a xe t\u1ea3i.<\/p>\n<p>S\u1ea3n ph\u1ea9m \u0111\u01b0\u1ee3c \u1ee9ng d\u1ee5ng c\u00f4ng ngh\u1ec7 chi\u1ebfu s\u00e1ng ti\u00ean ti\u1ebfn v\u1edbi c\u00f4ng su\u1ea5t m\u1ea1nh m\u1ebd 55W\/b\u00f3ng v\u00e0 \u0111\u1ed9 s\u00e1ng l\u00ean \u0111\u1ebfn 6600LM\/b\u00f3ng. Vi\u1ec7c s\u1eed d\u1ee5ng Chip LED cao c\u1ea5p kh\u00f4ng ch\u1ec9 n\u00e2ng cao hi\u1ec7u su\u1ea5t chi\u1ebfu s\u00e1ng m\u00e0 c\u00f2n t\u1ed1i \u01b0u kh\u1ea3 n\u0103ng t\u1ea3n nhi\u1ec7t, gi\u00fap \u0111\u00e8n ho\u1ea1t \u0111\u1ed9ng b\u1ec1n b\u1ec9. V\u1edbi \u00e1nh s\u00e1ng tr\u1eafng m\u00e1t c\u00f3 nhi\u1ec7t m\u00e0u 5800K, Naoevo S6 Pro mang l\u1ea1i tr\u1ea3i nghi\u1ec7m chi\u1ebfu s\u00e1ng t\u01b0\u01a1ng t\u1ef1 \u00e1nh s\u00e1ng ban ng\u00e0y, \u0111\u1ea3m b\u1ea3o t\u1ea7m nh\u00ecn r\u00f5 r\u00e0ng v\u00e0 an to\u00e0n khi di chuy\u1ec3n.<\/p>\n<p>Ngo\u00e0i ra, h\u1ec7 th\u1ed1ng t\u1ea3n nhi\u1ec7t tr\u00ean b\u00f3ng Led Vinfast VF3 Naoevo S6 Pro \u0111\u01b0\u1ee3c t\u1ed1i \u01b0u v\u1edbi qu\u1ea1t l\u00e0m m\u00e1t t\u1ed1c \u0111\u1ed9 cao 8500 v\u00f2ng\/ph\u00fat, k\u1ebft h\u1ee3p c\u00f9ng \u1ed1ng d\u1eabn nhi\u1ec7t b\u1eb1ng \u0111\u1ed3ng c\u00f3 kh\u1ea3 n\u0103ng truy\u1ec1n nhi\u1ec7t 10W m\u1ed7i l\u1ea7n, gi\u00fap duy tr\u00ec nhi\u1ec7t \u0111\u1ed9 \u1ed5n \u0111\u1ecbnh. Nh\u1edd \u0111\u00f3, tu\u1ed5i th\u1ecd b\u00f3ng \u0111\u00e8n c\u00f3 th\u1ec3 k\u00e9o d\u00e0i l\u00ean \u0111\u1ebfn 50.000 gi\u1edd, mang l\u1ea1i s\u1ef1 b\u1ec1n b\u1ec9 v\u00e0 hi\u1ec7u qu\u1ea3 v\u01b0\u1ee3t tr\u1ed9i trong su\u1ed1t qu\u00e1 tr\u00ecnh s\u1eed d\u1ee5ng.<\/p>\n<p>B\u00f3ng Led Vinfast VF3 NaoEvo S6 Pro ch\u00e2n H7 s\u1edf h\u1eefu l\u1ee3i th\u1ebf \u0111\u1eb7c bi\u1ec7t khi k\u00edch ho\u1ea1t ch\u1ebf \u0111\u1ed9 chi\u1ebfu xa, v\u00f9ng s\u00e1ng ngay ph\u00eda tr\u01b0\u1edbc xe v\u1eabn \u0111\u01b0\u1ee3c \u0111\u1ea3m b\u1ea3o nh\u1edd \u0111\u00e8n chi\u1ebfu g\u1ea7n ho\u1ea1t \u0111\u1ed9ng song song. \u0110\u1eb7c \u0111i\u1ec3m nh\u1eadn di\u1ec7n c\u1ee7a ch\u00e2n \u0111\u00e8n H7 l\u00e0 thi\u1ebft k\u1ebf b\u00f3ng \u0111\u00e8n ch\u1ec9 c\u00f3 m\u1ed9t d\u00e2y t\u00f3c duy nh\u1ea5t b\u00ean trong v\u1ecf, c\u00f9ng hai t\u1ea5m \u0111\u1ebf \u0111\u00e8n t\u00edch h\u1ee3p s\u1eb5n trong c\u1ee5m \u0111\u00e8n pha.<\/p>\n<h2><a id=\"3-l--i--ch-c--a-b-ng-led-vinfast-vf3-naoevo-s6-pro-ch-n-h7\" class=\"toc-a-tag\"><\/a>3. L\u1ee3i \u00edch c\u1ee7a b\u00f3ng Led Vinfast VF3 NaoEvo S6 Pro ch\u00e2n H7<\/h2>\n<ul>\n<li aria-level=\"1\">C\u1ea3i thi\u1ec7n t\u0103ng hi\u1ec7u su\u1ea5t chi\u1ebfu s\u00e1ng, gi\u00fap c\u1ea3i thi\u1ec7n t\u1ea7m nh\u00ecn v\u00e0 l\u00e1i xe an to\u00e0n h\u01a1n khi di chuy\u1ec3n v\u00e0o ban \u0111\u00eam, \u0111i\u1ec1u ki\u1ec7n th\u1eddi ti\u1ebft x\u1ea5u.<\/li>\n<li aria-level=\"1\">Tu\u1ed5i th\u1ecd cao gi\u00fap \u0111\u00e8n ho\u1ea1t \u0111\u1ed9ng b\u1ec1n b\u1ec9, h\u1ea1n ch\u1ebf thay th\u1ebf th\u01b0\u1eddng xuy\u00ean v\u00e0 ti\u1ebft ki\u1ec7m chi ph\u00ed b\u1ea3o d\u01b0\u1ee1ng.<\/li>\n<li aria-level=\"1\">Thi\u1ebft k\u1ebf nh\u1ecf g\u1ecdn gi\u00fap qu\u00e1 tr\u00ecnh l\u1eafp \u0111\u1eb7t d\u1ec5 d\u00e0ng v\u00e0 thay th\u1ebf nhanh ch\u00f3ng m\u00e0 kh\u00f4ng c\u1ea7n ph\u1ea3i ch\u1ec9nh s\u1eeda k\u1ebft c\u1ea5u.<\/li>\n<li aria-level=\"1\">Ho\u1ea1t \u0111\u1ed9ng t\u1ed1t trong nhi\u1ec1u \u0111i\u1ec1u ki\u1ec7n th\u1eddi ti\u1ebft, \u0111\u1ea3m b\u1ea3o hi\u1ec7u su\u1ea5t chi\u1ebfu s\u00e1ng lu\u00f4n \u1ed5n \u0111\u1ecbnh.<\/li>\n<\/ul>\n<h2><a id=\"4-h-nh--nh------n-b-ng-led-vinfast-vf3-naoevo-s6-pro-ch-n-h7\" class=\"toc-a-tag\"><\/a>4. H\u00ecnh \u1ea3nh \u0111\u1ed9 \u0111\u00e8n b\u00f3ng Led Vinfast VF3 NaoEvo S6 Pro ch\u00e2n H7<\/h2>\n<p><img loading=\"lazy\" decoding=\"async\" class=\"alignnone size-full wp-image-52\" src=\"https:\/\/autothaiduong.vn\/wp-content\/uploads\/2025\/04\/vinfast-vf3-s6-pro.jpg\" width=\"600\" height=\"600\" srcset=\"https:\/\/autothaiduong.vn\/wp-content\/uploads\/2025\/04\/vinfast-vf3-s6-pro.jpg 600w, https:\/\/autothaiduong.vn\/wp-content\/uploads\/2025\/04\/vinfast-vf3-s6-pro-100x100.jpg 100w, https:\/\/autothaiduong.vn\/wp-content\/uploads\/2025\/04\/vinfast-vf3-s6-pro-300x300.jpg 300w, https:\/\/autothaiduong.vn\/wp-content\/uploads\/2025\/04\/vinfast-vf3-s6-pro-150x150.jpg 150w\" sizes=\"auto, (max-width: 600px) 100vw, 600px\" \/><\/p>\n<p>H\u00ecnh 1<\/p>\n<p><img loading=\"lazy\" decoding=\"async\" class=\"alignnone size-full wp-image-53\" src=\"https:\/\/autothaiduong.vn\/wp-content\/uploads\/2025\/04\/vinfast-vf3-s6-pro-1.jpg\" width=\"1280\" height=\"1280\" srcset=\"https:\/\/autothaiduong.vn\/wp-content\/uploads\/2025\/04\/vinfast-vf3-s6-pro-1.jpg 1280w, https:\/\/autothaiduong.vn\/wp-content\/uploads\/2025\/04\/vinfast-vf3-s6-pro-1-600x600.jpg 600w, https:\/\/autothaiduong.vn\/wp-content\/uploads\/2025\/04\/vinfast-vf3-s6-pro-1-100x100.jpg 100w, https:\/\/autothaiduong.vn\/wp-content\/uploads\/2025\/04\/vinfast-vf3-s6-pro-1-300x300.jpg 300w, https:\/\/autothaiduong.vn\/wp-content\/uploads\/2025\/04\/vinfast-vf3-s6-pro-1-1024x1024.jpg 1024w, https:\/\/autothaiduong.vn\/wp-content\/uploads\/2025\/04\/vinfast-vf3-s6-pro-1-150x150.jpg 150w, https:\/\/autothaiduong.vn\/wp-content\/uploads\/2025\/04\/vinfast-vf3-s6-pro-1-768x768.jpg 768w\" sizes=\"auto, (max-width: 1280px) 100vw, 1280px\" \/><\/p>\n<p>H\u00ecnh 2<\/p>\n<p><img loading=\"lazy\" decoding=\"async\" class=\"alignnone size-full wp-image-54\" src=\"https:\/\/autothaiduong.vn\/wp-content\/uploads\/2025\/04\/vinfast-vf3-s6-pro-2.jpg\" width=\"1280\" height=\"1280\" srcset=\"https:\/\/autothaiduong.vn\/wp-content\/uploads\/2025\/04\/vinfast-vf3-s6-pro-2.jpg 1280w, https:\/\/autothaiduong.vn\/wp-content\/uploads\/2025\/04\/vinfast-vf3-s6-pro-2-600x600.jpg 600w, https:\/\/autothaiduong.vn\/wp-content\/uploads\/2025\/04\/vinfast-vf3-s6-pro-2-100x100.jpg 100w, https:\/\/autothaiduong.vn\/wp-content\/uploads\/2025\/04\/vinfast-vf3-s6-pro-2-300x300.jpg 300w, https:\/\/autothaiduong.vn\/wp-content\/uploads\/2025\/04\/vinfast-vf3-s6-pro-2-1024x1024.jpg 1024w, https:\/\/autothaiduong.vn\/wp-content\/uploads\/2025\/04\/vinfast-vf3-s6-pro-2-150x150.jpg 150w, https:\/\/autothaiduong.vn\/wp-content\/uploads\/2025\/04\/vinfast-vf3-s6-pro-2-768x768.jpg 768w\" sizes=\"auto, (max-width: 1280px) 100vw, 1280px\" \/><\/p>\n<p>H\u00ecnh 3<\/p>\n<p><img loading=\"lazy\" decoding=\"async\" class=\"alignnone size-full wp-image-55\" src=\"https:\/\/autothaiduong.vn\/wp-content\/uploads\/2025\/04\/vinfast-vf3-s6-pro-3.jpg\" width=\"1280\" height=\"1280\" srcset=\"https:\/\/autothaiduong.vn\/wp-content\/uploads\/2025\/04\/vinfast-vf3-s6-pro-3.jpg 1280w, https:\/\/autothaiduong.vn\/wp-content\/uploads\/2025\/04\/vinfast-vf3-s6-pro-3-600x600.jpg 600w, https:\/\/autothaiduong.vn\/wp-content\/uploads\/2025\/04\/vinfast-vf3-s6-pro-3-100x100.jpg 100w, https:\/\/autothaiduong.vn\/wp-content\/uploads\/2025\/04\/vinfast-vf3-s6-pro-3-300x300.jpg 300w, https:\/\/autothaiduong.vn\/wp-content\/uploads\/2025\/04\/vinfast-vf3-s6-pro-3-1024x1024.jpg 1024w, https:\/\/autothaiduong.vn\/wp-content\/uploads\/2025\/04\/vinfast-vf3-s6-pro-3-150x150.jpg 150w, https:\/\/autothaiduong.vn\/wp-content\/uploads\/2025\/04\/vinfast-vf3-s6-pro-3-768x768.jpg 768w\" sizes=\"auto, (max-width: 1280px) 100vw, 1280px\" \/><\/p>\n<p>H\u00ecnh 4<\/p>\n<p><img loading=\"lazy\" decoding=\"async\" class=\"alignnone size-full wp-image-56\" src=\"https:\/\/autothaiduong.vn\/wp-content\/uploads\/2025\/04\/vinfast-vf3-s6-pro-4.jpg\" width=\"1280\" height=\"1280\" srcset=\"https:\/\/autothaiduong.vn\/wp-content\/uploads\/2025\/04\/vinfast-vf3-s6-pro-4.jpg 1280w, https:\/\/autothaiduong.vn\/wp-content\/uploads\/2025\/04\/vinfast-vf3-s6-pro-4-600x600.jpg 600w, https:\/\/autothaiduong.vn\/wp-content\/uploads\/2025\/04\/vinfast-vf3-s6-pro-4-100x100.jpg 100w, https:\/\/autothaiduong.vn\/wp-content\/uploads\/2025\/04\/vinfast-vf3-s6-pro-4-300x300.jpg 300w, https:\/\/autothaiduong.vn\/wp-content\/uploads\/2025\/04\/vinfast-vf3-s6-pro-4-1024x1024.jpg 1024w, https:\/\/autothaiduong.vn\/wp-content\/uploads\/2025\/04\/vinfast-vf3-s6-pro-4-150x150.jpg 150w, https:\/\/autothaiduong.vn\/wp-content\/uploads\/2025\/04\/vinfast-vf3-s6-pro-4-768x768.jpg 768w\" sizes=\"auto, (max-width: 1280px) 100vw, 1280px\" \/><\/p>\n<p>H\u00ecnh 5<\/p>\n<p><img loading=\"lazy\" decoding=\"async\" class=\"alignnone size-full wp-image-57\" src=\"https:\/\/autothaiduong.vn\/wp-content\/uploads\/2025\/04\/vinfast-vf3-s6-pro-5.jpg\" width=\"1280\" height=\"1280\" srcset=\"https:\/\/autothaiduong.vn\/wp-content\/uploads\/2025\/04\/vinfast-vf3-s6-pro-5.jpg 1280w, https:\/\/autothaiduong.vn\/wp-content\/uploads\/2025\/04\/vinfast-vf3-s6-pro-5-600x600.jpg 600w, https:\/\/autothaiduong.vn\/wp-content\/uploads\/2025\/04\/vinfast-vf3-s6-pro-5-100x100.jpg 100w, https:\/\/autothaiduong.vn\/wp-content\/uploads\/2025\/04\/vinfast-vf3-s6-pro-5-300x300.jpg 300w, https:\/\/autothaiduong.vn\/wp-content\/uploads\/2025\/04\/vinfast-vf3-s6-pro-5-1024x1024.jpg 1024w, https:\/\/autothaiduong.vn\/wp-content\/uploads\/2025\/04\/vinfast-vf3-s6-pro-5-150x150.jpg 150w, https:\/\/autothaiduong.vn\/wp-content\/uploads\/2025\/04\/vinfast-vf3-s6-pro-5-768x768.jpg 768w\" sizes=\"auto, (max-width: 1280px) 100vw, 1280px\" \/><\/p>\n<p>H\u00ecnh 6<\/p>\n<p><img loading=\"lazy\" decoding=\"async\" class=\"alignnone size-full wp-image-58\" src=\"https:\/\/autothaiduong.vn\/wp-content\/uploads\/2025\/04\/vinfast-vf3-s6-pro-6.jpg\" width=\"600\" height=\"600\" srcset=\"https:\/\/autothaiduong.vn\/wp-content\/uploads\/2025\/04\/vinfast-vf3-s6-pro-6.jpg 600w, https:\/\/autothaiduong.vn\/wp-content\/uploads\/2025\/04\/vinfast-vf3-s6-pro-6-100x100.jpg 100w, https:\/\/autothaiduong.vn\/wp-content\/uploads\/2025\/04\/vinfast-vf3-s6-pro-6-300x300.jpg 300w, https:\/\/autothaiduong.vn\/wp-content\/uploads\/2025\/04\/vinfast-vf3-s6-pro-6-150x150.jpg 150w\" sizes=\"auto, (max-width: 600px) 100vw, 600px\" \/><\/p>\n<p>H\u00ecnh 7<\/p>\n<p><img loading=\"lazy\" decoding=\"async\" class=\"alignnone size-full wp-image-59\" src=\"https:\/\/autothaiduong.vn\/wp-content\/uploads\/2025\/04\/vinfast-vf3-s6-pro-7.jpg\" width=\"1280\" height=\"1280\" srcset=\"https:\/\/autothaiduong.vn\/wp-content\/uploads\/2025\/04\/vinfast-vf3-s6-pro-7.jpg 1280w, https:\/\/autothaiduong.vn\/wp-content\/uploads\/2025\/04\/vinfast-vf3-s6-pro-7-600x600.jpg 600w, https:\/\/autothaiduong.vn\/wp-content\/uploads\/2025\/04\/vinfast-vf3-s6-pro-7-100x100.jpg 100w, https:\/\/autothaiduong.vn\/wp-content\/uploads\/2025\/04\/vinfast-vf3-s6-pro-7-300x300.jpg 300w, https:\/\/autothaiduong.vn\/wp-content\/uploads\/2025\/04\/vinfast-vf3-s6-pro-7-1024x1024.jpg 1024w, https:\/\/autothaiduong.vn\/wp-content\/uploads\/2025\/04\/vinfast-vf3-s6-pro-7-150x150.jpg 150w, https:\/\/autothaiduong.vn\/wp-content\/uploads\/2025\/04\/vinfast-vf3-s6-pro-7-768x768.jpg 768w\" sizes=\"auto, (max-width: 1280px) 100vw, 1280px\" \/><\/p>\n<p>H\u00ecnh 8<\/p>\n<p>B\u00f3ng LED VinFast VF3 NaoEvo S6 Pro ch\u00e2n H7 kh\u00f4ng ch\u1ec9 c\u1ea3i thi\u1ec7n h\u1ec7 th\u1ed1ng chi\u1ebfu s\u00e1ng cho xe m\u00e0 c\u00f2n gia t\u00ednh t\u00ednh th\u1ea9m m\u1ef9. N\u1ebfu nh\u01b0 qu\u00fd kh\u00e1ch h\u00e0ng c\u00f3 mu\u1ed1n n\u00e2ng c\u1ea5p v\u00e0 tr\u1ea3i nghi\u1ec7m tr\u1ea3i s\u1ea3n ph\u1ea9m th\u00ec c\u00f3 th\u1ec3 li\u00ean h\u1ec7 \u0111\u1ebfn Auto Th\u00e1i D\u01b0\u01a1ng \u0111\u1ec3 \u0111\u01b0\u1ee3c t\u01b0 v\u1ea5n v\u00e0 h\u1ed7 tr\u1ee3 m\u1ed9t c\u00e1ch nhanh nh\u1ea5t.<\/p>\n","protected":false},"excerpt":{"rendered":"<table>\n<tbody>\n<tr>\n<td class=\"lileft\">T\u00ean S\u1ea3n Ph\u1ea9m:<\/td>\n<td class=\"liright\">B\u00d3NG LED VINFAST VF3: NAOEVO S6 PRO CH\u00c2N H7<\/td>\n<\/tr>\n<tr>\n<td class=\"lileft\">Lo\u1ea1i \u0110\u00e8n:<\/td>\n<td class=\"liright\">B\u00d3NG LED<\/td>\n<\/tr>\n<tr>\n<td class=\"lileft\">Th\u01b0\u01a1ng Hi\u1ec7u:<\/td>\n<td class=\"liright\">NAOEVO<\/td>\n<\/tr>\n<tr>\n<td class=\"lileft\">N\u0103m s\u1ea3n xu\u1ea5t:<\/td>\n<td class=\"liright\">2024<\/td>\n<\/tr>\n<tr>\n<td class=\"lileft\">C\u00f4ng su\u1ea5t \u0111\u00e8n:<\/td>\n<td class=\"liright\">55W<\/td>\n<\/tr>\n<tr>\n<td class=\"lileft\">Ch\u00e2n B\u00f3ng:<\/td>\n<td class=\"liright\">H7<\/td>\n<\/tr>\n<tr>\n<td class=\"lileft\">Nhi\u1ec7t m\u00e0u:<\/td>\n<td class=\"liright\">5800K<\/td>\n<\/tr>\n<tr>\n<td class=\"lileft\">H\u1ec7 Th\u1ed1ng T\u1ea3n Nhi\u1ec7t:<\/td>\n<td class=\"liright\">\u0110\u1ed3ng<\/td>\n<\/tr>\n<tr>\n<td class=\"lileft\">Tu\u1ed5i th\u1ecd:<\/td>\n<td class=\"liright\">50.000 Gi\u1edd<\/td>\n<\/tr>\n<tr>\n<td class=\"lileft\">\u0110i\u1ec7n \u00c1p:<\/td>\n<td class=\"liright\">12\/24V<\/td>\n<\/tr>\n<tr>\n<td class=\"lileft\">B\u1ea3o h\u00e0nh:<\/td>\n<td class=\"liright\">24 Th\u00e1ng<\/td>\n<\/tr>\n<\/tbody>\n<\/table>\n","protected":false},"featured_media":50,"comment_status":"open","ping_status":"closed","template":"","meta":[],"product_brand":[],"product_cat":[67],"product_tag":[],"class_list":{"0":"post-48","1":"product","2":"type-product","3":"status-publish","4":"has-post-thumbnail","6":"product_cat-phu-kien-vf3","8":"first","9":"instock","10":"shipping-taxable","11":"purchasable","12":"product-type-simple"},"_links":{"self":[{"href":"https:\/\/autothaiduong.vn\/index.php?rest_route=\/wp\/v2\/product\/48","targetHints":{"allow":["GET"]}}],"collection":[{"href":"https:\/\/autothaiduong.vn\/index.php?rest_route=\/wp\/v2\/product"}],"about":[{"href":"https:\/\/autothaiduong.vn\/index.php?rest_route=\/wp\/v2\/types\/product"}],"replies":[{"embeddable":true,"href":"https:\/\/autothaiduong.vn\/index.php?rest_route=%2Fwp%2Fv2%2Fcomments&post=48"}],"wp:featuredmedia":[{"embeddable":true,"href":"https:\/\/autothaiduong.vn\/index.php?rest_route=\/wp\/v2\/media\/50"}],"wp:attachment":[{"href":"https:\/\/autothaiduong.vn\/index.php?rest_route=%2Fwp%2Fv2%2Fmedia&parent=48"}],"wp:term":[{"taxonomy":"product_brand","embeddable":true,"href":"https:\/\/autothaiduong.vn\/index.php?rest_route=%2Fwp%2Fv2%2Fproduct_brand&post=48"},{"taxonomy":"product_cat","embeddable":true,"href":"https:\/\/autothaiduong.vn\/index.php?rest_route=%2Fwp%2Fv2%2Fproduct_cat&post=48"},{"taxonomy":"product_tag","embeddable":true,"href":"https:\/\/autothaiduong.vn\/index.php?rest_route=%2Fwp%2Fv2%2Fproduct_tag&post=48"}],"curies":[{"name":"wp","href":"https:\/\/api.w.org\/{rel}","templated":true}]}}