{"id":592,"date":"2025-05-09T17:49:17","date_gmt":"2025-05-09T17:49:17","guid":{"rendered":"https:\/\/autothaiduong.vn\/?post_type=product&#038;p=592"},"modified":"2025-05-09T17:53:11","modified_gmt":"2025-05-09T17:53:11","slug":"android-box-gotech-gb9","status":"publish","type":"product","link":"https:\/\/autothaiduong.vn\/?product=android-box-gotech-gb9","title":{"rendered":"Android Box Gotech GB9"},"content":{"rendered":"<div class=\"gproduct-description\">\n<div class=\"description-content\">\n<h2><img loading=\"lazy\" decoding=\"async\" class=\" wp-image-489 aligncenter\" src=\"https:\/\/autothaiduong.vn\/wp-content\/uploads\/2025\/04\/z6584734442481_f208f5944548cb4b46353402ce2e64e0.jpg\" alt=\"\" width=\"284\" height=\"251\" \/><\/h2>\n<h2><b>NH\u1eeeNG \u0110I\u1ec2M V\u01af\u1ee2T TR\u1ed8I SO V\u1edaI C\u00c1C S\u1ea2N PH\u1ea8M KH\u00c1C TR\u00caN TH\u1eca TR\u01af\u1edcNG<\/b><\/h2>\n<h3><b>\u0110\u00e1p \u1ee9ng \u0111\u1ea7y \u0111\u1ee7 c\u00e1c \u1ee9ng d\u1ee5ng t\u1eeb h\u1ec7 sinh th\u00e1i c\u1ee7a Gotech<\/b><\/h3>\n<p>Andoid Box Gotech GB9 s\u1ebd h\u1ed7 tr\u1ee3 b\u1ea1n \u0111\u1ea7y \u0111\u1ee7 c\u00e1c \u1ee9ng d\u1ee5ng m\u00e0 Gotech t\u1ef1 ph\u00e1t tri\u1ec3n v\u1eeba gi\u00fap cho b\u1ea1n l\u00e1i xe an to\u00e0n v\u00e0 c\u00f3 t\u00ednh nh\u1eadn di\u1ec7n ri\u00eang bao g\u1ed3m: ki\u1ec3m tra ph\u1ea1t ngu\u1ed9i, ki\u1ec3m tra b\u1ea3o h\u00e0nh, ra l\u1ec7nh gi\u1ecdng n\u00f3i th\u00f4ng minh,\u2026<\/p>\n<p>\u0110\u00e2y \u0111\u1ec1u l\u00e0 nh\u1eefng \u1ee9ng d\u1ee5ng \u0111\u01b0\u1ee3c r\u1ea5t nhi\u1ec1u ng\u01b0\u1eddi \u0111\u00e1nh gi\u00e1 cao v\u00ec \u0111\u00e1p \u1ee9ng t\u1ed1t nhu c\u1ea7u ti\u1ec7n l\u1ee3i v\u00e0 th\u00f4ng minh. \u0110\u1eb7c bi\u1ec7t khi s\u1eed d\u1ee5ng Carplay Box GB9, b\u1ea1n s\u1ebd ho\u00e0n to\u00e0n \u0111\u01b0\u1ee3c d\u00f9ng mi\u1ec5n ph\u00ed c\u00e1c \u1ee9ng d\u1ee5ng tr\u00ean \u0111\u1ec3 qu\u00e1 tr\u00ecnh l\u00e1i xe di\u1ec5n ra an to\u00e0n v\u00e0 su\u00f4n s\u1ebb.<\/p>\n<figure id=\"attachment_19759\" class=\"wp-caption aligncenter\" aria-describedby=\"caption-attachment-19759\"><img loading=\"lazy\" decoding=\"async\" class=\"alignnone size-full wp-image-594\" src=\"https:\/\/autothaiduong.vn\/wp-content\/uploads\/2025\/05\/GB9-DAP-UNG-DAY-DU.jpg\" alt=\"GB9 \u0110\u00e1p \u1ee9ng \u0111\u1ea7y \u0111\u1ee7 c\u00e1c \u1ee9ng d\u1ee5ng t\u1eeb h\u1ec7 sinh th\u00e1i c\u1ee7a Gotech\" width=\"1024\" height=\"1024\" srcset=\"https:\/\/autothaiduong.vn\/wp-content\/uploads\/2025\/05\/GB9-DAP-UNG-DAY-DU.jpg 1024w, https:\/\/autothaiduong.vn\/wp-content\/uploads\/2025\/05\/GB9-DAP-UNG-DAY-DU-600x600.jpg 600w, https:\/\/autothaiduong.vn\/wp-content\/uploads\/2025\/05\/GB9-DAP-UNG-DAY-DU-300x300.jpg 300w, https:\/\/autothaiduong.vn\/wp-content\/uploads\/2025\/05\/GB9-DAP-UNG-DAY-DU-768x768.jpg 768w, https:\/\/autothaiduong.vn\/wp-content\/uploads\/2025\/05\/GB9-DAP-UNG-DAY-DU-100x100.jpg 100w\" sizes=\"auto, (max-width: 1024px) 100vw, 1024px\" \/><figcaption id=\"caption-attachment-19759\" class=\"wp-caption-text\">GB9 \u0110\u00e1p \u1ee9ng \u0111\u1ea7y \u0111\u1ee7 c\u00e1c \u1ee9ng d\u1ee5ng t\u1eeb h\u1ec7 sinh th\u00e1i c\u1ee7a Gotech<\/figcaption><\/figure>\n<h3><b>Tu\u1ef3 bi\u1ebfn linh ho\u1ea1t theo k\u00edch th\u01b0\u1edbc m\u00e0n h\u00ecnh zin<\/b><\/h3>\n<p>Android Box Gotech GB9 c\u00f3 kh\u1ea3 n\u0103ng t\u01b0\u01a1ng th\u00edch v\u1edbi t\u1ea5t c\u1ea3 c\u00e1c m\u00e0n h\u00ecnh xe, tu\u1ef3 bi\u1ebfn giao di\u1ec7n hi\u1ec3n th\u1ecb theo k\u00edch th\u01b0\u1edbc ri\u00eang c\u1ee7a t\u1eebng m\u00e0n h\u00ecnh, kh\u00f4ng g\u00e2y c\u1ea3m gi\u00e1c \u0111\u1ed9 ch\u1ebf hay s\u1ea3n ph\u1ea9m l\u1eafp th\u00eam tr\u00ean xe.<\/p>\n<p>Khi c\u1ea7n thi\u1ebft, b\u1ea1n ho\u00e0n to\u00e0n c\u00f3 th\u1ec3 tr\u1edf v\u1ec1 m\u00e0n h\u00ecnh zin nhanh ch\u00f3ng.<\/p>\n<figure id=\"attachment_19760\" class=\"wp-caption aligncenter\" aria-describedby=\"caption-attachment-19760\"><img loading=\"lazy\" decoding=\"async\" class=\"alignnone size-full wp-image-595\" src=\"https:\/\/autothaiduong.vn\/wp-content\/uploads\/2025\/05\/GB9-TUY-BIEN-MAN-HINH-.jpg\" alt=\"GB9 Tu\u1ef3 bi\u1ebfn linh ho\u1ea1t theo k\u00edch th\u01b0\u1edbc m\u00e0n h\u00ecnh zin\" width=\"1024\" height=\"1024\" srcset=\"https:\/\/autothaiduong.vn\/wp-content\/uploads\/2025\/05\/GB9-TUY-BIEN-MAN-HINH-.jpg 1024w, https:\/\/autothaiduong.vn\/wp-content\/uploads\/2025\/05\/GB9-TUY-BIEN-MAN-HINH--600x600.jpg 600w, https:\/\/autothaiduong.vn\/wp-content\/uploads\/2025\/05\/GB9-TUY-BIEN-MAN-HINH--300x300.jpg 300w, https:\/\/autothaiduong.vn\/wp-content\/uploads\/2025\/05\/GB9-TUY-BIEN-MAN-HINH--768x768.jpg 768w, https:\/\/autothaiduong.vn\/wp-content\/uploads\/2025\/05\/GB9-TUY-BIEN-MAN-HINH--100x100.jpg 100w\" sizes=\"auto, (max-width: 1024px) 100vw, 1024px\" \/><figcaption id=\"caption-attachment-19760\" class=\"wp-caption-text\">GB9 Tu\u1ef3 bi\u1ebfn linh ho\u1ea1t theo k\u00edch th\u01b0\u1edbc m\u00e0n h\u00ecnh zin<\/figcaption><\/figure>\n<h3><b>\u0110\u1ea3m b\u1ea3o t\u00ednh nguy\u00ean b\u1ea3n si\u00eau \u1ed5n \u0111\u1ecbnh c\u1ee7a xe<\/b><\/h3>\n<p>Khi l\u1eafp \u0111\u1eb7t b\u1ea1n s\u1ebd ho\u00e0n to\u00e0n y\u00ean t\u00e2m v\u00ec t\u00ednh \u1ed5n \u0111\u1ecbnh c\u1ee7a m\u00e0n h\u00ecnh. Kh\u00f4ng gi\u1ed1ng vi\u1ec7c thay th\u1ebf m\u00e0n h\u00ecnh \u00f4 t\u00f4 ph\u1ea3i th\u00e1o l\u1eafp r\u1eddi v\u00e0 thay th\u1ebf ho\u00e0n to\u00e0n m\u00e0n h\u00ecnh zin, b\u1ea1n ch\u1ec9 c\u1ea7n s\u1eed d\u1ee5ng c\u1ed5ng USB \u2013 Carplay \u0111\u1ec3 chuy\u1ec3n sang giao di\u1ec7n m\u1edbi Gotech m\u00e0 v\u1eabn gi\u1eef \u0111\u01b0\u1ee3c m\u00e0n h\u00ecnh nguy\u00ean b\u1ea3n, kh\u00f4ng \u1ea3nh h\u01b0\u1edfng \u0111\u1ebfn b\u1ea5t k\u1ef3 thi\u1ebft b\u1ecb n\u00e0o tr\u00ean xe.<\/p>\n<p>Chu\u0309 xe co\u0301 th\u00ea\u0309 l\u01b0\u0323a cho\u0323n \u0111\u00e2\u0300u d\u00e2y c\u0103\u0301m t\u01b0\u01a1ng thi\u0301ch v\u01a1\u0301i h\u00ea\u0323 th\u00f4\u0301ng cu\u0309a xe v\u00ec c\u00f3 s\u1ef1 l\u1ef1a ch\u1ecdn kh\u00e1c nhau. Carplay Box GB9 c\u00f3 2 loa\u0323i d\u00e2y c\u0103\u0301m, 1 loa\u0323i la\u0300 1 \u0111\u00e2\u0300u USB + 1 \u0111\u00e2\u0300u d\u00e2y Type C, 1 loa\u0323i la\u0300 hai \u0111\u00e2\u0300u \u0111\u00ea\u0300u la\u0300 \u0111\u00e2\u0300u Type C.<\/p>\n<figure id=\"attachment_19776\" class=\"wp-caption aligncenter\" aria-describedby=\"caption-attachment-19776\"><img loading=\"lazy\" decoding=\"async\" class=\"alignnone size-full wp-image-596\" src=\"https:\/\/autothaiduong.vn\/wp-content\/uploads\/2025\/05\/GB7-DAM-BAO-NGUYEN-BAN-2.jpg\" alt=\"GB9 \u0110\u1ea3m b\u1ea3o t\u00ednh nguy\u00ean b\u1ea3n si\u00eau \u1ed5n \u0111\u1ecbnh c\u1ee7a xe\" width=\"1024\" height=\"1024\" srcset=\"https:\/\/autothaiduong.vn\/wp-content\/uploads\/2025\/05\/GB7-DAM-BAO-NGUYEN-BAN-2.jpg 1024w, https:\/\/autothaiduong.vn\/wp-content\/uploads\/2025\/05\/GB7-DAM-BAO-NGUYEN-BAN-2-600x600.jpg 600w, https:\/\/autothaiduong.vn\/wp-content\/uploads\/2025\/05\/GB7-DAM-BAO-NGUYEN-BAN-2-300x300.jpg 300w, https:\/\/autothaiduong.vn\/wp-content\/uploads\/2025\/05\/GB7-DAM-BAO-NGUYEN-BAN-2-768x768.jpg 768w, https:\/\/autothaiduong.vn\/wp-content\/uploads\/2025\/05\/GB7-DAM-BAO-NGUYEN-BAN-2-100x100.jpg 100w\" sizes=\"auto, (max-width: 1024px) 100vw, 1024px\" \/><figcaption id=\"caption-attachment-19776\" class=\"wp-caption-text\">GB9 \u0110\u1ea3m b\u1ea3o t\u00ednh nguy\u00ean b\u1ea3n si\u00eau \u1ed5n \u0111\u1ecbnh c\u1ee7a xe<\/figcaption><\/figure>\n<h3><b>Giao di\u1ec7n \u0111\u1ed9c quy\u1ec1n t\u1eeb Gotech<\/b><\/h3>\n<p>Android Box Gotech GB9 s\u1edf h\u1eefu giao di\u1ec7n \u0111\u1ed9c quy\u1ec1n do Gotech t\u1ef1 nghi\u00ean c\u1ee9u v\u00e0 ph\u00e1t tri\u1ec3n, mang m\u00e0u s\u1eafc n\u1ed5i b\u1eadt c\u00f9ng thi\u1ebft k\u1ebf kh\u00f4ng thua k\u00e9m b\u1ea5t k\u1ef3 \u0111\u1ed1i th\u1ee7 n\u00e0o tr\u00ean th\u1ecb tr\u01b0\u1eddng. \u0110\u1eb7c bi\u1ec7t, GB9 c\u00f2n c\u00f3 kh\u1ea3 n\u0103ng tu\u1ef3 ch\u1ec9nh m\u00e0u s\u1eafc m\u00e0n h\u00ecnh theo phong thu\u1ef7 v\u00e0 s\u1edf th\u00edch \u0111\u1ec3 b\u1ea1n thay \u0111\u1ed5i kh\u00f4ng b\u1ecb nh\u00e0m ch\u00e1n.<\/p>\n<figure id=\"attachment_19762\" class=\"wp-caption aligncenter\" aria-describedby=\"caption-attachment-19762\"><img loading=\"lazy\" decoding=\"async\" class=\"alignnone size-full wp-image-597\" src=\"https:\/\/autothaiduong.vn\/wp-content\/uploads\/2025\/05\/GTNEWGB9_1.png\" alt=\"GB9 Giao di\u1ec7n \u0111\u1ed9c quy\u1ec1n t\u1eeb Gotech\" width=\"1024\" height=\"1024\" srcset=\"https:\/\/autothaiduong.vn\/wp-content\/uploads\/2025\/05\/GTNEWGB9_1.png 1024w, https:\/\/autothaiduong.vn\/wp-content\/uploads\/2025\/05\/GTNEWGB9_1-600x600.png 600w, https:\/\/autothaiduong.vn\/wp-content\/uploads\/2025\/05\/GTNEWGB9_1-300x300.png 300w, https:\/\/autothaiduong.vn\/wp-content\/uploads\/2025\/05\/GTNEWGB9_1-768x768.png 768w, https:\/\/autothaiduong.vn\/wp-content\/uploads\/2025\/05\/GTNEWGB9_1-100x100.png 100w\" sizes=\"auto, (max-width: 1024px) 100vw, 1024px\" \/><figcaption id=\"caption-attachment-19762\" class=\"wp-caption-text\">GB9 Giao di\u1ec7n \u0111\u1ed9c quy\u1ec1n t\u1eeb Gotech<\/figcaption><\/figure>\n<h3><b>S\u1edf h\u1eefu si\u00eau c\u1ea5u h\u00ecnh m\u1ea1nh m\u1ebd<\/b><\/h3>\n<p>Android Box Gotech GB9 s\u1edf h\u1eefu c\u1ea5u h\u00ecnh si\u00eau v\u01b0\u1ee3t tr\u1ed9i v\u1edbi b\u1ed9 RAM 8GB DDR4, ROM 128GB, CPU Qualcomm\u2019s\u00ae Snapdragon 680 4G (Cortex-A73 2.4GHz + Qualcomm Kryo 265 LP1.9 GHz)<\/p>\n<p>V\u1edbi c\u00e1c th\u00f4ng s\u1ed1 n\u00e0y, ch\u1eafc ch\u1eafn b\u1ea1n s\u1ebd ho\u00e0n to\u00e0n y\u00ean t\u00e2m v\u1edbi ch\u1ea5t l\u01b0\u1ee3ng h\u00ecnh \u1ea3nh s\u1eafc n\u00e9t, b\u1ed9 nh\u1edb b\u1ea5t t\u1eadn \u0111\u1ec3 b\u1ea1n tha h\u1ed3 tr\u1ea3i nghi\u1ec7m h\u00e0ng ng\u00e0n c\u00e1c t\u00ednh n\u0103ng tuy\u1ec7t v\u1eddi.<\/p>\n<figure id=\"attachment_30029\" class=\"wp-caption aligncenter\" aria-describedby=\"caption-attachment-30029\"><img loading=\"lazy\" decoding=\"async\" class=\"alignnone size-full wp-image-598\" src=\"https:\/\/autothaiduong.vn\/wp-content\/uploads\/2025\/05\/cau-hinh-android-box-gotech-gb9.jpg\" alt=\"Android Box Gotech GB9 c\u1ea5u h\u00ecnh m\u1ea1nh m\u1ebd, tr\u1ea3i nghi\u1ec7m m\u01b0\u1ee3t m\u00e0\" width=\"1280\" height=\"768\" srcset=\"https:\/\/autothaiduong.vn\/wp-content\/uploads\/2025\/05\/cau-hinh-android-box-gotech-gb9.jpg 1280w, https:\/\/autothaiduong.vn\/wp-content\/uploads\/2025\/05\/cau-hinh-android-box-gotech-gb9-600x360.jpg 600w, https:\/\/autothaiduong.vn\/wp-content\/uploads\/2025\/05\/cau-hinh-android-box-gotech-gb9-1024x614.jpg 1024w, https:\/\/autothaiduong.vn\/wp-content\/uploads\/2025\/05\/cau-hinh-android-box-gotech-gb9-768x461.jpg 768w\" sizes=\"auto, (max-width: 1280px) 100vw, 1280px\" \/><figcaption id=\"caption-attachment-30029\" class=\"wp-caption-text\">Android Box Gotech GB9 c\u1ea5u h\u00ecnh m\u1ea1nh m\u1ebd, tr\u1ea3i nghi\u1ec7m m\u01b0\u1ee3t m\u00e0<\/figcaption><\/figure>\n<h2><b>\u01afU \u0110I\u1ec2M C\u1ee6A ANDROID BOX GOTECH GB9<\/b><\/h2>\n<h3><b>T\u00edch h\u1ee3p ra l\u1ec7nh gi\u1ecdng n\u00f3i th\u00f4ng minh<\/b><\/h3>\n<p>Tr\u1ea3i nghi\u1ec7m l\u00e1i xe c\u1ee7a b\u1ea1n s\u1ebd kh\u00f4ng c\u00f2n ph\u1ee9c t\u1ea1p v\u1edbi \u1ee9ng d\u1ee5ng Gotech GPT do Gotech t\u1ef1 ph\u00e1t tri\u1ec3n k\u1ebft h\u1ee3p c\u00f9ng v\u1edbi KiKi do Zalo AI ph\u00e1t tri\u1ec3n \u0111\u01b0\u1ee3c t\u00edch h\u1ee3p ngay tr\u00ean m\u00e0n h\u00ecnh Android Box GB9.<\/p>\n<p>B\u1ea1n c\u00f3 th\u1ec3 ra l\u1ec7nh b\u1ea5t k\u1ef3 y\u00eau c\u1ea7u n\u00e0o trong kh\u1ea3 n\u0103ng c\u00f3 th\u1ec3, kh\u00f4ng c\u1ea7n c\u00e2u l\u1ec7nh c\u00f3 s\u1eb5n m\u00e0 v\u1eabn nh\u1eadn \u0111\u01b0\u1ee3c \u0111\u00e1p \u00e1n mong mu\u1ed1n nh\u1edd kh\u1ea3 n\u0103ng nh\u1eadn di\u1ec7n gi\u1ecdng n\u00f3i th\u00f4ng minh. \u0110i\u1ec3m \u0111\u1eb7c bi\u1ec7t l\u00e0 \u1ee9ng d\u1ee5ng c\u00f2n ph\u00e1t hi\u1ec7n gi\u1ecdng n\u00f3i 3 mi\u1ec1n B\u1eafc \u2013 Trung \u2013 Nam, \u0111\u01b0a k\u1ebft qu\u1ea3 t\u00ecm ki\u1ebfm trong v\u00e0i gi\u00e2y r\u1ea5t nhanh ch\u00f3ng v\u00e0 ch\u00ednh x\u00e1c.<\/p>\n<figure id=\"attachment_19764\" class=\"wp-caption aligncenter\" aria-describedby=\"caption-attachment-19764\"><img loading=\"lazy\" decoding=\"async\" class=\"alignnone size-full wp-image-599\" src=\"https:\/\/autothaiduong.vn\/wp-content\/uploads\/2025\/05\/GTNEWGB9_2.png\" alt=\"GB9 T\u00edch h\u1ee3p ra l\u1ec7nh gi\u1ecdng n\u00f3i th\u00f4ng minh\" width=\"1024\" height=\"1024\" srcset=\"https:\/\/autothaiduong.vn\/wp-content\/uploads\/2025\/05\/GTNEWGB9_2.png 1024w, https:\/\/autothaiduong.vn\/wp-content\/uploads\/2025\/05\/GTNEWGB9_2-600x600.png 600w, https:\/\/autothaiduong.vn\/wp-content\/uploads\/2025\/05\/GTNEWGB9_2-300x300.png 300w, https:\/\/autothaiduong.vn\/wp-content\/uploads\/2025\/05\/GTNEWGB9_2-768x768.png 768w, https:\/\/autothaiduong.vn\/wp-content\/uploads\/2025\/05\/GTNEWGB9_2-100x100.png 100w\" sizes=\"auto, (max-width: 1024px) 100vw, 1024px\" \/><figcaption id=\"caption-attachment-19764\" class=\"wp-caption-text\">GB9 T\u00edch h\u1ee3p ra l\u1ec7nh gi\u1ecdng n\u00f3i th\u00f4ng minh<\/figcaption><\/figure>\n<h3><b>Kho \u1ee9ng d\u1ee5ng gi\u1ea3i tr\u00ed kh\u1ed5ng l\u1ed3<\/b><\/h3>\n<p>Android Box Gotech GB9 s\u1ebd khi\u1ebfn b\u1ea1n b\u1ea5t ng\u1edd v\u1edbi kho \u1ee9ng d\u1ee5ng gi\u1ea3i tr\u00ed v\u00f4 t\u1eadn v\u1edbi h\u00e0ng ng\u00e0n tr\u00f2 ch\u01a1i h\u1ea5p d\u1eabn, nghe s\u00e1ch n\u00f3i, xem phim tr\u00ean CH Play.<\/p>\n<p>C\u1ea3m gi\u00e1c m\u1ec7t m\u1ecfi, kh\u00f3 ch\u1ecbu c\u1ee7a b\u1ea1n s\u1ebd nhanh ch\u00f3ng tan bi\u1ebfn m\u00e0 thay v\u00e0o \u0111\u00f3 l\u00e0 tr\u1ea3i nghi\u1ec7m l\u00e1i xe v\u1eeba nh\u00e0n v\u1eeba ch\u01a1i, nh\u1ea5t l\u00e0 khi b\u1ea1n c\u00f3 con nh\u1ecf \u0111i c\u00f9ng. B\u00e9 s\u1ebd ngoan ngo\u00e3n ng\u1ed3i y\u00ean cho b\u1ea1n t\u1eadp trung di chuy\u1ec3n.<\/p>\n<figure id=\"attachment_19766\" class=\"wp-caption aligncenter\" aria-describedby=\"caption-attachment-19766\"><img loading=\"lazy\" decoding=\"async\" class=\"alignnone size-full wp-image-600\" src=\"https:\/\/autothaiduong.vn\/wp-content\/uploads\/2025\/05\/GTNEWGB9_3.png\" alt=\"GB9 Kho \u1ee9ng d\u1ee5ng gi\u1ea3i tr\u00ed kh\u1ed5ng l\u1ed3\" width=\"1024\" height=\"1024\" srcset=\"https:\/\/autothaiduong.vn\/wp-content\/uploads\/2025\/05\/GTNEWGB9_3.png 1024w, https:\/\/autothaiduong.vn\/wp-content\/uploads\/2025\/05\/GTNEWGB9_3-600x600.png 600w, https:\/\/autothaiduong.vn\/wp-content\/uploads\/2025\/05\/GTNEWGB9_3-300x300.png 300w, https:\/\/autothaiduong.vn\/wp-content\/uploads\/2025\/05\/GTNEWGB9_3-768x768.png 768w, https:\/\/autothaiduong.vn\/wp-content\/uploads\/2025\/05\/GTNEWGB9_3-100x100.png 100w\" sizes=\"auto, (max-width: 1024px) 100vw, 1024px\" \/><figcaption id=\"caption-attachment-19766\" class=\"wp-caption-text\">GB9 Kho \u1ee9ng d\u1ee5ng gi\u1ea3i tr\u00ed kh\u1ed5ng l\u1ed3<\/figcaption><\/figure>\n<h3><b>B\u1ed9 3 b\u1ea3n \u0111\u1ed3 ch\u1ec9 d\u1eabn \u0111\u01b0\u1eddng th\u00f4ng minh<\/b><\/h3>\n<p>Carplay Box Gotech GB9 t\u00edch h\u1ee3p \u1ee9ng d\u1ee5ng b\u1ea3n \u0111\u1ed3 d\u1eabn \u0111\u01b0\u1eddng nh\u01b0 Google Maps v\u00e0 Navitel cho ph\u00e9p b\u1ea1n t\u00ecm ki\u1ebfm l\u1ed9 tr\u00ecnh, th\u1eddi gian v\u00e0 c\u1ea3nh b\u00e1o t\u1ed1c \u0111\u1ed9, bi\u1ec3n b\u00e1o tr\u00ean m\u1ecdi chuy\u1ebfn \u0111i. Ngo\u00e0i ra Gotech c\u0169ng h\u1ed7 tr\u1ee3 trang b\u1ecb th\u00eam b\u1ea3n \u0111\u1ed3 Carmap b\u1ea3n quy\u1ec1n \u0111\u01b0\u1ee3c t\u1eb7ng k\u00e8m khi mua s\u1ea3n ph\u1ea9m, gi\u00fap cung c\u1ea5p c\u00e1c th\u00f4ng tin c\u1ea3nh b\u00e1o, gi\u1edbi h\u1ea1n t\u1ed1c \u0111\u1ed9, camera ph\u1ea1t ngu\u1ed9i ngay khi \u0111ang di chuy\u1ec3n, tr\u00e1nh m\u1ea5t ti\u1ec1n oan. B\u1ea1n c\u00f3 th\u1ec3 l\u1ef1a ch\u1ecdn tu\u1ef3 lo\u1ea1i b\u1ea3n \u0111\u1ed3 ph\u00f9 h\u1ee3p v\u1edbi b\u1ea3n th\u00e2n \u0111\u1ec3 gi\u00fap qu\u00e1 tr\u00ecnh l\u00e1i xe thu\u1eadn ti\u1ec7n h\u01a1n.<\/p>\n<figure id=\"attachment_19767\" class=\"wp-caption aligncenter\" aria-describedby=\"caption-attachment-19767\"><img loading=\"lazy\" decoding=\"async\" class=\"alignnone size-full wp-image-601\" src=\"https:\/\/autothaiduong.vn\/wp-content\/uploads\/2025\/05\/GTNEWGB9_5.png\" alt=\"GB9 B\u1ed9 3 b\u1ea3n \u0111\u1ed3 ch\u1ec9 d\u1eabn \u0111\u01b0\u1eddng th\u00f4ng minh\" width=\"1024\" height=\"1024\" srcset=\"https:\/\/autothaiduong.vn\/wp-content\/uploads\/2025\/05\/GTNEWGB9_5.png 1024w, https:\/\/autothaiduong.vn\/wp-content\/uploads\/2025\/05\/GTNEWGB9_5-600x600.png 600w, https:\/\/autothaiduong.vn\/wp-content\/uploads\/2025\/05\/GTNEWGB9_5-300x300.png 300w, https:\/\/autothaiduong.vn\/wp-content\/uploads\/2025\/05\/GTNEWGB9_5-768x768.png 768w, https:\/\/autothaiduong.vn\/wp-content\/uploads\/2025\/05\/GTNEWGB9_5-100x100.png 100w\" sizes=\"auto, (max-width: 1024px) 100vw, 1024px\" \/><figcaption id=\"caption-attachment-19767\" class=\"wp-caption-text\">GB9 B\u1ed9 3 b\u1ea3n \u0111\u1ed3 ch\u1ec9 d\u1eabn \u0111\u01b0\u1eddng th\u00f4ng minh<\/figcaption><\/figure>\n<p>N\u1ebfu b\u1ea1n \u0111ang quan t\u00e2m v\u1ec1 s\u1ea3n ph\u1ea9m\u00a0<b>Android Box Gotech GB9<\/b> vui l\u00f2ng li\u00ean h\u1ec7 t\u1edbi <strong>hotline: <span style=\"color: #ff0000;\">0912197441\u00a0<\/span><\/strong><\/p>\n<p>ho\u1eb7c t\u1edbi ngay <strong>\u0110\u1ecba Ch\u1ec9: <span style=\"color: #ff0000;\">273-275 Tr\u1ea7n Ph\u00fa Ph\u01b0\u1eddng L\u1ed9c S\u01a1n Th\u00e0nh Ph\u1ed1 B\u1ea3o L\u1ed9c T\u1ec9nh L\u00e2m \u0110\u1ed3ng\u00a0<\/span><\/strong><\/p>\n<p><span style=\"color: #ff0000;\"><strong>Th\u00e1i D\u01b0\u01a1ng Auto<\/strong><\/span> l\u00e0 \u0111\u1ea1i l\u00ed ch\u00ednh h\u00e3ng Gotech t\u1ea1i khu v\u1ef1c <strong>L\u00e2m \u0110\u1ed3ng\u00a0<\/strong><\/p>\n<div class=\"vms-read-more\"><\/div>\n<\/div>\n<div class=\"product-footer\">\n<div class=\"gproduct-image\"><img loading=\"lazy\" decoding=\"async\" class=\"alignnone size-full wp-image-602\" src=\"https:\/\/autothaiduong.vn\/wp-content\/uploads\/2025\/05\/avatar-android-box-gb9-1.jpg\" alt=\"Android Box Gotech GB9\" width=\"1000\" height=\"1000\" srcset=\"https:\/\/autothaiduong.vn\/wp-content\/uploads\/2025\/05\/avatar-android-box-gb9-1.jpg 1000w, https:\/\/autothaiduong.vn\/wp-content\/uploads\/2025\/05\/avatar-android-box-gb9-1-600x600.jpg 600w, https:\/\/autothaiduong.vn\/wp-content\/uploads\/2025\/05\/avatar-android-box-gb9-1-300x300.jpg 300w, https:\/\/autothaiduong.vn\/wp-content\/uploads\/2025\/05\/avatar-android-box-gb9-1-768x768.jpg 768w, https:\/\/autothaiduong.vn\/wp-content\/uploads\/2025\/05\/avatar-android-box-gb9-1-100x100.jpg 100w\" sizes=\"auto, (max-width: 1000px) 100vw, 1000px\" \/><\/div>\n<div class=\"gproduct-info\">\n<div class=\"f-gproduct-title\">Android Box Gotech GB9<\/div>\n<div class=\"f-price\">9.800.000\u0111<\/div>\n<\/div>\n<\/div>\n<\/div>\n<div class=\"gprduct-tskt\">\n<div class=\"tskt-wrapper\">\n<div class=\"gp-title gprduct-tskt-title\">Th\u00f4ng s\u1ed1 k\u1ef9 thu\u1eadt<\/div>\n<div class=\"tskt-box\">\n<div class=\"tskt-item \"><span class=\"title\">RAM <\/span><span class=\"value\">8 GB DDR4<\/span><\/div>\n<div class=\"tskt-item \"><span class=\"title\">ROM <\/span><span class=\"value\">128GB<\/span><\/div>\n<div class=\"tskt-item \"><span class=\"title\">CPU<\/span><span class=\"value\">Qualcomm&#8217;s\u00ae Snapdragon 680 4G (Cortex-A73 2.4GHz + Qualcomm Kryo 265 LP1.9 GHz)<\/span><\/div>\n<div class=\"tskt-item \"><span class=\"title\">GPU<\/span><span class=\"value\">Adreno 610<\/span><\/div>\n<div class=\"tskt-item \"><span class=\"title\">H\u1ec7 \u0111i\u1ec1u h\u00e0nh <\/span><span class=\"value\">GotechOS on Android 13 platform<\/span><\/div>\n<div class=\"tskt-item \"><span class=\"title\">M\u00e0n h\u00ecnh <\/span><span class=\"value\">T\u01b0\u01a1ng th\u00edch v\u1edbi m\u00e0n h\u00ecnh nguy\u00ean b\u1ea3n<\/span><\/div>\n<div class=\"tskt-item \"><span class=\"title\">T\u00edch h\u1ee3p n\u00fat ra l\u1ec7nh gi\u1ecdng n\u00f3i tr\u00ean v\u00f4 l\u0103ng <\/span><span class=\"value\">C\u00f3<\/span><\/div>\n<div class=\"tskt-item \"><span class=\"title\">K\u1ebft n\u1ed1i internet 4G <\/span><span class=\"value\">C\u00f3<\/span><\/div>\n<div class=\"tskt-item \"><span class=\"title\">Ph\u00e1t Wifi <\/span><span class=\"value\">C\u00f3<\/span><\/div>\n<div class=\"tskt-item \"><span class=\"title\">Radio FM\/AM <\/span><span class=\"value\">C\u00f3<\/span><\/div>\n<div class=\"tskt-item \"><span class=\"title\">Bluetooth <\/span><span class=\"value\">C\u00f3<\/span><\/div>\n<div class=\"tskt-item \"><span class=\"title\">K\u1ebft n\u1ed1i h\u1ec7 th\u1ed1ng loa tr\u00ean xe <\/span><span class=\"value\">C\u00f3<\/span><\/div>\n<div class=\"tskt-item \"><span class=\"title\">B\u1ea3n \u0111\u1ed3 d\u1eabn \u0111\u01b0\u1eddng Google Maps, Carmap <\/span><span class=\"value\">C\u00f3<\/span><\/div>\n<div class=\"tskt-item \"><span class=\"title\">Tr\u1ee3 l\u00fd Kiki <\/span><span class=\"value\">C\u00f3<\/span><\/div>\n<div class=\"tskt-item \"><span class=\"title\">Kho \u1ee9ng d\u1ee5ng CH Play <\/span><span class=\"value\">C\u00f3<\/span><\/div>\n<div class=\"viewmore-tskt\"><\/div>\n<\/div>\n<\/div>\n<\/div>\n","protected":false},"excerpt":{"rendered":"<p><strong>S\u1ea3n ph\u1ea9m Android Box Gotech GB9 l\u00e0 thi\u1ebft b\u1ecb c\u00f4ng ngh\u1ec7 android box cho \u00f4 t\u00f4 nh\u1ecf g\u1ecdn nh\u01b0ng c\u00f3 kh\u1ea3 n\u0103ng bi\u1ebfn \u0111\u1ed5i m\u00e0n h\u00ecnh zin th\u00e0nh m\u00e0n h\u00ecnh android \u00f4 t\u00f4 v\u1edbi nhi\u1ec1u t\u00ednh n\u0103ng, c\u00f4ng ngh\u1ec7 hi\u1ec7n \u0111\u1ea1i. \u0110\u00e2y l\u00e0 s\u1ea3n ph\u1ea9m \u0111\u01b0\u1ee3c thi\u1ebft k\u1ebf th\u00f4ng minh m\u00e0 chi ph\u00ed c\u0169ng v\u00f4 c\u00f9ng h\u1ee3p l\u00fd, gi\u00fap b\u1ea1n ho\u00e0n to\u00e0n c\u00f3 th\u1ec3 \u0111\u1ea7u t\u01b0 cho xe y\u00eau ti\u1ec7n l\u1ee3i.<\/strong><\/p>\n","protected":false},"featured_media":594,"comment_status":"open","ping_status":"closed","template":"","meta":[],"product_brand":[71],"product_cat":[17,69],"product_tag":[],"class_list":{"0":"post-592","1":"product","2":"type-product","3":"status-publish","4":"has-post-thumbnail","6":"product_brand-gotech","7":"product_cat-dvd-android-box","8":"product_cat-android-box","10":"first","11":"instock","12":"shipping-taxable","13":"purchasable","14":"product-type-simple"},"_links":{"self":[{"href":"https:\/\/autothaiduong.vn\/index.php?rest_route=\/wp\/v2\/product\/592","targetHints":{"allow":["GET"]}}],"collection":[{"href":"https:\/\/autothaiduong.vn\/index.php?rest_route=\/wp\/v2\/product"}],"about":[{"href":"https:\/\/autothaiduong.vn\/index.php?rest_route=\/wp\/v2\/types\/product"}],"replies":[{"embeddable":true,"href":"https:\/\/autothaiduong.vn\/index.php?rest_route=%2Fwp%2Fv2%2Fcomments&post=592"}],"wp:featuredmedia":[{"embeddable":true,"href":"https:\/\/autothaiduong.vn\/index.php?rest_route=\/wp\/v2\/media\/594"}],"wp:attachment":[{"href":"https:\/\/autothaiduong.vn\/index.php?rest_route=%2Fwp%2Fv2%2Fmedia&parent=592"}],"wp:term":[{"taxonomy":"product_brand","embeddable":true,"href":"https:\/\/autothaiduong.vn\/index.php?rest_route=%2Fwp%2Fv2%2Fproduct_brand&post=592"},{"taxonomy":"product_cat","embeddable":true,"href":"https:\/\/autothaiduong.vn\/index.php?rest_route=%2Fwp%2Fv2%2Fproduct_cat&post=592"},{"taxonomy":"product_tag","embeddable":true,"href":"https:\/\/autothaiduong.vn\/index.php?rest_route=%2Fwp%2Fv2%2Fproduct_tag&post=592"}],"curies":[{"name":"wp","href":"https:\/\/api.w.org\/{rel}","templated":true}]}}