{"id":613,"date":"2025-05-10T02:26:50","date_gmt":"2025-05-10T02:26:50","guid":{"rendered":"https:\/\/autothaiduong.vn\/?post_type=product&#038;p=613"},"modified":"2025-05-10T02:28:16","modified_gmt":"2025-05-10T02:28:16","slug":"android-box-zestech-dx165-plus","status":"publish","type":"product","link":"https:\/\/autothaiduong.vn\/?product=android-box-zestech-dx165-plus","title":{"rendered":"Android Box Zestech DX165 Plus"},"content":{"rendered":"<p><img loading=\"lazy\" decoding=\"async\" class=\" wp-image-489 aligncenter\" src=\"https:\/\/autothaiduong.vn\/wp-content\/uploads\/2025\/04\/z6584734442481_f208f5944548cb4b46353402ce2e64e0.jpg\" alt=\"\" width=\"227\" height=\"201\" \/><\/p>\n<p>&nbsp;<\/p>\n<div class=\"shop-container\">\n<div id=\"product-4514\" class=\"product type-product post-4514 status-publish first instock product_cat-android-box-zestech product_tag-android-box-dx165-ban-tieu-chuan product_tag-android-box-dx165-plus product_tag-android-box-dx165-plus-the-he-2 product_tag-android-box-zestech-dx165-plus has-post-thumbnail sale shipping-taxable product-type-simple\">\n<div class=\"row content-row row-divided row-large row-reverse\">\n<div class=\"col large-9\">\n<div class=\"product-footer\">\n<div class=\"woocommerce-tabs wc-tabs-wrapper container tabbed-content\">\n<div class=\"tab-panels\">\n<div id=\"tab-description\" class=\"woocommerce-Tabs-panel woocommerce-Tabs-panel--description panel entry-content active\" role=\"tabpanel\" aria-labelledby=\"tab-title-description\">\n<p><iframe loading=\"lazy\" title=\"YouTube video player\" src=\"https:\/\/www.youtube.com\/embed\/LMxJtGHXm04?si=Ph_8YQCO2UfBvg2w\" width=\"560\" height=\"315\" frameborder=\"0\" allowfullscreen=\"allowfullscreen\" data-mce-fragment=\"1\"><\/iframe><\/p>\n<p><iframe loading=\"lazy\" title=\"YouTube video player\" src=\"https:\/\/www.youtube.com\/embed\/5eA9SisSP3w?si=X5CAi4NgZmuxlZkI\" width=\"560\" height=\"315\" frameborder=\"0\" allowfullscreen=\"allowfullscreen\" data-mce-fragment=\"1\"><\/iframe><\/p>\n<div id=\"ez-toc-container\" class=\"ez-toc-v2_0_74 counter-hierarchy ez-toc-counter ez-toc-custom ez-toc-container-direction\">\n<div class=\"ez-toc-title-container\">\n<p class=\"ez-toc-title\">N\u1ed9i dung b\u00e0i vi\u1ebft<\/p>\n<\/div>\n<nav><\/nav>\n<\/div>\n<h2><span id=\"Thong_Tin_Chung_San_Pham_Android_Box_Zestech_Dx165_Plus\" class=\"ez-toc-section\"><\/span>Th\u00f4ng Tin Chung S\u1ea3n Ph\u1ea9m Android Box Zestech Dx165 Plus<\/h2>\n<h3><span id=\"Cau_Hinh_Android_Box_Zestech_Dx165_Plus\" class=\"ez-toc-section\"><\/span>C\u1ea5u H\u00ecnh Android Box Zestech Dx165 Plus<\/h3>\n<ul>\n<li>CPU: Qualcomm QCS6225<\/li>\n<li>RAM: 4GB<\/li>\n<li>ROM: 64GB<\/li>\n<li>Chip: 6 nh\u00e2n<\/li>\n<li>Android 13<\/li>\n<li>H\u1ed7 tr\u1ee3 th\u1ebb nh\u1edb 64GB<\/li>\n<li>K\u00edch th\u01b0\u1edbc: 65mm x 96mm x 17mm<\/li>\n<li>K\u1ebft n\u1ed1i \u0111\u01b0\u1ee3c Wifi, Bluetooth, Sim 4G<\/li>\n<li>C\u1eadp nh\u1eadt OTA, Auto Update tr\u1ecdn \u0111\u1eddi<\/li>\n<\/ul>\n<figure id=\"attachment_4993\" class=\"wp-caption alignnone\" aria-describedby=\"caption-attachment-4993\"><img loading=\"lazy\" decoding=\"async\" class=\"alignnone size-full wp-image-615\" src=\"https:\/\/autothaiduong.vn\/wp-content\/uploads\/2025\/05\/Android-Box-Zestech-DX165_Plus.jpg\" alt=\"Android Box Zestech DX165 Plus\" width=\"905\" height=\"1280\" srcset=\"https:\/\/autothaiduong.vn\/wp-content\/uploads\/2025\/05\/Android-Box-Zestech-DX165_Plus.jpg 905w, https:\/\/autothaiduong.vn\/wp-content\/uploads\/2025\/05\/Android-Box-Zestech-DX165_Plus-424x600.jpg 424w, https:\/\/autothaiduong.vn\/wp-content\/uploads\/2025\/05\/Android-Box-Zestech-DX165_Plus-724x1024.jpg 724w, https:\/\/autothaiduong.vn\/wp-content\/uploads\/2025\/05\/Android-Box-Zestech-DX165_Plus-768x1086.jpg 768w, https:\/\/autothaiduong.vn\/wp-content\/uploads\/2025\/05\/Android-Box-Zestech-DX165_Plus-600x849.jpg 600w\" sizes=\"auto, (max-width: 905px) 100vw, 905px\" \/><figcaption id=\"caption-attachment-4993\" class=\"wp-caption-text\">Android Box Zestech DX165 PLus<\/figcaption><\/figure>\n<h3><span id=\"Qua_Tang_Khi_Mua_Android_Box_Zestech_Dx165_Plus\" class=\"ez-toc-section\"><\/span>Qu\u00e0 T\u1eb7ng Khi Mua Android Box Zestech Dx165 Plus<\/h3>\n<ul>\n<li>B\u1ea3n quy\u1ec1n tr\u1ecdn \u0111\u1eddi B\u1ea3n \u0111\u1ed3 Vietmap S1<\/li>\n<li>Sim 4G t\u1ed1c \u0111\u1ed9 cao<\/li>\n<li>Ph\u1ea7n m\u1ec1m gi\u1ecdng n\u00f3i KIKI<\/li>\n<li>Gi\u1ea3m 1.000.000 VN\u0110<\/li>\n<li>Quay th\u01b0\u1edfng ch\u01b0\u01a1ng tr\u00ecnh l\u1eafp Android Box Zestech t\u1eb7ng \u00d4 t\u00f4\/Xe m\u00e1y\/Camera h\u00e0nh tr\u00ecnh\/Camera l\u00f9i. T\u1ec9 l\u1ec7 tr\u00fang 100%<\/li>\n<\/ul>\n<h3><span id=\"Bao_hanh_Android_Box_Zestech_Dx165_Plus\" class=\"ez-toc-section\"><\/span>B\u1ea3o h\u00e0nh Android Box Zestech Dx165 Plus<\/h3>\n<ul>\n<li>B\u1ea3o h\u00e0nh \u0111i\u1ec7n t\u1eed 2 n\u0103m tr\u00ean to\u00e0n qu\u1ed1c<\/li>\n<li>L\u1ed7i 1 \u0111\u1ed5i 1 trong 1 n\u0103m<\/li>\n<li>D\u00f9ng th\u1eed 7 ng\u00e0y mi\u1ec5n ph\u00ed<\/li>\n<li>Ch\u01b0\u01a1ng tr\u00ecnh quay th\u01b0\u1edfng tr\u00fang camera h\u00e0nh tr\u00ecnh, xe m\u00e1y, xe h\u01a1i<\/li>\n<\/ul>\n<p><img loading=\"lazy\" decoding=\"async\" class=\"alignnone size-full wp-image-616\" src=\"https:\/\/autothaiduong.vn\/wp-content\/uploads\/2025\/05\/android-box-zestech-dx165-plus.jpg\" alt=\"\" width=\"768\" height=\"576\" srcset=\"https:\/\/autothaiduong.vn\/wp-content\/uploads\/2025\/05\/android-box-zestech-dx165-plus.jpg 768w, https:\/\/autothaiduong.vn\/wp-content\/uploads\/2025\/05\/android-box-zestech-dx165-plus-600x450.jpg 600w\" sizes=\"auto, (max-width: 768px) 100vw, 768px\" \/><\/p>\n<p><strong>Xem th\u00eam:<\/strong>\u00a0<a href=\"https:\/\/zestech.com.vn\/san-pham\/android-box-dx265-plus\/\" target=\"_blank\" rel=\"noopener\">Android Box Zestech DX265 Plus<\/a><\/p>\n<h2><span id=\"Cong_Dung_Cua_Android_Box_Dx165_Plus\" class=\"ez-toc-section\"><\/span>C\u00f4ng D\u1ee5ng C\u1ee7a Android Box Dx165 Plus<\/h2>\n<p><em>Android box dx165 plus th\u1ebf h\u1ec7 2<\/em>\u00a0c\u00f3 c\u00f4ng d\u1ee5ng bi\u1ebfn m\u00e0n h\u00ecnh c\u1ee7a xe th\u00e0nh m\u00e0n h\u00ecnh android, m\u00e0 kh\u00f4ng c\u1ea7n ph\u1ea3i thay th\u1ebf m\u00e0n h\u00ecnh nguy\u00ean b\u1ea3n c\u1ee7a xe. Ch\u1ec9 c\u1ea7n c\u1eafm box v\u00e0o c\u1ed5ng USB v\u00e0o m\u00e0n h\u00ecnh zin c\u1ee7a xe l\u00e0 \u0111\u00e3 s\u1eed d\u1ee5ng \u0111\u01b0\u1ee3c<\/p>\n<p><img loading=\"lazy\" decoding=\"async\" class=\"alignnone size-full wp-image-617\" src=\"https:\/\/autothaiduong.vn\/wp-content\/uploads\/2025\/05\/dx165-plus.jpg\" alt=\"\" width=\"768\" height=\"576\" srcset=\"https:\/\/autothaiduong.vn\/wp-content\/uploads\/2025\/05\/dx165-plus.jpg 768w, https:\/\/autothaiduong.vn\/wp-content\/uploads\/2025\/05\/dx165-plus-600x450.jpg 600w\" sizes=\"auto, (max-width: 768px) 100vw, 768px\" \/><\/p>\n<p>Hi\u1ec7n nay m\u00e0n h\u00ecnh nguy\u00ean b\u1ea3n c\u1ee7a xe c\u00f3 k\u00edch th\u01b0\u1edbc l\u1edbn, m\u00e0n h\u00ecnh s\u1eafc n\u00e9t. Nh\u01b0ng l\u1ea1i thi\u1ebfu c\u00e1c t\u00ednh n\u0103ng nh\u01b0 xem Youtube, d\u1eabn \u0111\u01b0\u1eddng b\u00e1o t\u1ed1c \u0111\u1ed9, ph\u1ea1t ngu\u1ed9i. \u0110\u1ec3 gi\u1ea3i quy\u1ebft v\u1ea5n \u0111\u1ec1 \u0111\u00f3, c\u00e1c h\u00e3ng xe \u0111\u00e3 c\u00f3 th\u00eam t\u00ednh n\u0103ng carplay gi\u00fap ch\u00fang ta c\u00f3 th\u1ec3 k\u1ebft n\u1ed1i v\u1edbi thi\u1ebft b\u1ecb\u00a0<a href=\"https:\/\/zestech.com.vn\/android-box-zestech\/\" target=\"_blank\" rel=\"noopener\">android box<\/a>\u00a0m\u00e0 kh\u00f4ng c\u1ea7n thay m\u00e0n h\u00ecnh zin<\/p>\n<h2><span id=\"Bang_Gia_Android_Box_Zestech_Dx165_Plus\" class=\"ez-toc-section\"><\/span>B\u1ea3ng Gi\u00e1 Android Box Zestech Dx165 Plus<\/h2>\n<p><strong>Gi\u00e1 android box Zestech Dx165 Plus<\/strong>\u00a0kh\u00f4ng thay \u0111\u1ed5i so v\u1edbi b\u1ea3n c\u1ee7 DX165 d\u00f9 \u0111\u00e3 c\u00f3 nhi\u1ec1u t\u00ednh n\u0103ng m\u1edbi<\/p>\n<p>Xem th\u00eam: So s\u00e1nh android box dx165 v\u00e0\u00a0<strong>Dx165 Plus Th\u1ebf H\u1ec7 2<\/strong><\/p>\n<p>S\u1ea3n ph\u1ea9m\u00a0<strong>Android Box Zestech DX165 Plus<\/strong>\u00a0hi\u1ec7n \u0111ang d\u01b0\u1ee3c khuy\u1ebfn m\u00e3i\u00a0<strong>1.000.000\u0111<\/strong>\u00a0v\u00e0 nhi\u1ec1u ch\u01b0\u01a1ng tr\u00ecnh qu\u00e0 t\u1eb7ng h\u1ea5p d\u1eabn<\/p>\n<table>\n<tbody>\n<tr>\n<td><strong>S\u1ea3n Ph\u1ea9m<\/strong><\/td>\n<td><strong>C\u1ea5u H\u00ecnh<\/strong><\/td>\n<td><strong>Chip<\/strong><\/td>\n<td><strong>Gi\u00e1 G\u1ed1c<\/strong><\/td>\n<td><strong>Gi\u00e1 Khuy\u1ebfn M\u00e3i<\/strong><\/td>\n<\/tr>\n<tr>\n<td><strong>Android Box Dx165<\/strong><\/td>\n<td><strong>Ram 3GB \u2013 Rom 32Gb<\/strong><\/td>\n<td><strong>Qualcomm QCS2290<\/strong><\/td>\n<td><strong>6.000.000 VN\u0110<\/strong><\/td>\n<td><strong>5.000.000 VN\u0110<\/strong><\/td>\n<\/tr>\n<tr>\n<td><strong>Android Box Dx165 Plus<\/strong><\/td>\n<td><strong>Rom 4GB \u2013 Rom 64GB<\/strong><\/td>\n<td><strong>Qualcomm QCS6225<\/strong><\/td>\n<td><strong>5.500.000 VN\u0110<\/strong><\/td>\n<td><strong>4.500.000 VN\u0110<\/strong><\/td>\n<\/tr>\n<\/tbody>\n<\/table>\n<h2><span id=\"Tinh_Nang_Android_Box_Zestech_DX165_Plus\" class=\"ez-toc-section\"><\/span>T\u00ednh N\u0103ng Android Box Zestech DX165 Plus<\/h2>\n<p>Android box Zestech Dx165 Plus\u00a0c\u00f3 5 t\u00ednh n\u0103ng v\u00e0 trong s\u1ed1 \u0111\u00f3 c\u00f3 t\u00ednh n\u0103ng \u0111\u1ed9c quy\u1ec1n ch\u1ec9 c\u00f3 tr\u00ean s\u1ea3n ph\u1ea9m m\u1edbi n\u00e0y<\/p>\n<h3><span id=\"1_Tinh_nang_giai_tri_da_phuong_tien\" class=\"ez-toc-section\"><\/span>1. T\u00ednh n\u0103ng gi\u1ea3i tr\u00ed \u0111a ph\u01b0\u01a1ng ti\u1ec7n<\/h3>\n<ul>\n<li><strong>\u1ee8ng d\u1ee5ng gi\u1ea3i tr\u00ed \u0111a d\u1ea1ng<\/strong>: Android Box Zestech DX165 Plus \u0111i k\u00e8m v\u1edbi nhi\u1ec1u \u1ee9ng d\u1ee5ng gi\u1ea3i tr\u00ed nh\u01b0 YouTube, Zing Mp3, VTV Go, Netflix, Spotify. \u0110i\u1ec1u n\u00e0y cho ph\u00e9p b\u1ea1n v\u00e0 ng\u01b0\u1eddi th\u00e2n th\u01b0\u1edfng th\u1ee9c phim \u1ea3nh, \u00e2m nh\u1ea1c v\u00e0 truy\u1ec1n h\u00ecnh ngay tr\u00ean xe, \u0111\u1eb7c bi\u1ec7t h\u1eefu \u00edch cho c\u00e1c chuy\u1ebfn h\u00e0nh tr\u00ecnh d\u00e0i.<\/li>\n<li><strong>Kho \u1ee9ng d\u1ee5ng phong ph\u00fa t\u1eeb CH Play<\/strong>: Ng\u01b0\u1eddi d\u00f9ng c\u00f3 th\u1ec3 t\u1ea3i v\u00e0 c\u00e0i \u0111\u1eb7t th\u00eam nhi\u1ec1u \u1ee9ng d\u1ee5ng kh\u00e1c t\u1eeb c\u1eeda h\u00e0ng Google Play, bao g\u1ed3m Zalo, Facebook, Tiktok v\u00e0 c\u00e1c game gi\u1ea3i tr\u00ed.<\/li>\n<\/ul>\n<p><img loading=\"lazy\" decoding=\"async\" class=\"alignnone size-full wp-image-618\" src=\"https:\/\/autothaiduong.vn\/wp-content\/uploads\/2025\/05\/the-gioi-giai-tri-da-phuong-tien-man-hinh-zestech.jpg\" alt=\"\" width=\"950\" height=\"515\" srcset=\"https:\/\/autothaiduong.vn\/wp-content\/uploads\/2025\/05\/the-gioi-giai-tri-da-phuong-tien-man-hinh-zestech.jpg 950w, https:\/\/autothaiduong.vn\/wp-content\/uploads\/2025\/05\/the-gioi-giai-tri-da-phuong-tien-man-hinh-zestech-600x325.jpg 600w, https:\/\/autothaiduong.vn\/wp-content\/uploads\/2025\/05\/the-gioi-giai-tri-da-phuong-tien-man-hinh-zestech-768x416.jpg 768w\" sizes=\"auto, (max-width: 950px) 100vw, 950px\" \/><\/p>\n<h3><span id=\"2_Dieu_khien_giong_noi_tren_Android_Box_Zestech_DX165_Plus\" class=\"ez-toc-section\"><\/span>2. \u0110i\u1ec1u khi\u1ec3n gi\u1ecdng n\u00f3i tr\u00ean Android Box Zestech DX165 Plus<\/h3>\n<p>Nhi\u00e8u d\u00f2ng xe h\u01a1i hi\u1ec7n nay \u0111\u00e3 trang b\u1ecb ph\u00edm gi\u1ecdng n\u00f3i tr\u00ean v\u00f4 l\u0103ng nh\u01b0ng \u0111a s\u1ed1 ph\u1ea3i ra l\u1ec7nh b\u1eb1ng ti\u1ebfng anh. N\u00ean nhi\u1ec1u ng\u01b0\u1eddi c\u00f2n kh\u00f4ng d\u00f9ng t\u1edbi ph\u00edm n\u00e0y. Android box Zestech Dx165 Plus s\u1ebd gi\u00fap kh\u00e1ch h\u00e0ng khai th\u00e1c n\u00fat gi\u1ecdng n\u00f3i tr\u00ean v\u00f4 l\u0103ng, v\u00e0 t\u1ea5t c\u1ea3 s\u1ebd \u0111\u01b0\u1ee3c ra l\u1ec7nh b\u1eb1ng Ti\u1ebfng Vi\u1ec7t<\/p>\n<p>V\u1edbi 1 thao t\u00e1c b\u1ea5m tr\u00ean v\u00f4 l\u0103ng ch\u00fang ta c\u00f3 th\u1ec3 ra l\u1ec7nh m\u1edf \u0111\u01b0\u1ee3c r\u1ea5t nhi\u1ec1u \u1ee9ng d\u1ee5ng gi\u1ea3i tr\u00ed v\u00e0 b\u1ea3n \u0111\u1ed3 d\u1eabn \u0111\u01b0\u1eddng. T\u1eeb \u0111\u00f3 t\u00e0i x\u1ebf \u00edt ph\u1ea3i s\u1eed d\u1ee5ng tay thao t\u00e1c tr\u00ean m\u00e0n h\u00ecnh, gi\u00fap t\u1eadp trung cho vi\u1ec7c l\u00e1i xe an to\u00e0n<\/p>\n<p>M\u1ed9t s\u1ed1 c\u00e2u l\u1ec7nh s\u1eed d\u1ee5ng tr\u00ean\u00a0<strong>Android Box Zestech Dx165 Plus<\/strong><\/p>\n<ul>\n<li>M\u1edf Video L\u1ec7 Quy\u00ean th\u00ec s\u1ebd m\u1edf Youtube<\/li>\n<li>M\u1edf nh\u1ea1c M\u1ef9 T\u00e2m th\u00ec s\u1ebd m\u1edf Zing Mp3<\/li>\n<li>M\u1ecf VTV3 tr\u00ean VTV Go<\/li>\n<li>\u0110\u1eabn \u0111\u01b0\u1eddng \u0111i s\u00e2n bay th\u00ec s\u1ebd m\u1edf b\u1eb1ng Google Map<\/li>\n<li>D\u1eabn \u0111\u01b0\u1eddng \u0111i s\u00e2n bay b\u1eb1ng Vi\u1ec7t Map<\/li>\n<li>Th\u1eddi ti\u1ebft h\u00f4m nay th\u1ebf n\u00e0o<\/li>\n<li>Gi\u00e1 v\u00e0ng h\u00f4m nay th\u1ebf n\u00e0o<\/li>\n<li>Ki\u1ec3m tra ph\u1ea1t ngu\u1ed9i bi\u1ec3n s\u1ed1 xe \u201c51K-12345\u201d<\/li>\n<li>Th\u1ef1c hi\u1ec7n ph\u00e9p t\u00ednh c\u1ed9ng tr\u1eeb nh\u00e2n chia<\/li>\n<\/ul>\n<p>V\u00e0 t\u1ea5t c\u00e1c t\u00ednh n\u0103ng n\u00e0y \u0111\u1ec1u \u0111\u01b0\u1ee3c tr\u1ee3 l\u00fd \u1ea3o Kiki Auto h\u1ed7 tr\u1ee3, ph\u1ea7n m\u1ec1n n\u00e0y do Zalo ph\u00e1t tri\u1ec3n n\u00ean s\u1ebd thu ch\u00ednh x\u00e1c nhanh ch\u00f3ng t\u1ea5t c\u1ea3 c\u00e1c gi\u1ecdng n\u00f3i v\u00f9ng mi\u1ec1n<\/p>\n<h3><span id=\"3_Tinh_nang_Ban_do_dan_duong_va_bao_toc_do_tren_Android_Box_Zestech_DX165_Plus\" class=\"ez-toc-section\"><\/span>3. T\u00ednh n\u0103ng B\u1ea3n \u0111\u1ed3 d\u1eabn \u0111\u01b0\u1eddng v\u00e0 b\u00e1o t\u1ed1c \u0111\u1ed9 tr\u00ean Android Box Zestech DX165 Plus<\/h3>\n<p>Android Box DX165 Plus cung c\u1ea5p c\u00e1c t\u00ednh n\u0103ng b\u1ea3n \u0111\u1ed3 d\u1eabn \u0111\u01b0\u1eddng ti\u00ean ti\u1ebfn, h\u1ed7 tr\u1ee3 t\u1ed1i \u0111a cho t\u00e0i x\u1ebf tr\u00ean m\u1ecdi cung \u0111\u01b0\u1eddng. D\u01b0\u1edbi \u0111\u00e2y l\u00e0 chi ti\u1ebft v\u1ec1 t\u00ednh n\u0103ng n\u00e0y:<\/p>\n<p><strong>Ba lo\u1ea1i b\u1ea3n \u0111\u1ed3 d\u1eabn \u0111\u01b0\u1eddng th\u00f4ng minh<\/strong><\/p>\n<ul>\n<li><strong>Google Map<\/strong>: B\u1ea3n \u0111\u1ed3 ph\u1ed5 bi\u1ebfn v\u1edbi kh\u1ea3 n\u0103ng t\u00ecm ki\u1ebfm \u0111\u1ecba \u0111i\u1ec3m, ch\u1ec9 \u0111\u01b0\u1eddng v\u00e0 c\u1eadp nh\u1eadt th\u00f4ng tin giao th\u00f4ng theo th\u1eddi gian th\u1ef1c.<\/li>\n<li><strong>Vietmap<\/strong>: B\u1ea3n \u0111\u1ed3 chuy\u00ean d\u1ee5ng cho Vi\u1ec7t Nam, cung c\u1ea5p th\u00f4ng tin chi ti\u1ebft v\u1ec1 \u0111\u01b0\u1eddng x\u00e1, \u0111i\u1ec3m \u0111\u1ebfn v\u00e0 c\u00e1c d\u1ecbch v\u1ee5 ti\u1ec7n \u00edch kh\u00e1c.<\/li>\n<li><strong>Navitell<\/strong>: B\u1ea3n \u0111\u1ed3 qu\u1ed1c t\u1ebf v\u1edbi kh\u1ea3 n\u0103ng ch\u1ec9 \u0111\u01b0\u1eddng chi ti\u1ebft v\u00e0 c\u1eadp nh\u1eadt li\u00ean t\u1ee5c.<\/li>\n<\/ul>\n<p><strong>Giao di\u1ec7n d\u1ec5 s\u1eed d\u1ee5ng<\/strong><\/p>\n<ul>\n<li><strong>Tr\u1ef1c quan v\u00e0 th\u00e2n thi\u1ec7n<\/strong>: C\u00e1c b\u1ea3n \u0111\u1ed3 \u0111\u1ec1u c\u00f3 giao di\u1ec7n d\u1ec5 thao t\u00e1c, ph\u00f9 h\u1ee3p v\u1edbi m\u1ecdi \u0111\u1ed1i t\u01b0\u1ee3ng ng\u01b0\u1eddi d\u00f9ng, gi\u00fap t\u00e0i x\u1ebf d\u1ec5 d\u00e0ng t\u00ecm \u0111\u01b0\u1eddng v\u00e0 s\u1eed d\u1ee5ng c\u00e1c t\u00ednh n\u0103ng h\u1ed7 tr\u1ee3.<\/li>\n<\/ul>\n<p><strong>C\u1eadp nh\u1eadt li\u00ean t\u1ee5c<\/strong><\/p>\n<ul>\n<li><strong>Th\u00f4ng tin ch\u00ednh x\u00e1c v\u00e0 k\u1ecbp th\u1eddi<\/strong>: C\u00e1c b\u1ea3n \u0111\u1ed3 \u0111\u01b0\u1ee3c c\u1eadp nh\u1eadt th\u01b0\u1eddng xuy\u00ean, \u0111\u1ea3m b\u1ea3o t\u00ednh ch\u00ednh x\u00e1c v\u00e0 tin c\u1eady, h\u1ed7 tr\u1ee3 t\u1ed1i \u0111a cho t\u00e0i x\u1ebf tr\u00ean m\u1ecdi cung \u0111\u01b0\u1eddng.<\/li>\n<\/ul>\n<p><strong>C\u1ea3nh b\u00e1o giao th\u00f4ng v\u00e0 an to\u00e0n<\/strong><\/p>\n<ul>\n<li><strong>C\u1ea3nh b\u00e1o k\u1eb9t xe<\/strong>: Th\u00f4ng b\u00e1o v\u1ec1 t\u00ecnh tr\u1ea1ng k\u1eb9t xe gi\u00fap t\u00e0i x\u1ebf c\u00f3 th\u1ec3 l\u1ef1a ch\u1ecdn l\u1ed9 tr\u00ecnh thay th\u1ebf, ti\u1ebft ki\u1ec7m th\u1eddi gian v\u00e0 tr\u00e1nh c\u0103ng th\u1eb3ng.<\/li>\n<li><strong>C\u1ea3nh b\u00e1o gi\u1edbi h\u1ea1n t\u1ed1c \u0111\u1ed9<\/strong>: Hi\u1ec3n th\u1ecb v\u00e0 c\u1ea3nh b\u00e1o gi\u1edbi h\u1ea1n t\u1ed1c \u0111\u1ed9 tr\u00ean c\u00e1c \u0111o\u1ea1n \u0111\u01b0\u1eddng kh\u00e1c nhau, gi\u00fap t\u00e0i x\u1ebf tu\u00e2n th\u1ee7 lu\u1eadt giao th\u00f4ng v\u00e0 tr\u00e1nh b\u1ecb ph\u1ea1t.<\/li>\n<li><strong>C\u1ea3nh b\u00e1o khu d\u00e2n c\u01b0<\/strong>: Th\u00f4ng b\u00e1o khi xe \u0111i v\u00e0o khu v\u1ef1c d\u00e2n c\u01b0 \u0111\u1ec3 t\u00e0i x\u1ebf ch\u00fa \u00fd an to\u00e0n, gi\u1ea3m t\u1ed1c \u0111\u1ed9 v\u00e0 c\u1ea9n th\u1eadn h\u01a1n.<\/li>\n<li><strong>C\u1ea3nh b\u00e1o camera ph\u1ea1t ngu\u1ed9i<\/strong>: Th\u00f4ng b\u00e1o v\u1ecb tr\u00ed c\u00e1c camera gi\u00e1m s\u00e1t giao th\u00f4ng, gi\u00fap t\u00e0i x\u1ebf tr\u00e1nh vi ph\u1ea1m v\u00e0 b\u1ecb ph\u1ea1t ngu\u1ed9i.<\/li>\n<li><strong>C\u1ea3nh b\u00e1o c\u1ea5m v\u01b0\u1ee3t<\/strong>: Hi\u1ec3n th\u1ecb c\u00e1c \u0111o\u1ea1n \u0111\u01b0\u1eddng c\u1ea5m v\u01b0\u1ee3t, gi\u00fap t\u00e0i x\u1ebf tu\u00e2n th\u1ee7 lu\u1eadt l\u1ec7 giao th\u00f4ng v\u00e0 \u0111\u1ea3m b\u1ea3o an to\u00e0n cho m\u1ecdi ng\u01b0\u1eddi tr\u00ean \u0111\u01b0\u1eddng.<\/li>\n<li><strong>C\u1ea3nh b\u00e1o b\u1ebfn ph\u00e0, tr\u1ea1m thu ph\u00ed<\/strong>: Th\u00f4ng b\u00e1o v\u1ecb tr\u00ed c\u00e1c b\u1ebfn ph\u00e0 v\u00e0 tr\u1ea1m thu ph\u00ed, gi\u00fap t\u00e0i x\u1ebf chu\u1ea9n b\u1ecb tr\u01b0\u1edbc v\u00e0 tr\u00e1nh b\u1ea5t ng\u1edd.<\/li>\n<\/ul>\n<p>V\u1edbi nh\u1eefng t\u00ednh n\u0103ng d\u1eabn \u0111\u01b0\u1eddng th\u00f4ng minh v\u00e0 c\u1ea3nh b\u00e1o an to\u00e0n, Android Box DX165 Plus l\u00e0 m\u1ed9t tr\u1ee3 th\u1ee7 \u0111\u1eafc l\u1ef1c cho t\u00e0i x\u1ebf, gi\u00fap h\u00e0nh tr\u00ecnh tr\u1edf n\u00ean an to\u00e0n, thu\u1eadn ti\u1ec7n v\u00e0 hi\u1ec7u qu\u1ea3 h\u01a1n.<\/p>\n<p><img loading=\"lazy\" decoding=\"async\" class=\"alignnone size-full wp-image-619\" src=\"https:\/\/autothaiduong.vn\/wp-content\/uploads\/2025\/05\/android-zestech-zt-2k.jpg\" alt=\"\" width=\"768\" height=\"765\" srcset=\"https:\/\/autothaiduong.vn\/wp-content\/uploads\/2025\/05\/android-zestech-zt-2k.jpg 768w, https:\/\/autothaiduong.vn\/wp-content\/uploads\/2025\/05\/android-zestech-zt-2k-600x598.jpg 600w, https:\/\/autothaiduong.vn\/wp-content\/uploads\/2025\/05\/android-zestech-zt-2k-300x300.jpg 300w, https:\/\/autothaiduong.vn\/wp-content\/uploads\/2025\/05\/android-zestech-zt-2k-100x100.jpg 100w\" sizes=\"auto, (max-width: 768px) 100vw, 768px\" \/><\/p>\n<h3><span id=\"4_Chia_doi_man_hinh_chay_da_nhiem_ung_dung\" class=\"ez-toc-section\"><\/span>4. Chia \u0111\u00f4i m\u00e0n h\u00ecnh ch\u1ea1y \u0111a nhi\u1ec7m \u1ee9ng d\u1ee5ng<\/h3>\n<p><strong>Android box Zestech Dx165 b\u1ea3n ti\u00eau chu\u1ea9n<\/strong>\u00a0s\u1edf h\u1eefu chip 8X c\u00f3 th\u1ec3 c\u00f9ng l\u00fac ch\u1ea1y \u0111\u01b0\u1ee3c nhi\u1ec1u \u1ee9ng d\u1ee5ng m\u00e0 kh\u00f4ng b\u1ecb \u0111\u01a1, ch\u1eadm<\/p>\n<p>C\u00f3 th\u1ec3 h\u1ed7 tr\u1ee3 chia \u0111\u00f4i m\u00e0n h\u00ecnh, t\u1ee9c l\u00e0 d\u00f9ng 2 3 \u1ee9ng d\u1ee5ng c\u00f9ng l\u00fac tr\u00ean 1 m\u00e0n h\u00ecnh. Nh\u01b0 VietMap 1 b\u00ean c\u00f2n 1 b\u00ean s\u1eed d\u1ee5ng Youtube, google map 1 g\u00f3c nh\u1ecf<\/p>\n<p><img loading=\"lazy\" decoding=\"async\" class=\"alignnone size-full wp-image-620\" src=\"https:\/\/autothaiduong.vn\/wp-content\/uploads\/2025\/05\/man-hinh-android-zestech-zt-2k.jpg\" alt=\"\" width=\"768\" height=\"768\" srcset=\"https:\/\/autothaiduong.vn\/wp-content\/uploads\/2025\/05\/man-hinh-android-zestech-zt-2k.jpg 768w, https:\/\/autothaiduong.vn\/wp-content\/uploads\/2025\/05\/man-hinh-android-zestech-zt-2k-600x600.jpg 600w, https:\/\/autothaiduong.vn\/wp-content\/uploads\/2025\/05\/man-hinh-android-zestech-zt-2k-300x300.jpg 300w, https:\/\/autothaiduong.vn\/wp-content\/uploads\/2025\/05\/man-hinh-android-zestech-zt-2k-100x100.jpg 100w\" sizes=\"auto, (max-width: 768px) 100vw, 768px\" \/><\/p>\n<h3><span id=\"5_Tu_dong_cap_nhat_ung_dung_va_he_thong\" class=\"ez-toc-section\"><\/span>5. T\u1ef1 \u0111\u1ed9ng c\u1eadp nh\u1eadt \u1ee9ng d\u1ee5ng v\u00e0 h\u1ec7 th\u1ed1ng<\/h3>\n<p>\u0110\u00e2y l\u00e0 t\u00ednh n\u0103ng m\u1edbi nh\u1ea5t v\u00e0 \u0111\u1ed9c quy\u1ec1n tr\u00ean s\u1ea3n ph\u1ea9m Android box dx165 plus m\u00e0 kh\u00f4ng c\u00f3 1 s\u1ea3n ph\u1ea9m n\u00e0o tr\u00ean th\u1ecb tr\u01b0\u1eddng c\u00f3 th\u1ec3 l\u00e0m \u0111\u01b0\u1ee3c<\/p>\n<p>Khi c\u00f3 1 b\u1ea3n d\u1eef li\u1ec7u hay \u1ee9ng d\u1ee5ng m\u1edbi, ch\u00fang ta ch\u1ec9 c\u1ea7n k\u1ebft n\u1ed1i Wifi kh\u1edfi \u0111\u1ed9ng l\u1ea1i box l\u00e0 t\u1ea5t c\u1ea3 \u00fang d\u1ee5ng s\u1ebd t\u1ef1 \u0111\u1ed9ng c\u1eadp nh\u1eadt<\/p>\n<p>Ngo\u00e0i ra c\u00f2n c\u00f3 th\u1ec3 n\u00e2ng c\u1ea5p b\u1ea3n h\u1ec7 th\u1ed1ng m\u1edbi. V\u1edbi s\u1ea3n ph\u1ea9m Zestech lu\u00f4n t\u1ea1o ra h\u1ec7 sinh th\u00e1i ri\u00eang cho kh\u00e1ch h\u00e0ng c\u1ee7a m\u00ecnh, v\u00ec th\u1ebf sau n\u00e0y c\u00f3 nhi\u1ec1u t\u00ednh n\u0103ng c\u00f4ng ngh\u1ec7 m\u1edbi, h\u1ec7 th\u1ed1ng s\u1ebd t\u1ef1 g\u1eedi l\u00ean, vi\u1ec7c c\u1ee7a ch\u00fang ta l\u00e0 update v\u00e0 s\u1eed d\u1ee5ng<\/p>\n<h2><span id=\"Dia_Chi_Lap_Dat_Android_Box_Zestech_DX165_Plus_Uy_Tin\" class=\"ez-toc-section\"><\/span>\u0110\u1ecba Ch\u1ec9 L\u1eafp \u0110\u1eb7t Android Box Zestech DX165 Plus Uy T\u00edn<\/h2>\n<p>Hi\u1ec7n nay Zestech \u0111\u00e3 c\u00f3 h\u01a1n 700 h\u1ec7 th\u1ed1ng \u0111\u1ea1i l\u00fd v\u00e0 \u0111\u1ea1i s\u1ee9 tr\u00ean to\u00e0n qu\u1ed1c, kh\u00e1ch h\u00e0ng c\u00f3 th\u1ec3 l\u1ef1a ch\u1ecdn 1 trong c\u00e1c \u0111\u1ea1i l\u00fd ho\u1eb7c \u0111\u1ea1i s\u1ee9 \u0111\u1ec3 l\u1eafp s\u1ea3n ph\u1ea9m\u00a0<strong>Android box Zestech\u00a0 Dx165 Plus<\/strong><\/p>\n<ul>\n<li>\n<p class=\"\" data-start=\"207\" data-end=\"448\">Li\u00ean h\u1ec7 ngay <strong><span style=\"color: #ff0000;\">Auto Th\u00e1i D\u01b0\u01a1ng<\/span><\/strong>\u00a0\u0111\u1ec3 tr\u1ea3i nghi\u1ec7m s\u1ea3n ph\u1ea9m c\u00f4ng ngh\u1ec7 m\u1edbi nh\u1ea5t c\u00f9ng ch\u00ednh s\u00e1ch b\u1ea3o h\u00e0nh ch\u00ednh h\u00e3ng.<\/p>\n<\/li>\n<li><strong>Hotline<\/strong>: <strong><span style=\"color: #ff0000;\">0912197441<\/span><\/strong><\/li>\n<li>\n<p class=\"\" data-start=\"450\" data-end=\"589\"><strong data-start=\"450\" data-end=\"462\">\u0110\u1ecba ch\u1ec9<\/strong><\/p>\n<ul>\n<li data-start=\"450\" data-end=\"589\"><strong><span style=\"color: #ff0000;\">273-275 Tr\u1ea7n Ph\u00fa Ph\u01b0\u1eddng L\u1ed9c S\u01a1n Th\u00e0nh Ph\u1ed1 B\u1ea3o L\u1ed9c T\u1ec9nh L\u00e2m \u0110\u1ed3ng\u00a0<\/span><\/strong><\/li>\n<\/ul>\n<\/li>\n<\/ul>\n<\/div>\n<\/div>\n<\/div>\n<div class=\"related related-products-wrapper product-section\">\n<div class=\"row has-equal-box-heights large-columns-4 medium-columns-3 small-columns-2 row-small slider row-slider slider-nav-reveal slider-nav-push is-draggable flickity-enabled\" tabindex=\"0\" data-flickity-options=\"{&quot;imagesLoaded&quot;: true, &quot;groupCells&quot;: &quot;100%&quot;, &quot;dragThreshold&quot; : 5, &quot;cellAlign&quot;: &quot;left&quot;,&quot;wrapAround&quot;: true,&quot;prevNextButtons&quot;: true,&quot;percentPosition&quot;: true,&quot;pageDots&quot;: false, &quot;rightToLeft&quot;: false, &quot;autoPlay&quot; : false}\"><\/div>\n<\/div>\n<\/div>\n<\/div>\n<\/div>\n<\/div>\n<\/div>\n<p>&nbsp;<\/p>\n","protected":false},"excerpt":{"rendered":"<p><strong>Android Box Zestech Dx165 Plus<\/strong>\u00a0l\u00e0 s\u1ea3n ph\u1ea9m \u0111\u01b0\u1ee3c l\u1eafp \u0111\u1eb7t nhi\u1ec1u nh\u1ea5t c\u1ee7a nh\u00e0 Zestech. V\u1edbi c\u1ea5u h\u00ecnh Ram 4GB, Rom 64GB cho c\u1ea5u h\u00ecnh m\u1ea1nh m\u1ebd, m\u00e0 m\u1ee9c gi\u00e1 l\u1ea1i c\u1ef1c k\u1ef3 \u01b0u \u0111\u00e3i. B\u00e0i vi\u1ebft d\u01b0\u1edbi \u0111\u00e2y s\u1ebd \u0111i chi ti\u1ebft c\u1ea5u h\u00ecnh v\u00e0 t\u00ednh n\u0103ng c\u1ee7a\u00a0<strong>Android Box DX165 Plus<\/strong><\/p>\n","protected":false},"featured_media":615,"comment_status":"open","ping_status":"closed","template":"","meta":[],"product_brand":[81],"product_cat":[17,69],"product_tag":[],"class_list":{"0":"post-613","1":"product","2":"type-product","3":"status-publish","4":"has-post-thumbnail","6":"product_brand-zestech","7":"product_cat-dvd-android-box","8":"product_cat-android-box","10":"first","11":"instock","12":"sale","13":"shipping-taxable","14":"purchasable","15":"product-type-simple"},"_links":{"self":[{"href":"https:\/\/autothaiduong.vn\/index.php?rest_route=\/wp\/v2\/product\/613","targetHints":{"allow":["GET"]}}],"collection":[{"href":"https:\/\/autothaiduong.vn\/index.php?rest_route=\/wp\/v2\/product"}],"about":[{"href":"https:\/\/autothaiduong.vn\/index.php?rest_route=\/wp\/v2\/types\/product"}],"replies":[{"embeddable":true,"href":"https:\/\/autothaiduong.vn\/index.php?rest_route=%2Fwp%2Fv2%2Fcomments&post=613"}],"wp:featuredmedia":[{"embeddable":true,"href":"https:\/\/autothaiduong.vn\/index.php?rest_route=\/wp\/v2\/media\/615"}],"wp:attachment":[{"href":"https:\/\/autothaiduong.vn\/index.php?rest_route=%2Fwp%2Fv2%2Fmedia&parent=613"}],"wp:term":[{"taxonomy":"product_brand","embeddable":true,"href":"https:\/\/autothaiduong.vn\/index.php?rest_route=%2Fwp%2Fv2%2Fproduct_brand&post=613"},{"taxonomy":"product_cat","embeddable":true,"href":"https:\/\/autothaiduong.vn\/index.php?rest_route=%2Fwp%2Fv2%2Fproduct_cat&post=613"},{"taxonomy":"product_tag","embeddable":true,"href":"https:\/\/autothaiduong.vn\/index.php?rest_route=%2Fwp%2Fv2%2Fproduct_tag&post=613"}],"curies":[{"name":"wp","href":"https:\/\/api.w.org\/{rel}","templated":true}]}}