{"id":652,"date":"2025-05-10T02:54:34","date_gmt":"2025-05-10T02:54:34","guid":{"rendered":"https:\/\/autothaiduong.vn\/?post_type=product&#038;p=652"},"modified":"2025-05-10T02:55:59","modified_gmt":"2025-05-10T02:55:59","slug":"android-box-dx300-the-he-2","status":"publish","type":"product","link":"https:\/\/autothaiduong.vn\/?product=android-box-dx300-the-he-2","title":{"rendered":"Android Box DX300 Th\u1ebf H\u1ec7 2"},"content":{"rendered":"<p><img loading=\"lazy\" decoding=\"async\" class=\" wp-image-489 aligncenter\" src=\"https:\/\/autothaiduong.vn\/wp-content\/uploads\/2025\/04\/z6584734442481_f208f5944548cb4b46353402ce2e64e0.jpg\" alt=\"\" width=\"297\" height=\"263\" \/><\/p>\n<p><strong>Android Box DX300 Th\u1ebf H\u1ec7 2: Phi\u00ean B\u1ea3n \u1ed4n \u0110\u1ecbnh Nh\u1ea5t<\/strong><\/p>\n<p>B\u1ea1n \u0111ang t\u00ecm ki\u1ebfm m\u1ed9t gi\u1ea3i ph\u00e1p hi\u1ec7n \u0111\u1ea1i cho h\u1ec7 th\u1ed1ng gi\u1ea3i tr\u00ed trong xe c\u1ee7a m\u00ecnh?\u00a0<strong>Android Box DX300 Th\u1ebf H\u1ec7 2<\/strong>\u00a0t\u1eeb Zestech l\u00e0 l\u1ef1a ch\u1ecdn ho\u00e0n h\u1ea3o cho nhu c\u1ea7u c\u1ee7a b\u1ea1n. V\u1edbi gi\u00e1 c\u1ea3 h\u1ea5p d\u1eabn v\u00e0 nh\u1eefng t\u00ednh n\u0103ng \u0111\u1ed9c \u0111\u00e1o, s\u1ea3n ph\u1ea9m n\u00e0y cam k\u1ebft mang l\u1ea1i tr\u1ea3i nghi\u1ec7m ho\u00e0n to\u00e0n m\u1edbi m\u1ebb cho chuy\u1ebfn \u0111i c\u1ee7a b\u1ea1n.<\/p>\n<p><iframe loading=\"lazy\" title=\"YouTube video player\" src=\"https:\/\/www.youtube.com\/embed\/Wc0Sdhk96Q4?si=5ojMFlb8fmviNr0W\" width=\"560\" height=\"315\" frameborder=\"0\" allowfullscreen=\"allowfullscreen\" data-mce-fragment=\"1\"><\/iframe><\/p>\n<div id=\"ez-toc-container\" class=\"ez-toc-v2_0_74 counter-hierarchy ez-toc-counter ez-toc-custom ez-toc-container-direction\">\n<div class=\"ez-toc-title-container\">\n<p class=\"ez-toc-title\">N\u1ed9i dung b\u00e0i vi\u1ebft<\/p>\n<\/div>\n<nav><\/nav>\n<\/div>\n<h2><span id=\"Thong_So_Ky_Thuat_Android_Box_DX300_The_He_2\" class=\"ez-toc-section\"><\/span>Th\u00f4ng S\u1ed1 K\u1ef9 Thu\u1eadt Android Box DX300 Th\u1ebf H\u1ec7 2<\/h2>\n<ul>\n<li><strong>CPU<\/strong>: Qualcomm SM6225.<\/li>\n<li><strong>RAM<\/strong>: 4GB.<\/li>\n<li><strong>ROM<\/strong>: 64GB.<\/li>\n<li><strong>Chip<\/strong>: 4xA73 2.4GHz &amp; 4xA53 1.9GHz.<\/li>\n<li><strong>CPU<\/strong>: Adreno\u2122 610.<\/li>\n<li><strong>Ch\u1ea5t l\u01b0\u1ee3ng video<\/strong>: 4K @fps (H.264, HEVC, VP8\/VP9).<\/li>\n<li><strong>H\u1ec7 \u0111i\u1ec1u h\u00e0nh<\/strong>: Android 13.<\/li>\n<li><strong>H\u1ed7 tr\u1ee3 th\u1ebb nh\u1edb<\/strong>: 128GB.<\/li>\n<li><strong>K\u1ebft n\u1ed1i<\/strong>: Wifi, Bluetooth, Sim 4G.<\/li>\n<\/ul>\n<figure id=\"attachment_4525\" class=\"wp-caption aligncenter\" aria-describedby=\"caption-attachment-4525\"><img loading=\"lazy\" decoding=\"async\" class=\"alignnone size-full wp-image-654\" src=\"https:\/\/autothaiduong.vn\/wp-content\/uploads\/2025\/05\/android-box-dx265-the-he-2-3-1.jpg\" alt=\"Android Box DX300 Th\u1ebf H\u1ec7 2\" width=\"768\" height=\"576\" srcset=\"https:\/\/autothaiduong.vn\/wp-content\/uploads\/2025\/05\/android-box-dx265-the-he-2-3-1.jpg 768w, https:\/\/autothaiduong.vn\/wp-content\/uploads\/2025\/05\/android-box-dx265-the-he-2-3-1-600x450.jpg 600w\" sizes=\"auto, (max-width: 768px) 100vw, 768px\" \/><figcaption id=\"caption-attachment-4525\" class=\"wp-caption-text\">Android Box DX300 Th\u1ebf H\u1ec7 2<\/figcaption><\/figure>\n<h3><span id=\"Tinh_Nang_Cua_Android_Box_Dx300_The_He_2\" class=\"ez-toc-section\"><\/span>T\u00ednh N\u0103ng C\u1ee7a Android Box Dx300 Th\u1ebf H\u1ec7 2<\/h3>\n<p><strong>Android Box 300 Th\u1ebf H\u1ec7 2<\/strong>\u00a0kh\u00f4ng ch\u1ec9 \u0111\u01a1n thu\u1ea7n l\u00e0 m\u1ed9t thi\u1ebft b\u1ecb gi\u1ea3i tr\u00ed, m\u00e0 c\u00f2n l\u00e0 tr\u1ee3 th\u1ee7 \u0111\u1eafc l\u1ef1c cho h\u00e0nh tr\u00ecnh c\u1ee7a b\u1ea1n. D\u01b0\u1edbi \u0111\u00e2y l\u00e0 nh\u1eefng t\u00ednh n\u0103ng n\u1ed5i b\u1eadt c\u1ee7a s\u1ea3n ph\u1ea9m:<\/p>\n<ol>\n<li><strong>C\u1eadp nh\u1eadt \u1ee9ng d\u1ee5ng t\u1ef1 \u0111\u1ed9ng:<\/strong>\u00a0Lu\u00f4n c\u1eadp nh\u1eadt c\u00e1c \u1ee9ng d\u1ee5ng m\u1edbi nh\u1ea5t \u0111\u1ec3 b\u1ea1n lu\u00f4n c\u00f3 tr\u1ea3i nghi\u1ec7m t\u1ed1t nh\u1ea5t.<\/li>\n<li><strong>T\u00edch h\u1ee3p \u00e1p su\u1ea5t l\u1ed1p:<\/strong>\u00a0Gi\u00fap b\u1ea1n ki\u1ec3m tra v\u00e0 gi\u1eef \u0111\u01b0\u1ee3c \u00e1p su\u1ea5t l\u1ed1p trong t\u00ecnh tr\u1ea1ng t\u1ed1t nh\u1ea5t.<\/li>\n<li><strong>Ra l\u1ec7nh b\u1eb1ng gi\u1ecdng n\u00f3i:<\/strong>\u00a0\u0110i\u1ec1u khi\u1ec3n thi\u1ebft b\u1ecb m\u1ed9t c\u00e1ch d\u1ec5 d\u00e0ng ch\u1ec9 b\u1eb1ng c\u00e1ch n\u00f3i l\u1ec7nh.<\/li>\n<li><strong>T\u00edch h\u1ee3p 3 lo\u1ea1i b\u1ea3n \u0111\u1ed3:<\/strong>\u00a0Bao g\u1ed3m Vietmap, Google Maps, Navitel \u0111\u1ec3 b\u1ea1n lu\u00f4n t\u00ecm \u0111\u01b0\u1ee3c \u0111\u01b0\u1eddng \u0111i t\u1ed1t nh\u1ea5t.<\/li>\n<li><strong>Xem phim, nghe nh\u1ea1c, \u0111\u1ecdc b\u00e1o,\u2026 tr\u1ef1c tuy\u1ebfn:<\/strong>\u00a0Mang l\u1ea1i s\u1ef1 gi\u1ea3i tr\u00ed \u0111a d\u1ea1ng v\u00e0 phong ph\u00fa cho m\u1ed7i chuy\u1ebfn \u0111i.<\/li>\n<li><strong>Ki\u1ec3m tra ph\u1ea1t ngu\u1ed9i nhanh ch\u00f3ng:<\/strong>\u00a0H\u1ed7 tr\u1ee3 b\u1ea1n trong vi\u1ec7c gi\u1eef tu\u00e2n th\u1ee7 lu\u1eadt l\u1ec7 giao th\u00f4ng.<\/li>\n<li><strong>C\u1ea3nh b\u00e1o t\u1ed1c \u0111\u1ed9, c\u1ea3nh b\u00e1o kho\u1ea3ng c\u00e1ch:<\/strong>\u00a0\u0110\u1ea3m b\u1ea3o an to\u00e0n khi l\u00e1i xe tr\u00ean \u0111\u01b0\u1eddng.<\/li>\n<li><strong>Chia \u0111\u00f4i m\u00e0n h\u00ecnh, ch\u1ea1y \u0111a nhi\u1ec7m \u1ee9ng d\u1ee5ng:<\/strong>\u00a0Ti\u1ec7n l\u1ee3i cho vi\u1ec7c s\u1eed d\u1ee5ng nhi\u1ec1u \u1ee9ng d\u1ee5ng c\u00f9ng m\u1ed9t l\u00fac.<\/li>\n<li><strong>Qu\u1ea3n l\u00fd, \u0111\u1ecbnh v\u1ecb xe t\u1eeb xa:<\/strong>\u00a0Theo d\u00f5i v\u00e0 \u0111i\u1ec1u khi\u1ec3n xe c\u1ee7a b\u1ea1n m\u1ecdi l\u00fac, m\u1ecdi n\u01a1i.<\/li>\n<\/ol>\n<figure id=\"attachment_4780\" class=\"wp-caption aligncenter\" aria-describedby=\"caption-attachment-4780\"><img loading=\"lazy\" decoding=\"async\" class=\"alignnone size-full wp-image-655\" src=\"https:\/\/autothaiduong.vn\/wp-content\/uploads\/2025\/05\/dx300-the-he-2.jpg\" alt=\"\" width=\"800\" height=\"1131\" srcset=\"https:\/\/autothaiduong.vn\/wp-content\/uploads\/2025\/05\/dx300-the-he-2.jpg 800w, https:\/\/autothaiduong.vn\/wp-content\/uploads\/2025\/05\/dx300-the-he-2-424x600.jpg 424w, https:\/\/autothaiduong.vn\/wp-content\/uploads\/2025\/05\/dx300-the-he-2-724x1024.jpg 724w, https:\/\/autothaiduong.vn\/wp-content\/uploads\/2025\/05\/dx300-the-he-2-768x1086.jpg 768w, https:\/\/autothaiduong.vn\/wp-content\/uploads\/2025\/05\/dx300-the-he-2-600x848.jpg 600w\" sizes=\"auto, (max-width: 800px) 100vw, 800px\" \/><figcaption id=\"caption-attachment-4780\" class=\"wp-caption-text\">Dx300 th\u1ebf h\u1ec7 2<\/figcaption><\/figure>\n<h4><span id=\"Gia_Ca_Hap_Dan\" class=\"ez-toc-section\"><\/span><strong>Gi\u00e1 C\u1ea3 H\u1ea5p D\u1eabn<\/strong><\/h4>\n<p>V\u1edbi m\u1ee9c gi\u00e1 ban \u0111\u1ea7u l\u00e0 9.500.000\u0111,\u00a0<em>Android Box DX300 Th\u1ebf H\u1ec7 2<\/em>\u00a0hi\u1ec7n \u0111ang \u0111\u01b0\u1ee3c gi\u1ea3m gi\u00e1 c\u1ef1c k\u1ef3 h\u1ea5p d\u1eabn ch\u1ec9 c\u00f2n\u00a0<strong>8.500.000\u0111<\/strong>. \u0110\u00e2y l\u00e0 c\u01a1 h\u1ed9i tuy\u1ec7t v\u1eddi \u0111\u1ec3 b\u1ea1n s\u1edf h\u1eefu m\u1ed9t thi\u1ebft b\u1ecb gi\u1ea3i tr\u00ed th\u00f4ng minh v\u00e0 ti\u1ec7n \u00edch cho xe c\u1ee7a m\u00ecnh.<\/p>\n<h4><span id=\"Uu_Dai_Hap_Dan\" class=\"ez-toc-section\"><\/span><strong>\u01afu \u0110\u00e3i H\u1ea5p D\u1eabn<\/strong><\/h4>\n<p>\u0110\u1ec3 mang l\u1ea1i s\u1ef1 h\u00e0i l\u00f2ng t\u1ed1i \u0111a cho kh\u00e1ch h\u00e0ng, Zestech cam k\u1ebft cung c\u1ea5p nh\u1eefng \u01b0u \u0111\u00e3i \u0111\u1eb7c bi\u1ec7t \u0111i k\u00e8m v\u1edbi Android Box DX300 Th\u1ebf H\u1ec7 2:<\/p>\n<ul>\n<li><strong>B\u1ea3o h\u00e0nh 5 n\u0103m<\/strong>: \u0110\u1ea3m b\u1ea3o s\u1ef1 an t\u00e2m v\u00e0 tin c\u1eady trong qu\u00e1 tr\u00ecnh s\u1eed d\u1ee5ng.<\/li>\n<li><strong>Ch\u00ednh s\u00e1ch l\u1ed7i 1 \u0111\u1ed5i 1 trong 2 n\u0103m<\/strong>: B\u1ea3o v\u1ec7 quy\u1ec1n l\u1ee3i c\u1ee7a b\u1ea1n m\u1ed9t c\u00e1ch t\u1ed1i \u0111a.<\/li>\n<li><strong>D\u00f9ng th\u1eed 7 ng\u00e0y MI\u1ec4N PH\u00cd<\/strong>: C\u01a1 h\u1ed9i \u0111\u1ec3 b\u1ea1n tr\u1ea3i nghi\u1ec7m s\u1ea3n ph\u1ea9m tr\u01b0\u1edbc khi quy\u1ebft \u0111\u1ecbnh mua.<\/li>\n<li><strong>Qu\u00e0 t\u1eb7ng \u0111\u1eb7c bi\u1ec7t<\/strong>: Camera h\u00e0nh tr\u00ecnh D10, b\u1ea3n quy\u1ec1n tr\u1ecdn \u0111\u1eddi Vietmap S1, sim 4G v\u00e0 tr\u1ee3 l\u00fd gi\u1ecdng n\u00f3i KIKI.<\/li>\n<\/ul>\n<figure id=\"attachment_4781\" class=\"wp-caption aligncenter\" aria-describedby=\"caption-attachment-4781\"><img loading=\"lazy\" decoding=\"async\" class=\"alignnone size-full wp-image-656\" src=\"https:\/\/autothaiduong.vn\/wp-content\/uploads\/2025\/05\/android-box-dx300-the-he-2.jpg\" alt=\"\" width=\"800\" height=\"1066\" srcset=\"https:\/\/autothaiduong.vn\/wp-content\/uploads\/2025\/05\/android-box-dx300-the-he-2.jpg 800w, https:\/\/autothaiduong.vn\/wp-content\/uploads\/2025\/05\/android-box-dx300-the-he-2-450x600.jpg 450w, https:\/\/autothaiduong.vn\/wp-content\/uploads\/2025\/05\/android-box-dx300-the-he-2-768x1023.jpg 768w, https:\/\/autothaiduong.vn\/wp-content\/uploads\/2025\/05\/android-box-dx300-the-he-2-600x800.jpg 600w\" sizes=\"auto, (max-width: 800px) 100vw, 800px\" \/><figcaption id=\"caption-attachment-4781\" class=\"wp-caption-text\">Android Box DX300 Th\u1ebf H\u1ec7 2<\/figcaption><\/figure>\n<h4><span id=\"Dat_Hang_Ngay\" class=\"ez-toc-section\"><\/span><strong>\u0110\u1eb7t H\u00e0ng Ngay<\/strong><\/h4>\n<p>\u0110\u1eebng b\u1ecf l\u1ee1 c\u01a1 h\u1ed9i s\u1edf h\u1eefu Android Box DX300 Th\u1ebf H\u1ec7 2 v\u1edbi gi\u00e1 \u01b0u \u0111\u00e3i v\u00e0 nh\u1eefng qu\u00e0 t\u1eb7ng h\u1ea5p d\u1eabn t\u1eeb<strong> Zestech.<\/strong><\/p>\n<p class=\"\" data-start=\"207\" data-end=\"448\">Li\u00ean h\u1ec7 ngay<span style=\"color: #ff0000;\"><strong> Auto Th\u00e1i D\u01b0\u01a1ng<\/strong> <\/span>\u0111\u1ec3 tr\u1ea3i nghi\u1ec7m s\u1ea3n ph\u1ea9m c\u00f4ng ngh\u1ec7 m\u1edbi nh\u1ea5t c\u00f9ng ch\u00ednh s\u00e1ch b\u1ea3o h\u00e0nh ch\u00ednh h\u00e3ng.<\/p>\n<p class=\"\" data-start=\"450\" data-end=\"589\"><strong data-start=\"450\" data-end=\"462\">\u0110\u1ecba ch\u1ec9:<\/strong><\/p>\n<ul>\n<li data-start=\"450\" data-end=\"589\"><strong><span style=\"color: #ff0000;\">273-275 Tr\u1ea7n Ph\u00fa Ph\u01b0\u1eddng L\u1ed9c S\u01a1n Th\u00e0nh Ph\u1ed1 B\u1ea3o L\u1ed9c T\u1ec9nh L\u00e2m \u0110\u1ed3ng\u00a0<\/span><\/strong><br data-start=\"531\" data-end=\"534\" \/><strong data-start=\"534\" data-end=\"546\">Hotline: <span style=\"color: #ff0000;\">0912197441<\/span><\/strong><\/li>\n<\/ul>\n","protected":false},"excerpt":{"rendered":"<h2>Th\u00f4ng S\u1ed1 K\u1ef9 Thu\u1eadt Android Box DX300 Th\u1ebf H\u1ec7 2<\/h2>\n<ul>\n<li><strong>CPU<\/strong>: Qualcomm SM6225.<\/li>\n<li><strong>RAM<\/strong>: 4GB.<\/li>\n<li><strong>ROM<\/strong>: 64GB.<\/li>\n<li><strong>Chip<\/strong>: 4xA73 2.4GHz &amp; 4xA53 1.9GHz.<\/li>\n<li><strong>CPU<\/strong>: Adreno\u2122 610.<\/li>\n<li><strong>Ch\u1ea5t l\u01b0\u1ee3ng video<\/strong>: 4K @fps (H.264, HEVC, VP8\/VP9).<\/li>\n<li><strong>H\u1ec7 \u0111i\u1ec1u h\u00e0nh<\/strong>: Android 13.<\/li>\n<li><strong>H\u1ed7 tr\u1ee3 th\u1ebb nh\u1edb<\/strong>: 128GB.<\/li>\n<li><strong>K\u1ebft n\u1ed1i<\/strong>: Wifi, Bluetooth, Sim 4G.<\/li>\n<\/ul>\n","protected":false},"featured_media":653,"comment_status":"open","ping_status":"closed","template":"","meta":[],"product_brand":[81],"product_cat":[69,17],"product_tag":[],"class_list":{"0":"post-652","1":"product","2":"type-product","3":"status-publish","4":"has-post-thumbnail","6":"product_brand-zestech","7":"product_cat-android-box","8":"product_cat-dvd-android-box","10":"first","11":"instock","12":"sale","13":"shipping-taxable","14":"purchasable","15":"product-type-simple"},"_links":{"self":[{"href":"https:\/\/autothaiduong.vn\/index.php?rest_route=\/wp\/v2\/product\/652","targetHints":{"allow":["GET"]}}],"collection":[{"href":"https:\/\/autothaiduong.vn\/index.php?rest_route=\/wp\/v2\/product"}],"about":[{"href":"https:\/\/autothaiduong.vn\/index.php?rest_route=\/wp\/v2\/types\/product"}],"replies":[{"embeddable":true,"href":"https:\/\/autothaiduong.vn\/index.php?rest_route=%2Fwp%2Fv2%2Fcomments&post=652"}],"wp:featuredmedia":[{"embeddable":true,"href":"https:\/\/autothaiduong.vn\/index.php?rest_route=\/wp\/v2\/media\/653"}],"wp:attachment":[{"href":"https:\/\/autothaiduong.vn\/index.php?rest_route=%2Fwp%2Fv2%2Fmedia&parent=652"}],"wp:term":[{"taxonomy":"product_brand","embeddable":true,"href":"https:\/\/autothaiduong.vn\/index.php?rest_route=%2Fwp%2Fv2%2Fproduct_brand&post=652"},{"taxonomy":"product_cat","embeddable":true,"href":"https:\/\/autothaiduong.vn\/index.php?rest_route=%2Fwp%2Fv2%2Fproduct_cat&post=652"},{"taxonomy":"product_tag","embeddable":true,"href":"https:\/\/autothaiduong.vn\/index.php?rest_route=%2Fwp%2Fv2%2Fproduct_tag&post=652"}],"curies":[{"name":"wp","href":"https:\/\/api.w.org\/{rel}","templated":true}]}}