{"id":666,"date":"2025-05-10T03:04:03","date_gmt":"2025-05-10T03:04:03","guid":{"rendered":"https:\/\/autothaiduong.vn\/?post_type=product&#038;p=666"},"modified":"2025-05-10T03:18:43","modified_gmt":"2025-05-10T03:18:43","slug":"android-box-zestech-dx14-plus-the-he-2","status":"publish","type":"product","link":"https:\/\/autothaiduong.vn\/?product=android-box-zestech-dx14-plus-the-he-2","title":{"rendered":"Android Box Zestech DX14 Plus Th\u1ebf H\u1ec7 2"},"content":{"rendered":"<p><img loading=\"lazy\" decoding=\"async\" class=\" wp-image-489 aligncenter\" src=\"https:\/\/autothaiduong.vn\/wp-content\/uploads\/2025\/04\/z6584734442481_f208f5944548cb4b46353402ce2e64e0.jpg\" alt=\"\" width=\"309\" height=\"274\" \/><\/p>\n<p><strong>Android Box Zestech DX14 Plus Th\u1ebf H\u1ec7 2: C\u1ea5u H\u00ecnh M\u1ea1nh Nh\u1ea5t Th\u1ecb Tr\u01b0\u1eddng<\/strong><\/p>\n<p>V\u1edbi m\u1ed9t thi\u1ebft k\u1ebf nh\u1ecf g\u1ecdn v\u00e0 giao di\u1ec7n ng\u01b0\u1eddi d\u00f9ng th\u00e2n thi\u1ec7n, vi\u1ec7c c\u00e0i \u0111\u1eb7t v\u00e0 s\u1eed d\u1ee5ng\u00a0<strong>Android Box Zestech DX14 Plus Th\u1ebf H\u1ec7 2<\/strong>\u00a0tr\u1edf n\u00ean d\u1ec5 d\u00e0ng v\u00e0 thu\u1eadn ti\u1ec7n. H\u00e3y tr\u1ea3i nghi\u1ec7m s\u1ef1 ti\u1ec7n \u00edch v\u00e0 s\u1ef1 \u0111a d\u1ea1ng c\u1ee7a Android Box DX14 Plus Th\u1ebf H\u1ec7 2 v\u00e0 bi\u1ebfn h\u00e0nh tr\u00ecnh l\u00e1i xe c\u1ee7a b\u1ea1n th\u00e0nh m\u1ed9t cu\u1ed9c phi\u00eau l\u01b0u gi\u1ea3i tr\u00ed \u0111\u1ea7y th\u00fa v\u1ecb.<\/p>\n<p><iframe loading=\"lazy\" title=\"YouTube video player\" src=\"https:\/\/www.youtube.com\/embed\/xjWoU2zAK0s?si=cYX2gCALu_849Mox\" width=\"560\" height=\"315\" frameborder=\"0\" allowfullscreen=\"allowfullscreen\" data-mce-fragment=\"1\"><\/iframe><\/p>\n<p><iframe loading=\"lazy\" title=\"YouTube video player\" src=\"https:\/\/www.youtube.com\/embed\/Wc0Sdhk96Q4?si=5ojMFlb8fmviNr0W\" width=\"560\" height=\"315\" frameborder=\"0\" allowfullscreen=\"allowfullscreen\" data-mce-fragment=\"1\"><\/iframe><\/p>\n<div id=\"ez-toc-container\" class=\"ez-toc-v2_0_74 counter-hierarchy ez-toc-counter ez-toc-custom ez-toc-container-direction\">\n<div class=\"ez-toc-title-container\">\n<p class=\"ez-toc-title\">N\u1ed9i dung b\u00e0i vi\u1ebft<\/p>\n<\/div>\n<nav><\/nav>\n<\/div>\n<h2><span id=\"Thong_So_Ky_Thuat_Android_Box_Zestech_DX14_Plus_The_He_2\" class=\"ez-toc-section\"><\/span>Th\u00f4ng S\u1ed1 K\u1ef9 Thu\u1eadt Android Box Zestech DX14 Plus Th\u1ebf H\u1ec7 2<\/h2>\n<ul>\n<li><strong>CPU<\/strong>: Qualcomm SM6225.<\/li>\n<li><strong>RAM<\/strong>: 8GB.<\/li>\n<li><strong>ROM<\/strong>: 128GB.<\/li>\n<li><strong>Chip<\/strong>: 4xA73 2.4GHz &amp; 4xA53 1.9GHz.<\/li>\n<li><strong>CPU<\/strong>: Adreno\u2122 610.<\/li>\n<li><strong>Ch\u1ea5t l\u01b0\u1ee3ng video<\/strong>: 4K @fps (H.264, HEVC, VP8\/VP9).<\/li>\n<li><strong>H\u1ec7 \u0111i\u1ec1u h\u00e0nh<\/strong>: Android 13.<\/li>\n<li><strong>H\u1ed7 tr\u1ee3 th\u1ebb nh\u1edb<\/strong>: 128GB.<\/li>\n<li><strong>K\u1ebft n\u1ed1i<\/strong>: Wifi, Bluetooth, Sim 4G.<\/li>\n<\/ul>\n<figure id=\"attachment_4785\" class=\"wp-caption aligncenter\" aria-describedby=\"caption-attachment-4785\"><img loading=\"lazy\" decoding=\"async\" class=\"alignnone size-full wp-image-668\" title=\"Android Box Zestech DX14 Plus Th\u1ebf H\u1ec7 2\" src=\"https:\/\/autothaiduong.vn\/wp-content\/uploads\/2025\/05\/cam-ussb-android-box-dx14-plus-the-he-2.jpg\" alt=\"Android Box Zestech DX14 Plus Th\u1ebf H\u1ec7 2\" width=\"800\" height=\"600\" srcset=\"https:\/\/autothaiduong.vn\/wp-content\/uploads\/2025\/05\/cam-ussb-android-box-dx14-plus-the-he-2.jpg 800w, https:\/\/autothaiduong.vn\/wp-content\/uploads\/2025\/05\/cam-ussb-android-box-dx14-plus-the-he-2-600x450.jpg 600w, https:\/\/autothaiduong.vn\/wp-content\/uploads\/2025\/05\/cam-ussb-android-box-dx14-plus-the-he-2-768x576.jpg 768w\" sizes=\"auto, (max-width: 800px) 100vw, 800px\" \/><figcaption id=\"caption-attachment-4785\" class=\"wp-caption-text\">Android Box Zestech DX14 Plus Th\u1ebf H\u1ec7 2<\/figcaption><\/figure>\n<h2><span id=\"Tinh_Nang_Cua_Android_Box_Zestech_Dx14_Plus_The_He_2\" class=\"ez-toc-section\"><\/span>T\u00ednh N\u0103ng C\u1ee7a Android Box Zestech Dx14 Plus Th\u1ebf H\u1ec7 2<\/h2>\n<p><em>Android Box Zestech DX14 Plus Th\u1ebf H\u1ec7 2<\/em>\u00a0l\u00e0 m\u1ed9t thi\u1ebft b\u1ecb m\u1ea1nh m\u1ebd mang l\u1ea1i nhi\u1ec1u ti\u1ec7n \u00edch cho ng\u01b0\u1eddi d\u00f9ng. D\u01b0\u1edbi \u0111\u00e2y l\u00e0 nh\u1eefng t\u00ednh n\u0103ng n\u1ed5i b\u1eadt c\u1ee7a s\u1ea3n ph\u1ea9m:<\/p>\n<ol>\n<li><strong>C\u1eadp nh\u1eadt \u1ee9ng d\u1ee5ng t\u1ef1 \u0111\u1ed9ng<\/strong>:\n<ul>\n<li>Lu\u00f4n c\u1eadp nh\u1eadt c\u00e1c \u1ee9ng d\u1ee5ng m\u1edbi nh\u1ea5t \u0111\u1ec3 mang l\u1ea1i tr\u1ea3i nghi\u1ec7m t\u1ed1t nh\u1ea5t v\u00e0 an to\u00e0n cho ng\u01b0\u1eddi d\u00f9ng.<\/li>\n<\/ul>\n<\/li>\n<li><strong>T\u00edch h\u1ee3p \u00e1p su\u1ea5t l\u1ed1p<\/strong>:\n<ul>\n<li>Gi\u00fap ki\u1ec3m tra v\u00e0 duy tr\u00ec \u00e1p su\u1ea5t l\u1ed1p trong t\u00ecnh tr\u1ea1ng t\u1ed1i \u01b0u, \u0111\u1ea3m b\u1ea3o an to\u00e0n v\u00e0 hi\u1ec7u qu\u1ea3 khi l\u00e1i xe.<\/li>\n<\/ul>\n<\/li>\n<li><strong>Ra l\u1ec7nh b\u1eb1ng gi\u1ecdng n\u00f3i<\/strong>:\n<ul>\n<li>\u0110i\u1ec1u khi\u1ec3n thi\u1ebft b\u1ecb m\u1ed9t c\u00e1ch d\u1ec5 d\u00e0ng v\u00e0 ti\u1ec7n l\u1ee3i th\u00f4ng qua c\u00e1c l\u1ec7nh gi\u1ecdng n\u00f3i, gi\u1ea3m s\u1ef1 ph\u00e2n t\u00e2m khi l\u00e1i xe.<\/li>\n<\/ul>\n<\/li>\n<li><strong>T\u00edch h\u1ee3p 3 lo\u1ea1i b\u1ea3n \u0111\u1ed3<\/strong>:\n<ul>\n<li>Bao g\u1ed3m Vietmap, Google Maps v\u00e0 Navitel, gi\u00fap b\u1ea1n lu\u00f4n t\u00ecm \u0111\u01b0\u1ee3c \u0111\u01b0\u1eddng \u0111i t\u1ed1t nh\u1ea5t v\u00e0 ph\u00f9 h\u1ee3p nh\u1ea5t cho h\u00e0nh tr\u00ecnh c\u1ee7a m\u00ecnh.<\/li>\n<\/ul>\n<\/li>\n<li><strong>Xem phim, nghe nh\u1ea1c, \u0111\u1ecdc b\u00e1o tr\u1ef1c tuy\u1ebfn<\/strong>:\n<ul>\n<li>Cung c\u1ea5p gi\u1ea3i tr\u00ed \u0111a d\u1ea1ng v\u00e0 phong ph\u00fa, gi\u00fap h\u00e0nh tr\u00ecnh tr\u1edf n\u00ean th\u00fa v\u1ecb v\u00e0 \u0111\u1ee1 nh\u00e0m ch\u00e1n h\u01a1n.<\/li>\n<\/ul>\n<\/li>\n<li><strong>Ki\u1ec3m tra ph\u1ea1t ngu\u1ed9i nhanh ch\u00f3ng<\/strong>:\n<ul>\n<li>Gi\u00fap b\u1ea1n ki\u1ec3m tra v\u00e0 qu\u1ea3n l\u00fd c\u00e1c vi ph\u1ea1m giao th\u00f4ng m\u1ed9t c\u00e1ch nhanh ch\u00f3ng, \u0111\u1ea3m b\u1ea3o tu\u00e2n th\u1ee7 lu\u1eadt l\u1ec7 giao th\u00f4ng.<\/li>\n<\/ul>\n<\/li>\n<li><strong>C\u1ea3nh b\u00e1o t\u1ed1c \u0111\u1ed9, c\u1ea3nh b\u00e1o kho\u1ea3ng c\u00e1ch<\/strong>:\n<ul>\n<li>\u0110\u1ea3m b\u1ea3o an to\u00e0n khi l\u00e1i xe b\u1eb1ng c\u00e1ch c\u1ea3nh b\u00e1o v\u1ec1 t\u1ed1c \u0111\u1ed9 v\u00e0 kho\u1ea3ng c\u00e1ch an to\u00e0n v\u1edbi c\u00e1c xe kh\u00e1c.<\/li>\n<\/ul>\n<\/li>\n<li><strong>Chia \u0111\u00f4i m\u00e0n h\u00ecnh, ch\u1ea1y \u0111a nhi\u1ec7m \u1ee9ng d\u1ee5ng<\/strong>:\n<ul>\n<li>Cho ph\u00e9p s\u1eed d\u1ee5ng nhi\u1ec1u \u1ee9ng d\u1ee5ng c\u00f9ng l\u00fac tr\u00ean m\u00e0n h\u00ecnh chia \u0111\u00f4i, t\u0103ng c\u01b0\u1eddng hi\u1ec7u qu\u1ea3 v\u00e0 ti\u1ec7n l\u1ee3i.<\/li>\n<\/ul>\n<\/li>\n<li><strong>Qu\u1ea3n l\u00fd, \u0111\u1ecbnh v\u1ecb xe t\u1eeb xa<\/strong>:\n<ul>\n<li>Theo d\u00f5i v\u00e0 \u0111i\u1ec1u khi\u1ec3n xe c\u1ee7a b\u1ea1n m\u1ecdi l\u00fac, m\u1ecdi n\u01a1i, gi\u00fap b\u1ea1n lu\u00f4n bi\u1ebft \u0111\u01b0\u1ee3c t\u00ecnh tr\u1ea1ng v\u00e0 v\u1ecb tr\u00ed c\u1ee7a xe.<\/li>\n<\/ul>\n<\/li>\n<\/ol>\n<p>V\u1edbi nh\u1eefng t\u00ednh n\u0103ng n\u00e0y,\u00a0Android Box Zestech DX14 Plus Th\u1ebf H\u1ec7 2\u00a0kh\u00f4ng ch\u1ec9 l\u00e0 m\u1ed9t thi\u1ebft b\u1ecb gi\u1ea3i tr\u00ed m\u00e0 c\u00f2n l\u00e0 tr\u1ee3 th\u1ee7 \u0111\u1eafc l\u1ef1c gi\u00fap n\u00e2ng cao tr\u1ea3i nghi\u1ec7m v\u00e0 an to\u00e0n khi l\u00e1i xe<\/p>\n<figure id=\"attachment_4786\" class=\"wp-caption aligncenter\" aria-describedby=\"caption-attachment-4786\"><img loading=\"lazy\" decoding=\"async\" class=\"alignnone size-full wp-image-669\" title=\"Android Box Zestech DX14 Plus Th\u1ebf H\u1ec7 2 Cho Innova 2024\" src=\"https:\/\/autothaiduong.vn\/wp-content\/uploads\/2025\/05\/android-box-zestech-dx14-plus-the-he-2.jpg\" alt=\"Android Box Zestech DX14 Plus Th\u1ebf H\u1ec7 2 Cho Innova 2024\" width=\"800\" height=\"600\" srcset=\"https:\/\/autothaiduong.vn\/wp-content\/uploads\/2025\/05\/android-box-zestech-dx14-plus-the-he-2.jpg 800w, https:\/\/autothaiduong.vn\/wp-content\/uploads\/2025\/05\/android-box-zestech-dx14-plus-the-he-2-600x450.jpg 600w, https:\/\/autothaiduong.vn\/wp-content\/uploads\/2025\/05\/android-box-zestech-dx14-plus-the-he-2-768x576.jpg 768w\" sizes=\"auto, (max-width: 800px) 100vw, 800px\" \/><figcaption id=\"caption-attachment-4786\" class=\"wp-caption-text\">Android Box Zestech DX14 Plus Th\u1ebf H\u1ec7 2 Cho Innova 2024<\/figcaption><\/figure>\n<h2><span id=\"Bao_Gia_Android_Box_Zestech_DX14_Plus_The_He_2\" class=\"ez-toc-section\"><\/span>B\u00e1o Gi\u00e1 Android Box Zestech DX14 Plus Th\u1ebf H\u1ec7 2<\/h2>\n<p>So v\u1edbi\u00a0<strong>android box DX14 pro<\/strong>\u00a0v\u00e0\u00a0<a href=\"https:\/\/zestech.com.vn\/san-pham\/android-box-dx14-plus\/\" target=\"_blank\" rel=\"noopener\">DX 14 Plus<\/a>\u00a0th\u00ec gi\u00e1 c\u1ea3 c\u0169ng nh\u01b0 c\u1ea5u h\u00ecnh c\u1ee7a android box Zestech DX14 Plus kh\u00f4ng c\u00f3 s\u1ef1 thay \u0111\u1ed5i. Ch\u1ec9 l\u00e0 android box DX14 Plus th\u1ebf h\u1ec7 2 \u0111\u01b0\u1ee3c n\u00e2ng c\u1ea5p th\u00eam h\u1ec7 th\u1ed1ng t\u1ef1 \u0111\u1ed9ng c\u1eadp nh\u1eadt OTA<\/p>\n<h3><span id=\"Gia_Lap_Dat\" class=\"ez-toc-section\"><\/span><strong>Gi\u00e1 L\u1eafp \u0110\u1eb7t<\/strong><\/h3>\n<p>V\u1edbi m\u1ee9c gi\u00e1 ban \u0111\u1ea7u l\u00e0 11.500.000\u0111,\u00a0<em>Android Box DX14 Plus Th\u1ebf H\u1ec7 2<\/em>\u00a0hi\u1ec7n \u0111ang \u0111\u01b0\u1ee3c gi\u1ea3m gi\u00e1 c\u1ef1c k\u1ef3 h\u1ea5p d\u1eabn ch\u1ec9 c\u00f2n\u00a0<strong>10.500.000\u0111<\/strong>. \u0110\u00e2y l\u00e0 c\u01a1 h\u1ed9i tuy\u1ec7t v\u1eddi \u0111\u1ec3 b\u1ea1n s\u1edf h\u1eefu m\u1ed9t thi\u1ebft b\u1ecb gi\u1ea3i tr\u00ed th\u00f4ng minh v\u00e0 ti\u1ec7n \u00edch cho xe c\u1ee7a m\u00ecnh.<\/p>\n<h3><span id=\"Uu_Dai_Hap_Dan\" class=\"ez-toc-section\"><\/span><strong>\u01afu \u0110\u00e3i H\u1ea5p D\u1eabn<\/strong><\/h3>\n<p>\u0110\u1ec3 mang l\u1ea1i s\u1ef1 h\u00e0i l\u00f2ng t\u1ed1i \u0111a cho kh\u00e1ch h\u00e0ng, Zestech cam k\u1ebft cung c\u1ea5p nh\u1eefng \u01b0u \u0111\u00e3i \u0111\u1eb7c bi\u1ec7t \u0111i k\u00e8m v\u1edbi Android Zestech Box DX14 Plus Th\u1ebf H\u1ec7 2:<\/p>\n<ul>\n<li><strong>B\u1ea3o h\u00e0nh 5 n\u0103m<\/strong>: \u0110\u1ea3m b\u1ea3o s\u1ef1 an t\u00e2m v\u00e0 tin c\u1eady trong qu\u00e1 tr\u00ecnh s\u1eed d\u1ee5ng.<\/li>\n<li><strong>Ch\u00ednh s\u00e1ch l\u1ed7i 1 \u0111\u1ed5i 1 trong 2 n\u0103m<\/strong>: B\u1ea3o v\u1ec7 quy\u1ec1n l\u1ee3i c\u1ee7a b\u1ea1n m\u1ed9t c\u00e1ch t\u1ed1i \u0111a.<\/li>\n<li><strong>D\u00f9ng th\u1eed 7 ng\u00e0y MI\u1ec4N PH\u00cd<\/strong>: C\u01a1 h\u1ed9i \u0111\u1ec3 b\u1ea1n tr\u1ea3i nghi\u1ec7m s\u1ea3n ph\u1ea9m tr\u01b0\u1edbc khi quy\u1ebft \u0111\u1ecbnh mua.<\/li>\n<li><strong>Qu\u00e0 t\u1eb7ng \u0111\u1eb7c bi\u1ec7t<\/strong>: Camera h\u00e0nh tr\u00ecnh D10, b\u1ea3n quy\u1ec1n tr\u1ecdn \u0111\u1eddi Vietmap S1, sim 4G v\u00e0 tr\u1ee3 l\u00fd gi\u1ecdng n\u00f3i KIKI.<\/li>\n<li><strong>Gi\u1ea3m gi\u00e1 1.000.000\u0111<\/strong>: Kh\u00e1ch h\u00e0ng ch\u1ecdn gi\u1ea3m gi\u00e1 1.000.000\u0111 ho\u1eb7c b\u1ed9 c\u1ea3m bi\u1ebfn \u00e1p su\u1ea5t l\u1ed1p<\/li>\n<\/ul>\n<figure id=\"attachment_4787\" class=\"wp-caption aligncenter\" aria-describedby=\"caption-attachment-4787\"><img loading=\"lazy\" decoding=\"async\" class=\"alignnone size-full wp-image-670\" title=\"T\u1eb7ng Cam H\u00e0nh Tr\u00ecnh D10 Khi L\u1eafp DX14 Plus Th\u1ebf H\u1ec7 2\" src=\"https:\/\/autothaiduong.vn\/wp-content\/uploads\/2025\/05\/camera-hanh-trinh-d10.jpg\" alt=\"T\u1eb7ng Cam H\u00e0nh Tr\u00ecnh D10 Khi L\u1eafp DX14 Plus Th\u1ebf H\u1ec7 2\" width=\"800\" height=\"600\" srcset=\"https:\/\/autothaiduong.vn\/wp-content\/uploads\/2025\/05\/camera-hanh-trinh-d10.jpg 800w, https:\/\/autothaiduong.vn\/wp-content\/uploads\/2025\/05\/camera-hanh-trinh-d10-600x450.jpg 600w, https:\/\/autothaiduong.vn\/wp-content\/uploads\/2025\/05\/camera-hanh-trinh-d10-768x576.jpg 768w\" sizes=\"auto, (max-width: 800px) 100vw, 800px\" \/><figcaption id=\"caption-attachment-4787\" class=\"wp-caption-text\">T\u1eb7ng Cam H\u00e0nh Tr\u00ecnh D10 Khi L\u1eafp DX14 Plus Th\u1ebf H\u1ec7 2<\/figcaption><\/figure>\n<h3><span id=\"Dat_Hang_Ngay\" class=\"ez-toc-section\"><\/span><strong>\u0110\u1eb7t H\u00e0ng Ngay<\/strong><\/h3>\n<p>\u0110\u1eebng b\u1ecf l\u1ee1 c\u01a1 h\u1ed9i s\u1edf h\u1eefu Android Box DX14 Plus Th\u1ebf H\u1ec7 2 v\u1edbi gi\u00e1 \u01b0u \u0111\u00e3i v\u00e0 nh\u1eefng qu\u00e0 t\u1eb7ng h\u1ea5p d\u1eabn t\u1eeb Zestech. H\u00e3y li\u00ean h\u1ec7 ngay v\u1edbi Th\u00e0nh Ph\u00e1t \u0111\u1ec3 \u0111\u01b0\u1ee3c t\u01b0 v\u1ea5n chi ti\u1ebft v\u00e0 \u0111\u1eb7t h\u00e0ng:<\/p>\n<ul>\n<li><strong>Hotline<\/strong>:<strong><span style=\"color: #ff0000;\"> 0912197441<\/span><\/strong><\/li>\n<\/ul>\n<p>H\u00e3y tr\u1ea3i nghi\u1ec7m c\u00f4ng ngh\u1ec7 hi\u1ec7n \u0111\u1ea1i v\u00e0 \u0111\u1eb3ng c\u1ea5p v\u1edbi\u00a0Android Box Zestech DX14 Plus Th\u1ebf H\u1ec7 2\u00a0t\u1eeb Zestech ngay h\u00f4m nay! \u0110\u1eebng qu\u00ean s\u1eed d\u1ee5ng c\u00e1c hashtag ph\u00f9 h\u1ee3p \u0111\u1ec3 t\u0103ng kh\u1ea3 n\u0103ng t\u00ecm ki\u1ebfm nh\u01b0 #androidbox #zestech #dx14 #thehe2 #dx14plus<\/p>\n<p class=\"\" data-start=\"207\" data-end=\"448\">Li\u00ean h\u1ec7 ngay <strong><span style=\"color: #ff0000;\">Auto Th\u00e1i D\u01b0\u01a1ng<\/span><\/strong>\u00a0\u0111\u1ec3 tr\u1ea3i nghi\u1ec7m s\u1ea3n ph\u1ea9m c\u00f4ng ngh\u1ec7 m\u1edbi nh\u1ea5t c\u00f9ng ch\u00ednh s\u00e1ch b\u1ea3o h\u00e0nh ch\u00ednh h\u00e3ng.<\/p>\n<p class=\"\" data-start=\"450\" data-end=\"589\"><strong data-start=\"450\" data-end=\"462\">\u0110\u1ecba ch\u1ec9:<\/strong><\/p>\n<ul>\n<li data-start=\"450\" data-end=\"589\"><strong><span style=\"color: #ff0000;\">273-275 Tr\u1ea7n Ph\u00fa Ph\u01b0\u1eddng L\u1ed9c S\u01a1n Th\u00e0nh Ph\u1ed1 B\u1ea3o L\u1ed9c T\u1ec9nh L\u00e2m \u0110\u1ed3ng\u00a0<\/span><\/strong><br data-start=\"531\" data-end=\"534\" \/><strong data-start=\"534\" data-end=\"546\">Hotline:<span style=\"color: #ff0000;\"> 0912197441<\/span><\/strong><\/li>\n<\/ul>\n","protected":false},"excerpt":{"rendered":"<h2>Th\u00f4ng S\u1ed1 K\u1ef9 Thu\u1eadt Android Box Zestech DX14 Plus Th\u1ebf H\u1ec7 2<\/h2>\n<ul>\n<li><strong>CPU<\/strong>: Qualcomm SM6225.<\/li>\n<li><strong>RAM<\/strong>: 8GB.<\/li>\n<li><strong>ROM<\/strong>: 128GB.<\/li>\n<li><strong>Chip<\/strong>: 4xA73 2.4GHz &amp; 4xA53 1.9GHz.<\/li>\n<li><strong>CPU<\/strong>: Adreno\u2122 610.<\/li>\n<li><strong>Ch\u1ea5t l\u01b0\u1ee3ng video<\/strong>: 4K @fps (H.264, HEVC, VP8\/VP9).<\/li>\n<li><strong>H\u1ec7 \u0111i\u1ec1u h\u00e0nh<\/strong>: Android 13.<\/li>\n<li><strong>H\u1ed7 tr\u1ee3 th\u1ebb nh\u1edb<\/strong>: 128GB.<\/li>\n<li><strong>K\u1ebft n\u1ed1i<\/strong>: Wifi, Bluetooth, Sim 4G.<\/li>\n<\/ul>\n","protected":false},"featured_media":667,"comment_status":"open","ping_status":"closed","template":"","meta":[],"product_brand":[81],"product_cat":[17,69],"product_tag":[],"class_list":{"0":"post-666","1":"product","2":"type-product","3":"status-publish","4":"has-post-thumbnail","6":"product_brand-zestech","7":"product_cat-dvd-android-box","8":"product_cat-android-box","10":"first","11":"instock","12":"sale","13":"shipping-taxable","14":"purchasable","15":"product-type-simple"},"_links":{"self":[{"href":"https:\/\/autothaiduong.vn\/index.php?rest_route=\/wp\/v2\/product\/666","targetHints":{"allow":["GET"]}}],"collection":[{"href":"https:\/\/autothaiduong.vn\/index.php?rest_route=\/wp\/v2\/product"}],"about":[{"href":"https:\/\/autothaiduong.vn\/index.php?rest_route=\/wp\/v2\/types\/product"}],"replies":[{"embeddable":true,"href":"https:\/\/autothaiduong.vn\/index.php?rest_route=%2Fwp%2Fv2%2Fcomments&post=666"}],"wp:featuredmedia":[{"embeddable":true,"href":"https:\/\/autothaiduong.vn\/index.php?rest_route=\/wp\/v2\/media\/667"}],"wp:attachment":[{"href":"https:\/\/autothaiduong.vn\/index.php?rest_route=%2Fwp%2Fv2%2Fmedia&parent=666"}],"wp:term":[{"taxonomy":"product_brand","embeddable":true,"href":"https:\/\/autothaiduong.vn\/index.php?rest_route=%2Fwp%2Fv2%2Fproduct_brand&post=666"},{"taxonomy":"product_cat","embeddable":true,"href":"https:\/\/autothaiduong.vn\/index.php?rest_route=%2Fwp%2Fv2%2Fproduct_cat&post=666"},{"taxonomy":"product_tag","embeddable":true,"href":"https:\/\/autothaiduong.vn\/index.php?rest_route=%2Fwp%2Fv2%2Fproduct_tag&post=666"}],"curies":[{"name":"wp","href":"https:\/\/api.w.org\/{rel}","templated":true}]}}