{"id":68,"date":"2025-04-25T08:11:24","date_gmt":"2025-04-25T08:11:24","guid":{"rendered":"https:\/\/autothaiduong.vn\/?post_type=product&#038;p=68"},"modified":"2025-05-15T13:56:49","modified_gmt":"2025-05-15T13:56:49","slug":"bong-led-vinfast-vf3-naoevo-s3-pro-chan-h7","status":"publish","type":"product","link":"https:\/\/autothaiduong.vn\/?product=bong-led-vinfast-vf3-naoevo-s3-pro-chan-h7","title":{"rendered":"B\u00d3NG LED VINFAST VF3: NAOEVO S3 PRO CH\u00c2N H7"},"content":{"rendered":"<p>Vinfast VF3 l\u00e0 m\u1eabu xe \u0111i\u1ec7n mini \u0111\u00f4 th\u1ecb \u0111\u01b0\u1ee3c Vinfast thi\u1ebft k\u1ebf nh\u1eb1m ph\u1ee5c v\u1ee5 kh\u00e1ch h\u00e0ng di chuy\u1ec3n linh ho\u1ea1t trong th\u00e0nh ph\u1ed1, v\u00e0 n\u00e2ng c\u1ea5p h\u1ec7 th\u1ed1ng chi\u1ebfu s\u00e1ng cho x\u1ebf b\u1eb1ng b\u00f3ng led Naoevo S3 Pro ch\u00e2n H7 \u0111\u01b0\u1ee3c kh\u00e1ch h\u00e0ng l\u1ef1a ch\u1ecdn b\u1edfi hi\u1ec7u su\u1ea5t cao c\u00f9ng \u0111\u1ed9 b\u1ec1n t\u1ed1t.<\/p>\n<p><img loading=\"lazy\" decoding=\"async\" class=\"alignnone size-full wp-image-70\" src=\"https:\/\/autothaiduong.vn\/wp-content\/uploads\/2025\/04\/BONG-LED-VINFAST-VF3-4.jpg\" width=\"1280\" height=\"720\" srcset=\"https:\/\/autothaiduong.vn\/wp-content\/uploads\/2025\/04\/BONG-LED-VINFAST-VF3-4.jpg 1280w, https:\/\/autothaiduong.vn\/wp-content\/uploads\/2025\/04\/BONG-LED-VINFAST-VF3-4-600x338.jpg 600w, https:\/\/autothaiduong.vn\/wp-content\/uploads\/2025\/04\/BONG-LED-VINFAST-VF3-4-300x169.jpg 300w, https:\/\/autothaiduong.vn\/wp-content\/uploads\/2025\/04\/BONG-LED-VINFAST-VF3-4-1024x576.jpg 1024w, https:\/\/autothaiduong.vn\/wp-content\/uploads\/2025\/04\/BONG-LED-VINFAST-VF3-4-768x432.jpg 768w\" sizes=\"auto, (max-width: 1280px) 100vw, 1280px\" \/><\/p>\n<h2><a id=\"1-s--l---c-v--xe-vinfast-vf3-nbsp-\" class=\"toc-a-tag\"><\/a>1. S\u01a1 l\u01b0\u1ee3c v\u1ec1 xe Vinfast VF3<\/h2>\n<p>Vinfast VF3 l\u00e0 d\u00f2ng xe \u0111i\u1ec7n mini \u0111\u1ea7u ti\u00ean \u0111\u01b0\u1ee3c Vinfast nghi\u00ean c\u1ee9u v\u00e0 ph\u00e1t tri\u1ec3n d\u1ef1a tr\u00ean nh\u1eefng \u0111\u1eb7c t\u00ednh v\u00e0 th\u00f3i quen giao th\u00f4ng c\u1ee7a ng\u01b0\u1eddi ti\u00eau d\u00f9ng n\u1ed9i \u0111\u1ecba. Xe c\u00f3 chi\u1ec1u d\u00e0i t\u1ed5ng th\u1ec3 kho\u1ea3ng 3.114mm v\u1edbi thi\u1ebft k\u1ebf 2 c\u1ee7a b\u00ean h\u00f4ng, 1 c\u1eeda c\u1ed1p sau c\u00f9ng v\u1edbi kh\u00f4ng gian n\u1ed9i th\u1ea5t v\u1eeba \u0111\u1ee7 cho 5 ng\u01b0\u1eddi. Ph\u1ea7n th\u00e2n xe thi\u1ebft k\u1ebf nh\u1ecf g\u1ecdn nh\u01b0ng cao r\u00e1o, kh\u1ecfe kho\u1eafn nh\u1edd \u0111\u01b0\u1ee3c trang b\u1ecb b\u1ed9 la-z\u0103ng c\u00f3 k\u00edch th\u01b0\u1edbc l\u00ean t\u1edbi 16 inch gi\u00fap t\u1ea1o ra kho\u1ea3ng g\u1ea7m xe l\u1edbn, gi\u00fap xe di chuy\u1ec3n m\u1ed9t c\u00e1ch d\u1ec5 d\u00e0ng tr\u00ean nhi\u1ec1u \u0111i\u1ec1u ki\u1ec7n \u0111\u1ecba h\u00ecnh kh\u00e1c nhau.<\/p>\n<p><img loading=\"lazy\" decoding=\"async\" class=\"alignnone size-full wp-image-71\" src=\"https:\/\/autothaiduong.vn\/wp-content\/uploads\/2025\/04\/vinfast-vf3-3.jpg\" width=\"1280\" height=\"720\" srcset=\"https:\/\/autothaiduong.vn\/wp-content\/uploads\/2025\/04\/vinfast-vf3-3.jpg 1280w, https:\/\/autothaiduong.vn\/wp-content\/uploads\/2025\/04\/vinfast-vf3-3-600x338.jpg 600w, https:\/\/autothaiduong.vn\/wp-content\/uploads\/2025\/04\/vinfast-vf3-3-300x169.jpg 300w, https:\/\/autothaiduong.vn\/wp-content\/uploads\/2025\/04\/vinfast-vf3-3-1024x576.jpg 1024w, https:\/\/autothaiduong.vn\/wp-content\/uploads\/2025\/04\/vinfast-vf3-3-768x432.jpg 768w\" sizes=\"auto, (max-width: 1280px) 100vw, 1280px\" \/><\/p>\n<p>V\u1ec1 n\u1ed9i th\u1ea5t th\u00ec Vinfast VF3 \u0111\u01b0\u1ee3c thi\u1ebft k\u1ebf t\u1ed1i gi\u1ea3n nh\u1eb1m t\u1ed1i \u01b0u \u0111\u01b0\u1ee3c kh\u00f4ng gian b\u00ean trong cho 5 ng\u01b0\u1eddi ng\u1ed3i. Xe bao g\u1ed3m c\u00e1c t\u00ednh n\u0103ng th\u00f4ng minh c\u01a1 b\u1ea3n t\u00edch h\u1ee3p m\u1ed9t c\u00e1ch \u0111\u1ea7y \u0111\u1ee7 nh\u1eb1m \u0111\u1ea3m b\u1ea3o tr\u1ea3i nghi\u1ec7m m\u1ed9t c\u00e1ch tho\u1ea3i m\u00e1i v\u00e0 ti\u1ec7n nghi cho ng\u01b0\u1eddi d\u00f9ng.<\/p>\n<p>Ngo\u00e0i ra th\u00ec xe c\u00f2n \u0111\u01b0\u1ee3c trang b\u1ecb \u0111\u1ed9ng c\u01a1 \u0111i\u1ec7n v\u00e0 pin c\u00f3 qu\u00e3ng \u0111\u01b0\u1eddng di chuy\u1ec3n \u0111\u00e1p \u1ee9ng \u0111\u01b0\u1ee3c nhu c\u1ea7u v\u00e0 th\u00f3i quen s\u1eed d\u1ee5ng h\u00e0ng ng\u00e0y c\u1ee7a \u0111\u1ea1i \u0111a s\u1ed1 ng\u01b0\u1eddi Vi\u1ec7t.<\/p>\n<p>V\u1ec1 ho\u1ea1t \u0111\u1ed9ng th\u00ec Vinfast VF3 c\u00f3 th\u1ec3 di chuy\u1ec3n ho\u1ea1t \u0111\u1ed9ng kho\u1ea3ng 200km, ph\u00f9 h\u1ee3p cho vi\u1ec7c di chuy\u1ec3n trong th\u00e0nh ph\u1ed1. Xe th\u00edch h\u1ee3p tr\u1edf th\u00e0nh ph\u01b0\u01a1ng ti\u1ec7n th\u1ee9 hai c\u1ee7a gia \u0111\u00ecnh, \u0111\u00e1p \u1ee9ng \u0111\u01b0\u1ee3c nhu c\u1ea7u c\u01a1 b\u1ea3n nh\u01b0 d\u1ea1o ph\u1ed1, \u0111\u00f3n con hay \u0111i ch\u1ee3.<\/p>\n<h2><a id=\"2-s--l---c-v--b-ng-led-vinfast-vf3-naoevo-s3-pro-ch-n-h7\" class=\"toc-a-tag\"><\/a>2. S\u01a1 l\u01b0\u1ee3c v\u1ec1 b\u00f3ng Led Vinfast VF3 NaoEvo S3 Pro ch\u00e2n H7<\/h2>\n<p>B\u00f3ng Led Vinfast VF3 NaoEvo S3 Pro ch\u00e2n H7 \u0111\u01b0\u1ee3c thi\u1ebft k\u1ebf nh\u1ecf g\u1ecdn, t\u00edch h\u1ee3p gi\u00fap cho qu\u00e1 tr\u00ecnh l\u1eafp \u0111\u1eb7t d\u1ec5 d\u00e0ng h\u01a1n. Th\u00f4ng th\u01b0\u1eddng th\u00ec nh\u1eefng b\u00f3ng \u0111\u00e8n n\u00e0y c\u00f3 kh\u1ea3 n\u0103ng t\u01b0\u01a1ng th\u00edch v\u1edbi c\u00e1c d\u00f2ng xe m\u00e1y v\u00e0 \u00f4 t\u00f4 l\u00ean \u0111\u1ebfn 99% v\u00e0 vi\u1ec7c trang b\u1ecb l\u00ean ch\u00f3a \u0111\u00e8n c\u0169ng c\u1ef1c k\u1ef3 \u0111\u01a1n gi\u1ea3n, kh\u00f4ng t\u1ed1n nhi\u1ec1u th\u1eddi gian.<\/p>\n<p><img loading=\"lazy\" decoding=\"async\" class=\"alignnone size-full wp-image-72\" src=\"https:\/\/autothaiduong.vn\/wp-content\/uploads\/2025\/04\/naoevo-s3-pro.jpg\" width=\"1280\" height=\"960\" srcset=\"https:\/\/autothaiduong.vn\/wp-content\/uploads\/2025\/04\/naoevo-s3-pro.jpg 1280w, https:\/\/autothaiduong.vn\/wp-content\/uploads\/2025\/04\/naoevo-s3-pro-600x450.jpg 600w, https:\/\/autothaiduong.vn\/wp-content\/uploads\/2025\/04\/naoevo-s3-pro-300x225.jpg 300w, https:\/\/autothaiduong.vn\/wp-content\/uploads\/2025\/04\/naoevo-s3-pro-1024x768.jpg 1024w, https:\/\/autothaiduong.vn\/wp-content\/uploads\/2025\/04\/naoevo-s3-pro-768x576.jpg 768w\" sizes=\"auto, (max-width: 1280px) 100vw, 1280px\" \/><\/p>\n<p>\u0110\u1eb7c bi\u1ec7t, Vinfast VF3 NaoEvo S3 Pro ch\u00e2n H7 t\u00edch h\u1ee3p t\u00ednh n\u0103ng Canbus gi\u1ea3i m\u00e3 gi\u00fap cho vi\u1ec7c qu\u1ea3n l\u00fd v\u00e0 \u0111i\u1ec1u khi\u1ec3n ho\u1ea1t \u0111\u1ed9ng c\u1ee7a b\u00f3ng Led m\u1ed9t c\u00e1ch hi\u1ec7u qu\u1ea3, nh\u1eb1m \u0111\u1ea3m b\u1ea3o kh\u1ea3 n\u0103ng t\u01b0\u01a1ng th\u00edch v\u1edbi nhi\u1ec1u d\u00f2ng xe v\u00e0 hi\u1ec7u su\u1ea5t m\u1ed9t c\u00e1ch \u1ed5n \u0111\u1ecbnh.<\/p>\n<p>V\u1edbi c\u00f4ng su\u1ea5t l\u00ean \u0111\u1ebfn 45W\/b\u00f3ng, Lumen \u0111\u1ea1t 5000LM\/b\u00f3ng v\u00e0 s\u1eed d\u1ee5ng chip LED cao c\u1ea5p, NaoEVo S3 Pro ch\u00e2n H7 \u0111em \u0111\u1ebfn ho\u1ea1t \u0111\u1ed9ng hi\u1ec7u qu\u1ea3 khi \u0111\u01b0\u1ee3c l\u1eafp \u0111\u1eb7t tr\u00ean Vinfast VF3.<\/p>\n<p>Ngo\u00e0i ra v\u1edbi nhi\u1ec7t m\u00e0u 5800K cho ra \u00e1nh s\u00e1ng tr\u1eafng t\u1ef1 nhi\u00ean, NaoEvo S3 Pro mang \u0111\u1ebfn t\u1ea7m nh\u00ecn r\u00f5 r\u00e0ng nh\u01b0 ban ng\u00e0y, v\u01b0\u1ee3t tr\u1ed9i so v\u1edbi \u0111\u00e8n halogen truy\u1ec1n th\u1ed1ng m\u00e0 v\u1eabn \u0111\u1ea3m b\u1ea3o kh\u00f4ng g\u00e2y ch\u00f3i m\u1eaft cho xe \u0111\u1ed1i di\u1ec7n, g\u00f3p ph\u1ea7n t\u1ea1o n\u00ean m\u1ed9t m\u00f4i tr\u01b0\u1eddng l\u00e1i xe an to\u00e0n v\u00e0 v\u0103n minh. Nh\u1edd lu\u1ed3ng s\u00e1ng trung t\u00e2m r\u00f5 n\u00e9t, kh\u00f4ng c\u00f3 \u0111i\u1ec3m t\u1ed1i, \u0111\u00e2y l\u00e0 l\u1ef1a ch\u1ecdn l\u00fd t\u01b0\u1edfng \u0111\u1ec3 thay th\u1ebf b\u00f3ng halogen ho\u1eb7c HID tr\u00ean xe c\u1ee7a b\u1ea1n.<\/p>\n<h2><a id=\"3-l--i--ch-c--a-b-ng-led-vinfast-vf3-naoevo-s3-pro-ch-n-h7\" class=\"toc-a-tag\"><\/a>3. L\u1ee3i \u00edch c\u1ee7a b\u00f3ng LED VinFast VF3 NaoEvo S3 Pro ch\u00e2n H7<\/h2>\n<p>B\u00f3ng LED VinFast VF3 NaoEvo S3 Pro ch\u00e2n H7 mang \u0111\u1ebfn nhi\u1ec1u l\u1ee3i \u00edch v\u01b0\u1ee3t tr\u1ed9i, kh\u00f4ng ch\u1ec9 c\u1ea3i thi\u1ec7n tr\u1ea3i nghi\u1ec7m l\u00e1i xe m\u00e0 c\u00f2n n\u00e2ng cao \u0111\u1ed9 an to\u00e0n. D\u01b0\u1edbi \u0111\u00e2y l\u00e0 nh\u1eefng \u01b0u \u0111i\u1ec3m n\u1ed5i b\u1eadt c\u1ee7a vi\u1ec7c trang b\u1ecb b\u00f3ng LED NaoEvo S3 Pro ch\u00e2n H7 m\u00e0 b\u1ea1n c\u00f3 th\u1ec3 c\u00e2n nh\u1eafc:<\/p>\n<ul>\n<li aria-level=\"1\">\u00c1nh s\u00e1ng m\u1ea1nh m\u1ebd v\u00e0 s\u1eafc n\u00e9t h\u01a1n so v\u1edbi \u0111\u00e8n halogen truy\u1ec1n th\u1ed1ng, gi\u00fap c\u1ea3i thi\u1ec7n t\u1ea7m nh\u00ecn \u0111\u00e1ng k\u1ec3 v\u00e0o ban \u0111\u00eam v\u00e0 trong \u0111i\u1ec1u ki\u1ec7n th\u1eddi ti\u1ebft x\u1ea5u.<\/li>\n<\/ul>\n<ul>\n<li aria-level=\"1\">Hi\u1ec7u su\u1ea5t chi\u1ebfu s\u00e1ng cao, \u0111\u1ed9 b\u1ec1n \u1ea5n t\u01b0\u1ee3ng c\u00f9ng tu\u1ed5i th\u1ecd k\u00e9o d\u00e0i, gi\u00fap gi\u1ea3m thi\u1ec3u vi\u1ec7c thay th\u1ebf th\u01b0\u1eddng xuy\u00ean v\u00e0 ti\u1ebft ki\u1ec7m chi ph\u00ed b\u1ea3o d\u01b0\u1ee1ng.<\/li>\n<\/ul>\n<ul>\n<li aria-level=\"1\">V\u1edbi thi\u1ebft k\u1ebf nh\u1ecf g\u1ecdn gi\u00fap qu\u00e1 tr\u00ecnh l\u1eafp \u0111\u1eb7t d\u1ec5 d\u00e0ng, mang l\u1ea1i di\u1ec7n m\u1ea1o hi\u1ec7n \u0111\u1ea1i v\u00e0 phong c\u00e1ch h\u01a1n cho VF3, \u0111\u1ed3ng th\u1eddi n\u00e2ng t\u1ea7m gi\u00e1 tr\u1ecb th\u1ea9m m\u1ef9 t\u1ed5ng th\u1ec3 c\u1ee7a xe v\u00e0 th\u1ec3 hi\u1ec7n c\u00e1 t\u00ednh c\u1ee7a ch\u1ee7 nh\u00e2n.<\/li>\n<\/ul>\n<h2><a id=\"4-h-nh--nh------n-b-ng-led-vinfast-vf3-naoevo-s3-pro-ch-n-h7-nbsp-\" class=\"toc-a-tag\"><\/a>4. H\u00ecnh \u1ea3nh \u0111\u1ed9 \u0111\u00e8n b\u00f3ng LED VinFast VF3 NaoEvo S3 Pro ch\u00e2n H7<\/h2>\n<p>\u0110ANG C\u1eacP NH\u1eacT<\/p>\n<p>B\u00f3ng LED VinFast VF3 NaoEvo S3 Pro ch\u00e2n H7 kh\u00f4ng ch\u1ec9 c\u1ea3i thi\u1ec7n h\u1ec7 th\u1ed1ng chi\u1ebfu s\u00e1ng cho xe m\u00e0 c\u00f2n gia t\u00ednh t\u00ednh th\u1ea9m m\u1ef9. N\u1ebfu nh\u01b0 qu\u00fd kh\u00e1ch h\u00e0ng c\u00f3 mu\u1ed1n n\u00e2ng c\u1ea5p v\u00e0 tr\u1ea3i nghi\u1ec7m tr\u1ea3i s\u1ea3n ph\u1ea9m th\u00ec c\u00f3 th\u1ec3 li\u00ean h\u1ec7 \u0111\u1ebfn Auto Th\u00e1i D\u01b0\u01a1ng \u0111\u1ec3 \u0111\u01b0\u1ee3c t\u01b0 v\u1ea5n v\u00e0 h\u1ed7 tr\u1ee3 m\u1ed9t c\u00e1ch nhanh nh\u1ea5t.<\/p>\n","protected":false},"excerpt":{"rendered":"<table>\n<tbody>\n<tr>\n<td class=\"lileft\">T\u00ean S\u1ea3n Ph\u1ea9m:<\/td>\n<td class=\"liright\">B\u00d3NG LED VINFAST VF3: NAOEVO S3 PRO CH\u00c2N H7<\/td>\n<\/tr>\n<tr>\n<td class=\"lileft\">Lo\u1ea1i \u0110\u00e8n:<\/td>\n<td class=\"liright\">B\u00d3NG LED<\/td>\n<\/tr>\n<tr>\n<td class=\"lileft\">Th\u01b0\u01a1ng Hi\u1ec7u:<\/td>\n<td class=\"liright\">NAOEVO<\/td>\n<\/tr>\n<tr>\n<td class=\"lileft\">N\u0103m s\u1ea3n xu\u1ea5t:<\/td>\n<td class=\"liright\">2024<\/td>\n<\/tr>\n<tr>\n<td class=\"lileft\">C\u00f4ng su\u1ea5t \u0111\u00e8n:<\/td>\n<td class=\"liright\">55W<\/td>\n<\/tr>\n<tr>\n<td class=\"lileft\">Ch\u00e2n B\u00f3ng:<\/td>\n<td class=\"liright\">H7<\/td>\n<\/tr>\n<tr>\n<td class=\"lileft\">Nhi\u1ec7t m\u00e0u:<\/td>\n<td class=\"liright\">5800K<\/td>\n<\/tr>\n<tr>\n<td class=\"lileft\">H\u1ec7 Th\u1ed1ng T\u1ea3n Nhi\u1ec7t:<\/td>\n<td class=\"liright\">\u0110\u1ed3ng<\/td>\n<\/tr>\n<tr>\n<td class=\"lileft\">Tu\u1ed5i th\u1ecd:<\/td>\n<td class=\"liright\">30.000 Gi\u1edd<\/td>\n<\/tr>\n<tr>\n<td class=\"lileft\">\u0110i\u1ec7n \u00c1p:<\/td>\n<td class=\"liright\">9-16V<\/td>\n<\/tr>\n<tr>\n<td class=\"lileft\">B\u1ea3o h\u00e0nh:<\/td>\n<td class=\"liright\">24 Th\u00e1ng<\/td>\n<\/tr>\n<\/tbody>\n<\/table>\n","protected":false},"featured_media":70,"comment_status":"open","ping_status":"closed","template":"","meta":[],"product_brand":[],"product_cat":[67],"product_tag":[],"class_list":{"0":"post-68","1":"product","2":"type-product","3":"status-publish","4":"has-post-thumbnail","6":"product_cat-phu-kien-vf3","8":"first","9":"instock","10":"shipping-taxable","11":"purchasable","12":"product-type-simple"},"_links":{"self":[{"href":"https:\/\/autothaiduong.vn\/index.php?rest_route=\/wp\/v2\/product\/68","targetHints":{"allow":["GET"]}}],"collection":[{"href":"https:\/\/autothaiduong.vn\/index.php?rest_route=\/wp\/v2\/product"}],"about":[{"href":"https:\/\/autothaiduong.vn\/index.php?rest_route=\/wp\/v2\/types\/product"}],"replies":[{"embeddable":true,"href":"https:\/\/autothaiduong.vn\/index.php?rest_route=%2Fwp%2Fv2%2Fcomments&post=68"}],"wp:featuredmedia":[{"embeddable":true,"href":"https:\/\/autothaiduong.vn\/index.php?rest_route=\/wp\/v2\/media\/70"}],"wp:attachment":[{"href":"https:\/\/autothaiduong.vn\/index.php?rest_route=%2Fwp%2Fv2%2Fmedia&parent=68"}],"wp:term":[{"taxonomy":"product_brand","embeddable":true,"href":"https:\/\/autothaiduong.vn\/index.php?rest_route=%2Fwp%2Fv2%2Fproduct_brand&post=68"},{"taxonomy":"product_cat","embeddable":true,"href":"https:\/\/autothaiduong.vn\/index.php?rest_route=%2Fwp%2Fv2%2Fproduct_cat&post=68"},{"taxonomy":"product_tag","embeddable":true,"href":"https:\/\/autothaiduong.vn\/index.php?rest_route=%2Fwp%2Fv2%2Fproduct_tag&post=68"}],"curies":[{"name":"wp","href":"https:\/\/api.w.org\/{rel}","templated":true}]}}