{"id":681,"date":"2025-05-10T03:28:07","date_gmt":"2025-05-10T03:28:07","guid":{"rendered":"https:\/\/autothaiduong.vn\/?post_type=product&#038;p=681"},"modified":"2025-05-10T03:34:35","modified_gmt":"2025-05-10T03:34:35","slug":"cam-bien-ap-suat-lop-zestech","status":"publish","type":"product","link":"https:\/\/autothaiduong.vn\/?product=cam-bien-ap-suat-lop-zestech","title":{"rendered":"C\u1ea3m Bi\u1ebfn \u00c1p Su\u1ea5t L\u1ed1p Zestech"},"content":{"rendered":"<p><img loading=\"lazy\" decoding=\"async\" class=\" wp-image-489 aligncenter\" src=\"https:\/\/autothaiduong.vn\/wp-content\/uploads\/2025\/04\/z6584734442481_f208f5944548cb4b46353402ce2e64e0.jpg\" alt=\"\" width=\"287\" height=\"254\" \/><\/p>\n<h2>I. T\u00ecm Hi\u1ec3u V\u1ec1 C\u1ea3m Bi\u1ebfn \u00c1p Su\u1ea5t L\u1ed1p Zestech<\/h2>\n<p><strong>C\u1ea3m bi\u1ebfn \u00e1p su\u1ea5t l\u1ed1p Zestech<\/strong>\u00a0l\u00e0 m\u1ed9t thi\u1ebft b\u1ecb c\u00f4ng ngh\u1ec7 cao \u0111\u01b0\u1ee3c s\u1eed d\u1ee5ng \u0111\u1ec3 \u0111o l\u01b0\u1eddng v\u00e0 gi\u00e1m s\u00e1t \u00e1p su\u1ea5t trong l\u1ed1p c\u1ee7a c\u00e1c ph\u01b0\u01a1ng ti\u1ec7n giao th\u00f4ng nh\u01b0 \u00f4 t\u00f4, xe t\u1ea3i, xe bus, v\u00e0 xe m\u00e1y. Thi\u1ebft b\u1ecb n\u00e0y mang l\u1ea1i nhi\u1ec1u l\u1ee3i \u00edch quan tr\u1ecdng cho vi\u1ec7c l\u00e1i xe an to\u00e0n v\u00e0 hi\u1ec7u qu\u1ea3.<\/p>\n<figure id=\"attachment_5000\" class=\"wp-caption aligncenter\" aria-describedby=\"caption-attachment-5000\"><img loading=\"lazy\" decoding=\"async\" class=\"alignnone size-full wp-image-683\" src=\"https:\/\/autothaiduong.vn\/wp-content\/uploads\/2025\/05\/cam-bien-ap-suat-lop-zestech.jpg\" alt=\"C\u1ea3m Bi\u1ebfn \u00c1p Su\u1ea5t L\u1ed1p Zestech\" width=\"800\" height=\"600\" srcset=\"https:\/\/autothaiduong.vn\/wp-content\/uploads\/2025\/05\/cam-bien-ap-suat-lop-zestech.jpg 800w, https:\/\/autothaiduong.vn\/wp-content\/uploads\/2025\/05\/cam-bien-ap-suat-lop-zestech-600x450.jpg 600w, https:\/\/autothaiduong.vn\/wp-content\/uploads\/2025\/05\/cam-bien-ap-suat-lop-zestech-768x576.jpg 768w\" sizes=\"auto, (max-width: 800px) 100vw, 800px\" \/><figcaption id=\"caption-attachment-5000\" class=\"wp-caption-text\">C\u1ea3m Bi\u1ebfn \u00c1p Su\u1ea5t L\u1ed1p Zestech<\/figcaption><\/figure>\n<h3><span id=\"Loi_Ich_cua_Cam_Bien_Ap_Suat_Lop_Zestech\" class=\"ez-toc-section\"><\/span>L\u1ee3i \u00cdch c\u1ee7a C\u1ea3m Bi\u1ebfn \u00c1p Su\u1ea5t L\u1ed1p Zestech<\/h3>\n<ol>\n<li><strong>Gi\u00e1m S\u00e1t \u00c1p Su\u1ea5t Li\u00ean T\u1ee5c<\/strong>:\n<ul>\n<li>C\u1ea3m bi\u1ebfn \u00e1p su\u1ea5t l\u1ed1p Zestech li\u00ean t\u1ee5c \u0111o l\u01b0\u1eddng \u00e1p su\u1ea5t trong l\u1ed1p, cung c\u1ea5p d\u1eef li\u1ec7u ch\u00ednh x\u00e1c v\u00e0 th\u1eddi gian th\u1ef1c v\u1ec1 t\u00ecnh tr\u1ea1ng \u00e1p su\u1ea5t.<\/li>\n<\/ul>\n<\/li>\n<li><strong>C\u1ea3nh B\u00e1o K\u1ecbp Th\u1eddi<\/strong>:\n<ul>\n<li>Khi ph\u00e1t hi\u1ec7n \u00e1p su\u1ea5t l\u1ed1p qu\u00e1 th\u1ea5p ho\u1eb7c qu\u00e1 cao so v\u1edbi m\u1ee9c \u0111\u1ec1 xu\u1ea5t, c\u1ea3m bi\u1ebfn s\u1ebd g\u1eedi c\u1ea3nh b\u00e1o ngay l\u1eadp t\u1ee9c \u0111\u1ebfn ng\u01b0\u1eddi l\u00e1i. \u0110i\u1ec1u n\u00e0y gi\u00fap ng\u0103n ng\u1eeba c\u00e1c t\u00ecnh hu\u1ed1ng nguy hi\u1ec3m nh\u01b0 n\u1ed5 l\u1ed1p hay m\u1ea5t ki\u1ec3m so\u00e1t xe.<\/li>\n<\/ul>\n<\/li>\n<li><strong>T\u0103ng C\u01b0\u1eddng An To\u00e0n<\/strong>:\n<ul>\n<li>B\u1eb1ng c\u00e1ch duy tr\u00ec \u00e1p su\u1ea5t l\u1ed1p \u1edf m\u1ee9c \u0111\u00fang, c\u1ea3m bi\u1ebfn gi\u00fap gi\u1ea3m nguy c\u01a1 tai n\u1ea1n do l\u1ed1p xe kh\u00f4ng \u0111\u1ea1t chu\u1ea9n, \u0111\u1ed3ng th\u1eddi c\u1ea3i thi\u1ec7n kh\u1ea3 n\u0103ng \u0111i\u1ec1u khi\u1ec3n v\u00e0 phanh c\u1ee7a xe.<\/li>\n<\/ul>\n<\/li>\n<li><strong>Ti\u1ebft Ki\u1ec7m Nhi\u00ean Li\u1ec7u<\/strong>:\n<ul>\n<li>L\u1ed1p xe \u0111\u01b0\u1ee3c duy tr\u00ec \u1edf \u00e1p su\u1ea5t \u0111\u00fang gi\u00fap gi\u1ea3m ma s\u00e1t l\u0103n, t\u1eeb \u0111\u00f3 gi\u1ea3m ti\u00eau hao nhi\u00ean li\u1ec7u v\u00e0 gi\u1ea3m chi ph\u00ed v\u1eadn h\u00e0nh.<\/li>\n<\/ul>\n<\/li>\n<li><strong>Gi\u1ea3m Hao M\u00f2n L\u1ed1p<\/strong>:\n<ul>\n<li>\u00c1p su\u1ea5t l\u1ed1p \u0111\u00fang gi\u00fap gi\u1ea3m m\u00f2n kh\u00f4ng \u0111\u1ec1u, k\u00e9o d\u00e0i tu\u1ed5i th\u1ecd c\u1ee7a l\u1ed1p v\u00e0 gi\u1ea3m chi ph\u00ed b\u1ea3o d\u01b0\u1ee1ng.<\/li>\n<\/ul>\n<\/li>\n<\/ol>\n<figure id=\"attachment_5001\" class=\"wp-caption aligncenter\" aria-describedby=\"caption-attachment-5001\"><img loading=\"lazy\" decoding=\"async\" class=\"alignnone size-full wp-image-684\" src=\"https:\/\/autothaiduong.vn\/wp-content\/uploads\/2025\/05\/Cam-Bien-ap-suat-lop-zestech-android.jpg\" alt=\"C\u1ea3m Bi\u1ebfn \u00c1p Su\u1ea5t L\u1ed1p Zestech Android\" width=\"800\" height=\"727\" srcset=\"https:\/\/autothaiduong.vn\/wp-content\/uploads\/2025\/05\/Cam-Bien-ap-suat-lop-zestech-android.jpg 800w, https:\/\/autothaiduong.vn\/wp-content\/uploads\/2025\/05\/Cam-Bien-ap-suat-lop-zestech-android-600x545.jpg 600w, https:\/\/autothaiduong.vn\/wp-content\/uploads\/2025\/05\/Cam-Bien-ap-suat-lop-zestech-android-768x698.jpg 768w\" sizes=\"auto, (max-width: 800px) 100vw, 800px\" \/><figcaption id=\"caption-attachment-5001\" class=\"wp-caption-text\">C\u1ea3m Bi\u1ebfn \u00c1p Su\u1ea5t L\u1ed1p Zestech Android<\/figcaption><\/figure>\n<h3><span id=\"Tai_Sao_Cam_Bien_Ap_Suat_Lop_Zestech_La_Lua_Chon_Toi_Uu\" class=\"ez-toc-section\"><\/span>T\u1ea1i Sao C\u1ea3m Bi\u1ebfn \u00c1p Su\u1ea5t L\u1ed1p Zestech L\u00e0 L\u1ef1a Ch\u1ecdn T\u1ed1i \u01afu?<\/h3>\n<ol>\n<li><strong>\u0110\u1ed9 Ch\u00ednh X\u00e1c Cao<\/strong>:\n<div class=\"mceTemp\"><\/div>\n<ul>\n<li>S\u1eed d\u1ee5ng c\u00f4ng ngh\u1ec7 ti\u00ean ti\u1ebfn,\u00a0<em>c\u1ea3m bi\u1ebfn \u00e1p su\u1ea5t l\u1ed1p Zestech<\/em>\u00a0\u0111\u1ea3m b\u1ea3o \u0111o l\u01b0\u1eddng \u00e1p su\u1ea5t v\u00e0 nhi\u1ec7t \u0111\u1ed9 l\u1ed1p m\u1ed9t c\u00e1ch ch\u00ednh x\u00e1c, gi\u00fap ng\u01b0\u1eddi l\u00e1i xe lu\u00f4n n\u1eafm r\u00f5 t\u00ecnh tr\u1ea1ng l\u1ed1p.<\/li>\n<\/ul>\n<\/li>\n<li><strong>D\u1ec5 D\u00e0ng S\u1eed D\u1ee5ng<\/strong>:\n<ul>\n<li>Giao di\u1ec7n th\u00e2n thi\u1ec7n v\u00e0 d\u1ec5 s\u1eed d\u1ee5ng gi\u00fap ng\u01b0\u1eddi l\u00e1i d\u1ec5 d\u00e0ng theo d\u00f5i v\u00e0 qu\u1ea3n l\u00fd \u00e1p su\u1ea5t l\u1ed1p th\u00f4ng qua m\u00e0n h\u00ecnh Android Zestech.<\/li>\n<\/ul>\n<\/li>\n<li><strong>T\u00edch H\u1ee3p Nhi\u1ec1u D\u00f2ng Xe<\/strong>:\n<ul>\n<li>Ngo\u00e0i c\u1ea3m bi\u1ebfn \u00e1p su\u1ea5t l\u1ed1p Zestech m\u00e0n h\u00ecnh Adroid, th\u00ec c\u00f2n c\u00e1c c\u00e1c lo\u1ea1i nh\u01b0 \u00e1p su\u1ea5t l\u1ed1p Zestech n\u0103ng l\u01b0\u1ee3ng m\u1eb7t tr\u1eddi \u0111\u1ec3 taplo, c\u1ea3m bi\u1ebfn \u00e1p su\u1ea5t l\u1ed1p Zestech theo xe Honda, Toyota, Mitsubishi<\/li>\n<\/ul>\n<\/li>\n<li><strong>\u0110\u1ed9 B\u1ec1n Cao<\/strong>:\n<ul>\n<li>Thi\u1ebft b\u1ecb \u0111\u01b0\u1ee3c thi\u1ebft k\u1ebf \u0111\u1ec3 ch\u1ecbu \u0111\u01b0\u1ee3c \u0111i\u1ec1u ki\u1ec7n m\u00f4i tr\u01b0\u1eddng kh\u1eafc nghi\u1ec7t, \u0111\u1ea3m b\u1ea3o ho\u1ea1t \u0111\u1ed9ng \u1ed5n \u0111\u1ecbnh v\u00e0 b\u1ec1n b\u1ec9 theo th\u1eddi gian.<\/li>\n<\/ul>\n<\/li>\n<li><strong>H\u1ed7 Tr\u1ee3 K\u1ef9 Thu\u1eadt Chuy\u00ean Nghi\u1ec7p<\/strong>:\n<ul>\n<li>Ng\u01b0\u1eddi d\u00f9ng s\u1ebd nh\u1eadn \u0111\u01b0\u1ee3c s\u1ef1 h\u1ed7 tr\u1ee3 k\u1ef9 thu\u1eadt t\u1eadn t\u00ecnh t\u1eeb \u0111\u1ed9i ng\u0169 chuy\u00ean gia, gi\u00fap \u0111\u1ea3m b\u1ea3o h\u1ec7 th\u1ed1ng ho\u1ea1t \u0111\u1ed9ng hi\u1ec7u qu\u1ea3 v\u00e0 b\u1ec1n v\u1eefng.<\/li>\n<\/ul>\n<\/li>\n<\/ol>\n<figure id=\"attachment_5002\" class=\"wp-caption aligncenter\" aria-describedby=\"caption-attachment-5002\"><img loading=\"lazy\" decoding=\"async\" class=\"alignnone size-full wp-image-685\" src=\"https:\/\/autothaiduong.vn\/wp-content\/uploads\/2025\/05\/bo-cam-bien-ap-suat-lop-zestech.jpg\" alt=\"B\u1ed9 C\u1ea3m Bi\u1ebfn \u00c1p Su\u1ea5t L\u1ed1p Zestech\" width=\"800\" height=\"583\" srcset=\"https:\/\/autothaiduong.vn\/wp-content\/uploads\/2025\/05\/bo-cam-bien-ap-suat-lop-zestech.jpg 800w, https:\/\/autothaiduong.vn\/wp-content\/uploads\/2025\/05\/bo-cam-bien-ap-suat-lop-zestech-600x437.jpg 600w, https:\/\/autothaiduong.vn\/wp-content\/uploads\/2025\/05\/bo-cam-bien-ap-suat-lop-zestech-768x560.jpg 768w\" sizes=\"auto, (max-width: 800px) 100vw, 800px\" \/><figcaption id=\"caption-attachment-5002\" class=\"wp-caption-text\">B\u1ed9 C\u1ea3m Bi\u1ebfn \u00c1p Su\u1ea5t L\u1ed1p Zestech<\/figcaption><\/figure>\n<h3><span id=\"Ket_Luan\" class=\"ez-toc-section\"><\/span>K\u1ebft Lu\u1eadn<\/h3>\n<p>C\u1ea3m bi\u1ebfn \u00e1p su\u1ea5t l\u1ed1p Zestech\u00a0l\u00e0 m\u1ed9t c\u00f4ng c\u1ee5 kh\u00f4ng th\u1ec3 thi\u1ebfu \u0111\u1ec3 \u0111\u1ea3m b\u1ea3o an to\u00e0n v\u00e0 hi\u1ec7u su\u1ea5t l\u00e1i xe. V\u1edbi kh\u1ea3 n\u0103ng gi\u00e1m s\u00e1t li\u00ean t\u1ee5c, c\u1ea3nh b\u00e1o k\u1ecbp th\u1eddi, v\u00e0 t\u00edch h\u1ee3p nhi\u1ec1u t\u00ednh n\u0103ng h\u1eefu \u00edch, thi\u1ebft b\u1ecb n\u00e0y kh\u00f4ng ch\u1ec9 gi\u00fap b\u1ea3o v\u1ec7 l\u1ed1p xe m\u00e0 c\u00f2n mang l\u1ea1i s\u1ef1 an t\u00e2m tuy\u1ec7t \u0111\u1ed1i cho ng\u01b0\u1eddi l\u00e1i tr\u00ean m\u1ed7i ch\u1eb7ng \u0111\u01b0\u1eddng. H\u00e3y trang b\u1ecb ngay c\u1ea3m bi\u1ebfn \u00e1p su\u1ea5t l\u1ed1p Zestech \u0111\u1ec3 tr\u1ea3i nghi\u1ec7m s\u1ef1 kh\u00e1c bi\u1ec7t trong m\u1ed7i chuy\u1ebfn \u0111i!<\/p>\n<h2><span id=\"II_Bao_Gia_Cam_Bien_Ap_Suat_Lop_Zestech\" class=\"ez-toc-section\"><\/span>II. B\u00e1o Gi\u00e1 C\u1ea3m Bi\u1ebfn \u00c1p Su\u1ea5t L\u1ed1p Zestech<\/h2>\n<h3><span id=\"1_Cam_Bien_Ap_Suat_Lop_Zestech_Tich_Hop_Man_Hinh_Android\" class=\"ez-toc-section\"><\/span>1. C\u1ea3m Bi\u1ebfn \u00c1p Su\u1ea5t L\u1ed1p Zestech T\u00edch H\u1ee3p M\u00e0n H\u00ecnh Android<\/h3>\n<ul>\n<li>T\u1ea5t c\u1ea3 c\u00e1c m\u00e0n h\u00ecnh android kh\u00f4ng ch\u1ec9 ri\u00eang Zestech \u0111\u1ec1u c\u00f3 th\u1ec3 l\u1eafp \u0111\u1eb7t s\u1ea3n ph\u1ea9m C\u1ea3m bi\u1ebfn \u00e1p su\u1ea5t l\u1ed1p t\u00edch h\u1ee3p m\u00e0n h\u00ecnh android<\/li>\n<li>C\u1ed5ng k\u1ebft n\u1ed1i USB, file c\u00e0i APK<\/li>\n<li>4 Van trong gi\u00fap t\u0103ng \u0111\u1ed9 th\u1ea9m m\u1ef9 c\u0169ng nh\u01b0 \u0111\u1ed9 ch\u00ednh x\u00e1c c\u1ee7a s\u1ea3n ph\u1ea9m<\/li>\n<\/ul>\n<p><strong>Gi\u00e1:\u00a03.500.000\u0111<\/strong><\/p>\n<h3><span id=\"2_Cam_Bien_Ap_Suat_Lop_Zestech_Nang_Luong_Mat_Troi\" class=\"ez-toc-section\"><\/span>2. C\u1ea3m Bi\u1ebfn \u00c1p Su\u1ea5t L\u1ed1p Zestech N\u0103ng L\u01b0\u1ee3ng M\u1eb7t Tr\u1eddi<\/h3>\n<ul>\n<li>L\u1eafp \u0111\u1eb7t \u0111\u01b0\u1ee3c cho t\u1ea5t c\u1ea3 d\u00f2ng xe tr\u00ean th\u1ecb tr\u01b0\u1eddng<\/li>\n<li>M\u00e0n h\u00ecnh \u0111\u1ec3 taplo c\u00f3 c\u1ed5ng s\u1ea1c v\u00e0 pin n\u0103ng l\u01b0\u1ee3ng m\u1eb7t tr\u1eddi<\/li>\n<li>4 Van trong gi\u00fap t\u0103ng \u0111\u1ed9 th\u1ea9m m\u1ef9 c\u0169ng nh\u01b0 \u0111\u1ed9 ch\u00ednh x\u00e1c c\u1ee7a s\u1ea3n ph\u1ea9m<\/li>\n<\/ul>\n<p><strong>Gi\u00e1:\u00a03.500.000\u0111<\/strong><\/p>\n<h3><span id=\"3_Cam_Bien_Ap_Suat_Lop_Zestech_Theo_Xe_Honda_Toyota_Mitsubishi\" class=\"ez-toc-section\"><\/span>3. C\u1ea3m Bi\u1ebfn \u00c1p Su\u1ea5t L\u1ed1p Zestech Theo Xe: Honda, Toyota, Mitsubishi<\/h3>\n<ul>\n<li>L\u1eafp l\u1ed7 ch\u1edd c\u00e1c d\u00f2ng xe nh\u01b0 Honda, Toyota, Mitsubishi<\/li>\n<li>T\u1eaft m\u1edf theo ch\u00eca kho\u00e1 xe<\/li>\n<li>4 Van trong gi\u00fap t\u0103ng \u0111\u1ed9 th\u1ea9m m\u1ef9 c\u0169ng nh\u01b0 \u0111\u1ed9 ch\u00ednh x\u00e1c c\u1ee7a s\u1ea3n ph\u1ea9m<\/li>\n<\/ul>\n<p><strong>Gi\u00e1:\u00a04.000.0000\u0111<\/strong><\/p>\n<figure id=\"attachment_5004\" class=\"wp-caption aligncenter\" aria-describedby=\"caption-attachment-5004\"><img loading=\"lazy\" decoding=\"async\" class=\"alignnone size-full wp-image-686\" src=\"https:\/\/autothaiduong.vn\/wp-content\/uploads\/2025\/05\/bao-gia-cam-bien-ap-suat-lop-zestech.jpg\" alt=\"B\u00e1o Gi\u00e1 C\u1ea3m Bi\u1ebfn \u00c1p Su\u1ea5t L\u1ed1p Zestech\" width=\"731\" height=\"891\" srcset=\"https:\/\/autothaiduong.vn\/wp-content\/uploads\/2025\/05\/bao-gia-cam-bien-ap-suat-lop-zestech.jpg 731w, https:\/\/autothaiduong.vn\/wp-content\/uploads\/2025\/05\/bao-gia-cam-bien-ap-suat-lop-zestech-492x600.jpg 492w, https:\/\/autothaiduong.vn\/wp-content\/uploads\/2025\/05\/bao-gia-cam-bien-ap-suat-lop-zestech-600x731.jpg 600w\" sizes=\"auto, (max-width: 731px) 100vw, 731px\" \/><figcaption id=\"caption-attachment-5004\" class=\"wp-caption-text\">B\u00e1o Gi\u00e1 C\u1ea3m Bi\u1ebfn \u00c1p Su\u1ea5t L\u1ed1p Zestech<\/figcaption><\/figure>\n<h2><span id=\"III_Chuong_Trinh_Tang_Cam_Bien_Ap_Suat_Lop_Zestech\" class=\"ez-toc-section\"><\/span>III. Ch\u01b0\u01a1ng Tr\u00ecnh T\u1eb7ng C\u1ea3m Bi\u1ebfn \u00c1p Su\u1ea5t L\u1ed1p Zestech<\/h2>\n<p>\u01afu \u0110\u00e3i Khi Mua\u00a0<a href=\"https:\/\/zestech.com.vn\/danh-muc-san-pham\/man-hinh-zestech-zx10\/\" target=\"_blank\" rel=\"noopener\">M\u00e0n H\u00ecnh Android Zestech<\/a><\/p>\n<figure id=\"attachment_5005\" class=\"wp-caption aligncenter\" aria-describedby=\"caption-attachment-5005\"><img loading=\"lazy\" decoding=\"async\" class=\"alignnone size-full wp-image-687\" src=\"https:\/\/autothaiduong.vn\/wp-content\/uploads\/2025\/05\/bao-gia-cam-bien-ap-suat-lop-zestech-1.jpg\" alt=\"B\u00e1o Gi\u00e1 C\u1ea3m Bi\u1ebfn \u00c1p Su\u1ea5t L\u1ed1p Zestech\" width=\"800\" height=\"1087\" srcset=\"https:\/\/autothaiduong.vn\/wp-content\/uploads\/2025\/05\/bao-gia-cam-bien-ap-suat-lop-zestech-1.jpg 800w, https:\/\/autothaiduong.vn\/wp-content\/uploads\/2025\/05\/bao-gia-cam-bien-ap-suat-lop-zestech-1-442x600.jpg 442w, https:\/\/autothaiduong.vn\/wp-content\/uploads\/2025\/05\/bao-gia-cam-bien-ap-suat-lop-zestech-1-754x1024.jpg 754w, https:\/\/autothaiduong.vn\/wp-content\/uploads\/2025\/05\/bao-gia-cam-bien-ap-suat-lop-zestech-1-768x1044.jpg 768w, https:\/\/autothaiduong.vn\/wp-content\/uploads\/2025\/05\/bao-gia-cam-bien-ap-suat-lop-zestech-1-600x815.jpg 600w\" sizes=\"auto, (max-width: 800px) 100vw, 800px\" \/><figcaption id=\"caption-attachment-5005\" class=\"wp-caption-text\">B\u00e1o Gi\u00e1 C\u1ea3m Bi\u1ebfn \u00c1p Su\u1ea5t L\u1ed1p Zestech<\/figcaption><\/figure>\n<p>Khi mua b\u1ea5t k\u1ef3 s\u1ea3n ph\u1ea9m m\u00e0n h\u00ecnh Android Zestech t\u1ea1i h\u1ec7 th\u1ed1ng 750+ \u0110\u1ea1i l\u00fd ch\u00ednh h\u00e3ng c\u1ee7a Zestech tr\u00ean to\u00e0n qu\u1ed1c, qu\u00fd kh\u00e1ch h\u00e0ng s\u1ebd nh\u1eadn \u0111\u01b0\u1ee3c nh\u1eefng \u01b0u \u0111\u00e3i h\u1ea5p d\u1eabn sau:<\/p>\n<ol>\n<li><strong>T\u1eb7ng K\u00e8m C\u1ea3m Bi\u1ebfn \u00c1p Su\u1ea5t L\u1ed1p<\/strong>:\n<ul>\n<li><strong>Gi\u00e1 Tr\u1ecb Qu\u00e0 T\u1eb7ng<\/strong>: C\u1ea3m bi\u1ebfn \u00e1p su\u1ea5t l\u1ed1p tr\u1ecb gi\u00e1 3.500.000VN\u0110.<\/li>\n<li><strong>Th\u1eddi Gian \u00c1p D\u1ee5ng<\/strong>: T\u1eeb ng\u00e0y 13\/03\/2024 \u0111\u1ebfn ng\u00e0y 13\/09\/2024.<\/li>\n<\/ul>\n<\/li>\n<li><strong>Ph\u1ee5 Ki\u1ec7n \u0110i K\u00e8m<\/strong>:\n<ul>\n<li><strong>Sim 4G<\/strong>: Mi\u1ec5n ph\u00ed 1 th\u00e1ng s\u1eed d\u1ee5ng.<\/li>\n<li><strong>Th\u1ebb Nh\u1edb\/USB Dung L\u01b0\u1ee3ng Cao<\/strong>: T\u1eb7ng k\u00e8m \u0111\u1ec3 l\u01b0u tr\u1eef d\u1eef li\u1ec7u v\u00e0 s\u1eed d\u1ee5ng ti\u1ec7n l\u1ee3i.<\/li>\n<li>Li\u00ean h\u1ec7 ngay<strong><span style=\"color: #ff0000;\"> Auto Th\u00e1i D\u01b0\u01a1ng<\/span><\/strong>\u00a0\u0111\u1ec3 tr\u1ea3i nghi\u1ec7m s\u1ea3n ph\u1ea9m c\u00f4ng ngh\u1ec7 m\u1edbi nh\u1ea5t c\u00f9ng ch\u00ednh s\u00e1ch b\u1ea3o h\u00e0nh ch\u00ednh h\u00e3ng.\n<p class=\"\" data-start=\"450\" data-end=\"589\"><strong data-start=\"450\" data-end=\"462\">\u0110\u1ecba ch\u1ec9:<\/strong><\/p>\n<ul>\n<li data-start=\"450\" data-end=\"589\"><strong><span style=\"color: #ff0000;\">273-275 Tr\u1ea7n Ph\u00fa Ph\u01b0\u1eddng L\u1ed9c S\u01a1n Th\u00e0nh Ph\u1ed1 B\u1ea3o L\u1ed9c T\u1ec9nh L\u00e2m \u0110\u1ed3ng\u00a0<\/span><\/strong><br data-start=\"531\" data-end=\"534\" \/><strong data-start=\"534\" data-end=\"546\">Hotline: <span style=\"color: #ff0000;\">0912197441<\/span><\/strong><\/li>\n<\/ul>\n<\/li>\n<\/ul>\n<\/li>\n<\/ol>\n","protected":false},"excerpt":{"rendered":"<p>C\u1ea3m bi\u1ebfn \u00e1p su\u1ea5t l\u1ed1p Zestech\u00a0l\u00e0 m\u1ed9t c\u00f4ng c\u1ee5 kh\u00f4ng th\u1ec3 thi\u1ebfu \u0111\u1ec3 \u0111\u1ea3m b\u1ea3o an to\u00e0n v\u00e0 hi\u1ec7u su\u1ea5t l\u00e1i xe. V\u1edbi kh\u1ea3 n\u0103ng gi\u00e1m s\u00e1t li\u00ean t\u1ee5c, c\u1ea3nh b\u00e1o k\u1ecbp th\u1eddi, v\u00e0 t\u00edch h\u1ee3p nhi\u1ec1u t\u00ednh n\u0103ng h\u1eefu \u00edch, thi\u1ebft b\u1ecb n\u00e0y kh\u00f4ng ch\u1ec9 gi\u00fap b\u1ea3o v\u1ec7 l\u1ed1p xe m\u00e0 c\u00f2n mang l\u1ea1i s\u1ef1 an t\u00e2m tuy\u1ec7t \u0111\u1ed1i cho ng\u01b0\u1eddi l\u00e1i tr\u00ean m\u1ed7i ch\u1eb7ng \u0111\u01b0\u1eddng. H\u00e3y trang b\u1ecb ngay c\u1ea3m bi\u1ebfn \u00e1p su\u1ea5t l\u1ed1p Zestech \u0111\u1ec3 tr\u1ea3i nghi\u1ec7m s\u1ef1 kh\u00e1c bi\u1ec7t trong m\u1ed7i chuy\u1ebfn \u0111i!<\/p>\n","protected":false},"featured_media":686,"comment_status":"open","ping_status":"closed","template":"","meta":[],"product_brand":[81],"product_cat":[75],"product_tag":[],"class_list":{"0":"post-681","1":"product","2":"type-product","3":"status-publish","4":"has-post-thumbnail","6":"product_brand-zestech","7":"product_cat-ap-suat-lop","9":"first","10":"instock","11":"shipping-taxable","12":"purchasable","13":"product-type-simple"},"_links":{"self":[{"href":"https:\/\/autothaiduong.vn\/index.php?rest_route=\/wp\/v2\/product\/681","targetHints":{"allow":["GET"]}}],"collection":[{"href":"https:\/\/autothaiduong.vn\/index.php?rest_route=\/wp\/v2\/product"}],"about":[{"href":"https:\/\/autothaiduong.vn\/index.php?rest_route=\/wp\/v2\/types\/product"}],"replies":[{"embeddable":true,"href":"https:\/\/autothaiduong.vn\/index.php?rest_route=%2Fwp%2Fv2%2Fcomments&post=681"}],"wp:featuredmedia":[{"embeddable":true,"href":"https:\/\/autothaiduong.vn\/index.php?rest_route=\/wp\/v2\/media\/686"}],"wp:attachment":[{"href":"https:\/\/autothaiduong.vn\/index.php?rest_route=%2Fwp%2Fv2%2Fmedia&parent=681"}],"wp:term":[{"taxonomy":"product_brand","embeddable":true,"href":"https:\/\/autothaiduong.vn\/index.php?rest_route=%2Fwp%2Fv2%2Fproduct_brand&post=681"},{"taxonomy":"product_cat","embeddable":true,"href":"https:\/\/autothaiduong.vn\/index.php?rest_route=%2Fwp%2Fv2%2Fproduct_cat&post=681"},{"taxonomy":"product_tag","embeddable":true,"href":"https:\/\/autothaiduong.vn\/index.php?rest_route=%2Fwp%2Fv2%2Fproduct_tag&post=681"}],"curies":[{"name":"wp","href":"https:\/\/api.w.org\/{rel}","templated":true}]}}