{"id":690,"date":"2025-05-10T03:41:27","date_gmt":"2025-05-10T03:41:27","guid":{"rendered":"https:\/\/autothaiduong.vn\/?post_type=product&#038;p=690"},"modified":"2025-05-10T03:41:40","modified_gmt":"2025-05-10T03:41:40","slug":"camera-3-mat-zestech","status":"publish","type":"product","link":"https:\/\/autothaiduong.vn\/?product=camera-3-mat-zestech","title":{"rendered":"Camera 3 M\u1eaft Zestech"},"content":{"rendered":"<p><img loading=\"lazy\" decoding=\"async\" class=\" wp-image-489 aligncenter\" src=\"https:\/\/autothaiduong.vn\/wp-content\/uploads\/2025\/04\/z6584734442481_f208f5944548cb4b46353402ce2e64e0.jpg\" alt=\"\" width=\"307\" height=\"272\" \/><\/p>\n<p><strong>Camera 3 m\u1eaft Zestech<\/strong>\u00a0hay c\u00f2n g\u1ecdi l\u00e0 cam 3 m\u1eaft l\u00e0 s\u1ea3n ph\u1ea9m c\u00f4ng ngh\u1ec7 m\u1edbi h\u1ed7 tr\u1ee3 quan s\u00e1t khi l\u00e1i xe, kh\u00f4ng c\u00f3 t\u00ednh n\u0103ng ghi l\u1ea1i h\u00e0nh tr\u00ecnh nh\u01b0 camera 360 \u0111\u1ed9. L\u00e0 s\u1ea3n ph\u1ea9m c\u00f4ng ngh\u1ec7 \u00f4 t\u00f4 \u0111\u01b0\u1ee3c l\u1eafp \u0111\u1eb7t r\u1ea5t nhi\u1ec1u trong th\u1eddi gian qua<\/p>\n<p><iframe loading=\"lazy\" title=\"YouTube video player\" src=\"https:\/\/www.youtube.com\/embed\/RLomIsiYSrc?si=GNwrZP4uFf0BFXul\" width=\"560\" height=\"315\" frameborder=\"0\" allowfullscreen=\"allowfullscreen\" data-mce-fragment=\"1\"><\/iframe><\/p>\n<div id=\"ez-toc-container\" class=\"ez-toc-v2_0_74 counter-hierarchy ez-toc-counter ez-toc-custom ez-toc-container-direction\">\n<div class=\"ez-toc-title-container\">\n<p class=\"ez-toc-title\">N\u1ed9i dung b\u00e0i vi\u1ebft<\/p>\n<\/div>\n<nav><\/nav>\n<\/div>\n<h2><span id=\"Camera_3_Mat_Zestech_La_Gi\" class=\"ez-toc-section\"><\/span>Camera 3 M\u1eaft Zestech L\u00e0 G\u00ec?<\/h2>\n<p><strong>Camera 3 m\u1eaft Zestech<\/strong>\u00a0l\u00e0 m\u1ed9t h\u1ec7 th\u1ed1ng cam bao g\u1ed3m 3 m\u1eaft camera t\u00edch h\u1ee3p c\u00f9ng m\u1eaft cam sau c\u1ee7a xe \u0111\u1ec3 cho l\u00ean 4 g\u00f3c quan s\u00e1t, 2 b\u00ean g\u01b0\u01a1ng, ph\u00eda tr\u01b0\u1edbc \u0111\u1ea7u xe v\u00e0 ph\u00eda sau xe. C\u00f9ng hi\u1ec3n th\u1ecb l\u00ean m\u00e0n h\u00ecnh nguy\u00ean b\u1ea3n gi\u00fap ch\u00fang ta d\u1ec3 d\u00e0ng l\u00e1i xe h\u01a1n<\/p>\n<p>Kh\u00e1c v\u1edbi camera 360 \u0111\u1ed9,\u00a0<strong>camera 3 m\u1eaft \u00f4 t\u00f4<\/strong>\u00a0s\u1ebd gi\u1eef nguy\u00ean h\u1ec7 th\u1ed1ng camera l\u00f9i c\u1ee7a xe, s\u1ebd kh\u00f4ng c\u1ea7n thay m\u00e0n h\u00ecnh, kh\u00f4ng \u1ea3nh h\u01b0\u1edfng g\u00ec t\u1edbi h\u1ec7 th\u1ed1ng \u0111i\u1ec7n c\u1ee7a xe v\u00e0 th\u1eddi gian l\u1eafp \u0111\u1eb7t s\u1ebd nhanh h\u01a1n<\/p>\n<p><em>Camera 3 m\u1eaft Zestech<\/em>\u00a0c\u00f3 gi\u00e1 th\u00e0nh r\u1ebb h\u01a1n 1 n\u1eefa so v\u1edbi camera 360 v\u00ec th\u1ebf s\u1ebd ph\u00f9 h\u1ee3p v\u1edbi t\u00f9i ti\u1ec1n c\u1ee7a nhi\u1ec1u kh\u00e1ch h\u00e0ng<\/p>\n<p><img loading=\"lazy\" decoding=\"async\" class=\"alignnone size-full wp-image-692\" src=\"https:\/\/autothaiduong.vn\/wp-content\/uploads\/2025\/05\/mat-camera-3-mat-zestech.jpg\" width=\"768\" height=\"576\" alt=\"\" srcset=\"https:\/\/autothaiduong.vn\/wp-content\/uploads\/2025\/05\/mat-camera-3-mat-zestech.jpg 768w, https:\/\/autothaiduong.vn\/wp-content\/uploads\/2025\/05\/mat-camera-3-mat-zestech-600x450.jpg 600w\" sizes=\"auto, (max-width: 768px) 100vw, 768px\" \/><\/p>\n<p>Ph\u1ee5 ki\u1ec7n camera 3 m\u1eaft Zestech<\/p>\n<h2><span id=\"Co_Nen_Thay_Camera_3_Mat_Zestech_Cho_Xe_Hoi\" class=\"ez-toc-section\"><\/span>C\u00f3 N\u00ean Thay Camera 3 M\u1eaft Zestech Cho Xe H\u01a1i<\/h2>\n<p>Hi\u1ec7n nay c\u00f3 r\u1ea5t nhi\u1ec1u d\u00f2ng m\u00e0n h\u00ecnh android \u0111\u00e3 t\u00edch h\u1ee3p s\u1eb3n camera 360. Tuy nhi\u00ean gi\u00e1 th\u00e0nh c\u00e1c s\u1ea3n ph\u1ea9m n\u00e0y l\u1ea1i kh\u00e1 cao. V\u00ec th\u1ebf nhi\u1ec1u kh\u00e1ch h\u00e0ng \u0111\u00e3 chuy\u1ec3n h\u01b0\u1edbng qua s\u1ea3n ph\u1ea9m\u00a0camera 3 m\u1eaft c\u1ee7a Zestech<\/p>\n<p>V\u1edbi g\u00f3c camera quan s\u00e1t 150 \u0111\u1ed9 v\u00e0 ch\u1ea5t l\u01b0\u1ee3ng h\u00ecnh \u1ea3nh t\u01b0\u01a1ng \u0111\u1ed1i t\u1ed1t, v\u00e0 gi\u00e1 th\u00e0nh ch\u1ec9 b\u1eb1ng m\u1ed9t n\u1eefa, kh\u00f4ng c\u1ea7n thay th\u1ebf m\u00e0n h\u00ecnh nguy\u00ean b\u1ea3n c\u1ee7a xe<\/p>\n<p><img loading=\"lazy\" decoding=\"async\" class=\"alignnone size-full wp-image-693\" src=\"https:\/\/autothaiduong.vn\/wp-content\/uploads\/2025\/05\/goc-camera-ben-phu-camera-3-mat-zestech.jpg\" width=\"768\" height=\"575\" alt=\"\" srcset=\"https:\/\/autothaiduong.vn\/wp-content\/uploads\/2025\/05\/goc-camera-ben-phu-camera-3-mat-zestech.jpg 768w, https:\/\/autothaiduong.vn\/wp-content\/uploads\/2025\/05\/goc-camera-ben-phu-camera-3-mat-zestech-600x449.jpg 600w\" sizes=\"auto, (max-width: 768px) 100vw, 768px\" \/><\/p>\n<p>G\u00f3c camera l\u1ec1 150 \u0111\u1ed9<\/p>\n<p>V\u1eady kh\u00e1ch h\u00e0ng n\u00e0o s\u1ebd ph\u00f9 h\u1ee3p v\u1edbi camera 3 m\u1eaft Zestech? V\u1edbi kinh nghi\u1ec7m 10 n\u0103m l\u00e0m ngh\u1ec1\u00a0<strong>Th\u00e0nh Ph\u00e1t Auto<\/strong>\u00a0\u0111\u00e1nh gi\u00e1 camera 3 m\u1eaft s\u1ebd ph\u00f9 h\u1ee3p v\u1edbi c\u00e1c kh\u00e1ch h\u00e0ng nh\u01b0 sau:<\/p>\n<ul>\n<li>T\u1ea5t nhi\u00ean l\u00e0 c\u00e1c ch\u1ee7 xe m\u1edbi mua xe l\u1ea7n \u0111\u1ea7u, ch\u01b0a canh chu\u1ea9n \u0111\u01b0\u1ee3c chi\u1ebfc xe c\u1ee7a m\u00ecnh<\/li>\n<li>C\u00e1c d\u00f2ng xe \u0111\u1eddi m\u1edbi h\u1ec7 th\u1ed1ng m\u00e0n h\u00ecnh nguy\u00ean b\u1ea3n c\u1ee7a xe l\u1edbn, \u0111\u1ed9 ph\u00e2n gi\u1ea3i t\u1ed1t v\u00e0 kh\u00f4ng th\u1ec3 thay th\u1ebf do s\u1ebd m\u1ea5t nhi\u1ec1u t\u00ednh n\u0103ng zin c\u1ee7a xe<\/li>\n<li>Kh\u00e1ch h\u00e0ng l\u00e1i xe d\u1ecbch v\u1ee5, t\u00e0i ch\u00ednh th\u1ea5p mu\u1ed1n ti\u1ebft ki\u1ec7m so v\u1edbi mua camera 360<\/li>\n<\/ul>\n<h2><span id=\"Tinh_Nang_Cua_Camera_3_Mat_Zestech\" class=\"ez-toc-section\"><\/span>T\u00ednh N\u0103ng C\u1ee7a Camera 3 M\u1eaft Zestech<\/h2>\n<h3><span id=\"1_Hien_thi_goc_quan_sat_rong\" class=\"ez-toc-section\"><\/span>1. Hi\u1ec3n th\u1ecb g\u00f3c quan s\u00e1t r\u1ed9ng<\/h3>\n<p><strong>Camera 3 m\u1eaft Zestech<\/strong>\u00a0c\u00f3 kh\u1ea3 n\u0103ng quan s\u00e1t g\u00f3c r\u1ed9ng l\u00ean \u0111\u1ebfn 150 \u0111\u1ed9, quan s\u00e1t khu v\u1ef1c \u0111i\u1ec3m m\u00f9, gi\u00fap cho l\u00e1i xe c\u00f3 th\u1ec3 th\u1ea5y h\u1ebft \u0111\u01b0\u1ee3c c\u00e1c v\u1ecb tr\u00ed g\u00f3c khu\u1ea5t xung quanh xe. Camera gi\u00fap c\u1eadp l\u1ec1 d\u1ec3 d\u00e0ng, \u0111i l\u1ecdt qua khu v\u1ef1c ch\u1eadt h\u1eb9p ng\u1ecf h\u1ebbm nh\u1ecf, c\u1ea3nh tr\u01b0\u1edbc \u0111\u1ea7u xe \u0111\u1ec3 kh\u1ecfi va qu\u1eb9t v\u00e0o xe ph\u00eda tr\u01b0\u1edbc<\/p>\n<p><img loading=\"lazy\" decoding=\"async\" class=\"alignnone size-full wp-image-694\" src=\"https:\/\/autothaiduong.vn\/wp-content\/uploads\/2025\/05\/goc-ben-tai-camera-3-mat-zestech.jpg\" width=\"768\" height=\"575\" alt=\"\" srcset=\"https:\/\/autothaiduong.vn\/wp-content\/uploads\/2025\/05\/goc-ben-tai-camera-3-mat-zestech.jpg 768w, https:\/\/autothaiduong.vn\/wp-content\/uploads\/2025\/05\/goc-ben-tai-camera-3-mat-zestech-600x449.jpg 600w\" sizes=\"auto, (max-width: 768px) 100vw, 768px\" \/><\/p>\n<p>G\u00f3c camera b\u00ean t\u00e0i<\/p>\n<h3><span id=\"2_Mo_camera_theo_tin_hieu_xe\" class=\"ez-toc-section\"><\/span>2. M\u1edf camera theo t\u00edn hi\u1ec7u xe<\/h3>\n<p>Camera 3 m\u1eaft Zestech s\u1ebd hi\u1ec3n th\u1ecb trong c\u00e1c tr\u01b0\u1eddng h\u1ee3p sau \u0111\u00e2y<\/p>\n<ul>\n<li>Khi v\u1eeba n\u1ed5 m\u00e1y xe, v\u00e0o s\u1ed1 D m\u00e0n h\u00ecnh s\u1ebd hi\u1ec3n th\u1ecb camera tr\u01b0\u1edbc trong v\u00f2ng 10 gi\u00e2y, gi\u00fap ch\u00fang ta canh \u0111\u01b0\u1ee3c kho\u1ea3ng c\u00e1ch v\u1edbi xe \u0111\u1eadu ph\u00eda tr\u01b0\u1edbc<\/li>\n<li>G\u1ea1t xi nhan b\u00ean n\u00e0o th\u00ec camera g\u01b0\u01a1ng b\u00ean \u0111\u00f3 s\u1ebd hi\u1ec7n l\u00ean, gi\u00fap quan s\u00e1t b\u00e1nh xe c\u00e0 c\u1ea3n tr\u01b0\u1edbc<\/li>\n<li>Nh\u00e1y \u0111\u00e8n pha camera ph\u00eda tr\u01b0\u1edbc s\u1ebd m\u1edf l\u00ean trong v\u00f2ng 10 gi\u00e2y r\u1ed3i t\u1ef1 t\u1eaft. N\u1ebfu mu\u1ed1n t\u1eaft ngay th\u00ec t\u1eaft ngay th\u00ec ta nh\u00e1y th\u00eam l\u1ea7n n\u1eefa<\/li>\n<li>Camera ch\u1ec9 ho\u1ea1t \u0111\u1ed9ng khi xe \u0111i d\u01b0\u1edbi v\u1eadn t\u1ed1c 30km\/h tr\u00ean 30 th\u00ec c\u00f3 xi nhan hay nh\u00e1y \u0111\u00e8n s\u1ebd kh\u00f4ng l\u00ean cam. V\u00ec th\u1ef1c t\u1ebf khi ch\u1ea1y nhanh ch\u00fang ta s\u1ebd quan s\u00e1t b\u1eb1ng g\u01b0\u01a1ng chi\u1ebfu h\u1eadu. \u0110\u1ed3ng th\u1eddi s\u1ebd gi\u00fap camera \u00edt ho\u1ea1t \u0111\u1ed9ng h\u01a1n l\u00e0m t\u0103ng tu\u1ed5i th\u1ecd cho\u00a0<strong>camera 3 m\u1eaft Zestech<\/strong><\/li>\n<li>V\u00e0o s\u1ed1 R th\u00ec camera l\u00f9i zin l\u00ean b\u00ecnh th\u01b0\u1eddng<\/li>\n<\/ul>\n<h3><span id=\"3_Lap_nguyen_ban_khong_anh_huong_toi_bao_hanh_xe\" class=\"ez-toc-section\"><\/span>3. L\u1eafp nguy\u00ean b\u1ea3n kh\u00f4ng \u1ea3nh h\u01b0\u1edfng t\u1edbi b\u1ea3o h\u00e0nh xe<\/h3>\n<p>S\u1ea3n ph\u1ea9m camera 3 m\u1eaft Zestech \u0111\u01b0\u1ee3c c\u1eafm gi\u1eafc Plug and play 100%, kh\u00f4ng c\u1eaft tr\u00edch d\u00e2y, kh\u00f4ng \u0111\u1ea5u n\u1ed1i, kh\u00f4ng \u1ea3nh h\u01b0\u1edfng t\u1edbi h\u1ec7 th\u1ed1ng \u0111i\u1ec7n nguy\u00ean b\u1ea3n c\u1ee7a xe. Kh\u00e1ch h\u00e0ng \u0111\u0103ng ki\u1ec3m hay b\u1ea3o h\u00e0nh b\u00ecnh th\u01b0\u1eddng<\/p>\n<p>M\u00e0n h\u00ecnh Zin c\u1ee7a xe v\u1eabn \u0111\u01b0\u1ee3c gi\u1eef nguy\u00ean, kh\u00f4ng m\u1ea5t b\u1ea5t c\u1ee9 t\u00ednh n\u0103ng n\u00e0o c\u1ee7a nh\u00e0 s\u1ea3n xu\u1ea5t<\/p>\n<p><img loading=\"lazy\" decoding=\"async\" class=\"alignnone size-full wp-image-695\" src=\"https:\/\/autothaiduong.vn\/wp-content\/uploads\/2025\/05\/cam-3-mat-zestech.jpg\" width=\"768\" height=\"576\" alt=\"\" srcset=\"https:\/\/autothaiduong.vn\/wp-content\/uploads\/2025\/05\/cam-3-mat-zestech.jpg 768w, https:\/\/autothaiduong.vn\/wp-content\/uploads\/2025\/05\/cam-3-mat-zestech-600x450.jpg 600w\" sizes=\"auto, (max-width: 768px) 100vw, 768px\" \/><\/p>\n<h2><span id=\"Quy_trinh_lap_camera_3_mat_Zestech\" class=\"ez-toc-section\"><\/span>Quy tr\u00ecnh l\u1eafp camera 3 m\u1eaft Zestech<\/h2>\n<p>Vi\u1ec7c l\u1eafp \u0111\u1eb7t camera 3 m\u1eaft Zestech s\u1ebd \u0111\u01b0\u1ee3c ti\u1ebfn h\u00e0nh theo quy tr\u00ecnh sau<\/p>\n<p>B\u01b0\u1edbc 1: L\u1eafp m\u1eaft camera quan s\u00e1t ph\u00eda tr\u01b0\u1edbc v\u00e0 \u0111i d\u00e2y \u0111i\u1ec7n \u0111\u00f3 v\u00e0o m\u00e0n h\u00ecnh DVD theo h\u1ec7 th\u1ed1ng d\u00e2y \u0111i\u1ec7n nguy\u00ean b\u1ea3n<\/p>\n<p>B\u01b0\u1edbc 2: Th\u00e1o t\u00e1p bi c\u1eeda, 2 g\u01b0\u01a1ng chi\u1ebfu h\u1eadu \u0111\u1ec3 \u0111i d\u00e2y v\u00e0 l\u1eafp m\u1eaft camera d\u01b0\u1edbi g\u01b0\u01a1ng t\u00e0i v\u00e0 ph\u1ee5<\/p>\n<p>B\u01b0\u1edbc 3: Th\u00e1o m\u00e0n h\u00ecnh DVD k\u1ebft n\u1ed1i 4 m\u1eaft camera v\u00e0o h\u1ec7 th\u1ed1ng h\u1ed9p \u0111i\u1ec1n khi\u1ec3n camera 3 m\u1eaft Zestech, sau \u0111\u00f3 s\u1ebd k\u1ebft n\u1ed1i v\u00e0o m\u00e0n h\u00ecnh xe<\/p>\n<p>B\u01b0\u1edbc 4: L\u1eafp l\u1ea1i g\u01b0\u01a1ng, t\u00e1p bi c\u1eeda v\u00e0 ki\u1ec3m tra l\u1ea1i c\u00e1c chi ti\u1ebft b\u1eaft \u1ed1c, \u1ed1p nh\u1ef1a<\/p>\n<p>B\u01b0\u1edbc 5: Ki\u1ec3m tra ho\u1ea1t \u0111\u1ed9ng, c\u00e1c t\u00ednh n\u0103ng c\u1ee7a camera, c\u00e1c t\u00ednh n\u0103ng nguy\u00ean b\u1ea3n c\u1ee7a xe<\/p>\n<p>V\u1edbi nhi\u1ec1u n\u0103m kinh nghi\u1ec7m, c\u00fang l\u00e0 \u0111\u1ea1i s\u1ee9 th\u01b0\u01a1ng hi\u1ec7u\u00a0<a href=\"https:\/\/zestech.com.vn\/\" target=\"_blank\" rel=\"noopener\">Zestech<\/a>, Th\u00e0nh Ph\u00e1t Auto cam k\u1ebft l\u1eafp \u0111\u1eb7t an to\u00e0n, ch\u00ednh x\u00e1c v\u00e0 th\u1eadn tr\u1ecdng nh\u1ea5t. \u0110\u1ec3 \u0111em \u0111\u1ebfn cho kh\u00e1ch h\u00e0ng 1 s\u1ea3n ph\u1ea9m t\u1ed1t nh\u1ea5t<\/p>\n<h2><span id=\"Bao_gia_camera_3_mat_Zestech\" class=\"ez-toc-section\"><\/span>B\u00e1o gi\u00e1 camera 3 m\u1eaft Zestech<\/h2>\n<p><strong>B\u1ea3ng b\u00e1o gi\u00e1 camera 3 m\u1eaft Zestech<\/strong>\u00a0v\u00e0 ch\u01b0\u01a1ng tr\u00ecnh b\u1ea3o h\u00e0nh, qu\u00e0 t\u1eb7ng cho kh\u00e1ch h\u00e0ng<\/p>\n<table>\n<tbody>\n<tr>\n<td><strong>B\u00e1o Gi\u00e1<\/strong><\/td>\n<td><strong>B\u1ea3o h\u00e0nh\u00a0<\/strong><\/td>\n<td><strong>Qu\u00e0 T\u1eb7ng<\/strong><\/td>\n<\/tr>\n<tr>\n<td><strong>5.500.000\u0111<\/strong><\/td>\n<td><strong>2 N\u0103m<\/strong><\/td>\n<td><strong>B\u01a1m l\u1ed1p Zestech<\/strong><\/td>\n<\/tr>\n<\/tbody>\n<\/table>\n<h2><span id=\"Dia_Chi_Phan_Phoi_Lap_Dat_Camera_3_Mat_Zestech\" class=\"ez-toc-section\"><\/span>\u0110\u1ecba Ch\u1ec9 Ph\u00e2n Ph\u1ed1i L\u1eafp \u0110\u1eb7t Camera 3 M\u1eaft Zestech<\/h2>\n<p><strong><span style=\"color: #ff0000;\">Auto Th\u00e1i D\u01b0\u01a1ng<\/span> <\/strong>l\u00e0 \u0111\u1ea1i l\u00ed ch\u00ednh h\u00e3ng l\u1edbn nh\u1ea5t t\u1ea1i <strong>TP.B\u1ea3o L\u1ed9c<\/strong>, chuy\u00ean b\u00e1n l\u1ebb c\u00e1c s\u1ea3n ph\u1ea9m m\u00e0n h\u00ecnh android zestech, camera 360 zestech, <a href=\"https:\/\/zestech.com.vn\/android-box-zestech\/\" target=\"_blank\" rel=\"noopener\">android box zestech<\/a>\u00a0v\u00e0 \u0111\u1eb7t bi\u1ec7t l\u00e0 s\u1ea3n ph\u1ea9m camera 3 m\u1eaft Zestech<\/p>\n<p>S\u1ea3n ph\u1ea9m\u00a0<strong>camera 3 Zestech<\/strong>\u00a0lu\u00f4n c\u00f3 th\u1ebb b\u1ea3o h\u00e0nh ch\u00ednh h\u00e3ng, kh\u00e1ch h\u00e0ng \u0111\u01b0\u1ee3c ki\u1ec3m tra v\u00e0 test th\u1eed tr\u01b0\u1edbc khi mua h\u00e0ng<\/p>\n<p>&nbsp;<\/p>\n<p><strong><span style=\"color: #ff0000;\">Auto Th\u00e1i D\u01b0\u01a1ng<\/span><\/strong> lu\u00f4n l\u00e0 \u0111\u1ea1i l\u00fd thu\u1ed9c top mi\u1ec1n nam trong th\u1eddi gian qua, ch\u00fang t\u00f4i t\u1ef1 tin \u0111em \u0111\u1ebfn cho kh\u00e1ch h\u00e0ng s\u1ef1 tr\u1ea3i nghi\u1ec7m t\u1ed1t nh\u1ea5t v\u1ec1 s\u1ea3n ph\u1ea9m v\u00e0 d\u1ecbch v\u1ee5<\/p>\n<ul>\n<li>\n<p class=\"\" data-start=\"207\" data-end=\"448\">Li\u00ean h\u1ec7 ngay <strong><span style=\"color: #ff0000;\">Auto Th\u00e1i D\u01b0\u01a1ng<\/span><\/strong>\u00a0\u0111\u1ec3 tr\u1ea3i nghi\u1ec7m s\u1ea3n ph\u1ea9m c\u00f4ng ngh\u1ec7 m\u1edbi nh\u1ea5t c\u00f9ng ch\u00ednh s\u00e1ch b\u1ea3o h\u00e0nh ch\u00ednh h\u00e3ng.<\/p>\n<p class=\"\" data-start=\"450\" data-end=\"589\"><strong data-start=\"450\" data-end=\"462\">\u0110\u1ecba ch\u1ec9:<\/strong><\/p>\n<ul>\n<li data-start=\"450\" data-end=\"589\"><strong><span style=\"color: #ff0000;\">273-275 Tr\u1ea7n Ph\u00fa Ph\u01b0\u1eddng L\u1ed9c S\u01a1n Th\u00e0nh Ph\u1ed1 B\u1ea3o L\u1ed9c T\u1ec9nh L\u00e2m \u0110\u1ed3ng\u00a0<\/span><\/strong><br data-start=\"531\" data-end=\"534\" \/><strong data-start=\"534\" data-end=\"546\">Hotline: <span style=\"color: #ff0000;\">0912197441<\/span><\/strong><\/li>\n<\/ul>\n<\/li>\n<\/ul>\n","protected":false},"excerpt":{"rendered":"<p><strong>Camera 3 m\u1eaft Zestech<\/strong>\u00a0hay c\u00f2n g\u1ecdi l\u00e0 cam 3 m\u1eaft l\u00e0 s\u1ea3n ph\u1ea9m c\u00f4ng ngh\u1ec7 m\u1edbi h\u1ed7 tr\u1ee3 quan s\u00e1t khi l\u00e1i xe, kh\u00f4ng c\u00f3 t\u00ednh n\u0103ng ghi l\u1ea1i h\u00e0nh tr\u00ecnh nh\u01b0 camera 360 \u0111\u1ed9. L\u00e0 s\u1ea3n ph\u1ea9m c\u00f4ng ngh\u1ec7 \u00f4 t\u00f4 \u0111\u01b0\u1ee3c l\u1eafp \u0111\u1eb7t r\u1ea5t nhi\u1ec1u trong th\u1eddi gian qua<\/p>\n","protected":false},"featured_media":692,"comment_status":"open","ping_status":"closed","template":"","meta":[],"product_brand":[81],"product_cat":[82],"product_tag":[],"class_list":{"0":"post-690","1":"product","2":"type-product","3":"status-publish","4":"has-post-thumbnail","6":"product_brand-zestech","7":"product_cat-camera-3-mat","9":"first","10":"instock","11":"sale","12":"shipping-taxable","13":"purchasable","14":"product-type-simple"},"_links":{"self":[{"href":"https:\/\/autothaiduong.vn\/index.php?rest_route=\/wp\/v2\/product\/690","targetHints":{"allow":["GET"]}}],"collection":[{"href":"https:\/\/autothaiduong.vn\/index.php?rest_route=\/wp\/v2\/product"}],"about":[{"href":"https:\/\/autothaiduong.vn\/index.php?rest_route=\/wp\/v2\/types\/product"}],"replies":[{"embeddable":true,"href":"https:\/\/autothaiduong.vn\/index.php?rest_route=%2Fwp%2Fv2%2Fcomments&post=690"}],"wp:featuredmedia":[{"embeddable":true,"href":"https:\/\/autothaiduong.vn\/index.php?rest_route=\/wp\/v2\/media\/692"}],"wp:attachment":[{"href":"https:\/\/autothaiduong.vn\/index.php?rest_route=%2Fwp%2Fv2%2Fmedia&parent=690"}],"wp:term":[{"taxonomy":"product_brand","embeddable":true,"href":"https:\/\/autothaiduong.vn\/index.php?rest_route=%2Fwp%2Fv2%2Fproduct_brand&post=690"},{"taxonomy":"product_cat","embeddable":true,"href":"https:\/\/autothaiduong.vn\/index.php?rest_route=%2Fwp%2Fv2%2Fproduct_cat&post=690"},{"taxonomy":"product_tag","embeddable":true,"href":"https:\/\/autothaiduong.vn\/index.php?rest_route=%2Fwp%2Fv2%2Fproduct_tag&post=690"}],"curies":[{"name":"wp","href":"https:\/\/api.w.org\/{rel}","templated":true}]}}