{"id":702,"date":"2025-05-10T05:00:18","date_gmt":"2025-05-10T05:00:18","guid":{"rendered":"https:\/\/autothaiduong.vn\/?post_type=product&#038;p=702"},"modified":"2025-05-10T05:34:35","modified_gmt":"2025-05-10T05:34:35","slug":"vietmap-bs10","status":"publish","type":"product","link":"https:\/\/autothaiduong.vn\/?product=vietmap-bs10","title":{"rendered":"VIETMAP BS10"},"content":{"rendered":"<p>&nbsp;<\/p>\n<p><img loading=\"lazy\" decoding=\"async\" class=\" wp-image-489 aligncenter\" src=\"https:\/\/autothaiduong.vn\/wp-content\/uploads\/2025\/04\/z6584734442481_f208f5944548cb4b46353402ce2e64e0.jpg\" alt=\"\" width=\"290\" height=\"257\" \/><\/p>\n<div class=\"col-lg-6 col-md-12 col-sm-12 col-12\"><img loading=\"lazy\" decoding=\"async\" class=\"alignnone size-full wp-image-704\" src=\"https:\/\/autothaiduong.vn\/wp-content\/uploads\/2025\/05\/pp1-ab166e21-f79f-4577-94a7-b483fc55e803.png\" alt=\"Th\u00f4ng s\u1ed1 k\u1ef9 thu\u1eadt\" width=\"390\" height=\"390\" srcset=\"https:\/\/autothaiduong.vn\/wp-content\/uploads\/2025\/05\/pp1-ab166e21-f79f-4577-94a7-b483fc55e803.png 390w, https:\/\/autothaiduong.vn\/wp-content\/uploads\/2025\/05\/pp1-ab166e21-f79f-4577-94a7-b483fc55e803-300x300.png 300w, https:\/\/autothaiduong.vn\/wp-content\/uploads\/2025\/05\/pp1-ab166e21-f79f-4577-94a7-b483fc55e803-100x100.png 100w\" sizes=\"auto, (max-width: 390px) 100vw, 390px\" \/><\/div>\n<div class=\"col-lg-6 col-md-12 col-sm-12 col-12\">\n<div class=\"rte\">\n<p>&nbsp;<\/p>\n<table border=\"1\" width=\"386\">\n<tbody>\n<tr>\n<td width=\"100\">T\u01b0\u01a1ng th\u00edch<\/td>\n<td width=\"270\">C\u00e1c d\u00f2ng xe h\u1ed7 tr\u1ee3 Apple Carplay<\/td>\n<\/tr>\n<tr>\n<td width=\"100\">Vi x\u1eed l\u00fd<\/td>\n<td width=\"270\">Qualcomm Snapdragon 6125<\/td>\n<\/tr>\n<tr>\n<td width=\"100\">RAM \/ ROM<\/td>\n<td width=\"270\">4GB \/ 64GB<br \/>\n6GB \/ 128GB<br \/>\n8GB \/ 128GB<\/td>\n<\/tr>\n<tr>\n<td width=\"100\">T\u00edch h\u1ee3p d\u1eabn \u0111\u01b0\u1eddng<\/td>\n<td width=\"270\">D\u1eabn \u0111\u01b0\u1eddng online VIETMAP Live<\/td>\n<\/tr>\n<tr>\n<td width=\"100\">\u0110i\u1ec1u khi\u1ec3n b\u1eb1ng gi\u1ecdng n\u00f3i<\/td>\n<td width=\"270\">C\u00f3 ( KIKI)<\/td>\n<\/tr>\n<tr>\n<td width=\"100\">K\u1ebft n\u1ed1i \u0111i\u1ec1u khi\u1ec3n v\u00f4 l\u0103ng<\/td>\n<td width=\"270\">C\u00f3 ( T\u00ednh n\u0103ng ch\u1ec9 h\u1ed7 tr\u1ee3 tr\u00ean m\u1ed9t s\u1ed1 d\u00f2ng xe )<\/td>\n<\/tr>\n<tr>\n<td width=\"100\">K\u1ebft n\u1ed1i SIM DATA<\/td>\n<td width=\"270\">C\u00f3<\/td>\n<\/tr>\n<tr>\n<td width=\"100\">K\u1ebft n\u1ed1i m\u00e0n h\u00ecnh ph\u1ee5<\/td>\n<td width=\"270\">C\u00f3 (H\u1ed7 tr\u1ee3 k\u1ebft n\u1ed1i c\u1ed5ng HDMI)<\/td>\n<\/tr>\n<tr>\n<td width=\"100\">Nhi\u1ec7t \u0111\u1ed9 ho\u1ea1t \u0111\u1ed9ng<\/td>\n<td width=\"270\">-20\u00b0C &#8211; 80\u00b0C<\/td>\n<\/tr>\n<tr>\n<td width=\"100\">\u0110i\u1ec7n \u00e1p ho\u1ea1t \u0111\u1ed9ng<\/td>\n<td width=\"270\">5V 1a<\/td>\n<\/tr>\n<\/tbody>\n<\/table>\n<\/div>\n<\/div>\n<section class=\"product-especially\">\n<div class=\"container\">\n<div class=\"rte\">\n<h2><\/h2>\n<p><img loading=\"lazy\" decoding=\"async\" class=\"alignnone size-full wp-image-705\" src=\"https:\/\/autothaiduong.vn\/wp-content\/uploads\/2025\/05\/biggic-1-44775ba5-285e-4e82-bea7-85ccebd17e84.png\" width=\"1280\" height=\"742\" srcset=\"https:\/\/autothaiduong.vn\/wp-content\/uploads\/2025\/05\/biggic-1-44775ba5-285e-4e82-bea7-85ccebd17e84.png 1280w, https:\/\/autothaiduong.vn\/wp-content\/uploads\/2025\/05\/biggic-1-44775ba5-285e-4e82-bea7-85ccebd17e84-600x348.png 600w, https:\/\/autothaiduong.vn\/wp-content\/uploads\/2025\/05\/biggic-1-44775ba5-285e-4e82-bea7-85ccebd17e84-1024x594.png 1024w, https:\/\/autothaiduong.vn\/wp-content\/uploads\/2025\/05\/biggic-1-44775ba5-285e-4e82-bea7-85ccebd17e84-768x445.png 768w\" sizes=\"auto, (max-width: 1280px) 100vw, 1280px\" \/><\/p>\n<h2>C\u1ea4U H\u00ccNH M\u1ea0NH M\u1ebc X\u1eec L\u00dd M\u1eccI T\u00c1C V\u1ee4<\/h2>\n<p><strong><a href=\"https:\/\/c.lazada.vn\/t\/c.0Ej8Qa\" target=\"_blank\" rel=\"noopener\">VIETMAP<\/a>\u00a0BS10<\/strong>\u00a0v\u1edbi 3 l\u1ef1a ch\u1ecdn c\u1ea5u h\u00ecnh b\u00f4\u0323 nh\u01a1\u0301\u00a0<strong>RAM &amp; ROM 4GB + 64GB \/\u00a06 GB + 128GB \/\u00a08GB + 128GB<\/strong>, k\u1ebft h\u1ee3p v\u1edbi vi x\u1eed l\u00fd\u00a0<strong>Qualcomm Snapdragon 6125 &#8211; 8\u00a0nh\u00e2n<\/strong>\u00a0b\u00ean ca\u0323nh \u0111o\u0301 co\u0301 khe c\u0103\u0301m the\u0309 nh\u01a1\u0301, co\u0301 th\u00ea\u0309 h\u00f4\u0303 tr\u01a1\u0323 the\u0309 nh\u01a1\u0301 ngoa\u0300i, vi\u0300 th\u00ea\u0301 chu\u0309 xe co\u0301 th\u00ea\u0309 thoa\u0309i ma\u0301i ta\u0309i &amp; tr\u1ea3i nghi\u1ec7m ca\u0301c \u01b0\u0301ng du\u0323ng gi\u1ea3i tr\u00ed ma\u0300 mi\u0300nh y\u00eau thi\u0301ch.<\/p>\n<p><img loading=\"lazy\" decoding=\"async\" class=\"alignnone size-full wp-image-706\" src=\"https:\/\/autothaiduong.vn\/wp-content\/uploads\/2025\/05\/baner-bs10-3.jpg\" width=\"1280\" height=\"742\" srcset=\"https:\/\/autothaiduong.vn\/wp-content\/uploads\/2025\/05\/baner-bs10-3.jpg 1280w, https:\/\/autothaiduong.vn\/wp-content\/uploads\/2025\/05\/baner-bs10-3-600x348.jpg 600w, https:\/\/autothaiduong.vn\/wp-content\/uploads\/2025\/05\/baner-bs10-3-1024x594.jpg 1024w, https:\/\/autothaiduong.vn\/wp-content\/uploads\/2025\/05\/baner-bs10-3-768x445.jpg 768w\" sizes=\"auto, (max-width: 1280px) 100vw, 1280px\" \/><\/p>\n<h2>GIAO DI\u1ec6N TH\u00d4NG MINH TR\u1ea2I NGHI\u1ec6M TH\u1edcI TH\u01af\u1ee2NG<\/h2>\n<p><strong><a href=\"https:\/\/c.lazada.vn\/t\/c.0Ej8Qa\" target=\"_blank\" rel=\"noopener\">VIETMAP BS10<\/a>\u00a0<\/strong>s\u1eed d\u1ee5ng giao di\u1ec7n Picture in Picture \u0111\u1eb7c bi\u1ec7t do VIETMAP x\u00e2y d\u1ef1ng &amp; ph\u00e1t tri\u1ec3n \u0111\u1ed9c quy\u1ec1n cho d\u00f2ng Android box v\u1edbi kh\u1ea3 n\u0103ng hi\u1ec3n th\u1ecb ph\u1ea7n m\u1ec1m d\u1eabn \u0111\u01b0\u1eddng tr\u1ef1c ti\u1ebfp tr\u00ean giao di\u1ec7n ch\u00ednh. V\u1edbi Giao di\u1ec7n PiP ( Picture in Picture ) \u0111\u1ed9c \u0111\u00e1o, ng\u01b0\u1eddi d\u00f9ng d\u1ec5 d\u00e0ng s\u1eed d\u1ee5ng c\u00e1c \u1ee9ng d\u1ee5ng c\u1ea7n thi\u1ebft v\u00e0 quan tr\u1ecdng m\u00e0 kh\u00f4ng c\u1ea7n t\u1ed1n qu\u00e1 nhi\u1ec1u thao t\u00e1c \u0111i\u1ec1u ch\u1ec9nh.<\/p>\n<p><img loading=\"lazy\" decoding=\"async\" class=\"alignnone size-full wp-image-707\" src=\"https:\/\/autothaiduong.vn\/wp-content\/uploads\/2025\/05\/biggic-2-015e02b6-af0d-4d11-9f4c-6c35715ab357.png\" width=\"1280\" height=\"742\" srcset=\"https:\/\/autothaiduong.vn\/wp-content\/uploads\/2025\/05\/biggic-2-015e02b6-af0d-4d11-9f4c-6c35715ab357.png 1280w, https:\/\/autothaiduong.vn\/wp-content\/uploads\/2025\/05\/biggic-2-015e02b6-af0d-4d11-9f4c-6c35715ab357-600x348.png 600w, https:\/\/autothaiduong.vn\/wp-content\/uploads\/2025\/05\/biggic-2-015e02b6-af0d-4d11-9f4c-6c35715ab357-1024x594.png 1024w, https:\/\/autothaiduong.vn\/wp-content\/uploads\/2025\/05\/biggic-2-015e02b6-af0d-4d11-9f4c-6c35715ab357-768x445.png 768w\" sizes=\"auto, (max-width: 1280px) 100vw, 1280px\" \/><\/p>\n<h2>\u0110I\u1ec0U KHI\u1ec2N T\u1eea XA D\u1ec4 D\u00c0NG TI\u1ec6N L\u1ee2I V\u1edaI VM CONNECT<\/h2>\n<p>D\u1ec5 d\u00e0ng \u0111i\u1ec1u khi\u1ec3n thi\u1ebft b\u1ecb Android Box\u00a0<a href=\"https:\/\/c.lazada.vn\/t\/c.0Ej8Qa\" target=\"_blank\" rel=\"noopener\">VIETMAP BS10<\/a>\u00a0t\u1eeb xa tr\u00ean \u0111i\u1ec7n tho\u1ea1i b\u1eb1ng\u00a0<strong>\u1ee8ng d\u1ee5ng VM CONNECT<\/strong>, v\u1edbi c\u00e1c\u00a0t\u00ednh n\u0103ng ch\u00ednh:<\/p>\n<p><strong>Thi\u1ebft l\u1eadp l\u1ed9 tr\u00ecnh t\u1eeb xa\u00a0<\/strong>&#8211; Ng\u01b0\u1eddi d\u00f9ng c\u00f3 th\u1ec3 ch\u1ee7 \u0111\u1ed9ng t\u1ea1o tr\u01b0\u1edbc l\u1ed9 tr\u00ecnh tr\u00ean \u0111i\u1ec7n tho\u1ea1i th\u00f4ng qua \u1ee9ng d\u1ee5ng VIETMAP Live r\u1ed3i g\u1eedi \u0111\u1ebfn VIETMAP BS10<\/p>\n<p><strong>Xem l\u1ea1i l\u1ed9 tr\u00ecnh<\/strong>\u00a0&#8211; Ng\u01b0\u1eddi d\u00f9ng c\u00f3 th\u1ec3 xem l\u1ea1i l\u1ecbch s\u1eed l\u1ed9 tr\u00ecnh \u0111\u00e3 di chuy\u1ec3n v\u1edbi th\u1eddi gian l\u01b0u tr\u1eef l\u00ean \u0111\u1ebfn 7 ng\u00e0y<\/p>\n<p>M\u1edf \u1ee9ng d\u1ee5ng &#8211; \u0110i\u1ec1u khi\u1ec3n \u00e2m nh\u1ea1c v\u00e0 nhi\u1ec1u t\u00ednh n\u0103ng c\u00f9ng ti\u1ec7n \u00edch kh\u00e1c s\u1ebd \u0111\u01b0\u1ee3c ph\u00e1t tri\u1ec3n trong t\u01b0\u01a1ng lai.<\/p>\n<p>\u1ee8ng d\u1ee5ng t\u1ea1o s\u1ef1 ti\u1ec7n l\u1ee3i trong vi\u1ec7c l\u00ean \u00fd t\u01b0\u1edfng l\u1ed9 tr\u00ecnh, h\u1ed7 tr\u1ee3 \u0111i\u1ec1u ch\u1ec9nh thi\u1ebft b\u1ecb t\u1eeb v\u1ecb tr\u00ed gh\u1ebf sau c\u1ee7a xe. M\u1ecdi tu\u1ef3 ch\u1ec9nh v\u00e0 thao t\u00e1c \u0111i\u1ec1u khi\u1ec3n s\u1ebd t\u1ef1 \u0111\u1ed3ng b\u1ed9 t\u1eeb thi\u1ebft b\u1ecb di \u0111\u1ed9ng c\u1ee7a ng\u01b0\u1eddi s\u1eed d\u1ee5ng.<\/p>\n<p><img loading=\"lazy\" decoding=\"async\" class=\"alignnone size-full wp-image-708\" src=\"https:\/\/autothaiduong.vn\/wp-content\/uploads\/2025\/05\/baner-bs10-2.jpg\" width=\"1280\" height=\"742\" srcset=\"https:\/\/autothaiduong.vn\/wp-content\/uploads\/2025\/05\/baner-bs10-2.jpg 1280w, https:\/\/autothaiduong.vn\/wp-content\/uploads\/2025\/05\/baner-bs10-2-600x348.jpg 600w, https:\/\/autothaiduong.vn\/wp-content\/uploads\/2025\/05\/baner-bs10-2-1024x594.jpg 1024w, https:\/\/autothaiduong.vn\/wp-content\/uploads\/2025\/05\/baner-bs10-2-768x445.jpg 768w\" sizes=\"auto, (max-width: 1280px) 100vw, 1280px\" \/><\/p>\n<h2>B\u1ea2N \u0110\u1ed2 TR\u1ee2 L\u00dd GIAO TH\u00d4NG VIETMAP LIVE<\/h2>\n<p><a href=\"https:\/\/vietmap.vn\/vietmap-live\" target=\"_blank\" rel=\"noopener\"><strong>VIETMAP Live<\/strong><\/a>\u00a0&#8211;\u00a0<strong>\u1ee8ng d\u1ee5ng d\u1eabn \u0111\u01b0\u1eddng Hybrid k\u1ebft h\u1ee3p gi\u1eefa d\u1eabn \u0111\u01b0\u1eddng Offline v\u00e0 Online<\/strong>, c\u1ea7n k\u1ebft n\u1ed1i m\u1ea1ng internet \u0111\u1ec3 s\u1eed d\u1ee5ng v\u1edbi d\u1eef li\u1ec7u c\u1ea3nh b\u00e1o giao th\u00f4ng lu\u00f4n ch\u00ednh x\u00e1c \u0111\u01b0\u1ee3c c\u1eadp nh\u1eadt m\u1ed9t tu\u1ea7n m\u1ed9t l\u1ea7n. \u0110\u1eb7c bi\u1ec7t VIETMAP Live c\u00f2n h\u1ed7 tr\u1ee3 ch\u1ebf \u0111\u1ed9 hi\u1ec3n th\u1ecb Widget gi\u00fap hi\u1ec3n th\u1ecb tinh g\u1ecdn c\u00e1c th\u00f4ng tin c\u1ea3nh b\u00e1o giao th\u00f4ng c\u1ea7n thi\u1ebft khi ng\u01b0\u1eddi d\u00f9ng s\u1eed d\u1ee5ng c\u00e1c \u1ee9ng d\u1ee5ng kh\u00e1c.<\/p>\n<p>&nbsp;<\/p>\n<p><img loading=\"lazy\" decoding=\"async\" class=\"alignnone size-full wp-image-709\" src=\"https:\/\/autothaiduong.vn\/wp-content\/uploads\/2025\/05\/biggic-6-1.png\" width=\"1280\" height=\"742\" srcset=\"https:\/\/autothaiduong.vn\/wp-content\/uploads\/2025\/05\/biggic-6-1.png 1280w, https:\/\/autothaiduong.vn\/wp-content\/uploads\/2025\/05\/biggic-6-1-600x348.png 600w, https:\/\/autothaiduong.vn\/wp-content\/uploads\/2025\/05\/biggic-6-1-1024x594.png 1024w, https:\/\/autothaiduong.vn\/wp-content\/uploads\/2025\/05\/biggic-6-1-768x445.png 768w\" sizes=\"auto, (max-width: 1280px) 100vw, 1280px\" \/><\/p>\n<h2>LED THAY \u0110\u1ed4I M\u00c0U S\u1eaeC \u0110\u1ed8C \u0110\u00c1O<\/h2>\n<p><strong>VIETMAP BS10<\/strong>\u00a0v\u1edbi t\u00ednh n\u0103ng thay \u0111\u1ed5i m\u00e0u s\u1eafc LED \u0111\u1ed9c \u0111\u00e1o, kh\u1ea3 n\u0103ng tu\u1ef3 ch\u1ecdn m\u00e0u s\u1eafc \u0111a d\u1ea1ng gi\u00fap cho ng\u01b0\u1eddi d\u1ee5ng t\u1ea1o ra kh\u00f4ng gian gi\u1ea3i tr\u00ed \u0111\u1ed9c \u0111\u00e1o v\u00e0 tu\u1ef3 ch\u1ec9nh theo s\u1edf th\u00edch c\u1ee7a minh\u00a0s\u1eed d\u1ee5ng giao di\u1ec7n \u0111\u1eb7c bi\u1ec7t do VIETMAP x\u00e2y d\u1ef1ng &amp; ph\u00e1t tri\u1ec3n \u0111\u1ed9c quy\u1ec1n cho d\u00f2ng Android box v\u1edbi kh\u1ea3 n\u0103ng hi\u1ec3n th\u1ecb ph\u1ea7n m\u1ec1m d\u1eabn \u0111\u01b0\u1eddng tr\u1ef1c ti\u1ebfp tr\u00ean giao di\u1ec7n ch\u00ednh.<\/p>\n<p><img loading=\"lazy\" decoding=\"async\" class=\"alignnone size-full wp-image-710\" src=\"https:\/\/autothaiduong.vn\/wp-content\/uploads\/2025\/05\/bs10-web.png\" width=\"1280\" height=\"742\" srcset=\"https:\/\/autothaiduong.vn\/wp-content\/uploads\/2025\/05\/bs10-web.png 1280w, https:\/\/autothaiduong.vn\/wp-content\/uploads\/2025\/05\/bs10-web-600x348.png 600w, https:\/\/autothaiduong.vn\/wp-content\/uploads\/2025\/05\/bs10-web-1024x594.png 1024w, https:\/\/autothaiduong.vn\/wp-content\/uploads\/2025\/05\/bs10-web-768x445.png 768w\" sizes=\"auto, (max-width: 1280px) 100vw, 1280px\" \/><\/p>\n<h2>H\u1ed6 TR\u1ee2 \u0110A D\u1ea0NG T\u01af\u01a0NG TH\u00cdCH M\u1eccI K\u00cdCH TH\u01af\u1edaC M\u00c0N H\u00ccNH THEO XE<\/h2>\n<p><a href=\"https:\/\/c.lazada.vn\/t\/c.0Ej8Qa\" target=\"_blank\" rel=\"noopener\"><strong>VIETMAP BS10<\/strong><\/a>\u00a0v\u1edbi t\u00ednh n\u0103ng plug-and-play d\u1ec5 d\u00e0ng k\u1ebft n\u1ed1i v\u00e0 s\u1eed d\u1ee5ng k\u1ebft h\u1ee3p\u00a0kh\u1ea3 n\u0103ng t\u01b0\u01a1ng th\u00edch \u0111a d\u1ea1ng c\u00f9ng t\u00ednh n\u0103ng t\u1ef1 \u0111\u1ed9ng \u0111i\u1ec1u ch\u1ec9nh v\u00e0 thay \u0111\u1ed5i giao di\u1ec7n m\u00e0n h\u00ecnh ph\u00f9 h\u1ee3p v\u1edbi k\u00edch th\u01b0\u1edbc &#8220;m\u00e0n h\u00ecnh zin&#8221; theo xe bao g\u1ed3m c\u00e1c lo\u1ea1i m\u00e0n h\u00ecnh nh\u01b0\u00a0<strong>m\u00e0n h\u00ecnh ngang<\/strong>,\u00a0<strong>m\u00e0n h\u00ecnh d\u1ecdc<\/strong>\u00a0hay c\u00e1c lo\u1ea1i\u00a0<strong>m\u00e0n h\u00ecnh d\u00e0i\u00a0<\/strong>tr\u00ean c\u00e1c d\u00f2ng xe cao c\u1ea5p h\u1ed7 tr\u1ee3 k\u1ebft n\u1ed1i carplay.<\/p>\n<p><img loading=\"lazy\" decoding=\"async\" class=\"alignnone size-full wp-image-711\" src=\"https:\/\/autothaiduong.vn\/wp-content\/uploads\/2025\/05\/biggic-10.png\" width=\"1280\" height=\"742\" srcset=\"https:\/\/autothaiduong.vn\/wp-content\/uploads\/2025\/05\/biggic-10.png 1280w, https:\/\/autothaiduong.vn\/wp-content\/uploads\/2025\/05\/biggic-10-600x348.png 600w, https:\/\/autothaiduong.vn\/wp-content\/uploads\/2025\/05\/biggic-10-1024x594.png 1024w, https:\/\/autothaiduong.vn\/wp-content\/uploads\/2025\/05\/biggic-10-768x445.png 768w\" sizes=\"auto, (max-width: 1280px) 100vw, 1280px\" \/><\/p>\n<h2>HO\u00c0 M\u00ccNH V\u00c0O TH\u1ebe GI\u1edaI GI\u1ea2I TR\u00cd C\u00d9NG VIETMAP ENTERTAINMENT<\/h2>\n<p><a href=\"https:\/\/c.lazada.vn\/t\/c.0Ej8Qa\" target=\"_blank\" rel=\"noopener\"><strong>Android Box VIETMAP BS10<\/strong><\/a>\u00a0t\u00edch h\u1ee3p \u1ee9ng d\u1ee5ng gi\u1ea3i tr\u00ed<strong>\u00a0VIETMAP Entertainment\u00a0<\/strong>bao g\u1ed3m\u00a0<strong>Video Youtube<\/strong>,\u00a0<strong>VTV GO<\/strong>,\u00a0<strong>nghe radio<\/strong>\u00a0gi\u00fap h\u00f4 bi\u1ebfn m\u00e0n h\u00ecnh nguy\u00ean b\u1ea3n theo xe tr\u1edf th\u00e0nh kho \u1ee9ng d\u1ee5ng gi\u1ea3i tr\u00ed kh\u00f4ng gi\u1edbi h\u1ea1n.<\/p>\n<p>V\u1edbi VIETMAP Entertainment, c\u00e1c b\u00e1c t\u00e0i Vi\u1ec7t c\u00f3 th\u1ec3 th\u1ecfa s\u1ee9c th\u01b0\u1edfng th\u1ee9c nh\u1eefng b\u1ea3n nh\u1ea1c y\u00eau th\u00edch,\u00a0xem nh\u1eefng b\u1ed9 phim xu\u1ea5t s\u1eafc v\u00e0 ho\u00e0n to\u00e0n \u0111\u1eafm ch\u00ecm trong nh\u1eefng tr\u1eadn c\u1ea7u \u0111\u1ec9nh cao. \u0110i\u1ec1u n\u00e0y s\u1ebd l\u00e0m cho th\u1eddi gian ngh\u1ec9 ng\u01a1i hay t\u1eadn h\u01b0\u1edfng kh\u00f4ng gian l\u00e1i\u00a0xe tr\u1edf n\u00ean \u00fd ngh\u0129a h\u01a1n bao gi\u1edd h\u1ebft.<\/p>\n<p>&nbsp;<\/p>\n<p><img loading=\"lazy\" decoding=\"async\" class=\"alignnone size-full wp-image-712\" src=\"https:\/\/autothaiduong.vn\/wp-content\/uploads\/2025\/05\/biggic-8.png\" width=\"1280\" height=\"742\" srcset=\"https:\/\/autothaiduong.vn\/wp-content\/uploads\/2025\/05\/biggic-8.png 1280w, https:\/\/autothaiduong.vn\/wp-content\/uploads\/2025\/05\/biggic-8-600x348.png 600w, https:\/\/autothaiduong.vn\/wp-content\/uploads\/2025\/05\/biggic-8-1024x594.png 1024w, https:\/\/autothaiduong.vn\/wp-content\/uploads\/2025\/05\/biggic-8-768x445.png 768w\" sizes=\"auto, (max-width: 1280px) 100vw, 1280px\" \/><\/p>\n<h2>\u0110I\u1ec0U KHI\u1ec2N \u0110A D\u1ea0NG D\u1ec4 D\u00c0NG TI\u1ec6N L\u1ee2I<\/h2>\n<p>V\u1edbi m\u00e0n h\u00ecnh zin, ng\u01b0\u1eddi dung ph\u1ea3i thao t\u00e1c b\u1eb1ng tay tr\u1ef1c ti\u1ebfp\u00a0nh\u01b0ng v\u1edbi\u00a0<strong>VIETMAP BS10<\/strong>\u00a0ng\u01b0\u1eddi d\u00f9ng c\u00f3 th\u1ec3\u00a0<strong>thao t\u00e1c tr\u1ef1c ti\u1ebfp tr\u00ean v\u00f4 l\u0103ng<\/strong>\u00a0v\u00e0 s\u1eed d\u1ee5ng\u00a0<strong>tr\u1ee3 l\u00fd \u1ea3o\u00a0KIKI<\/strong>\u00a0\u0111\u1ec3 \u0111i\u1ec1u khi\u1ec3n tr\u1ef1c ti\u1ebfp b\u1eb1ng gi\u1ecdng n\u00f3i gi\u00fap vi\u1ec7c s\u1eed d\u1ee5ng tr\u1edf n\u00ean d\u1ec5 d\u00e0ng v\u00e0 an to\u00e0n h\u01a1n \u0111\u1ed3ng th\u1eddi g\u00f3p ph\u1ea7n n\u00e2ng cao kh\u1ea3 n\u0103ng t\u1eadp trung khi l\u00e1i xe.<\/p>\n<p><img loading=\"lazy\" decoding=\"async\" class=\"alignnone size-full wp-image-713\" src=\"https:\/\/autothaiduong.vn\/wp-content\/uploads\/2025\/05\/biggic-9.png\" width=\"1280\" height=\"742\" srcset=\"https:\/\/autothaiduong.vn\/wp-content\/uploads\/2025\/05\/biggic-9.png 1280w, https:\/\/autothaiduong.vn\/wp-content\/uploads\/2025\/05\/biggic-9-600x348.png 600w, https:\/\/autothaiduong.vn\/wp-content\/uploads\/2025\/05\/biggic-9-1024x594.png 1024w, https:\/\/autothaiduong.vn\/wp-content\/uploads\/2025\/05\/biggic-9-768x445.png 768w\" sizes=\"auto, (max-width: 1280px) 100vw, 1280px\" \/><\/p>\n<h2>T\u00cdCH H\u1ee2P C\u1ed4NG MINI HDMI H\u1ed6 TR\u1ee2 TR\u00cdCH XU\u1ea4T RA M\u00c0N H\u00ccNH PH\u1ee4<\/h2>\n<p><strong>VIETMAP BS10<\/strong>\u00a0\u0111\u01b0\u1ee3c t\u00edch h\u1ee3p th\u00eam c\u1ed5ng Mini HDMI &#8211; Khi trang b\u1ecb th\u00eam ph\u1ee5 ki\u1ec7n k\u1ebft n\u1ed1i HDMI c\u00f3 th\u1ec3 truy\u1ec1n tr\u1ef1c ti\u1ebfp h\u00ecnh \u1ea3nh l\u00ean h\u1ec7 th\u1ed1ng m\u00e0n h\u00ecnh ph\u1ee5 theo xe.\u00a0<img loading=\"lazy\" decoding=\"async\" class=\"alignnone size-full wp-image-714\" src=\"https:\/\/autothaiduong.vn\/wp-content\/uploads\/2025\/05\/biggic-5-2.png\" width=\"1280\" height=\"742\" srcset=\"https:\/\/autothaiduong.vn\/wp-content\/uploads\/2025\/05\/biggic-5-2.png 1280w, https:\/\/autothaiduong.vn\/wp-content\/uploads\/2025\/05\/biggic-5-2-600x348.png 600w, https:\/\/autothaiduong.vn\/wp-content\/uploads\/2025\/05\/biggic-5-2-1024x594.png 1024w, https:\/\/autothaiduong.vn\/wp-content\/uploads\/2025\/05\/biggic-5-2-768x445.png 768w\" sizes=\"auto, (max-width: 1280px) 100vw, 1280px\" \/><\/p>\n<h2>C\u1ea2M BI\u1ebeN TPMS BLUETOOTH K\u1ebeT N\u1ed0I TR\u1ef0C TI\u1ebeP KH\u00d4NG D\u00c2Y<\/h2>\n<p><strong>VIETMAP BS10<\/strong>\u00a0c\u00f2n h\u1ed7 tr\u1ee3 k\u1ebft n\u1ed1i\u00a0b\u1ed9 ph\u1ee5 ki\u1ec7n c\u1ea3m bi\u1ebfn \u00e1p su\u1ea5t l\u1ed1p\u00a0<strong>VIETMAP BT10<\/strong>\u00a0gi\u00fap theo d\u00f5i tr\u1ef1c ti\u1ebfp th\u00f4ng tin nhi\u1ec7t \u0111\u1ed9 \u00e1p su\u1ea5t l\u1ed1p xe \u0111\u1ed3ng th\u1eddi c\u1ea3nh b\u00e1o tr\u1ef1c ti\u1ebfp b\u1eb1ng gi\u1ecdng n\u00f3i khi ph\u00e1t sinh c\u00e1c tr\u01b0\u1eddng h\u1ee3p kh\u1ea9n c\u1ea5p nh\u01b0 l\u1ed1p c\u0103ng, x\u00ec l\u1ed1p gi\u00fap vi\u1ec7c l\u00e1i xe tr\u1edf n\u00ean d\u1ec5 d\u00e0ng v\u00e0 an to\u00e0n.<\/p>\n<p>\u0110\u1eb7c bi\u1ec7t\u00a0<strong>VIETMAP BS10\u00a0<\/strong>c\u00f2n h\u1ed7 tr\u1ee3 hi\u1ec3n th\u1ecb th\u00f4ng tin \u00e1p su\u1ea5t l\u1ed1p ngay t\u1ea1i giao di\u1ec7n m\u00e0n h\u00ecnh Picture-In-Picture ch\u00ednh gi\u00fap ng\u01b0\u1eddi l\u00e1i c\u00f3 th\u1ec3 theo d\u00f5i th\u00f4ng tin l\u1ed1p ngay t\u1eeb khi kh\u1edfi \u0111\u1ed9ng xe.<\/p>\n<p><em>* Ph\u1ee5 ki\u1ec7n \u00e1p su\u1ea5t l\u1ed1p g\u1eafn trong \/ g\u1eafn ngo\u00e0i VIETMAP BT10i \/ VIETMAP BT10e kh\u00f4ng n\u1eb1m trong b\u1ed9 thi\u1ebft b\u1ecb Android box VIETMAP BS10<\/em><\/p>\n<h1>\u1ede B\u1ea3o L\u1ed9c L\u1eafp \u0110\u1eb7t S\u1ea3n Ph\u1ea9m Vietmap \u1ede \u0110\u00e2u?<\/h1>\n<p><strong>C\u1eeda h\u00e0ng:<\/strong> <strong><span style=\"color: #ff0000;\">Auto Th\u00e1i D\u01b0\u01a1ng\u00a0\u00a0<span style=\"color: #000000;\">&#8211; [ \u0110\u1ea1i l\u00ed ch\u00ednh h\u00e3ng Vietmap T\u1ea1i TP.B\u1ea3o L\u1ed9c ]\u00a0<\/span><\/span><\/strong><\/p>\n<p><strong>\u0110\u1ecba ch\u1ec9: <span style=\"color: #ff0000;\">273-275 Tr\u1ea7n Ph\u00fa Ph\u01b0\u1eddng L\u1ed9c S\u01a1n Th\u00e0nh Ph\u1ed1 B\u1ea3o L\u1ed9c T\u1ec9nh L\u00e2m \u0110\u1ed3ng\u00a0<\/span><\/strong><\/p>\n<p><strong>Hotline:<\/strong> <strong><span style=\"color: #ff0000;\">0912197441<\/span><\/strong><\/p>\n<h2><strong>Qu\u00fd kh\u00e1ch trong khu v\u1ef1c L\u00e2m \u0110\u1ed3ng xin li\u00ean h\u1ec7 ngay v\u1edbi Auto Th\u00e1i D\u01b0\u01a1ng \u0111\u1ec3 \u0111\u01b0\u1ee3c t\u01b0 v\u1ea5n v\u00e0 l\u1eafp \u0111\u1eb7t t\u1ea1i nh\u00e0 24\/7\u00a0<\/strong><\/h2>\n<\/div>\n<\/div>\n<\/section>\n","protected":false},"excerpt":{"rendered":"<p>S\u1ea3n ph\u1ea9m Android box\u00a0<a href=\"https:\/\/c.lazada.vn\/t\/c.0Ej8Qa\" rel=\"nofollow\"><strong>VIETMAP BS10<\/strong><\/a>, thi\u1ebft b\u1ecb ph\u00e1t t\u00edn hi\u1ec7u ch\u1ea1y tr\u00ean h\u1ec7 \u0111i\u1ec1u h\u00e0nh Android, gi\u00fap b\u1ea1n chuy\u1ec3n \u0111\u1ed5i m\u00e0n h\u00ecnh DVD nguy\u00ean b\u1ea3n theo xe c\u00f3 h\u1ed7 tr\u1ee3 t\u00ednh n\u0103ng Carplay\/ Android Auto th\u00e0nh\u00a0<strong><a href=\"https:\/\/c.lazada.vn\/t\/c.0Ej8Qa\" target=\"_blank\" rel=\"noopener\">m\u00e0n h\u00ecnh Android \u00f4 t\u00f4\u00a0th\u00f4ng minh<\/a><\/strong>, v\u1edbi \u0111\u1ea7y \u0111\u1ee7 ch\u1ee9c n\u0103ng, ti\u1ec7n nghi cao c\u1ea5p m\u00e0 kh\u00f4ng c\u1ea7n thay th\u1ebf &#8220;m\u00e0n h\u00ecnh zin&#8221;.<\/p>\n<p>&nbsp;<\/p>\n","protected":false},"featured_media":704,"comment_status":"open","ping_status":"closed","template":"","meta":[],"product_brand":[84],"product_cat":[69,17],"product_tag":[],"class_list":{"0":"post-702","1":"product","2":"type-product","3":"status-publish","4":"has-post-thumbnail","6":"product_brand-vietmap","7":"product_cat-android-box","8":"product_cat-dvd-android-box","10":"first","11":"instock","12":"shipping-taxable","13":"purchasable","14":"product-type-simple"},"_links":{"self":[{"href":"https:\/\/autothaiduong.vn\/index.php?rest_route=\/wp\/v2\/product\/702","targetHints":{"allow":["GET"]}}],"collection":[{"href":"https:\/\/autothaiduong.vn\/index.php?rest_route=\/wp\/v2\/product"}],"about":[{"href":"https:\/\/autothaiduong.vn\/index.php?rest_route=\/wp\/v2\/types\/product"}],"replies":[{"embeddable":true,"href":"https:\/\/autothaiduong.vn\/index.php?rest_route=%2Fwp%2Fv2%2Fcomments&post=702"}],"wp:featuredmedia":[{"embeddable":true,"href":"https:\/\/autothaiduong.vn\/index.php?rest_route=\/wp\/v2\/media\/704"}],"wp:attachment":[{"href":"https:\/\/autothaiduong.vn\/index.php?rest_route=%2Fwp%2Fv2%2Fmedia&parent=702"}],"wp:term":[{"taxonomy":"product_brand","embeddable":true,"href":"https:\/\/autothaiduong.vn\/index.php?rest_route=%2Fwp%2Fv2%2Fproduct_brand&post=702"},{"taxonomy":"product_cat","embeddable":true,"href":"https:\/\/autothaiduong.vn\/index.php?rest_route=%2Fwp%2Fv2%2Fproduct_cat&post=702"},{"taxonomy":"product_tag","embeddable":true,"href":"https:\/\/autothaiduong.vn\/index.php?rest_route=%2Fwp%2Fv2%2Fproduct_tag&post=702"}],"curies":[{"name":"wp","href":"https:\/\/api.w.org\/{rel}","templated":true}]}}