{"id":715,"date":"2025-05-10T05:06:57","date_gmt":"2025-05-10T05:06:57","guid":{"rendered":"https:\/\/autothaiduong.vn\/?post_type=product&#038;p=715"},"modified":"2025-05-10T05:12:23","modified_gmt":"2025-05-10T05:12:23","slug":"bravigo-android-box-s22-pro","status":"publish","type":"product","link":"https:\/\/autothaiduong.vn\/?product=bravigo-android-box-s22-pro","title":{"rendered":"Bravigo ANDROID BOX S22 PRO"},"content":{"rendered":"<p><img loading=\"lazy\" decoding=\"async\" class=\" wp-image-489 aligncenter\" src=\"https:\/\/autothaiduong.vn\/wp-content\/uploads\/2025\/04\/z6584734442481_f208f5944548cb4b46353402ce2e64e0.jpg\" alt=\"\" width=\"307\" height=\"272\" \/><\/p>\n<section class=\"elementor-section elementor-top-section elementor-element elementor-element-2a6ee14 elementor-section-height-min-height elementor-section-boxed elementor-section-height-default elementor-section-items-middle\" data-id=\"2a6ee14\" data-element_type=\"section\" data-settings=\"{&quot;background_background&quot;:&quot;classic&quot;}\">\n<div class=\"elementor-container elementor-column-gap-default\">\n<div class=\"elementor-column elementor-col-50 elementor-top-column elementor-element elementor-element-4fd2fc2\" data-id=\"4fd2fc2\" data-element_type=\"column\">\n<div class=\"elementor-widget-wrap elementor-element-populated\">\n<div class=\"elementor-element elementor-element-52bfbc2 elementor-widget elementor-widget-heading\" data-id=\"52bfbc2\" data-element_type=\"widget\" data-widget_type=\"heading.default\">\n<div class=\"elementor-widget-container\">\n<h2 class=\"elementor-heading-title elementor-size-default\">T\u00ednh N\u0103ng \u01afu Vi\u1ec7t C\u1ee7a Android Box cho \u00d4 t\u00f4<\/h2>\n<\/div>\n<\/div>\n<div class=\"elementor-element elementor-element-5f317a8 elementor-widget elementor-widget-heading\" data-id=\"5f317a8\" data-element_type=\"widget\" data-widget_type=\"heading.default\">\n<div class=\"elementor-widget-container\">\n<h3 class=\"elementor-heading-title elementor-size-default\">N\u00c2NG C\u1ea4P M\u00c0N H\u00ccNH ANDROID CHO \u00d4 T\u00d4 KH\u00d4NG \u0110\u1ed8 CH\u1ebe, GI\u1eee ZIN XE<\/h3>\n<\/div>\n<\/div>\n<div class=\"elementor-element elementor-element-e8a8b96 elementor-widget elementor-widget-text-editor\" data-id=\"e8a8b96\" data-element_type=\"widget\" data-widget_type=\"text-editor.default\">\n<div class=\"elementor-widget-container\">\n<p>Trong ch\u1ec9 15 gi\u00e2y, k\u1ebft n\u1ed1i\u00a0<a href=\"https:\/\/bravigo.vn\/man-hinh-android-cho-o-to\/\" target=\"_blank\" rel=\"noopener\">m\u00e0n h\u00ecnh Android cho \u00f4 t\u00f4<\/a>\u00a0th\u00f4ng qua vi\u1ec7c l\u1eafp \u0111\u1eb7t Android Box v\u00e0 c\u1eafm d\u00e2y USB \u0111\u00e3 gi\u00fap chuy\u1ec3n \u0111\u1ed5i m\u00e0n h\u00ecnh zin th\u00e0nh m\u1ed9t m\u00e0n h\u00ecnh Android ti\u1ec7n \u00edch.<\/p>\n<p>Vi\u1ec7c l\u1eafp \u0111\u1eb7t Android Box kh\u00f4ng ch\u1ec9 nhanh ch\u00f3ng m\u00e0 c\u00f2n kh\u00f4ng \u1ea3nh h\u01b0\u1edfng \u0111\u1ebfn h\u1ec7 th\u1ed1ng \u0111i\u1ec7n v\u00e0 k\u1ebft c\u1ea5u zin c\u1ee7a xe, gi\u00fap duy tr\u00ec s\u1ef1 nguy\u00ean b\u1ea3n c\u1ee7a chi\u1ebfc x\u1ebf y\u00eau c\u1ee7a b\u1ea1n.<\/p>\n<\/div>\n<\/div>\n<div class=\"elementor-element elementor-element-8d91228 elementor-icon-list--layout-traditional elementor-list-item-link-full_width elementor-widget elementor-widget-icon-list\" data-id=\"8d91228\" data-element_type=\"widget\" data-widget_type=\"icon-list.default\">\n<div class=\"elementor-widget-container\">\n<ul class=\"elementor-icon-list-items\">\n<li class=\"elementor-icon-list-item\"><span class=\"elementor-icon-list-text\">L\u1eafp \u0111\u1eb7t v\u00e0 k\u1ebft n\u1ed1i \u0111\u01a1n gi\u1ea3n ch\u1ec9 trong 15 gi\u00e2y th\u00f4ng qua c\u1ed5ng USB.<\/span><\/li>\n<li class=\"elementor-icon-list-item\"><span class=\"elementor-icon-list-text\">Gi\u1eef nguy\u00ean &#8220;zin&#8221; cho m\u00e0n h\u00ecnh c\u1ee7a xe<\/span><\/li>\n<\/ul>\n<\/div>\n<\/div>\n<\/div>\n<\/div>\n<div class=\"elementor-column elementor-col-50 elementor-top-column elementor-element elementor-element-fa2fe9a\" data-id=\"fa2fe9a\" data-element_type=\"column\">\n<div class=\"elementor-widget-wrap elementor-element-populated\">\n<div class=\"elementor-element elementor-element-4251f93 elementor-widget elementor-widget-image\" data-id=\"4251f93\" data-element_type=\"widget\" data-widget_type=\"image.default\">\n<div class=\"elementor-widget-container\"><img loading=\"lazy\" decoding=\"async\" class=\"attachment-large size-large wp-image-8668\" src=\"https:\/\/bravigo.vn\/images\/2023\/05\/Tinh-nang-Android-box-cho-o-to-1024x1024.webp\" sizes=\"auto, (max-width: 1020px) 100vw, 1020px\" srcset=\"https:\/\/bravigo.vn\/images\/2023\/05\/Tinh-nang-Android-box-cho-o-to-1024x1024.webp 1024w, https:\/\/bravigo.vn\/images\/2023\/05\/Tinh-nang-Android-box-cho-o-to-scaled-100x100.webp 100w, https:\/\/bravigo.vn\/images\/2023\/05\/Tinh-nang-Android-box-cho-o-to-scaled-510x510.webp 510w, https:\/\/bravigo.vn\/images\/2023\/05\/Tinh-nang-Android-box-cho-o-to-768x768.webp 768w, https:\/\/bravigo.vn\/images\/2023\/05\/Tinh-nang-Android-box-cho-o-to-1536x1536.webp 1536w, https:\/\/bravigo.vn\/images\/2023\/05\/Tinh-nang-Android-box-cho-o-to-2048x2048.webp 2048w, https:\/\/bravigo.vn\/images\/2023\/05\/Tinh-nang-Android-box-cho-o-to-640x640.webp 640w, https:\/\/bravigo.vn\/images\/2023\/05\/Tinh-nang-Android-box-cho-o-to-400x400.webp 400w, https:\/\/bravigo.vn\/images\/2023\/05\/Tinh-nang-Android-box-cho-o-to-560x560.webp 560w, https:\/\/bravigo.vn\/images\/2023\/05\/Tinh-nang-Android-box-cho-o-to-367x367.webp 367w, https:\/\/bravigo.vn\/images\/2023\/05\/Tinh-nang-Android-box-cho-o-to-85x85.webp 85w, https:\/\/bravigo.vn\/images\/2023\/05\/Tinh-nang-Android-box-cho-o-to-600x600.webp 600w\" alt=\"t\u00ednh n\u0103ng, \u1ee9ng d\u1ee5ng c\u1ee7a android box\" width=\"1020\" height=\"1020\" \/><\/div>\n<\/div>\n<\/div>\n<\/div>\n<\/div>\n<\/section>\n<section class=\"elementor-section elementor-top-section elementor-element elementor-element-1989611 elementor-section-boxed elementor-section-height-default elementor-section-height-default\" data-id=\"1989611\" data-element_type=\"section\" data-settings=\"{&quot;background_background&quot;:&quot;classic&quot;}\">\n<div class=\"elementor-container elementor-column-gap-default\">\n<div class=\"elementor-column elementor-col-100 elementor-top-column elementor-element elementor-element-13a07dc\" data-id=\"13a07dc\" data-element_type=\"column\">\n<div class=\"elementor-widget-wrap elementor-element-populated\">\n<div class=\"elementor-element elementor-element-a249c2e elementor-widget-mobile__width-initial elementor-widget elementor-widget-image\" data-id=\"a249c2e\" data-element_type=\"widget\" data-widget_type=\"image.default\">\n<div class=\"elementor-widget-container\"><img loading=\"lazy\" decoding=\"async\" class=\"alignnone size-full wp-image-717\" src=\"https:\/\/autothaiduong.vn\/wp-content\/uploads\/2025\/05\/Thanh-phan-box-copy-1024x999-1.jpg\" alt=\"Th\u00e0nh ph\u1ea7n android box S22 Pro\" width=\"1024\" height=\"999\" srcset=\"https:\/\/autothaiduong.vn\/wp-content\/uploads\/2025\/05\/Thanh-phan-box-copy-1024x999-1.jpg 1024w, https:\/\/autothaiduong.vn\/wp-content\/uploads\/2025\/05\/Thanh-phan-box-copy-1024x999-1-600x585.jpg 600w, https:\/\/autothaiduong.vn\/wp-content\/uploads\/2025\/05\/Thanh-phan-box-copy-1024x999-1-768x749.jpg 768w\" sizes=\"auto, (max-width: 1024px) 100vw, 1024px\" \/><\/div>\n<\/div>\n<\/div>\n<\/div>\n<\/div>\n<\/section>\n<section class=\"elementor-section elementor-top-section elementor-element elementor-element-5cb33e8 elementor-section-full_width elementor-section-height-default elementor-section-height-default\" data-id=\"5cb33e8\" data-element_type=\"section\" data-settings=\"{&quot;background_background&quot;:&quot;classic&quot;}\">\n<div class=\"elementor-container elementor-column-gap-no\">\n<div class=\"elementor-column elementor-col-100 elementor-top-column elementor-element elementor-element-226a30c\" data-id=\"226a30c\" data-element_type=\"column\">\n<div class=\"elementor-widget-wrap elementor-element-populated\">\n<section class=\"elementor-section elementor-inner-section elementor-element elementor-element-3093d1f elementor-hidden-tablet elementor-hidden-mobile elementor-section-boxed elementor-section-height-default elementor-section-height-default\" data-id=\"3093d1f\" data-element_type=\"section\">\n<div class=\"elementor-container elementor-column-gap-default\">\n<div class=\"elementor-column elementor-col-100 elementor-inner-column elementor-element elementor-element-3640db5\" data-id=\"3640db5\" data-element_type=\"column\">\n<div class=\"elementor-widget-wrap\"><\/div>\n<\/div>\n<\/div>\n<\/section>\n<section class=\"elementor-section elementor-inner-section elementor-element elementor-element-ac58c2f elementor-section-full_width elementor-section-height-min-height elementor-section-height-default\" data-id=\"ac58c2f\" data-element_type=\"section\" data-settings=\"{&quot;background_background&quot;:&quot;classic&quot;}\">\n<div class=\"elementor-container elementor-column-gap-default\">\n<div class=\"elementor-column elementor-col-100 elementor-inner-column elementor-element elementor-element-32f2334\" data-id=\"32f2334\" data-element_type=\"column\">\n<div class=\"elementor-widget-wrap\"><\/div>\n<\/div>\n<\/div>\n<\/section>\n<\/div>\n<\/div>\n<\/div>\n<\/section>\n<section class=\"elementor-section elementor-top-section elementor-element elementor-element-ade619b elementor-section-full_width elementor-section-height-default elementor-section-height-default\" data-id=\"ade619b\" data-element_type=\"section\" data-settings=\"{&quot;background_background&quot;:&quot;classic&quot;}\">\n<div class=\"elementor-container elementor-column-gap-default\">\n<div class=\"elementor-column elementor-col-100 elementor-top-column elementor-element elementor-element-a3ae355\" data-id=\"a3ae355\" data-element_type=\"column\">\n<div class=\"elementor-widget-wrap elementor-element-populated\">\n<section class=\"elementor-section elementor-inner-section elementor-element elementor-element-6c4faa7 elementor-section-boxed elementor-section-height-default elementor-section-height-default\" data-id=\"6c4faa7\" data-element_type=\"section\">\n<div class=\"elementor-container elementor-column-gap-default\">\n<div class=\"elementor-column elementor-col-100 elementor-inner-column elementor-element elementor-element-0e793a6\" data-id=\"0e793a6\" data-element_type=\"column\">\n<div class=\"elementor-widget-wrap elementor-element-populated\">\n<div class=\"elementor-element elementor-element-8f122c7 elementor-widget elementor-widget-heading\" data-id=\"8f122c7\" data-element_type=\"widget\" data-widget_type=\"heading.default\">\n<div class=\"elementor-widget-container\">\n<h2 class=\"elementor-heading-title elementor-size-default\">Tr\u1ea3i nghi\u1ec7m th\u00f4ng minh v\u00e0 an to\u00e0n v\u1edbi Bravigo AI<\/h2>\n<\/div>\n<\/div>\n<div class=\"elementor-element elementor-element-2756a9b elementor-widget elementor-widget-text-editor\" data-id=\"2756a9b\" data-element_type=\"widget\" data-widget_type=\"text-editor.default\">\n<div class=\"elementor-widget-container\">\n<p>X\u00e1c \u0111\u1ecbnh ch\u00ednh x\u00e1c v\u1ecb tr\u00ed theo th\u1eddi gian th\u1ef1c v\u1edbi \u0111\u1ecbnh v\u1ecb GPS.<br \/>\nCh\u1ec9 v\u1edbi thao t\u00e1c \u0111\u01a1n gi\u1ea3n l\u00e0 k\u00edch ho\u1ea1t tr\u1ee3 l\u00fd gi\u1ecdng n\u00f3i th\u00f4ng minh\u00a0<a href=\"https:\/\/bravigo.vn\/tro-ly-ao-thong-minh-bravigo-ai\/\" target=\"_blank\" rel=\"noopener\">BRAVIGO AI<\/a>\u00a0v\u1edbi kh\u1ea3 n\u0103ng nh\u1eadn di\u1ec7n gi\u1ecdng n\u00f3i 3 mi\u1ec1n B\u1eafc \u2013 Trung \u2013 Nam khi s\u1eed d\u1ee5ng \u2013 t\u1ee9c kh\u1eafc, \u0111\u1ecbnh v\u1ecb GPS s\u1ebd ghi l\u1ea1i l\u1ecbch tr\u00ecnh di chuy\u1ec3n c\u1ee7a xe v\u00e0 \u0111\u1ed3ng b\u1ed9 xem \u0111\u01b0\u1ee3c tr\u00ean Web\u00a0<a href=\"http:\/\/gps.bravigo.vn\/\" target=\"_blank\" rel=\"noopener\">gps.bravigo.vn<\/a><br \/>\nB\u1ea1n c\u00f3 th\u1ec3 xem l\u1ea1i l\u1ed9 tr\u00ecnh di chuy\u1ec3n c\u1ee7a xe bao g\u1ed3m: th\u1eddi gian, \u0111\u1ecba \u0111i\u1ec3m, t\u1ed1c \u0111\u1ed9 di chuy\u1ec3n tr\u00ean c\u00e1c cung \u0111\u01b0\u1eddng \u0111\u00e3 \u0111i.<\/p>\n<\/div>\n<\/div>\n<\/div>\n<\/div>\n<\/div>\n<\/section>\n<div class=\"elementor-element elementor-element-b0f597e elementor-widget elementor-widget-image\" data-id=\"b0f597e\" data-element_type=\"widget\" data-widget_type=\"image.default\">\n<div class=\"elementor-widget-container\"><img loading=\"lazy\" decoding=\"async\" class=\"alignnone size-full wp-image-718\" src=\"https:\/\/autothaiduong.vn\/wp-content\/uploads\/2025\/05\/Chevy-Dealer-Near-Me-Suffolk-VA-MyLink-2020-Blazer.png\" alt=\"Android box hi\u1ec7n th\u1ecb Phone\" width=\"1000\" height=\"550\" srcset=\"https:\/\/autothaiduong.vn\/wp-content\/uploads\/2025\/05\/Chevy-Dealer-Near-Me-Suffolk-VA-MyLink-2020-Blazer.png 1000w, https:\/\/autothaiduong.vn\/wp-content\/uploads\/2025\/05\/Chevy-Dealer-Near-Me-Suffolk-VA-MyLink-2020-Blazer-600x330.png 600w, https:\/\/autothaiduong.vn\/wp-content\/uploads\/2025\/05\/Chevy-Dealer-Near-Me-Suffolk-VA-MyLink-2020-Blazer-768x422.png 768w\" sizes=\"auto, (max-width: 1000px) 100vw, 1000px\" \/><\/div>\n<\/div>\n<div class=\"elementor-element elementor-element-350b6c9 elementor-widget elementor-widget-image\" data-id=\"350b6c9\" data-element_type=\"widget\" data-widget_type=\"image.default\">\n<div class=\"elementor-widget-container\"><img loading=\"lazy\" decoding=\"async\" class=\"alignnone size-full wp-image-719\" src=\"https:\/\/autothaiduong.vn\/wp-content\/uploads\/2025\/05\/Toc-do.jpg\" alt=\"\u1ea2nh th\u1ef1c t\u1ebf android box cho \u00f4 t\u00f4\" width=\"1280\" height=\"720\" srcset=\"https:\/\/autothaiduong.vn\/wp-content\/uploads\/2025\/05\/Toc-do.jpg 1280w, https:\/\/autothaiduong.vn\/wp-content\/uploads\/2025\/05\/Toc-do-600x338.jpg 600w, https:\/\/autothaiduong.vn\/wp-content\/uploads\/2025\/05\/Toc-do-1024x576.jpg 1024w, https:\/\/autothaiduong.vn\/wp-content\/uploads\/2025\/05\/Toc-do-768x432.jpg 768w\" sizes=\"auto, (max-width: 1280px) 100vw, 1280px\" \/><\/div>\n<\/div>\n<\/div>\n<\/div>\n<\/div>\n<\/section>\n<section class=\"elementor-section elementor-top-section elementor-element elementor-element-c11b373 elementor-section-boxed elementor-section-height-default elementor-section-height-default\" data-id=\"c11b373\" data-element_type=\"section\" data-settings=\"{&quot;background_background&quot;:&quot;video&quot;}\">\n<div class=\"elementor-background-overlay\"><\/div>\n<div class=\"elementor-container elementor-column-gap-default\">\n<div class=\"elementor-column elementor-col-50 elementor-top-column elementor-element elementor-element-618ee95\" data-id=\"618ee95\" data-element_type=\"column\">\n<div class=\"elementor-widget-wrap elementor-element-populated\">\n<div class=\"elementor-element elementor-element-8f189e7 elementor-widget elementor-widget-text-editor\" data-id=\"8f189e7\" data-element_type=\"widget\" data-widget_type=\"text-editor.default\">\n<div class=\"elementor-widget-container\">\n<p>TR\u1ea2I NGHI\u1ec6M TUY\u1ec6T V\u1edcI C\u00d9NG V\u1edaI<\/p>\n<h2>Kho \u1ee9ng d\u1ee5ng \u0111\u1ed3 s\u1ed9 c\u1ee7a CH Play<\/h2>\n<p>V\u1edbi c\u00e1c t\u00ednh n\u0103ng t\u01b0\u01a1ng t\u1ef1 nh\u01b0 m\u1ed9t m\u00e1y t\u00ednh b\u1ea3ng sau khi k\u1ebft n\u1ed1i Android Box v\u00e0o m\u00e0n zin, b\u1ea1n ho\u00e0n to\u00e0n c\u00f3 th\u1ec3 t\u1ea3i v\u00f4 v\u00e0n \u1ee9ng d\u1ee5ng d\u1ec5 d\u00e0ng t\u1eeb<a href=\"https:\/\/chplay.vn\/\" target=\"_blank\" rel=\"noopener\"> CH PLAY<\/a>, tha h\u1ed3 tr\u1ea3i nghi\u1ec7m c\u00e1c ti\u1ec7n \u00edch m\u00e0 h\u1ec7 \u0111i\u1ec1u h\u00e0nh Android mang l\u1ea1i. \u0110i\u1ec1u \u0111\u00f3 cho ph\u00e9p b\u1ea1n t\u1eadn h\u01b0\u1edfng t\u1ed1i \u0111a th\u1eddi gian gi\u1ea3i tr\u00ed tr\u00ean \u0111a n\u1ec1n t\u1ea3ng: \u0111\u1ecdc s\u00e1ch, xem ch\u01b0\u01a1ng tr\u00ecnh TV, b\u00f3ng \u0111\u00e1 K+, l\u01b0\u1edbt web, xem phim, ch\u01a1i game, nghe nh\u1ea1c,\u2026 trong t\u1ea7m tay.<\/p>\n<\/div>\n<\/div>\n<\/div>\n<\/div>\n<div class=\"elementor-column elementor-col-50 elementor-top-column elementor-element elementor-element-aff9ae4\" data-id=\"aff9ae4\" data-element_type=\"column\">\n<div class=\"elementor-widget-wrap elementor-element-populated\">\n<div class=\"elementor-element elementor-element-3b15ae8 img-box elementor-widget elementor-widget-image\" data-id=\"3b15ae8\" data-element_type=\"widget\" data-widget_type=\"image.default\">\n<div class=\"elementor-widget-container\"><img decoding=\"async\" title=\"\" src=\"https:\/\/bravigo.vn\/images\/2022\/12\/Kho-ung-dung-khong-lo.png\" alt=\"\" \/><\/div>\n<\/div>\n<\/div>\n<\/div>\n<\/div>\n<\/section>\n<section class=\"elementor-section elementor-top-section elementor-element elementor-element-0eb13a9 elementor-section-full_width elementor-section-height-default elementor-section-height-default\" data-id=\"0eb13a9\" data-element_type=\"section\" data-settings=\"{&quot;background_background&quot;:&quot;classic&quot;}\">\n<div class=\"elementor-container elementor-column-gap-default\">\n<div class=\"elementor-column elementor-col-100 elementor-top-column elementor-element elementor-element-b4beb2a\" data-id=\"b4beb2a\" data-element_type=\"column\">\n<div class=\"elementor-widget-wrap elementor-element-populated\">\n<div class=\"elementor-element elementor-element-7aab0d7 elementor-widget elementor-widget-image\" data-id=\"7aab0d7\" data-element_type=\"widget\" data-widget_type=\"image.default\">\n<div class=\"elementor-widget-container\"><img loading=\"lazy\" decoding=\"async\" class=\"alignnone size-full wp-image-720\" src=\"https:\/\/autothaiduong.vn\/wp-content\/uploads\/2025\/05\/z3964740674918_427b6c2b979ea7927f7eff5883042b75.jpg\" alt=\"K\u1ebft n\u1ed1i Android box cho \u00f4 t\u00f4\" width=\"1280\" height=\"720\" srcset=\"https:\/\/autothaiduong.vn\/wp-content\/uploads\/2025\/05\/z3964740674918_427b6c2b979ea7927f7eff5883042b75.jpg 1280w, https:\/\/autothaiduong.vn\/wp-content\/uploads\/2025\/05\/z3964740674918_427b6c2b979ea7927f7eff5883042b75-600x338.jpg 600w, https:\/\/autothaiduong.vn\/wp-content\/uploads\/2025\/05\/z3964740674918_427b6c2b979ea7927f7eff5883042b75-1024x576.jpg 1024w, https:\/\/autothaiduong.vn\/wp-content\/uploads\/2025\/05\/z3964740674918_427b6c2b979ea7927f7eff5883042b75-768x432.jpg 768w\" sizes=\"auto, (max-width: 1280px) 100vw, 1280px\" \/><\/div>\n<\/div>\n<\/div>\n<\/div>\n<\/div>\n<\/section>\n<section class=\"elementor-section elementor-top-section elementor-element elementor-element-d3f2000 elementor-section-boxed elementor-section-height-default elementor-section-height-default\" data-id=\"d3f2000\" data-element_type=\"section\" data-settings=\"{&quot;background_background&quot;:&quot;classic&quot;}\">\n<div class=\"elementor-container elementor-column-gap-default\">\n<div class=\"elementor-column elementor-col-100 elementor-top-column elementor-element elementor-element-f0af49a\" data-id=\"f0af49a\" data-element_type=\"column\">\n<div class=\"elementor-widget-wrap elementor-element-populated\">\n<section class=\"elementor-section elementor-inner-section elementor-element elementor-element-cad6cde elementor-section-boxed elementor-section-height-default elementor-section-height-default\" data-id=\"cad6cde\" data-element_type=\"section\">\n<div class=\"elementor-container elementor-column-gap-default\">\n<div class=\"elementor-column elementor-col-50 elementor-inner-column elementor-element elementor-element-abba7ba\" data-id=\"abba7ba\" data-element_type=\"column\">\n<div class=\"elementor-widget-wrap elementor-element-populated\">\n<div class=\"elementor-element elementor-element-a2f25da elementor-widget elementor-widget-image\" data-id=\"a2f25da\" data-element_type=\"widget\" data-widget_type=\"image.default\">\n<div class=\"elementor-widget-container\"><img loading=\"lazy\" decoding=\"async\" class=\"alignnone size-full wp-image-721\" src=\"https:\/\/autothaiduong.vn\/wp-content\/uploads\/2025\/05\/z3966408085774_90b45f4177995a8e389a91fbc3ed89dd-copy-674x1024-1.png\" alt=\"H\u00ecnh th\u1ef1c t\u1ebf l\u1eafp \u0111\u1eb7t android box S22 PRO\" width=\"674\" height=\"1024\" srcset=\"https:\/\/autothaiduong.vn\/wp-content\/uploads\/2025\/05\/z3966408085774_90b45f4177995a8e389a91fbc3ed89dd-copy-674x1024-1.png 674w, https:\/\/autothaiduong.vn\/wp-content\/uploads\/2025\/05\/z3966408085774_90b45f4177995a8e389a91fbc3ed89dd-copy-674x1024-1-395x600.png 395w, https:\/\/autothaiduong.vn\/wp-content\/uploads\/2025\/05\/z3966408085774_90b45f4177995a8e389a91fbc3ed89dd-copy-674x1024-1-600x912.png 600w\" sizes=\"auto, (max-width: 674px) 100vw, 674px\" \/><\/div>\n<\/div>\n<\/div>\n<\/div>\n<div class=\"elementor-column elementor-col-50 elementor-inner-column elementor-element elementor-element-88d1aa3\" data-id=\"88d1aa3\" data-element_type=\"column\">\n<div class=\"elementor-widget-wrap elementor-element-populated\">\n<div class=\"elementor-element elementor-element-f17ad67 elementor-widget elementor-widget-image\" data-id=\"f17ad67\" data-element_type=\"widget\" data-widget_type=\"image.default\">\n<div class=\"elementor-widget-container\"><img loading=\"lazy\" decoding=\"async\" class=\"attachment-large size-large wp-image-8772\" src=\"https:\/\/bravigo.vn\/images\/2023\/05\/Android-box-bravigo-s22-pro.webp\" sizes=\"auto, (max-width: 1020px) 100vw, 1020px\" srcset=\"https:\/\/bravigo.vn\/images\/2023\/05\/Android-box-bravigo-s22-pro.webp 1024w, https:\/\/bravigo.vn\/images\/2023\/05\/Android-box-bravigo-s22-pro-510x383.webp 510w, https:\/\/bravigo.vn\/images\/2023\/05\/Android-box-bravigo-s22-pro-768x576.webp 768w, https:\/\/bravigo.vn\/images\/2023\/05\/Android-box-bravigo-s22-pro-463x348.webp 463w, https:\/\/bravigo.vn\/images\/2023\/05\/Android-box-bravigo-s22-pro-640x480.webp 640w, https:\/\/bravigo.vn\/images\/2023\/05\/Android-box-bravigo-s22-pro-400x300.webp 400w, https:\/\/bravigo.vn\/images\/2023\/05\/Android-box-bravigo-s22-pro-367x275.webp 367w, https:\/\/bravigo.vn\/images\/2023\/05\/Android-box-bravigo-s22-pro-200x150.webp 200w, https:\/\/bravigo.vn\/images\/2023\/05\/Android-box-bravigo-s22-pro-600x450.webp 600w\" alt=\"android box s22 pro cho xe \u00f4 t\u00f4\" width=\"1020\" height=\"765\" \/><\/div>\n<\/div>\n<div class=\"elementor-element elementor-element-a84bf5d elementor-widget elementor-widget-image\" data-id=\"a84bf5d\" data-element_type=\"widget\" data-widget_type=\"image.default\">\n<div class=\"elementor-widget-container\"><img loading=\"lazy\" decoding=\"async\" class=\"alignnone size-full wp-image-722\" src=\"https:\/\/autothaiduong.vn\/wp-content\/uploads\/2025\/05\/z3966403700958_87cebe783da94aa79419142f4c215e70-copy-2-1024x664-1.png\" alt=\"\u1ea2nh th\u1ef1c t\u1ebf android box cho \u00f4 t\u00f4\" width=\"1024\" height=\"664\" srcset=\"https:\/\/autothaiduong.vn\/wp-content\/uploads\/2025\/05\/z3966403700958_87cebe783da94aa79419142f4c215e70-copy-2-1024x664-1.png 1024w, https:\/\/autothaiduong.vn\/wp-content\/uploads\/2025\/05\/z3966403700958_87cebe783da94aa79419142f4c215e70-copy-2-1024x664-1-600x389.png 600w, https:\/\/autothaiduong.vn\/wp-content\/uploads\/2025\/05\/z3966403700958_87cebe783da94aa79419142f4c215e70-copy-2-1024x664-1-768x498.png 768w\" sizes=\"auto, (max-width: 1024px) 100vw, 1024px\" \/><\/div>\n<\/div>\n<\/div>\n<\/div>\n<\/div>\n<\/section>\n<\/div>\n<\/div>\n<\/div>\n<\/section>\n<section class=\"elementor-section elementor-top-section elementor-element elementor-element-45f0177 elementor-section-boxed elementor-section-height-default elementor-section-height-default\" data-id=\"45f0177\" data-element_type=\"section\" data-settings=\"{&quot;background_background&quot;:&quot;classic&quot;}\">\n<div class=\"elementor-container elementor-column-gap-default\">\n<div class=\"elementor-column elementor-col-100 elementor-top-column elementor-element elementor-element-a95fdad\" data-id=\"a95fdad\" data-element_type=\"column\" data-settings=\"{&quot;background_background&quot;:&quot;classic&quot;}\">\n<div class=\"elementor-widget-wrap elementor-element-populated\">\n<div class=\"elementor-element elementor-element-f41e494 elementor-widget elementor-widget-toggle\" data-id=\"f41e494\" data-element_type=\"widget\" data-widget_type=\"toggle.default\">\n<div class=\"elementor-widget-container\">\n<div class=\"elementor-toggle\">\n<div class=\"elementor-toggle-item\">\n<div id=\"elementor-tab-title-2551\" class=\"elementor-tab-title\" role=\"button\" data-tab=\"1\" aria-controls=\"elementor-tab-content-2551\" aria-expanded=\"false\"><\/div>\n<\/div>\n<\/div>\n<\/div>\n<\/div>\n<\/div>\n<\/div>\n<\/div>\n<\/section>\n","protected":false},"excerpt":{"rendered":"<p>T\u00ednh N\u0103ng \u01afu Vi\u1ec7t C\u1ee7a Android Box cho \u00d4 t\u00f4 N\u00c2NG C\u1ea4P M\u00c0N H\u00ccNH ANDROID CHO \u00d4 T\u00d4 KH\u00d4NG \u0110\u1ed8 CH\u1ebe, GI\u1eee ZIN XE Trong ch\u1ec9 15 gi\u00e2y, k\u1ebft n\u1ed1i\u00a0m\u00e0n h\u00ecnh Android cho \u00f4 t\u00f4\u00a0th\u00f4ng qua vi\u1ec7c l\u1eafp \u0111\u1eb7t Android Box v\u00e0 c\u1eafm d\u00e2y USB \u0111\u00e3 gi\u00fap chuy\u1ec3n \u0111\u1ed5i m\u00e0n h\u00ecnh zin th\u00e0nh m\u1ed9t m\u00e0n [&#8230;]\n","protected":false},"featured_media":716,"comment_status":"open","ping_status":"closed","template":"","meta":[],"product_brand":[85],"product_cat":[17,69],"product_tag":[],"class_list":{"0":"post-715","1":"product","2":"type-product","3":"status-publish","4":"has-post-thumbnail","6":"product_brand-bravigo","7":"product_cat-dvd-android-box","8":"product_cat-android-box","10":"first","11":"instock","12":"shipping-taxable","13":"purchasable","14":"product-type-simple"},"_links":{"self":[{"href":"https:\/\/autothaiduong.vn\/index.php?rest_route=\/wp\/v2\/product\/715","targetHints":{"allow":["GET"]}}],"collection":[{"href":"https:\/\/autothaiduong.vn\/index.php?rest_route=\/wp\/v2\/product"}],"about":[{"href":"https:\/\/autothaiduong.vn\/index.php?rest_route=\/wp\/v2\/types\/product"}],"replies":[{"embeddable":true,"href":"https:\/\/autothaiduong.vn\/index.php?rest_route=%2Fwp%2Fv2%2Fcomments&post=715"}],"wp:featuredmedia":[{"embeddable":true,"href":"https:\/\/autothaiduong.vn\/index.php?rest_route=\/wp\/v2\/media\/716"}],"wp:attachment":[{"href":"https:\/\/autothaiduong.vn\/index.php?rest_route=%2Fwp%2Fv2%2Fmedia&parent=715"}],"wp:term":[{"taxonomy":"product_brand","embeddable":true,"href":"https:\/\/autothaiduong.vn\/index.php?rest_route=%2Fwp%2Fv2%2Fproduct_brand&post=715"},{"taxonomy":"product_cat","embeddable":true,"href":"https:\/\/autothaiduong.vn\/index.php?rest_route=%2Fwp%2Fv2%2Fproduct_cat&post=715"},{"taxonomy":"product_tag","embeddable":true,"href":"https:\/\/autothaiduong.vn\/index.php?rest_route=%2Fwp%2Fv2%2Fproduct_tag&post=715"}],"curies":[{"name":"wp","href":"https:\/\/api.w.org\/{rel}","templated":true}]}}