{"id":781,"date":"2025-05-10T07:37:59","date_gmt":"2025-05-10T07:37:59","guid":{"rendered":"https:\/\/autothaiduong.vn\/?post_type=product&#038;p=781"},"modified":"2025-05-10T07:37:59","modified_gmt":"2025-05-10T07:37:59","slug":"ax-ppf-m-series-nham-mo-co-ket-cau-nhat","status":"publish","type":"product","link":"https:\/\/autothaiduong.vn\/?product=ax-ppf-m-series-nham-mo-co-ket-cau-nhat","title":{"rendered":"AX PPF M SERIES (NH\u00c1M M\u1edc) \u2013 C\u00d3 K\u1ebeT C\u1ea4U NH\u1ea4T"},"content":{"rendered":"<p><img loading=\"lazy\" decoding=\"async\" class=\"wp-image-489 aligncenter\" src=\"https:\/\/autothaiduong.vn\/wp-content\/uploads\/2025\/04\/z6584734442481_f208f5944548cb4b46353402ce2e64e0.jpg\" alt=\"\" width=\"331\" height=\"293\" \/><\/p>\n<p style=\"text-align: center;\"><span style=\"font-size: 150%; color: #ff0000;\"><strong>\u0110\u1ecba Ch\u1ec9: 273-275 Tr\u1ea7n Ph\u00fa Ph\u01b0\u1eddng L\u1ed9c S\u01a1n Th\u00e0nh Ph\u1ed1 B\u1ea3o L\u1ed9c T\u1ec9nh L\u00e2m \u0110\u1ed3ng <\/strong><\/span><\/p>\n<p style=\"text-align: center;\"><span style=\"font-size: 150%; color: #ff0000;\"><strong>Hotline: 0912197441<\/strong><\/span><\/p>\n<p data-pm-slice=\"0 0 []\">Phim d\u00e1n PPF (Paint Protection Film) AX PPF M Series l\u00e0 d\u00f2ng s\u1ea3n ph\u1ea9m \u0111\u1eb7c bi\u1ec7t c\u1ee7a AX Film, mang \u0111\u1ebfn hi\u1ec7u \u1ee9ng matte (nh\u00e1m m\u1edd) \u0111\u1ed9c \u0111\u00e1o, t\u1ea1o n\u00ean phong c\u00e1ch hi\u1ec7n \u0111\u1ea1i v\u00e0 sang tr\u1ecdng cho chi\u1ebfc \u00f4 t\u00f4 c\u1ee7a b\u1ea1n. V\u1edbi c\u00f4ng ngh\u1ec7 ti\u00ean ti\u1ebfn v\u00e0 v\u1eadt li\u1ec7u TPU ch\u1ea5t l\u01b0\u1ee3ng cao, AX PPF M Series kh\u00f4ng ch\u1ec9 b\u1ea3o v\u1ec7 s\u01a1n xe hi\u1ec7u qu\u1ea3 m\u00e0 c\u00f2n \u0111em l\u1ea1i m\u1ed9t di\u1ec7n m\u1ea1o ho\u00e0n to\u00e0n m\u1edbi, t\u1ea1o \u0111i\u1ec3m nh\u1ea5n cho chi\u1ebfc xe c\u1ee7a b\u1ea1n.<\/p>\n<h2><strong><a id=\"1-th-ng-tin-s--n-ph--m-nbsp-ax-ppf-m-series\" class=\"toc-a-tag\"><\/a>1. Th\u00f4ng tin s\u1ea3n ph\u1ea9m\u00a0AX PPF M Series<\/strong><\/h2>\n<ul>\n<li><strong>T\u00ean s\u1ea3n ph\u1ea9m:<\/strong>\u00a0AX PPF M Series<\/li>\n<li><strong>Ph\u00e2n lo\u1ea1i:<\/strong>\u00a0Phim d\u00e1n PPF trong su\u1ed1t<\/li>\n<li><strong>M\u00e0u s\u1eafc:<\/strong>\u00a0Trong su\u1ed1t<\/li>\n<li><strong>\u0110\u1ed9 d\u00e0y:<\/strong>\u00a08.0 Mil<\/li>\n<li><strong>\u0110\u1ed9 d\u00e0y l\u1edbp TPU:<\/strong>\u00a05.9055 Mil<\/li>\n<li><strong>\u0110\u1ed9 d\u00e0y l\u1edbp Hard Coating:<\/strong>\u00a00.472441 Mil<\/li>\n<li><strong>\u0110\u1ed9 d\u00e0y l\u1edbp keo PSA:<\/strong>\u00a00.984252 Mil<\/li>\n<li><strong>Th\u1eddi gian b\u1ea3o h\u00e0nh:<\/strong>\u00a05 n\u0103m<\/li>\n<li><strong>Th\u1eddi gian b\u1ea3o h\u00e0nh \u1ed1 v\u00e0ng \u0111\u1ed9c quy\u1ec1n:<\/strong>\u00a03 n\u0103m<\/li>\n<\/ul>\n<h2><strong><a id=\"2-gi--thi-c-ng-ni-m-y--t-t--i-c-c---i-l--ax-film\" class=\"toc-a-tag\"><\/a>2. Gi\u00e1 thi c\u00f4ng ni\u00eam y\u1ebft t\u1ea1i c\u00e1c \u0111\u1ea1i l\u00fd AX Film<\/strong><\/h2>\n<table class=\"v2_table\" border=\"1\">\n<tbody>\n<tr>\n<td><strong>D\u00f2ng xe<\/strong><\/td>\n<td><strong>Gi\u00e1 thi c\u00f4ng (VND)<\/strong><\/td>\n<\/tr>\n<tr>\n<td><strong>Sedan<\/strong><\/td>\n<td>60.000.000<\/td>\n<\/tr>\n<tr>\n<td><strong>SUV<\/strong><\/td>\n<td>66.000.000<\/td>\n<\/tr>\n<tr>\n<td><strong>MPV<\/strong><\/td>\n<td>75.000.000<\/td>\n<\/tr>\n<tr>\n<td><em><strong>Kh\u00e1c<\/strong><\/em><\/td>\n<td><em>Li\u00ean h\u1ec7<\/em><\/td>\n<\/tr>\n<\/tbody>\n<\/table>\n<h2><strong><a id=\"3--i--m---c-bi--t-c--a-d-ng-phim-ax-ppf-m-series\" class=\"toc-a-tag\"><\/a>3. \u0110i\u1ec3m \u0111\u1eb7c bi\u1ec7t c\u1ee7a d\u00f2ng phim AX PPF M Series<\/strong><\/h2>\n<h3 data-pm-slice=\"0 0 []\"><strong><a id=\"3-1-hi--u--ng-matte-nh-m-m-----c-bi--t-c--a-ax-ppf-m-series\" class=\"toc-a-tag\"><\/a>3.1. Hi\u1ec7u \u1ee9ng Matte (nh\u00e1m m\u1edd) \u0111\u1eb7c bi\u1ec7t c\u1ee7a AX PPF M Series<\/strong><\/h3>\n<p>AX PPF M Series n\u1ed5i b\u1eadt v\u1edbi hi\u1ec7u \u1ee9ng matte (nh\u00e1m m\u1edd) \u0111\u1eb7c bi\u1ec7t, t\u1ea1o n\u00ean v\u1ebb ngo\u00e0i sang tr\u1ecdng v\u00e0 phong c\u00e1ch cho chi\u1ebfc \u00f4 t\u00f4 c\u1ee7a b\u1ea1n. \u0110\u00e2y l\u00e0 d\u00f2ng phim d\u00e1n PPF \u00f4 t\u00f4 duy nh\u1ea5t t\u1ea1i Vi\u1ec7t Nam mang l\u1ea1i s\u1ef1 k\u1ebft h\u1ee3p ho\u00e0n h\u1ea3o gi\u1eefa b\u1ea3o v\u1ec7 v\u00e0 th\u1ea9m m\u1ef9, gi\u00fap chi\u1ebfc xe c\u1ee7a b\u1ea1n lu\u00f4n n\u1ed5i b\u1eadt v\u00e0 kh\u00e1c bi\u1ec7t.<\/p>\n<h3><strong><a id=\"3-2-b--o-v--s-n-xe-t--i--u-v--i-phim-d-n-ppf-ax-ppf-m-series\" class=\"toc-a-tag\"><\/a>3.2. B\u1ea3o v\u1ec7 s\u01a1n xe t\u1ed1i \u01b0u v\u1edbi phim d\u00e1n PPF AX PPF M Series<\/strong><\/h3>\n<p>AX PPF M Series gi\u00fap b\u1ea3o v\u1ec7 s\u01a1n xe kh\u1ecfi c\u00e1c t\u00e1c nh\u00e2n g\u00e2y h\u1ea1i nh\u01b0 \u0111\u00e1, b\u1ee5i b\u1ea9n, n\u01b0\u1edbc v\u00e0 v\u1ebft tr\u1ea7y x\u01b0\u1edbc nh\u1ecf. Phim d\u00e1n PPF \u00f4 t\u00f4 n\u00e0y s\u1ebd gi\u1eef cho chi\u1ebfc xe c\u1ee7a b\u1ea1n lu\u00f4n nh\u01b0 m\u1edbi, \u0111\u1ed3ng th\u1eddi b\u1ea3o v\u1ec7 l\u1edbp s\u01a1n kh\u1ecfi nh\u1eefng y\u1ebfu t\u1ed1 m\u00f4i tr\u01b0\u1eddng kh\u1eafc nghi\u1ec7t.<\/p>\n<h3><strong><a id=\"3-3-ch--ng-tia-uv-v--gi--m---v-ng-v--i-phim-d-n-ppf-ax-ppf-m-series\" class=\"toc-a-tag\"><\/a>3.3. Ch\u1ed1ng tia UV v\u00e0 gi\u1ea3m \u1ed1 v\u00e0ng v\u1edbi phim d\u00e1n PPF AX PPF M Series<\/strong><\/h3>\n<p>M\u1ed9t trong nh\u1eefng t\u00ednh n\u0103ng n\u1ed5i b\u1eadt c\u1ee7a AX PPF M Series l\u00e0 kh\u1ea3 n\u0103ng ch\u1ed1ng tia UV hi\u1ec7u qu\u1ea3, gi\u00fap b\u1ea3o v\u1ec7 s\u01a1n xe kh\u1ecfi t\u00e1c \u0111\u1ed9ng c\u1ee7a \u00e1nh n\u1eafng m\u1eb7t tr\u1eddi. \u0110i\u1ec1u n\u00e0y c\u0169ng gi\u00fap gi\u1ea3m t\u00ecnh tr\u1ea1ng \u1ed1 v\u00e0ng, gi\u1eef cho b\u1ec1 m\u1eb7t phim d\u00e1n lu\u00f4n s\u00e1ng b\u00f3ng v\u00e0 b\u1ec1n m\u00e0u l\u00e2u d\u00e0i.<\/p>\n<h3><strong><a id=\"3-4-t-nh-n-ng-t--ph--c-h--i-v--t-x---c-nbsp-self-healing-c--a-ax-ppf-m-series\" class=\"toc-a-tag\"><\/a>3.4. T\u00ednh n\u0103ng t\u1ef1 ph\u1ee5c h\u1ed3i v\u1ebft x\u01b0\u1edbc\u00a0(Self-Healing) c\u1ee7a AX PPF M Series<\/strong><\/h3>\n<p>Phim d\u00e1n AX PPF M Series trang b\u1ecb c\u00f4ng ngh\u1ec7 t\u1ef1 l\u00e0nh (self-healing), gi\u00fap kh\u00f4i ph\u1ee5c l\u1ea1i b\u1ec1 m\u1eb7t n\u1ebfu b\u1ecb x\u01b0\u1edbc nh\u1eb9. T\u00ednh n\u0103ng n\u00e0y gi\u00fap duy tr\u00ec \u0111\u1ed9 b\u1ec1n v\u00e0 th\u1ea9m m\u1ef9 c\u1ee7a phim d\u00e1n PPF \u00f4 t\u00f4, mang l\u1ea1i s\u1ef1 an t\u00e2m cho ch\u1ee7 xe trong su\u1ed1t qu\u00e1 tr\u00ecnh s\u1eed d\u1ee5ng.<\/p>\n<h3><strong><a id=\"3-5----b--n-cao-v--ch--t-l---ng---m-b--o-c--a-ax-ppf-m-series\" class=\"toc-a-tag\"><\/a>3.5. \u0110\u1ed9 b\u1ec1n cao v\u00e0 ch\u1ea5t l\u01b0\u1ee3ng \u0111\u1ea3m b\u1ea3o c\u1ee7a AX PPF M Series<\/strong><\/h3>\n<p>AX PPF M Series kh\u00f4ng ch\u1ec9 s\u1edf h\u1eefu kh\u1ea3 n\u0103ng b\u1ea3o v\u1ec7 tuy\u1ec7t v\u1eddi m\u00e0 c\u00f2n c\u00f3 \u0111\u1ed9 b\u1ec1n cao, gi\u00fap ch\u1ed1ng l\u1ea1i c\u00e1c y\u1ebfu t\u1ed1 m\u00f4i tr\u01b0\u1eddng kh\u1eafc nghi\u1ec7t. Phim d\u00e1n PPF AX PPF M Series gi\u00fap b\u1ea3o v\u1ec7 s\u01a1n \u00f4 t\u00f4 l\u00e2u d\u00e0i, \u0111\u1ea3m b\u1ea3o s\u1ef1 b\u1ec1n v\u1eefng v\u00e0 kh\u00f4ng l\u00e0m \u1ea3nh h\u01b0\u1edfng \u0111\u1ebfn ch\u1ea5t l\u01b0\u1ee3ng s\u01a1n ban \u0111\u1ea7u c\u1ee7a xe.<\/p>\n<h2><strong><a id=\"4-t--i-sao-n-n-ch--n-ax-ppf-m-series----b--o-v--s-n--t--\" class=\"toc-a-tag\"><\/a>4. T\u1ea1i sao n\u00ean ch\u1ecdn AX PPF M Series \u0111\u1ec3 b\u1ea3o v\u1ec7 s\u01a1n \u00f4 t\u00f4?<\/strong><\/h2>\n<p>V\u1edbi AX PPF M Series, b\u1ea1n kh\u00f4ng ch\u1ec9 b\u1ea3o v\u1ec7 s\u01a1n xe kh\u1ecfi c\u00e1c t\u00e1c nh\u00e2n b\u00ean ngo\u00e0i m\u00e0 c\u00f2n s\u1edf h\u1eefu m\u1ed9t s\u1ea3n ph\u1ea9m c\u00f3 hi\u1ec7u \u1ee9ng matte tinh t\u1ebf v\u00e0 kh\u00e1c bi\u1ec7t. AX Film cam k\u1ebft mang \u0111\u1ebfn ch\u1ea5t l\u01b0\u1ee3ng thi c\u00f4ng chu\u1ea9n qu\u1ed1c t\u1ebf, b\u1ea3o h\u00e0nh d\u00e0i h\u1ea1n v\u00e0 \u0111\u1ea3m b\u1ea3o s\u1ef1 h\u00e0i l\u00f2ng tuy\u1ec7t \u0111\u1ed1i cho kh\u00e1ch h\u00e0ng.<\/p>\n","protected":false},"excerpt":{"rendered":"<h2>Th\u00f4ng s\u1ed1 k\u1ef9 thu\u1eadt AX PPF M SERIES (NH\u00c1M M\u1edc) \u2013 C\u00d3 K\u1ebeT C\u1ea4U NH\u1ea4T<\/h2>\n<table>\n<tbody>\n<tr>\n<td class=\"lileft\">Ch\u1ea5t li\u1ec7u:<\/td>\n<td class=\"liright\">Polyurethane TPU<\/td>\n<\/tr>\n<tr>\n<td class=\"lileft\">Ph\u00e2n lo\u1ea1i:<\/td>\n<td class=\"liright\">PPF m\u1ecbn l\u1ef3 &#8211; Trong su\u1ed1t<\/td>\n<\/tr>\n<tr>\n<td class=\"lileft\">\u0110\u1ed9 d\u00e0y:<\/td>\n<td class=\"liright\">7.5mil\u00b15%<\/td>\n<\/tr>\n<tr>\n<td class=\"lileft\">Th\u1eddi gian b\u1ea3o h\u00e0nh:<\/td>\n<td class=\"liright\">5 n\u0103m<\/td>\n<\/tr>\n<tr>\n<td class=\"lileft\">Ph\u1ea1m vi b\u1ea3o h\u00e0nh:<\/td>\n<td class=\"liright\">V\u1ee1, \u1ed1 v\u00e0ng, d\u00ednh keo<\/td>\n<\/tr>\n<tr>\n<td class=\"lileft\">\u0110\u1ed9 b\u00f3ng:<\/td>\n<td class=\"liright\">\/<\/td>\n<\/tr>\n<tr>\n<td class=\"lileft\">\u0110\u1ed9 co d\u00e3n c\u1ee7a s\u1ea3n ph\u1ea9m khi \u0111\u1ee9t:<\/td>\n<td class=\"liright\">401%<\/td>\n<\/tr>\n<tr>\n<td class=\"lileft\">\u0110\u1ed9 co d\u00e3n c\u1ee7a l\u1edbp ph\u1ee7 khi \u0111\u1ee9t:<\/td>\n<td class=\"liright\">99%<\/td>\n<\/tr>\n<tr>\n<td class=\"lileft\">Kh\u00e1ng dung m\u00f4i h\u1eefu c\u01a1:<\/td>\n<td class=\"liright\">T\u1ed1t<\/td>\n<\/tr>\n<tr>\n<td class=\"lileft\">Ch\u1ed1ng v\u1ebft b\u1ea9n:<\/td>\n<td class=\"liright\">T\u1ed1t<\/td>\n<\/tr>\n<\/tbody>\n<\/table>\n","protected":false},"featured_media":782,"comment_status":"open","ping_status":"closed","template":"","meta":[],"product_brand":[88],"product_cat":[79,74],"product_tag":[],"class_list":{"0":"post-781","1":"product","2":"type-product","3":"status-publish","4":"has-post-thumbnail","6":"product_brand-ax-film","7":"product_cat-ax-film","8":"product_cat-ppf-wrap","10":"first","11":"instock","12":"shipping-taxable","13":"purchasable","14":"product-type-simple"},"_links":{"self":[{"href":"https:\/\/autothaiduong.vn\/index.php?rest_route=\/wp\/v2\/product\/781","targetHints":{"allow":["GET"]}}],"collection":[{"href":"https:\/\/autothaiduong.vn\/index.php?rest_route=\/wp\/v2\/product"}],"about":[{"href":"https:\/\/autothaiduong.vn\/index.php?rest_route=\/wp\/v2\/types\/product"}],"replies":[{"embeddable":true,"href":"https:\/\/autothaiduong.vn\/index.php?rest_route=%2Fwp%2Fv2%2Fcomments&post=781"}],"wp:featuredmedia":[{"embeddable":true,"href":"https:\/\/autothaiduong.vn\/index.php?rest_route=\/wp\/v2\/media\/782"}],"wp:attachment":[{"href":"https:\/\/autothaiduong.vn\/index.php?rest_route=%2Fwp%2Fv2%2Fmedia&parent=781"}],"wp:term":[{"taxonomy":"product_brand","embeddable":true,"href":"https:\/\/autothaiduong.vn\/index.php?rest_route=%2Fwp%2Fv2%2Fproduct_brand&post=781"},{"taxonomy":"product_cat","embeddable":true,"href":"https:\/\/autothaiduong.vn\/index.php?rest_route=%2Fwp%2Fv2%2Fproduct_cat&post=781"},{"taxonomy":"product_tag","embeddable":true,"href":"https:\/\/autothaiduong.vn\/index.php?rest_route=%2Fwp%2Fv2%2Fproduct_tag&post=781"}],"curies":[{"name":"wp","href":"https:\/\/api.w.org\/{rel}","templated":true}]}}