{"id":784,"date":"2025-05-10T07:42:31","date_gmt":"2025-05-10T07:42:31","guid":{"rendered":"https:\/\/autothaiduong.vn\/?post_type=product&#038;p=784"},"modified":"2025-05-10T07:43:17","modified_gmt":"2025-05-10T07:43:17","slug":"gloss-ppf-carbon-fiber","status":"publish","type":"product","link":"https:\/\/autothaiduong.vn\/?product=gloss-ppf-carbon-fiber","title":{"rendered":"GLOSS PPF CARBON FIBER"},"content":{"rendered":"<p><img loading=\"lazy\" decoding=\"async\" class=\" wp-image-489 aligncenter\" src=\"https:\/\/autothaiduong.vn\/wp-content\/uploads\/2025\/04\/z6584734442481_f208f5944548cb4b46353402ce2e64e0.jpg\" alt=\"\" width=\"342\" height=\"303\" \/><\/p>\n<p style=\"text-align: center;\"><span style=\"color: #ff0000; font-size: 150%;\"><strong>\u0110\u1ecba Ch\u1ec9: 273-275 Tr\u1ea7n Ph\u00fa Ph\u01b0\u1eddng L\u1ed9c S\u01a1n Th\u00e0nh Ph\u1ed1 B\u1ea3o L\u1ed9c T\u1ec9nh L\u00e2m \u0110\u1ed3ng<\/strong><\/span><\/p>\n<p style=\"text-align: center;\"><span style=\"color: #ff0000; font-size: 150%;\"><strong> Hotline: 0912197441<\/strong><\/span><\/p>\n<p><a href=\"https:\/\/axfilmvn.com\/ppf-carbon-fiber\" target=\"_blank\" rel=\"noopener\"><strong>Phim d\u00e1n PPF Carbon Fiber cho \u00f4 t\u00f4<\/strong><\/a>\u00a0kh\u00f4ng ch\u1ec9 l\u00e0 m\u1ed9t gi\u1ea3i ph\u00e1p b\u1ea3o v\u1ec7 s\u01a1n xe hi\u1ec7u qu\u1ea3 m\u00e0 c\u00f2n gi\u00fap bi\u1ebfn \u0111\u1ed5i m\u00e0u s\u01a1n g\u1ed1c th\u00e0nh hi\u1ec7u \u1ee9ng \u1ed1p carbon \u0111\u1ed9c \u0111\u00e1o m\u00e0 kh\u00f4ng l\u00e0m \u1ea3nh h\u01b0\u1edfng \u0111\u1ebfn l\u1edbp s\u01a1n g\u1ed1c. S\u1ea3n ph\u1ea9m n\u00e0y s\u1edf h\u1eefu nhi\u1ec1u t\u00ednh n\u0103ng \u01b0u vi\u1ec7t, gi\u00fap ch\u1ed1ng l\u1ea1i c\u00e1c t\u00e1c nh\u00e2n t\u1eeb m\u00f4i tr\u01b0\u1eddng nh\u01b0 tr\u1ea7y x\u01b0\u1edbc, phai m\u00e0u do tia UV, v\u00e0 b\u00e1m c\u1eb7n do ch\u1ea5t l\u1ecfng, gi\u1eef cho b\u1ec1 m\u1eb7t xe lu\u00f4n trong t\u00ecnh tr\u1ea1ng t\u1ed1t nh\u1ea5t.\u00a0Ngo\u00e0i vi\u1ec7c b\u1ea3o v\u1ec7 s\u01a1n, phim d\u00e1n PPF Carbon c\u0169ng c\u00f3 th\u1ec3 \u0111\u01b0\u1ee3c s\u1eed d\u1ee5ng \u0111\u1ec3 n\u00e2ng c\u1ea5p n\u1ed9i th\u1ea5t xe, mang l\u1ea1i v\u1ebb sang tr\u1ecdng v\u00e0 hi\u1ec7n \u0111\u1ea1i. \u0110\u00e2y ch\u00ednh l\u00e0 gi\u1ea3i ph\u00e1p t\u1ed1i \u01b0u cho vi\u1ec7c \u0111\u1ed9 carbon cho xe m\u00e0 kh\u00f4ng t\u1ed1n qu\u00e1 nhi\u1ec1u chi ph\u00ed, gi\u00fap ch\u1ee7 xe v\u1eeba b\u1ea3o v\u1ec7 t\u00e0i s\u1ea3n c\u1ee7a m\u00ecnh v\u1eeba t\u1ea1o d\u1ea5u \u1ea5n c\u00e1 nh\u00e2n ri\u00eang bi\u1ec7t. Ch\u1ecdn phim d\u00e1n PPF \u00f4 t\u00f4 Carbon Fiber l\u00e0 l\u1ef1a ch\u1ecdn th\u00f4ng minh cho nh\u1eefng ai y\u00eau th\u00edch s\u1ef1 b\u1ec1n b\u1ec9 v\u00e0 phong c\u00e1ch.<\/p>\n<h2><strong><a id=\"1-th-ng-tin-v--phim-d-n--t--ppf-carbon-fiber\" class=\"toc-a-tag\"><\/a>1. TH\u00d4NG TIN V\u1ec0 PHIM D\u00c1N \u00d4 T\u00d4 PPF CARBON FIBER<\/strong><\/h2>\n<p>Trong b\u1ed1i c\u1ea3nh ng\u01b0\u1eddi ti\u00eau d\u00f9ng ng\u00e0y c\u00e0ng t\u00ecm ki\u1ebfm nh\u1eefng s\u1ea3n ph\u1ea9m \u0111\u1ed9t ph\u00e1 v\u00e0 ch\u1ea5t l\u01b0\u1ee3ng cao, AX Film \u0111\u00e3 nhanh ch\u00f3ng n\u1eafm b\u1eaft xu h\u01b0\u1edbng n\u00e0y b\u1eb1ng c\u00e1ch gi\u1edbi thi\u1ec7u d\u00f2ng s\u1ea3n ph\u1ea9m \u201cPPF Carbon Fiber\u201d ti\u00ean phong tr\u00ean th\u1ecb tr\u01b0\u1eddng. Ch\u00fang t\u00f4i t\u1ef1 h\u00e0o cung c\u1ea5p m\u1ed9t gi\u1ea3i ph\u00e1p b\u1ea3o v\u1ec7 s\u01a1n xe v\u01b0\u1ee3t tr\u1ed9i, \u0111\u1ea3m b\u1ea3o ti\u00eau ch\u00ed ch\u1ea5t l\u01b0\u1ee3ng h\u00e0ng \u0111\u1ea7u cho nh\u1eefng kh\u00e1ch h\u00e0ng khao kh\u00e1t tr\u1ea3i nghi\u1ec7m m\u1edbi m\u1ebb.\u00a0PPF Carbon Fiber l\u00e0 s\u1ea3n ph\u1ea9m\u00a0<a href=\"https:\/\/axfilmvn.com\/ppf\" target=\"_blank\" rel=\"noopener\"><strong>phim d\u00e1n PPF\u00a0b\u1ea3o v\u1ec7 s\u01a1n xe<\/strong><\/a>\u00a0cao c\u1ea5p, \u0111\u01b0\u1ee3c ch\u1ebf t\u1ea1o t\u1eeb nguy\u00ean v\u1eadt li\u1ec7u nh\u1eadp kh\u1ea9u ch\u1ea5t l\u01b0\u1ee3ng cao t\u1eeb M\u1ef9. S\u1ea3n ph\u1ea9m s\u1eed d\u1ee5ng TPU k\u1ebft h\u1ee3p v\u1edbi c\u00f4ng ngh\u1ec7 kh\u1eafc v\u00e2n Carbon 3D, t\u1ea1o ra l\u1edbp phim v\u1edbi k\u1ebft c\u1ea5u \u0111\u1eb7c bi\u1ec7t v\u00e0 n\u1ed5i b\u1eadt. Qu\u00e1 tr\u00ecnh s\u1ea3n xu\u1ea5t di\u1ec5n ra v\u1edbi s\u1ef1 h\u1ed7 tr\u1ee3 c\u1ee7a m\u00e1y CNC ti\u00ean ti\u1ebfn, cho ph\u00e9p kh\u1eafc t\u1ec9 m\u1ec9 tr\u00ean b\u1ec1 m\u1eb7t m\u00e0u, mang l\u1ea1i c\u00e1c v\u00e2n Carbon 3D \u0111\u1ed9c \u0111\u00e1o.<\/p>\n<p>Kh\u00f4ng ch\u1ec9 n\u1ed5i b\u1eadt v\u1ec1 m\u1eb7t th\u1ea9m m\u1ef9, PPF Carbon Fiber c\u1ee7a AX Film c\u00f2n h\u1ed9i t\u1ee5 \u0111\u1ea7y \u0111\u1ee7 c\u00e1c t\u00ednh n\u0103ng \u01b0u vi\u1ec7t c\u1ee7a d\u00f2ng PPF cao c\u1ea5p. V\u1edbi \u0111\u1ed9 d\u00e0y 8.0 Mil, s\u1ea3n ph\u1ea9m cung c\u1ea5p kh\u1ea3 n\u0103ng b\u1ea3o v\u1ec7 s\u01a1n xe v\u01b0\u1ee3t tr\u1ed9i v\u1edbi t\u00ednh n\u0103ng t\u1ef1 ph\u1ee5c h\u1ed3i v\u1ebft x\u01b0\u1edbc, \u0111\u1ed3ng th\u1eddi ng\u0103n ch\u1eb7n c\u00e1c y\u1ebfu t\u1ed1 m\u00f4i tr\u01b0\u1eddng t\u00e1c \u0111\u1ed9ng nh\u01b0 va ch\u1ea1m, tr\u1ea7y x\u01b0\u1edbc. \u0110\u1eb7c bi\u1ec7t, l\u1edbp phim n\u00e0y t\u1ea1o hi\u1ec7u \u1ee9ng l\u00e1 sen m\u1ea1nh m\u1ebd, gi\u00fap n\u01b0\u1edbc kh\u00f4ng b\u00e1m v\u00e0o b\u1ec1 m\u1eb7t v\u00e0 d\u1ec5 d\u00e0ng v\u1ec7 sinh.\u00a0So v\u1edbi s\u01a1n xe nguy\u00ean b\u1ea3n, b\u1ec1 m\u1eb7t \u0111\u01b0\u1ee3c d\u00e1n PPF Carbon Fiber c\u00f3 \u0111\u1ed9 b\u00f3ng s\u00e1ng h\u01a1n 90%, mang l\u1ea1i c\u1ea3m gi\u00e1c m\u1ecbn m\u00e0ng, kh\u00f4ng s\u1ea7n s\u00f9i v\u00e0 gi\u1ea3m thi\u1ec3u tr\u1ea7y x\u01b0\u1edbc. V\u1edbi vi\u1ec7c s\u1eed d\u1ee5ng \u0111\u1ebf TPU Aliphatic Polycaprolactone, s\u1ea3n ph\u1ea9m kh\u00f4ng ch\u1ec9 ch\u1ed1ng \u1ed1 v\u00e0ng m\u00e0 c\u00f2n ch\u1ecbu \u0111\u01b0\u1ee3c th\u1eddi ti\u1ebft kh\u1eafc nghi\u1ec7t, \u0111\u1ea3m b\u1ea3o \u0111\u1ed9 b\u1ec1n l\u00e2u v\u00e0 h\u1ea1n ch\u1ebf phai m\u00e0u.\u00a0V\u1edbi nh\u1eefng \u01b0u \u0111i\u1ec3m v\u01b0\u1ee3t tr\u1ed9i n\u00e0y, PPF Carbon Fiber c\u1ee7a AX Film kh\u00f4ng ch\u1ec9 l\u00e0 gi\u1ea3i ph\u00e1p b\u1ea3o v\u1ec7 ho\u00e0n h\u1ea3o cho xe c\u1ee7a b\u1ea1n m\u00e0 c\u00f2n kh\u1eb3ng \u0111\u1ecbnh v\u1ecb th\u1ebf d\u1eabn \u0111\u1ea7u trong ng\u00e0nh phim b\u1ea3o v\u1ec7 s\u01a1n xe.<\/p>\n<p><img loading=\"lazy\" decoding=\"async\" class=\"alignnone size-full wp-image-786\" src=\"https:\/\/autothaiduong.vn\/wp-content\/uploads\/2025\/05\/phim-ppf-carbon-dan-o-to.jpg\" alt=\"d\u00e1n ppf carbon \u00f4 t\u00f4\" width=\"800\" height=\"800\" srcset=\"https:\/\/autothaiduong.vn\/wp-content\/uploads\/2025\/05\/phim-ppf-carbon-dan-o-to.jpg 800w, https:\/\/autothaiduong.vn\/wp-content\/uploads\/2025\/05\/phim-ppf-carbon-dan-o-to-600x600.jpg 600w, https:\/\/autothaiduong.vn\/wp-content\/uploads\/2025\/05\/phim-ppf-carbon-dan-o-to-300x300.jpg 300w, https:\/\/autothaiduong.vn\/wp-content\/uploads\/2025\/05\/phim-ppf-carbon-dan-o-to-768x768.jpg 768w, https:\/\/autothaiduong.vn\/wp-content\/uploads\/2025\/05\/phim-ppf-carbon-dan-o-to-100x100.jpg 100w\" sizes=\"auto, (max-width: 800px) 100vw, 800px\" \/><\/p>\n<h2><strong><a id=\"2-phim-d-n-ppf-carbon-cho--t--t--ax-film-c--c--u-tr-c-nh--th--n-o-\" class=\"toc-a-tag\"><\/a>2. PHIM D\u00c1N PPF CARBON CHO \u00d4 T\u00d4 T\u1eea AX FILM C\u00d3 C\u1ea4U TR\u00daC NH\u01af TH\u1ebe N\u00c0O?<\/strong><\/h2>\n<p>Phim d\u00e1n PPF \u00f4 t\u00f4 d\u00f2ng\u00a0<strong>PPF Carbon<\/strong>\u00a0t\u1eeb\u00a0<strong>AX Film<\/strong>\u00a0l\u00e0 m\u1ed9t gi\u1ea3i ph\u00e1p t\u1ed1i \u01b0u chi ph\u00ed \u0111\u1ec3 b\u1ea3o v\u1ec7 l\u1edbp s\u01a1n xe c\u1ee7a b\u1ea1n, mang \u0111\u1ebfn m\u1ed9t \u201c\u00e1o gi\u00e1p\u201d v\u1eefng ch\u1eafc gi\u00fap duy tr\u00ec v\u1ebb ngo\u00e0i s\u00e1ng b\u00f3ng nh\u01b0 m\u1edbi. S\u1ea3n ph\u1ea9m n\u00e0y \u0111\u01b0\u1ee3c thi\u1ebft k\u1ebf v\u1edbi\u00a0<strong>c\u1ea5u tr\u00fac 6 l\u1edbp \u0111\u1ed9c \u0111\u00e1o<\/strong>, m\u1ed7i l\u1edbp \u0111\u1ec1u c\u00f3 nh\u1eefng \u0111\u1eb7c t\u00ednh n\u1ed5i b\u1eadt nh\u1eb1m \u0111\u1ea3m b\u1ea3o s\u1ef1 b\u1ea3o v\u1ec7 t\u1ed1i \u01b0u cho xe.<\/p>\n<h3><strong><a id=\"2-1-c--u-t--o----pet-ch--t-l---ng-cao\" class=\"toc-a-tag\"><\/a>2.1. C\u1ea5u T\u1ea1o \u0110\u1ebf PET Ch\u1ea5t L\u01b0\u1ee3ng Cao<\/strong><\/h3>\n<p>L\u1edbp \u0111\u1ebf c\u1ee7a phim\u00a0<strong>PPF Carbon<\/strong>\u00a0\u0111\u01b0\u1ee3c l\u00e0m t\u1eeb nh\u1ef1a\u00a0<strong>PET (Polyethylene Terephthalate)<\/strong>, m\u1ed9t lo\u1ea1i nh\u1ef1a nhi\u1ec7t d\u1ebbo n\u1ed5i ti\u1ebfng v\u1edbi kh\u1ea3 n\u0103ng ch\u1ecbu nhi\u1ec7t v\u00e0 \u0111\u1ed9 b\u1ec1n cao. PET th\u01b0\u1eddng \u0111\u01b0\u1ee3c s\u1eed d\u1ee5ng trong s\u1ea3n xu\u1ea5t v\u1ecf chai n\u01b0\u1edbc v\u00e0 h\u1ed9p \u0111\u1ef1ng th\u1ef1c ph\u1ea9m, \u0111\u1ea3m b\u1ea3o an to\u00e0n cho ng\u01b0\u1eddi s\u1eed d\u1ee5ng. L\u1edbp \u0111\u1ebf n\u00e0y gi\u00fap phim PPF ch\u1ecbu \u0111\u01b0\u1ee3c va \u0111\u1eadp, tr\u1ea7y x\u01b0\u1edbc v\u00e0 c\u00e1c y\u1ebfu t\u1ed1 m\u00f4i tr\u01b0\u1eddng kh\u00e1c.<\/p>\n<h3><strong><a id=\"2-2-l--p-keo-d-n-cao-c--p\" class=\"toc-a-tag\"><\/a>2.2. L\u1edbp Keo D\u00e1n Cao C\u1ea5p<\/strong><\/h3>\n<p>Phim d\u00e1n\u00a0<strong>PPF Carbon<\/strong>\u00a0s\u1eed d\u1ee5ng keo d\u00e1n ch\u1ea5t l\u01b0\u1ee3ng t\u1eeb\u00a0<strong>Henkel (\u0110\u1ee9c)<\/strong>\u00a0v\u00e0\u00a0<strong>Ashland (M\u1ef9)<\/strong>, thu\u1ed9c nh\u00f3m keo\u00a0<strong>PSA (Pressure Sensitive Adhesive)<\/strong>\u00a0v\u1edbi \u0111\u1ed9 d\u00e0y 0.984 Mil. Lo\u1ea1i keo n\u00e0y gi\u00fap l\u1edbp phim b\u00e1m d\u00ednh m\u00e0 kh\u00f4ng c\u1ea7n \u0111\u1ebfn nhi\u1ec7t hay ch\u1ea5t x\u00fac t\u00e1c. \u0110\u1eb7c bi\u1ec7t, kh\u1ea3 n\u0103ng ch\u1ed1ng nhi\u1ec7t v\u00e0 h\u00f3a ch\u1ea5t c\u1ee7a keo gi\u00fap \u0111\u1ea3m b\u1ea3o l\u1edbp phim kh\u00f4ng b\u1ecb bong tr\u00f3c ho\u1eb7c h\u01b0 h\u1ea1i khi ti\u1ebfp x\u00fac v\u1edbi nhi\u1ec7t \u0111\u1ed9 cao ho\u1eb7c x\u0103ng d\u1ea7u. Keo PSA c\u0169ng gi\u00fap tr\u00e1nh t\u00ecnh tr\u1ea1ng \u0111\u1ec3 l\u1ea1i v\u1ec7t keo khi g\u1ee1 b\u1ecf phim.<\/p>\n<h3><strong><a id=\"2-3-l--p-ph--tpu---c-bi--t\" class=\"toc-a-tag\"><\/a>2.3. L\u1edbp Ph\u1ee7 TPU \u0110\u1eb7c Bi\u1ec7t<\/strong><\/h3>\n<p><strong>TPU (Thermoplastic Polyurethane)<\/strong>\u00a0l\u00e0 th\u00e0nh ph\u1ea7n ch\u00ednh trong phim PPF, v\u1edbi \u0111\u1ed9 d\u00e0y l\u00ean t\u1edbi 5.91 Mil. L\u1edbp TPU kh\u00f4ng ch\u1ec9 mang l\u1ea1i kh\u1ea3 n\u0103ng t\u1ef1 ph\u1ee5c h\u1ed3i cho b\u1ec1 m\u1eb7t khi b\u1ecb tr\u1ea7y x\u01b0\u1edbc m\u00e0 c\u00f2n b\u1ea3o v\u1ec7 l\u1edbp s\u01a1n xe kh\u1ecfi oxy h\u00f3a v\u00e0 h\u01b0 h\u1ea1i do \u00e1nh n\u1eafng m\u1eb7t tr\u1eddi. S\u1ea3n ph\u1ea9m TPU \u0111\u01b0\u1ee3c cung c\u1ea5p b\u1edfi c\u00e1c nh\u00e0 s\u1ea3n xu\u1ea5t h\u00e0ng \u0111\u1ea7u nh\u01b0\u00a0<strong>Covestro (\u0110\u1ee9c)<\/strong>\u00a0v\u00e0\u00a0<strong>Huntsman (M\u1ef9)<\/strong>, gi\u00fap phim PPF tr\u00e1nh t\u00ecnh tr\u1ea1ng \u1ed1 v\u00e0ng khi s\u1eed d\u1ee5ng l\u00e2u d\u00e0i d\u01b0\u1edbi \u00e1nh n\u1eafng.<\/p>\n<p><img loading=\"lazy\" decoding=\"async\" class=\"alignnone size-full wp-image-787\" src=\"https:\/\/autothaiduong.vn\/wp-content\/uploads\/2025\/05\/phim-ppf-carbon-fiber.jpg\" alt=\"\u0111\u1ed9 carbon \u00f4 t\u00f4\" width=\"1280\" height=\"1280\" srcset=\"https:\/\/autothaiduong.vn\/wp-content\/uploads\/2025\/05\/phim-ppf-carbon-fiber.jpg 1280w, https:\/\/autothaiduong.vn\/wp-content\/uploads\/2025\/05\/phim-ppf-carbon-fiber-600x600.jpg 600w, https:\/\/autothaiduong.vn\/wp-content\/uploads\/2025\/05\/phim-ppf-carbon-fiber-1024x1024.jpg 1024w, https:\/\/autothaiduong.vn\/wp-content\/uploads\/2025\/05\/phim-ppf-carbon-fiber-300x300.jpg 300w, https:\/\/autothaiduong.vn\/wp-content\/uploads\/2025\/05\/phim-ppf-carbon-fiber-768x768.jpg 768w, https:\/\/autothaiduong.vn\/wp-content\/uploads\/2025\/05\/phim-ppf-carbon-fiber-100x100.jpg 100w\" sizes=\"auto, (max-width: 1280px) 100vw, 1280px\" \/><\/p>\n<h3><strong><a id=\"2-4-l--p-v-n-carbon\" class=\"toc-a-tag\"><\/a>2.4. L\u1edbp V\u00e2n Carbon<\/strong><\/h3>\n<p>Qu\u00e1 tr\u00ecnh s\u1ea3n xu\u1ea5t\u00a0<strong>PPF Carbon Fiber<\/strong>\u00a0bao g\u1ed3m vi\u1ec7c s\u1eed d\u1ee5ng m\u00e1y CNC ti\u00ean ti\u1ebfn \u0111\u1ec3 kh\u1eafc t\u1ec9 m\u1ec9 tr\u00ean b\u1ec1 m\u1eb7t m\u00e0u, t\u1ea1o ra c\u00e1c v\u00e2n Carbon 3D n\u1ed5i b\u1eadt. Nh\u1eefng s\u1ee3i Carbon n\u00e0y t\u1ea1o n\u00ean m\u1ed9t l\u1edbp v\u00e2n Carbon \u0111\u1eb7c tr\u01b0ng, mang l\u1ea1i cho xe v\u1ebb ngo\u00e0i sang tr\u1ecdng, m\u1ea1nh m\u1ebd v\u00e0 c\u00e1 t\u00ednh.<\/p>\n<h3><strong><a id=\"2-5-l--p-ph--ch--ng-b-m-b--n\" class=\"toc-a-tag\"><\/a>2.5. L\u1edbp Ph\u1ee7 Ch\u1ed1ng B\u00e1m B\u1ea9n<\/strong><\/h3>\n<p>L\u1edbp ph\u1ee7 ch\u1ed1ng b\u00e1m b\u1ea9n \u0111\u01b0\u1ee3c t\u1ea1o ra t\u1eeb v\u1eadt li\u1ec7u ch\u1ea5t l\u01b0\u1ee3ng cao t\u1eeb\u00a0<strong>Cashew Japan (Nh\u1eadt)<\/strong>\u00a0gi\u00fap b\u1ec1 m\u1eb7t phim lu\u00f4n s\u1ea1ch s\u1ebd v\u00e0 d\u1ec5 d\u00e0ng v\u1ec7 sinh. V\u1edbi \u0111\u1ed9 d\u00e0y 0.472 Mil, l\u1edbp ph\u1ee7 n\u00e0y t\u1ea1o \u0111i\u1ec1u ki\u1ec7n cho n\u01b0\u1edbc b\u1ea9n v\u00e0 b\u1ee5i b\u1ea9n d\u1ec5 d\u00e0ng tr\u01b0\u1ee3t ra kh\u1ecfi b\u1ec1 m\u1eb7t phim, gi\u1eef cho xe c\u1ee7a b\u1ea1n lu\u00f4n trong t\u00ecnh tr\u1ea1ng t\u1ed1t nh\u1ea5t.<\/p>\n<h3><strong><a id=\"2-6-m-ng-b--o-v--phim-ppf\" class=\"toc-a-tag\"><\/a>2.6. M\u00e0ng B\u1ea3o V\u1ec7 Phim PPF<\/strong><\/h3>\n<p>L\u1edbp m\u00e0ng b\u1ea3o v\u1ec7 phim\u00a0<strong>PPF Carbon<\/strong>\u00a0\u0111\u01b0\u1ee3c thi\u1ebft k\u1ebf d\u00e0y d\u1eb7n, gi\u00fap b\u1ea3o v\u1ec7 phim kh\u1ecfi tr\u1ea7y x\u01b0\u1edbc v\u00e0 va \u0111\u1eadp trong qu\u00e1 tr\u00ecnh l\u1eafp \u0111\u1eb7t v\u00e0 b\u1ea3o qu\u1ea3n. M\u00e0ng b\u1ea3o v\u1ec7 n\u00e0y \u0111\u01b0\u1ee3c l\u00e0m t\u1eeb nh\u1ef1a\u00a0<strong>polyetylen (PE)<\/strong>\u00a0cao c\u1ea5p v\u00e0 c\u00f3 th\u1ec3 \u0111\u01b0\u1ee3c lo\u1ea1i b\u1ecf sau khi ho\u00e0n t\u1ea5t qu\u00e1 tr\u00ecnh d\u00e1n, \u0111\u1ec3 l\u1ea1i b\u1ec1 m\u1eb7t PPF trong su\u1ed1t v\u00e0 ho\u00e0n h\u1ea3o.<\/p>\n","protected":false},"excerpt":{"rendered":"<h2>Th\u00f4ng s\u1ed1 k\u1ef9 thu\u1eadt GLOSS PPF CARBON FIBER<\/h2>\n<table>\n<tbody>\n<tr>\n<td class=\"lileft\">Ch\u1ea5t li\u1ec7u:<\/td>\n<td class=\"liright\">Polyurethane nhi\u1ec7t d\u1ebbo TPU<\/td>\n<\/tr>\n<tr>\n<td class=\"lileft\">Ph\u00e2n lo\u1ea1i:<\/td>\n<td class=\"liright\">Phim \u0111\u1ed5i m\u00e0u<\/td>\n<\/tr>\n<tr>\n<td class=\"lileft\">\u0110\u1ed9 d\u00e0y:<\/td>\n<td class=\"liright\">8.0 Mil + 5%<\/td>\n<\/tr>\n<tr>\n<td class=\"lileft\">Th\u1eddi gian b\u1ea3o h\u00e0nh:<\/td>\n<td class=\"liright\">5 n\u0103m<\/td>\n<\/tr>\n<tr>\n<td class=\"lileft\">Ph\u1ea1m vi b\u1ea3o h\u00e0nh:<\/td>\n<td class=\"liright\">V\u1ee1, \u1ed1 v\u00e0ng, d\u00ednh keo<\/td>\n<\/tr>\n<tr>\n<td class=\"lileft\">\u0110\u1ed9 b\u00f3ng:<\/td>\n<td class=\"liright\">\u2265 90<\/td>\n<\/tr>\n<tr>\n<td class=\"lileft\">\u0110\u1ed9 co d\u00e3n c\u1ee7a s\u1ea3n ph\u1ea9m khi \u0111\u1ee9t:<\/td>\n<td class=\"liright\">270.89%<\/td>\n<\/tr>\n<tr>\n<td class=\"lileft\">Kh\u00e1ng dung m\u00f4i h\u1eefu c\u01a1:<\/td>\n<td class=\"liright\">C\u00f3<\/td>\n<\/tr>\n<tr>\n<td class=\"lileft\">Ch\u1ed1ng v\u1ebft b\u1ea9n:<\/td>\n<td class=\"liright\">C\u00f3<\/td>\n<\/tr>\n<tr>\n<td class=\"lileft\">Th\u01b0\u01a1ng hi\u1ec7u:<\/td>\n<td class=\"liright\">AX FILM<\/td>\n<\/tr>\n<\/tbody>\n<\/table>\n","protected":false},"featured_media":785,"comment_status":"open","ping_status":"closed","template":"","meta":[],"product_brand":[88],"product_cat":[74,89],"product_tag":[],"class_list":{"0":"post-784","1":"product","2":"type-product","3":"status-publish","4":"has-post-thumbnail","6":"product_brand-ax-film","7":"product_cat-ppf-wrap","8":"product_cat-wrap-doi-mau","10":"first","11":"instock","12":"shipping-taxable","13":"purchasable","14":"product-type-simple"},"_links":{"self":[{"href":"https:\/\/autothaiduong.vn\/index.php?rest_route=\/wp\/v2\/product\/784","targetHints":{"allow":["GET"]}}],"collection":[{"href":"https:\/\/autothaiduong.vn\/index.php?rest_route=\/wp\/v2\/product"}],"about":[{"href":"https:\/\/autothaiduong.vn\/index.php?rest_route=\/wp\/v2\/types\/product"}],"replies":[{"embeddable":true,"href":"https:\/\/autothaiduong.vn\/index.php?rest_route=%2Fwp%2Fv2%2Fcomments&post=784"}],"wp:featuredmedia":[{"embeddable":true,"href":"https:\/\/autothaiduong.vn\/index.php?rest_route=\/wp\/v2\/media\/785"}],"wp:attachment":[{"href":"https:\/\/autothaiduong.vn\/index.php?rest_route=%2Fwp%2Fv2%2Fmedia&parent=784"}],"wp:term":[{"taxonomy":"product_brand","embeddable":true,"href":"https:\/\/autothaiduong.vn\/index.php?rest_route=%2Fwp%2Fv2%2Fproduct_brand&post=784"},{"taxonomy":"product_cat","embeddable":true,"href":"https:\/\/autothaiduong.vn\/index.php?rest_route=%2Fwp%2Fv2%2Fproduct_cat&post=784"},{"taxonomy":"product_tag","embeddable":true,"href":"https:\/\/autothaiduong.vn\/index.php?rest_route=%2Fwp%2Fv2%2Fproduct_tag&post=784"}],"curies":[{"name":"wp","href":"https:\/\/api.w.org\/{rel}","templated":true}]}}