{"id":788,"date":"2025-05-10T07:46:43","date_gmt":"2025-05-10T07:46:43","guid":{"rendered":"https:\/\/autothaiduong.vn\/?post_type=product&#038;p=788"},"modified":"2025-05-10T07:46:57","modified_gmt":"2025-05-10T07:46:57","slug":"clear-ppf-carbon-fiber","status":"publish","type":"product","link":"https:\/\/autothaiduong.vn\/?product=clear-ppf-carbon-fiber","title":{"rendered":"CLEAR PPF CARBON FIBER"},"content":{"rendered":"<p><img loading=\"lazy\" decoding=\"async\" class=\" wp-image-489 aligncenter\" src=\"https:\/\/autothaiduong.vn\/wp-content\/uploads\/2025\/04\/z6584734442481_f208f5944548cb4b46353402ce2e64e0.jpg\" alt=\"\" width=\"301\" height=\"266\" \/><\/p>\n<p style=\"text-align: center;\"><span style=\"color: #ff0000;\"><strong><span style=\"font-size: 150%;\">\u0110\u1ecba Ch\u1ec9: 273-275 Tr\u1ea7n Ph\u00fa Ph\u01b0\u1eddng L\u1ed9c S\u01a1n Th\u00e0nh Ph\u1ed1 B\u1ea3o L\u1ed9c T\u1ec9nh L\u00e2m \u0110\u1ed3ng<\/span><\/strong><\/span><\/p>\n<p style=\"text-align: center;\"><span style=\"color: #ff0000;\"><strong><span style=\"font-size: 150%;\"> Hotline: 0912197441<\/span><\/strong><\/span><\/p>\n<p>Ng\u00e0y nay, vi\u1ec7c b\u1ea3o v\u1ec7 l\u1edbp s\u01a1n xe \u00f4 t\u00f4 kh\u1ecfi c\u00e1c t\u00e1c nh\u00e2n b\u00ean ngo\u00e0i nh\u01b0 b\u1ee5i b\u1ea9n, tia UV, v\u00e0 tr\u1ea7y x\u01b0\u1edbc l\u00e0 m\u1ed9t nhu c\u1ea7u quan tr\u1ecdng c\u1ee7a nhi\u1ec1u ch\u1ee7 xe. Phim\u00a0<a href=\"https:\/\/axfilmvn.com\/clear-ppf-carbon-fiber\" target=\"_blank\" rel=\"noopener\"><strong>d\u00e1n PPF Clear Carbon Fiber<\/strong><\/a>\u00a0c\u1ee7a AX Film kh\u00f4ng ch\u1ec9 mang \u0111\u1ebfn m\u1ed9t gi\u1ea3i ph\u00e1p b\u1ea3o v\u1ec7 ho\u00e0n h\u1ea3o cho l\u1edbp s\u01a1n m\u00e0 c\u00f2n t\u0103ng c\u01b0\u1eddng t\u00ednh th\u1ea9m m\u1ef9 v\u1edbi thi\u1ebft k\u1ebf h\u1ecda ti\u1ebft carbon n\u1ed5i b\u1eadt. Phim d\u00e1n n\u00e0y l\u00e0 l\u1ef1a ch\u1ecdn l\u00fd t\u01b0\u1edfng cho nh\u1eefng ai mu\u1ed1n duy tr\u00ec v\u1ebb ngo\u00e0i s\u00e1ng b\u00f3ng cho chi\u1ebfc xe c\u1ee7a m\u00ecnh m\u00e0 kh\u00f4ng l\u00e0m m\u1ea5t \u0111i s\u1ef1 sang tr\u1ecdng.<\/p>\n<p><img loading=\"lazy\" decoding=\"async\" class=\"alignnone size-full wp-image-790\" src=\"https:\/\/autothaiduong.vn\/wp-content\/uploads\/2025\/05\/image1.jpg\" alt=\"phim d\u00e1n ppf carbon\" width=\"1280\" height=\"1280\" srcset=\"https:\/\/autothaiduong.vn\/wp-content\/uploads\/2025\/05\/image1.jpg 1280w, https:\/\/autothaiduong.vn\/wp-content\/uploads\/2025\/05\/image1-600x600.jpg 600w, https:\/\/autothaiduong.vn\/wp-content\/uploads\/2025\/05\/image1-1024x1024.jpg 1024w, https:\/\/autothaiduong.vn\/wp-content\/uploads\/2025\/05\/image1-300x300.jpg 300w, https:\/\/autothaiduong.vn\/wp-content\/uploads\/2025\/05\/image1-768x768.jpg 768w, https:\/\/autothaiduong.vn\/wp-content\/uploads\/2025\/05\/image1-100x100.jpg 100w\" sizes=\"auto, (max-width: 1280px) 100vw, 1280px\" \/><\/p>\n<p><em>Phim d\u00e1n PPF cho xe \u00f4 t\u00f4 c\u00f3 h\u1ecda ti\u1ebft carbon<\/em><\/p>\n<h2><strong><a id=\"1-th-ng-s--k--thu--t-c--a-ppf-clear-carbon-fiber-t--ax-film\" class=\"toc-a-tag\"><\/a>1. Th\u00f4ng s\u1ed1 k\u1ef9 thu\u1eadt c\u1ee7a PPF Clear Carbon Fiber t\u1eeb AX Film<\/strong><\/h2>\n<ul>\n<li><strong>Ch\u1ea5t li\u1ec7u<\/strong>: Polyurethane TPU<\/li>\n<li><strong>Ph\u00e2n lo\u1ea1i<\/strong>: PPF b\u00f3ng<\/li>\n<li><strong>M\u00e0u s\u1eafc<\/strong>: Transparent (Trong su\u1ed1t).<\/li>\n<li><strong>\u0110\u1ed9 d\u00e0y<\/strong>: 8.0 Mil \u00b1 5%<\/li>\n<li><strong>C\u1ea5u tr\u00fac<\/strong>: 6 l\u1edbp<\/li>\n<li><strong>Ch\u1ee9c n\u0103ng<\/strong>: B\u1ea3o v\u1ec7 l\u1edbp s\u01a1n xe kh\u1ecfi c\u00e1c\u00a0t\u00e1c \u0111\u1ed9ng c\u1ee7a m\u00f4i tr\u01b0\u1eddng.<\/li>\n<li><strong>T\u00ednh n\u0103ng<\/strong>: T\u1ef1 li\u1ec1n v\u1ebft x\u01b0\u1edbc, ch\u1ed1ng \u1ed1 v\u00e0ng, kh\u00f4ng b\u00e1m n\u01b0\u1edbc, b\u1ea3o v\u1ec7 m\u00e0u s\u1eafc s\u01a1n b\u1ec1n l\u00e2u.<\/li>\n<\/ul>\n<h2><strong><a id=\"2-chi-ti--t-c--u-tr-c-6-l--p-c--a-phim-d-n-ax-nbsp-ppf-clear-carbon-fiber\" class=\"toc-a-tag\"><\/a>2. Chi ti\u1ebft c\u1ea5u tr\u00fac 6 l\u1edbp c\u1ee7a phim d\u00e1n AX\u00a0PPF Clear Carbon Fiber<\/strong><\/h2>\n<p><strong><img loading=\"lazy\" decoding=\"async\" class=\"alignnone size-full wp-image-791\" src=\"https:\/\/autothaiduong.vn\/wp-content\/uploads\/2025\/05\/image6.jpg\" alt=\"phim d\u00e1n ppf \u00f4 t\u00f4\" width=\"1280\" height=\"1280\" srcset=\"https:\/\/autothaiduong.vn\/wp-content\/uploads\/2025\/05\/image6.jpg 1280w, https:\/\/autothaiduong.vn\/wp-content\/uploads\/2025\/05\/image6-600x600.jpg 600w, https:\/\/autothaiduong.vn\/wp-content\/uploads\/2025\/05\/image6-1024x1024.jpg 1024w, https:\/\/autothaiduong.vn\/wp-content\/uploads\/2025\/05\/image6-300x300.jpg 300w, https:\/\/autothaiduong.vn\/wp-content\/uploads\/2025\/05\/image6-768x768.jpg 768w, https:\/\/autothaiduong.vn\/wp-content\/uploads\/2025\/05\/image6-100x100.jpg 100w\" sizes=\"auto, (max-width: 1280px) 100vw, 1280px\" \/><\/strong><\/p>\n<p><em>C\u1ea5u t\u1ea1o phim d\u00e1n PPF Carbon Fiber<\/em><\/p>\n<h3><strong><a id=\"2-1-c--u-t--o----pet\" class=\"toc-a-tag\"><\/a>2.1. C\u1ea5u t\u1ea1o \u0111\u1ebf PET<\/strong><\/h3>\n<p>L\u1edbp \u0111\u1ebf c\u1ee7a phim PPF \u0111\u01b0\u1ee3c l\u00e0m t\u1eeb nh\u1ef1a PET (Polyethylene Terephthalate), lo\u1ea1i nh\u1ef1a nhi\u1ec7t d\u1ebbo c\u00f3 \u0111\u1ed9 b\u1ec1n cao v\u00e0 kh\u1ea3 n\u0103ng ch\u1ecbu nhi\u1ec7t tuy\u1ec7t v\u1eddi. L\u1edbp PET n\u00e0y gi\u00fap\u00a0<a href=\"https:\/\/axfilmvn.com\/ppf\" target=\"_blank\" rel=\"noopener\"><strong>phim PPF<\/strong><\/a>\u00a0ch\u1ecbu \u0111\u01b0\u1ee3c va \u0111\u1eadp v\u00e0 b\u1ea3o v\u1ec7 xe kh\u1ecfi c\u00e1c t\u00e1c \u0111\u1ed9ng m\u1ea1nh m\u1ebd t\u1eeb m\u00f4i tr\u01b0\u1eddng b\u00ean ngo\u00e0i.<\/p>\n<h3><strong><a id=\"2-2-l--p-keo-psa-arcrylic\" class=\"toc-a-tag\"><\/a>2.2. L\u1edbp keo PSA Arcrylic<\/strong><\/h3>\n<p>Phim d\u00e1n PPF Clear Carbon Fiber s\u1eed d\u1ee5ng keo d\u00e1n PSA (Pressure Sensitive Adhesive) ch\u1ea5t l\u01b0\u1ee3ng cao, \u0111\u01b0\u1ee3c cung c\u1ea5p b\u1edfi c\u00e1c th\u01b0\u01a1ng hi\u1ec7u n\u1ed5i ti\u1ebfng nh\u01b0 Henkel (\u0110\u1ee9c) v\u00e0 Ashland (M\u1ef9). Keo kh\u00f4ng c\u1ea7n nhi\u1ec7t \u0111\u1ec3 b\u00e1m d\u00ednh v\u00e0 \u0111\u1eb7c bi\u1ec7t, kh\u00f4ng \u0111\u1ec3 l\u1ea1i v\u1ebft keo khi g\u1ee1 b\u1ecf, gi\u00fap d\u1ec5 d\u00e0ng thay th\u1ebf khi c\u1ea7n thi\u1ebft.<\/p>\n<h3><strong><a id=\"2-3-l--p-tpu-cao-c--p\" class=\"toc-a-tag\"><\/a>2.3. L\u1edbp TPU cao c\u1ea5p<\/strong><\/h3>\n<p>TPU (Thermoplastic Polyurethane) l\u00e0 th\u00e0nh ph\u1ea7n ch\u00ednh trong phim PPF, v\u1edbi \u0111\u1ed9 d\u00e0y l\u00ean t\u1edbi 5.91 Mil. L\u1edbp TPU kh\u00f4ng ch\u1ec9 gi\u00fap b\u1ec1 m\u1eb7t t\u1ef1 ph\u1ee5c h\u1ed3i khi b\u1ecb tr\u1ea7y x\u01b0\u1edbc m\u00e0 c\u00f2n b\u1ea3o v\u1ec7 l\u1edbp s\u01a1n kh\u1ecfi t\u00e1c \u0111\u1ed9ng c\u1ee7a tia UV v\u00e0 oxy h\u00f3a, gi\u1eef cho xe lu\u00f4n s\u00e1ng b\u00f3ng nh\u01b0 m\u1edbi.<\/p>\n<h3><strong><a id=\"2-4-l--p-v-n-carbon\" class=\"toc-a-tag\"><\/a>2.4. L\u1edbp v\u00e2n carbon<\/strong><\/h3>\n<p>S\u1ef1 n\u1ed5i b\u1eadt c\u1ee7a phim PPF Clear Carbon Fiber ch\u00ednh l\u00e0 l\u1edbp v\u00e2n carbon \u0111\u01b0\u1ee3c kh\u1eafc b\u1eb1ng c\u00f4ng ngh\u1ec7 CNC hi\u1ec7n \u0111\u1ea1i. C\u00e1c v\u00e2n carbon 3D n\u1ed5i b\u1eadt kh\u00f4ng ch\u1ec9 l\u00e0m t\u0103ng v\u1ebb m\u1ea1nh m\u1ebd v\u00e0 sang tr\u1ecdng cho chi\u1ebfc xe m\u00e0 c\u00f2n t\u1ea1o n\u00ean m\u1ed9t phong c\u00e1ch c\u00e1 t\u00ednh v\u00e0 \u0111\u1ed9c \u0111\u00e1o.<\/p>\n<h3><strong><a id=\"2-5-l--p-ph--c--ng\" class=\"toc-a-tag\"><\/a>2.5. L\u1edbp ph\u1ee7 c\u1ee9ng<\/strong><\/h3>\n<p>L\u1edbp ph\u1ee7 ch\u1ed1ng b\u00e1m b\u1ea9n gi\u00fap b\u1ec1 m\u1eb7t phim lu\u00f4n s\u1ea1ch s\u1ebd v\u00e0 d\u1ec5 d\u00e0ng v\u1ec7 sinh. V\u1edbi c\u00f4ng ngh\u1ec7 ph\u1ee7 ti\u00ean ti\u1ebfn, l\u1edbp ph\u1ee7 n\u00e0y gi\u00fap n\u01b0\u1edbc b\u1ea9n v\u00e0 b\u1ee5i b\u1ea9n d\u1ec5 d\u00e0ng tr\u01b0\u1ee3t ra ngo\u00e0i, b\u1ea3o v\u1ec7 xe kh\u1ecfi c\u00e1c v\u1ebft b\u1ea9n kh\u00f3 lau ch\u00f9i.<\/p>\n<h3><strong><a id=\"2-6-m-ng-b--o-v--ppf\" class=\"toc-a-tag\"><\/a>2.6. M\u00e0ng b\u1ea3o v\u1ec7 PPF<\/strong><\/h3>\n<p>M\u00e0ng b\u1ea3o v\u1ec7 phim PPF c\u00f3 nhi\u1ec7m v\u1ee5 b\u1ea3o v\u1ec7 l\u1edbp phim kh\u1ecfi tr\u1ea7y x\u01b0\u1edbc trong qu\u00e1 tr\u00ecnh l\u1eafp \u0111\u1eb7t v\u00e0 b\u1ea3o qu\u1ea3n. Sau khi qu\u00e1 tr\u00ecnh d\u00e1n ho\u00e0n t\u1ea5t, l\u1edbp m\u00e0ng n\u00e0y s\u1ebd \u0111\u01b0\u1ee3c lo\u1ea1i b\u1ecf, \u0111\u1ec3 l\u1ea1i b\u1ec1 m\u1eb7t PPF trong su\u1ed1t v\u00e0 ho\u00e0n h\u1ea3o.<\/p>\n<h2><strong><a id=\"3-khi-n-o-c--n-d-n-ppf--t--d-ng-ax-ppf-clear-carbon-fiber-\" class=\"toc-a-tag\"><\/a>3. Khi n\u00e0o c\u1ea7n d\u00e1n PPF \u00f4 t\u00f4 d\u00f2ng AX PPF Clear Carbon Fiber?<\/strong><\/h2>\n<p><a href=\"https:\/\/axfilmvn.com\/ax-ppf-carbon-fiber\" target=\"_blank\" rel=\"noopener\"><strong>Phim d\u00e1n PPF Carbon Fiber<\/strong><\/a>\u00a0c\u1ee7a AX Film kh\u00f4ng ch\u1ec9 l\u00e0 m\u1ed9t s\u1ea3n ph\u1ea9m b\u1ea3o v\u1ec7 s\u01a1n xe \u0111\u01a1n thu\u1ea7n, m\u00e0 c\u00f2n l\u00e0 m\u1ed9t gi\u1ea3i ph\u00e1p c\u1ef1c k\u1ef3 linh ho\u1ea1t v\u00e0 \u0111a n\u0103ng, gi\u00fap chi\u1ebfc xe c\u1ee7a b\u1ea1n lu\u00f4n b\u1ec1n \u0111\u1eb9p theo th\u1eddi gian. V\u1edbi kh\u1ea3 n\u0103ng \u1ee9ng d\u1ee5ng \u0111a d\u1ea1ng, b\u1ea1n c\u00f3 th\u1ec3 t\u00f9y \u00fd l\u1ef1a ch\u1ecdn nh\u1eefng c\u00e1ch d\u00e1n phim ph\u00f9 h\u1ee3p \u0111\u1ec3 t\u1ed1i \u01b0u h\u00f3a s\u1ef1 b\u1ea3o v\u1ec7 c\u0169ng nh\u01b0 n\u00e2ng t\u1ea7m v\u1ebb \u0111\u1eb9p cho chi\u1ebfc xe c\u1ee7a m\u00ecnh.<\/p>\n<h3><strong><a id=\"3-1-d-n-ppf-carbon-nbsp-full-xe\" class=\"toc-a-tag\"><\/a>3.1. D\u00e1n PPF Carbon\u00a0full xe<\/strong><\/h3>\n<p>\u0110\u00e2y l\u00e0 l\u1ef1a ch\u1ecdn l\u00fd t\u01b0\u1edfng cho nh\u1eefng ai mu\u1ed1n b\u1ea3o v\u1ec7 to\u00e0n di\u1ec7n l\u1edbp s\u01a1n xe kh\u1ecfi m\u1ecdi t\u00e1c \u0111\u1ed9ng b\u00ean ngo\u00e0i. V\u1edbi phim d\u00e1n\u00a0<a href=\"https:\/\/axfilmvn.com\/ppf-carbon-fiber\" target=\"_blank\" rel=\"noopener\"><strong>PPF Carbon Fiber<\/strong><\/a>, b\u1ea1n s\u1ebd kh\u00f4ng ph\u1ea3i lo l\u1eafng v\u1ec1 c\u00e1c v\u1ebft x\u01b0\u1edbc, va ch\u1ea1m hay t\u00e1c \u0111\u1ed9ng c\u1ee7a tia UV. Phim PPF s\u1ebd gi\u1eef cho xe lu\u00f4n s\u00e1ng b\u00f3ng v\u00e0 b\u1ec1n m\u00e0u trong su\u1ed1t th\u1eddi gian d\u00e0i, gi\u00fap chi\u1ebfc xe c\u1ee7a b\u1ea1n lu\u00f4n nh\u01b0 m\u1edbi. \u0110\u1eebng ch\u1ea7n ch\u1eeb, v\u00ec m\u1ed9t chi\u1ebfc xe lu\u00f4n \u0111\u01b0\u1ee3c b\u1ea3o v\u1ec7 s\u1ebd gi\u00fap b\u1ea1n ti\u1ebft ki\u1ec7m chi ph\u00ed s\u1eeda ch\u1eefa trong t\u01b0\u01a1ng lai. B\u00ean c\u1ea1nh \u0111\u00f3, hi\u1ec7u \u1ee9ng Carbon s\u1ebd t\u1ea1o n\u00ean m\u1ed9t v\u1ebb \u0111\u1eb9p c\u1ef1c k\u1ef3 b\u1eaft m\u1eaft cho chi\u1ebfc xe c\u1ee7a b\u1ea1n. D\u00f2ng Clear Carbon Fiber s\u1ebd ph\u1ee7 l\u00ean l\u1edbp m\u00e0u zin c\u1ee7a xe m\u1ed9t hi\u1ec7u \u1ee9ng v\u00e2n carbon th\u00fa v\u1ecb, gi\u00fap cho xe c\u1ee7a b\u1ea1n lu\u00f4n n\u1ed5i b\u1eadt.<\/p>\n<h3><strong><a id=\"3-2-d-n-carbon-trang-tr--m--t-s--v--tr--tr-n-xe\" class=\"toc-a-tag\"><\/a>3.2. D\u00e1n Carbon trang tr\u00ed m\u1ed9t s\u1ed1 v\u1ecb tr\u00ed tr\u00ean xe<\/strong><\/h3>\n<p>N\u1ebfu b\u1ea1n mu\u1ed1n l\u00e0m n\u1ed5i b\u1eadt nh\u1eefng \u0111i\u1ec3m \u0111\u1eb7c bi\u1ec7t tr\u00ean xe c\u1ee7a m\u00ecnh, nh\u01b0 n\u1eafp cap\u00f4, g\u01b0\u01a1ng chi\u1ebfu h\u1eadu hay \u1ed1p c\u1eeda, phim\u00a0<a href=\"https:\/\/axfilmvn.com\/color-ppf\" target=\"_blank\" rel=\"noopener\"><strong>d\u00e1n\u00a0PPF m\u00e0u<\/strong><\/a>\u00a0ch\u00ednh l\u00e0 l\u1ef1a ch\u1ecdn ho\u00e0n h\u1ea3o. V\u1edbi l\u1edbp v\u00e2n carbon 3D \u0111\u1ed9c \u0111\u00e1o, chi\u1ebfc xe c\u1ee7a b\u1ea1n s\u1ebd kh\u00f4ng ch\u1ec9 \u0111\u01b0\u1ee3c b\u1ea3o v\u1ec7 m\u00e0 c\u00f2n tr\u1edf n\u00ean c\u00e1 t\u00ednh, m\u1ea1nh m\u1ebd v\u00e0 kh\u00e1c bi\u1ec7t. \u0110\u00e2y l\u00e0 c\u00e1ch nhanh ch\u00f3ng \u0111\u1ec3 t\u0103ng th\u00eam ph\u1ea7n sang tr\u1ecdng v\u00e0 \u0111\u1eb3ng c\u1ea5p cho chi\u1ebfc xe c\u1ee7a b\u1ea1n m\u00e0 kh\u00f4ng t\u1ed1n qu\u00e1 nhi\u1ec1u chi ph\u00ed.<\/p>\n<h3><strong><a id=\"3-3-d-n-ppf-n--i-th--t--t--b--ng-ppf-clear-carbon-fiber\" class=\"toc-a-tag\"><\/a>3.3. D\u00e1n PPF n\u1ed9i th\u1ea5t \u00f4 t\u00f4 b\u1eb1ng PPF Clear Carbon Fiber<\/strong><\/h3>\n<p>Kh\u00f4ng ch\u1ec9 b\u1ea3o v\u1ec7 ngo\u1ea1i th\u1ea5t, PPF Clear Carbon Fiber c\u00f2n l\u00e0 gi\u1ea3i ph\u00e1p tuy\u1ec7t v\u1eddi \u0111\u1ec3 b\u1ea3o v\u1ec7 n\u1ed9i th\u1ea5t xe kh\u1ecfi c\u00e1c y\u1ebfu t\u1ed1 g\u00e2y h\u1ea1i nh\u01b0 b\u1ee5i b\u1ea9n, v\u1ebft tr\u1ea7y x\u01b0\u1edbc, hay nh\u1eefng t\u00e1c \u0111\u1ed9ng t\u1eeb m\u00f4i tr\u01b0\u1eddng b\u00ean ngo\u00e0i. Nh\u1eefng khu v\u1ef1c nh\u01b0 b\u1ea3ng \u0111i\u1ec1u khi\u1ec3n, tay n\u1eafm c\u1eeda, hay th\u1eadm ch\u00ed l\u00e0 c\u00e1c chi ti\u1ebft nh\u1ef1a v\u00e0 da trong xe \u0111\u1ec1u c\u00f3 th\u1ec3 \u0111\u01b0\u1ee3c b\u1ea3o v\u1ec7 b\u1eb1ng l\u1edbp phim PPF n\u00e0y. Gi\u1eef cho n\u1ed9i th\u1ea5t xe c\u1ee7a b\u1ea1n lu\u00f4n m\u1edbi m\u1ebb v\u00e0 b\u1ec1n \u0111\u1eb9p, n\u00e2ng cao tr\u1ea3i nghi\u1ec7m s\u1eed d\u1ee5ng m\u1ed7i ng\u00e0y.<\/p>\n<h2><b><a id=\"4-t--i-sao-n-n-d-n-pff--t--hi--u--ng-v-n-carbon-b--ng-ppf-clear-carbon-fiber-c--a-ax-film-\" class=\"toc-a-tag\"><\/a>4. T\u1ea1i sao n\u00ean d\u00e1n PFF \u00f4 t\u00f4 hi\u1ec7u \u1ee9ng v\u00e2n Carbon b\u1eb1ng PPF Clear Carbon Fiber c\u1ee7a AX Film?<\/b><\/h2>\n<h3><strong><a id=\"4-1-ax-film-l--th--ng-hi--u-to-n-c--u\" class=\"toc-a-tag\"><\/a>4.1. AX Film l\u00e0 th\u01b0\u01a1ng hi\u1ec7u to\u00e0n c\u1ea7u<\/strong><\/h3>\n<p>AX Film l\u00e0 m\u1ed9t trong nh\u1eefng th\u01b0\u01a1ng hi\u1ec7u h\u00e0ng \u0111\u1ea7u trong ng\u00e0nh phim d\u00e1n PPF, \u0111\u00e3 x\u00e2y d\u1ef1ng \u0111\u01b0\u1ee3c danh ti\u1ebfng v\u1eefng ch\u1eafc tr\u00ean th\u1ecb tr\u01b0\u1eddng qu\u1ed1c t\u1ebf. V\u1edbi h\u01a1n 30.000 \u0111\u1ea1i l\u00fd ph\u00e2n ph\u1ed1i tr\u00ean to\u00e0n th\u1ebf gi\u1edbi, AX Film \u0111\u1ea3m b\u1ea3o r\u1eb1ng s\u1ea3n ph\u1ea9m c\u1ee7a m\u00ecnh lu\u00f4n \u0111\u01b0\u1ee3c cung c\u1ea5p r\u1ed9ng r\u00e3i v\u00e0 d\u1ec5 d\u00e0ng ti\u1ebfp c\u1eadn. T\u1ea1i Vi\u1ec7t Nam, AX Film c\u0169ng s\u1edf h\u1eefu m\u1ea1ng l\u01b0\u1edbi h\u01a1n 300 \u0111\u1ea1i l\u00fd v\u00e0 nh\u00e0 ph\u00e2n ph\u1ed1i ch\u00ednh h\u00e3ng, mang \u0111\u1ebfn cho b\u1ea1n s\u1ef1 tin t\u01b0\u1edfng tuy\u1ec7t \u0111\u1ed1i v\u1ec1 ch\u1ea5t l\u01b0\u1ee3ng s\u1ea3n ph\u1ea9m v\u00e0 d\u1ecbch v\u1ee5. Vi\u1ec7c l\u1ef1a ch\u1ecdn AX Film \u0111\u1ed3ng ngh\u0129a v\u1edbi vi\u1ec7c b\u1ea1n ch\u1ecdn m\u1ed9t th\u01b0\u01a1ng hi\u1ec7u uy t\u00edn, c\u00f3 m\u1eb7t t\u1ea1i c\u00e1c th\u1ecb tr\u01b0\u1eddng l\u1edbn v\u00e0 \u0111\u01b0\u1ee3c kh\u00e1ch h\u00e0ng to\u00e0n c\u1ea7u t\u00edn nhi\u1ec7m.<\/p>\n<h3><strong><a id=\"4-2-c-ng-ngh--s--n-xu--t-phim-ppf--t--t--singapore\" class=\"toc-a-tag\"><\/a>4.2. C\u00f4ng ngh\u1ec7 s\u1ea3n xu\u1ea5t phim PPF \u00f4 t\u00f4 t\u1eeb Singapore<\/strong><\/h3>\n<p>M\u1ed9t trong nh\u1eefng y\u1ebfu t\u1ed1 quan tr\u1ecdng khi\u1ebfn AX Film lu\u00f4n \u0111\u1ee9ng v\u1eefng tr\u00ean th\u1ecb tr\u01b0\u1eddng ch\u00ednh l\u00e0 c\u00f4ng ngh\u1ec7 s\u1ea3n xu\u1ea5t ti\u00ean ti\u1ebfn. Phim d\u00e1n PPF Clear Carbon Fiber \u0111\u01b0\u1ee3c s\u1ea3n xu\u1ea5t v\u1edbi c\u00f4ng ngh\u1ec7 hi\u1ec7n \u0111\u1ea1i chuy\u1ec3n giao tr\u1ef1c ti\u1ebfp t\u1eeb Singapore, m\u1ed9t qu\u1ed1c gia n\u1ed5i ti\u1ebfng v\u1edbi c\u00e1c s\u1ea3n ph\u1ea9m c\u00f4ng ngh\u1ec7 v\u00e0 ch\u1ea5t l\u01b0\u1ee3ng cao. Nh\u1edd \u0111\u00f3, AX Film cam k\u1ebft mang \u0111\u1ebfn cho kh\u00e1ch h\u00e0ng m\u1ed9t s\u1ea3n ph\u1ea9m phim d\u00e1n PPF c\u00f3 ch\u1ea5t l\u01b0\u1ee3ng v\u01b0\u1ee3t tr\u1ed9i, v\u1edbi kh\u1ea3 n\u0103ng b\u1ea3o v\u1ec7 t\u1ed1i \u01b0u cho xe trong m\u1ecdi \u0111i\u1ec1u ki\u1ec7n. C\u00f4ng ngh\u1ec7 n\u00e0y gi\u00fap phim c\u00f3 \u0111\u1ed9 b\u1ec1n cao, kh\u1ea3 n\u0103ng ch\u1ed1ng tr\u1ea7y x\u01b0\u1edbc v\u00e0 t\u00e1c \u0111\u1ed9ng m\u00f4i tr\u01b0\u1eddng, gi\u00fap chi\u1ebfc xe c\u1ee7a b\u1ea1n lu\u00f4n m\u1edbi m\u1ebb v\u00e0 b\u1ea3o v\u1ec7 l\u00e2u d\u00e0i.<\/p>\n<h3><strong><a id=\"4-3-phim-ppf--t--d-ng-v--t-li--u-tpu-cao-c--p\" class=\"toc-a-tag\"><\/a>4.3. Phim PPF \u00f4 t\u00f4 d\u00f9ng v\u1eadt li\u1ec7u TPU cao c\u1ea5p<\/strong><\/h3>\n<p>Phim d\u00e1n PPF Clear Carbon Fiber t\u1eeb AX Film \u0111\u01b0\u1ee3c ch\u1ebf t\u1ea1o t\u1eeb v\u1eadt li\u1ec7u TPU cao c\u1ea5p (Thermoplastic Polyurethane), m\u1ed9t lo\u1ea1i nh\u1ef1a chuy\u00ean d\u1ee5ng c\u00f3 \u0111\u1ed9 b\u1ec1n v\u01b0\u1ee3t tr\u1ed9i. \u0110\u00e2y l\u00e0 lo\u1ea1i v\u1eadt li\u1ec7u \u0111\u01b0\u1ee3c c\u00e1c chuy\u00ean gia \u0111\u00e1nh gi\u00e1 cao v\u00ec kh\u1ea3 n\u0103ng ch\u1ed1ng ch\u1ecbu va \u0111\u1eadp, ch\u1ed1ng tr\u1ea7y x\u01b0\u1edbc v\u00e0 \u0111\u1eb7c bi\u1ec7t l\u00e0 kh\u1ea3 n\u0103ng t\u1ef1 ph\u1ee5c h\u1ed3i khi c\u00f3 v\u1ebft tr\u1ea7y nh\u1eb9. TPU c\u0169ng gi\u00fap phim duy tr\u00ec m\u00e0u s\u1eafc l\u00e2u d\u00e0i, kh\u00f4ng b\u1ecb \u1ed1 v\u00e0ng d\u01b0\u1edbi t\u00e1c \u0111\u1ed9ng c\u1ee7a \u00e1nh n\u1eafng m\u1eb7t tr\u1eddi. So v\u1edbi c\u00e1c lo\u1ea1i phim PPF gi\u00e1 r\u1ebb l\u00e0m t\u1eeb PVC ho\u1eb7c TPH, TPU mang l\u1ea1i hi\u1ec7u qu\u1ea3 b\u1ea3o v\u1ec7 t\u1ed1t h\u01a1n, \u0111\u1ed9 b\u1ec1n cao h\u01a1n, v\u00e0 d\u1ec5 d\u00e0ng ph\u1ee5c h\u1ed3i khi b\u1ecb x\u01b0\u1edbc. S\u1ef1 kh\u00e1c bi\u1ec7t n\u00e0y kh\u00f4ng ch\u1ec9 gi\u00fap b\u1ea1n b\u1ea3o v\u1ec7 xe t\u1ed1t h\u01a1n m\u00e0 c\u00f2n gi\u00fap ti\u1ebft ki\u1ec7m chi ph\u00ed b\u1ea3o d\u01b0\u1ee1ng trong t\u01b0\u01a1ng lai.<\/p>\n<h3><strong><a id=\"4-4----i-ng--k--thu--t-vi-n-c--a-ax-film-c--c-k--chuy-n-nghi--p\" class=\"toc-a-tag\"><\/a>4.4. \u0110\u1ed9i ng\u0169 k\u1ef9 thu\u1eadt vi\u00ean c\u1ee7a <span style=\"color: #ff0000;\">Auto Th\u00e1i D\u01b0\u01a1ng<\/span> c\u1ef1c k\u1ef3 chuy\u00ean nghi\u1ec7p<\/strong><\/h3>\n<p>AX Film kh\u00f4ng ch\u1ec9 cung c\u1ea5p s\u1ea3n ph\u1ea9m ch\u1ea5t l\u01b0\u1ee3ng, m\u00e0 c\u00f2n \u0111i k\u00e8m v\u1edbi d\u1ecbch v\u1ee5 d\u00e1n phim chuy\u00ean nghi\u1ec7p. \u0110\u1ed9i ng\u0169 k\u1ef9 thu\u1eadt vi\u00ean c\u1ee7a AX Film \u0111\u01b0\u1ee3c \u0111\u00e0o t\u1ea1o b\u00e0i b\u1ea3n, c\u00f3 kinh nghi\u1ec7m l\u00e2u n\u0103m trong ng\u00e0nh d\u00e1n phim \u00f4 t\u00f4. H\u1ecd cam k\u1ebft th\u1ef1c hi\u1ec7n quy tr\u00ecnh d\u00e1n phim nhanh ch\u00f3ng, ch\u00ednh x\u00e1c v\u00e0 \u0111\u1ea3m b\u1ea3o kh\u00f4ng l\u00e0m \u1ea3nh h\u01b0\u1edfng \u0111\u1ebfn v\u1ebb ngo\u00e0i c\u1ee7a xe. T\u1eeb kh\u00e2u chu\u1ea9n b\u1ecb cho \u0111\u1ebfn l\u1eafp \u0111\u1eb7t ho\u00e0n thi\u1ec7n, AX Film lu\u00f4n \u0111\u1ea3m b\u1ea3o r\u1eb1ng m\u1ed7i chi\u1ebfc xe s\u1ebd \u0111\u01b0\u1ee3c b\u1ea3o v\u1ec7 m\u1ed9t c\u00e1ch ho\u00e0n h\u1ea3o, kh\u00f4ng \u0111\u1ec3 l\u1ea1i d\u1ea5u v\u1ebft hay \u1ea3nh h\u01b0\u1edfng \u0111\u1ebfn t\u00ednh th\u1ea9m m\u1ef9 c\u1ee7a xe. B\u1ea1n s\u1ebd kh\u00f4ng ph\u1ea3i lo l\u1eafng v\u1ec1 vi\u1ec7c phim d\u00e1n b\u1ecb nh\u0103n, bong tr\u00f3c hay \u0111\u1ec3 l\u1ea1i v\u1ebft keo kh\u00f3 ch\u1ecbu khi g\u1ee1 b\u1ecf.<\/p>\n","protected":false},"excerpt":{"rendered":"<h2>Th\u00f4ng s\u1ed1 k\u1ef9 thu\u1eadt CLEAR PPF CARBON FIBER<\/h2>\n<table>\n<tbody>\n<tr>\n<td class=\"lileft\">Ch\u1ea5t li\u1ec7u:<\/td>\n<td class=\"liright\">Polyurethane TPU<\/td>\n<\/tr>\n<tr>\n<td class=\"lileft\">Ph\u00e2n lo\u1ea1i:<\/td>\n<td class=\"liright\">PPF B\u00f3ng<\/td>\n<\/tr>\n<tr>\n<td class=\"lileft\">\u0110\u1ed9 d\u00e0y:<\/td>\n<td class=\"liright\">8.0 mil \u00b15%<\/td>\n<\/tr>\n<tr>\n<td class=\"lileft\">Th\u1eddi gian b\u1ea3o h\u00e0nh:<\/td>\n<td class=\"liright\">5 n\u0103m<\/td>\n<\/tr>\n<tr>\n<td class=\"lileft\">Ph\u1ea1m vi b\u1ea3o h\u00e0nh:<\/td>\n<td class=\"liright\">Bong keo, t\u00e1ch l\u1edbp, \u1ed1 v\u00e0ng<\/td>\n<\/tr>\n<tr>\n<td class=\"lileft\">\u0110\u1ed9 b\u00f3ng:<\/td>\n<td class=\"liright\">150<\/td>\n<\/tr>\n<tr>\n<td class=\"lileft\">Kh\u00e1ng dung m\u00f4i h\u1eefu c\u01a1:<\/td>\n<td class=\"liright\">T\u1ed1t<\/td>\n<\/tr>\n<tr>\n<td class=\"lileft\">Ch\u1ed1ng v\u1ebft b\u1ea9n:<\/td>\n<td class=\"liright\">T\u1ed1t<\/td>\n<\/tr>\n<tr>\n<td class=\"lileft\">Color:<\/td>\n<td class=\"liright\">Clear &#8211; Trong su\u1ed1t<\/td>\n<\/tr>\n<tr>\n<td class=\"lileft\">Series:<\/td>\n<td class=\"liright\">Carbon Fiber<\/td>\n<\/tr>\n<tr>\n<td class=\"lileft\">Th\u01b0\u01a1ng hi\u1ec7u:<\/td>\n<td class=\"liright\">AX Color PPF<\/td>\n<\/tr>\n<\/tbody>\n<\/table>\n","protected":false},"featured_media":789,"comment_status":"open","ping_status":"closed","template":"","meta":[],"product_brand":[88],"product_cat":[74,89],"product_tag":[],"class_list":{"0":"post-788","1":"product","2":"type-product","3":"status-publish","4":"has-post-thumbnail","6":"product_brand-ax-film","7":"product_cat-ppf-wrap","8":"product_cat-wrap-doi-mau","10":"first","11":"instock","12":"shipping-taxable","13":"purchasable","14":"product-type-simple"},"_links":{"self":[{"href":"https:\/\/autothaiduong.vn\/index.php?rest_route=\/wp\/v2\/product\/788","targetHints":{"allow":["GET"]}}],"collection":[{"href":"https:\/\/autothaiduong.vn\/index.php?rest_route=\/wp\/v2\/product"}],"about":[{"href":"https:\/\/autothaiduong.vn\/index.php?rest_route=\/wp\/v2\/types\/product"}],"replies":[{"embeddable":true,"href":"https:\/\/autothaiduong.vn\/index.php?rest_route=%2Fwp%2Fv2%2Fcomments&post=788"}],"wp:featuredmedia":[{"embeddable":true,"href":"https:\/\/autothaiduong.vn\/index.php?rest_route=\/wp\/v2\/media\/789"}],"wp:attachment":[{"href":"https:\/\/autothaiduong.vn\/index.php?rest_route=%2Fwp%2Fv2%2Fmedia&parent=788"}],"wp:term":[{"taxonomy":"product_brand","embeddable":true,"href":"https:\/\/autothaiduong.vn\/index.php?rest_route=%2Fwp%2Fv2%2Fproduct_brand&post=788"},{"taxonomy":"product_cat","embeddable":true,"href":"https:\/\/autothaiduong.vn\/index.php?rest_route=%2Fwp%2Fv2%2Fproduct_cat&post=788"},{"taxonomy":"product_tag","embeddable":true,"href":"https:\/\/autothaiduong.vn\/index.php?rest_route=%2Fwp%2Fv2%2Fproduct_tag&post=788"}],"curies":[{"name":"wp","href":"https:\/\/api.w.org\/{rel}","templated":true}]}}