{"id":831,"date":"2025-05-10T10:11:34","date_gmt":"2025-05-10T10:11:34","guid":{"rendered":"https:\/\/autothaiduong.vn\/?post_type=product&#038;p=831"},"modified":"2025-05-10T10:11:34","modified_gmt":"2025-05-10T10:11:34","slug":"phuoc-sau-pnk-cho-vf3","status":"publish","type":"product","link":"https:\/\/autothaiduong.vn\/?product=phuoc-sau-pnk-cho-vf3","title":{"rendered":"Phu\u1ed9c sau PNK cho VF3"},"content":{"rendered":"<p><img loading=\"lazy\" decoding=\"async\" class=\" wp-image-489 aligncenter\" src=\"https:\/\/autothaiduong.vn\/wp-content\/uploads\/2025\/04\/z6584734442481_f208f5944548cb4b46353402ce2e64e0.jpg\" alt=\"\" width=\"242\" height=\"214\" \/><\/p>\n<p style=\"text-align: center;\"><span style=\"color: #ff0000; font-size: 150%;\"><strong>\u0110\u1ecba Ch\u1ec9: 273-275 Tr\u1ea7n Ph\u00fa Ph\u01b0\u1eddng L\u1ed9c S\u01a1n Th\u00e0nh Ph\u1ed1 B\u1ea3o L\u1ed9c T\u1ec9nh L\u00e2m \u0110\u1ed3ng<\/strong><\/span><\/p>\n<p style=\"text-align: center;\"><span style=\"color: #ff0000; font-size: 150%;\"><strong> Hotline: 0912197441<\/strong><\/span><\/p>\n<div id=\"tab-description\" class=\"\">\n<div>\n<ul>\n<li>\u0110\u01b0\u1ee3c l\u00e0m b\u1eb1ng th\u00e9p cao c\u1ea5p c\u1ee9ng c\u00e1p, b\u1ec1n ch\u1eafc, ch\u1ecbu \u0111\u01b0\u1ee3c m\u1ecdi \u0111i\u1ec1u ki\u1ec7n \u0111\u1ecba h\u00ecnh v\u00e0 th\u1eddi ti\u1ebft<\/li>\n<li>Ph\u1edbt t\u1ef1 b\u00f4i tr\u01a1<b>n<\/b>: C\u00e1c ph\u1edbt t\u1ef1 b\u00f4i tr\u01a1n gi\u00fap k\u00e9o d\u00e0i tu\u1ed5i th\u1ecd s\u1ea3n ph\u1ea9m, gi\u1ea3m thi\u1ec3u ma s\u00e1t v\u00e0 hao m\u00f2n qua th\u1eddi gian s\u1eed d\u1ee5ng.<\/li>\n<li>D\u1ea7u th\u1ee7y l\u1ef1c \u0111\u1eb7c bi\u1ec7t: S\u1eed d\u1ee5ng lo\u1ea1i d\u1ea7u th\u1ee7y l\u1ef1c chuy\u00ean d\u1ee5ng c\u00f3 \u0111\u1ed9 \u1ed5n \u0111\u1ecbnh nhi\u1ec7t t\u1ed1t, gi\u00fap duy tr\u00ec hi\u1ec7u su\u1ea5t ngay c\u1ea3 trong \u0111i\u1ec1u ki\u1ec7n nhi\u1ec7t \u0111\u1ed9 kh\u1eafc nghi\u1ec7t.<\/li>\n<li>Ty phu\u1ed9c ph\u1ee7 Nitro-carburized: Ty phu\u1ed9c \u0111\u01b0\u1ee3c ph\u1ee7 Nitro-carburized gi\u00fap t\u0103ng \u0111\u1ed9 b\u1ec1n ch\u1eafc v\u00e0 kh\u1ea3 n\u0103ng ch\u1ed1ng tr\u1ea7y x\u01b0\u1edbc v\u01b0\u1ee3t tr\u1ed9i, k\u00e9o d\u00e0i tu\u1ed5i th\u1ecd trong \u0111i\u1ec1u ki\u1ec7n s\u1eed d\u1ee5ng kh\u1eafc nghi\u1ec7t.<\/li>\n<li>S\u01a1n 2 l\u1edbp (2K colour): L\u1edbp s\u01a1n 2K mang l\u1ea1i \u0111\u1ed9 b\u1ec1n m\u00e0u cao v\u00e0 kh\u1ea3 n\u0103ng ch\u1ed1ng m\u00e0i m\u00f2n, gi\u00fap s\u1ea3n ph\u1ea9m lu\u00f4n gi\u1eef v\u1ebb \u0111\u1eb9p l\u00e2u d\u00e0i<\/li>\n<li>L\u1eafp \u0111\u1eb7t d\u1ec5 d\u00e0ng, nhanh ch\u00f3ng, kh\u00f4ng c\u1ea7n \u0111\u1ed9 ch\u1ebf<\/li>\n<\/ul>\n<\/div>\n<\/div>\n<div id=\"tab-additional_information\" class=\"\">\n<h2>Th\u00f4ng tin b\u1ed5 sung<\/h2>\n<table class=\"table table-striped shop_attributes\">\n<tbody>\n<tr class=\"\">\n<th>D\u00f2ng xe<\/th>\n<td>Vinfast VF3<\/td>\n<\/tr>\n<tr class=\"alt\">\n<th>N\u0103m s\u1ea3n xu\u1ea5t<\/th>\n<td>2024<\/td>\n<\/tr>\n<tr class=\"\">\n<th>Th\u01b0\u01a1ng hi\u1ec7u<\/th>\n<td>N\/A<\/td>\n<\/tr>\n<\/tbody>\n<\/table>\n<\/div>\n","protected":false},"excerpt":{"rendered":"<ul>\n<li>\u0110\u01b0\u1ee3c l\u00e0m b\u1eb1ng th\u00e9p cao c\u1ea5p c\u1ee9ng c\u00e1p, b\u1ec1n ch\u1eafc, ch\u1ecbu \u0111\u01b0\u1ee3c m\u1ecdi \u0111i\u1ec1u ki\u1ec7n \u0111\u1ecba h\u00ecnh v\u00e0 th\u1eddi ti\u1ebft<\/li>\n<li>Ph\u1edbt t\u1ef1 b\u00f4i tr\u01a1<b>n<\/b>: C\u00e1c ph\u1edbt t\u1ef1 b\u00f4i tr\u01a1n gi\u00fap k\u00e9o d\u00e0i tu\u1ed5i th\u1ecd s\u1ea3n ph\u1ea9m, gi\u1ea3m thi\u1ec3u ma s\u00e1t v\u00e0 hao m\u00f2n qua th\u1eddi gian s\u1eed d\u1ee5ng.<\/li>\n<li>D\u1ea7u th\u1ee7y l\u1ef1c \u0111\u1eb7c bi\u1ec7t: S\u1eed d\u1ee5ng lo\u1ea1i d\u1ea7u th\u1ee7y l\u1ef1c chuy\u00ean d\u1ee5ng c\u00f3 \u0111\u1ed9 \u1ed5n \u0111\u1ecbnh nhi\u1ec7t t\u1ed1t, gi\u00fap duy tr\u00ec hi\u1ec7u su\u1ea5t ngay c\u1ea3 trong \u0111i\u1ec1u ki\u1ec7n nhi\u1ec7t \u0111\u1ed9 kh\u1eafc nghi\u1ec7t.<\/li>\n<li>Ty phu\u1ed9c ph\u1ee7 Nitro-carburized: Ty phu\u1ed9c \u0111\u01b0\u1ee3c ph\u1ee7 Nitro-carburized gi\u00fap t\u0103ng \u0111\u1ed9 b\u1ec1n ch\u1eafc v\u00e0 kh\u1ea3 n\u0103ng ch\u1ed1ng tr\u1ea7y x\u01b0\u1edbc v\u01b0\u1ee3t tr\u1ed9i, k\u00e9o d\u00e0i tu\u1ed5i th\u1ecd trong \u0111i\u1ec1u ki\u1ec7n s\u1eed d\u1ee5ng kh\u1eafc nghi\u1ec7t.<\/li>\n<li>S\u01a1n 2 l\u1edbp (2K colour): L\u1edbp s\u01a1n 2K mang l\u1ea1i \u0111\u1ed9 b\u1ec1n m\u00e0u cao v\u00e0 kh\u1ea3 n\u0103ng ch\u1ed1ng m\u00e0i m\u00f2n, gi\u00fap s\u1ea3n ph\u1ea9m lu\u00f4n gi\u1eef v\u1ebb \u0111\u1eb9p l\u00e2u d\u00e0i<\/li>\n<li>L\u1eafp \u0111\u1eb7t d\u1ec5 d\u00e0ng, nhanh ch\u00f3ng, kh\u00f4ng c\u1ea7n \u0111\u1ed9 ch\u1ebf<\/li>\n<\/ul>\n","protected":false},"featured_media":832,"comment_status":"open","ping_status":"closed","template":"","meta":[],"product_brand":[93],"product_cat":[92,22,67],"product_tag":[],"class_list":{"0":"post-831","1":"product","2":"type-product","3":"status-publish","4":"has-post-thumbnail","6":"product_brand-pnk","7":"product_cat-phuoc","8":"product_cat-do-choi-xe","9":"product_cat-phu-kien-vf3","11":"first","12":"instock","13":"shipping-taxable","14":"purchasable","15":"product-type-simple"},"_links":{"self":[{"href":"https:\/\/autothaiduong.vn\/index.php?rest_route=\/wp\/v2\/product\/831","targetHints":{"allow":["GET"]}}],"collection":[{"href":"https:\/\/autothaiduong.vn\/index.php?rest_route=\/wp\/v2\/product"}],"about":[{"href":"https:\/\/autothaiduong.vn\/index.php?rest_route=\/wp\/v2\/types\/product"}],"replies":[{"embeddable":true,"href":"https:\/\/autothaiduong.vn\/index.php?rest_route=%2Fwp%2Fv2%2Fcomments&post=831"}],"wp:featuredmedia":[{"embeddable":true,"href":"https:\/\/autothaiduong.vn\/index.php?rest_route=\/wp\/v2\/media\/832"}],"wp:attachment":[{"href":"https:\/\/autothaiduong.vn\/index.php?rest_route=%2Fwp%2Fv2%2Fmedia&parent=831"}],"wp:term":[{"taxonomy":"product_brand","embeddable":true,"href":"https:\/\/autothaiduong.vn\/index.php?rest_route=%2Fwp%2Fv2%2Fproduct_brand&post=831"},{"taxonomy":"product_cat","embeddable":true,"href":"https:\/\/autothaiduong.vn\/index.php?rest_route=%2Fwp%2Fv2%2Fproduct_cat&post=831"},{"taxonomy":"product_tag","embeddable":true,"href":"https:\/\/autothaiduong.vn\/index.php?rest_route=%2Fwp%2Fv2%2Fproduct_tag&post=831"}],"curies":[{"name":"wp","href":"https:\/\/api.w.org\/{rel}","templated":true}]}}