{"id":833,"date":"2025-05-10T10:18:47","date_gmt":"2025-05-10T10:18:47","guid":{"rendered":"https:\/\/autothaiduong.vn\/?post_type=product&#038;p=833"},"modified":"2025-05-10T10:19:04","modified_gmt":"2025-05-10T10:19:04","slug":"phuoc-aztex-for-vf3","status":"publish","type":"product","link":"https:\/\/autothaiduong.vn\/?product=phuoc-aztex-for-vf3","title":{"rendered":"Phu\u1ed9c AzTex For VF3"},"content":{"rendered":"<p><img loading=\"lazy\" decoding=\"async\" class=\" wp-image-489 aligncenter\" src=\"https:\/\/autothaiduong.vn\/wp-content\/uploads\/2025\/04\/z6584734442481_f208f5944548cb4b46353402ce2e64e0.jpg\" alt=\"\" width=\"282\" height=\"250\" \/><\/p>\n<p style=\"text-align: center;\"><span style=\"color: #ff0000; font-size: 150%;\"><strong>\u0110\u1ecba Ch\u1ec9: 273-275 Tr\u1ea7n Ph\u00fa Ph\u01b0\u1eddng L\u1ed9c S\u01a1n Th\u00e0nh Ph\u1ed1 B\u1ea3o L\u1ed9c T\u1ec9nh L\u00e2m \u0110\u1ed3ng<\/strong><\/span><\/p>\n<p style=\"text-align: center;\"><span style=\"color: #ff0000; font-size: 150%;\"><strong> Hotline: 0912197441<\/strong><\/span><\/p>\n<p><img loading=\"lazy\" decoding=\"async\" class=\"alignnone size-full wp-image-834\" src=\"https:\/\/autothaiduong.vn\/wp-content\/uploads\/2025\/05\/494183813_1158610306276901_5614970599230393058_n.jpg\" alt=\"\" width=\"450\" height=\"600\" \/> <img loading=\"lazy\" decoding=\"async\" class=\"alignnone size-medium wp-image-835\" src=\"https:\/\/autothaiduong.vn\/wp-content\/uploads\/2025\/05\/494151296_1158611456276786_2784472190503251896_n-450x600.jpg\" alt=\"\" width=\"450\" height=\"600\" srcset=\"https:\/\/autothaiduong.vn\/wp-content\/uploads\/2025\/05\/494151296_1158611456276786_2784472190503251896_n-450x600.jpg 450w, https:\/\/autothaiduong.vn\/wp-content\/uploads\/2025\/05\/494151296_1158611456276786_2784472190503251896_n-768x1024.jpg 768w, https:\/\/autothaiduong.vn\/wp-content\/uploads\/2025\/05\/494151296_1158611456276786_2784472190503251896_n-1152x1536.jpg 1152w, https:\/\/autothaiduong.vn\/wp-content\/uploads\/2025\/05\/494151296_1158611456276786_2784472190503251896_n-600x800.jpg 600w, https:\/\/autothaiduong.vn\/wp-content\/uploads\/2025\/05\/494151296_1158611456276786_2784472190503251896_n.jpg 1536w\" sizes=\"auto, (max-width: 450px) 100vw, 450px\" \/><\/p>\n<p>&nbsp;<\/p>\n<div class=\"product-section\">\n<div class=\"row\">\n<div class=\"large-12 col pb-0 mb-0\">\n<div class=\"panel entry-content\">\n<p>V\u1edbi s\u1ef1 ph\u00e1t tri\u1ec3n m\u1ea1nh m\u1ebd c\u1ee7a d\u00f2ng xe \u0111i\u1ec7n VinFast VF3, vi\u1ec7c n\u00e2ng c\u1ea5p v\u00e0 c\u1ea3i thi\u1ec7n c\u00e1c b\u1ed9 ph\u1eadn c\u1ee7a xe \u0111\u1ec3 t\u0103ng c\u01b0\u1eddng tr\u1ea3i nghi\u1ec7m l\u00e1i l\u00e0 \u0111i\u1ec1u m\u00e0 nhi\u1ec1u ng\u01b0\u1eddi d\u00f9ng quan t\u00e2m. Trong s\u1ed1 nh\u1eefng ph\u1ee5 ki\u1ec7n \u0111\u01b0\u1ee3c \u01b0a chu\u1ed9ng,\u00a0<a href=\"https:\/\/noithatotovn.com\/san-pham\/phuoc-aztex-danh-rieng-cho-vinfast-vf3\/\" target=\"_blank\" rel=\"noopener\"><strong>phu\u1ed9c Aztex cho VinFast VF3<\/strong><\/a>\u00a0n\u1ed5i b\u1eadt v\u1edbi ch\u1ea5t l\u01b0\u1ee3ng v\u01b0\u1ee3t tr\u1ed9i, kh\u1ea3 n\u0103ng gi\u1ea3m s\u00f3c hi\u1ec7u qu\u1ea3 v\u00e0 \u0111\u1ed9 b\u1ec1n cao. \u0110\u1eb7c bi\u1ec7t, s\u1ea3n ph\u1ea9m n\u00e0y \u0111\u01b0\u1ee3c b\u1ea3o h\u00e0nh l\u00ean \u0111\u1ebfn 2 n\u0103m, mang l\u1ea1i s\u1ef1 y\u00ean t\u00e2m tuy\u1ec7t \u0111\u1ed1i cho ng\u01b0\u1eddi d\u00f9ng.<\/p>\n<p><img loading=\"lazy\" decoding=\"async\" class=\"alignnone size-full wp-image-836\" src=\"https:\/\/autothaiduong.vn\/wp-content\/uploads\/2025\/05\/phuoc-aztex-cho-vf3-2.jpg\" width=\"1280\" height=\"720\" alt=\"\" srcset=\"https:\/\/autothaiduong.vn\/wp-content\/uploads\/2025\/05\/phuoc-aztex-cho-vf3-2.jpg 1280w, https:\/\/autothaiduong.vn\/wp-content\/uploads\/2025\/05\/phuoc-aztex-cho-vf3-2-600x338.jpg 600w, https:\/\/autothaiduong.vn\/wp-content\/uploads\/2025\/05\/phuoc-aztex-cho-vf3-2-1024x576.jpg 1024w, https:\/\/autothaiduong.vn\/wp-content\/uploads\/2025\/05\/phuoc-aztex-cho-vf3-2-768x432.jpg 768w\" sizes=\"auto, (max-width: 1280px) 100vw, 1280px\" \/><\/p>\n<p><img loading=\"lazy\" decoding=\"async\" class=\"alignnone size-full wp-image-837\" src=\"https:\/\/autothaiduong.vn\/wp-content\/uploads\/2025\/05\/phuoc-aztex-cho-vf3-10.jpg\" width=\"1280\" height=\"720\" alt=\"\" srcset=\"https:\/\/autothaiduong.vn\/wp-content\/uploads\/2025\/05\/phuoc-aztex-cho-vf3-10.jpg 1280w, https:\/\/autothaiduong.vn\/wp-content\/uploads\/2025\/05\/phuoc-aztex-cho-vf3-10-600x338.jpg 600w, https:\/\/autothaiduong.vn\/wp-content\/uploads\/2025\/05\/phuoc-aztex-cho-vf3-10-1024x576.jpg 1024w, https:\/\/autothaiduong.vn\/wp-content\/uploads\/2025\/05\/phuoc-aztex-cho-vf3-10-768x432.jpg 768w\" sizes=\"auto, (max-width: 1280px) 100vw, 1280px\" \/><\/p>\n<h2>Phu\u1ed9c Aztex: Gi\u1ea3i ph\u00e1p t\u0103ng c\u01b0\u1eddng ch\u1ea5t l\u01b0\u1ee3ng l\u00e1i xe<\/h2>\n<p>Phu\u1ed9c Aztex l\u00e0 s\u1ea3n ph\u1ea9m \u0111\u01b0\u1ee3c thi\u1ebft k\u1ebf \u0111\u1eb7c bi\u1ec7t d\u00e0nh ri\u00eang cho d\u00f2ng xe VinFast VF3, gi\u00fap c\u1ea3i thi\u1ec7n kh\u1ea3 n\u0103ng gi\u1ea3m x\u00f3c v\u00e0 \u1ed5n \u0111\u1ecbnh trong su\u1ed1t h\u00e0nh tr\u00ecnh. V\u1edbi thi\u1ebft k\u1ebf ti\u00ean ti\u1ebfn v\u00e0 v\u1eadt li\u1ec7u cao c\u1ea5p, phu\u1ed9c Aztex kh\u00f4ng ch\u1ec9 gi\u00fap xe di chuy\u1ec3n \u00eam \u00e1i tr\u00ean c\u00e1c cung \u0111\u01b0\u1eddng g\u1ed3 gh\u1ec1, m\u00e0 c\u00f2n h\u1ed7 tr\u1ee3 kh\u1ea3 n\u0103ng b\u00e1m \u0111\u01b0\u1eddng t\u1ed1t h\u01a1n trong m\u1ecdi \u0111i\u1ec1u ki\u1ec7n.<\/p>\n<p><img loading=\"lazy\" decoding=\"async\" class=\"alignnone size-full wp-image-838\" src=\"https:\/\/autothaiduong.vn\/wp-content\/uploads\/2025\/05\/phuoc-aztex-cho-vf3-8.jpg\" width=\"1280\" height=\"720\" alt=\"\" srcset=\"https:\/\/autothaiduong.vn\/wp-content\/uploads\/2025\/05\/phuoc-aztex-cho-vf3-8.jpg 1280w, https:\/\/autothaiduong.vn\/wp-content\/uploads\/2025\/05\/phuoc-aztex-cho-vf3-8-600x338.jpg 600w, https:\/\/autothaiduong.vn\/wp-content\/uploads\/2025\/05\/phuoc-aztex-cho-vf3-8-1024x576.jpg 1024w, https:\/\/autothaiduong.vn\/wp-content\/uploads\/2025\/05\/phuoc-aztex-cho-vf3-8-768x432.jpg 768w\" sizes=\"auto, (max-width: 1280px) 100vw, 1280px\" \/><\/p>\n<p><img loading=\"lazy\" decoding=\"async\" class=\"alignnone size-full wp-image-839\" src=\"https:\/\/autothaiduong.vn\/wp-content\/uploads\/2025\/05\/phuoc-aztex-cho-vf3-9.jpg\" width=\"1280\" height=\"720\" alt=\"\" srcset=\"https:\/\/autothaiduong.vn\/wp-content\/uploads\/2025\/05\/phuoc-aztex-cho-vf3-9.jpg 1280w, https:\/\/autothaiduong.vn\/wp-content\/uploads\/2025\/05\/phuoc-aztex-cho-vf3-9-600x338.jpg 600w, https:\/\/autothaiduong.vn\/wp-content\/uploads\/2025\/05\/phuoc-aztex-cho-vf3-9-1024x576.jpg 1024w, https:\/\/autothaiduong.vn\/wp-content\/uploads\/2025\/05\/phuoc-aztex-cho-vf3-9-768x432.jpg 768w\" sizes=\"auto, (max-width: 1280px) 100vw, 1280px\" \/><\/p>\n<h2>C\u00f4ng ngh\u1ec7 ti\u00ean ti\u1ebfn v\u1edbi ch\u1ea5t li\u1ec7u s\u1ea3n ph\u1ea9m cao c\u1ea5p<\/h2>\n<p>Phu\u1ed9c Aztex \u0111\u01b0\u1ee3c s\u1ea3n xu\u1ea5t v\u1edbi c\u00f4ng ngh\u1ec7 hi\u1ec7n \u0111\u1ea1i, \u1ee9ng d\u1ee5ng c\u00e1c v\u1eadt li\u1ec7u nh\u01b0 h\u1ee3p kim nh\u00f4m v\u00e0 th\u00e9p kh\u00f4ng g\u1ec9, gi\u00fap t\u0103ng c\u01b0\u1eddng \u0111\u1ed9 b\u1ec1n v\u00e0 kh\u1ea3 n\u0103ng ch\u1ed1ng \u0103n m\u00f2n. V\u1edbi c\u1ea5u t\u1ea1o th\u00f4ng minh, s\u1ea3n ph\u1ea9m n\u00e0y kh\u00f4ng ch\u1ec9 gi\u1ea3m ch\u1ea5n hi\u1ec7u qu\u1ea3 m\u00e0 c\u00f2n \u0111\u1ea3m b\u1ea3o \u0111\u1ed9 \u1ed5n \u0111\u1ecbnh cao khi xe di chuy\u1ec3n tr\u00ean c\u00e1c cung \u0111\u01b0\u1eddng c\u00f3 nhi\u1ec1u \u1ed5 g\u00e0 hay m\u1eb7t \u0111\u01b0\u1eddng kh\u00f4ng \u0111\u1ed3ng \u0111\u1ec1u.<\/p>\n<p><img loading=\"lazy\" decoding=\"async\" class=\"alignnone size-full wp-image-840\" src=\"https:\/\/autothaiduong.vn\/wp-content\/uploads\/2025\/05\/phuoc-aztex-cho-vf3-5.jpg\" width=\"1280\" height=\"720\" alt=\"\" srcset=\"https:\/\/autothaiduong.vn\/wp-content\/uploads\/2025\/05\/phuoc-aztex-cho-vf3-5.jpg 1280w, https:\/\/autothaiduong.vn\/wp-content\/uploads\/2025\/05\/phuoc-aztex-cho-vf3-5-600x338.jpg 600w, https:\/\/autothaiduong.vn\/wp-content\/uploads\/2025\/05\/phuoc-aztex-cho-vf3-5-1024x576.jpg 1024w, https:\/\/autothaiduong.vn\/wp-content\/uploads\/2025\/05\/phuoc-aztex-cho-vf3-5-768x432.jpg 768w\" sizes=\"auto, (max-width: 1280px) 100vw, 1280px\" \/><\/p>\n<p>Phu\u1ed9c Aztex gi\u00fap ph\u00e2n t\u00e1n l\u1ef1c t\u00e1c \u0111\u1ed9ng t\u1eeb m\u1eb7t \u0111\u01b0\u1eddng, h\u1ea1n ch\u1ebf c\u00e1c c\u00fa s\u1ed1c m\u1ea1nh \u1ea3nh h\u01b0\u1edfng \u0111\u1ebfn ng\u01b0\u1eddi l\u00e1i v\u00e0 h\u00e0nh kh\u00e1ch, \u0111\u1ed3ng th\u1eddi gi\u1ea3m thi\u1ec3u m\u1ec7t m\u1ecfi khi di chuy\u1ec3n trong th\u1eddi gian d\u00e0i.<\/p>\n<p><img loading=\"lazy\" decoding=\"async\" class=\"alignnone size-full wp-image-841\" src=\"https:\/\/autothaiduong.vn\/wp-content\/uploads\/2025\/05\/phuoc-aztex-cho-vf3-7.jpg\" width=\"1280\" height=\"720\" alt=\"\" srcset=\"https:\/\/autothaiduong.vn\/wp-content\/uploads\/2025\/05\/phuoc-aztex-cho-vf3-7.jpg 1280w, https:\/\/autothaiduong.vn\/wp-content\/uploads\/2025\/05\/phuoc-aztex-cho-vf3-7-600x338.jpg 600w, https:\/\/autothaiduong.vn\/wp-content\/uploads\/2025\/05\/phuoc-aztex-cho-vf3-7-1024x576.jpg 1024w, https:\/\/autothaiduong.vn\/wp-content\/uploads\/2025\/05\/phuoc-aztex-cho-vf3-7-768x432.jpg 768w\" sizes=\"auto, (max-width: 1280px) 100vw, 1280px\" \/><\/p>\n<h2>\u0110\u1ea3m b\u1ea3o hi\u1ec7u su\u1ea5t v\u00e0 \u0111\u1ed9 b\u1ec1n v\u01b0\u1ee3t tr\u1ed9i<\/h2>\n<p>M\u1ed9t trong nh\u1eefng y\u1ebfu t\u1ed1 quan tr\u1ecdng khi\u1ebfn phu\u1ed9c Aztex tr\u1edf th\u00e0nh l\u1ef1a ch\u1ecdn h\u00e0ng \u0111\u1ea7u cho VinFast VF3 l\u00e0 \u0111\u1ed9 b\u1ec1n v\u01b0\u1ee3t tr\u1ed9i c\u1ee7a s\u1ea3n ph\u1ea9m. V\u1edbi thi\u1ebft k\u1ebf ch\u1ed1ng \u0103n m\u00f2n v\u00e0 kh\u1ea3 n\u0103ng ch\u1ecbu t\u1ea3i t\u1ed1t, phu\u1ed9c Aztex c\u00f3 tu\u1ed5i th\u1ecd d\u00e0i, gi\u00fap ng\u01b0\u1eddi d\u00f9ng ti\u1ebft ki\u1ec7m chi ph\u00ed b\u1ea3o tr\u00ec v\u00e0 thay th\u1ebf. \u0110\u00e2y l\u00e0 s\u1ef1 \u0111\u1ea7u t\u01b0 x\u1ee9ng \u0111\u00e1ng cho nh\u1eefng ai \u0111ang t\u00ecm ki\u1ebfm m\u1ed9t s\u1ea3n ph\u1ea9m n\u00e2ng c\u1ea5p \u0111\u00e1ng tin c\u1eady cho chi\u1ebfc xe c\u1ee7a m\u00ecnh.<\/p>\n<p><img loading=\"lazy\" decoding=\"async\" class=\"alignnone size-full wp-image-842\" src=\"https:\/\/autothaiduong.vn\/wp-content\/uploads\/2025\/05\/phuoc-aztex-cho-vf3-3.jpg\" width=\"1280\" height=\"720\" alt=\"\" srcset=\"https:\/\/autothaiduong.vn\/wp-content\/uploads\/2025\/05\/phuoc-aztex-cho-vf3-3.jpg 1280w, https:\/\/autothaiduong.vn\/wp-content\/uploads\/2025\/05\/phuoc-aztex-cho-vf3-3-600x338.jpg 600w, https:\/\/autothaiduong.vn\/wp-content\/uploads\/2025\/05\/phuoc-aztex-cho-vf3-3-1024x576.jpg 1024w, https:\/\/autothaiduong.vn\/wp-content\/uploads\/2025\/05\/phuoc-aztex-cho-vf3-3-768x432.jpg 768w\" sizes=\"auto, (max-width: 1280px) 100vw, 1280px\" \/><\/p>\n<p><img loading=\"lazy\" decoding=\"async\" class=\"alignnone size-full wp-image-843\" src=\"https:\/\/autothaiduong.vn\/wp-content\/uploads\/2025\/05\/phuoc-aztex-cho-vf3-12.jpg\" width=\"1280\" height=\"720\" alt=\"\" srcset=\"https:\/\/autothaiduong.vn\/wp-content\/uploads\/2025\/05\/phuoc-aztex-cho-vf3-12.jpg 1280w, https:\/\/autothaiduong.vn\/wp-content\/uploads\/2025\/05\/phuoc-aztex-cho-vf3-12-600x338.jpg 600w, https:\/\/autothaiduong.vn\/wp-content\/uploads\/2025\/05\/phuoc-aztex-cho-vf3-12-1024x576.jpg 1024w, https:\/\/autothaiduong.vn\/wp-content\/uploads\/2025\/05\/phuoc-aztex-cho-vf3-12-768x432.jpg 768w\" sizes=\"auto, (max-width: 1280px) 100vw, 1280px\" \/><\/p>\n<h2>B\u1ea3o h\u00e0nh 2 n\u0103m gi\u00fap kh\u00e1ch h\u00e0ng y\u00ean t\u00e2m s\u1eed d\u1ee5ng<\/h2>\n<p>V\u1edbi ch\u1ebf \u0111\u1ed9 b\u1ea3o h\u00e0nh l\u00ean \u0111\u1ebfn 2 n\u0103m, kh\u00e1ch h\u00e0ng khi l\u1eafp \u0111\u1eb7t phu\u1ed9c cho Vinfast VF3 ho\u00e0n to\u00e0n y\u00ean t\u00e2m trong qu\u00e1 tr\u00ecnh s\u1eed d\u1ee5ng.<\/p>\n<p><img loading=\"lazy\" decoding=\"async\" class=\"alignnone size-full wp-image-844\" src=\"https:\/\/autothaiduong.vn\/wp-content\/uploads\/2025\/05\/phuoc-aztex-cho-vf3-1.jpg\" width=\"1280\" height=\"720\" alt=\"\" srcset=\"https:\/\/autothaiduong.vn\/wp-content\/uploads\/2025\/05\/phuoc-aztex-cho-vf3-1.jpg 1280w, https:\/\/autothaiduong.vn\/wp-content\/uploads\/2025\/05\/phuoc-aztex-cho-vf3-1-600x338.jpg 600w, https:\/\/autothaiduong.vn\/wp-content\/uploads\/2025\/05\/phuoc-aztex-cho-vf3-1-1024x576.jpg 1024w, https:\/\/autothaiduong.vn\/wp-content\/uploads\/2025\/05\/phuoc-aztex-cho-vf3-1-768x432.jpg 768w\" sizes=\"auto, (max-width: 1280px) 100vw, 1280px\" \/><\/p>\n<p><img loading=\"lazy\" decoding=\"async\" class=\"alignnone size-full wp-image-845\" src=\"https:\/\/autothaiduong.vn\/wp-content\/uploads\/2025\/05\/phuoc-aztex-cho-vf3-11.jpg\" width=\"1280\" height=\"720\" alt=\"\" srcset=\"https:\/\/autothaiduong.vn\/wp-content\/uploads\/2025\/05\/phuoc-aztex-cho-vf3-11.jpg 1280w, https:\/\/autothaiduong.vn\/wp-content\/uploads\/2025\/05\/phuoc-aztex-cho-vf3-11-600x338.jpg 600w, https:\/\/autothaiduong.vn\/wp-content\/uploads\/2025\/05\/phuoc-aztex-cho-vf3-11-1024x576.jpg 1024w, https:\/\/autothaiduong.vn\/wp-content\/uploads\/2025\/05\/phuoc-aztex-cho-vf3-11-768x432.jpg 768w\" sizes=\"auto, (max-width: 1280px) 100vw, 1280px\" \/><\/p>\n<\/div>\n<\/div>\n<\/div>\n<\/div>\n<div class=\"product-section\">\n<div class=\"row\">\n<div class=\"large-12 col pb-0 mb-0 title-tab-vin\">\n<h5 class=\"\"><\/h5>\n<\/div>\n<\/div>\n<\/div>\n","protected":false},"excerpt":{"rendered":"<p>\u0110\u1ecba Ch\u1ec9: 273-275 Tr\u1ea7n Ph\u00fa Ph\u01b0\u1eddng L\u1ed9c S\u01a1n Th\u00e0nh Ph\u1ed1 B\u1ea3o L\u1ed9c T\u1ec9nh L\u00e2m \u0110\u1ed3ng Hotline: 0912197441 &nbsp; V\u1edbi s\u1ef1 ph\u00e1t tri\u1ec3n m\u1ea1nh m\u1ebd c\u1ee7a d\u00f2ng xe \u0111i\u1ec7n VinFast VF3, vi\u1ec7c n\u00e2ng c\u1ea5p v\u00e0 c\u1ea3i thi\u1ec7n c\u00e1c b\u1ed9 ph\u1eadn c\u1ee7a xe \u0111\u1ec3 t\u0103ng c\u01b0\u1eddng tr\u1ea3i nghi\u1ec7m l\u00e1i l\u00e0 \u0111i\u1ec1u m\u00e0 nhi\u1ec1u ng\u01b0\u1eddi d\u00f9ng quan t\u00e2m. [&#8230;]\n","protected":false},"featured_media":836,"comment_status":"open","ping_status":"closed","template":"","meta":[],"product_brand":[95],"product_cat":[67,92],"product_tag":[],"class_list":{"0":"post-833","1":"product","2":"type-product","3":"status-publish","4":"has-post-thumbnail","6":"product_brand-aztex","7":"product_cat-phu-kien-vf3","8":"product_cat-phuoc","10":"first","11":"instock","12":"shipping-taxable","13":"purchasable","14":"product-type-simple"},"_links":{"self":[{"href":"https:\/\/autothaiduong.vn\/index.php?rest_route=\/wp\/v2\/product\/833","targetHints":{"allow":["GET"]}}],"collection":[{"href":"https:\/\/autothaiduong.vn\/index.php?rest_route=\/wp\/v2\/product"}],"about":[{"href":"https:\/\/autothaiduong.vn\/index.php?rest_route=\/wp\/v2\/types\/product"}],"replies":[{"embeddable":true,"href":"https:\/\/autothaiduong.vn\/index.php?rest_route=%2Fwp%2Fv2%2Fcomments&post=833"}],"wp:featuredmedia":[{"embeddable":true,"href":"https:\/\/autothaiduong.vn\/index.php?rest_route=\/wp\/v2\/media\/836"}],"wp:attachment":[{"href":"https:\/\/autothaiduong.vn\/index.php?rest_route=%2Fwp%2Fv2%2Fmedia&parent=833"}],"wp:term":[{"taxonomy":"product_brand","embeddable":true,"href":"https:\/\/autothaiduong.vn\/index.php?rest_route=%2Fwp%2Fv2%2Fproduct_brand&post=833"},{"taxonomy":"product_cat","embeddable":true,"href":"https:\/\/autothaiduong.vn\/index.php?rest_route=%2Fwp%2Fv2%2Fproduct_cat&post=833"},{"taxonomy":"product_tag","embeddable":true,"href":"https:\/\/autothaiduong.vn\/index.php?rest_route=%2Fwp%2Fv2%2Fproduct_tag&post=833"}],"curies":[{"name":"wp","href":"https:\/\/api.w.org\/{rel}","templated":true}]}}