{"id":847,"date":"2025-05-10T10:25:15","date_gmt":"2025-05-10T10:25:15","guid":{"rendered":"https:\/\/autothaiduong.vn\/?post_type=product&#038;p=847"},"modified":"2025-05-10T10:25:15","modified_gmt":"2025-05-10T10:25:15","slug":"giam-xoc-xe-vinfast-vf-3-tein-basic","status":"publish","type":"product","link":"https:\/\/autothaiduong.vn\/?product=giam-xoc-xe-vinfast-vf-3-tein-basic","title":{"rendered":"Gi\u1ea3m x\u00f3c xe Vinfast VF 3 TEIN Basic"},"content":{"rendered":"<p><img loading=\"lazy\" decoding=\"async\" class=\" wp-image-489 aligncenter\" src=\"https:\/\/autothaiduong.vn\/wp-content\/uploads\/2025\/04\/z6584734442481_f208f5944548cb4b46353402ce2e64e0.jpg\" alt=\"\" width=\"304\" height=\"269\" \/><\/p>\n<p style=\"text-align: center;\"><span style=\"color: #ff0000; font-size: 150%;\"><strong>\u0110\u1ecba Ch\u1ec9: 273-275 Tr\u1ea7n Ph\u00fa Ph\u01b0\u1eddng L\u1ed9c S\u01a1n Th\u00e0nh Ph\u1ed1 B\u1ea3o L\u1ed9c T\u1ec9nh L\u00e2m \u0110\u1ed3ng<\/strong><\/span><\/p>\n<p style=\"text-align: center;\"><span style=\"color: #ff0000; font-size: 150%;\"><strong> Hotline: 0912197441<\/strong><\/span><\/p>\n<p style=\"font-weight: 400;\">\n<p>&nbsp;<\/p>\n<p><b><strong>Gi\u1ea3m x\u00f3c Vinfast VF3 TEIN Basic &#8211; \u00cam \u00e1i v\u01b0\u1ee3t tr\u1ed9i, n\u00e2ng t\u1ea7m tr\u1ea3i nghi\u1ec7m l\u00e1i\u00a0<\/strong><\/b><\/p>\n<p>&nbsp;<\/p>\n<p>Gi\u1ea3m x\u00f3c Vinfast VF3 TEIN Basic l\u00e0 gi\u1ea3i ph\u00e1p l\u00fd t\u01b0\u1edfng \u0111\u1ec3 n\u00e2ng cao s\u1ef1 \u1ed5n \u0111\u1ecbnh v\u00e0 \u00eam \u00e1i cho d\u00f2ng xe \u0111i\u1ec7n Vinfast VF3. D\u00f9 \u0111\u01b0\u1ee3c \u01b0a chu\u1ed9ng b\u1edfi m\u1ee9c gi\u00e1 r\u1ebb v\u00e0 t\u00ednh th\u00e2n thi\u1ec7n v\u1edbi m\u00f4i tr\u01b0\u1eddng, h\u1ec7 th\u1ed1ng gi\u1ea3m x\u00f3c nguy\u00ean b\u1ea3n c\u1ee7a VF3 v\u1eabn c\u00f2n nhi\u1ec1u h\u1ea1n ch\u1ebf. C\u00e1c t\u00ecnh tr\u1ea1ng d\u1eb1n x\u00f3c, b\u1ed3ng b\u1ec1nh v\u00e0 rung l\u1eafc khi\u1ebfn h\u00e0nh tr\u00ecnh l\u00e1i ch\u01b0a th\u1ef1c s\u1ef1 tho\u1ea3i m\u00e1i. V\u1edbi c\u00f4ng ngh\u1ec7 ti\u00ean ti\u1ebfn, gi\u1ea3m x\u00f3c TEIN Basic gi\u00fap h\u1ea5p th\u1ee5 xung \u0111\u1ed9ng hi\u1ec7u qu\u1ea3, mang l\u1ea1i s\u1ef1 \u00eam \u00e1i v\u01b0\u1ee3t tr\u1ed9i v\u00e0 n\u00e2ng t\u1ea7m tr\u1ea3i nghi\u1ec7m l\u00e1i.<\/p>\n<p>&nbsp;<\/p>\n<h1 style=\"font-weight: 500;\"><b><strong>Gi\u1ea3m x\u00f3c Vinfast VF3 TEIN Basic mang \u0111\u1ebfn tr\u1ea3i nghi\u1ec7m l\u00e1i \u00eam \u00e1i, v\u01b0\u1ee3t tr\u1ed9i<\/strong><\/b><\/h1>\n<p>&nbsp;<\/p>\n<ul>\n<li>Gi\u1ea3m x\u00f3c \u00f4 t\u00f4\u00a0<b><strong>Tein EnduraPro Basic<\/strong><\/b><\/li>\n<li>S\u1ea3n xu\u1ea5t ph\u00f9 h\u1ee3p cho d\u00f2ng xe\u00a0<b><strong>Vinfast VF3\u00a0<\/strong><\/b><\/li>\n<li>N\u00e2ng c\u1ea5p hi\u1ec7u su\u1ea5t v\u00e0 ch\u1ea5t l\u01b0\u1ee3ng xe t\u1ed1t h\u01a1n. \u00cam \u00e1i v\u00e0 ch\u1eafc l\u00e1i.<\/li>\n<li>L\u1eafp \u0111\u1eb7t nh\u01b0 Zin (OE)<\/li>\n<li>Gi\u00e1 th\u00e0nh h\u1ea5p d\u1eabn, ti\u1ebft ki\u1ec7m<\/li>\n<li>C\u00f4ng ngh\u1ec7 H.B.S \u0111\u1ed9c quy\u1ec1n ch\u1ed1ng s\u1ed1c t\u1ed1t k\u1ebft h\u1ee3p h\u00e0nh tr\u00ecnh ty phu\u1ed9c d\u00e0i h\u01a1n zin nguy\u00ean b\u1ea3n. Gi\u00fap tri\u1ec7t ti\u00eau dao \u0111\u1ed9ng nhanh ch\u00f3ng. Lo\u1ea1i b\u1ecf t\u00ecnh tr\u1ea1ng b\u1ed3ng b\u1ec1nh, ch\u00f2ng ch\u00e0nh<\/li>\n<li>\u0110\u1ed9 b\u1ec1n cao.\u00a0<b><strong>B\u1ea3o h\u00e0nh 15 Th\u00e1ng<\/strong><\/b><\/li>\n<li>Thi\u1ebft k\u1ebf v\u00e0 s\u1ea3n xu\u1ea5t ch\u1ea5t l\u01b0\u1ee3ng cao. Ty v\u00e0 v\u1ecf phu\u1ed9c l\u1edbn h\u01a1n.<\/li>\n<\/ul>\n<p>&nbsp;<\/p>\n<h1 style=\"font-weight: 500;\"><b><strong>V\u00ec sao c\u1ea7n n\u00ean thay gi\u1ea3m x\u00f3c cho Vinfast VF3<\/strong><\/b><\/h1>\n<p>&nbsp;<\/p>\n<p>Vinfast VF3, d\u00f2ng xe \u0111i\u1ec7n th\u1ebf h\u1ec7 m\u1edbi, \u0111ang g\u00e2y s\u1ed1t tr\u00ean th\u1ecb tr\u01b0\u1eddng. V\u1edbi thi\u1ebft k\u1ebf nh\u1ecf g\u1ecdn, xe ph\u00f9 h\u1ee3p v\u1edbi nhu c\u1ea7u di chuy\u1ec3n trong \u0111\u00f4 th\u1ecb. \u0110i\u1ec3m nh\u1ea5n c\u1ee7a VF3 l\u00e0 m\u1ee9c gi\u00e1 h\u1ee3p l\u00fd v\u00e0 kh\u1ea3 n\u0103ng v\u1eadn h\u00e0nh th\u00e2n thi\u1ec7n v\u1edbi m\u00f4i tr\u01b0\u1eddng. M\u1eabu xe c\u00f2n thu h\u00fat ng\u01b0\u1eddi d\u00f9ng nh\u1edd kh\u00f4ng gian n\u1ed9i th\u1ea5t ti\u1ec7n nghi v\u00e0 t\u00ednh n\u0103ng h\u1ed7 tr\u1ee3 c\u01a1 b\u1ea3n. \u0110\u1eb7c bi\u1ec7t, VF3 \u0111\u00e1p \u1ee9ng t\u1ed1t nhu c\u1ea7u di chuy\u1ec3n nh\u1edd qu\u00e3ng \u0111\u01b0\u1eddng t\u1ed1i \u01b0u trong m\u1ed9t l\u1ea7n s\u1ea1c.<\/p>\n<p>&nbsp;<\/p>\n<p>N\u00e2ng c\u1ea5p gi\u1ea3m x\u00f3c Vinfast VF3 &#8211; Kho\u1ea3n \u0111\u1ea7u t\u01b0 \u0111\u00e1ng gi\u00e1<\/p>\n<p>&nbsp;<\/p>\n<p>Tuy nhi\u00ean, v\u00ec thu\u1ed9c ph\u00e2n kh\u00fac xe gi\u00e1 r\u1ebb, h\u1ec7 th\u1ed1ng gi\u1ea3m x\u00f3c VF3 nguy\u00ean b\u1ea3n c\u00f2n nhi\u1ec1u h\u1ea1n ch\u1ebf. T\u00ecnh tr\u1ea1ng d\u1eb1n x\u00f3c, t\u01b0ng n\u1ea3y khi \u0111i qua \u0111\u01b0\u1eddng g\u1ed3 gh\u1ec1 th\u01b0\u1eddng xuy\u00ean x\u1ea3y ra. Nhi\u1ec1u ng\u01b0\u1eddi d\u00f9ng c\u0169ng ph\u1ea3n \u00e1nh hi\u1ec7n t\u01b0\u1ee3ng b\u1ed3ng b\u1ec1nh, rung l\u1eafc khi xe ch\u1ea1y t\u1ed1c \u0111\u1ed9 cao. \u0110i\u1ec1u n\u00e0y khi\u1ebfn xe m\u1ea5t \u0111\u1ed9 b\u00e1m \u0111\u01b0\u1eddng v\u00e0 gi\u1ea3m kh\u1ea3 n\u0103ng ki\u1ec3m so\u00e1t. B\u00ean c\u1ea1nh \u0111\u00f3, h\u1ec7 th\u1ed1ng treo nhanh xu\u1ed1ng c\u1ea5p khi ch\u1ecbu t\u1ea3i l\u1edbn. \u0110\u1ec3 kh\u1eafc ph\u1ee5c, l\u1ef1a ch\u1ecdn gi\u1ea3m x\u00f3c Vinfast VF3 TEIN Basic l\u00e0 gi\u1ea3i ph\u00e1p ph\u00f9 h\u1ee3p. S\u1ea3n ph\u1ea9m n\u00e0y gi\u00fap tri\u1ec7t ti\u00eau rung \u0111\u1ed9ng hi\u1ec7u qu\u1ea3, t\u0103ng \u0111\u1ed9 b\u1ec1n cho h\u1ec7 th\u1ed1ng treo v\u00e0 c\u1ea3i thi\u1ec7n c\u1ea3m gi\u00e1c l\u00e1i.<\/p>\n<p>&nbsp;<\/p>\n<p>N\u00e2ng c\u1ea5p gi\u1ea3m x\u00f3c Vinfast VF3 &#8211; \u00cam \u00e1i v\u01b0\u1ee3t tr\u1ed9i tr\u00ean t\u1eebng cung \u0111\u01b0\u1eddng<\/p>\n<p>&nbsp;<\/p>\n<p>N\u00e2ng c\u1ea5p gi\u1ea3m x\u00f3c kh\u00f4ng ch\u1ec9 c\u1ea3i thi\u1ec7n s\u1ef1 \u00eam \u00e1i m\u00e0 c\u00f2n gi\u00fap xe v\u1eadn h\u00e0nh \u1ed5n \u0111\u1ecbnh h\u01a1n. \u0110\u1ea7u t\u01b0 gi\u1ea3m x\u00f3c TEIN Basic l\u00e0 l\u1ef1a ch\u1ecdn \u0111\u00fang \u0111\u1eafn \u0111\u1ec3 b\u1ea1n y\u00ean t\u00e2m di chuy\u1ec3n tr\u00ean m\u1ecdi h\u00e0nh tr\u00ecnh!<\/p>\n<p>&nbsp;<\/p>\n<p><b><strong>\u0110\u1ecdc th\u00eam:\u00a0<\/strong><\/b><\/p>\n<p>&nbsp;<\/p>\n<ul>\n<li><b><strong><a href=\"https:\/\/phuocxehoi.com\/giam-xoc-quoc-dan-tein-basic-san-pham-moi-cua-tein-viet-nam-cung-uu-dai-day-hap-dan.html\" target=\"_blank\" rel=\"noopener\">Gi\u1ea3m x\u00f3c qu\u1ed1c d\u00e2n TEIN Basic\u00a0l\u00e0 g\u00ec?<\/a><\/strong><\/b><\/li>\n<li><a href=\"https:\/\/phuocxehoi.com\/vinfast-vf3-cho-duoc-bao-nhieu-nguoi.html\" target=\"_blank\" rel=\"noopener\"><b><strong>Vinfast VF3 ch\u1edf \u0111\u01b0\u1ee3c bao nhi\u00eau ng\u01b0\u1eddi?<\/strong><\/b><\/a><\/li>\n<li><a href=\"https:\/\/phuocxehoi.com\/nang-cap-giam-xoc-vinfast-vf3-vi-sao-lai-quan-trong-den-vay.html\" target=\"_blank\" rel=\"noopener\"><b><strong>N\u00e2ng c\u1ea5p gi\u1ea3m x\u00f3c Vinfast VF3 &#8211; V\u00ec sao l\u1ea1i quan tr\u1ecdng \u0111\u1ebfn v\u1eady?<\/strong><\/b><\/a><\/li>\n<li><a href=\"https:\/\/phuocxehoi.com\/vf-3-1-lan-sac-di-duoc-bao-nhieu-km-hieu-suat-va-cach-toi-uu-quang-duong.html\" target=\"_blank\" rel=\"noopener\"><b><strong>VF 3 1 l\u1ea7n s\u1ea1c \u0111i \u0111\u01b0\u1ee3c bao nhi\u00eau km? Hi\u1ec7u su\u1ea5t v\u00e0 c\u00e1ch t\u1ed1i \u01b0u qu\u00e3ng \u0111\u01b0\u1eddng<\/strong><\/b><\/a><\/li>\n<\/ul>\n<p>&nbsp;<\/p>\n<h1 style=\"font-weight: 500;\"><b><strong>N\u00e2ng c\u1ea5p v\u01b0\u1ee3t tr\u1ed9i c\u1ee7a s\u1ea3n ph\u1ea9m Gi\u1ea3m x\u00f3c Vinfast VF3 TEIN Basic\u00a0<\/strong><\/b><\/h1>\n<p>&nbsp;<\/p>\n<p>N\u00e2ng c\u1ea5p h\u1ec7 th\u1ed1ng gi\u1ea3m x\u00f3c l\u00e0 \u0111i\u1ec1u c\u1ea7n thi\u1ebft m\u00e0 nhi\u1ec1u ch\u1ee7 xe quan t\u00e2m. \u0110\u1ec3 gi\u00fap t\u0103ng c\u1ea3m gi\u00e1c \u00eam \u00e1i, tho\u1ea3i m\u00e1i khi di chuy\u1ec3n. T\u00ecm ki\u1ebfm gi\u1ea3m x\u00f3c ch\u1ea5t l\u01b0\u1ee3ng, hi\u1ec7u n\u0103ng cao lu\u00f4n l\u00e0 ti\u00eau ch\u00ed h\u00e0ng \u0111\u1ea7u. Nh\u01b0ng b\u00ean c\u1ea1nh \u0111\u00f3, chi ph\u00ed \u0111\u1ec3 thay th\u1ebf c\u0169ng l\u00e0 y\u1ebfu t\u1ed1 quan tr\u1ecdng kh\u00f4ng k\u00e9m. Hi\u1ec3u \u0111\u01b0\u1ee3c l\u00fd do \u0111\u00f3, TEIN Vi\u1ec7t Nam mang \u0111\u1ebfn cho qu\u00fd kh\u00e1ch m\u1ed9t gi\u1ea3i ph\u00e1p n\u00e2ng c\u1ea5p \u0111\u1ea7y hi\u1ec7u qu\u1ea3. V\u1eeba \u0111\u1ea3m b\u1ea3o \u0111\u01b0\u1ee3c hi\u1ec7u n\u0103ng gi\u1ea3m x\u00f3c ho\u00e0n h\u1ea3o. V\u1eeba l\u1ee3i v\u1ec1 kinh t\u1ebf khi n\u00e2ng c\u1ea5p.\u00a0<a href=\"https:\/\/tein.vn\/san-pham\/giam-xoc-vf3-tein-basic\/\" target=\"_blank\" rel=\"noopener\">Gi\u1ea3m x\u00f3c VF3<\/a>\u00a0TEIN Basic v\u1edbi nh\u1eefng t\u00ednh n\u0103ng v\u01b0\u1ee3t tr\u1ed9i nh\u01b0<\/p>\n<p>&nbsp;<\/p>\n<h2 style=\"font-weight: 500;\"><b><strong>T\u0103ng th\u00eam \u0111\u1ed9 b\u1ec1n v\u00e0 ch\u1ecbu l\u1ef1c cho xe<\/strong><\/b><\/h2>\n<p>&nbsp;<\/p>\n<p>Gi\u1ea3m x\u00f3c Vifast VF3 TEIN Basic \u0111\u01b0\u1ee3c s\u1eed d\u1ee5ng ch\u1ea5t li\u1ec7u c\u1ee9ng c\u00e1p, b\u1ec1n b\u1ec9. \u0110\u1ed9 d\u00e0y khung v\u00e0 k\u00edch th\u01b0\u1edbc phu\u1ed9c \u0111\u01b0\u1ee3c thi\u1ebft k\u1ebf to, d\u00e0y. T\u0103ng th\u00eam \u0111\u1ed9 b\u1ec1n v\u00e0 kh\u1ea3 n\u0103ng g\u1eafn k\u1ebft cho xe. V\u1ecf phu\u1ed9c l\u1edbn gi\u00fap t\u0103ng th\u00eam dung t\u00edch ch\u1ee9a d\u1ea7u gi\u1ea3m x\u00f3c. T\u0103ng th\u00eam s\u1ef1 ho\u00e0n h\u1ea3o v\u00e0 m\u01b0\u1ee3t m\u00e0 cho hi\u1ec7u n\u0103ng gi\u1ea3m x\u00f3c<\/p>\n<p>&nbsp;<\/p>\n<p>Gi\u1ea3m x\u00f3c Vinfast VF3 &#8211;\u00a0T\u0103ng th\u00eam \u0111\u1ed9 b\u1ec1n v\u00e0 ch\u1ecbu l\u1ef1c cho xe<\/p>\n<p>&nbsp;<\/p>\n<p>L\u1edbp s\u01a1n tr\u00ean phu\u1ed9c Vinfast VF3 TEIN Basic \u0111\u01b0\u1ee3c \u1ee9ng d\u1ee5ng c\u00f4ng ngh\u1ec7 phun t\u0129nh \u0111i\u1ec7n hi\u1ec7n \u0111\u1ea1i. \u0110\u01b0\u1ee3c ph\u1ee7 th\u00eam l\u1edbp ch\u1ed1ng g\u1ec9 s\u00e9t, \u0103n m\u00f2n \u1edf b\u00ean ngo\u00e0i. T\u0103ng th\u00eam tu\u1ed5i th\u1ecd v\u00e0 s\u1ef1 b\u1ec1n b\u1ec9 k\u1ec3 c\u1ea3 c\u00f3 v\u1eadn h\u00e0nh \u1edf \u0111i\u1ec1u ki\u1ec7n kh\u1eafc nghi\u1ec7t. \u0110i\u1ec3n h\u00ecnh nh\u01b0 m\u01b0a, c\u1ea3t, \u0111\u1ea5t \u0111\u00e1\u2026. Gi\u1eef nguy\u00ean v\u1eb9n v\u1ebb \u0111\u1eb9p v\u00e0 t\u00ednh th\u1ea9m m\u1ef9 c\u1ee7a l\u1edbp s\u01a1n \u0111en \u1ea5n t\u01b0\u1ee3ng c\u1ee7a d\u00f2ng phu\u1ed9c TEIN Basic<\/p>\n<p>&nbsp;<\/p>\n<h2 style=\"font-weight: 500;\"><b><strong>Hi\u1ec7u su\u1ea5t gi\u1ea3m x\u00f3c v\u01b0\u1ee3t tr\u1ed9i<\/strong><\/b><\/h2>\n<p>&nbsp;<\/p>\n<p>\u0110\u1ec3 t\u0103ng th\u00eam kh\u1ea3 n\u0103ng gi\u1ea3m x\u00f3c \u00eam \u00e1i cho xe. Gi\u1ea3m x\u00f3c Vinfast VF3 TEIN Basic s\u1eed d\u1ee5ng d\u1ea7u gi\u1ea3m ch\u1ea5n hi\u1ec7u n\u0103ng cao. Gi\u00fap duy tr\u00ec hi\u1ec7u n\u0103ng gi\u1ea3m x\u00f3c m\u01b0\u1ee3t m\u00e0, tr\u01a1n tru v\u00e0 \u1ed5n \u0111\u1ecbnh tr\u00ean t\u1eebng cung \u0111\u01b0\u1eddng. V\u1edbi kh\u1ea3 n\u0103ng ch\u1ed1ng t\u1ea1o b\u1ecdt k\u1ec3 c\u1ea3 xe c\u00f3 di chuy\u1ec3n \u1edf t\u1ed1c \u0111\u1ed9 cao. Hay \u0111i qua nh\u1eefng cung \u0111\u01b0\u1eddng g\u1ed3 gh\u1ec1. B\u1ea3o v\u1ec7 t\u00ecnh tr\u1ea1ng x\u00e2m th\u1ef1c ho\u1eb7c s\u00f4i, khi\u1ebfn ch\u1ea5t l\u01b0\u1ee3ng d\u1ea7u b\u1ecb gi\u1ea3m s\u00fat. Duy tr\u00ec hi\u1ec7u n\u0103ng gi\u1ea3m x\u00f3c ho\u00e0n h\u1ea3o trong th\u1eddi gian d\u00e0i<\/p>\n<p>&nbsp;<\/p>\n<p>Gi\u1ea3m x\u00f3c Vinfast VF3 &#8211;\u00a0Hi\u1ec7u su\u1ea5t gi\u1ea3m x\u00f3c v\u01b0\u1ee3t tr\u1ed9i<\/p>\n<p>&nbsp;<\/p>\n<h2 style=\"font-weight: 500;\"><b><strong>Gi\u1ea3m rung l\u1eafc, t\u0103ng th\u00eam s\u1ef1 \u00eam \u00e1i khi l\u00e1i<\/strong><\/b><\/h2>\n<p>&nbsp;<\/p>\n<p>Phu\u1ed9c Vinfast VF3 TEIN Basic \u0111\u01b0\u1ee3c thi\u1ebft k\u1ebf d\u1ea1ng phu\u1ed9c \u1ed1ng \u0111\u00f4i. Gi\u00fap t\u0103ng th\u00eam s\u1ef1 \u00eam \u00e1i v\u00e0 m\u01b0\u1ee3t m\u00e0 trong c\u1ea3m gi\u00e1c l\u00e1i. \u0110i k\u00e8m v\u1edbi \u0111\u00f3 l\u00e0 h\u00e0nh tr\u00ecnh ty phu\u1ed9c d\u00e0i. Tr\u00e1nh t\u00ecnh tr\u1ea1ng b\u1ecb k\u1ecbch phu\u1ed9c khi \u0111i qua g\u1edd gi\u1ea3m t\u1ed1c v\u00e0 \u1ed5 g\u00e0. D\u1ea7u gi\u1ea3m x\u00f3c \u0111\u01b0\u1ee3c \u0111\u1ea9y sang 2 b\u00ean khoang ch\u1ee9a. L\u1ef1c \u0111\u1ea9y nh\u1ecf gi\u00fap tay l\u00e1i \u0111\u01b0\u1ee3c ch\u1eafc ch\u1eafn, tri\u1ec7t ti\u00eau c\u1ea3m gi\u00e1c ch\u00f2ng ch\u00e0nh c\u1ee7a xe<\/p>\n<p>&nbsp;<\/p>\n<p>Gi\u1ea3m x\u00f3c Vinfast VF3 TEIN Basic &#8211;\u00a0Gi\u1ea3m rung l\u1eafc, t\u0103ng th\u00eam s\u1ef1 \u00eam \u00e1i khi l\u00e1i<\/p>\n<p>&nbsp;<\/p>\n<p>Ch\u01b0a d\u1eebng l\u1ea1i, phu\u1ed9c Vinfast VF3 TEIN Basic c\u00f2n \u0111\u01b0\u1ee3c \u0111i k\u00e8m v\u1edbi c\u00f4ng ngh\u1ec7 H.B.S \u0111\u1ed9c quy\u1ec1n. L\u00e0 c\u00f4ng ngh\u1ec7 n\u00fat ch\u1eb7n th\u1ee7y l\u1ef1c \u0111\u1eb7c bi\u1ec7t. V\u1edbi ph\u1ea7n van \u0111\u01b0\u1ee3c thu nh\u1ecf, h\u00e3m l\u1ea1i t\u1ed1c \u0111\u1ed9 tr\u01b0\u1ee3t c\u1ee7a piston. H\u1ea5p th\u1ee5 l\u1ef1c t\u1eeb m\u1eb7t \u0111\u01b0\u1eddng l\u00ean xe, chuy\u1ec3n h\u00f3a \u0111\u1ed9ng n\u0103ng th\u00e0nh nhi\u1ec7t n\u0103ng. Tri\u1ec7t ti\u00eau m\u1ecdi dao \u0111\u1ed9ng, b\u1ed3ng b\u1ec1nh. \u0110\u01b0a xe nhanh ch\u00f3ng tr\u1edf v\u1ec1 v\u1ecb tr\u00ed c\u00e2n b\u1eb1ng<\/p>\n<p>&nbsp;<\/p>\n<h2 style=\"font-weight: 500;\"><b><strong>Ti\u1ebft ki\u1ec7m h\u01a1n khi n\u00e2ng c\u1ea5p<\/strong><\/b><\/h2>\n<p>&nbsp;<\/p>\n<p>Gi\u1ea3m x\u00f3c Vinfast VF3 TEIN Basic \u0111\u01b0\u1ee3c ph\u00e2n ph\u1ed1i 1 b\u1ed9 4 phu\u1ed9c m\u1edbi m\u1ee9c gi\u00e1 c\u1ef1c k\u1ef3 h\u1ea5p d\u1eabn. Kh\u00f4ng c\u00f3 qu\u00e1 nhi\u1ec1u t\u00ednh n\u0103ng n\u1ed5i b\u1eadt. Nh\u01b0ng v\u1eabn \u0111\u1ea3m b\u1ea3o \u0111\u01b0\u1ee3c hi\u1ec7u n\u0103ng gi\u1ea3m x\u00f3c t\u1ed1i \u01b0u, v\u01b0\u1ee3t tr\u1ed9i. \u0110\u1ec3 mang \u0111\u1ebfn cho qu\u00fd kh\u00e1ch h\u00e0ng m\u1ed9t d\u00f2ng s\u1ea3n ph\u1ea9m phu\u1ed9c gi\u00e1 r\u1ebb mang ch\u1ea5t l\u01b0\u1ee3ng \u01b0u vi\u1ec7t<\/p>\n<p>&nbsp;<\/p>\n<h1 style=\"font-weight: 500;\"><b><strong>Li\u00ean h\u1ec7 ngay v\u1edbi TEIN Vi\u1ec7t Nam \u0111\u1ec3 \u0111\u01b0\u1ee3c t\u01b0 v\u1ea5n v\u00e0 l\u1eafp \u0111\u1eb7t Gi\u1ea3m x\u00f3c Vinfast VF3 TEIN Basic nhanh ch\u00f3ng<\/strong><\/b><\/h1>\n<p>&nbsp;<\/p>\n<p>Nhanh ch\u00e2n li\u00ean h\u1ec7 ngay v\u1edbi Auto Th\u00e1i D\u01b0\u01a1ng. \u0110\u1ec3 \u0111\u01b0\u1ee3c tr\u1ea3i nghi\u1ec7m ngay s\u1ea3n ph\u1ea9m h\u1ec7 th\u1ed1ng gi\u1ea3m x\u00f3c qu\u1ed1c d\u00e2n m\u1edbi nh\u1ea5t tr\u00ean th\u1ecb tr\u01b0\u1eddng. Gi\u1ea3m x\u00f3c Vinfast VF3 TEIN Basic v\u1edbi thi\u1ebft k\u1ebf nh\u01b0 zin, kh\u00f4ng \u0111\u1ed9 ch\u1ebf. Ch\u1ea5t l\u01b0\u1ee3ng gi\u1ea3m x\u00f3c ho\u00e0n h\u1ea3o v\u00e0 v\u01b0\u1ee3t tr\u1ed9i t\u1eeb c\u00f4ng ngh\u1ec7 Nh\u1eadt B\u1ea3n. \u0110i k\u00e8m v\u1edbi m\u1ee9c chi ph\u00ed n\u00e2ng c\u1ea5p d\u1ec5 ti\u1ebfp c\u1eadn.<\/p>\n<p>&nbsp;<\/p>\n<p>C\u00f4ng ngh\u1ec7 v\u01b0\u1ee3t tr\u1ed9i c\u1ee7a phu\u1ed9c TEIN Basic<\/p>\n<p>&nbsp;<\/p>\n<p>Kh\u00f4ng ch\u1ec9 th\u1ebf, kh\u00e1ch h\u00e0ng khi l\u1eafp \u0111\u1eb7t Phu\u1ed9c Vinfast VF3 TEIN Basic t\u1ea1i TEIN Vi\u1ec7t Nam. C\u00f2n \u0111\u01b0\u1ee3c l\u1ef1a ch\u1ecdn n\u00e2ng c\u1ea5p d\u00e0n phu\u1ed9c tr\u01b0\u1edbc ho\u1eb7c sau. \u0110\u1ec1u \u0111\u01b0\u1ee3c \u0111i k\u00e8m v\u1edbi ch\u00ednh s\u00e1ch b\u1ea3o h\u00e0nh ch\u00ednh h\u00e3ng 15 th\u00e1ng.<\/p>\n<p>&nbsp;<\/p>\n<p><b><strong>\u0110\u1eb6C BI\u1ec6T:<\/strong><\/b><\/p>\n<p>\u0110\u1eebng b\u1ecf l\u1ee1 ch\u01b0\u01a1ng tr\u00ecnh \u01b0u \u0111\u00e3i \u0111\u1eb7c bi\u1ec7t gi\u1ea3m ngay <b>5%<\/b> cho d\u00f2ng gi\u1ea3m x\u00f3c <b>TEIN Basic d\u00e0nh ri\u00eang cho VinFast VF3<\/b>, di\u1ec5n ra t\u1eeb <b>ng\u00e0y 8-16\/12\/2024<\/b>. \u0110\u00e2y l\u00e0 c\u01a1 h\u1ed9i \u0111\u1ec3 n\u00e2ng c\u1ea5p x\u1ebf y\u00eau v\u1edbi m\u1ee9c gi\u00e1 h\u1ea5p d\u1eabn nh\u1ea5t!<\/p>\n<p>&nbsp;<\/p>\n<p>Ch\u01b0\u01a1ng tr\u00ecnh khuy\u1ebfn m\u00e3i c\u1ee7a gi\u1ea3m x\u00f3c Vinfast VF3 TEIN Basic<\/p>\n<p>&nbsp;<\/p>\n<p>H\u00e3y \u0111\u1ebfn ngay v\u1edbi Auto Th\u00e1i D\u01b0\u01a1ng \u0111\u1ec3 \u0111\u01b0\u1ee3c t\u01b0 v\u1ea5n l\u1eafp \u0111\u1eb7t . C\u0169ng nh\u01b0 c\u00f3 th\u00eam th\u00f4ng tin v\u1ec1 nh\u1eefng \u0111\u1ea1i l\u00fd ph\u00e2n ph\u1ed1i phu\u1ed9c TEIN g\u1ea7n nh\u1ea5t<\/p>\n","protected":false},"excerpt":{"rendered":"<p>Gi\u1ea3m x\u00f3c Vinfast VF3 TEIN Basic l\u00e0 gi\u1ea3i ph\u00e1p l\u00fd t\u01b0\u1edfng \u0111\u1ec3 n\u00e2ng cao s\u1ef1 \u1ed5n \u0111\u1ecbnh v\u00e0 \u00eam \u00e1i cho d\u00f2ng xe \u0111i\u1ec7n Vinfast VF3. D\u00f9 \u0111\u01b0\u1ee3c \u01b0a chu\u1ed9ng b\u1edfi m\u1ee9c gi\u00e1 r\u1ebb v\u00e0 t\u00ednh th\u00e2n thi\u1ec7n v\u1edbi m\u00f4i tr\u01b0\u1eddng, h\u1ec7 th\u1ed1ng gi\u1ea3m x\u00f3c nguy\u00ean b\u1ea3n c\u1ee7a VF3 v\u1eabn c\u00f2n nhi\u1ec1u h\u1ea1n ch\u1ebf. C\u00e1c t\u00ecnh tr\u1ea1ng d\u1eb1n x\u00f3c, b\u1ed3ng b\u1ec1nh v\u00e0 rung l\u1eafc khi\u1ebfn h\u00e0nh tr\u00ecnh l\u00e1i ch\u01b0a th\u1ef1c s\u1ef1 tho\u1ea3i m\u00e1i. V\u1edbi c\u00f4ng ngh\u1ec7 ti\u00ean ti\u1ebfn, gi\u1ea3m x\u00f3c TEIN Basic gi\u00fap h\u1ea5p th\u1ee5 xung \u0111\u1ed9ng hi\u1ec7u qu\u1ea3, mang l\u1ea1i s\u1ef1 \u00eam \u00e1i v\u01b0\u1ee3t tr\u1ed9i v\u00e0 n\u00e2ng t\u1ea7m tr\u1ea3i nghi\u1ec7m l\u00e1i.<\/p>\n","protected":false},"featured_media":848,"comment_status":"open","ping_status":"closed","template":"","meta":[],"product_brand":[94],"product_cat":[67,22,92],"product_tag":[],"class_list":{"0":"post-847","1":"product","2":"type-product","3":"status-publish","4":"has-post-thumbnail","6":"product_brand-tein","7":"product_cat-phu-kien-vf3","8":"product_cat-do-choi-xe","9":"product_cat-phuoc","11":"first","12":"instock","13":"shipping-taxable","14":"purchasable","15":"product-type-simple"},"_links":{"self":[{"href":"https:\/\/autothaiduong.vn\/index.php?rest_route=\/wp\/v2\/product\/847","targetHints":{"allow":["GET"]}}],"collection":[{"href":"https:\/\/autothaiduong.vn\/index.php?rest_route=\/wp\/v2\/product"}],"about":[{"href":"https:\/\/autothaiduong.vn\/index.php?rest_route=\/wp\/v2\/types\/product"}],"replies":[{"embeddable":true,"href":"https:\/\/autothaiduong.vn\/index.php?rest_route=%2Fwp%2Fv2%2Fcomments&post=847"}],"wp:featuredmedia":[{"embeddable":true,"href":"https:\/\/autothaiduong.vn\/index.php?rest_route=\/wp\/v2\/media\/848"}],"wp:attachment":[{"href":"https:\/\/autothaiduong.vn\/index.php?rest_route=%2Fwp%2Fv2%2Fmedia&parent=847"}],"wp:term":[{"taxonomy":"product_brand","embeddable":true,"href":"https:\/\/autothaiduong.vn\/index.php?rest_route=%2Fwp%2Fv2%2Fproduct_brand&post=847"},{"taxonomy":"product_cat","embeddable":true,"href":"https:\/\/autothaiduong.vn\/index.php?rest_route=%2Fwp%2Fv2%2Fproduct_cat&post=847"},{"taxonomy":"product_tag","embeddable":true,"href":"https:\/\/autothaiduong.vn\/index.php?rest_route=%2Fwp%2Fv2%2Fproduct_tag&post=847"}],"curies":[{"name":"wp","href":"https:\/\/api.w.org\/{rel}","templated":true}]}}