{"id":851,"date":"2025-05-10T10:32:13","date_gmt":"2025-05-10T10:32:13","guid":{"rendered":"https:\/\/autothaiduong.vn\/?post_type=product&#038;p=851"},"modified":"2025-05-10T16:19:06","modified_gmt":"2025-05-10T16:19:06","slug":"cop-dien-o-to-chinh-hang-dr-door","status":"publish","type":"product","link":"https:\/\/autothaiduong.vn\/?product=cop-dien-o-to-chinh-hang-dr-door","title":{"rendered":"C\u1ed1p \u0111i\u1ec7n \u00f4 t\u00f4 ch\u00ednh h\u00e3ng Dr. Door"},"content":{"rendered":"<p><img loading=\"lazy\" decoding=\"async\" class=\" wp-image-489 aligncenter\" src=\"https:\/\/autothaiduong.vn\/wp-content\/uploads\/2025\/04\/z6584734442481_f208f5944548cb4b46353402ce2e64e0.jpg\" alt=\"\" width=\"346\" height=\"306\" \/><\/p>\n<p style=\"text-align: center;\"><span style=\"color: #ff0000; font-size: 150%;\"><strong>\u0110\u1ecba Ch\u1ec9: 273-275 Tr\u1ea7n Ph\u00fa Ph\u01b0\u1eddng L\u1ed9c S\u01a1n Th\u00e0nh Ph\u1ed1 B\u1ea3o L\u1ed9c T\u1ec9nh L\u00e2m \u0110\u1ed3ng<\/strong><\/span><\/p>\n<p style=\"text-align: center;\"><span style=\"color: #ff0000; font-size: 150%;\"><strong> Hotline: 0912197441<\/strong><\/span><\/p>\n<h2><strong>H\u1ec7 th\u1ed1ng \u0111i\u1ec7n n\u00e2ng c\u1ed1p xe hi\u1ec7n \u0111\u1ea1i b\u1eadc nh\u1ea5t c\u1ee7a H\u00e3ng Dr.Door \u0111\u01b0\u1ee3c ThienMinh Autosafety ph\u00e2n ph\u1ed1i ch\u00ednh h\u00e3ng v\u1edbi 5 \u01b0u \u0111i\u1ec3m tuy\u1ec7t \u0111\u1ed1i:<\/strong><\/h2>\n<ol>\n<li><strong>H\u1ed7 tr\u1ee3 4 ph\u01b0\u01a1ng ph\u00e1p \u0111\u1ec3 \u0111i\u1ec1u khi\u1ec3n: Ch\u00eca kh\u00f3a t\u1eeb xa c\u1ee7a xe nguy\u00ean b\u1ea3n \/ N\u00fat Cab \/ n\u00fat \u0111u\u00f4i \/ C\u1ea3m bi\u1ebfn Kick;<\/strong><\/li>\n<li><strong>Ch\u1ee9c n\u0103ng ch\u1ed1ng va \u0111\u1eadp &amp; Ch\u1ee9c n\u0103ng \u0111\u00f3ng nh\u1eb9 nh\u00e0ng;<\/strong><\/li>\n<li><strong>M\u1edf \/ \u0110\u00f3ng c\u1ed1p xe tr\u00ean gh\u1ebf l\u00e1i d\u1ec5 d\u00e0ng;<\/strong><\/li>\n<li><strong>Ch\u1ee9c n\u0103ng ghi nh\u1edb chi\u1ec1u cao c\u1ed1p sau th\u00f4ng minh<\/strong><\/li>\n<li><strong>Ch\u1ee9c n\u0103ng ch\u1ed1ng k\u1eb9t<\/strong><\/li>\n<\/ol>\n<figure id=\"attachment_1311\" class=\"wp-caption aligncenter\" aria-describedby=\"caption-attachment-1311\"><img loading=\"lazy\" decoding=\"async\" class=\"alignnone size-full wp-image-862\" src=\"https:\/\/autothaiduong.vn\/wp-content\/uploads\/2025\/05\/Land-cruiser01-1.png\" alt=\"Land Cruiser Prado 2019 trang b\u1ecb th\u00eam c\u1ed1p \u0111i\u1ec7n th\u00f4ng minh\" width=\"1200\" height=\"1081\" srcset=\"https:\/\/autothaiduong.vn\/wp-content\/uploads\/2025\/05\/Land-cruiser01-1.png 1200w, https:\/\/autothaiduong.vn\/wp-content\/uploads\/2025\/05\/Land-cruiser01-1-600x541.png 600w, https:\/\/autothaiduong.vn\/wp-content\/uploads\/2025\/05\/Land-cruiser01-1-1024x922.png 1024w, https:\/\/autothaiduong.vn\/wp-content\/uploads\/2025\/05\/Land-cruiser01-1-768x692.png 768w\" sizes=\"auto, (max-width: 1200px) 100vw, 1200px\" \/><figcaption id=\"caption-attachment-1311\" class=\"wp-caption-text\">Land Cruiser Prado 2019 trang b\u1ecb th\u00eam C\u1ed1p \u0111i\u1ec7n Dr.Door<\/figcaption><\/figure>\n<figure id=\"attachment_1312\" class=\"wp-caption aligncenter\" aria-describedby=\"caption-attachment-1312\"><img loading=\"lazy\" decoding=\"async\" class=\"alignnone size-full wp-image-863\" src=\"https:\/\/autothaiduong.vn\/wp-content\/uploads\/2025\/05\/mo-cop-thong-minh-1-1.jpg\" alt=\"H\u1ec7 th\u1ed1ng c\u1ed1p \u0111i\u1ec7n th\u00f4ng minh ho\u1ea1t \u0111\u1ed9ng \u00fd h\u1ec7t tr\u00ean xe Fortuner 2019 b\u1ea3n V cao c\u1ea5p nh\u1ea5t\" width=\"800\" height=\"797\" srcset=\"https:\/\/autothaiduong.vn\/wp-content\/uploads\/2025\/05\/mo-cop-thong-minh-1-1.jpg 800w, https:\/\/autothaiduong.vn\/wp-content\/uploads\/2025\/05\/mo-cop-thong-minh-1-1-600x598.jpg 600w, https:\/\/autothaiduong.vn\/wp-content\/uploads\/2025\/05\/mo-cop-thong-minh-1-1-300x300.jpg 300w, https:\/\/autothaiduong.vn\/wp-content\/uploads\/2025\/05\/mo-cop-thong-minh-1-1-768x765.jpg 768w, https:\/\/autothaiduong.vn\/wp-content\/uploads\/2025\/05\/mo-cop-thong-minh-1-1-100x100.jpg 100w\" sizes=\"auto, (max-width: 800px) 100vw, 800px\" \/><figcaption id=\"caption-attachment-1312\" class=\"wp-caption-text\">H\u1ec7 th\u1ed1ng c\u1ed1p \u0111i\u1ec7n Dr. Door ho\u1ea1t \u0111\u1ed9ng \u00fd h\u1ec7t tr\u00ean xe Fortuner 2019 b\u1ea3n V cao c\u1ea5p nh\u1ea5t<\/figcaption><\/figure>\n<figure id=\"attachment_1315\" class=\"wp-caption aligncenter\" aria-describedby=\"caption-attachment-1315\"><img loading=\"lazy\" decoding=\"async\" class=\"alignnone size-full wp-image-864\" src=\"https:\/\/autothaiduong.vn\/wp-content\/uploads\/2025\/05\/mo-cop-thong-minh-2-1.png\" alt=\"Ford Everest c\u0169ng &quot;l\u00ean \u0111\u1ed3&quot; v\u1edbi b\u1ed9 m\u1edf c\u1ed1p th\u00f4ng minh\" width=\"800\" height=\"803\" srcset=\"https:\/\/autothaiduong.vn\/wp-content\/uploads\/2025\/05\/mo-cop-thong-minh-2-1.png 800w, https:\/\/autothaiduong.vn\/wp-content\/uploads\/2025\/05\/mo-cop-thong-minh-2-1-598x600.png 598w, https:\/\/autothaiduong.vn\/wp-content\/uploads\/2025\/05\/mo-cop-thong-minh-2-1-300x300.png 300w, https:\/\/autothaiduong.vn\/wp-content\/uploads\/2025\/05\/mo-cop-thong-minh-2-1-768x771.png 768w, https:\/\/autothaiduong.vn\/wp-content\/uploads\/2025\/05\/mo-cop-thong-minh-2-1-600x602.png 600w, https:\/\/autothaiduong.vn\/wp-content\/uploads\/2025\/05\/mo-cop-thong-minh-2-1-100x100.png 100w\" sizes=\"auto, (max-width: 800px) 100vw, 800px\" \/><figcaption id=\"caption-attachment-1315\" class=\"wp-caption-text\">Ford Everest c\u0169ng \u201cl\u00ean \u0111\u1ed3\u201d v\u1edbi b\u1ed9 C\u1ed1p \u0111i\u1ec7n Dr.Door<\/figcaption><\/figure>\n<figure id=\"attachment_1313\" class=\"wp-caption aligncenter\" aria-describedby=\"caption-attachment-1313\"><img loading=\"lazy\" decoding=\"async\" class=\"alignnone size-full wp-image-865\" src=\"https:\/\/autothaiduong.vn\/wp-content\/uploads\/2025\/05\/mo-cop-thong-minh-1-1.png\" alt=\"Land Cruiser V8 qu\u00e1i v\u1eadt c\u0169ng trang b\u1ecb th\u00eam thi\u1ebft b\u1ecb th\u00f4ng minh n\u00e0y\" width=\"800\" height=\"737\" srcset=\"https:\/\/autothaiduong.vn\/wp-content\/uploads\/2025\/05\/mo-cop-thong-minh-1-1.png 800w, https:\/\/autothaiduong.vn\/wp-content\/uploads\/2025\/05\/mo-cop-thong-minh-1-1-600x553.png 600w, https:\/\/autothaiduong.vn\/wp-content\/uploads\/2025\/05\/mo-cop-thong-minh-1-1-768x708.png 768w\" sizes=\"auto, (max-width: 800px) 100vw, 800px\" \/><figcaption id=\"caption-attachment-1313\" class=\"wp-caption-text\">Land Cruiser V8 qu\u00e1i v\u1eadt c\u0169ng trang b\u1ecb th\u00eam thi\u1ebft b\u1ecb th\u00f4ng minh n\u00e0y<\/figcaption><\/figure>\n<figure id=\"attachment_1314\" class=\"wp-caption aligncenter\" aria-describedby=\"caption-attachment-1314\"><img loading=\"lazy\" decoding=\"async\" class=\"alignnone size-full wp-image-866\" src=\"https:\/\/autothaiduong.vn\/wp-content\/uploads\/2025\/05\/mo-cop-thong-minh-2-1.jpg\" alt=\"Thanh tr\u1ee3 l\u1ef1c \u0111i\u1ec7n \u0111\u01b0\u1ee3c thi\u1ebft k\u1ebf ch\u1eafc ch\u1eafn\" width=\"800\" height=\"532\" srcset=\"https:\/\/autothaiduong.vn\/wp-content\/uploads\/2025\/05\/mo-cop-thong-minh-2-1.jpg 800w, https:\/\/autothaiduong.vn\/wp-content\/uploads\/2025\/05\/mo-cop-thong-minh-2-1-600x399.jpg 600w, https:\/\/autothaiduong.vn\/wp-content\/uploads\/2025\/05\/mo-cop-thong-minh-2-1-768x511.jpg 768w\" sizes=\"auto, (max-width: 800px) 100vw, 800px\" \/><figcaption id=\"caption-attachment-1314\" class=\"wp-caption-text\">Thanh tr\u1ee3 l\u1ef1c \u0111i\u1ec7n \u0111\u01b0\u1ee3c thi\u1ebft k\u1ebf ch\u1eafc ch\u1eafn<\/figcaption><\/figure>\n<div class=\"mceTemp\"><\/div>\n<figure id=\"attachment_1316\" class=\"wp-caption aligncenter\" aria-describedby=\"caption-attachment-1316\"><img loading=\"lazy\" decoding=\"async\" class=\"alignnone size-full wp-image-867\" src=\"https:\/\/autothaiduong.vn\/wp-content\/uploads\/2025\/05\/mo-cop-thong-minh-3-1.jpg\" alt=\"Ch\u1ed1t gi\u1eef \u0111\u01b0\u1ee3c gia c\u00f4ng ch\u00ednh x\u00e1c v\u00e0 \u0111\u1ea3m b\u1ea3o t\u00ednh th\u1ea9m m\u1ef9\" width=\"800\" height=\"532\" srcset=\"https:\/\/autothaiduong.vn\/wp-content\/uploads\/2025\/05\/mo-cop-thong-minh-3-1.jpg 800w, https:\/\/autothaiduong.vn\/wp-content\/uploads\/2025\/05\/mo-cop-thong-minh-3-1-600x399.jpg 600w, https:\/\/autothaiduong.vn\/wp-content\/uploads\/2025\/05\/mo-cop-thong-minh-3-1-768x511.jpg 768w\" sizes=\"auto, (max-width: 800px) 100vw, 800px\" \/><figcaption id=\"caption-attachment-1316\" class=\"wp-caption-text\">Ch\u1ed1t gi\u1eef \u0111\u01b0\u1ee3c gia c\u00f4ng ch\u00ednh x\u00e1c v\u00e0 \u0111\u1ea3m b\u1ea3o t\u00ednh th\u1ea9m m\u1ef9<\/figcaption><\/figure>\n<figure id=\"attachment_1317\" class=\"wp-caption aligncenter\" aria-describedby=\"caption-attachment-1317\"><img loading=\"lazy\" decoding=\"async\" class=\"alignnone size-full wp-image-868\" src=\"https:\/\/autothaiduong.vn\/wp-content\/uploads\/2025\/05\/mo-cop-thong-minh-3-1.png\" alt=\"C\u1eadn c\u1ea3nh thi\u1ebft b\u1ecb m\u1edf c\u1ed1p th\u00f4ng minh\" width=\"800\" height=\"454\" srcset=\"https:\/\/autothaiduong.vn\/wp-content\/uploads\/2025\/05\/mo-cop-thong-minh-3-1.png 800w, https:\/\/autothaiduong.vn\/wp-content\/uploads\/2025\/05\/mo-cop-thong-minh-3-1-600x341.png 600w, https:\/\/autothaiduong.vn\/wp-content\/uploads\/2025\/05\/mo-cop-thong-minh-3-1-768x436.png 768w\" sizes=\"auto, (max-width: 800px) 100vw, 800px\" \/><figcaption id=\"caption-attachment-1317\" class=\"wp-caption-text\">C\u1eadn c\u1ea3nh thi\u1ebft b\u1ecb m\u1edf c\u1ed1p c\u1ed1p \u0111i\u1ec7n Dr. Door<\/figcaption><\/figure>\n<h2><strong>\u0110\u1eb7c t\u00ednh c\u1ed1p \u0111i\u1ec7n Dr. Door<\/strong><\/h2>\n<ol start=\"5\">\n<li>S\u1eed d\u1ee5ng ch\u00eca kh\u00f3a xe nguy\u00ean b\u1ea3n &amp; n\u00fat tr\u01b0\u1edbc &amp; n\u00fat ph\u00eda sau &amp; c\u1ea3m bi\u1ebfn \u0111\u00e1 \u0111\u1ec3 t\u1ef1 \u0111\u1ed9ng m\u1edf \/ \u0111\u00f3ng c\u1ed5ng sau.<\/li>\n<li>Th\u00f4ng minh ch\u1ed1ng k\u1eb9t, \u0111\u1ea3m b\u1ea3o an to\u00e0n. Trong khi c\u1ed1p \u0111ang \u0111\u00f3ng n\u1ebfu ch\u1ea1m v\u00e0o ch\u01b0\u1edbng ng\u1ea1i v\u1eadt (ng\u01b0\u1eddi ho\u1eb7c v\u1eadt), n\u00f3 s\u1ebd t\u1ef1 \u0111\u1ed9ng b\u1eadt tr\u1edf l\u1ea1i ho\u1eb7c d\u1eebng \u1edf \u0111\u00f3, do \u0111\u00f3 tr\u00e1nh g\u00e2y th\u01b0\u01a1ng t\u00edch cho ng\u01b0\u1eddi d\u00f9ng.<\/li>\n<li>Thi\u1ebft l\u1eadp ghi nh\u1edb chi\u1ec1u cao c\u1ed1p, th\u00e2n thi\u1ec7n v\u1edbi ng\u01b0\u1eddi d\u00f9ng. \u0110u\u00f4i xe c\u00f3 th\u1ec3 ghi nh\u1edb chi\u1ec1u cao, nh\u1ea5n v\u00e0 gi\u1eef n\u00fat, l\u1ea7n sau, khi b\u1ea1n m\u1edf, h\u1ec7 th\u1ed1ng s\u1ebd gi\u1eef nguy\u00ean chi\u1ec1u cao nh\u01b0 b\u1ea1n \u0111\u00e3 \u0111\u1eb7t.<\/li>\n<li>N\u00fat b\u1ea5m \u1edf gh\u1ebf l\u00e1i xe. Khi b\u1ea1n ng\u1ed3i \u1edf gh\u1ebf l\u00e1i, nh\u1ea5n n\u00fat \u0111\u1ec3 m\u1edf c\u1ed1p sau d\u1ec5 d\u00e0ng.<\/li>\n<li>B\u00e1o \u0111\u1ed9ng \u00e2m thanh, c\u1ea3nh b\u00e1o k\u1ecbp th\u1eddi. Khi \u0111\u00f3ng ho\u1eb7c m\u1edf c\u1ed5ng sau, n\u00f3 s\u1ebd ph\u00e1t ra \u00e2m thanh \u0111\u1ec3 b\u00e1o \u0111\u1ed9ng l\u00e1i xe v\u00e0 bi\u1ebft t\u00ecnh h\u00ecnh ph\u00eda sau \u0111\u1ec3 tr\u00e1nh thi\u1ec7t h\u1ea1i ho\u1eb7c r\u1ee7i ro an ninh.<\/li>\n<li>C\u00f3 kh\u1ea3 n\u0103ng ghi nh\u1edb chi\u1ec1u cao v\u00e0 ch\u1ee9c n\u0103ng ch\u1ed1ng va ch\u1ea1m.<\/li>\n<li>D\u1ec5 d\u00e0ng l\u1eafp \u0111\u1eb7t.<\/li>\n<li>Ph\u00f9 h\u1ee3p v\u1edbi t\u1ea5t c\u1ea3 c\u00e1c th\u00e0nh vi\u00ean trong gia \u0111\u00ecnh.<\/li>\n<li>L\u00e0m vi\u1ec7c t\u1ed1t trong m\u1ecdi \u0111i\u1ec1u ki\u1ec7n th\u1eddi ti\u1ebft.<\/li>\n<li>N\u00e2ng c\u1ea5p xe v\u00e0 mang l\u1ea1i tr\u1ea3i nghi\u1ec7m gi\u1ed1ng nh\u01b0 tr\u00ean nh\u1eefng chi\u1ebfc xe cao c\u1ea5p.<br \/>\n*Qu\u00fd Kh\u00e1ch h\u00e0ng c\u00f3 th\u1ec3 tham kh\u1ea3o th\u00eam Video ho\u00e0n thi\u1ec7n s\u1ea3n ph\u1ea9m tr\u00ean nhi\u1ec1u d\u00f2ng xe d\u01b0\u1edbi \u0111\u00e2y<br \/>\n<iframe loading=\"lazy\" title=\"C\u1ed0P \u0110I\u1ec6N TH\u00d4NG MINH AOD x \u0110\u00c1 C\u1ed0P \u0110A \u0110I\u1ec2M AOD | D\u00e0nh ri\u00eang TOYOTA COROLLA CROSS\" src=\"https:\/\/www.youtube.com\/embed\/lZIRaBLaBvg?feature=oembed\" width=\"1020\" height=\"765\" frameborder=\"0\" allowfullscreen=\"allowfullscreen\" data-mce-fragment=\"1\"><\/iframe><\/li>\n<\/ol>\n<div>\n<p><strong>M\u1ecdi th\u00f4ng tin chi ti\u1ebft, Qu\u00fd kh\u00e1ch h\u00e0ng vui l\u00f2ng li\u00ean h\u1ec7:<\/strong><\/p>\n<div dir=\"auto\"><strong>HOTLINE:<\/strong> <strong><span style=\"color: #ff0000;\">0912197441<\/span><\/strong><\/div>\n<div dir=\"auto\"><strong>\u0110\u1ecaA CH\u1ec8:<\/strong> <strong><span style=\"color: #ff0000;\">273-275 Tr\u1ea7n Ph\u00fa Ph\u01b0\u1eddng L\u1ed9c S\u01a1n Th\u00e0nh Ph\u1ed1 B\u1ea3o L\u1ed9c T\u1ec9nh L\u00e2m \u0110\u1ed3ng\u00a0<\/span><\/strong><\/div>\n<div dir=\"auto\"><\/div>\n<\/div>\n","protected":false},"excerpt":{"rendered":"<p><strong>G\u1eafn \u0110\u01b0\u1ee3c H\u1ea7u H\u1ebft M\u1ecdi Lo\u1ea1i Xe ( Toyota,Huyndai,Ford,Kia,&#8230;.)<\/strong><\/p>\n","protected":false},"featured_media":850,"comment_status":"open","ping_status":"closed","template":"","meta":[],"product_brand":[],"product_cat":[96,22],"product_tag":[],"class_list":{"0":"post-851","1":"product","2":"type-product","3":"status-publish","4":"has-post-thumbnail","6":"product_cat-cop-dien","7":"product_cat-do-choi-xe","9":"first","10":"instock","11":"shipping-taxable","12":"purchasable","13":"product-type-simple"},"_links":{"self":[{"href":"https:\/\/autothaiduong.vn\/index.php?rest_route=\/wp\/v2\/product\/851","targetHints":{"allow":["GET"]}}],"collection":[{"href":"https:\/\/autothaiduong.vn\/index.php?rest_route=\/wp\/v2\/product"}],"about":[{"href":"https:\/\/autothaiduong.vn\/index.php?rest_route=\/wp\/v2\/types\/product"}],"replies":[{"embeddable":true,"href":"https:\/\/autothaiduong.vn\/index.php?rest_route=%2Fwp%2Fv2%2Fcomments&post=851"}],"wp:featuredmedia":[{"embeddable":true,"href":"https:\/\/autothaiduong.vn\/index.php?rest_route=\/wp\/v2\/media\/850"}],"wp:attachment":[{"href":"https:\/\/autothaiduong.vn\/index.php?rest_route=%2Fwp%2Fv2%2Fmedia&parent=851"}],"wp:term":[{"taxonomy":"product_brand","embeddable":true,"href":"https:\/\/autothaiduong.vn\/index.php?rest_route=%2Fwp%2Fv2%2Fproduct_brand&post=851"},{"taxonomy":"product_cat","embeddable":true,"href":"https:\/\/autothaiduong.vn\/index.php?rest_route=%2Fwp%2Fv2%2Fproduct_cat&post=851"},{"taxonomy":"product_tag","embeddable":true,"href":"https:\/\/autothaiduong.vn\/index.php?rest_route=%2Fwp%2Fv2%2Fproduct_tag&post=851"}],"curies":[{"name":"wp","href":"https:\/\/api.w.org\/{rel}","templated":true}]}}