{"id":882,"date":"2025-05-10T14:59:20","date_gmt":"2025-05-10T14:59:20","guid":{"rendered":"https:\/\/autothaiduong.vn\/?post_type=product&#038;p=882"},"modified":"2025-05-10T15:28:06","modified_gmt":"2025-05-10T15:28:06","slug":"sub-gam-ghe-harmony-blue-note-hb-10-us","status":"publish","type":"product","link":"https:\/\/autothaiduong.vn\/?product=sub-gam-ghe-harmony-blue-note-hb-10-us","title":{"rendered":"Sub g\u1ea7m gh\u1ebf Harmony Blue Note HB 10 US"},"content":{"rendered":"<p><img loading=\"lazy\" decoding=\"async\" class=\" wp-image-489 aligncenter\" src=\"https:\/\/autothaiduong.vn\/wp-content\/uploads\/2025\/04\/z6584734442481_f208f5944548cb4b46353402ce2e64e0.jpg\" alt=\"\" width=\"316\" height=\"280\" \/><\/p>\n<p style=\"text-align: center;\"><span style=\"font-size: 150%; color: #ff0000;\"><strong>273-275 Tr\u1ea7n Ph\u00fa Ph\u01b0\u1eddng L\u1ed9c S\u01a1n Th\u00e0nh Ph\u1ed1 B\u1ea3o L\u1ed9c T\u1ec9nh L\u00e2m \u0110\u1ed3ng\u00a0<\/strong><\/span><\/p>\n<p style=\"text-align: center;\"><span style=\"font-size: 150%; color: #ff0000;\"><strong>Hotline : 0912197441<\/strong><\/span><\/p>\n<h2>Harmony Blue Note HB 10 US<\/h2>\n<p>Loa Sub g\u1ea7m gh\u1ebf Harmony Blue Note HB 10 US l\u00e0 loa subwoofer t\u1ed1i \u01b0u ch\u1ea5t l\u01b0\u1ee3ng \u00e2m thanh nh\u1ea5t thu\u1ed9c \u0111\u01b0\u1ee3c ph\u00e1t tri\u1ec3n b\u1edfi h\u00e3ng \u00e2m thanh xe h\u01a1i danh ti\u1ebfng ESB Audio Italy k\u1ebft h\u1ee3p v\u1edbi th\u01b0\u01a1ng hi\u1ec7u Harmony Blue Note. \u0110\u00e2y m\u1ed9t trong nh\u1eefng d\u00f2ng sub g\u1ea7m gh\u1ebf hi\u1ebfm hoi x\u00e2y d\u1ef1ng s\u1ea3n ph\u1ea9m theo h\u01b0\u1edbng thi\u00ean v\u1ec1 ch\u1ea5t l\u01b0\u1ee3ng \u00e2m thanh. V\u1edbi m\u1ee9c v\u00f4 c\u00f9ng h\u1ee3p l\u00fd (ch\u1ec9 6,8 tri\u1ec7u \u0111\u1ed3ng), nh\u01b0ng s\u1edf h\u1eefu s\u1ee9c m\u1ea1nh tr\u00ecnh di\u1ec5n v\u00f4 c\u00f9ng uy l\u1ef1c, c\u00f9ng d\u1ea3i tr\u1ea7m ch\u1ea5t l\u01b0\u1ee3ng cao, subwoofer Harmony Blue Note HB 10 US \u0111\u01b0\u1ee3c thi\u1ebft k\u1ebf \u0111\u1ec3 \u0111\u00e1p \u1ee9ng nhu c\u1ea7u nghe nh\u1ea1c t\u1ed1i \u01b0u tr\u00ean xe m\u00e0 kh\u00f4ng ph\u1ea3i hy sinh kh\u00f4ng gian.<\/p>\n<p>Harmony Blue Note HB 10 US s\u1eed d\u1ee5ng c\u1ee7 loa woofer \u0111\u01b0\u1eddng k\u00ednh 10 inch do ESB Audio ph\u00e1t tri\u00ean. M\u00e0ng loa nh\u1eb9 c\u1ee9ng l\u00e0m t\u1eeb s\u1ee3i Polymer tinh th\u1ec3 nh\u1eb1m tri\u1ec7t ti\u00eau nhi\u1ec5u s\u00f3ng t\u1ed1t h\u01a1n khi loa v\u1eadn h\u00e0nh v\u00e0 cho t\u1ed1c \u0111\u1ed9 \u0111\u00e1p \u1ee9ng nhanh m\u01b0\u1ee3t h\u01a1n. Woofer n\u00e0y \u0111\u01b0\u1ee3c v\u1eadn h\u00e0nh b\u1edfi m\u1ea1ch ampli Class AB c\u00f4ng su\u1ea5t th\u1ef1c 200W (RMS), cho d\u1ea3i bass s\u00e2u v\u00e0 m\u1ea1nh m\u1ebd, v\u1edbi \u0111\u1ed9 bao ph\u1ee7 r\u1ed9ng 20Hz \u2013 150Hz, ph\u00f9 h\u1ee3p \u0111\u1ec3 ph\u1ed1i gh\u00e9p cho nh\u1eefng h\u1ec7 th\u1ed1ng \u00e2m thanh nghe nh\u1ea1c tr\u00ean \u00f4 t\u00f4.<\/p>\n<p>&nbsp;<\/p>\n<p>Loa sub Harmony Blue Note HB 10 US c\u00f3 kh\u1ea3 n\u0103ng t\u01b0\u01a1ng th\u00edch v\u1edbi nhi\u1ec1u d\u00f2ng xe v\u00e0 nhi\u1ec1u h\u1ec7 th\u1ed1ng \u00e2m thanh \u0111\u01b0\u1ee3c ph\u1ed1i gh\u00e9p kh\u00e1c nhau.<\/p>\n<p>&nbsp;<\/p>\n<h2><em><strong><u>Th\u00f4ng s\u1ed1 k\u1ef9 thu\u1eadt:<\/u><\/strong><\/em><\/h2>\n<p><em>Ph\u00e2n lo\u1ea1i: Loa si\u00eau tr\u1ea7m (loa subwoofer)<\/em><\/p>\n<p><em>C\u1ee7 loa: 10\u2033\/250 mm<\/em><\/p>\n<p><em>D\u1ea3i t\u1ea7n:\u00a0<\/em><em>20Hz \u2013 150Hz<\/em><\/p>\n<p>Low Level RCA and High-Level Inputs<\/p>\n<p><em>C\u00f4ng su\u1ea5t: 260W\u00a0<\/em><\/p>\n<p><em>Hi\u1ec7u ch\u1ec9nh: N\u00fam xoay Gain, low pass<\/em><\/p>\n<p><em>K\u00edch th\u01b0\u1edbc: 26 (L) x 34,6 (W) x 7,8 (H) cm<\/em><\/p>\n<p class=\"font_8 wixui-rich-text__text\"><span class=\"wixui-rich-text__text\"><span class=\"color_13 wixui-rich-text__text\">Bass Boost: 0 \u2013 12dB<\/span><\/span><\/p>\n<p class=\"font_8 wixui-rich-text__text\"><span class=\"wixui-rich-text__text\"><span class=\"color_13 wixui-rich-text__text\">Phase Control: 0 \u2013 180\u00b0<\/span><\/span><\/p>\n<p>&nbsp;<\/p>\n","protected":false},"excerpt":{"rendered":"<div class=\"woocommerce-product-details__short-description\">\n<p data-sourcepos=\"3:1-3:337\">Loa Sub g\u1ea7m gh\u1ebf Harmony Blue Note HB 10 US l\u00e0 loa subwoofer t\u1ed1i \u01b0u ch\u1ea5t l\u01b0\u1ee3ng \u00e2m thanh nh\u1ea5t thu\u1ed9c \u0111\u01b0\u1ee3c ph\u00e1t tri\u1ec3n b\u1edfi h\u00e3ng \u00e2m thanh xe h\u01a1i danh ti\u1ebfng ESB Audio Italy k\u1ebft h\u1ee3p v\u1edbi th\u01b0\u01a1ng hi\u1ec7u Harmony Blue Note. Sub \u0111i\u1ec7n g\u1ea7m gh\u1ebf ch\u1ea5t l\u01b0\u1ee3ng cao 10inch Harmony Italy HB 10 US 260W RMS \u2013 Ampli class AB. T\u1ed1i \u01b0u ch\u1ea5t l\u01b0\u1ee3ng \u00e2m thanh Gi\u00e1 b\u00e1n l\u1ebb 6,800,000( ch\u01b0a c\u00f4ng v\u00e0 ph\u1ee5 ki\u1ec7n)<\/p>\n<p>V\u1ecb tr\u00ed l\u1eafp \u0111\u1eb7t: G\u1ea7m gh\u1ebf xe \u00f4 t\u00f4 ho\u1eb7c C\u1ed1p, h\u1ed1c b\u00e1nh xe \u00f4 t\u00f4. Ph\u00f9 h\u1ee3p v\u1edbi t\u1ea5t c\u1ea3 m\u1ecdi d\u00f2ng xe.<\/p>\n<p>Ch\u01a1i t\u1ed1t v\u00e0 ph\u00f9 h\u1ee3p v\u1edbi h\u1ea7u h\u1ebft t\u1ea5t c\u1ea3 c\u00e1c th\u1ec3 lo\u1ea1i nh\u1ea1c.<\/p>\n<p>Th\u01b0\u01a1ng hi\u1ec7u Italy\u00a0\ud83c\uddee\ud83c\uddf9<\/p>\n<\/div>\n<form class=\"variations_form cart\" action=\"https:\/\/sassvn.com\/product\/sub-gam-ghe-harmony-blue-note-hb-10-us\/\" enctype=\"multipart\/form-data\" method=\"post\" data-product_id=\"1110\" data-product_variations=\"[]\">\n<p class=\"stock out-of-stock\">\n<\/form>\n","protected":false},"featured_media":883,"comment_status":"open","ping_status":"closed","template":"","meta":[],"product_brand":[114],"product_cat":[19,97],"product_tag":[],"class_list":{"0":"post-882","1":"product","2":"type-product","3":"status-publish","4":"has-post-thumbnail","6":"product_brand-esb","7":"product_cat-am-thanh","8":"product_cat-sub-dien","10":"first","11":"instock","12":"shipping-taxable","13":"purchasable","14":"product-type-simple"},"_links":{"self":[{"href":"https:\/\/autothaiduong.vn\/index.php?rest_route=\/wp\/v2\/product\/882","targetHints":{"allow":["GET"]}}],"collection":[{"href":"https:\/\/autothaiduong.vn\/index.php?rest_route=\/wp\/v2\/product"}],"about":[{"href":"https:\/\/autothaiduong.vn\/index.php?rest_route=\/wp\/v2\/types\/product"}],"replies":[{"embeddable":true,"href":"https:\/\/autothaiduong.vn\/index.php?rest_route=%2Fwp%2Fv2%2Fcomments&post=882"}],"wp:featuredmedia":[{"embeddable":true,"href":"https:\/\/autothaiduong.vn\/index.php?rest_route=\/wp\/v2\/media\/883"}],"wp:attachment":[{"href":"https:\/\/autothaiduong.vn\/index.php?rest_route=%2Fwp%2Fv2%2Fmedia&parent=882"}],"wp:term":[{"taxonomy":"product_brand","embeddable":true,"href":"https:\/\/autothaiduong.vn\/index.php?rest_route=%2Fwp%2Fv2%2Fproduct_brand&post=882"},{"taxonomy":"product_cat","embeddable":true,"href":"https:\/\/autothaiduong.vn\/index.php?rest_route=%2Fwp%2Fv2%2Fproduct_cat&post=882"},{"taxonomy":"product_tag","embeddable":true,"href":"https:\/\/autothaiduong.vn\/index.php?rest_route=%2Fwp%2Fv2%2Fproduct_tag&post=882"}],"curies":[{"name":"wp","href":"https:\/\/api.w.org\/{rel}","templated":true}]}}