{"id":905,"date":"2025-05-10T15:34:07","date_gmt":"2025-05-10T15:34:07","guid":{"rendered":"https:\/\/autothaiduong.vn\/?post_type=product&#038;p=905"},"modified":"2025-05-10T15:34:11","modified_gmt":"2025-05-10T15:34:11","slug":"loa-bass-gam-ghe-o-to-helix-u10a","status":"publish","type":"product","link":"https:\/\/autothaiduong.vn\/?product=loa-bass-gam-ghe-o-to-helix-u10a","title":{"rendered":"LOA BASS G\u1ea6M GH\u1ebe \u00d4 T\u00d4 HELIX U10A"},"content":{"rendered":"<p><img loading=\"lazy\" decoding=\"async\" class=\" wp-image-489 aligncenter\" src=\"https:\/\/autothaiduong.vn\/wp-content\/uploads\/2025\/04\/z6584734442481_f208f5944548cb4b46353402ce2e64e0.jpg\" alt=\"\" width=\"347\" height=\"307\" \/><\/p>\n<p style=\"text-align: center;\"><span style=\"font-size: 150%;\"><strong><span style=\"color: #ff0000;\">273-275 Tr\u1ea7n Ph\u00fa Ph\u01b0\u1eddng L\u1ed9c S\u01a1n Th\u00e0nh Ph\u1ed1 B\u1ea3o L\u1ed9c T\u1ec9nh L\u00e2m \u0110\u1ed3ng <\/span><\/strong><\/span><\/p>\n<p style=\"text-align: center;\"><span style=\"font-size: 150%;\"><strong><span style=\"color: #ff0000;\">Hotline: 0912197441<\/span><\/strong><\/span><\/p>\n<h2>M\u00f4 t\u1ea3 s\u1ea3n ph\u1ea9m<\/h2>\n<div class=\"short\">\n<p>Hi\u1ec7n t\u1ea1i tr\u00ean th\u1ecb tr\u01b0\u1eddng c\u00f3 r\u1ea5t nhi\u1ec1u lo\u1ea1i LOA SUB G\u1ea6M GH\u1ebe, t\u1eeb h\u00e0ng th\u01b0\u01a1ng hi\u1ec7u h\u01a1n ch\u1ee5c tri\u1ec7u \u0111\u1ed3ng cho \u0111\u1ebfn c\u00e1c lo\u1ea1i SUB v\u00e0i tri\u1ec7u \u0111\u1ed3ng ch\u01b0a r\u00f5 ch\u1ea5t l\u01b0\u1ee3ng. Nay AUTO365 xin ph\u00e9p chia s\u1ebb \u0111\u1ebfn c\u1ed9ng \u0111\u1ed3ng anh em ch\u01a1i xe m\u1eabu LOA SUB G\u1ea6M GH\u1ebe \u0111ang hot nh\u1ea5t th\u1ecb tr\u01b0\u1eddng b\u1edfi c\u00f4ng n\u0103ng, ch\u1ea5t l\u01b0\u1ee3ng v\u00e0 s\u1ea3n ph\u1ea9m.<\/p>\n<p>Hi\u1ec7n t\u1ea1i \u1edf AUTO365 m\u1eabu LOA SUB G\u1ea6M GH\u1ebe cho xe h\u01a1i \u0111\u01b0\u1ee3c l\u1eafp nhi\u1ec1u nh\u1ea5t l\u00e0 s\u1ea3n ph\u1ea9m LOA HELIX nh\u1eadp kh\u1ea9u ch\u00ednh h\u00e3ng t\u1eeb \u0110\u1ee8C v\u1edbi 2 d\u00f2ng U8A v\u00e0 U10A.<\/p>\n<p><img loading=\"lazy\" decoding=\"async\" class=\"alignnone size-full wp-image-907\" src=\"https:\/\/autothaiduong.vn\/wp-content\/uploads\/2025\/05\/loa-suc-u8a-_4_.jpg\" width=\"600\" height=\"399\" alt=\"\" \/><\/p>\n<p>\u01afU \u0110I\u1ec2M C\u1ee6A SUB G\u1ea6M GH\u1ebe HELIX U8A V\u00c0 U10A<\/p>\n<p>Kh\u00f4ng chi\u1ebfm nhi\u1ec1u di\u1ec7n t\u00edch &#8211; gi\u00e1 th\u00e0nh ph\u00f9 h\u1ee3p &#8211; b\u1ed5 sung ti\u1ebfng bass m\u1ea1nh v\u00e0 s\u00e2u, m\u01b0\u1ee3t m\u00e0<\/p>\n<p>Loa subwoofer g\u1ea7m gh\u1ebf HELIX U8A v\u00e0 U10A l\u00e0 s\u1ef1 l\u1ef1a ch\u1ecdn tuy\u1ec7t v\u1eddi cho kh\u00f4ng gian xe c\u1ee7a b\u1ea1n<\/p>\n<p>T\u00edch h\u1ee3p b\u1ed9 khu\u1ebfch \u0111\u1ea1i Class AB m\u1ea1nh m\u1ebd v\u1edbi c\u00f4ng su\u1ea5t 180W RMS<\/p>\n<p>\u0110\u1ea7u v\u00e0o Low\/High level<\/p>\n<p>B\u1ed9 \u0111i\u1ec1u khi\u1ec3n t\u1eeb xa \u0111\u1ec3 \u0111i\u1ec1u ch\u1ec9nh \u00e2m l\u01b0\u1ee3ng \u0111i k\u00e8m<\/p>\n<p>\u0110\u1eb7c bi\u1ec7t : Th\u00e2n s\u1ea3n ph\u1ea9m \u0111\u01b0\u1ee3c thi\u1ebft k\u1ebf b\u1eb1ng h\u1ee3p kim nh\u00f4m cao c\u1ea5p t\u1ea1o \u0111\u1ed9 b\u1ec1n v\u00e0 c\u1ed9ng h\u01b0\u1edfng th\u1ea5p \u0111\u1ec3 t\u00e1i t\u1ea1o \u00e2m bass ch\u00ednh x\u00e1c, t\u1ea3n nhi\u1ec7t t\u1ed1t &#8211; l\u00fd t\u01b0\u1edfng cho vi\u1ec7c l\u1eafp \u0111\u1eb7t d\u01b0\u1edbi gh\u1ebf ng\u1ed3i<\/p>\n<p><img loading=\"lazy\" decoding=\"async\" class=\"alignnone size-full wp-image-908\" src=\"https:\/\/autothaiduong.vn\/wp-content\/uploads\/2025\/05\/loa-suc-u8a-_3_.jpg\" width=\"600\" height=\"399\" alt=\"\" \/><\/p>\n<p>&nbsp;<\/p>\n<p>T\u00ednh n\u0103ng c\u1ee7a loa bass g\u1ea7m gh\u1ebf \u00f4 t\u00f4 Helix U8A &#8211; U10A:<\/p>\n<p>&#8211; B\u1ed9 khu\u1ebfch \u0111\u1ea1i Class AB t\u00edch h\u1ee3p m\u1ea1nh m\u1ebd v\u1edbi c\u00f4ng su\u1ea5t 180W RMS cho \u00e2m tr\u1ea7m \u0111\u1ee5c l\u1ed7<\/p>\n<p>&#8211; V\u1ecf nh\u00f4m di \u0111\u1ed9ng b\u1ec1n v\u00e0 c\u1ed9ng h\u01b0\u1edfng th\u1ea5p \u0111\u1ec3 t\u00e1i t\u1ea1o bass ch\u00ednh x\u00e1c v\u00e0 t\u1ea3n nhi\u1ec7t t\u1ed1i \u01b0u<\/p>\n<p>&#8211; Khung g\u1ea7m n\u1eb7ng 8&#8243;<\/p>\n<p>&#8211; B\u1ed9 khu\u1ebfch \u0111\u1ea1i Class AB t\u00edch h\u1ee3p v\u1edbi c\u00f4ng su\u1ea5t RMS 180W<\/p>\n<p>&#8211; B\u1ed9 l\u1ecdc lowpass c\u00f3 th\u1ec3 \u0111i\u1ec1u ch\u1ec9nh li\u00ean t\u1ee5c, b\u1ed9 l\u1ecdc lowpass hai b\u00ean<\/p>\n<p>&#8211; \u0110i\u1ec1u ch\u1ec9nh \u0111\u1eb7c bi\u1ec7t nh\u1ea1y c\u1ea3m c\u1ee7a pha<\/p>\n<p>&#8211; C\u00e1p \u0111i\u1ec1u khi\u1ec3n t\u1eeb xa \u0111\u1ec3 \u0111i\u1ec1u ch\u1ec9nh \u00e2m l\u01b0\u1ee3ng bao g\u1ed3m trong giao h\u00e0ng.<\/p>\n<p><img loading=\"lazy\" decoding=\"async\" class=\"alignnone size-full wp-image-909\" src=\"https:\/\/autothaiduong.vn\/wp-content\/uploads\/2025\/05\/loa-suc-u8a-_4_-600x440-1.jpg\" width=\"600\" height=\"440\" alt=\"\" \/><\/p>\n<p><img loading=\"lazy\" decoding=\"async\" class=\"alignnone size-full wp-image-910\" src=\"https:\/\/autothaiduong.vn\/wp-content\/uploads\/2025\/05\/loa-suc-u8a-_5_.jpg\" width=\"600\" height=\"399\" alt=\"\" \/><\/p>\n<p><img loading=\"lazy\" decoding=\"async\" class=\"alignnone size-full wp-image-911\" src=\"https:\/\/autothaiduong.vn\/wp-content\/uploads\/2025\/05\/loa-suc-u8a-_1_.jpg\" width=\"600\" height=\"399\" alt=\"\" \/><\/p>\n<p>&nbsp;<\/p>\n<\/div>\n","protected":false},"excerpt":{"rendered":"<p>T\u00ednh n\u0103ng c\u1ee7a loa bass g\u1ea7m gh\u1ebf \u00f4 t\u00f4 Helix U8A &#8211; U10A:<\/p>\n<p>&#8211; B\u1ed9 khu\u1ebfch \u0111\u1ea1i Class AB t\u00edch h\u1ee3p m\u1ea1nh m\u1ebd v\u1edbi c\u00f4ng su\u1ea5t 180W RMS cho \u00e2m tr\u1ea7m \u0111\u1ee5c l\u1ed7<\/p>\n<p>&#8211; V\u1ecf nh\u00f4m di \u0111\u1ed9ng b\u1ec1n v\u00e0 c\u1ed9ng h\u01b0\u1edfng th\u1ea5p \u0111\u1ec3 t\u00e1i t\u1ea1o bass ch\u00ednh x\u00e1c v\u00e0 t\u1ea3n nhi\u1ec7t t\u1ed1i \u01b0u<\/p>\n<p>&#8211; Khung g\u1ea7m n\u1eb7ng 8&#8243;<\/p>\n<p>&#8211; B\u1ed9 khu\u1ebfch \u0111\u1ea1i Class AB t\u00edch h\u1ee3p v\u1edbi c\u00f4ng su\u1ea5t RMS 180W<\/p>\n<p>&#8211; B\u1ed9 l\u1ecdc lowpass c\u00f3 th\u1ec3 \u0111i\u1ec1u ch\u1ec9nh li\u00ean t\u1ee5c, b\u1ed9 l\u1ecdc lowpass hai b\u00ean<\/p>\n<p>&#8211; \u0110i\u1ec1u ch\u1ec9nh \u0111\u1eb7c bi\u1ec7t nh\u1ea1y c\u1ea3m c\u1ee7a pha<\/p>\n<p>&#8211; C\u00e1p \u0111i\u1ec1u khi\u1ec3n t\u1eeb xa \u0111\u1ec3 \u0111i\u1ec1u ch\u1ec9nh \u00e2m l\u01b0\u1ee3ng bao g\u1ed3m trong giao h\u00e0ng.<\/p>\n","protected":false},"featured_media":907,"comment_status":"open","ping_status":"closed","template":"","meta":[],"product_brand":[108],"product_cat":[19,97],"product_tag":[],"class_list":{"0":"post-905","1":"product","2":"type-product","3":"status-publish","4":"has-post-thumbnail","6":"product_brand-helix","7":"product_cat-am-thanh","8":"product_cat-sub-dien","10":"first","11":"instock","12":"shipping-taxable","13":"purchasable","14":"product-type-simple"},"_links":{"self":[{"href":"https:\/\/autothaiduong.vn\/index.php?rest_route=\/wp\/v2\/product\/905","targetHints":{"allow":["GET"]}}],"collection":[{"href":"https:\/\/autothaiduong.vn\/index.php?rest_route=\/wp\/v2\/product"}],"about":[{"href":"https:\/\/autothaiduong.vn\/index.php?rest_route=\/wp\/v2\/types\/product"}],"replies":[{"embeddable":true,"href":"https:\/\/autothaiduong.vn\/index.php?rest_route=%2Fwp%2Fv2%2Fcomments&post=905"}],"wp:featuredmedia":[{"embeddable":true,"href":"https:\/\/autothaiduong.vn\/index.php?rest_route=\/wp\/v2\/media\/907"}],"wp:attachment":[{"href":"https:\/\/autothaiduong.vn\/index.php?rest_route=%2Fwp%2Fv2%2Fmedia&parent=905"}],"wp:term":[{"taxonomy":"product_brand","embeddable":true,"href":"https:\/\/autothaiduong.vn\/index.php?rest_route=%2Fwp%2Fv2%2Fproduct_brand&post=905"},{"taxonomy":"product_cat","embeddable":true,"href":"https:\/\/autothaiduong.vn\/index.php?rest_route=%2Fwp%2Fv2%2Fproduct_cat&post=905"},{"taxonomy":"product_tag","embeddable":true,"href":"https:\/\/autothaiduong.vn\/index.php?rest_route=%2Fwp%2Fv2%2Fproduct_tag&post=905"}],"curies":[{"name":"wp","href":"https:\/\/api.w.org\/{rel}","templated":true}]}}