{"id":919,"date":"2025-05-10T15:47:07","date_gmt":"2025-05-10T15:47:07","guid":{"rendered":"https:\/\/autothaiduong.vn\/?post_type=product&#038;p=919"},"modified":"2025-05-10T15:48:45","modified_gmt":"2025-05-10T15:48:45","slug":"loa-sub-sieu-tram-hertz-dba-201","status":"publish","type":"product","link":"https:\/\/autothaiduong.vn\/?product=loa-sub-sieu-tram-hertz-dba-201","title":{"rendered":"Loa Sub si\u00eau tr\u1ea7m HERTZ DBA 201"},"content":{"rendered":"<p><img loading=\"lazy\" decoding=\"async\" class=\" wp-image-489 aligncenter\" src=\"https:\/\/autothaiduong.vn\/wp-content\/uploads\/2025\/04\/z6584734442481_f208f5944548cb4b46353402ce2e64e0.jpg\" alt=\"\" width=\"273\" height=\"242\" \/><\/p>\n<p style=\"text-align: center;\"><span style=\"color: #ff0000; font-size: 150%;\"><strong>273-275 Tr\u1ea7n Ph\u00fa Ph\u01b0\u1eddng L\u1ed9c S\u01a1n Th\u00e0nh Ph\u1ed1 B\u1ea3o L\u1ed9c T\u1ec9nh L\u00e2m \u0110\u1ed3ng<\/strong><\/span><\/p>\n<p style=\"text-align: center;\"><span style=\"color: #ff0000; font-size: 150%;\"><strong> Hotline: 0912197441<\/strong><\/span><\/p>\n<section class=\"section-full-width section-product-template float-start w-100\">\n<div>\n<div class=\"container\">\n<div class=\"row\">\n<div class=\"product-layout-informations col-12\">\n<div id=\"product-tab-content\" class=\"tab-content\">\n<div id=\"product-specs\" class=\"tab-pane fade show active\" role=\"tabpanel\" aria-labelledby=\"product-control-specs\">\n<div class=\"row\">\n<div class=\"col-md-6 col-xs-12 mb-5\">\n<div class=\"table-responsive-sm sc--separator-elements\">\n<table class=\"table caption-top\">\n<tbody>\n<tr>\n<td><strong>K\u00edch th\u01b0\u1edbc<\/strong>\u00a0mm (in.)<\/td>\n<td>200 (8)<\/td>\n<\/tr>\n<tr>\n<td><strong>X\u1eed l\u00fd \u0111i\u1ec7n n\u0103ng &#8211; Li\u00ean t\u1ee5c<\/strong>\u00a0W<\/td>\n<td>220<\/td>\n<\/tr>\n<tr>\n<td><strong>X\u1eed l\u00fd c\u00f4ng su\u1ea5t &#8211; \u0110\u1ec9nh<\/strong>\u00a0W<\/td>\n<td>440<\/td>\n<\/tr>\n<tr>\n<td><strong>Tr\u1edf kh\u00e1ng<\/strong>\u00a0Ohm<\/td>\n<td>0,4<\/td>\n<\/tr>\n<tr>\n<td><strong>Thi\u1ebft k\u1ebf<\/strong><\/td>\n<td>H\u1ed9p loa si\u00eau tr\u1ea7m ch\u1ee7 \u0111\u1ed9ng v\u1edbi b\u1ed9 t\u1ea3n nhi\u1ec7t th\u1ee5 \u0111\u1ed9ng k\u00e9p<\/td>\n<\/tr>\n<tr>\n<td><strong>Cu\u1ed9n d\u00e2y gi\u1ecdng n\u00f3i \u00d8<\/strong><\/td>\n<td>38,6 (1,52) mm (in.)<\/td>\n<\/tr>\n<tr>\n<td><strong>\u0110\u00e1p \u1ee9ng t\u1ea7n s\u1ed1<\/strong>\u00a0Hz<\/td>\n<td>32 \u00f7 400<\/td>\n<\/tr>\n<tr>\n<td><strong>K\u00edch th\u01b0\u1edbc nam ch\u00e2m D xdxh<\/strong>\u00a0mm (in.)<\/td>\n<td>115 x 47 x 25 (4,5 x 1,8 x 0,98)<\/td>\n<\/tr>\n<tr>\n<td><strong>Tr\u1ecdng l\u01b0\u1ee3ng c\u1ee7a m\u1ed9t th\u00e0nh ph\u1ea7n<\/strong>\u00a0kg (lb.)<\/td>\n<td>6.7 (10.54)<\/td>\n<\/tr>\n<tr>\n<td><strong>Nam ch\u00e2m<\/strong><\/td>\n<td>Ferrite th\u00f4ng l\u01b0\u1ee3ng m\u1eadt \u0111\u1ed9 cao<\/td>\n<\/tr>\n<tr>\n<td><strong>h\u00ecnh n\u00f3n<\/strong><\/td>\n<td>Gi\u1ea5y \u00e9p<\/td>\n<\/tr>\n<tr>\n<td><strong>Lo\u1ea1i cu\u1ed9n d\u00e2y tho\u1ea1i<\/strong><\/td>\n<td>\u0110\u1ed3ng<\/td>\n<\/tr>\n<\/tbody>\n<caption class=\"product-tab-title\">Th\u00f4ng s\u1ed1 k\u1ef9 thu\u1eadt<\/caption>\n<\/table>\n<\/div>\n<\/div>\n<div class=\"col-md-6 col-xs-12 mb-5\">\n<div class=\"table-responsive-sm sc--separator-elements\">\n<table class=\"table caption-top table--m--ww\">\n<tbody>\n<tr>\n<td><strong>\u0110i\u1ec7n \u00e1p ho\u1ea1t \u0111\u1ed9ng<\/strong>\u00a0VDC (C\u1ea7u ch\u00ec)<\/td>\n<td>6,5 \u00f7 18 (15A)<\/td>\n<\/tr>\n<tr>\n<td><strong>\u0110i\u1ec7n \u00e1p b\u1eaft \u0111\u1ea7u &#8211; d\u1eebng<\/strong>\u00a0VDC<\/td>\n<td>6<\/td>\n<\/tr>\n<tr>\n<td><strong>D\u00f2ng \u0111i\u1ec7n ch\u1ea1y kh\u00f4ng t\u1ea3i<\/strong>\u00a0A (T\u1eaeT ngu\u1ed3n)<\/td>\n<td>260 m\u00e9t (1 m\u00e9t)<\/td>\n<\/tr>\n<tr>\n<td><strong>Ti\u00eau th\u1ee5 @ 14,4 VDC C\u00f4ng su\u1ea5t \u00e2m nh\u1ea1c t\u1ed1i \u0111a<\/strong>\u00a0A<\/td>\n<td>8,5<\/td>\n<\/tr>\n<tr>\n<td><strong>Remote IN B\u1eadt<\/strong>\u00a0VDC (D\u00f2ng \u0111i\u1ec7n)<\/td>\n<td>4 (1mA)<\/td>\n<\/tr>\n<tr>\n<td><strong>T\u00edn hi\u1ec7u \u0111\u1ea7u v\u00e0o PRE B\u1eadt<\/strong>\u00a0VRMS<\/td>\n<td>10mV<\/td>\n<\/tr>\n<tr>\n<td><strong>\u0110\u1ea7u v\u00e0o SPK DC B\u1eadt<\/strong>\u00a0VDC<\/td>\n<td>2<\/td>\n<\/tr>\n<\/tbody>\n<caption class=\"product-tab-title\">Ngu\u1ed3n \u0111i\u1ec7n<\/caption>\n<\/table>\n<\/div>\n<\/div>\n<div class=\"col-md-6 col-xs-12 mb-5\">\n<div class=\"table-responsive-sm sc--separator-elements\">\n<table class=\"table caption-top table--m--ww\">\n<tbody>\n<tr>\n<td><strong>\u0110\u1ed9 m\u00e9o ti\u1ebfng &#8211; THD @ 100 Hz<\/strong>\u00a0%<\/td>\n<td>0,15<\/td>\n<\/tr>\n<tr>\n<td><strong>B\u0103ng th\u00f4ng<\/strong>\u00a0Hz<\/td>\n<td>15 &#8211; 150<\/td>\n<\/tr>\n<tr>\n<td><strong>T\u1ef7 s\u1ed1 S\/N<\/strong>\u00a0dBA<\/td>\n<td>100<\/td>\n<\/tr>\n<tr>\n<td><strong>C\u00f4ng su\u1ea5t \u0111\u1ea7u ra (RMS) @ 14,4 VDC, 1% THD<\/strong>\u00a0W<\/td>\n<td>220<\/td>\n<\/tr>\n<\/tbody>\n<caption class=\"product-tab-title\">Giai \u0111o\u1ea1n khu\u1ebfch \u0111\u1ea1i<\/caption>\n<\/table>\n<\/div>\n<\/div>\n<div class=\"col-md-6 col-xs-12 mb-5\">\n<div class=\"table-responsive-sm sc--separator-elements\">\n<table class=\"table caption-top table--m--ww\">\n<tbody>\n<tr>\n<td><strong>T\u00edn hi\u1ec7u \u0111\u1ea7u v\u00e0o PRE<\/strong>\u00a0VRMS (tr\u1edf kh\u00e1ng)<\/td>\n<td>0,2 \u00f7 5 (10k\u03a9)<\/td>\n<\/tr>\n<tr>\n<td><strong>T\u00edn hi\u1ec7u \u0111\u1ea7u v\u00e0o SPK<\/strong>\u00a0VRMS (tr\u1edf kh\u00e1ng)<\/td>\n<td>1,2 \u00f7 30 (6\u03a9)<\/td>\n<\/tr>\n<tr>\n<td><strong>B\u1ed9 l\u1ecdc LO-PASS @ 24 dB Oct c\u00f3 th\u1ec3 \u0111i\u1ec1u ch\u1ec9nh<\/strong>\u00a0Hz<\/td>\n<td>50 \u00f7 150<\/td>\n<\/tr>\n<tr>\n<td><strong>B\u1ed9 l\u1ecdc d\u01b0\u1edbi \u00e2m @ 24 dB Oct c\u1ed1 \u0111\u1ecbnh<\/strong>\u00a0Hz<\/td>\n<td>15<\/td>\n<\/tr>\n<tr>\n<td><strong>C\u00f4ng t\u1eafc pha<\/strong><\/td>\n<td>0 \/ 180\u00b0<\/td>\n<\/tr>\n<tr>\n<td><strong>T\u0103ng c\u01b0\u1eddng \u00e2m tr\u1ea7m @45 Hz<\/strong>\u00a0dB<\/td>\n<td>0 \u00f7 6<\/td>\n<\/tr>\n<tr>\n<td><strong>\u0110i\u1ec1u khi\u1ec3n \u00e2m l\u01b0\u1ee3ng ph\u1ee5<\/strong>\u00a0dB<\/td>\n<td>0 \u00f7 -15 (bao g\u1ed3m HRC 01)<\/td>\n<\/tr>\n<\/tbody>\n<caption class=\"product-tab-title\">T\u00edn hi\u1ec7u \u0111\u1ea7u v\u00e0o \/ B\u1ed9 l\u1ecdc<\/caption>\n<\/table>\n<\/div>\n<\/div>\n<div class=\"col-md-6 col-xs-12 mb-5\">\n<div class=\"sc--separator-elements\">\n<div class=\"product-tab-title mb-3\">Th\u00f4ng s\u1ed1 k\u1ef9 thu\u1eadt v\u1eadt l\u00fd<\/div>\n<p><img loading=\"lazy\" decoding=\"async\" class=\"alignnone size-full wp-image-921\" src=\"https:\/\/autothaiduong.vn\/wp-content\/uploads\/2025\/05\/Hertz_DBA201_dim.png\" alt=\"Qu\u1ea3n tr\u1ecb c\u01a1 s\u1edf d\u1eef li\u1ec7u 201\" width=\"1280\" height=\"526\" srcset=\"https:\/\/autothaiduong.vn\/wp-content\/uploads\/2025\/05\/Hertz_DBA201_dim.png 1280w, https:\/\/autothaiduong.vn\/wp-content\/uploads\/2025\/05\/Hertz_DBA201_dim-600x247.png 600w, https:\/\/autothaiduong.vn\/wp-content\/uploads\/2025\/05\/Hertz_DBA201_dim-1024x421.png 1024w, https:\/\/autothaiduong.vn\/wp-content\/uploads\/2025\/05\/Hertz_DBA201_dim-768x316.png 768w\" sizes=\"auto, (max-width: 1280px) 100vw, 1280px\" \/><\/p>\n<div class=\"table-responsive-sm\">\n<table class=\"table caption-top\">\n<tbody>\n<tr>\n<td><\/td>\n<td>mm<\/td>\n<td>TRONG<\/td>\n<\/tr>\n<tr>\n<td><strong>M\u1ed8T<\/strong><\/td>\n<td>291<\/td>\n<td>11,46<\/td>\n<\/tr>\n<tr>\n<td><strong>B<\/strong><\/td>\n<td>315,5<\/td>\n<td>12,42<\/td>\n<\/tr>\n<tr>\n<td><strong>C<\/strong><\/td>\n<td>264<\/td>\n<td>10.39<\/td>\n<\/tr>\n<\/tbody>\n<\/table>\n<div class=\"product-tab-title mb-3\">C\u00f4ng ngh\u1ec7<\/div>\n<div class=\"col-md-6 col-xs-12 mb-5\">\n<div class=\"sc--separator-elements\">\n<div class=\"row\">\n<p><img loading=\"lazy\" decoding=\"async\" class=\"alignnone size-full wp-image-922\" src=\"https:\/\/autothaiduong.vn\/wp-content\/uploads\/2025\/05\/HERTZ_DBA-201F_AMPLI_EMO_2023_09_12.jpg\" alt=\"Qu\u1ea3n tr\u1ecb c\u01a1 s\u1edf d\u1eef li\u1ec7u 201\" width=\"1200\" height=\"675\" srcset=\"https:\/\/autothaiduong.vn\/wp-content\/uploads\/2025\/05\/HERTZ_DBA-201F_AMPLI_EMO_2023_09_12.jpg 1200w, https:\/\/autothaiduong.vn\/wp-content\/uploads\/2025\/05\/HERTZ_DBA-201F_AMPLI_EMO_2023_09_12-600x338.jpg 600w, https:\/\/autothaiduong.vn\/wp-content\/uploads\/2025\/05\/HERTZ_DBA-201F_AMPLI_EMO_2023_09_12-1024x576.jpg 1024w, https:\/\/autothaiduong.vn\/wp-content\/uploads\/2025\/05\/HERTZ_DBA-201F_AMPLI_EMO_2023_09_12-768x432.jpg 768w\" sizes=\"auto, (max-width: 1200px) 100vw, 1200px\" \/><\/p>\n<div class=\"col-md-6 col-sm-12\">\n<div>\n<p><img loading=\"lazy\" decoding=\"async\" class=\"alignnone size-full wp-image-923\" src=\"https:\/\/autothaiduong.vn\/wp-content\/uploads\/2025\/05\/Hertz_ADC.png\" alt=\"\" width=\"501\" height=\"169\" \/><\/p>\n<p>&nbsp;<\/p>\n<p>B\u1ed9 khu\u1ebfch \u0111\u1ea1i Class-D 440 W cung c\u1ea5p t\u1ef7 l\u1ec7 hi\u1ec7u su\u1ea5t\/k\u00edch th\u01b0\u1edbc v\u00f4 song, ti\u00eau th\u1ee5 \u00edt d\u00f2ng \u0111i\u1ec7n h\u01a1n t\u1eeb h\u1ec7 th\u1ed1ng \u0111i\u1ec7n c\u1ee7a xe. C\u00f4ng ngh\u1ec7 He-Li (hi\u1ec7u su\u1ea5t cao\/tr\u1edf kh\u00e1ng th\u1ea5p) \u0111\u01b0\u1ee3c t\u1ed1i \u01b0u h\u00f3a cho t\u1ea3i 0,4 \u03a9 c\u1ee7a tr\u00ecnh \u0111i\u1ec1u khi\u1ec3n loa si\u00eau tr\u1ea7m DBA 201 v\u00e0 v\u1ecf b\u1ecdc k\u00edn.<\/p>\n<\/div>\n<\/div>\n<\/div>\n<\/div>\n<\/div>\n<div class=\"col-md-6 col-xs-12 mb-5\">\n<div class=\"sc--separator-elements\">\n<div class=\"row\">\n<p><img loading=\"lazy\" decoding=\"async\" class=\"alignnone size-full wp-image-924\" src=\"https:\/\/autothaiduong.vn\/wp-content\/uploads\/2025\/05\/HERTZ_DBA-201F_AMPLI_ESPLOSO_2023_09_11-e1695115641217.jpg\" alt=\"Qu\u1ea3n tr\u1ecb c\u01a1 s\u1edf d\u1eef li\u1ec7u 201\" width=\"966\" height=\"604\" srcset=\"https:\/\/autothaiduong.vn\/wp-content\/uploads\/2025\/05\/HERTZ_DBA-201F_AMPLI_ESPLOSO_2023_09_11-e1695115641217.jpg 966w, https:\/\/autothaiduong.vn\/wp-content\/uploads\/2025\/05\/HERTZ_DBA-201F_AMPLI_ESPLOSO_2023_09_11-e1695115641217-600x375.jpg 600w, https:\/\/autothaiduong.vn\/wp-content\/uploads\/2025\/05\/HERTZ_DBA-201F_AMPLI_ESPLOSO_2023_09_11-e1695115641217-768x480.jpg 768w\" sizes=\"auto, (max-width: 966px) 100vw, 966px\" \/><\/p>\n<div class=\"col-md-6 col-sm-12\">\n<div>\n<p><img loading=\"lazy\" decoding=\"async\" class=\"alignnone size-full wp-image-925\" src=\"https:\/\/autothaiduong.vn\/wp-content\/uploads\/2025\/05\/Hertz_USS.png\" alt=\"\" width=\"695\" height=\"169\" srcset=\"https:\/\/autothaiduong.vn\/wp-content\/uploads\/2025\/05\/Hertz_USS.png 695w, https:\/\/autothaiduong.vn\/wp-content\/uploads\/2025\/05\/Hertz_USS-600x146.png 600w\" sizes=\"auto, (max-width: 695px) 100vw, 695px\" \/><\/p>\n<p>&nbsp;<\/p>\n<p>DBA 201 c\u00f3 th\u1ec3 x\u1eed l\u00fd t\u00edn hi\u1ec7u m\u1ee9c loa l\u00ean \u0111\u1ebfn 30 v\u00f4n (1,2V \u2013 30 V rms) v\u00e0 bao g\u1ed3m USS cho c\u00e1c h\u1ec7 th\u1ed1ng OEM v\u00e0 x\u1eed l\u00fd t\u00edn hi\u1ec7u m\u1ee9c \u0111\u01b0\u1eddng d\u00e2y RCA (0,2mV \u2013 5 V rms) t\u1eeb c\u00e1c h\u1ec7 th\u1ed1ng h\u1eadu m\u00e3i. Nh\u1edd d\u00f2ng \u0111i\u1ec7n ch\u1ea1y kh\u00f4ng t\u1ea3i th\u1ea5p v\u00e0 \u0111i\u1ec7n \u00e1p cung c\u1ea5p ho\u1ea1t \u0111\u1ed9ng r\u1ed9ng (6,5V \u2013 18V), DBA 201 ho\u00e0n to\u00e0n th\u00e2n thi\u1ec7n v\u1edbi EV (Xe \u0111i\u1ec7n).<\/p>\n<\/div>\n<\/div>\n<\/div>\n<\/div>\n<\/div>\n<div class=\"col-md-6 col-xs-12 mb-5\">\n<div class=\"sc--separator-elements\">\n<div class=\"row\">\n<p><img loading=\"lazy\" decoding=\"async\" class=\"alignnone size-full wp-image-926\" src=\"https:\/\/autothaiduong.vn\/wp-content\/uploads\/2025\/05\/HERTZ_DBA-201_ESPLOSO_2023_09_08.jpg\" alt=\"Qu\u1ea3n tr\u1ecb c\u01a1 s\u1edf d\u1eef li\u1ec7u 201\" width=\"1200\" height=\"1019\" srcset=\"https:\/\/autothaiduong.vn\/wp-content\/uploads\/2025\/05\/HERTZ_DBA-201_ESPLOSO_2023_09_08.jpg 1200w, https:\/\/autothaiduong.vn\/wp-content\/uploads\/2025\/05\/HERTZ_DBA-201_ESPLOSO_2023_09_08-600x510.jpg 600w, https:\/\/autothaiduong.vn\/wp-content\/uploads\/2025\/05\/HERTZ_DBA-201_ESPLOSO_2023_09_08-1024x870.jpg 1024w, https:\/\/autothaiduong.vn\/wp-content\/uploads\/2025\/05\/HERTZ_DBA-201_ESPLOSO_2023_09_08-768x652.jpg 768w\" sizes=\"auto, (max-width: 1200px) 100vw, 1200px\" \/><\/p>\n<div class=\"col-md-6 col-sm-12\">\n<div>\n<p><img loading=\"lazy\" decoding=\"async\" class=\"alignnone size-full wp-image-927\" src=\"https:\/\/autothaiduong.vn\/wp-content\/uploads\/2025\/05\/Hertz_DBA_201_Active_Subwoofer_Double_Passive_Radiator.png\" alt=\"\" width=\"1280\" height=\"298\" srcset=\"https:\/\/autothaiduong.vn\/wp-content\/uploads\/2025\/05\/Hertz_DBA_201_Active_Subwoofer_Double_Passive_Radiator.png 1280w, https:\/\/autothaiduong.vn\/wp-content\/uploads\/2025\/05\/Hertz_DBA_201_Active_Subwoofer_Double_Passive_Radiator-600x140.png 600w, https:\/\/autothaiduong.vn\/wp-content\/uploads\/2025\/05\/Hertz_DBA_201_Active_Subwoofer_Double_Passive_Radiator-1024x238.png 1024w, https:\/\/autothaiduong.vn\/wp-content\/uploads\/2025\/05\/Hertz_DBA_201_Active_Subwoofer_Double_Passive_Radiator-768x179.png 768w\" sizes=\"auto, (max-width: 1280px) 100vw, 1280px\" \/><\/p>\n<p>&nbsp;<\/p>\n<p>V\u1ecf t\u1ea3n nhi\u1ec7t th\u1ee5 \u0111\u1ed9ng k\u00e9p DBA 201 \u0111\u01b0\u1ee3c l\u00e0m b\u1eb1ng MDF nguy\u00ean kh\u1ed1i v\u00e0 \u0111\u01b0\u1ee3c t\u1ed1i \u01b0u h\u00f3a b\u1eb1ng m\u00f4 ph\u1ecfng FEM \u0111\u1ea3m b\u1ea3o hi\u1ec7u su\u1ea5t v\u01b0\u1ee3t tr\u1ed9i, t\u1ed1i \u0111a h\u00f3a \u0111\u1ea7u ra c\u1ee7a loa si\u00eau tr\u1ea7m.<\/p>\n<\/div>\n<\/div>\n<\/div>\n<\/div>\n<\/div>\n<div class=\"col-md-6 col-xs-12 mb-5\">\n<div class=\"sc--separator-elements\">\n<div class=\"row\">\n<p><img loading=\"lazy\" decoding=\"async\" class=\"alignnone size-full wp-image-928\" src=\"https:\/\/autothaiduong.vn\/wp-content\/uploads\/2025\/05\/Hertz_DBA_201_Sub_Smart_Plug.jpg\" alt=\"Qu\u1ea3n tr\u1ecb c\u01a1 s\u1edf d\u1eef li\u1ec7u 201\" width=\"686\" height=\"637\" srcset=\"https:\/\/autothaiduong.vn\/wp-content\/uploads\/2025\/05\/Hertz_DBA_201_Sub_Smart_Plug.jpg 686w, https:\/\/autothaiduong.vn\/wp-content\/uploads\/2025\/05\/Hertz_DBA_201_Sub_Smart_Plug-600x557.jpg 600w\" sizes=\"auto, (max-width: 686px) 100vw, 686px\" \/><\/p>\n<div class=\"col-md-6 col-sm-12\">\n<div>\n<p><img loading=\"lazy\" decoding=\"async\" class=\"alignnone size-full wp-image-929\" src=\"https:\/\/autothaiduong.vn\/wp-content\/uploads\/2025\/05\/Hertz_Sub_Smart_Plug-1024x288-1.png\" alt=\"\" width=\"1024\" height=\"288\" srcset=\"https:\/\/autothaiduong.vn\/wp-content\/uploads\/2025\/05\/Hertz_Sub_Smart_Plug-1024x288-1.png 1024w, https:\/\/autothaiduong.vn\/wp-content\/uploads\/2025\/05\/Hertz_Sub_Smart_Plug-1024x288-1-600x169.png 600w, https:\/\/autothaiduong.vn\/wp-content\/uploads\/2025\/05\/Hertz_Sub_Smart_Plug-1024x288-1-768x216.png 768w\" sizes=\"auto, (max-width: 1024px) 100vw, 1024px\" \/><\/p>\n<p>&nbsp;<\/p>\n<p>DBA 201 \u0111\u01b0\u1ee3c thi\u1ebft k\u1ebf \u0111\u1ec3 d\u1ec5 d\u00e0ng th\u00e1o ra th\u00f4ng qua Plug &amp; Play Molex\u00ae v\u00e0 d\u00e2y n\u1ecbt, bao g\u1ed3m k\u1ebft n\u1ed1i ngu\u1ed3n. Khi b\u1ea1n c\u1ea7n th\u00eam kh\u00f4ng gian ch\u1ee9a h\u00e0ng, b\u1ea1n c\u00f3 th\u1ec3 nhanh ch\u00f3ng r\u00fat ph\u00edch c\u1eafm v\u00e0 th\u00e1o h\u1ed9p.<\/p>\n<div class=\"elementor-element elementor-element-7c5f478 elementor-widget elementor-widget-heading\" data-id=\"7c5f478\" data-element_type=\"widget\" data-widget_type=\"heading.default\">\n<div class=\"elementor-widget-container\">\n<h2 class=\"elementor-heading-title elementor-size-default\">Loa si\u00eau tr\u1ea7m ch\u1ee7 \u0111\u1ed9ng DBA 201<\/h2>\n<\/div>\n<\/div>\n<div class=\"elementor-element elementor-element-d97438a elementor-widget elementor-widget-text-editor\" data-id=\"d97438a\" data-element_type=\"widget\" data-widget_type=\"text-editor.default\">\n<div class=\"elementor-widget-container\">\n<h4><b>H\u00e3y t\u01b0\u1edfng t\u01b0\u1ee3ng b\u1ea1n \u0111ang l\u00e1i xe tr\u00ean \u0111\u01b0\u1eddng cao t\u1ed1c, c\u1ea3m nh\u1eadn t\u1eebng nh\u1ecbp \u0111\u1eadp m\u1ea1nh m\u1ebd trong xe c\u1ee7a b\u1ea1n. \u0110\u00f3 ch\u00ednh l\u00e0 m\u1ee5c \u0111\u00edch c\u1ee7a H\u1ed9p loa si\u00eau tr\u1ea7m Hertz Audio DBA 201. Gi\u1ed1ng nh\u01b0 \u0111ang c\u00f3 m\u1ed9t bu\u1ed5i h\u00f2a nh\u1ea1c trong xe c\u1ee7a b\u1ea1n, v\u1edbi \u00e2m tr\u1ea7m s\u00e2u, phong ph\u00fa khi\u1ebfn b\u1ea1n kh\u00f4ng bao gi\u1edd mu\u1ed1n r\u1eddi kh\u1ecfi xe.<\/b><\/h4>\n<\/div>\n<\/div>\n<div class=\"elementor-element elementor-element-346f8d2 elementor-widget elementor-widget-text-editor\" data-id=\"346f8d2\" data-element_type=\"widget\" data-widget_type=\"text-editor.default\">\n<div class=\"elementor-widget-container\">\n<p>V\u00e0 n\u00e0y, c\u00e0i \u0111\u1eb7t \u01b0? D\u1ec5 nh\u01b0 \u0103n k\u1eb9o. Kh\u00f4ng c\u1ea7n ph\u1ea3i c\u0103ng th\u1eb3ng v\u1ec1 c\u00e1c thi\u1ebft l\u1eadp ph\u1ee9c t\u1ea1p. Ch\u1ec9 c\u1ea7n l\u1eafp c\u1eadu b\u00e9 x\u1ea5u x\u00ed n\u00e0y v\u00e0o xe c\u1ee7a b\u1ea1n l\u00e0 xong. Tin ch\u00fang t\u00f4i \u0111i, \u0111\u00f4i tai c\u1ee7a b\u1ea1n s\u1ebd c\u1ea3m \u01a1n b\u1ea1n.<\/p>\n<\/div>\n<\/div>\n<\/div>\n<\/div>\n<\/div>\n<\/div>\n<\/div>\n<\/div>\n<\/div>\n<\/div>\n<form action=\"https:\/\/hertz-audio.com\/wp-admin\/admin-post.php\" method=\"post\" target=\"_blank\"><button class=\"hrtz--pdf-button\" type=\"submit\"><\/button><\/form>\n<\/div>\n<\/div>\n<\/div>\n<\/div>\n<\/div>\n<\/div>\n<\/div>\n<\/section>\n","protected":false},"excerpt":{"rendered":"<ul>\n<li>Hi\u1ec7u su\u1ea5t cao trong thi\u1ebft k\u1ebf nh\u1ecf g\u1ecdn th\u1eddi trang<\/li>\n<li>B\u1ed9 khu\u1ebfch \u0111\u1ea1i Class D c\u00f4ng su\u1ea5t c\u1ef1c \u0111\u1ea1i 440 watt<\/li>\n<li>T\u01b0\u01a1ng th\u00edch v\u1edbi m\u1ecdi h\u1ec7 th\u1ed1ng \u00e2m thanh tr\u00ean xe h\u01a1i<\/li>\n<li>K\u1ebft n\u1ed1i C\u1eafm v\u00e0 Ch\u1ea1y<\/li>\n<li>B\u1ed9 \u0111i\u1ec1u khi\u1ec3n \u0111\u1ea7y \u0111\u1ee7 \u0111\u1ec3 tinh ch\u1ec9nh hi\u1ec7u su\u1ea5t trong xe<\/li>\n<li>T\u1ef1 \u0111\u1ed9ng b\u1eadt v\u00e0 ch\u1ebf \u0111\u1ed9 ch\u1edd<\/li>\n<li>Cung c\u1ea5p \u0111i\u1ec1u khi\u1ec3n c\u1ea5p \u0111\u1ed9 t\u1eeb xa<\/li>\n<\/ul>\n","protected":false},"featured_media":920,"comment_status":"open","ping_status":"closed","template":"","meta":[],"product_brand":[110],"product_cat":[19,97],"product_tag":[],"class_list":{"0":"post-919","1":"product","2":"type-product","3":"status-publish","4":"has-post-thumbnail","6":"product_brand-hertz","7":"product_cat-am-thanh","8":"product_cat-sub-dien","10":"first","11":"instock","12":"shipping-taxable","13":"purchasable","14":"product-type-simple"},"_links":{"self":[{"href":"https:\/\/autothaiduong.vn\/index.php?rest_route=\/wp\/v2\/product\/919","targetHints":{"allow":["GET"]}}],"collection":[{"href":"https:\/\/autothaiduong.vn\/index.php?rest_route=\/wp\/v2\/product"}],"about":[{"href":"https:\/\/autothaiduong.vn\/index.php?rest_route=\/wp\/v2\/types\/product"}],"replies":[{"embeddable":true,"href":"https:\/\/autothaiduong.vn\/index.php?rest_route=%2Fwp%2Fv2%2Fcomments&post=919"}],"wp:featuredmedia":[{"embeddable":true,"href":"https:\/\/autothaiduong.vn\/index.php?rest_route=\/wp\/v2\/media\/920"}],"wp:attachment":[{"href":"https:\/\/autothaiduong.vn\/index.php?rest_route=%2Fwp%2Fv2%2Fmedia&parent=919"}],"wp:term":[{"taxonomy":"product_brand","embeddable":true,"href":"https:\/\/autothaiduong.vn\/index.php?rest_route=%2Fwp%2Fv2%2Fproduct_brand&post=919"},{"taxonomy":"product_cat","embeddable":true,"href":"https:\/\/autothaiduong.vn\/index.php?rest_route=%2Fwp%2Fv2%2Fproduct_cat&post=919"},{"taxonomy":"product_tag","embeddable":true,"href":"https:\/\/autothaiduong.vn\/index.php?rest_route=%2Fwp%2Fv2%2Fproduct_tag&post=919"}],"curies":[{"name":"wp","href":"https:\/\/api.w.org\/{rel}","templated":true}]}}