{"id":930,"date":"2025-05-10T15:58:00","date_gmt":"2025-05-10T15:58:00","guid":{"rendered":"https:\/\/autothaiduong.vn\/?post_type=product&#038;p=930"},"modified":"2025-05-11T16:20:07","modified_gmt":"2025-05-11T16:20:07","slug":"loa-sub-hertz-ebx-f20-5-sieu-tram","status":"publish","type":"product","link":"https:\/\/autothaiduong.vn\/?product=loa-sub-hertz-ebx-f20-5-sieu-tram","title":{"rendered":"Loa Sub Hertz EBX F20.5 si\u00eau tr\u1ea7m"},"content":{"rendered":"<p><img loading=\"lazy\" decoding=\"async\" class=\" wp-image-489 aligncenter\" src=\"https:\/\/autothaiduong.vn\/wp-content\/uploads\/2025\/04\/z6584734442481_f208f5944548cb4b46353402ce2e64e0.jpg\" alt=\"\" width=\"316\" height=\"280\" \/><\/p>\n<p style=\"text-align: center;\"><span style=\"font-size: 150%;\"><strong><span style=\"color: #ff0000;\">273-275 Tr\u1ea7n Ph\u00fa Ph\u01b0\u1eddng L\u1ed9c S\u01a1n Th\u00e0nh Ph\u1ed1 B\u1ea3o L\u1ed9c T\u1ec9nh L\u00e2m \u0110\u1ed3ng<\/span><\/strong><\/span><\/p>\n<p style=\"text-align: center;\"><span style=\"font-size: 150%;\"><strong><span style=\"color: #ff0000;\"> Hotline: 0912197441<\/span><\/strong><\/span><\/p>\n<p>&nbsp;<\/p>\n<h2>M\u00f4 t\u1ea3 s\u1ea3n ph\u1ea9m<\/h2>\n<div>\n<h2>Hertz EBX F20.5 \u2013 D\u00f2ng Loa sub xe b\u00e1n t\u1ea3i \u0111\u1ec9nh cao t\u1eeb Italia<\/h2>\n<p><strong><a href=\"https:\/\/www.hertzaudiovideo.com\/\" target=\"_blank\" rel=\"noopener\">Loa Sub Hertz<\/a><\/strong>\u00a0EBX F20.5 l\u00e0 d\u00f2ng s\u1ea3n ph\u1ea9m Subwoofer si\u00eau tr\u1ea7m c\u00f3 xu\u1ea5t x\u1ee9 t\u1eeb Italia \u2013 qu\u1ed1c gia n\u1ed5i ti\u1ebfng v\u1edbi nh\u1eefng th\u01b0\u01a1ng hi\u1ec7u<strong><a href=\"https:\/\/nova4x4.vn\/danh-muc\/noi-that\/am-thanh\/\" target=\"_blank\" rel=\"noopener\">\u00a0\u00e2m thanh xe h\u01a1i<\/a><\/strong>\u00a0\u0111\u1eb3ng c\u1ea5p Qu\u1ed1c t\u1ebf.<\/p>\n<p>V\u1edbi c\u00f4ng su\u1ea5t l\u00ean t\u1edbi 600W, d\u00f2ng loa sub n\u00e0y ho\u00e0n to\u00e0n \u0111\u00e1p \u1ee9ng \u0111\u01b0\u1ee3c nhu c\u1ea7u c\u1ee7a nh\u1eefng b\u1ea3n nh\u1ea1c dance, Remix c\u1ef1c m\u1ea1nh m\u00e0 kh\u00f4ng h\u1ec1 b\u1ecb v\u1ee1 ti\u1ebfng, ngo\u00e0i ra d\u1ea3i t\u1ea7n r\u1ed9ng t\u1eeb\u00a0<strong>40 Hz \u2013 400 Hz<\/strong>\u00a0s\u1ebd cho b\u1ea1n m\u1ed9t tr\u1ea3i nghi\u1ec7m ho\u00e0n h\u1ea3o v\u1ec1 \u00e2m thanh<\/p>\n<p>S\u1ea3n ph\u1ea9m \u0111\u01b0\u1ee3c thi\u1ebft k\u1ebf g\u1ecdn nh\u1eb9, linh ho\u1ea1t nh\u01b0ng v\u1eabn \u0111\u1ea3m b\u1ea3o ch\u1ea5t l\u01b0\u1ee3ng \u00e2m thanh v\u01b0\u1ee3t tr\u1ed9i. B\u1ea3o h\u00e0nh ch\u00ednh h\u00e3ng 1 n\u0103m t\u1ea1i\u00a0<strong>NovaCarAudio<\/strong><\/p>\n<p>B\u1ed9 Loa sub Hertz EBX F20.5 th\u01b0\u1eddng \u0111\u01b0\u1ee3c l\u1eafp \u0111\u1eb7t \u1edf h\u00e0ng gh\u1ebf sau ho\u1eb7c c\u1ed1p sau tr\u00ean m\u1ecdi d\u00f2ng xe, \u0111\u1eb7c bi\u1ec7t l\u00e0 c\u00e1c d\u00f2ng\u00a0 xe b\u00e1n t\u1ea3i<\/p>\n<h2>Th\u00f4ng s\u1ed1 k\u0129 thu\u1eadt<\/h2>\n<table class=\"data_table\">\n<tbody>\n<tr class=\"tr_colored\">\n<td><b>Speaker size<\/b>\u00a0mm (in.)<\/td>\n<td><strong>200 (8)<\/strong><\/td>\n<\/tr>\n<tr>\n<td><b>Power Handling \u2013 Peak<\/b>\u00a0W<\/td>\n<td><strong>600<\/strong><\/td>\n<\/tr>\n<tr class=\"tr_colored\">\n<td><b>Power Handling \u2013 Continuous<\/b>\u00a0W<\/td>\n<td><strong>200<\/strong><\/td>\n<\/tr>\n<tr>\n<td><b>Impedance<\/b>\u00a0\u2126<\/td>\n<td><strong>4<\/strong><\/td>\n<\/tr>\n<tr class=\"tr_colored\">\n<td><b>Frequency response<\/b>\u00a0Hz<\/td>\n<td><strong>40 \u00f7 400<\/strong><\/td>\n<\/tr>\n<tr>\n<td><b>Sensitivity<\/b>\u00a0dB SPL<\/td>\n<td><strong>93<\/strong><\/td>\n<\/tr>\n<\/tbody>\n<\/table>\n<p>Li\u00ean h\u1ec7 v\u1edbi Th\u01b0\u01a1ng hi\u1ec7u\u00a0<strong>\u0110\u1ed8 \u00c2M THANH XE H\u01a0I CAO C\u1ea4P<\/strong>\u00a0<strong>Nova Car Audio<\/strong>\u00a0\u0111\u1ec3 s\u1eafp x\u1ebfp l\u1ecbch n\u00e2ng c\u1ea5p cho chi\u1ebfc xe c\u1ee7a b\u1ea1n<\/p>\n<\/div>\n","protected":false},"excerpt":{"rendered":"<h2>Th\u00f4ng s\u1ed1 k\u0129 thu\u1eadt<\/h2>\n<table class=\"data_table\">\n<tbody>\n<tr class=\"tr_colored\">\n<td><b>Speaker size<\/b>\u00a0mm (in.)<\/td>\n<td><strong>200 (8)<\/strong><\/td>\n<\/tr>\n<tr>\n<td><b>Power Handling \u2013 Peak<\/b>\u00a0W<\/td>\n<td><strong>600<\/strong><\/td>\n<\/tr>\n<tr class=\"tr_colored\">\n<td><b>Power Handling \u2013 Continuous<\/b>\u00a0W<\/td>\n<td><strong>200<\/strong><\/td>\n<\/tr>\n<tr>\n<td><b>Impedance<\/b>\u00a0\u2126<\/td>\n<td><strong>4<\/strong><\/td>\n<\/tr>\n<tr class=\"tr_colored\">\n<td><b>Frequency response<\/b>\u00a0Hz<\/td>\n<td><strong>40 \u00f7 400<\/strong><\/td>\n<\/tr>\n<tr>\n<td><b>Sensitivity<\/b>\u00a0dB SPL<\/td>\n<td><strong>93<\/strong><\/td>\n<\/tr>\n<\/tbody>\n<\/table>\n","protected":false},"featured_media":931,"comment_status":"open","ping_status":"closed","template":"","meta":[],"product_brand":[110],"product_cat":[19,21,98],"product_tag":[],"class_list":{"0":"post-930","1":"product","2":"type-product","3":"status-publish","4":"has-post-thumbnail","6":"product_brand-hertz","7":"product_cat-am-thanh","8":"product_cat-do-choi-ban-tai","9":"product_cat-sub-hoi","11":"first","12":"instock","13":"shipping-taxable","14":"purchasable","15":"product-type-simple"},"_links":{"self":[{"href":"https:\/\/autothaiduong.vn\/index.php?rest_route=\/wp\/v2\/product\/930","targetHints":{"allow":["GET"]}}],"collection":[{"href":"https:\/\/autothaiduong.vn\/index.php?rest_route=\/wp\/v2\/product"}],"about":[{"href":"https:\/\/autothaiduong.vn\/index.php?rest_route=\/wp\/v2\/types\/product"}],"replies":[{"embeddable":true,"href":"https:\/\/autothaiduong.vn\/index.php?rest_route=%2Fwp%2Fv2%2Fcomments&post=930"}],"wp:featuredmedia":[{"embeddable":true,"href":"https:\/\/autothaiduong.vn\/index.php?rest_route=\/wp\/v2\/media\/931"}],"wp:attachment":[{"href":"https:\/\/autothaiduong.vn\/index.php?rest_route=%2Fwp%2Fv2%2Fmedia&parent=930"}],"wp:term":[{"taxonomy":"product_brand","embeddable":true,"href":"https:\/\/autothaiduong.vn\/index.php?rest_route=%2Fwp%2Fv2%2Fproduct_brand&post=930"},{"taxonomy":"product_cat","embeddable":true,"href":"https:\/\/autothaiduong.vn\/index.php?rest_route=%2Fwp%2Fv2%2Fproduct_cat&post=930"},{"taxonomy":"product_tag","embeddable":true,"href":"https:\/\/autothaiduong.vn\/index.php?rest_route=%2Fwp%2Fv2%2Fproduct_tag&post=930"}],"curies":[{"name":"wp","href":"https:\/\/api.w.org\/{rel}","templated":true}]}}