{"id":946,"date":"2025-05-10T16:37:25","date_gmt":"2025-05-10T16:37:25","guid":{"rendered":"https:\/\/autothaiduong.vn\/?post_type=product&#038;p=946"},"modified":"2025-05-11T03:10:15","modified_gmt":"2025-05-11T03:10:15","slug":"loa-sieu-tram-o-to-helix-k10s","status":"publish","type":"product","link":"https:\/\/autothaiduong.vn\/?product=loa-sieu-tram-o-to-helix-k10s","title":{"rendered":"Loa Si\u00eau Tr\u1ea7m \u00d4 t\u00f4 Helix K10S"},"content":{"rendered":"<p><img loading=\"lazy\" decoding=\"async\" class=\" wp-image-489 aligncenter\" src=\"https:\/\/autothaiduong.vn\/wp-content\/uploads\/2025\/04\/z6584734442481_f208f5944548cb4b46353402ce2e64e0.jpg\" alt=\"\" width=\"274\" height=\"243\" \/><\/p>\n<p style=\"text-align: center;\"><span style=\"font-size: 150%;\"><strong><span style=\"color: #ff0000;\">273-275 Tr\u1ea7n Ph\u00fa Ph\u01b0\u1eddng L\u1ed9c S\u01a1n Th\u00e0nh Ph\u1ed1 B\u1ea3o L\u1ed9c T\u1ec9nh L\u00e2m \u0110\u1ed3ng<\/span><\/strong><\/span><\/p>\n<p style=\"text-align: center;\"><span style=\"font-size: 150%;\"><strong><span style=\"color: #ff0000;\"> Hotline: 0912197441<\/span><\/strong><\/span><\/p>\n<div id=\"description\" class=\"detail-decription-headline\">\n<h2>Loa Si\u00eau Tr\u1ea7m \u00d4 t\u00f4 Helix K10S<\/h2>\n<p><img loading=\"lazy\" decoding=\"async\" class=\"alignnone size-full wp-image-5530 img-fluid lazyloaded\" src=\"https:\/\/bacnam.vn\/wp-content\/webp-express\/webp-images\/uploads\/2022\/12\/HELIX_K-10S_Pers-Membran_1280x1280px_09-06-2021.jpg.webp\" sizes=\"auto, (max-width: 1280px) 100vw, 1280px\" srcset=\"https:\/\/bacnam.vn\/wp-content\/webp-express\/webp-images\/uploads\/2022\/12\/HELIX_K-10S_Pers-Membran_1280x1280px_09-06-2021.jpg.webp 1280w, https:\/\/bacnam.vn\/wp-content\/webp-express\/webp-images\/uploads\/2022\/12\/HELIX_K-10S_Pers-Membran_1280x1280px_09-06-2021-1200x1200.jpg.webp 1200w, https:\/\/bacnam.vn\/wp-content\/webp-express\/webp-images\/uploads\/2022\/12\/HELIX_K-10S_Pers-Membran_1280x1280px_09-06-2021-100x100.jpg.webp 100w, https:\/\/bacnam.vn\/wp-content\/webp-express\/webp-images\/uploads\/2022\/12\/HELIX_K-10S_Pers-Membran_1280x1280px_09-06-2021-300x300.jpg.webp 300w, https:\/\/bacnam.vn\/wp-content\/webp-express\/webp-images\/uploads\/2022\/12\/HELIX_K-10S_Pers-Membran_1280x1280px_09-06-2021-1024x1024.jpg.webp 1024w, https:\/\/bacnam.vn\/wp-content\/webp-express\/webp-images\/uploads\/2022\/12\/HELIX_K-10S_Pers-Membran_1280x1280px_09-06-2021-150x150.jpg.webp 150w, https:\/\/bacnam.vn\/wp-content\/webp-express\/webp-images\/uploads\/2022\/12\/HELIX_K-10S_Pers-Membran_1280x1280px_09-06-2021-768x768.jpg.webp 768w, https:\/\/bacnam.vn\/wp-content\/webp-express\/webp-images\/uploads\/2022\/12\/HELIX_K-10S_Pers-Membran_1280x1280px_09-06-2021-64x64.jpg.webp 64w\" alt=\"\" width=\"1280\" height=\"1280\" data-ll-status=\"loaded\" \/><\/p>\n<\/div>\n<div id=\"description--text\" class=\"product--description\">\n<h4>Thi\u1ebft k\u1ebf n\u00f4ng \u2013 \u00e2m tr\u1ea7m phong ph\u00fa<\/h4>\n<p><a href=\"https:\/\/bacnam.vn\/\" target=\"_blank\" rel=\"noopener\"><strong>Loa Si\u00eau Tr\u1ea7m \u00d4 t\u00f4 Helix K10S<\/strong><\/a>\u00a0l\u00e0 ng\u01b0\u1eddi gi\u1ea3i quy\u1ebft v\u1ea5n \u0111\u1ec1 t\u1ed1i \u01b0u khi hi\u1ec7n th\u1ef1c h\u00f3a c\u00e1c thi\u1ebft k\u1ebf v\u1ecf ngo\u00e0i \u0111\u1eb7c bi\u1ec7t ph\u1eb3ng v\u00e0 nh\u1ecf g\u1ecdn. \u0110\u1ed9 s\u00e2u l\u1eafp \u0111\u1eb7t c\u1ef1c th\u1ea5p c\u1ee7a n\u00f3 m\u1edf ra nh\u1eefng kh\u1ea3 n\u0103ng l\u1eafp \u0111\u1eb7t ho\u00e0n to\u00e0n m\u1edbi m\u00e0 kh\u00f4ng \u1ea3nh h\u01b0\u1edfng \u0111\u1ebfn \u00e2m thanh.\u00a0Nh\u1edd c\u00f3 cu\u1ed9n d\u00e2y \u00e2m thanh k\u00e9p l\u1edbn v\u00e0 t\u1ea7n s\u1ed1 c\u1ed9ng h\u01b0\u1edfng th\u1ea5p, K 10S kh\u00f4ng c\u1ea7n ph\u1ea3i gi\u1ea5u c\u00e1c loa tr\u1ea7m c\u00f3 \u0111\u1ed9 s\u00e2u c\u00e0i \u0111\u1eb7t l\u1edbn h\u01a1n khi n\u00f3i \u0111\u1ebfn hi\u1ec7u su\u1ea5t \u00e2m tr\u1ea7m.<\/p>\n<h4>Th\u00f4ng minh \u0111\u1ebfn t\u1eebng chi ti\u1ebft cu\u1ed1i c\u00f9ng<\/h4>\n<p>N\u00f3n gi\u1ea5y sandwich c\u1ef1c k\u1ef3 c\u1ee9ng k\u1ebft h\u1ee3p v\u1edbi cu\u1ed9n d\u00e2y \u00e2m thanh k\u00e9p h\u1ea1ng n\u1eb7ng kh\u00f4ng ch\u1ec9 chuy\u1ec3n \u0111\u1ed5i c\u00f4ng su\u1ea5t b\u1ed9 khu\u1ebfch \u0111\u1ea1i m\u1ed9t c\u00e1ch d\u1ec5 d\u00e0ng v\u00e0 kh\u00f4ng c\u00f3 hi\u1ec7u \u1ee9ng n\u00e9n th\u00e0nh v\u00f4 s\u1ed1 \u00e1p su\u1ea5t \u00e2m thanh, m\u00e0 c\u00f2n ghi \u0111i\u1ec3m tuy\u1ec7t \u0111\u1ed1i v\u1edbi c\u00e1c nh\u1ecbp \u0111\u1eadp tinh t\u1ebf.<\/p>\n<p>M\u1ed9t \u0111i\u1ec3m n\u1ed5i b\u1eadt \u0111\u1eb7c bi\u1ec7t: h\u1ec7 th\u1ed1ng nam ch\u00e2m c\u00f3 m\u1ed9t l\u1ed7 ren \u1edf m\u1eb7t sau v\u00e0 do \u0111\u00f3 cho ph\u00e9p loa tr\u1ea7m \u0111\u01b0\u1ee3c c\u1ed1 \u0111\u1ecbnh v\u00e0o m\u1eb7t sau c\u1ee7a th\u00f9ng loa.\u00a0B\u1eb1ng c\u00e1ch n\u00e0y, rung \u0111\u1ed9ng c\u1ee7a nh\u00e0 \u1edf c\u00f3 th\u1ec3 \u0111\u01b0\u1ee3c gi\u1ea3m m\u1ed9t c\u00e1ch hi\u1ec7u qu\u1ea3 ngay c\u1ea3 v\u1edbi nh\u1eefng b\u1ee9c t\u01b0\u1eddng m\u1ecfng, b\u1edfi v\u00ec v\u1edbi c\u00e1c c\u00f4ng tr\u00ecnh ph\u1eb3ng, m\u1ed7i milimet \u0111\u1ed9 s\u00e2u c\u1ee7a c\u00f4ng tr\u00ecnh \u0111\u1ec1u c\u00f3 gi\u00e1 tr\u1ecb.<\/p>\n<h4>K\u1ebft n\u1ed1i linh ho\u1ea1t<\/h4>\n<p>Thi\u1ebft k\u1ebf cu\u1ed9n d\u00e2y \u00e2m thanh k\u00e9p mang l\u1ea1i s\u1ef1 linh ho\u1ea1t h\u01a1n khi ch\u1ecdn b\u1ed9 khu\u1ebfch \u0111\u1ea1i c\u00f4ng su\u1ea5t ph\u00f9 h\u1ee3p.\u00a0Cho d\u00f9 tr\u1edf kh\u00e1ng 1 x 4 Ohms, 2 x 2 Ohms hay 1 x 1 Ohm \u2013 chuy\u00ean gia \u00e2m tr\u1ea7m th\u1ea5p n\u00e0y gi\u00fap m\u1ecdi c\u1ea5u h\u00ecnh tr\u1edf n\u00ean d\u1ec5 d\u00e0ng.<\/p>\n<p><img loading=\"lazy\" decoding=\"async\" class=\"alignnone size-full wp-image-5529 img-fluid lazyloaded\" src=\"https:\/\/bacnam.vn\/wp-content\/webp-express\/webp-images\/uploads\/2022\/12\/HELIX_K-10S_Front-Seite_1280x1280px_09-06-2021.jpg.webp\" sizes=\"auto, (max-width: 1280px) 100vw, 1280px\" srcset=\"https:\/\/bacnam.vn\/wp-content\/webp-express\/webp-images\/uploads\/2022\/12\/HELIX_K-10S_Front-Seite_1280x1280px_09-06-2021.jpg.webp 1280w, https:\/\/bacnam.vn\/wp-content\/webp-express\/webp-images\/uploads\/2022\/12\/HELIX_K-10S_Front-Seite_1280x1280px_09-06-2021-1200x1200.jpg.webp 1200w, https:\/\/bacnam.vn\/wp-content\/webp-express\/webp-images\/uploads\/2022\/12\/HELIX_K-10S_Front-Seite_1280x1280px_09-06-2021-100x100.jpg.webp 100w, https:\/\/bacnam.vn\/wp-content\/webp-express\/webp-images\/uploads\/2022\/12\/HELIX_K-10S_Front-Seite_1280x1280px_09-06-2021-300x300.jpg.webp 300w, https:\/\/bacnam.vn\/wp-content\/webp-express\/webp-images\/uploads\/2022\/12\/HELIX_K-10S_Front-Seite_1280x1280px_09-06-2021-1024x1024.jpg.webp 1024w, https:\/\/bacnam.vn\/wp-content\/webp-express\/webp-images\/uploads\/2022\/12\/HELIX_K-10S_Front-Seite_1280x1280px_09-06-2021-150x150.jpg.webp 150w, https:\/\/bacnam.vn\/wp-content\/webp-express\/webp-images\/uploads\/2022\/12\/HELIX_K-10S_Front-Seite_1280x1280px_09-06-2021-768x768.jpg.webp 768w, https:\/\/bacnam.vn\/wp-content\/webp-express\/webp-images\/uploads\/2022\/12\/HELIX_K-10S_Front-Seite_1280x1280px_09-06-2021-64x64.jpg.webp 64w\" alt=\"\" width=\"1280\" height=\"1280\" data-ll-status=\"loaded\" \/><\/p>\n<h4>\u201cBao g\u1ed3m t\u1ea5t c\u1ea3\u201d cho ng\u01b0\u1eddi t\u1ef1 l\u00e0m<\/h4>\n<p>Ngo\u00e0i thi\u1ebft b\u1ecb \u0111\u1ea7u cu\u1ed1i k\u1ebft n\u1ed1i ch\u1ea5t l\u01b0\u1ee3ng cao v\u1edbi c\u00e1c ch\u1ed1t li\u00ean k\u1ebft m\u1ea1 v\u00e0ng, l\u01b0\u1edbi b\u1ea3o v\u1ec7 ch\u1eafc ch\u1eafn v\u00e0 mi\u1ebfng \u0111\u1ec7m c\u0169ng \u0111\u01b0\u1ee3c bao g\u1ed3m.<br \/>\n\u0110\u1ec3 c\u00f3 hi\u1ec7u su\u1ea5t \u00e2m tr\u1ea7m t\u1ed1i \u01b0u trong qu\u00e1 tr\u00ecnh c\u00e0i \u0111\u1eb7t DIY, b\u1ea1n c\u00f3 th\u1ec3 t\u00ecm th\u1ea5y c\u00e1c \u0111\u1ec1 xu\u1ea5t v\u1ec1 th\u00f9ng k\u00edn v\u00e0 c\u00f3 l\u1ed7 th\u00f4ng h\u01a1i v\u1edbi t\u1ea5t c\u1ea3 c\u00e1c th\u00f4ng s\u1ed1 nh\u01b0 \u00e2m l\u01b0\u1ee3ng th\u1ef1c, t\u1ea7n s\u1ed1 \u0111i\u1ec1u ch\u1ec9nh c\u1ed5ng ho\u1eb7c c\u00e0i \u0111\u1eb7t\u00a0<a href=\"https:\/\/morel.vn\/\" target=\"_blank\" rel=\"noopener\"><strong>DSP xe h\u01a1i<\/strong><\/a>\u00a0trong b\u1ea3ng d\u1eef li\u1ec7u k\u1ef9 thu\u1eadt c\u1ee7a ch\u00fang t\u00f4i.<\/p>\n<p>&nbsp;<\/p>\n<\/div>\n<div id=\"features\" class=\"detail-features-headline\">\n<h3>\u0110\u1eb7c tr\u01b0ng c\u1ee7a loa Si\u00eau Tr\u1ea7m \u00d4 t\u00f4 Helix K10S<\/h3>\n<\/div>\n<div class=\"product--features\">\n<ul>\n<li>Khung g\u1ea7m v\u1edbi \u0111\u1ed9 s\u00e2u l\u1eafp \u0111\u1eb7t \u0111\u1eb7c bi\u1ec7t th\u1ea5p \u2013 \u0111\u01b0\u1ee3c t\u1ed1i \u01b0u h\u00f3a cho c\u00e1c c\u00f4ng tr\u00ecnh c\u00f3 v\u1ecf b\u1ecdc n\u00f4ng v\u00e0 nh\u1ecf g\u1ecdn<\/li>\n<li>Cu\u1ed9n d\u00e2y k\u00e9p 2 x 2 Ohms cho c\u1ea5u h\u00ecnh h\u1ec7 th\u1ed1ng linh ho\u1ea1t<\/li>\n<li>H\u1ec7 th\u1ed1ng nam ch\u00e2m c\u00f3 l\u1ed7 ren \u1edf m\u1eb7t sau \u2013 cho ph\u00e9p b\u1eaft v\u00edt v\u00e0o m\u1eb7t sau c\u1ee7a v\u1ecf \u0111\u1ec3 \u1ed5n \u0111\u1ecbnh v\u00e0 gi\u1ea3m rung \u0111\u1ed9ng c\u1ee7a v\u1ecf<\/li>\n<li>V\u1ecf nam ch\u00e2m ch\u1eafc ch\u1eafn v\u1edbi ch\u1eef HELIX \u0111\u1ec3 b\u1ea3o v\u1ec7 nam ch\u00e2m ho\u00e0n h\u1ea3o<\/li>\n<li>N\u00f3n gi\u1ea5y sandwich c\u1ef1c k\u1ef3 c\u1ee9ng<\/li>\n<li>Bao quanh cao su du ngo\u1ea1n d\u00e0i cho \u0111\u00e1nh gi\u00e1 c\u01a1 h\u1ecdc cao nh\u1ea5t<\/li>\n<li>Thi\u1ebft b\u1ecb \u0111\u1ea7u cu\u1ed1i k\u1ebft n\u1ed1i v\u1ecf b\u1ecdc, l\u01b0\u1edbi t\u1ea3n nhi\u1ec7t v\u00e0 mi\u1ebfng \u0111\u1ec7m \u0111\u01b0\u1ee3c bao g\u1ed3m trong giao h\u00e0ng<\/li>\n<\/ul>\n<p><img loading=\"lazy\" decoding=\"async\" class=\"alignnone size-full wp-image-5532 img-fluid lazyloaded\" src=\"https:\/\/bacnam.vn\/wp-content\/webp-express\/webp-images\/uploads\/2022\/12\/HELIX_K-10S_Terminal_1280x1280px_14-07-2022.jpg.webp\" sizes=\"auto, (max-width: 1280px) 100vw, 1280px\" srcset=\"https:\/\/bacnam.vn\/wp-content\/webp-express\/webp-images\/uploads\/2022\/12\/HELIX_K-10S_Terminal_1280x1280px_14-07-2022.jpg.webp 1280w, https:\/\/bacnam.vn\/wp-content\/webp-express\/webp-images\/uploads\/2022\/12\/HELIX_K-10S_Terminal_1280x1280px_14-07-2022-1200x1200.jpg.webp 1200w, https:\/\/bacnam.vn\/wp-content\/webp-express\/webp-images\/uploads\/2022\/12\/HELIX_K-10S_Terminal_1280x1280px_14-07-2022-100x100.jpg.webp 100w, https:\/\/bacnam.vn\/wp-content\/webp-express\/webp-images\/uploads\/2022\/12\/HELIX_K-10S_Terminal_1280x1280px_14-07-2022-300x300.jpg.webp 300w, https:\/\/bacnam.vn\/wp-content\/webp-express\/webp-images\/uploads\/2022\/12\/HELIX_K-10S_Terminal_1280x1280px_14-07-2022-1024x1024.jpg.webp 1024w, https:\/\/bacnam.vn\/wp-content\/webp-express\/webp-images\/uploads\/2022\/12\/HELIX_K-10S_Terminal_1280x1280px_14-07-2022-150x150.jpg.webp 150w, https:\/\/bacnam.vn\/wp-content\/webp-express\/webp-images\/uploads\/2022\/12\/HELIX_K-10S_Terminal_1280x1280px_14-07-2022-768x768.jpg.webp 768w, https:\/\/bacnam.vn\/wp-content\/webp-express\/webp-images\/uploads\/2022\/12\/HELIX_K-10S_Terminal_1280x1280px_14-07-2022-64x64.jpg.webp 64w\" alt=\"\" width=\"1280\" height=\"1280\" data-ll-status=\"loaded\" \/><\/p>\n<\/div>\n<div id=\"technicaldata\" class=\"product--technicaldata-headline\">\n<h3>Th\u00f4ng s\u1ed1 k\u1ef9 thu\u1eadt c\u1ee7a loa Si\u00eau Tr\u1ea7m \u00d4 t\u00f4 Helix K10S<\/h3>\n<\/div>\n<div class=\"detail--technicaldata\">\n<table class=\"table table-bordered\">\n<colgroup><\/colgroup>\n<tbody>\n<tr>\n<td align=\"left\" valign=\"top\"><strong>C\u00f4ng su\u1ea5t RMS \/ t\u1ed1i \u0111a.<\/strong><\/td>\n<td><em>P<\/em><\/td>\n<td align=\"left\" valign=\"top\">300\/600 Watt<\/td>\n<\/tr>\n<tr>\n<td align=\"left\" valign=\"top\"><strong>tr\u1edf kh\u00e1ng\u00a0<\/strong><\/td>\n<td><em>z<\/em><\/td>\n<td align=\"left\" valign=\"top\">2 x 2\u03a9<\/td>\n<\/tr>\n<tr>\n<td align=\"left\" valign=\"top\"><strong>\u0111i\u1ec7n tr\u1edf m\u1ed9t chi\u1ec1u\u00a0<\/strong><\/td>\n<td><em>L\u1ea1i<\/em><\/td>\n<td align=\"left\" valign=\"top\">2 x 1,6\u03a9<\/td>\n<\/tr>\n<tr>\n<td align=\"left\" valign=\"top\"><strong>T\u1ea7n s\u1ed1 c\u00f4ng h\u01b0\u1edfng\u00a0<\/strong><\/td>\n<td><em>Fs<\/em><\/td>\n<td align=\"left\" valign=\"top\">34Hz<\/td>\n<\/tr>\n<tr>\n<td align=\"left\" valign=\"top\"><strong>H\u1ec7 s\u1ed1 Q c\u01a1 h\u1ecdc\u00a0<\/strong><\/td>\n<td><em>Qms<\/em><\/td>\n<td align=\"left\" valign=\"top\">6,37<\/td>\n<\/tr>\n<tr>\n<td align=\"left\" valign=\"top\"><strong>H\u1ec7 s\u1ed1 \u0111i\u1ec7n Q\u00a0<\/strong><\/td>\n<td><em>c\u00e2u h\u1ecfi<\/em><\/td>\n<td align=\"left\" valign=\"top\">0,49<\/td>\n<\/tr>\n<tr>\n<td align=\"left\" valign=\"top\"><strong>T\u1ed5ng h\u1ec7 s\u1ed1 Q<\/strong><\/td>\n<td><em>Qts<\/em><\/td>\n<td align=\"left\" valign=\"top\">0,45<\/td>\n<\/tr>\n<tr>\n<td align=\"left\" valign=\"top\"><strong>Tu\u00e2n th\u1ee7<\/strong><\/td>\n<td><em>cmt<\/em><\/td>\n<td align=\"left\" valign=\"top\">198 \u03bcm\/N<\/td>\n<\/tr>\n<tr>\n<td align=\"left\" valign=\"top\"><strong>Th\u1ec3 t\u00edch kh\u00f4ng kh\u00ed t\u01b0\u01a1ng \u0111\u01b0\u01a1ng<\/strong><\/td>\n<td><em>va<\/em><\/td>\n<td align=\"left\" valign=\"top\">34L<\/td>\n<\/tr>\n<tr>\n<td align=\"left\" valign=\"top\"><strong>y\u1ebfu t\u1ed1 l\u1ef1c l\u01b0\u1ee3ng\u00a0<\/strong><\/td>\n<td><em>B*I<\/em><\/td>\n<td align=\"left\" valign=\"top\">12,7 t\u1ea5n<\/td>\n<\/tr>\n<tr>\n<td align=\"left\" valign=\"top\"><strong>\u0110\u1ed9 nh\u1ea1y\u00a0\u00a01 W \/ 1 m<\/strong><\/td>\n<td><em>SPL<\/em><\/td>\n<td align=\"left\" valign=\"top\">87,0dB<\/td>\n<\/tr>\n<tr>\n<td align=\"left\" valign=\"top\"><strong>khu v\u1ef1c h\u00ecnh n\u00f3n\u00a0<\/strong><\/td>\n<td><em>SD<\/em><\/td>\n<td align=\"left\" valign=\"top\">353 cm\u00b2<\/td>\n<\/tr>\n<tr>\n<td align=\"left\" valign=\"top\"><strong>di chuy\u1ec3n kh\u1ed1i l\u01b0\u1ee3ng\u00a0<\/strong><\/td>\n<td><em>mm<\/em><\/td>\n<td align=\"left\" valign=\"top\">112 gam<\/td>\n<\/tr>\n<tr>\n<td align=\"left\" valign=\"top\"><strong>v\u1eadt li\u1ec7u n\u00f3n<\/strong><\/td>\n<td><em>\u00a0<\/em><\/td>\n<td align=\"left\" valign=\"top\">N\u00f3n gi\u1ea5y sandwich<\/td>\n<\/tr>\n<tr>\n<td align=\"left\" valign=\"top\"><strong>kh\u00e1ng c\u01a1 h\u1ecdc\u00a0<\/strong><\/td>\n<td><em>Rms<\/em><\/td>\n<td align=\"left\" valign=\"top\">3,73 kg\/gi\u00e2y<\/td>\n<\/tr>\n<tr>\n<td align=\"left\" valign=\"top\"><strong>\u0110\u01b0\u1eddng k\u00ednh cu\u1ed9n d\u00e2y b\u1eb1ng gi\u1ecdng n\u00f3i<\/strong><\/td>\n<td><em>\u00f8<\/em><\/td>\n<td align=\"left\" valign=\"top\">50,8mm<\/td>\n<\/tr>\n<tr>\n<td align=\"left\" valign=\"top\"><strong>Chi\u1ec1u cao cu\u1ed9n d\u00e2y b\u1eb1ng gi\u1ecdng n\u00f3i<\/strong><\/td>\n<td><em>\u00a0<\/em><\/td>\n<td align=\"left\" valign=\"top\">19mm<\/td>\n<\/tr>\n<tr>\n<td align=\"left\" valign=\"top\"><strong>t\u1ed1i \u0111a.\u00a0chuy\u1ebfn tham quan tuy\u1ebfn t\u00ednh\u00a0<\/strong><\/td>\n<td><em>Xmax<\/em><\/td>\n<td align=\"left\" valign=\"top\">+\/- 6,0mm<\/td>\n<\/tr>\n<tr>\n<td align=\"left\" valign=\"top\"><strong>\u0110\u01b0\u1eddng k\u00ednh ngo\u00e0i<\/strong><\/td>\n<td><em>\u00f8<\/em><\/td>\n<td align=\"left\" valign=\"top\">262mm \/ 10,31\u2033<\/td>\n<\/tr>\n<tr>\n<td align=\"left\" valign=\"top\"><strong>\u0110\u01b0\u1eddng k\u00ednh l\u1eafp \u0111\u1eb7t<\/strong><\/td>\n<td><em>\u00f8<\/em><\/td>\n<td align=\"left\" valign=\"top\">229mm\/9.01\u2033<\/td>\n<\/tr>\n<tr>\n<td align=\"left\" valign=\"top\"><strong>\u0110\u1ed9 s\u00e2u c\u00e0i \u0111\u1eb7t<\/strong><\/td>\n<td><em>\u00a0<\/em><\/td>\n<td align=\"left\" valign=\"top\">84,5mm \/ 3,33\u2033<\/td>\n<\/tr>\n<tr>\n<td align=\"left\" valign=\"top\"><strong>\u00a0<\/strong><\/td>\n<td><em>\u00a0<\/em><\/td>\n<td align=\"left\" valign=\"top\"><\/td>\n<\/tr>\n<tr>\n<td align=\"left\" valign=\"top\"><strong>Kh\u1ed1i l\u01b0\u1ee3ng bao v\u00e2y \u0111\u01b0\u1ee3c \u0111\u1ec1 xu\u1ea5t<\/strong><\/td>\n<td><em>\u00a0<\/em><\/td>\n<td align=\"left\" valign=\"top\"><\/td>\n<\/tr>\n<tr>\n<td align=\"left\" valign=\"top\"><strong>H\u1ed9p k\u00edn<\/strong><\/td>\n<td><em>\u00a0<\/em><\/td>\n<td align=\"left\" valign=\"top\"><\/td>\n<\/tr>\n<tr>\n<td align=\"left\" valign=\"top\">Kh\u1ed1i l\u01b0\u1ee3ng r\u00f2ng<\/td>\n<td><em>\u00a0<\/em><\/td>\n<td align=\"left\" valign=\"top\">14 L<\/td>\n<\/tr>\n<tr>\n<td align=\"left\" valign=\"top\">T\u1ea7n s\u1ed1 gi\u1edbi h\u1ea1n d\u01b0\u1edbi (-3dB)<\/td>\n<td><em>\u00a0<\/em><\/td>\n<td align=\"left\" valign=\"top\">46Hz<\/td>\n<\/tr>\n<tr>\n<td align=\"left\" valign=\"top\">C\u00e0i \u0111\u1eb7t DSP \u0111\u01b0\u1ee3c \u0111\u1ec1 xu\u1ea5t<\/td>\n<td><em>\u00a0<\/em><\/td>\n<td align=\"left\" valign=\"top\">B\u1ed9 l\u1ecdc th\u00f4ng cao \u201ct\u1ef1 x\u00e1c \u0111\u1ecbnh\u201d \u0111\u01b0\u1ee3c \u0111\u1ec1 xu\u1ea5t v\u1edbi t\u1ea7n s\u1ed1 c\u1eaft 45 Hz v\u00e0 Q = 1,3;<br \/>\nb\u1ed9 l\u1ecdc EQ b\u1ed5 sung 100 Hz \/ Q = 1,0 \/ -3 dB<\/td>\n<\/tr>\n<tr>\n<td align=\"left\" valign=\"top\"><strong>\u00a0<\/strong><\/td>\n<td><em>\u00a0<\/em><\/td>\n<td align=\"left\" valign=\"top\"><\/td>\n<\/tr>\n<tr>\n<td align=\"left\" valign=\"top\"><strong>h\u1ed9p th\u00f4ng h\u01a1i<\/strong><\/td>\n<td><em>\u00a0<\/em><\/td>\n<td align=\"left\" valign=\"top\"><\/td>\n<\/tr>\n<tr>\n<td align=\"left\" valign=\"top\">Kh\u1ed1i l\u01b0\u1ee3ng r\u00f2ng<\/td>\n<td><em>\u00a0<\/em><\/td>\n<td align=\"left\" valign=\"top\">16 L<\/td>\n<\/tr>\n<tr>\n<td align=\"left\" valign=\"top\">\u0111\u01b0\u1eddng k\u00ednh c\u1ed5ng<\/td>\n<td><em>\u00f8<\/em><\/td>\n<td align=\"left\" valign=\"top\">70mm\/2.76\u2033<\/td>\n<\/tr>\n<tr>\n<td align=\"left\" valign=\"top\">Khu v\u1ef1c c\u1ea3ng<\/td>\n<td><em>\u00a0<\/em><\/td>\n<td align=\"left\" valign=\"top\">38 cm\u00b2<\/td>\n<\/tr>\n<tr>\n<td align=\"left\" valign=\"top\">chi\u1ec1u d\u00e0i c\u1ed5ng<\/td>\n<td><em>\u00a0<\/em><\/td>\n<td align=\"left\" valign=\"top\">38 cm \/ 14,96\u2033<\/td>\n<\/tr>\n<tr>\n<td align=\"left\" valign=\"top\">t\u1ea7n s\u1ed1 \u0111i\u1ec1u ch\u1ec9nh c\u1ed5ng<\/td>\n<td><em>fb<\/em><\/td>\n<td align=\"left\" valign=\"top\">37Hz<\/td>\n<\/tr>\n<tr>\n<td align=\"left\" valign=\"top\">T\u1ea7n s\u1ed1 gi\u1edbi h\u1ea1n d\u01b0\u1edbi (-3dB)<\/td>\n<td><em>\u00a0<\/em><\/td>\n<td align=\"left\" valign=\"top\">39Hz<\/td>\n<\/tr>\n<tr>\n<td align=\"left\" valign=\"top\">C\u00e0i \u0111\u1eb7t DSP \u0111\u01b0\u1ee3c \u0111\u1ec1 xu\u1ea5t<\/td>\n<td><em>\u00a0<\/em><\/td>\n<td align=\"left\" valign=\"top\">B\u1ed9 l\u1ecdc th\u00f4ng cao \u201ct\u1ef1 x\u00e1c \u0111\u1ecbnh\u201d \u0111\u01b0\u1ee3c \u0111\u1ec1 xu\u1ea5t v\u1edbi t\u1ea7n s\u1ed1 c\u1eaft 37 Hz v\u00e0 Q = 1,2;<br \/>\nb\u1ed9 l\u1ecdc EQ b\u1ed5 sung 95 Hz \/ Q = 0,7 \/ -3 dB<\/td>\n<\/tr>\n<\/tbody>\n<\/table>\n<\/div>\n","protected":false},"excerpt":{"rendered":"<p>Ch\u00fang t\u00f4i tin t\u01b0\u1edfng v\u00e0o vi\u1ec7c t\u00ecm ra DNA ho\u00e0n h\u1ea3o c\u1ee7a \u00e2m thanh trong HELIX, t\u1ea1o ra \u00e2m thanh trung th\u1ef1c v\u00e0 m\u1ea1nh m\u1ebd b\u00ean trong \u00f4 t\u00f4 c\u1ee7a b\u1ea1n. Ch\u1ea5t l\u01b0\u1ee3ng \u00e2m thanh \u1edf m\u1ee9c cao nh\u1ea5t b\u1edfi nh\u1eefng ng\u01b0\u1eddi y\u00eau \u00e2m nh\u1ea1c cho nh\u1eefng ng\u01b0\u1eddi y\u00eau \u00e2m nh\u1ea1c.\u00a0Kh\u00f3 c\u00f3 th\u1ec3 \u0111\u1ea1t \u0111\u01b0\u1ee3c \u00e2m thanh cao c\u1ea5p h\u01a1n b\u00ean trong xe.<\/p>\n","protected":false},"featured_media":947,"comment_status":"open","ping_status":"closed","template":"","meta":[],"product_brand":[108],"product_cat":[19,98],"product_tag":[],"class_list":{"0":"post-946","1":"product","2":"type-product","3":"status-publish","4":"has-post-thumbnail","6":"product_brand-helix","7":"product_cat-am-thanh","8":"product_cat-sub-hoi","10":"first","11":"instock","12":"shipping-taxable","13":"purchasable","14":"product-type-simple"},"_links":{"self":[{"href":"https:\/\/autothaiduong.vn\/index.php?rest_route=\/wp\/v2\/product\/946","targetHints":{"allow":["GET"]}}],"collection":[{"href":"https:\/\/autothaiduong.vn\/index.php?rest_route=\/wp\/v2\/product"}],"about":[{"href":"https:\/\/autothaiduong.vn\/index.php?rest_route=\/wp\/v2\/types\/product"}],"replies":[{"embeddable":true,"href":"https:\/\/autothaiduong.vn\/index.php?rest_route=%2Fwp%2Fv2%2Fcomments&post=946"}],"wp:featuredmedia":[{"embeddable":true,"href":"https:\/\/autothaiduong.vn\/index.php?rest_route=\/wp\/v2\/media\/947"}],"wp:attachment":[{"href":"https:\/\/autothaiduong.vn\/index.php?rest_route=%2Fwp%2Fv2%2Fmedia&parent=946"}],"wp:term":[{"taxonomy":"product_brand","embeddable":true,"href":"https:\/\/autothaiduong.vn\/index.php?rest_route=%2Fwp%2Fv2%2Fproduct_brand&post=946"},{"taxonomy":"product_cat","embeddable":true,"href":"https:\/\/autothaiduong.vn\/index.php?rest_route=%2Fwp%2Fv2%2Fproduct_cat&post=946"},{"taxonomy":"product_tag","embeddable":true,"href":"https:\/\/autothaiduong.vn\/index.php?rest_route=%2Fwp%2Fv2%2Fproduct_tag&post=946"}],"curies":[{"name":"wp","href":"https:\/\/api.w.org\/{rel}","templated":true}]}}