{"id":948,"date":"2025-05-10T16:42:53","date_gmt":"2025-05-10T16:42:53","guid":{"rendered":"https:\/\/autothaiduong.vn\/?post_type=product&#038;p=948"},"modified":"2025-05-10T16:43:27","modified_gmt":"2025-05-10T16:43:27","slug":"loa-sub-dien-eton-move-m10-300ar","status":"publish","type":"product","link":"https:\/\/autothaiduong.vn\/?product=loa-sub-dien-eton-move-m10-300ar","title":{"rendered":"Loa sub \u0111i\u1ec7n ETON MOVE M10-300AR"},"content":{"rendered":"<p><img loading=\"lazy\" decoding=\"async\" class=\" wp-image-489 aligncenter\" src=\"https:\/\/autothaiduong.vn\/wp-content\/uploads\/2025\/04\/z6584734442481_f208f5944548cb4b46353402ce2e64e0.jpg\" alt=\"\" width=\"289\" height=\"256\" \/><\/p>\n<p style=\"text-align: center;\"><span style=\"font-size: 150%;\"><strong><span style=\"color: #ff0000;\">273-275 Tr\u1ea7n Ph\u00fa Ph\u01b0\u1eddng L\u1ed9c S\u01a1n Th\u00e0nh Ph\u1ed1 B\u1ea3o L\u1ed9c T\u1ec9nh L\u00e2m \u0110\u1ed3ng<\/span><\/strong><\/span><\/p>\n<p style=\"text-align: center;\"><span style=\"font-size: 150%;\"><strong><span style=\"color: #ff0000;\"> Hotline: 0912197441<\/span><\/strong><\/span><\/p>\n<h2 class=\"wp-block-heading\">Loa sub \u0111i\u1ec7n ETON MOVE M10-300AR \u2013 L\u1ef1a ch\u1ecdn ho\u00e0n h\u1ea3o n\u00e2ng t\u1ea7m tr\u1ea3i nghi\u1ec7m \u00e2m thanh xe h\u01a1i<\/h2>\n<p class=\"p-first-class\">Loa sub ETON MOVE M10-300AR \u0111ang l\u00e0 m\u1eabu\u00a0<strong><a href=\"https:\/\/auto365mydinh.vn\/am-thanh-cho-o-to\" target=\"_blank\" rel=\"noopener\">loa \u0111\u1ed9 cho \u00f4 t\u00f4<\/a><\/strong>\u00a0\u0111\u01b0\u1ee3c nhi\u1ec1u t\u00edn \u0111\u1ed3 \u00e2m thanh \u01b0a chu\u1ed9ng b\u1edfi kh\u1ea3 n\u0103ng mang \u0111\u1ebfn nh\u1eefng tr\u1ea3i nghi\u1ec7m \u00e2m thanh ch\u1ea5t l\u01b0\u1ee3ng cho chi\u1ebfc xe.<\/p>\n<div class=\"wp-block-image\">\n<figure class=\"aligncenter size-full\"><picture><source srcset=\"https:\/\/auto365mydinh.vn\/wp-content\/uploads\/2023\/11\/loa-sub-dien-eton-move-10-300-ar-mang-den-am-thanh-chat-luong.jpg.webp 1920w, https:\/\/auto365mydinh.vn\/wp-content\/uploads\/2023\/11\/loa-sub-dien-eton-move-10-300-ar-mang-den-am-thanh-chat-luong-220x62.jpg.webp 220w, https:\/\/auto365mydinh.vn\/wp-content\/uploads\/2023\/11\/loa-sub-dien-eton-move-10-300-ar-mang-den-am-thanh-chat-luong-100x28.jpg.webp 100w, https:\/\/auto365mydinh.vn\/wp-content\/uploads\/2023\/11\/loa-sub-dien-eton-move-10-300-ar-mang-den-am-thanh-chat-luong-768x215.jpg.webp 768w, https:\/\/auto365mydinh.vn\/wp-content\/uploads\/2023\/11\/loa-sub-dien-eton-move-10-300-ar-mang-den-am-thanh-chat-luong-1536x430.jpg.webp 1536w, https:\/\/auto365mydinh.vn\/wp-content\/uploads\/2023\/11\/loa-sub-dien-eton-move-10-300-ar-mang-den-am-thanh-chat-luong-24x7.jpg.webp 24w, https:\/\/auto365mydinh.vn\/wp-content\/uploads\/2023\/11\/loa-sub-dien-eton-move-10-300-ar-mang-den-am-thanh-chat-luong-36x10.jpg.webp 36w, https:\/\/auto365mydinh.vn\/wp-content\/uploads\/2023\/11\/loa-sub-dien-eton-move-10-300-ar-mang-den-am-thanh-chat-luong-48x13.jpg.webp 48w\" type=\"image\/webp\" sizes=\"auto, (max-width: 1920px) 100vw, 1920px\" \/><img loading=\"lazy\" decoding=\"async\" class=\"alignnone size-full wp-image-951\" title=\"loa sub dien eton move 10 300 ar mang den am thanh chat luong\" src=\"https:\/\/autothaiduong.vn\/wp-content\/uploads\/2025\/05\/loa-sub-dien-eton-move-10-300-ar-mang-den-am-thanh-chat-luong.jpg\" alt=\"ETON MOVE M10-300AR mang \u0111\u1ebfn tr\u1ea3i nghi\u1ec7m \u00e2m thanh \u00f4 t\u00f4 tuy\u1ec7t hay \" width=\"1280\" height=\"358\" srcset=\"https:\/\/autothaiduong.vn\/wp-content\/uploads\/2025\/05\/loa-sub-dien-eton-move-10-300-ar-mang-den-am-thanh-chat-luong.jpg 1280w, https:\/\/autothaiduong.vn\/wp-content\/uploads\/2025\/05\/loa-sub-dien-eton-move-10-300-ar-mang-den-am-thanh-chat-luong-600x168.jpg 600w, https:\/\/autothaiduong.vn\/wp-content\/uploads\/2025\/05\/loa-sub-dien-eton-move-10-300-ar-mang-den-am-thanh-chat-luong-1024x286.jpg 1024w, https:\/\/autothaiduong.vn\/wp-content\/uploads\/2025\/05\/loa-sub-dien-eton-move-10-300-ar-mang-den-am-thanh-chat-luong-768x215.jpg 768w\" sizes=\"auto, (max-width: 1280px) 100vw, 1280px\" \/><\/picture><figcaption class=\"wp-element-caption\">ETON MOVE M10-300AR mang \u0111\u1ebfn tr\u1ea3i nghi\u1ec7m \u00e2m thanh \u00f4 t\u00f4 tuy\u1ec7t hay<\/figcaption><\/figure>\n<\/div>\n<p>V\u1edbi thi\u1ebft k\u1ebf nh\u1ecf g\u1ecdn c\u00f9ng ch\u1ea5t \u00e2m tr\u1ea7m \u1ea5n t\u01b0\u1ee3ng, \u0111\u00e2y ch\u00ednh l\u00e0 s\u1ef1 l\u1ef1a ch\u1ecdn ho\u00e0n h\u1ea3o \u0111\u1ec3 n\u00e2ng t\u1ea7m h\u1ec7 th\u1ed1ng gi\u1ea3i tr\u00ed tr\u00ean \u00f4 t\u00f4.<\/p>\n<h2 class=\"wp-block-heading\">\u01afu \u0111i\u1ec3m c\u1ee7a Loa sub \u0111i\u1ec7n ETON MOVE M10-300AR<\/h2>\n<p>V\u1ec1 thi\u1ebft k\u1ebf, ETON MOVE M10-300AR s\u1edf h\u1eefu k\u00edch th\u01b0\u1edbc kh\u00e1 nh\u1ecf g\u1ecdn v\u1edbi k\u00edch th\u01b0\u1edbc 450 x 330 x 333 mm v\u00e0 tr\u1ecdng l\u01b0\u1ee3ng ch\u1ec9 8kg. Thi\u1ebft k\u1ebf n\u00e0y gi\u00fap vi\u1ec7c di chuy\u1ec3n v\u00e0 l\u1eafp \u0111\u1eb7t loa tr\u1edf n\u00ean d\u1ec5 d\u00e0ng h\u01a1n. Th\u00e2n loa \u0111\u01b0\u1ee3c l\u00e0m t\u1eeb g\u1ed7 MDF ch\u1eafc ch\u1eafn, b\u1ec1n b\u1ec9 theo th\u1eddi gian.<\/p>\n<div class=\"wp-block-image\">\n<figure class=\"aligncenter size-full\"><picture><source srcset=\"https:\/\/auto365mydinh.vn\/wp-content\/uploads\/2023\/11\/loa-sub-dien-eton-move-10-300-ar.jpg.webp 1060w, https:\/\/auto365mydinh.vn\/wp-content\/uploads\/2023\/11\/loa-sub-dien-eton-move-10-300-ar-220x206.jpg.webp 220w, https:\/\/auto365mydinh.vn\/wp-content\/uploads\/2023\/11\/loa-sub-dien-eton-move-10-300-ar-100x94.jpg.webp 100w, https:\/\/auto365mydinh.vn\/wp-content\/uploads\/2023\/11\/loa-sub-dien-eton-move-10-300-ar-768x719.jpg.webp 768w, https:\/\/auto365mydinh.vn\/wp-content\/uploads\/2023\/11\/loa-sub-dien-eton-move-10-300-ar-24x22.jpg.webp 24w, https:\/\/auto365mydinh.vn\/wp-content\/uploads\/2023\/11\/loa-sub-dien-eton-move-10-300-ar-36x34.jpg.webp 36w, https:\/\/auto365mydinh.vn\/wp-content\/uploads\/2023\/11\/loa-sub-dien-eton-move-10-300-ar-48x45.jpg.webp 48w\" type=\"image\/webp\" sizes=\"auto, (max-width: 1060px) 100vw, 1060px\" \/><img loading=\"lazy\" decoding=\"async\" class=\"alignnone size-full wp-image-952\" title=\"loa sub dien eton move 10 300 ar\" src=\"https:\/\/autothaiduong.vn\/wp-content\/uploads\/2025\/05\/loa-sub-dien-eton-move-10-300-ar.jpg\" alt=\"Loa sub \u0111i\u1ec7n ETON MOVE M10-300AR\" width=\"1060\" height=\"992\" srcset=\"https:\/\/autothaiduong.vn\/wp-content\/uploads\/2025\/05\/loa-sub-dien-eton-move-10-300-ar.jpg 1060w, https:\/\/autothaiduong.vn\/wp-content\/uploads\/2025\/05\/loa-sub-dien-eton-move-10-300-ar-600x562.jpg 600w, https:\/\/autothaiduong.vn\/wp-content\/uploads\/2025\/05\/loa-sub-dien-eton-move-10-300-ar-1024x958.jpg 1024w, https:\/\/autothaiduong.vn\/wp-content\/uploads\/2025\/05\/loa-sub-dien-eton-move-10-300-ar-768x719.jpg 768w\" sizes=\"auto, (max-width: 1060px) 100vw, 1060px\" \/><\/picture><figcaption class=\"wp-element-caption\">Loa sub \u0111i\u1ec7n ETON MOVE M10-300AR<\/figcaption><\/figure>\n<\/div>\n<p>\u0110i\u1ec3m nh\u1ea5n c\u1ee7a ETON MOVE M10-300AR ch\u00ednh l\u00e0 kh\u1ea3 n\u0103ng t\u00e1i t\u1ea1o \u00e2m tr\u1ea7m m\u1ea1nh m\u1ebd v\u00e0 s\u00e2u l\u1eafng. V\u1edbi loa 10 inch, c\u00f4ng su\u1ea5t 300W RMS v\u00e0 c\u00f4ng ngh\u1ec7 driver ch\u1ea5t l\u01b0\u1ee3ng cao, loa d\u1ec5 d\u00e0ng chi\u1ebfm tr\u1ecdn kh\u00f4ng gian b\u1eb1ng nh\u1eefng n\u1ed1t bass \u0111\u1ea7y uy l\u1ef1c. D\u00f9 b\u1ea1n l\u00e0 t\u00edn \u0111\u1ed3 EDM, Rock hay c\u00e1c d\u00f2ng nh\u1ea1c s\u00f4i \u0111\u1ed9ng kh\u00e1c th\u00ec ETON MOVE M10-300AR c\u0169ng \u0111\u1ee7 s\u1ee9c chinh ph\u1ee5c b\u1ea5t k\u1ef3 ai.<\/p>\n<p>B\u00ean c\u1ea1nh \u0111\u00f3, c\u00f4ng su\u1ea5t 150W, \u00e1p su\u1ea5t \u00e2m thanh 87dB gi\u00fap loa d\u1ec5 d\u00e0ng lan t\u1ecfa h\u1ebft kh\u00f4ng gian trong xe.<\/p>\n<p>Ngo\u00e0i ra, loa c\u00f2n \u0111\u01b0\u1ee3c trang b\u1ecb m\u1ed9t s\u1ed1 t\u00ednh n\u0103ng th\u00f4ng minh nh\u01b0 \u0111i\u1ec1u khi\u1ec3n t\u1eeb xa, \u0111\u1ea7u v\u00e0o m\u1ee9c cao gi\u00fap t\u1ed1i \u01b0u h\u00f3a tr\u1ea3i nghi\u1ec7m \u00e2m thanh.<\/p>\n<p>N\u1ebfu b\u1ea1n \u0111ang t\u00ecm ki\u1ebfm m\u1ed9t m\u1eabu\u00a0<strong>loa sub \u0111i\u1ec7n<\/strong>\u00a0mang \u0111\u1ebfn ch\u1ea5t \u00e2m tr\u1ea7m \u0111\u1ea7y \u0111\u1eb7n cho xe h\u01a1i th\u00ec ETON MOVE M10-300AR l\u00e0 s\u1ef1 l\u1ef1a ch\u1ecdn kh\u00f4ng th\u1ec3 b\u1ecf qua.<\/p>\n","protected":false},"excerpt":{"rendered":"<h2 class=\"sidebar-title\">Th\u00f4ng s\u1ed1 k\u1ef9 thu\u1eadt Loa sub \u0111i\u1ec7n ETON MOVE M10-300AR<\/h2>\n<div class=\"content\">\n<table class=\"table table-bordered\">\n<tbody>\n<tr>\n<td>Model:<\/td>\n<td>ETON MOVE M10-300AR<\/td>\n<\/tr>\n<tr>\n<td>Xu\u1ea5t x\u1ee9:<\/td>\n<td>Ch\u00ednh h\u00e3ng<\/td>\n<\/tr>\n<tr>\n<td>Th\u01b0\u01a1ng hi\u1ec7u:<\/td>\n<td><a href=\"https:\/\/auto365mydinh.vn\/thuong-hieu\/thuong-hieu-harmony\" rel=\"tag\">Th\u01b0\u01a1ng hi\u1ec7u Harmony<\/a><\/td>\n<\/tr>\n<tr>\n<td>B\u1ea3o h\u00e0nh:<\/td>\n<td>12 th\u00e1ng<\/td>\n<\/tr>\n<tr>\n<td>D\u00f2ng xe h\u1ed7 tr\u1ee3:<\/td>\n<td>H\u1ea7u h\u1ebft c\u00e1c d\u00f2ng xe \u00f4 t\u00f4<\/td>\n<\/tr>\n<tr>\n<td>K\u00edch th\u01b0\u1edbc loa:<\/td>\n<td>10 Inch<\/td>\n<\/tr>\n<tr>\n<td>C\u00f4ng su\u1ea5t x\u1eed l\u00fd c\u1ee7a loa (RMS):<\/td>\n<td>300 W<\/td>\n<\/tr>\n<tr>\n<td>T\u1ea7n s\u1ed1 \u0111\u00e1p \u1ee9ng c\u1ee7a loa:<\/td>\n<td>32Hz \u2013 400Hz<\/td>\n<\/tr>\n<tr>\n<td>Ki\u1ec3u loa:<\/td>\n<td><a href=\"https:\/\/auto365mydinh.vn\/kieu-loa\/loa-sub-dien\" rel=\"tag\">Loa sub \u0111i\u1ec7n<\/a><\/td>\n<\/tr>\n<tr>\n<td>V\u1ecb tr\u00ed l\u1eafp \u0111\u1eb7t loa:<\/td>\n<td>L\u1eafp g\u1ea7m gh\u1ebf<\/td>\n<\/tr>\n<\/tbody>\n<\/table>\n<\/div>\n","protected":false},"featured_media":952,"comment_status":"open","ping_status":"closed","template":"","meta":[],"product_brand":[111],"product_cat":[19,97],"product_tag":[],"class_list":{"0":"post-948","1":"product","2":"type-product","3":"status-publish","4":"has-post-thumbnail","6":"product_brand-eton","7":"product_cat-am-thanh","8":"product_cat-sub-dien","10":"first","11":"instock","12":"shipping-taxable","13":"purchasable","14":"product-type-simple"},"_links":{"self":[{"href":"https:\/\/autothaiduong.vn\/index.php?rest_route=\/wp\/v2\/product\/948","targetHints":{"allow":["GET"]}}],"collection":[{"href":"https:\/\/autothaiduong.vn\/index.php?rest_route=\/wp\/v2\/product"}],"about":[{"href":"https:\/\/autothaiduong.vn\/index.php?rest_route=\/wp\/v2\/types\/product"}],"replies":[{"embeddable":true,"href":"https:\/\/autothaiduong.vn\/index.php?rest_route=%2Fwp%2Fv2%2Fcomments&post=948"}],"wp:featuredmedia":[{"embeddable":true,"href":"https:\/\/autothaiduong.vn\/index.php?rest_route=\/wp\/v2\/media\/952"}],"wp:attachment":[{"href":"https:\/\/autothaiduong.vn\/index.php?rest_route=%2Fwp%2Fv2%2Fmedia&parent=948"}],"wp:term":[{"taxonomy":"product_brand","embeddable":true,"href":"https:\/\/autothaiduong.vn\/index.php?rest_route=%2Fwp%2Fv2%2Fproduct_brand&post=948"},{"taxonomy":"product_cat","embeddable":true,"href":"https:\/\/autothaiduong.vn\/index.php?rest_route=%2Fwp%2Fv2%2Fproduct_cat&post=948"},{"taxonomy":"product_tag","embeddable":true,"href":"https:\/\/autothaiduong.vn\/index.php?rest_route=%2Fwp%2Fv2%2Fproduct_tag&post=948"}],"curies":[{"name":"wp","href":"https:\/\/api.w.org\/{rel}","templated":true}]}}