{"id":953,"date":"2025-05-10T16:47:19","date_gmt":"2025-05-10T16:47:19","guid":{"rendered":"https:\/\/autothaiduong.vn\/?post_type=product&#038;p=953"},"modified":"2025-05-10T16:47:57","modified_gmt":"2025-05-10T16:47:57","slug":"loa-gosub-10-cho-xe-o-to","status":"publish","type":"product","link":"https:\/\/autothaiduong.vn\/?product=loa-gosub-10-cho-xe-o-to","title":{"rendered":"Loa GOSUB 10 cho xe \u00f4 t\u00f4"},"content":{"rendered":"<p><img loading=\"lazy\" decoding=\"async\" class=\" wp-image-489 aligncenter\" src=\"https:\/\/autothaiduong.vn\/wp-content\/uploads\/2025\/04\/z6584734442481_f208f5944548cb4b46353402ce2e64e0.jpg\" alt=\"\" width=\"330\" height=\"292\" \/><\/p>\n<p style=\"text-align: center;\"><span style=\"color: #ff0000; font-size: 150%;\"><strong>273-275 Tr\u1ea7n Ph\u00fa Ph\u01b0\u1eddng L\u1ed9c S\u01a1n Th\u00e0nh Ph\u1ed1 B\u1ea3o L\u1ed9c T\u1ec9nh L\u00e2m \u0110\u1ed3ng<\/strong><\/span><\/p>\n<p style=\"text-align: center;\"><span style=\"color: #ff0000; font-size: 150%;\"><strong> Hotline: 0912197441<\/strong><\/span><\/p>\n<div class=\"description-content showfull\">\n<p><b>Loa xe nguy\u00ean b\u1ea3n c\u1ee7a \u00f4 t\u00f4 hi\u1ec7n nay \u00edt \u0111\u01b0\u1ee3c \u0111\u1ea7u t\u01b0 v\u00ec l\u00e0 thi\u1ebft b\u1ecb kh\u00f4ng qu\u00e1 quan tr\u1ecdng n\u00ean \u00e2m thanh tr\u00ean xe ch\u01b0a mang l\u1ea1i c\u1ea3m gi\u00e1c h\u00e0i l\u00f2ng cho ng\u01b0\u1eddi d\u00f9ng. Loa sub l\u00e0 m\u1ed9t trong nh\u1eefng ph\u1ee5 ki\u1ec7n n\u00e2ng c\u1ea5p gi\u00fap gia t\u0103ng tr\u1ea3i nghi\u1ec7m nghe nh\u1ea1c \u0111\u1ec9nh cao. Tuy nhi\u00ean, \u0111\u1ec3 l\u1ef1a ch\u1ecdn m\u1ed9t chi\u1ebfc loa sub \u00f4 t\u00f4 t\u1ed1t b\u1ea1n c\u1ea7n t\u00ecm \u0111\u01b0\u1ee3c m\u1ed9t \u0111\u1ecba ch\u1ec9 uy t\u00edn v\u00e0 \u0111\u1ea3m b\u1ea3o ch\u1ea5t l\u01b0\u1ee3ng. B\u00e0i vi\u1ebft n\u00e0y s\u1ebd gi\u1edbi thi\u1ec7u \u0111\u1ebfn b\u1ea1n chi ti\u1ebft v\u1ec1 s\u1ea3n ph\u1ea9m Loa GOSUB 10 d\u00e0nh ri\u00eang cho xe \u00f4 t\u00f4.<\/b><\/p>\n<h2><b>C\u1ea5u t\u1ea1o c\u1ee7a Loa GOSUB 10<\/b><\/h2>\n<p>C\u1ea5u t\u1ea1o c\u1ee7a loa GOSUB 10 \u0111\u01b0\u1ee3c thi\u1ebft k\u1ebf bao g\u1ed3m c\u00e1c b\u1ed9 ph\u1eadn sau:<\/p>\n<ul>\n<li aria-level=\"1\"><b>C\u1ee7 loa<\/b>: L\u00e0 m\u1ed9t cu\u1ed9n d\u00e2y kim lo\u1ea1i \u0111\u01b0\u1ee3c g\u1eafn v\u1edbi m\u00e0ng loa v\u00e0 \u0111\u1eb7t trong t\u1eeb tr\u01b0\u1eddng c\u1ee7a m\u1ed9t nam ch\u00e2m v\u0129nh c\u1eedu. C\u1ee7 loa gi\u00fap chuy\u1ec3n t\u00edn hi\u1ec7u \u0111i\u1ec7n th\u00e0nh s\u00f3ng \u00e2m v\u00e0 ph\u00e1t ra ngo\u00e0i m\u00e0ng loa.<\/li>\n<li aria-level=\"1\"><b>M\u00e0ng loa<\/b>: M\u00e0ng loa l\u00e0 b\u1ed9 ph\u1eadn ph\u00e1t ra \u00e2m thanh. M\u00e0ng loa c\u1ee7a Loa sub Gotech s\u1eed d\u1ee5ng ch\u1ea5t li\u1ec7u kim lo\u1ea1i, c\u00f3 k\u00edch th\u01b0\u1edbc l\u1edbn \u0111\u1ec3 ph\u00e1t ra \u00e2m bass m\u1ea1nh m\u1ebd<\/li>\n<li aria-level=\"1\"><b>Th\u00f9ng loa<\/b>: Nh\u1edd vi\u1ec7c b\u1ea3o v\u1ec7 m\u00e0ng loa, th\u00f9ng loa gi\u00fap \u00e2m thanh ph\u00e1t ra trong xe r\u00f5 r\u00e0ng h\u01a1n.<\/li>\n<li aria-level=\"1\"><b>Amply<\/b>: Amply l\u00e0 b\u1ed9 ph\u1eadn khu\u1ebfch \u0111\u1ea1i t\u00edn hi\u1ec7u \u0111i\u1ec7n, gia t\u0103ng kh\u1ea3 n\u0103ng \u00e2m thanh. Amply c\u1ee7a Loa sub Gotech \u0111\u01b0\u1ee3c t\u00edch h\u1ee3p s\u1eb5n trong loa, gi\u00fap ng\u01b0\u1eddi d\u00f9ng d\u1ec5 d\u00e0ng s\u1eed d\u1ee5ng m\u00e0 kh\u00f4ng c\u1ea7n ph\u1ea3i k\u1ebft n\u1ed1i<\/li>\n<li aria-level=\"1\"><b>C\u00e1c ph\u1ee5 ki\u1ec7n kh\u00e1c:<\/b>\u00a0g\u1ed3m c\u00e1c b\u1ed9 ph\u1eadn \u0111\u01b0\u1ee3c gi\u1ea5u trong c\u00e1c b\u1ed9 ph\u1eadn \u00f4 t\u00f4 \u0111\u1ec3 gia t\u0103ng t\u00ednh th\u1ea9m m\u1ef9 nh\u01b0 d\u00e2y \u0111i\u1ec7n, gi\u1eafc c\u1eafm, gi\u00e1 c\u1ed1 \u0111\u1ecbnh loa\u2026 C\u00f3 ch\u1ee9c n\u0103ng truy\u1ec1n d\u1eabn c\u00e1c t\u00edn hi\u1ec7u \u00e2m thanh.<\/li>\n<\/ul>\n<figure id=\"attachment_23189\" class=\"wp-caption aligncenter\" aria-describedby=\"caption-attachment-23189\"><img loading=\"lazy\" decoding=\"async\" class=\"alignnone size-full wp-image-955\" src=\"https:\/\/autothaiduong.vn\/wp-content\/uploads\/2025\/05\/cau-tao-cua-loa-gosub-10.jpg\" alt=\"C\u1ea5u t\u1ea1o c\u1ee7a loa GOSUB 10\" width=\"1280\" height=\"720\" srcset=\"https:\/\/autothaiduong.vn\/wp-content\/uploads\/2025\/05\/cau-tao-cua-loa-gosub-10.jpg 1280w, https:\/\/autothaiduong.vn\/wp-content\/uploads\/2025\/05\/cau-tao-cua-loa-gosub-10-600x338.jpg 600w, https:\/\/autothaiduong.vn\/wp-content\/uploads\/2025\/05\/cau-tao-cua-loa-gosub-10-1024x576.jpg 1024w, https:\/\/autothaiduong.vn\/wp-content\/uploads\/2025\/05\/cau-tao-cua-loa-gosub-10-768x432.jpg 768w\" sizes=\"auto, (max-width: 1280px) 100vw, 1280px\" \/><figcaption id=\"caption-attachment-23189\" class=\"wp-caption-text\">C\u1ea5u t\u1ea1o c\u1ee7a loa GOSUB 10<\/figcaption><\/figure>\n<h2><b>Th\u00f4ng s\u1ed1 k\u1ef9 thu\u1eadt c\u1ee7a Loa GOSUB 10<\/b><\/h2>\n<p>D\u01b0\u1edbi \u0111\u00e2y l\u00e0 m\u1ed9t s\u1ed1 th\u00f4ng s\u1ed1 k\u1ef9 thu\u1eadt c\u1ee7a loa GOSUB 10 b\u1ea1n c\u00f3 th\u1ec3 quan t\u00e2m:<\/p>\n<ul>\n<li aria-level=\"1\">C\u00f4ng su\u1ea5t t\u1ed1i \u0111a: 800w<\/li>\n<li aria-level=\"1\">C\u00f4ng su\u1ea5t hi\u1ec7u d\u1ee5ng 250w<\/li>\n<li aria-level=\"1\">T\u1ef7 s\u1ed1 t\u00edn hi\u1ec7u tr\u00ean nhi\u1ec5u n\u1ec1n: &gt; 90dB<\/li>\n<li aria-level=\"1\">T\u1ea7n s\u1ed1 \u0111\u00e1p tuy\u1ebfn: 20-150Hz<\/li>\n<li aria-level=\"1\">\u0110\u1ed9 nh\u1ea1y \u0111\u1ea7u v\u00e0o Highlevel: 1.0 \u2013 9.0V<\/li>\n<li aria-level=\"1\">\u0110\u1ed9 nh\u1ea1y \u0111\u1ea7u v\u00e0o Lowlevel: 0.1 \u2013 6V<\/li>\n<li aria-level=\"1\">Ch\u1ee9c n\u0103ng l\u1ecdc th\u00f4ng th\u1ea5p: 50 \u2013 150Hz<\/li>\n<li aria-level=\"1\">Ch\u1ee9c n\u0103ng Bass Boost: 0 + 12dB<\/li>\n<li aria-level=\"1\">Ch\u1ee9c n\u0103ng t\u1ef1 \u0111\u1ed9ng kh\u1edfi \u0111\u1ed9ng: C\u00f3<\/li>\n<li aria-level=\"1\">K\u00edch th\u01b0\u1edbc loa: 10 inch.2ohm<\/li>\n<li aria-level=\"1\">Tr\u1edf kh\u00e1ng: 2 ohm<\/li>\n<li aria-level=\"1\">C\u1ea7u ch\u00ec: 20A<\/li>\n<li aria-level=\"1\">Ch\u1ee9c n\u0103ng Phase: 0 ho\u1eb7c 180 \u0111\u1ed9<\/li>\n<\/ul>\n<h2><b>Nguy\u00ean l\u00fd ho\u1ea1t \u0111\u1ed9ng c\u1ee7a Loa GOSUB 10<\/b><\/h2>\n<p>Khi c\u00f3 d\u00f2ng \u0111i\u1ec7n \u0111i v\u00e0o, nam ch\u00e2m s\u1ebd t\u1ea1o ra c\u00e1c t\u1eeb tr\u01b0\u1eddng, c\u00e1c l\u1ef1c t\u1eeb tr\u01b0\u1eddng n\u00e0y s\u1ebd t\u00e1c \u0111\u1ed9ng l\u00e0m cho cu\u1ed9n \u00e2m chuy\u1ec3n \u0111\u1ed9ng v\u00e0o ra li\u00ean t\u1ee5c theo dao \u0111\u1ed9ng c\u01a1.<\/p>\n<p>Cu\u1ed9n \u00e2m khi chuy\u1ec3n \u0111\u1ed9ng s\u1ebd k\u00e9o theo m\u00e0ng loa chuy\u1ec3n \u0111\u1ed9ng theo, ph\u1ea7n m\u00e0ng nh\u1ec7n g\u1eafn v\u1edbi cu\u1ed9n \u00e2m c\u00f3 t\u1ea7n s\u1ed1 c\u00f9ng v\u1edbi t\u1ea7n s\u1ed1 dao \u0111\u1ed9ng c\u1ee7a m\u00e0ng loa gi\u00fap s\u1ef1 chuy\u1ec3n \u0111\u1ed9ng c\u1ee7a m\u00e0ng loa tr\u1edf n\u00ean nh\u1ecbp nh\u00e0ng h\u01a1n. C\u1ea3 2 b\u1ed9 ph\u1eadn m\u00e0ng loa v\u00e0 m\u00e0ng nh\u1ec7n \u0111\u01b0\u1ee3c g\u1eafn chung v\u00e0o ph\u1ea7n khung vi\u1ec1n gi\u00fap gi\u1eef c\u1ed1 \u0111\u1ecbnh cho m\u00e0ng loa.<\/p>\n<figure id=\"attachment_23187\" class=\"wp-caption aligncenter\" aria-describedby=\"caption-attachment-23187\"><img loading=\"lazy\" decoding=\"async\" class=\"alignnone size-full wp-image-956\" src=\"https:\/\/autothaiduong.vn\/wp-content\/uploads\/2025\/05\/nguyen-ly-hoat-dong-cua-loa-gosub-10.jpg\" alt=\"Nguy\u00ean l\u00fd ho\u1ea1t \u0111\u1ed9ng c\u1ee7a loa GOSUB 10\" width=\"1280\" height=\"720\" srcset=\"https:\/\/autothaiduong.vn\/wp-content\/uploads\/2025\/05\/nguyen-ly-hoat-dong-cua-loa-gosub-10.jpg 1280w, https:\/\/autothaiduong.vn\/wp-content\/uploads\/2025\/05\/nguyen-ly-hoat-dong-cua-loa-gosub-10-600x338.jpg 600w, https:\/\/autothaiduong.vn\/wp-content\/uploads\/2025\/05\/nguyen-ly-hoat-dong-cua-loa-gosub-10-1024x576.jpg 1024w, https:\/\/autothaiduong.vn\/wp-content\/uploads\/2025\/05\/nguyen-ly-hoat-dong-cua-loa-gosub-10-768x432.jpg 768w\" sizes=\"auto, (max-width: 1280px) 100vw, 1280px\" \/><figcaption id=\"caption-attachment-23187\" class=\"wp-caption-text\">Nguy\u00ean l\u00fd ho\u1ea1t \u0111\u1ed9ng c\u1ee7a loa GOSUB 10<\/figcaption><\/figure>\n<p>Khi m\u00e0ng loa chuy\u1ec3n \u0111\u1ed9ng t\u00e1c \u0111\u1ed9ng v\u00e0o kh\u00f4ng kh\u00ed ph\u00eda tr\u01b0\u1edbc loa b\u1ecb rung \u0111\u1ed9ng, t\u1eeb \u0111\u00f3 s\u00f3ng \u00e2m \u0111\u01b0\u1ee3c t\u1ea1o ra. D\u00f2ng \u0111i\u1ec7n s\u1ebd \u0111\u1ed5i chi\u1ec1u li\u00ean t\u1ee5c v\u1edbi t\u1ea7n s\u1ed1 thay \u0111\u1ed5i s\u1ebd t\u1ea1o ra \u00e2m tr\u1ea7m, \u00e2m b\u1ed5ng kh\u00e1c nhau cho ch\u1ea5t l\u01b0\u1ee3ng \u00e2m thanh t\u1ed1t.<\/p>\n<h2><b>Nh\u1eefng \u0111i\u1ec3m n\u1ed5i b\u1eadt tr\u00ean Loa GOSUB 10<\/b><\/h2>\n<h3><b>Gi\u00e1 th\u00e0nh h\u1ee3p l\u00fd<\/b><\/h3>\n<p>Hi\u1ec7n nay, gi\u00e1 b\u00e1n loa GOSUB 10 t\u01b0\u01a1ng \u0111\u1ed1i h\u1ee3p l\u00fd so v\u1edbi c\u00e1c s\u1ea3n ph\u1ea9m kh\u00e1c tr\u00ean th\u1ecb tr\u01b0\u1eddng.<\/p>\n<p>Ch\u1ec9 v\u1edbi\u00a0<b><i>h\u01a1n 4 tri\u1ec7u \u0111\u1ed3ng<\/i><\/b>\u00a0b\u1ea1n \u0111\u00e3 c\u00f3 th\u1ec3 s\u1edf h\u1eefu m\u1ed9t thi\u1ebft b\u1ecb gi\u00fap n\u00e2ng cao tr\u1ea3i nghi\u1ec7m nghe nh\u1ea1c nh\u01b0 \u1edf r\u1ea1p h\u00e1t v\u00e0 \u0111\u1ea3m b\u1ea3o \u0111\u1ecba ch\u1ec9 l\u1eafp \u0111\u1eb7t uy t\u00edn.<\/p>\n<p>N\u1ebfu c\u00e2n nh\u1eafc \u0111\u1ea7u t\u01b0 loa GOSUB 10, b\u1ea1n s\u1ebd nh\u1eadn \u0111\u01b0\u1ee3c nh\u1eefng gi\u00e1 tr\u1ecb \u0111\u00e1ng ti\u1ec1n kh\u00f4ng th\u1ec3 ng\u1edd t\u1edbi m\u00e0 s\u1ea3n ph\u1ea9m n\u00e0y mang l\u1ea1i.<\/p>\n<figure id=\"attachment_23182\" class=\"wp-caption aligncenter\" aria-describedby=\"caption-attachment-23182\"><img loading=\"lazy\" decoding=\"async\" class=\"alignnone size-full wp-image-957\" src=\"https:\/\/autothaiduong.vn\/wp-content\/uploads\/2025\/05\/gia-ban-loa-gosub-10.jpg\" alt=\"Gi\u00e1 b\u00e1n h\u1ea5p d\u1eabn c\u1ee7a Loa GOSUB 10\" width=\"1280\" height=\"720\" srcset=\"https:\/\/autothaiduong.vn\/wp-content\/uploads\/2025\/05\/gia-ban-loa-gosub-10.jpg 1280w, https:\/\/autothaiduong.vn\/wp-content\/uploads\/2025\/05\/gia-ban-loa-gosub-10-600x338.jpg 600w, https:\/\/autothaiduong.vn\/wp-content\/uploads\/2025\/05\/gia-ban-loa-gosub-10-1024x576.jpg 1024w, https:\/\/autothaiduong.vn\/wp-content\/uploads\/2025\/05\/gia-ban-loa-gosub-10-768x432.jpg 768w\" sizes=\"auto, (max-width: 1280px) 100vw, 1280px\" \/><figcaption id=\"caption-attachment-23182\" class=\"wp-caption-text\">Gi\u00e1 b\u00e1n h\u1ea5p d\u1eabn c\u1ee7a Loa GOSUB 10<\/figcaption><\/figure>\n<h3><b>Ti\u1ebft ki\u1ec7m kh\u00f4ng gian trong xe<\/b><\/h3>\n<p>Loa Sub Gotech cho xe \u00f4 t\u00f4 s\u1eed d\u1ee5ng k\u00edch th\u01b0\u1edbc ph\u1ed5 bi\u1ebfn 10 inch.2ohm, r\u1ea5t ph\u00f9 h\u1ee3p \u0111\u1ec3 ng\u01b0\u1eddi d\u00f9ng \u0111\u1eb7t d\u01b0\u1edbi g\u1ea7m gh\u1ebf ph\u1ee5 ho\u1eb7c sau c\u1ed1p xe.\u00a0\u0110i\u1ec1u n\u00e0y gi\u00fap qu\u00e1 tr\u00ecnh l\u1eafp \u0111\u1eb7t d\u1ec5 d\u00e0ng v\u00e0 kh\u00f4ng \u1ea3nh h\u01b0\u1edfng nhi\u1ec1u \u0111\u1ebfn th\u1ea9m m\u1ef9 trong xe.<\/p>\n<p>V\u1edbi k\u00edch th\u01b0\u1edbc n\u00e0y,\u00a0loa GOSUB 10\u00a0ph\u00f9 h\u1ee3p v\u1edbi t\u1ea5t c\u1ea3 c\u00e1c xe \u00f4 t\u00f4 hi\u1ec7n nay v\u00ec s\u1ef1 nh\u1ecf g\u1ecdn v\u00e0 ti\u1ec7n l\u1ee3i.<\/p>\n<figure id=\"attachment_23191\" class=\"wp-caption aligncenter\" aria-describedby=\"caption-attachment-23191\"><img loading=\"lazy\" decoding=\"async\" class=\"alignnone size-full wp-image-958\" src=\"https:\/\/autothaiduong.vn\/wp-content\/uploads\/2025\/05\/loa-gosub-10-tiet-kiem-khong-gian-trong-xe.jpg\" alt=\"Loa GOSUB 10 ti\u1ebft ki\u1ec7m kh\u00f4ng gian trong xe\" width=\"1280\" height=\"720\" srcset=\"https:\/\/autothaiduong.vn\/wp-content\/uploads\/2025\/05\/loa-gosub-10-tiet-kiem-khong-gian-trong-xe.jpg 1280w, https:\/\/autothaiduong.vn\/wp-content\/uploads\/2025\/05\/loa-gosub-10-tiet-kiem-khong-gian-trong-xe-600x338.jpg 600w, https:\/\/autothaiduong.vn\/wp-content\/uploads\/2025\/05\/loa-gosub-10-tiet-kiem-khong-gian-trong-xe-1024x576.jpg 1024w, https:\/\/autothaiduong.vn\/wp-content\/uploads\/2025\/05\/loa-gosub-10-tiet-kiem-khong-gian-trong-xe-768x432.jpg 768w\" sizes=\"auto, (max-width: 1280px) 100vw, 1280px\" \/><figcaption id=\"caption-attachment-23191\" class=\"wp-caption-text\">Loa GOSUB 10 ti\u1ebft ki\u1ec7m kh\u00f4ng gian trong xe<\/figcaption><\/figure>\n<h3><b>Mang l\u1ea1i ch\u1ea5t l\u01b0\u1ee3ng \u00e2m thanh t\u1ed1t<\/b><\/h3>\n<p>Loa sub Gotech s\u1eed d\u1ee5ng ch\u1ea5t l\u01b0\u1ee3ng amply t\u1ea7n s\u1ed1 th\u1ea5p, \u0111i\u1ec1u ch\u1ec9nh \u00e2m bass \u1edf m\u1ee9c ph\u00f9 h\u1ee3p, k\u1ebft n\u1ed1i c\u00f9ng \u0111\u1ea7u ph\u00e1t ho\u1eb7c amply khu\u1ebfch \u0111\u1ea1i nh\u1eefng loa nh\u1ecf \u1edf t\u1ea7n s\u1ed1 trung v\u00e0 cao \u2013 ph\u00eda tr\u00ean \u0111i\u1ec3m ph\u00e2n t\u1ea7n.<\/p>\n<p>V\u1edbi b\u1ea5t k\u1ef3 th\u1ec3 lo\u1ea1i nh\u1ea1c n\u00e0o loa sub c\u0169ng mang \u0111\u1ebfn cho b\u1ea1n ch\u1ea5t l\u01b0\u1ee3ng \u00e2m thanh tuy\u1ec7t v\u1eddi nh\u1ea5t.<\/p>\n<figure id=\"attachment_23183\" class=\"wp-caption aligncenter\" aria-describedby=\"caption-attachment-23183\"><img loading=\"lazy\" decoding=\"async\" class=\"alignnone size-full wp-image-959\" src=\"https:\/\/autothaiduong.vn\/wp-content\/uploads\/2025\/05\/loa-gosub-10-chat-luong-am-thanh-tot.jpg\" alt=\"Loa GOSUB 10 c\u00f3 ch\u1ea5t l\u01b0\u1ee3ng \u00e2m thanh t\u1ed1t\" width=\"1280\" height=\"720\" srcset=\"https:\/\/autothaiduong.vn\/wp-content\/uploads\/2025\/05\/loa-gosub-10-chat-luong-am-thanh-tot.jpg 1280w, https:\/\/autothaiduong.vn\/wp-content\/uploads\/2025\/05\/loa-gosub-10-chat-luong-am-thanh-tot-600x338.jpg 600w, https:\/\/autothaiduong.vn\/wp-content\/uploads\/2025\/05\/loa-gosub-10-chat-luong-am-thanh-tot-1024x576.jpg 1024w, https:\/\/autothaiduong.vn\/wp-content\/uploads\/2025\/05\/loa-gosub-10-chat-luong-am-thanh-tot-768x432.jpg 768w\" sizes=\"auto, (max-width: 1280px) 100vw, 1280px\" \/><figcaption id=\"caption-attachment-23183\" class=\"wp-caption-text\">Loa GOSUB 10 c\u00f3 ch\u1ea5t l\u01b0\u1ee3ng \u00e2m thanh t\u1ed1t<\/figcaption><\/figure>\n<p>Ngo\u00e0i ra,\u00a0loa sub Gotech\u00a0c\u0169ng gi\u00fap ch\u1ea5t l\u01b0\u1ee3ng \u00e2m thanh c\u00f3 t\u1ed1c \u0111\u1ed9 x\u1eed l\u00fd nhanh \u0111\u1ec3 t\u00e1i t\u1ea1o \u00e2m tr\u1ea7m m\u1ed9t c\u00e1ch r\u00f5 n\u00e9t, ngay c\u1ea3 nh\u1eefng d\u1ea3i \u00e2m tr\u1ea7m nhanh nh\u1ea5t c\u0169ng \u0111\u01b0\u1ee3c t\u00e1i t\u1ea1o r\u00f5 r\u00e0ng v\u00e0 ch\u00ednh x\u00e1c.<\/p>\n<h3><b>Gi\u1eef cho \u00e2m thanh \u1ed5n \u0111\u1ecbnh<\/b><\/h3>\n<p>\u01afu \u0111i\u1ec3m v\u01b0\u1ee3t tr\u1ed9i c\u1ee7a loa GOSUB 10 ch\u00ednh l\u00e0 l\u00e0m gi\u1ea3m b\u1edbt \u00e1p l\u1ef1c tr\u00ean loa to\u00e0n d\u1ea3i, n\u00e2ng cao hi\u1ec7u su\u1ea5t t\u1ed5ng th\u1ec3 \u0111\u1ec3 \u00e2m thanh khi ph\u00e1t ra nh\u1eb9 nh\u00e0ng, \u00eam \u00e1i h\u01a1n.<\/p>\n<p>Trong qu\u00e1 tr\u00ecnh nghe nh\u1ea1c, ng\u01b0\u1eddi d\u00f9ng s\u1ebd lu\u00f4n c\u1ea3m nh\u1eadn \u0111\u01b0\u1ee3c \u00e2m thanh ph\u00e1t ra \u1ed5n \u0111\u1ecbnh, kh\u00f4ng b\u1ecb bi\u1ebfn d\u1ea1ng v\u1edbi c\u1ea3m gi\u00e1c ch\u00f3i tai, r\u00e8 r\u00e8 nh\u01b0 loa nguy\u00ean b\u1ea3n.<\/p>\n<figure id=\"attachment_23192\" class=\"wp-caption aligncenter\" aria-describedby=\"caption-attachment-23192\"><img loading=\"lazy\" decoding=\"async\" class=\"alignnone size-full wp-image-960\" src=\"https:\/\/autothaiduong.vn\/wp-content\/uploads\/2025\/05\/loa-gosub-10-giu-cho-khong-gian-on-dinh.jpg\" alt=\"Loa GOSUB 10 gi\u1eef cho kh\u00f4ng gian \u1ed5n \u0111\u1ecbnh\" width=\"1280\" height=\"720\" srcset=\"https:\/\/autothaiduong.vn\/wp-content\/uploads\/2025\/05\/loa-gosub-10-giu-cho-khong-gian-on-dinh.jpg 1280w, https:\/\/autothaiduong.vn\/wp-content\/uploads\/2025\/05\/loa-gosub-10-giu-cho-khong-gian-on-dinh-600x338.jpg 600w, https:\/\/autothaiduong.vn\/wp-content\/uploads\/2025\/05\/loa-gosub-10-giu-cho-khong-gian-on-dinh-1024x576.jpg 1024w, https:\/\/autothaiduong.vn\/wp-content\/uploads\/2025\/05\/loa-gosub-10-giu-cho-khong-gian-on-dinh-768x432.jpg 768w\" sizes=\"auto, (max-width: 1280px) 100vw, 1280px\" \/><figcaption id=\"caption-attachment-23192\" class=\"wp-caption-text\">Loa GOSUB 10 gi\u1eef cho kh\u00f4ng gian \u1ed5n \u0111\u1ecbnh<\/figcaption><\/figure>\n<h3><b>Ph\u00f9 h\u1ee3p v\u1edbi th\u00ednh gi\u00e1c c\u1ee7a ng\u01b0\u1eddi Vi\u1ec7t<\/b><\/h3>\n<p>V\u00ec ng\u01b0\u1eddi Vi\u1ec7t c\u00f3 s\u1ef1 c\u1ea3m nh\u1eadn \u00e2m thanh r\u1ea5t kh\u00e1c v\u1edbi th\u1ebf gi\u1edbi n\u00ean \u0111\u1ed9i ng\u0169 k\u1ef9 thu\u1eadt \u0111\u00e3 thi\u1ebft k\u1ebf Loa sub Gotech d\u00e0nh ri\u00eang cho xe v\u1edbi s\u1ef1 \u0111\u1ea7u t\u01b0 k\u1ef9 c\u00e0ng.<\/p>\n<p>Thay v\u00ec \u01b0a chu\u1ed9ng th\u1ec3 lo\u1ea1i nh\u1ea1c rock m\u1ea1nh m\u1ebd, ng\u01b0\u1eddi Vi\u1ec7t c\u00f3 xu h\u01b0\u1edbng th\u00edch nh\u1eefng d\u00f2ng nh\u1ea1c ballad, tr\u1eef t\u00ecnh nh\u1eb9 nh\u00e0ng s\u00e2u l\u1eafng n\u00ean ch\u1ea5t l\u01b0\u1ee3ng \u00e2m thanh ph\u1ea3i th\u1ef1c s\u1ef1 trong tr\u1ebbo, m\u1ec1m m\u1ea1i.<\/p>\n<figure id=\"attachment_23184\" class=\"wp-caption aligncenter\" aria-describedby=\"caption-attachment-23184\"><img loading=\"lazy\" decoding=\"async\" class=\"alignnone size-full wp-image-961\" src=\"https:\/\/autothaiduong.vn\/wp-content\/uploads\/2025\/05\/loa-gosub-10-phu-hop-voi-thinh-giac-nguoi-viet.jpg\" alt=\"Loa GOSUB 10 ph\u00f9 h\u1ee3p v\u1edbi th\u00ednh gi\u00e1c c\u1ee7a ng\u01b0\u1eddi Vi\u1ec7t\" width=\"1280\" height=\"720\" srcset=\"https:\/\/autothaiduong.vn\/wp-content\/uploads\/2025\/05\/loa-gosub-10-phu-hop-voi-thinh-giac-nguoi-viet.jpg 1280w, https:\/\/autothaiduong.vn\/wp-content\/uploads\/2025\/05\/loa-gosub-10-phu-hop-voi-thinh-giac-nguoi-viet-600x338.jpg 600w, https:\/\/autothaiduong.vn\/wp-content\/uploads\/2025\/05\/loa-gosub-10-phu-hop-voi-thinh-giac-nguoi-viet-1024x576.jpg 1024w, https:\/\/autothaiduong.vn\/wp-content\/uploads\/2025\/05\/loa-gosub-10-phu-hop-voi-thinh-giac-nguoi-viet-768x432.jpg 768w\" sizes=\"auto, (max-width: 1280px) 100vw, 1280px\" \/><figcaption id=\"caption-attachment-23184\" class=\"wp-caption-text\">Loa GOSUB 10 ph\u00f9 h\u1ee3p v\u1edbi th\u00ednh gi\u00e1c c\u1ee7a ng\u01b0\u1eddi Vi\u1ec7t<\/figcaption><\/figure>\n<h2><b>Ch\u00ednh s\u00e1ch b\u1ea3o h\u00e0nh khi s\u1eed d\u1ee5ng Loa GOSUB 10<\/b><\/h2>\n<p>Khi mua s\u1ea3n ph\u1ea9m loa GOSUB 10 cho xe \u00f4 t\u00f4, b\u1ea1n s\u1ebd y\u00ean t\u00e2m v\u1edbi ch\u1ebf \u0111\u1ed9\u00a0<em>b\u1ea3o h\u00e0nh 2 n\u0103m 1 \u0111\u1ed5i 1<\/em>\u00a0n\u1ebfu c\u00f3 l\u1ed7i t\u1eeb nh\u00e0 s\u1ea3n xu\u1ea5t.<\/p>\n<p>Ngo\u00e0i ra, ch\u00fang t\u00f4i cam k\u1ebft v\u1ec1 c\u00e1c ch\u00ednh s\u00e1ch h\u1eadu m\u00e3i v\u01b0\u1ee3t tr\u1ed9i trong qu\u00e1 tr\u00ecnh s\u1eed d\u1ee5ng.<\/p>\n<figure id=\"attachment_23185\" class=\"wp-caption aligncenter\" aria-describedby=\"caption-attachment-23185\"><img loading=\"lazy\" decoding=\"async\" class=\"alignnone size-full wp-image-962\" src=\"https:\/\/autothaiduong.vn\/wp-content\/uploads\/2025\/05\/loa-gosub-10-chinh-sach-bao-hanh-2-nam.jpg\" alt=\"Loa GOSUB 10 c\u00f3 ch\u00ednh s\u00e1ch b\u1ea3o h\u00e0nh 2 n\u0103m\" width=\"1280\" height=\"720\" srcset=\"https:\/\/autothaiduong.vn\/wp-content\/uploads\/2025\/05\/loa-gosub-10-chinh-sach-bao-hanh-2-nam.jpg 1280w, https:\/\/autothaiduong.vn\/wp-content\/uploads\/2025\/05\/loa-gosub-10-chinh-sach-bao-hanh-2-nam-600x338.jpg 600w, https:\/\/autothaiduong.vn\/wp-content\/uploads\/2025\/05\/loa-gosub-10-chinh-sach-bao-hanh-2-nam-1024x576.jpg 1024w, https:\/\/autothaiduong.vn\/wp-content\/uploads\/2025\/05\/loa-gosub-10-chinh-sach-bao-hanh-2-nam-768x432.jpg 768w\" sizes=\"auto, (max-width: 1280px) 100vw, 1280px\" \/><figcaption id=\"caption-attachment-23185\" class=\"wp-caption-text\">Loa GOSUB 10 c\u00f3 ch\u00ednh s\u00e1ch b\u1ea3o h\u00e0nh 2 n\u0103m<\/figcaption><\/figure>\n<\/div>\n<div class=\"product-footer\"><\/div>\n","protected":false},"excerpt":{"rendered":"<p>273-275 Tr\u1ea7n Ph\u00fa Ph\u01b0\u1eddng L\u1ed9c S\u01a1n Th\u00e0nh Ph\u1ed1 B\u1ea3o L\u1ed9c T\u1ec9nh L\u00e2m \u0110\u1ed3ng Hotline: 0912197441 Loa xe nguy\u00ean b\u1ea3n c\u1ee7a \u00f4 t\u00f4 hi\u1ec7n nay \u00edt \u0111\u01b0\u1ee3c \u0111\u1ea7u t\u01b0 v\u00ec l\u00e0 thi\u1ebft b\u1ecb kh\u00f4ng qu\u00e1 quan tr\u1ecdng n\u00ean \u00e2m thanh tr\u00ean xe ch\u01b0a mang l\u1ea1i c\u1ea3m gi\u00e1c h\u00e0i l\u00f2ng cho ng\u01b0\u1eddi d\u00f9ng. Loa sub l\u00e0 m\u1ed9t [&#8230;]\n","protected":false},"featured_media":962,"comment_status":"open","ping_status":"closed","template":"","meta":[],"product_brand":[71],"product_cat":[19,97],"product_tag":[],"class_list":{"0":"post-953","1":"product","2":"type-product","3":"status-publish","4":"has-post-thumbnail","6":"product_brand-gotech","7":"product_cat-am-thanh","8":"product_cat-sub-dien","10":"first","11":"instock","12":"shipping-taxable","13":"purchasable","14":"product-type-simple"},"_links":{"self":[{"href":"https:\/\/autothaiduong.vn\/index.php?rest_route=\/wp\/v2\/product\/953","targetHints":{"allow":["GET"]}}],"collection":[{"href":"https:\/\/autothaiduong.vn\/index.php?rest_route=\/wp\/v2\/product"}],"about":[{"href":"https:\/\/autothaiduong.vn\/index.php?rest_route=\/wp\/v2\/types\/product"}],"replies":[{"embeddable":true,"href":"https:\/\/autothaiduong.vn\/index.php?rest_route=%2Fwp%2Fv2%2Fcomments&post=953"}],"wp:featuredmedia":[{"embeddable":true,"href":"https:\/\/autothaiduong.vn\/index.php?rest_route=\/wp\/v2\/media\/962"}],"wp:attachment":[{"href":"https:\/\/autothaiduong.vn\/index.php?rest_route=%2Fwp%2Fv2%2Fmedia&parent=953"}],"wp:term":[{"taxonomy":"product_brand","embeddable":true,"href":"https:\/\/autothaiduong.vn\/index.php?rest_route=%2Fwp%2Fv2%2Fproduct_brand&post=953"},{"taxonomy":"product_cat","embeddable":true,"href":"https:\/\/autothaiduong.vn\/index.php?rest_route=%2Fwp%2Fv2%2Fproduct_cat&post=953"},{"taxonomy":"product_tag","embeddable":true,"href":"https:\/\/autothaiduong.vn\/index.php?rest_route=%2Fwp%2Fv2%2Fproduct_tag&post=953"}],"curies":[{"name":"wp","href":"https:\/\/api.w.org\/{rel}","templated":true}]}}