{"id":968,"date":"2025-05-10T16:58:15","date_gmt":"2025-05-10T16:58:15","guid":{"rendered":"https:\/\/autothaiduong.vn\/?post_type=product&#038;p=968"},"modified":"2025-05-10T16:58:44","modified_gmt":"2025-05-10T16:58:44","slug":"cam-bien-ap-suat-lop-gotech","status":"publish","type":"product","link":"https:\/\/autothaiduong.vn\/?product=cam-bien-ap-suat-lop-gotech","title":{"rendered":"C\u1ea2M BI\u1ebeN \u00c1P SU\u1ea4T L\u1ed0P GOTECH"},"content":{"rendered":"<p><img loading=\"lazy\" decoding=\"async\" class=\" wp-image-489 aligncenter\" src=\"https:\/\/autothaiduong.vn\/wp-content\/uploads\/2025\/04\/z6584734442481_f208f5944548cb4b46353402ce2e64e0.jpg\" alt=\"\" width=\"288\" height=\"255\" \/><\/p>\n<p style=\"text-align: center;\"><span style=\"font-size: 150%;\"><strong><span style=\"color: #ff0000;\">273-275 Tr\u1ea7n Ph\u00fa Ph\u01b0\u1eddng L\u1ed9c S\u01a1n Th\u00e0nh Ph\u1ed1 B\u1ea3o L\u1ed9c T\u1ec9nh L\u00e2m \u0110\u1ed3ng <\/span><\/strong><\/span><\/p>\n<p style=\"text-align: center;\"><span style=\"font-size: 150%;\"><strong><span style=\"color: #ff0000;\">Hotline: 0912197441<\/span><\/strong><\/span><\/p>\n<p>&nbsp;<\/p>\n<div class=\"left-col cbasl\">\n<h2>AN TO\u00c0N L\u0102N B\u00c1NH V\u1edaI\u00a0C\u1ea2M BI\u1ebeN \u00c1P SU\u1ea4T L\u1ed0P GOTECH<\/h2>\n<p>H\u00e0ng n\u0103m Vi\u1ec7t Nam c\u00f3 h\u00e0ng ch\u1ee5c ngh\u00ecn v\u1ee5 tai n\u1ea1n giao th\u00f4ng, trong s\u1ed1 \u0111\u00f3 66% c\u00e1c v\u1ee5 tai n\u1ea1n li\u00ean quan \u0111\u1ebfn l\u1ed1p xe. \u0110\u00e2y l\u00e0 con s\u1ed1 \u0111\u00e1ng b\u00e1o \u0111\u1ed9ng v\u00e0 nh\u01b0 m\u1ed9t h\u1ed3i chu\u00f4ng c\u1ea3nh b\u00e1o m\u1ed7i t\u00e0i x\u1ebf h\u00e3y quan t\u00e2m t\u1edbi chi\u1ebfc l\u1ed1p xe c\u1ee7a m\u00ecnh h\u01a1n.<\/p>\n<p>C\u00e1c chuy\u00ean gia h\u00e0ng \u0111\u1ea7u v\u1ec1 xe h\u01a1i \u0111\u1ec1u nh\u1eadn \u0111\u1ecbnh r\u1eb1ng,\u00a0<em>c\u1ea3m bi\u1ebfn \u00e1p su\u1ea5t l\u1ed1p<\/em>\u00a0l\u00e0 thi\u1ebft b\u1ecb v\u00f4 c\u00f9ng quan tr\u1ecdng v\u00e0 c\u1ea7n thi\u1ebft m\u00e0 m\u1ed7i t\u00e0i x\u1ebf c\u1ea7n trang b\u1ecb cho chi\u1ebfc xe c\u1ee7a m\u00ecnh. \u0110\u00e2y kh\u00f4ng ch\u1ec9 l\u00e0 thi\u1ebft b\u1ecb gi\u00fap xe v\u1eadn h\u00e0nh t\u1ed1t h\u01a1n m\u00e0 c\u00f2n li\u00ean quan tr\u1ef1c ti\u1ebfp \u0111\u1ebfn v\u1ea5n \u0111\u1ec1 an to\u00e0n giao th\u00f4ng.<\/p>\n<p>\u0110\u1ec3 h\u1ed7 tr\u1ee3 b\u1ea1n c\u00f3 nh\u1eefng chuy\u1ebfn \u0111i an to\u00e0n nh\u1ea5t, GOTECH \u0111\u00e3 nghi\u00ean c\u1ee9u ra nh\u1eefng s\u1ea3n ph\u1ea9m\u00a0<strong>c\u1ea3m bi\u1ebfn \u00e1p su\u1ea5t l\u1ed1p<\/strong>\u00a0v\u1edbi ti\u00eau chu\u1ea9n ch\u1ea5t l\u01b0\u1ee3ng t\u1ed1t nh\u1ea5t hi\u1ec7n nay v\u00e0 \u0111em \u0111\u1ebfn cho ng\u01b0\u1eddi d\u00f9ng nh\u1eefng gi\u00e1 tr\u1ecb thi\u1ebft th\u1ef1c. \u0110\u00e2y ho\u00e0n to\u00e0n l\u00e0 c\u00e1c\u00a0<em>c\u1ea3m bi\u1ebfn l\u1ed1p<\/em>\u00a0\u00f4 t\u00f4 ch\u00ednh h\u00e3ng c\u1ee7a GOTECH v\u00e0 \u0111\u00e3 tr\u1ea3i qua qu\u00e1 tr\u00ecnh \u0111\u00e1nh gi\u00e1, th\u1eed nghi\u1ec7m nghi\u00eam ng\u1eb7t \u0111\u1ec3 \u0111\u1ea3m b\u1ea3o ho\u1ea1t \u0111\u1ed9ng \u1ed5n \u0111\u1ecbnh v\u00e0 cung c\u1ea5p th\u00f4ng tin m\u1ed9t c\u00e1ch ch\u00ednh x\u00e1c cho m\u1ed7i t\u00e0i x\u1ebf.<\/p>\n<\/div>\n<div class=\"right-col\"><img loading=\"lazy\" decoding=\"async\" class=\"alignnone size-full wp-image-971\" src=\"https:\/\/autothaiduong.vn\/wp-content\/uploads\/2025\/05\/bo-cam-bien-ap-suat-lop-gotech.png\" alt=\"\" width=\"573\" height=\"388\" \/><\/div>\n<div>\n<div class=\"description-content showfull\">\n<p><b>C\u1ea3m bi\u1ebfn \u00e1p su\u1ea5t l\u1ed1p Gotech GS8 l\u00e0 d\u00f2ng c\u1ea3m bi\u1ebfn t\u00edch h\u1ee3p s\u1eb5n l\u00ean\u00a0<a href=\"https:\/\/gotech.vn\/san-pham\/man-hinh-o-to-thong-minh\/\" target=\"_blank\" rel=\"noopener\">m\u00e0n h\u00ecnh android \u00f4 t\u00f4<\/a>\u00a0\u0111\u01b0\u1ee3c trang b\u1ecb nhi\u1ec1u t\u00ednh n\u0103ng \u0111\u1ed9c \u0111\u00e1o gi\u00fap t\u00e0i x\u1ebf ki\u1ec3m so\u00e1t l\u1ed1p m\u1ecdi l\u00fac, m\u1ecdi n\u01a1i, n\u00e2ng cao an to\u00e0n khi l\u00e1i xe.<\/b><\/p>\n<p>N\u1ebfu b\u1ea1n \u0111ang t\u00ecm\u00a0<a href=\"https:\/\/gotech.vn\/san-pham\/cam-bien-ap-suat-lop\/\" target=\"_blank\" rel=\"noopener\"><strong>c\u1ea3m bi\u1ebfn \u00e1p su\u1ea5t l\u1ed1p<\/strong><\/a>\u00a0cho xe c\u1ee7a m\u00ecnh th\u00ec c\u1ea3m bi\u1ebfn \u00e1p su\u1ea5t l\u1ed1p Gotech GS8 l\u00e0 thi\u1ebft b\u1ecb c\u1ea7n \u0111\u01b0\u1ee3c \u0111\u1ea7u t\u01b0 ngay b\u1edfi \u0111\u1ed9 ch\u00ednh x\u00e1c v\u00e0 an to\u00e0n cao. V\u1edbi s\u1ef1 h\u1ed7 tr\u1ee3 c\u1ee7a \u00e1p su\u1ea5t l\u1ed1p Gotech GS8 van trong, b\u1ea1n c\u00f3 th\u1ec3 y\u00ean t\u00e2m kh\u00f4ng lo m\u1ea5t tr\u1ed9m v\u00e0 ch\u1ee7 \u0111\u1ed9ng gi\u00e1m s\u00e1t l\u1ed1p trong m\u1ecdi t\u00ecnh hu\u1ed1ng, k\u1ecbp th\u1eddi x\u1eed l\u00fd s\u1ef1 c\u1ed1 b\u1ea5t ng\u1edd, di chuy\u1ec3n an to\u00e0n tr\u00ean m\u1ecdi h\u00e0nh tr\u00ecnh. C\u00f9ng t\u00ecm hi\u1ec3u v\u1ec1 c\u1ea5u t\u1ea1o v\u00e0 nh\u1eefng t\u00ednh n\u0103ng n\u1ed5i b\u1eadt \u0111\u1ed9c \u0111\u00e1o \u0111\u01b0\u1ee3c trang b\u1ecb tr\u00ean c\u1ea3m bi\u1ebfn \u00e1p su\u1ea5t l\u1ed1p Gotech GS8.<\/p>\n<figure id=\"attachment_12336\" class=\"wp-caption aligncenter\" aria-describedby=\"caption-attachment-12336\"><img loading=\"lazy\" decoding=\"async\" class=\"alignnone size-full wp-image-972\" src=\"https:\/\/autothaiduong.vn\/wp-content\/uploads\/2025\/05\/cam-bien-ap-suat-lop-gotech-gs8-3-1024x640-1.jpg\" alt=\"cam-bien-ap-suat-lop-gotech-gs8 (3)\" width=\"1024\" height=\"640\" srcset=\"https:\/\/autothaiduong.vn\/wp-content\/uploads\/2025\/05\/cam-bien-ap-suat-lop-gotech-gs8-3-1024x640-1.jpg 1024w, https:\/\/autothaiduong.vn\/wp-content\/uploads\/2025\/05\/cam-bien-ap-suat-lop-gotech-gs8-3-1024x640-1-600x375.jpg 600w, https:\/\/autothaiduong.vn\/wp-content\/uploads\/2025\/05\/cam-bien-ap-suat-lop-gotech-gs8-3-1024x640-1-768x480.jpg 768w\" sizes=\"auto, (max-width: 1024px) 100vw, 1024px\" \/><figcaption id=\"caption-attachment-12336\" class=\"wp-caption-text\">C\u1ea3m bi\u1ebfn \u00e1p su\u1ea5t l\u1ed1p Gotech GS8<\/figcaption><\/figure>\n<h2><b>C\u1ea5u t\u1ea1o c\u1ea3m bi\u1ebfn \u00e1p su\u1ea5t l\u1ed1p Gotech GS8<\/b><\/h2>\n<p><a href=\"https:\/\/gotech.vn\/cam-bien-ap-suat-lop-gotech-gs8\/\" target=\"_blank\" rel=\"noopener\"><strong>C\u1ea3m bi\u1ebfn \u00e1p su\u1ea5t l\u1ed1p Gotech GS8<\/strong><\/a>\u00a0\u0111\u01b0\u1ee3c c\u1ea5u t\u1ea1o t\u1eeb 4 van c\u1ea3m bi\u1ebfn\u00a0 v\u00e0 1 m\u00f4 \u0111un \u0111i\u1ec1u khi\u1ec3n.<\/p>\n<p>Trong m\u1ed7i van GS8 c\u00f3 c\u00e1c c\u1ea3m bi\u1ebfn \u00e1p su\u1ea5t, nhi\u1ec7t \u0111\u1ed9, m\u1ea1ch \u0111i\u1ec7n v\u00e0 pin. H\u1ec7 th\u1ed1ng van c\u1ea3m bi\u1ebfn c\u00f3 kh\u1ea3 n\u0103ng ph\u00e1t hi\u1ec7n \u00e1p su\u1ea5t kh\u00f4ng kh\u00ed v\u00e0 nhi\u1ec7t \u0111\u1ed9 c\u1ee7a l\u1ed1p xe trong th\u1eddi gian th\u1ef1c v\u00e0 truy\u1ec1n t\u00edn hi\u1ec7u \u0111\u01a1n \u0111\u1ebfn M\u00f4 \u0111un \u0111i\u1ec1u khi\u1ec3n b\u1eb1ng t\u1ea7n s\u1ed1 v\u00f4 tuy\u1ebfn.<\/p>\n<p>M\u00f4 \u0111un \u0111i\u1ec1u khi\u1ec3n c\u00f3 nhi\u1ec7m v\u1ee5 truy\u1ec1n d\u1eef li\u1ec7u nhi\u1ec7t \u0111\u1ed9 v\u00e0 \u00e1p su\u1ea5t l\u1ed1p t\u1edbi \u1ee9ng d\u1ee5ng \u0111\u1ecbnh v\u1ecb Android tr\u00ean \u00f4 t\u00f4 (Gotech TPMS).<\/p>\n<p>Gotech TPMS ph\u00e1t ra \u00e2m thanh c\u1ea3nh b\u00e1o nh\u1eafc nh\u1edf t\u00e0i x\u1ebf khi ph\u00e1t hi\u1ec7n nh\u1eefng b\u1ea5t th\u01b0\u1eddng c\u1ee7a l\u1ed1p nh\u01b0: \u00c1p su\u1ea5t l\u1ed1p thay \u0111\u1ed5i \u0111\u1ed9t ng\u1ed9t qu\u00e1 cao\/qu\u00e1 th\u1ea5p, l\u1ed1p b\u1ecb x\u00ec h\u01a1i, l\u1ed1p c\u00e1n ph\u1ea3i \u0111inh,\u2026<\/p>\n<h2><b>T\u00ednh n\u0103ng n\u1ed5i b\u1eadt c\u1ee7a c\u1ea3m bi\u1ebfn \u00e1p su\u1ea5t l\u1ed1p Gotech GS8<\/b><\/h2>\n<p>\u0110\u1ec3 h\u1ed7 tr\u1ee3 \u0111\u1eafc l\u1ef1c cho t\u00e0i x\u1ebf khi di chuy\u1ec3n c\u0169ng nh\u01b0 n\u00e2ng cao tu\u1ed5i th\u1ecd l\u1ed1p xe, \u00e1p su\u1ea5t l\u1ed1p Gotech GS8 \u0111\u01b0\u1ee3c trang b\u1ecb nh\u1eefng c\u00f4ng ngh\u1ec7 ti\u00ean ti\u1ebfn nh\u1ea5t hi\u1ec7n nay.<\/p>\n<h3><b>Gi\u00e1m s\u00e1t \u00e1p su\u1ea5t l\u1ed1p v\u00e0 nhi\u1ec7t \u0111\u1ed9 l\u1ed1p ch\u00ednh x\u00e1c<\/b><\/h3>\n<p>Vi\u1ec7c \u00e1p su\u1ea5t l\u1ed1p xe kh\u00f4ng \u1ed5n \u0111\u1ecbnh l\u00e0 nguy\u00ean nh\u00e2n khi\u1ebfn qu\u00e1 tr\u00ecnh di chuy\u1ec3n m\u1ea5t an to\u00e0n. Tuy nhi\u00ean v\u1edbi c\u1ea3m bi\u1ebfn \u00e1p su\u1ea5t l\u1ed1p Gotech GS8 to\u00e0n b\u1ed9 th\u00f4ng tin v\u1ec1 \u00e1p su\u1ea5t v\u00e0 nhi\u1ec7t \u0111\u1ed9 th\u1ef1c t\u1ebf c\u1ee7a 4 l\u1ed1p s\u1ebd \u0111\u01b0\u1ee3c hi\u1ec3n th\u1ecb chi ti\u1ebft tr\u00ean\u00a0<a href=\"https:\/\/gotech.vn\/san-pham\/man-hinh-o-to-thong-minh\/\" target=\"_blank\" rel=\"noopener\">m\u00e0n h\u00ecnh android<\/a>, h\u1ed7 tr\u1ee3 b\u1ea1n ki\u1ec3m so\u00e1t \u00e1p su\u1ea5t l\u1ed1p linh ho\u1ea1t nh\u1ea5t.<\/p>\n<p>Ngo\u00e0i ra, ng\u01b0\u1eddi d\u00f9ng c\u00f3 th\u1ec3 t\u00f9y ch\u1ecdn \u0111\u01a1n v\u1ecb \u0111o \u00e1p su\u1ea5t (Bar, PSI, KG) v\u00e0 \u0111\u01a1n v\u1ecb \u0111o nhi\u1ec7t \u0111\u1ed9 (\u00b0C, \u00b0F).<\/p>\n<figure id=\"attachment_12339\" class=\"wp-caption aligncenter\" aria-describedby=\"caption-attachment-12339\"><img loading=\"lazy\" decoding=\"async\" class=\"alignnone size-full wp-image-973\" src=\"https:\/\/autothaiduong.vn\/wp-content\/uploads\/2025\/05\/cam-bien-ap-suat-lop-gotech-gs8-2-1024x640-1.jpg\" alt=\"cam-bien-ap-suat-lop-gotech-gs8 (2)\" width=\"1024\" height=\"640\" srcset=\"https:\/\/autothaiduong.vn\/wp-content\/uploads\/2025\/05\/cam-bien-ap-suat-lop-gotech-gs8-2-1024x640-1.jpg 1024w, https:\/\/autothaiduong.vn\/wp-content\/uploads\/2025\/05\/cam-bien-ap-suat-lop-gotech-gs8-2-1024x640-1-600x375.jpg 600w, https:\/\/autothaiduong.vn\/wp-content\/uploads\/2025\/05\/cam-bien-ap-suat-lop-gotech-gs8-2-1024x640-1-768x480.jpg 768w\" sizes=\"auto, (max-width: 1024px) 100vw, 1024px\" \/><figcaption id=\"caption-attachment-12339\" class=\"wp-caption-text\">Thi\u1ebft b\u1ecb c\u1ea3m bi\u1ebfn \u00e1p su\u1ea5t l\u1ed1p Gotech GS8 t\u00edch h\u1ee3p l\u00ean m\u00e0n h\u00ecnh android \u00f4 t\u00f4 h\u1ed7 tr\u1ee3 gi\u00e1m s\u00e1t l\u1ed1p hi\u1ec7u qu\u1ea3 h\u01a1n<\/figcaption><\/figure>\n<h3><b>C\u1ea3nh b\u00e1o \u00e1p su\u1ea5t, nhi\u1ec7t \u0111\u1ed9 b\u1eb1ng \u00e2m thanh v\u00e0 h\u00ecnh \u1ea3nh<\/b><\/h3>\n<p>Kh\u00f4ng ch\u1ec9 hi\u1ec3n th\u1ecb ch\u00ednh x\u00e1c th\u00f4ng tin v\u1ec1 nhi\u1ec7t \u0111\u1ed9, \u00e1p su\u1ea5t, GS8 c\u00f2n ph\u00e1t \u00e2m thanh v\u00e0 h\u00ecnh \u1ea3nh c\u1ea3nh b\u00e1o \u00e1p su\u1ea5t l\u1ed1p th\u1ea5p\/cao cho t\u1eebng v\u1ecb tr\u00ed sensor (van c\u1ea3m bi\u1ebfn) gi\u00fap b\u1ea1n ph\u00e1t hi\u1ec7n r\u00f2 r\u1ec9 k\u1ecbp th\u1eddi. B\u00ean c\u1ea1nh c\u1ea3nh b\u00e1o b\u1eb1ng \u00e2m thanh, c\u1ea3m bi\u1ebfn \u00e1p su\u1ea5t l\u1ed1p GS8 c\u0169ng hi\u1ec3n th\u1ecb h\u00ecnh \u1ea3nh tr\u00ean m\u00e0n h\u00ecnh h\u1ed7 tr\u1ee3 b\u1ea1n c\u1eadp nh\u1eadt linh ho\u1ea1t nh\u1ea5t.<\/p>\n<h3><b>Hi\u1ec3n th\u1ecb Widget ra m\u00e0n h\u00ecnh ch\u00ednh<\/b><\/h3>\n<p>Thay v\u00ec ph\u1ea3i m\u1edf \u1ee9ng d\u1ee5ng c\u1ea3m bi\u1ebfn \u00e1p su\u1ea5t l\u1ed1p \u0111\u1ec3 xem t\u00ecnh tr\u1ea1ng l\u1ed1p th\u00ec c\u1ea3m bi\u1ebfn \u00e1p su\u1ea5t l\u1ed1p GOTECH GS8 cho ph\u00e9p hi\u1ec3n th\u1ecb widget ra m\u00e0n h\u00ecnh ch\u00ednh. Nh\u1edd v\u1eady, ch\u1ee7 xe c\u00f3 th\u1ec3 gi\u00e1m s\u00e1t li\u00ean t\u1ee5c th\u00f4ng tin l\u1ed1p k\u1ecbp th\u1eddi, ch\u00ednh x\u00e1c tuy\u1ec7t \u0111\u1ed1i.<\/p>\n<h3><b>H\u1ed7 tr\u1ee3 \u0111\u1ea3o l\u1ed1p \u2013 kh\u1edbp l\u1ed1p t\u1ef1 \u0111\u1ed9ng<\/b><\/h3>\n<p>\u0110i\u1ec3m n\u1ed5i b\u1eadt c\u1ee7a c\u1ea3m bi\u1ebfn \u00e1p su\u1ea5t l\u1ed1p Gotech GS8 l\u00e0 kh\u1ea3 n\u0103ng \u0111\u1ea3o l\u1ed1p, t\u1ef1 \u0111\u1ed9ng nh\u1eadn di\u1ec7n v\u1ecb tr\u00ed c\u1ee7a l\u1ed1p xe th\u00f4ng minh. \u0110\u00e2y l\u00e0 c\u00f4ng ngh\u1ec7 m\u1edbi cho ph\u00e9p hi\u1ec3n th\u1ecb ch\u00ednh x\u00e1c th\u00f4ng s\u1ed1 l\u1ed1p v\u00e0 v\u1ecb tr\u00ed c\u1ee7a l\u1ed1p xe tr\u00ean\u00a0<strong><a href=\"https:\/\/gotech.vn\/san-pham\/man-hinh-o-to-thong-minh\/\" target=\"_blank\" rel=\"noopener\">m\u00e0n h\u00ecnh \u00f4 t\u00f4<\/a><\/strong>\u00a0m\u00e0 kh\u00f4ng c\u1ea7n b\u1ea1n l\u1eafp c\u1ea3m bi\u1ebfn n\u00e0o v\u00e0o v\u1ecb tr\u00ed n\u00e0o. V\u1edbi t\u00ednh n\u0103ng \u0111\u1ea3o l\u1ed1p t\u1ef1 \u0111\u1ed9ng b\u1ea1n s\u1ebd ti\u1ebft ki\u1ec7m th\u1eddi gian, kh\u00f4ng c\u1ea7n th\u00e1o l\u1eafp l\u1ea1i.<\/p>\n<figure id=\"attachment_12340\" class=\"wp-caption aligncenter\" aria-describedby=\"caption-attachment-12340\"><img loading=\"lazy\" decoding=\"async\" class=\"alignnone size-full wp-image-974\" src=\"https:\/\/autothaiduong.vn\/wp-content\/uploads\/2025\/05\/cam-bien-ap-suat-lop-gotech-gs8-5-1024x640-1.jpg\" alt=\"cam-bien-ap-suat-lop-gotech-gs8 (5)\" width=\"1024\" height=\"640\" srcset=\"https:\/\/autothaiduong.vn\/wp-content\/uploads\/2025\/05\/cam-bien-ap-suat-lop-gotech-gs8-5-1024x640-1.jpg 1024w, https:\/\/autothaiduong.vn\/wp-content\/uploads\/2025\/05\/cam-bien-ap-suat-lop-gotech-gs8-5-1024x640-1-600x375.jpg 600w, https:\/\/autothaiduong.vn\/wp-content\/uploads\/2025\/05\/cam-bien-ap-suat-lop-gotech-gs8-5-1024x640-1-768x480.jpg 768w\" sizes=\"auto, (max-width: 1024px) 100vw, 1024px\" \/><figcaption id=\"caption-attachment-12340\" class=\"wp-caption-text\">C\u1ea3m bi\u1ebfn \u00e1p su\u1ea5t l\u1ed1p Gotech GS8 cho ph\u00e9p \u0111\u1ea3o l\u1ed1p \u2013 kh\u1edbp l\u1ed1p ngay tr\u00ean m\u00e0n h\u00ecnh android \u00f4 t\u00f4<\/figcaption><\/figure>\n<h3><b>H\u1ed7 tr\u1ee3 ki\u1ec3m tra \u00e1p su\u1ea5t l\u1ed1p b\u1eb1ng gi\u1ecdng n\u00f3i<\/b><\/h3>\n<p>Th\u00fa v\u1ecb h\u01a1n, b\u1ea1n c\u00f3 th\u1ec3 s\u1eed d\u1ee5ng t\u00ednh n\u0103ng \u0111i\u1ec1u khi\u1ec3n gi\u1ecdng n\u00f3i tr\u00ean m\u00e0n h\u00ecnh \u00f4 t\u00f4 \u0111\u1ec3 ki\u1ec3m tra \u00e1p su\u1ea5t l\u1ed1p c\u1ee7a xe. T\u00ednh n\u0103ng n\u00e0y gi\u00fap b\u1ea1n v\u1eefng tay l\u00e1i, t\u1eadp trung v\u00e0o cung \u0111\u01b0\u1eddng ph\u00eda tr\u01b0\u1edbc nh\u01b0ng v\u1eabn bi\u1ebft \u0111\u01b0\u1ee3c \u00e1p su\u1ea5t l\u1ed1p.<\/p>\n<h3><b>T\u00edch h\u1ee3p v\u1edbi nhi\u1ec1u m\u00e0n h\u00ecnh android \u00f4 t\u00f4<\/b><\/h3>\n<p>L\u1ee3i th\u1ebf c\u1ee7a \u00e1p su\u1ea5t l\u1ed1p \u00f4 t\u00f4 Gotech GS8 l\u00e0 c\u00f3 th\u1ec3 t\u00edch h\u1ee3p v\u1edbi nhi\u1ec1u d\u00f2ng m\u00e0n h\u00ecnh android \u00f4 t\u00f4 kh\u00e1c nhau. B\u1edfi v\u1eady, b\u1ea1n c\u00f3 th\u1ec3 y\u00ean t\u00e2m l\u1eafp \u0111\u1eb7t v\u00e0 s\u1eed d\u1ee5ng.<\/p>\n<h3><b>Van ch\u1ed1ng g\u1ec9, ch\u1ed1ng n\u01b0\u1edbc, \u0111\u1ed9 b\u1ec1n c\u1ea3m bi\u1ebfn cao<\/b><\/h3>\n<p>M\u1ed9t \u0111i\u1ec3m c\u1ed9ng kh\u00f4ng th\u1ec3 b\u1ecf qua tr\u00ean c\u1ea3m bi\u1ebfn \u00e1p su\u1ea5t l\u1ed1p Gotech GS8 l\u00e0 van l\u00e0m b\u1eb1ng ch\u1ea5t li\u1ec7u th\u00e9p kh\u00f4ng g\u1ec9, c\u00f3 kh\u1ea3 n\u0103ng ch\u1ed1ng n\u01b0\u1edbc v\u00e0 ch\u1ed1ng b\u1ee5i. Nh\u01b0 v\u1eady, qu\u00e1 tr\u00ecnh truy\u1ec1n t\u1ea3i th\u00f4ng tin v\u1ec1 m\u00e0n h\u00ecnh hi\u1ec3n th\u1ecb kh\u00f4ng b\u1ecb \u1ea3nh h\u01b0\u1edfng v\u00e0 cho k\u1ebft qu\u1ea3 ch\u00ednh x\u00e1c nh\u1ea5t.<\/p>\n<h3><b>Giao di\u1ec7n hi\u1ec3n th\u1ecb tr\u1ef1c quan<\/b><\/h3>\n<p>Giao di\u1ec7n hi\u1ec3n th\u1ecb th\u00f4ng tin tr\u00ean m\u00e0n h\u00ecnh \u00f4 t\u00f4 tr\u1ef1c quan, h\u1ed7 tr\u1ee3 ng\u00f4n ng\u1eef (Ti\u1ebfng Vi\u1ec7t, Ti\u1ebfng Anh) linh ho\u1ea1t khi s\u1eed d\u1ee5ng v\u00e0 d\u1ec5 d\u00e0ng ti\u1ebfp nh\u1eadn th\u00f4ng tin.<\/p>\n<figure id=\"attachment_12338\" class=\"wp-caption aligncenter\" aria-describedby=\"caption-attachment-12338\"><img loading=\"lazy\" decoding=\"async\" class=\"alignnone size-full wp-image-975\" src=\"https:\/\/autothaiduong.vn\/wp-content\/uploads\/2025\/05\/cam-bien-ap-suat-lop-gotech-gs8-4-1024x640-1.jpg\" alt=\"cam-bien-ap-suat-lop-gotech-gs8 (4)\" width=\"1024\" height=\"640\" srcset=\"https:\/\/autothaiduong.vn\/wp-content\/uploads\/2025\/05\/cam-bien-ap-suat-lop-gotech-gs8-4-1024x640-1.jpg 1024w, https:\/\/autothaiduong.vn\/wp-content\/uploads\/2025\/05\/cam-bien-ap-suat-lop-gotech-gs8-4-1024x640-1-600x375.jpg 600w, https:\/\/autothaiduong.vn\/wp-content\/uploads\/2025\/05\/cam-bien-ap-suat-lop-gotech-gs8-4-1024x640-1-768x480.jpg 768w\" sizes=\"auto, (max-width: 1024px) 100vw, 1024px\" \/><figcaption id=\"caption-attachment-12338\" class=\"wp-caption-text\">Th\u00f4ng s\u1ed1 \u00e1p su\u1ea5t, nhi\u1ec7t \u0111\u1ed9 l\u1ed1p hi\u1ec3n th\u1ecb tr\u00ean m\u00e0n h\u00ecnh Android \u00f4 t\u00f4 t\u01b0\u01a1ng \u1ee9ng v\u1edbi t\u1eebng l\u1ed1p<\/figcaption><\/figure>\n<h3><b>Kh\u00f4ng lo m\u1ea5t tr\u1ed9m \u0111\u1ea7u van c\u1ea3m bi\u1ebfn, l\u1eafp \u0111\u1eb7t d\u1ec5 d\u00e0ng<\/b><\/h3>\n<p>B\u1ed9 c\u1ea3m bi\u1ebfn \u00e1p su\u1ea5t l\u1ed1p Gotech GS8 c\u00f3 thi\u1ebft k\u1ebf 4 van nh\u1ecf g\u1ecdn, d\u1ec5 d\u00e0ng l\u1eafp \u0111\u1eb7t v\u00e0 c\u00f3 t\u00ednh th\u1ea9m m\u1ef9 cao. Van \u0111\u01b0\u1ee3c l\u1eafp \u0111\u1eb7t b\u00ean trong l\u1ed1p xe, d\u00f9ng \u0111\u1ec3 thay th\u1ebf ho\u00e0n to\u00e0n cho van xe nguy\u00ean b\u1ea3n tr\u01b0\u1edbc \u0111\u00f3 v\u00e0 b\u1ea1n kh\u00f4ng c\u1ea7n ph\u1ea3i lo l\u1eafng v\u1ec1 vi\u1ec7c r\u01a1i van hay m\u1ea5t tr\u1ed9m.<\/p>\n<h3><b>Ti\u1ebft ki\u1ec7m nhi\u00ean li\u1ec7u, n\u00e2ng cao tu\u1ed5i th\u1ecd l\u1ed1p xe<\/b><\/h3>\n<p>Ch\u1ea1y xe trong t\u00ecnh tr\u1ea1ng \u00e1p su\u1ea5t cao kh\u00f4ng ch\u1ec9 nguy hi\u1ec3m m\u00e0 c\u00f2n t\u1ed1n nhi\u00ean li\u1ec7u. Ch\u01b0a k\u1ec3, \u00e1p su\u1ea5t l\u1ed1p cao c\u00f2n gi\u1ea3m tu\u1ed5i th\u1ecd l\u1ed1p xe. B\u1edfi v\u1eady, s\u1eed d\u1ee5ng c\u1ea3m bi\u1ebfn \u00e1p su\u1ea5t l\u1ed1p Gotech GS8 b\u1ea1n s\u1ebd \u0111i\u1ec1u ch\u1ec9nh \u0111\u01b0\u1ee3c \u00e1p su\u1ea5t l\u1ed1p ph\u00f9 h\u1ee3p, v\u1eeba ti\u1ebft ki\u1ec7m nhi\u00ean li\u1ec7u v\u1eeba kh\u00f4ng ph\u1ea3i thay l\u1ed1p s\u1edbm.<\/p>\n<h3><b>Ch\u1ebf \u0111\u1ed9 b\u1ea3o h\u00e0nh h\u1eadu m\u00e3i d\u00e0i l\u00e2u<\/b><\/h3>\n<p>B\u1ea1n c\u00f3 th\u1ec3 ho\u00e0n to\u00e0n y\u00ean t\u00e2m b\u1edfi pin c\u1ea3m bi\u1ebfn Gotech GS8 l\u00ean \u0111\u1ebfn 5 n\u0103m, cho qu\u00e1 tr\u00ecnh s\u1eed d\u1ee5ng l\u00e2u d\u00e0i. B\u1ed9 c\u1ea3m bi\u1ebfn \u00e1p su\u1ea5t l\u1ed1p Gotech GS8 c\u00f3 ch\u1ebf \u0111\u1ed9 b\u1ea3o h\u00e0nh 3 n\u0103m,<\/p>\n<h2><b>H\u01b0\u1edbng d\u1eabn l\u1eafp \u0111\u1eb7t c\u1ea3m bi\u1ebfn \u00e1p su\u1ea5t l\u1ed1p Gotech GS8<\/b><\/h2>\n<p>D\u01b0\u1edbi \u0111\u00e2y l\u00e0 h\u01b0\u1edbng d\u1eabn l\u1eafp \u0111\u1eb7t c\u1ea3m bi\u1ebfn \u00e1p su\u1ea5t l\u1ed1p Gotech GS8 v\u1edbi 10 b\u01b0\u1edbc an to\u00e0n v\u00e0 thu\u1eadn ti\u1ec7n nh\u1ea5t:<\/p>\n<p>B\u01b0\u1edbc 1: K\u00edch ph\u1ea7n th\u00e2n xe, ra l\u1ed1p<\/p>\n<p>B\u01b0\u1edbc 2: L\u1ed9t l\u1ed1p v\u00e0 b\u00e1nh xe tr\u00ean m\u00e1y thay l\u1ed1p<\/p>\n<p>B\u01b0\u1edbc 3: C\u1eaft cao su d\u01b0\u1edbi c\u00f9ng c\u1ee7a trung t\u00e2m<\/p>\n<p>B\u01b0\u1edbc 4: Th\u00e1o v\u00f2i kh\u00ed ban \u0111\u1ea7u L\u00e0m s\u1ea1ch c\u1eb7n b\u1ea9n m\u1ed9t c\u00e1ch c\u1ea9n th\u1eadn<\/p>\n<p>B\u01b0\u1edbc 5: C\u00e0i \u0111\u1eb7t c\u1ea3m bi\u1ebfn b\u00ean trong<\/p>\n<p>B\u01b0\u1edbc 6: B\u01a1m \u0111\u1ea7y kh\u00ed cho l\u1ed1p<\/p>\n<p>B\u01b0\u1edbc 7: L\u1eafp van cho l\u1ed1p<\/p>\n<p>B\u01b0\u1edbc 8: S\u1eed d\u1ee5ng m\u00e1y c\u00e2n b\u1eb1ng l\u1ed1p<\/p>\n<p>B\u01b0\u1edbc 9: Ch\u1ea1y th\u1eed l\u1ed1p v\u1edbi t\u1ea3i<\/p>\n<p>B\u01b0\u1edbc 10: K\u1ebft n\u1ed1i M\u00f4-\u0111un v\u1edbi m\u00e0n h\u00ecnh Android<\/p>\n<p>Nh\u01b0 v\u1eady, v\u1edbi nh\u1eefng b\u01b0\u1edbc tr\u00ean c\u00f3 th\u1ec3 l\u1eafp \u00e1p su\u1ea5t l\u1ed1p GS8 v\u00e0o l\u1ed1p xe nhanh ch\u00f3ng v\u00e0 s\u1eed d\u1ee5ng an to\u00e0n.<\/p>\n<p>Tr\u00ean \u0111\u00e2y l\u00e0 nh\u1eefng th\u00f4ng tin v\u1ec1 s\u1ea3n ph\u1ea9m c\u1ea3m bi\u1ebfn \u00e1p su\u1ea5t l\u1ed1p Gotech GS8 d\u00e0nh cho nh\u1eefng ch\u1ee7 xe quan t\u00e2m v\u00e0 c\u00f3 nhu c\u1ea7u trang b\u1ecb c\u1ea3m bi\u1ebfn cho x\u1ebf c\u01b0ng. <strong><span style=\"color: #ff0000;\">Auto Th\u00e1i D\u01b0\u01a1ng<\/span><\/strong>\u00a0hy v\u1ecdng, v\u1edbi s\u1ef1 h\u1ed7 tr\u1ee3 c\u1ee7a\u00a0<strong><a href=\"https:\/\/gotech.vn\/san-pham\/cam-bien-ap-suat-lop\/\" target=\"_blank\" rel=\"noopener\">c\u1ea3m bi\u1ebfn l\u1ed1p<\/a><\/strong>\u00a0GS8, ch\u1ee7 xe c\u00f3 th\u1ec3 l\u00e1i xe an to\u00e0n tr\u00ean m\u1ecdi h\u00e0nh tr\u00ecnh v\u00e0 n\u00e2ng cao tu\u1ed5i th\u1ecd l\u1ed1p xe.<\/p>\n<\/div>\n<div class=\"product-footer\"><\/div>\n<\/div>\n","protected":false},"excerpt":{"rendered":"<p><img loading=\"lazy\" decoding=\"async\" class=\"alignnone size-medium wp-image-969\" src=\"https:\/\/autothaiduong.vn\/wp-content\/uploads\/2025\/05\/cam-bien-lop-gotech-lua-chon-an-toan-cho-tai-xe-600x334.jpg\" alt=\"\" width=\"600\" height=\"334\" srcset=\"https:\/\/autothaiduong.vn\/wp-content\/uploads\/2025\/05\/cam-bien-lop-gotech-lua-chon-an-toan-cho-tai-xe-600x334.jpg 600w, https:\/\/autothaiduong.vn\/wp-content\/uploads\/2025\/05\/cam-bien-lop-gotech-lua-chon-an-toan-cho-tai-xe-1024x571.jpg 1024w, https:\/\/autothaiduong.vn\/wp-content\/uploads\/2025\/05\/cam-bien-lop-gotech-lua-chon-an-toan-cho-tai-xe-768x428.jpg 768w, https:\/\/autothaiduong.vn\/wp-content\/uploads\/2025\/05\/cam-bien-lop-gotech-lua-chon-an-toan-cho-tai-xe.jpg 1209w\" sizes=\"auto, (max-width: 600px) 100vw, 600px\" \/><\/p>\n","protected":false},"featured_media":970,"comment_status":"open","ping_status":"closed","template":"","meta":[],"product_brand":[71],"product_cat":[22,75],"product_tag":[],"class_list":{"0":"post-968","1":"product","2":"type-product","3":"status-publish","4":"has-post-thumbnail","6":"product_brand-gotech","7":"product_cat-do-choi-xe","8":"product_cat-ap-suat-lop","10":"first","11":"instock","12":"shipping-taxable","13":"purchasable","14":"product-type-simple"},"_links":{"self":[{"href":"https:\/\/autothaiduong.vn\/index.php?rest_route=\/wp\/v2\/product\/968","targetHints":{"allow":["GET"]}}],"collection":[{"href":"https:\/\/autothaiduong.vn\/index.php?rest_route=\/wp\/v2\/product"}],"about":[{"href":"https:\/\/autothaiduong.vn\/index.php?rest_route=\/wp\/v2\/types\/product"}],"replies":[{"embeddable":true,"href":"https:\/\/autothaiduong.vn\/index.php?rest_route=%2Fwp%2Fv2%2Fcomments&post=968"}],"wp:featuredmedia":[{"embeddable":true,"href":"https:\/\/autothaiduong.vn\/index.php?rest_route=\/wp\/v2\/media\/970"}],"wp:attachment":[{"href":"https:\/\/autothaiduong.vn\/index.php?rest_route=%2Fwp%2Fv2%2Fmedia&parent=968"}],"wp:term":[{"taxonomy":"product_brand","embeddable":true,"href":"https:\/\/autothaiduong.vn\/index.php?rest_route=%2Fwp%2Fv2%2Fproduct_brand&post=968"},{"taxonomy":"product_cat","embeddable":true,"href":"https:\/\/autothaiduong.vn\/index.php?rest_route=%2Fwp%2Fv2%2Fproduct_cat&post=968"},{"taxonomy":"product_tag","embeddable":true,"href":"https:\/\/autothaiduong.vn\/index.php?rest_route=%2Fwp%2Fv2%2Fproduct_tag&post=968"}],"curies":[{"name":"wp","href":"https:\/\/api.w.org\/{rel}","templated":true}]}}