{"id":991,"date":"2025-05-11T03:18:36","date_gmt":"2025-05-11T03:18:36","guid":{"rendered":"https:\/\/autothaiduong.vn\/?post_type=product&#038;p=991"},"modified":"2025-05-11T03:18:36","modified_gmt":"2025-05-11T03:18:36","slug":"vietmap-ts-2k-lite-truocsau","status":"publish","type":"product","link":"https:\/\/autothaiduong.vn\/?product=vietmap-ts-2k-lite-truocsau","title":{"rendered":"VIETMAP TS-2K Lite Tr\u01b0\u1edbc+Sau"},"content":{"rendered":"<p style=\"text-align: center;\"><img loading=\"lazy\" decoding=\"async\" class=\" wp-image-489 aligncenter\" src=\"https:\/\/autothaiduong.vn\/wp-content\/uploads\/2025\/04\/z6584734442481_f208f5944548cb4b46353402ce2e64e0.jpg\" alt=\"\" width=\"282\" height=\"250\" \/><strong><span style=\"color: #ff0000; font-size: 150%;\">273-275 Tr\u1ea7n Ph\u00fa Ph\u01b0\u1eddng L\u1ed9c S\u01a1n Th\u00e0nh Ph\u1ed1 B\u1ea3o L\u1ed9c T\u1ec9nh L\u00e2m \u0110\u1ed3ng<\/span><\/strong><\/p>\n<p style=\"text-align: center;\"><strong><span style=\"color: #ff0000; font-size: 150%;\"> Hotline: 0912197441<\/span><\/strong><\/p>\n<p>&nbsp;<\/p>\n","protected":false},"excerpt":{"rendered":"<p>Tr\u1ea3i nghi\u1ec7m ch\u1ea5t l\u01b0\u1ee3ng h\u00ecnh \u1ea3nh r\u00f5 n\u00e9t m\u1ecdi l\u00fac v\u1edbi VIETMAP TS-2K LITE, camera h\u00e0nh tr\u00ecnh tr\u01b0\u1edbc sau\u00a0v\u1edbi \u1ed1ng k\u00ednh ghi h\u00ecnh g\u00f3c r\u1ed9ng v\u00e0 \u0111\u1ed9 ph\u00e2n gi\u1ea3i<strong>\u00a0Super HD 2K<\/strong>.<strong>\u00a0T\u1eb7ng ngay b\u1ea3n quy\u1ec1n VIETMAP LIVE PRO &#8211; 12 th\u00e1ng khi mua s\u1ea3n ph\u1ea9m.<\/strong><\/p>\n<p>Camera VIETMAP TS-2K LITE \u0111\u01b0\u1ee3c\u00a0trang b\u1ecb c\u00f4ng ngh\u1ec7 truy\u1ec1n d\u1eef li\u1ec7u th\u00f4ng qua k\u1ebft n\u1ed1i\u00a0<strong>WIFI 5.0Ghz,<\/strong>\u00a0gi\u00fap vi\u1ec7c xem l\u1ea1i, l\u01b0u tr\u1eef chia s\u1ebb video l\u00ean m\u1ea1ng x\u00e3 h\u1ed9i d\u1ec5 d\u00e0ng tr\u00ean c\u00e1c thi\u1ebft b\u1ecb h\u1ec7 \u0111i\u1ec1u h\u00e0nh Android v\u00e0 IOS th\u00f4ng qua \u1ee9ng d\u1ee5ng VIETMAP REC.<\/p>\n<table border=\"0\" cellspacing=\"1\" cellpadding=\"0\">\n<tbody>\n<tr>\n<td><img decoding=\"async\" src=\"https:\/\/bizweb.dktcdn.net\/thumb\/small\/100\/415\/690\/files\/icon-bsh-3624f797-e28f-49ac-9f82-18bec5bb427e.png?v=1655801071971\" data-thumb=\"small\" \/><\/td>\n<td>S\u1ea2N PH\u1ea8M \u00c1P D\u1ee4NG B\u1ea2O HI\u1ec2M<br \/>\nTR\u00c1CH NHI\u1ec6M S\u1ea2N PH\u1ea8M<\/td>\n<\/tr>\n<\/tbody>\n<\/table>\n","protected":false},"featured_media":992,"comment_status":"open","ping_status":"closed","template":"","meta":[],"product_brand":[84],"product_cat":[76,22],"product_tag":[],"class_list":{"0":"post-991","1":"product","2":"type-product","3":"status-publish","4":"has-post-thumbnail","6":"product_brand-vietmap","7":"product_cat-camera-hanh-trinh","8":"product_cat-do-choi-xe","10":"first","11":"instock","12":"shipping-taxable","13":"purchasable","14":"product-type-simple"},"_links":{"self":[{"href":"https:\/\/autothaiduong.vn\/index.php?rest_route=\/wp\/v2\/product\/991","targetHints":{"allow":["GET"]}}],"collection":[{"href":"https:\/\/autothaiduong.vn\/index.php?rest_route=\/wp\/v2\/product"}],"about":[{"href":"https:\/\/autothaiduong.vn\/index.php?rest_route=\/wp\/v2\/types\/product"}],"replies":[{"embeddable":true,"href":"https:\/\/autothaiduong.vn\/index.php?rest_route=%2Fwp%2Fv2%2Fcomments&post=991"}],"wp:featuredmedia":[{"embeddable":true,"href":"https:\/\/autothaiduong.vn\/index.php?rest_route=\/wp\/v2\/media\/992"}],"wp:attachment":[{"href":"https:\/\/autothaiduong.vn\/index.php?rest_route=%2Fwp%2Fv2%2Fmedia&parent=991"}],"wp:term":[{"taxonomy":"product_brand","embeddable":true,"href":"https:\/\/autothaiduong.vn\/index.php?rest_route=%2Fwp%2Fv2%2Fproduct_brand&post=991"},{"taxonomy":"product_cat","embeddable":true,"href":"https:\/\/autothaiduong.vn\/index.php?rest_route=%2Fwp%2Fv2%2Fproduct_cat&post=991"},{"taxonomy":"product_tag","embeddable":true,"href":"https:\/\/autothaiduong.vn\/index.php?rest_route=%2Fwp%2Fv2%2Fproduct_tag&post=991"}],"curies":[{"name":"wp","href":"https:\/\/api.w.org\/{rel}","templated":true}]}}