{"id":998,"date":"2025-05-11T14:57:45","date_gmt":"2025-05-11T14:57:45","guid":{"rendered":"https:\/\/autothaiduong.vn\/?post_type=product&#038;p=998"},"modified":"2025-05-11T14:59:01","modified_gmt":"2025-05-11T14:59:01","slug":"isub-active-focal","status":"publish","type":"product","link":"https:\/\/autothaiduong.vn\/?product=isub-active-focal","title":{"rendered":"ISUB ACTIVE FOCAL"},"content":{"rendered":"<p><img loading=\"lazy\" decoding=\"async\" class=\" wp-image-489 aligncenter\" src=\"https:\/\/autothaiduong.vn\/wp-content\/uploads\/2025\/04\/z6584734442481_f208f5944548cb4b46353402ce2e64e0.jpg\" alt=\"\" width=\"304\" height=\"269\" \/><\/p>\n<p style=\"text-align: center;\"><strong><span style=\"color: #ff0000; font-size: 150%;\">273-275 Tr\u1ea7n Ph\u00fa Ph\u01b0\u1eddng L\u1ed9c S\u01a1n Th\u00e0nh Ph\u1ed1 B\u1ea3o L\u1ed9c T\u1ec9nh L\u00e2m \u0110\u1ed3ng <\/span><\/strong><\/p>\n<p style=\"text-align: center;\"><strong><span style=\"color: #ff0000; font-size: 150%;\">Hotline: 0912197441<\/span><\/strong><\/p>\n<p><strong><a title=\"Loa si\u00eau tr\u1ea7m ISUB ACTIVE\" href=\"https:\/\/thienphuauto.com\/isub-active.html\" target=\"_blank\" rel=\"noopener\">Loa si\u00eau tr\u1ea7m ISUB ACTIVE<\/a><\/strong>\u00a0c\u1ee7a Focal mang \u0111\u1ebfn \u00e2m tr\u1ea7m m\u1ea1nh m\u1ebd, b\u1ed5 sung \u00e2m bass ch\u1ea5t l\u01b0\u1ee3ng cho h\u1ec7 th\u1ed1ng \u00e2m thanh nguy\u00ean b\u1ea3n c\u00f2n thi\u1ebfu. K\u00edch th\u01b0\u1edbc nh\u1ecf g\u1ecdn ch\u1ec9 2.5 inch ph\u00f9 h\u1ee3p v\u1edbi kh\u00f4ng gian nh\u1ecf g\u1ecdn tr\u00ean xe.<\/p>\n<div id=\"content-desc\" class=\"content active\">\n<h3>1. V\u00ec sao n\u00ean l\u1eafp loa ISUB ACTIVE FOCAL cho xe?<\/h3>\n<p>H\u1ec7 th\u1ed1ng \u00e2m thanh nguy\u00ean b\u1ea3n l\u00e0 khoa m\u1ee5c \u0111\u01b0\u1ee3c \u0111\u01b0\u1ee3c c\u1eaft b\u1edbt \u0111\u1ec3 gi\u1ea3m chi ph\u00ed gi\u00e1 th\u00e0nh xe. \u0110i\u1ec1u n\u00e0y kh\u00f4ng th\u1ec3 gi\u00fap ng\u01b0\u1eddi nghe c\u1ea3m th\u1ee5 \u00e2m nh\u1ea1c m\u1ed9t c\u00e1ch th\u0103ng hoa do h\u1ec7 th\u1ed1ng zin xe ch\u1ec9 \u0111\u1ec3 ph\u1ee5c v\u1ee5 nghe radio, nh\u1eefng b\u1ea3n nh\u1ea1c th\u1ecb tr\u01b0\u1eddng c\u1ee7a nh\u1eefng \u0111\u00f4i tai kh\u00f4ng c\u1ea7u k\u1ef3. C\u00f3 th\u1ec3 th\u1ea5y nh\u1eefng h\u1ea1n ch\u1ebf c\u1ee7a h\u1ec7 th\u1ed1ng\u00a0<a title=\"loa \u00f4 t\u00f4\" href=\"https:\/\/thienphuauto.com\/do-loa-o-to-am-thanh-xe-hoi.html\" target=\"_blank\" rel=\"noopener\">loa \u00f4 t\u00f4<\/a>\u00a0zin nh\u01b0 sau:<\/p>\n<p>&#8211; K\u00edch th\u01b0\u1edbc loa nh\u1ecf th\u01b0\u1eddng ch\u1ec9 4 \u0111\u1ebfn 6 inch l\u1eafp \u1edf c\u1eeda xe ho\u1eb7c taplo kh\u00f4ng th\u1ec3 t\u1ea1o s\u1ed1ng \u00e2m d\u00e0i v\u00e0 m\u1ea1nh cho d\u1ea3i tr\u1ea7m.<\/p>\n<p>&#8211; Thi\u1ebfu loa si\u00eau tr\u1ea7m v\u00ec v\u1eadu ti\u1ebfng bass th\u01b0\u1eddng n\u00f4ng, thi\u1ebfu l\u1ef1c, kh\u00f4ng th\u1ec3 c\u1ea3m nh\u1eadn chi\u1ec1u s\u00e2u c\u1ee7a b\u1ea3n nh\u1ea1c.<\/p>\n<p><img loading=\"lazy\" decoding=\"async\" class=\"alignnone size-full wp-image-1000\" src=\"https:\/\/autothaiduong.vn\/wp-content\/uploads\/2025\/05\/isub-active-focal-lap-gham-ghe-xe.jpg\" alt=\"isub active focal l\u1eafp gh\u1ea7m gh\u1ebf xe\" width=\"624\" height=\"418\" srcset=\"https:\/\/autothaiduong.vn\/wp-content\/uploads\/2025\/05\/isub-active-focal-lap-gham-ghe-xe.jpg 624w, https:\/\/autothaiduong.vn\/wp-content\/uploads\/2025\/05\/isub-active-focal-lap-gham-ghe-xe-600x402.jpg 600w\" sizes=\"auto, (max-width: 624px) 100vw, 624px\" \/><\/p>\n<p>&#8211; H\u1ec7 th\u1ed1ng \u00e2m li y\u1ebfu kh\u00f4ng \u0111\u1ee7 \u0111\u1ec3 \u0111\u1ea9y loa d\u1eabn \u0111\u1ebfn ti\u1ebfng bass b\u1ecb ch\u00ecm, b\u1ecb b\u00e8 \u1edf nh\u1eefng \u0111o\u1ea1n cao tr\u00e0o c\u1ee7a b\u00e0i h\u00e1t.<\/p>\n<p>&#8211; H\u1ea1n ch\u1ebf v\u1ec1 th\u1ec3 lo\u1ea1i nh\u1ea1c nghe v\u00ec thi\u1ebfu bass l\u00e0 thi\u1ebfu \u0111i c\u1ea3m x\u00fac c\u1ee7a b\u00e0i h\u00e1t, kh\u00f4ng th\u1ec3 c\u1ea3m nh\u1eadn \u0111\u01b0\u1ee3c nh\u1ecbp \u0111i\u1ec7u ho\u1eb7c \u0111\u1ed9 rung \u0111\u1eb7c tr\u01b0ng.<\/p>\n<p>Nh\u1eefng h\u1ea1n ch\u1ebf tr\u00ean \u0111\u01b0\u1ee3c h\u00e3ng Focal gi\u1ea3i quy\u1ebft v\u1edbi b\u00e0i to\u00e1n loa ISUB ACTIVE v\u00e0 \u0111\u00e2y c\u0169ng l\u00e0 thi\u1ebft b\u1ecb n\u1eb1m trong m\u1ecdi c\u1ea5u h\u00ecnh\u00a0<a title=\"\u0111\u1ed9 loa \u00f4 t\u00f4\" href=\"https:\/\/thienphuauto.com\/bang-gia-do-loa-o-to.html\" target=\"_blank\" rel=\"noopener\">\u0111\u1ed9 loa \u00f4 t\u00f4<\/a>\u00a0c\u1ee7a d\u00e2n ch\u01a1i \u00e2m thanh chuy\u00ean nghi\u1ec7p.<\/p>\n<h3>2. Nh\u1eefng \u01b0u \u0111i\u1ec3m ch\u00ednh c\u1ee7a loa ISUB ACTIVE FOCAL<\/h3>\n<p>Mang l\u1ea1i \u00e2m bass s\u00e2u, ch\u00ednh x\u00e1c v\u00e0 kh\u00f4ng b\u1ecb m\u00e9o, ph\u00f9 h\u1ee3p v\u1edbi ti\u00eau chu\u1ea9n cao nh\u1ea5t c\u1ee7a Focal, ch\u00ednh v\u00ec v\u1eady loa ISUB ACTIVE s\u1edf h\u1eefu nh\u1eefng \u0111\u1eb7c \u0111i\u1ec3m m\u00e0 kh\u00f4ng ph\u1ea3i s\u1ea3n ph\u1ea9m c\u00f9ng ph\u00e2n kh\u00fac n\u00e0o c\u0169ng c\u00f3 tr\u00ean th\u1ecb tr\u01b0\u1eddng:<\/p>\n<p>&#8211; S\u1edf h\u1eefu c\u00f4ng ngh\u1ec7 \u0111\u01b0\u1ee3c n\u00e2ng c\u1ea5p ph\u00e1t tri\u1ec3n trong h\u01a1n 40 n\u0103m c\u1ee7a Focal.<\/p>\n<p>&#8211; T\u00edch h\u1ee3p<strong>\u00a02 k\u00eanh ampli<\/strong>\u00a0cho ph\u00e9p loa x\u1eed l\u00fd t\u00edn hi\u1ec7u \u00e2m thanh stereo (tr\u00e1i\/ph\u1ea3i) v\u00e0 t\u00e1i t\u1ea1o \u00e2m tr\u1ea7m m\u1ea1nh m\u1ebd.<\/p>\n<p><img loading=\"lazy\" decoding=\"async\" class=\"alignnone size-full wp-image-1001\" src=\"https:\/\/autothaiduong.vn\/wp-content\/uploads\/2025\/05\/thong-so-loa-isub-active.jpg\" alt=\"th\u00f4ng s\u1ed1 loa isub active\" width=\"745\" height=\"443\" srcset=\"https:\/\/autothaiduong.vn\/wp-content\/uploads\/2025\/05\/thong-so-loa-isub-active.jpg 745w, https:\/\/autothaiduong.vn\/wp-content\/uploads\/2025\/05\/thong-so-loa-isub-active-600x357.jpg 600w\" sizes=\"auto, (max-width: 745px) 100vw, 745px\" \/><\/p>\n<p><em>+ Loa ph\u1eb3ng 8 inch.<\/em><\/p>\n<p><em>+ C\u1ea5u tr\u00fac nh\u00f4m &#8211; nh\u1ecf g\u1ecdn d\u1ec5 t\u00edch h\u1ee3p.<\/em><\/p>\n<p><em>+ T\u00edch h\u1ee3p ampli cung c\u1ea5p c\u00f4ng su\u1ea5t cho loa si\u00eau tr\u1ea7m.<\/em><\/p>\n<p><em>+\u00a0Nhi\u1ec1u t\u00f9y ch\u1ecdn \u0111\u1ec3 \u0111i\u1ec1u ch\u1ec9nh loa si\u00eau tr\u1ea7m \u0111\u1ec3\u00a0mang \u0111\u1ebfn\u00a0s\u1ef1 h\u00f2a h\u1ee3p ho\u00e0n h\u1ea3o v\u1edbi h\u1ec7 th\u1ed1ng \u00e2m thanh\u00a0tr\u00ean xe:<\/em><\/p>\n<p><em>\u2022 M\u1ee9c t\u00edn hi\u1ec7u \u0111\u1ea7u v\u00e0o c\u00f3 th\u1ec3 \u0111i\u1ec1u ch\u1ec9nh<\/em><\/p>\n<p><em>\u2022 Ph\u00e2n t\u1ea7n th\u00f4ng cao c\u00f3 th\u1ec3 \u0111i\u1ec1u ch\u1ec9nh t\u1eeb 20 \u0111\u1ebfn 50Hz<\/em><\/p>\n<p><em>\u2022 T\u0103ng \u00e2m l\u01b0\u1ee3ng t\u1eeb 0 \u0111\u1ebfn 18dB<\/em><\/p>\n<p><em>\u2022 B\u1ed9 ch\u1ecdn pha 0\u2013180\u00b0<\/em><\/p>\n<p><em>\u2022 Ph\u00e2n t\u1ea7n th\u00f4ng th\u1ea5p c\u00f3 th\u1ec3 \u0111i\u1ec1u ch\u1ec9nh t\u1eeb 50 \u0111\u1ebfn 180Hz<\/em><\/p>\n<p><em>+ \u0110i\u1ec1u khi\u1ec3n t\u1eeb xa<\/em><\/p>\n<p>&#8211; K\u1ebft n\u1ed1i tr\u1ef1c ti\u1ebfp v\u1edbi h\u1ec7 th\u1ed1ng \u00e2m thanh nguy\u00ean b\u1ea3n c\u1ee7a xe th\u00f4ng qua cap\u00a0<strong>Plug &amp; Play<\/strong>.<\/p>\n<p>&#8211; K\u00edch th\u01b0\u1edbc nh\u1ecf g\u1ecdn ( \u0111\u1ed9 d\u1ea7y kho\u1ea3ng 6.3 cm) gi\u00fap\u00a0ISUB ACTIVE FOCAL d\u1ec5 d\u00e0ng &#8221; thu m\u00ecnh&#8221; v\u00e0o g\u1ea7m gh\u1ebf xe, kh\u00f4ng l\u00e0m thay \u0111\u1ed5i kh\u00f4ng gian n\u1ed9i th\u1ea5t.<\/p>\n<p>&#8211; D\u1ec5 s\u1eed d\u1ee5ng v\u1edbi giao di\u1ec7n \u0111\u01a1n gi\u1ea3n, kh\u00f4ng c\u1ea7n thao t\u00e1c c\u0103n ch\u1ec9nh ph\u1ee9c t\u1ea1p.<\/p>\n<p>&#8211; T\u00ednh linh ho\u1ea1t cao, cho ph\u00e9p ng\u01b0\u1eddi d\u00f9ng tinh ch\u1ec9nh t\u00edn hi\u1ec7u \u0111\u1ea7u v\u00e0o,\u00a0<strong>t\u0103ng c\u01b0\u1eddng \u0111\u1ed9 \u00e2m bass<\/strong>\u00a0theo s\u1edf th\u00edch.<\/p>\n<p>&#8211; Thi\u1ebft k\u1ebf ch\u1eafc ch\u1eafn v\u1edbi v\u1eadt li\u1ec7u b\u1ec1n b\u1ec9, ch\u1ecbu \u0111\u01b0\u1ee3c rung \u0111\u1ed9ng li\u00ean t\u1ee5c tr\u00ean xe v\u00e0 \u0111i\u1ec1u ki\u1ec7n th\u1eddi ti\u1ebft kh\u1eafc nghi\u1ec7t.<\/p>\n<p><img loading=\"lazy\" decoding=\"async\" class=\"alignnone size-full wp-image-1002\" src=\"https:\/\/autothaiduong.vn\/wp-content\/uploads\/2025\/05\/isub-active-focal-lap-gham-ghe-xe-anh-1.jpg\" alt=\"isub active l\u1eafp tr\u00ean g\u1ea7m gh\u1ebf xe \u1ea3nh 1\" width=\"621\" height=\"423\" srcset=\"https:\/\/autothaiduong.vn\/wp-content\/uploads\/2025\/05\/isub-active-focal-lap-gham-ghe-xe-anh-1.jpg 621w, https:\/\/autothaiduong.vn\/wp-content\/uploads\/2025\/05\/isub-active-focal-lap-gham-ghe-xe-anh-1-600x409.jpg 600w\" sizes=\"auto, (max-width: 621px) 100vw, 621px\" \/><\/p>\n<p>C\u00f3 th\u1ec3 th\u1ea5y \u0111\u00e2y l\u00e0\u00a0<a title=\"loa sub Focal\" href=\"https:\/\/thienphuauto.com\/loa-focal-subwoofers.html\" target=\"_blank\" rel=\"noopener\">loa sub Focal<\/a>\u00a0\u0111\u01b0\u1ee3c k\u1ebft h\u1ee3p t\u1eeb s\u1ef1 ho\u00e0n h\u1ea3o\u00a0<strong>hi\u1ec7u su\u1ea5t \u00e2m thanh cao c\u1ea5p<\/strong>,<strong>\u00a0t\u00ednh ti\u1ec7n l\u1ee3i<\/strong>, v\u00e0\u00a0<strong>\u0111\u1ed9 b\u1ec1n.<\/strong><\/p>\n<h3>3. Ph\u00e2n t\u00edch th\u00f4ng s\u1ed1 k\u1ef9 thu\u1eadt<\/h3>\n<p>&#8211; Lo\u1ea1i loa: Loa si\u00eau tr\u1ea7m k\u00edch th\u01b0\u1edbc 8 inch t\u00edch h\u1ee3p s\u1eb5n ampli.<\/p>\n<p>&#8211; C\u00f4ng su\u1ea5t max: 260W t\u00e1i t\u1ea1o \u00e2m thanh m\u1ea1nh m\u1ebd, ph\u00f9 h\u1ee3p v\u1edbi lo\u1ea1i nh\u1ea1c c\u1ea7n bass s\u00e2u.<\/p>\n<p>&#8211; C\u00f4ng su\u1ea5t RMS: 130W \u1ea5n t\u01b0\u1ee3ng cho m\u1ed9t loa subwoofer nh\u1ecf g\u1ecdn.<\/p>\n<p><img loading=\"lazy\" decoding=\"async\" class=\"alignnone size-full wp-image-1003\" src=\"https:\/\/autothaiduong.vn\/wp-content\/uploads\/2025\/05\/isub-active-focal-lap-xe.jpg\" alt=\"\" width=\"538\" height=\"458\" \/><\/p>\n<p>&#8211; D\u1ea3i t\u1ea7n s\u1ed1 \u0111\u00e1p \u1ee9ng:\u00a045Hz \u2013 150Hz gi\u00fap ng\u01b0\u1eddi nge c\u1ea3m nh\u1eadn \u0111\u01b0\u1ee3c \u0111\u1ed9 rung c\u1ee7a b\u1ea3n nh\u1ea1c.<\/p>\n<p>&#8211; Tr\u1edf kh\u00e1ng:\u00a04\u03a9 t\u01b0\u01a1ng th\u00edch v\u1edbi h\u1ec7 th\u1ed1ng \u0111i\u1ec7n c\u1ee7a xe.<\/p>\n<p>&#8211; \u0110\u1ecbnh m\u1ee9c c\u1ea7u ch\u1ec9: 20A b\u1ea3o v\u1ec7 kh\u1ecfi t\u00ecnh tr\u1ea1ng qu\u00e1 d\u00f2ng.<\/p>\n<p>&#8211; Pha c\u1ee7a loa si\u00eau tr\u1ea7m:\u00a00 or 180\u00b0 cho ph\u00e9p \u0111i\u1ec1u ch\u1ec9nh pha c\u1ee7a loa \u0111\u1ec3 \u0111\u1ed3ng b\u1ed9 v\u1edbi h\u1ec7 th\u1ed1ng \u00e2m thanh kh\u00e1c.<\/p>\n<p>&#8211; SNR: &gt;80dBA \u0111o \u0111\u1ed9 s\u1ea1ch c\u1ee7a t\u00edn hi\u1ec7u.<\/p>\n<p>&#8211; Chi\u1ec1u d\u1ea3i cap kho\u1ea3ng 5m \u0111\u1ee7 \u0111\u1ec3 k\u1ebft n\u1ed1i \u0111i\u1ec3m xa nh\u1ea5t \u0111\u1ebfn ngu\u1ed3n ph\u00e1t.<\/p>\n<p>&#8211; K\u00edch th\u01b0\u1edbc loa:\u00a0328 mm (d\u00e0i) x 230 mm (r\u1ed9ng) x 63 mm (cao) ph\u00f9 h\u1ee3p v\u1edbi m\u1ecdi kh\u00f4ng gian xe.<\/p>\n<p>&#8211; Tr\u1ecdng l\u01b0\u1ee3ng:\u00a04,25 kg l\u00e0 m\u1ee9c trung b\u00ecnh cho m\u1ed9t loa sub tr\u00ean xe.<\/p>\n<p>C\u00f3 th\u1ec3 th\u1ea5y loa FOCAL ISUB ACTIVE l\u00e0 l\u00fd t\u01b0\u1edfng cho ng\u01b0\u1eddi mu\u1ed1n b\u1ed5 sung \u00e2m bass m\u1ea1nh m\u1ebd m\u00e0 kh\u00f4ng c\u1ea7n thay \u0111\u1ed5i qu\u00e1 nhi\u1ec1u v\u00e0o h\u1ec7 th\u1ed1ng \u00e2m thanh xe. M\u1ecdi th\u00f4ng tin qu\u00fd kh\u00e1ch vui l\u00f2ng li\u00ean h\u1ec7 s\u1ed1 \u0111i\u1ec7n tho\u1ea1i hotline \u0111\u1ec3 \u0111\u01b0\u1ee3c t\u01b0 v\u1ea5n!<\/p>\n<\/div>\n<p>&nbsp;<\/p>\n","protected":false},"excerpt":{"rendered":"<h3 class=\"title\">Th\u00f4ng s\u1ed1 k\u1ef9 thu\u1eadt<\/h3>\n<div class=\"content\">\n<table width=\"367\">\n<tbody>\n<tr>\n<td>Lo\u1ea1i loa<\/td>\n<td>Si\u00eau tr\u1ea7m 8 inch<\/td>\n<\/tr>\n<tr>\n<td>C\u00f4ng su\u1ea5t RMS<\/td>\n<td>130W<\/td>\n<\/tr>\n<tr>\n<td>C\u00f4ng su\u1ea5t max<\/td>\n<td>260W<\/td>\n<\/tr>\n<tr>\n<td>T\u1ea7n s\u1ed1 \u0111\u00e1p \u1ee9ng<\/td>\n<td>45Hz &#8211; 150Hz<\/td>\n<\/tr>\n<tr>\n<td>Tr\u1edf kh\u00e1ng<\/td>\n<td>4\u03a9<\/td>\n<\/tr>\n<tr>\n<td>Ch\u00ec b\u1ea3o v\u1ec7<\/td>\n<td>20A<\/td>\n<\/tr>\n<tr>\n<td>Subwoofer phase<\/td>\n<td>0 or 180\u00b0<\/td>\n<\/tr>\n<tr>\n<td>SNR<\/td>\n<td>&gt; 80dBA<\/td>\n<\/tr>\n<tr>\n<td>ISO beam length<\/td>\n<td>1061\/4&#8243;<\/td>\n<\/tr>\n<tr>\n<td>Chi\u1ec1u d\u00e0i c\u00e1p ngu\u1ed3n<\/td>\n<td>1967\/8&#8243;<\/td>\n<\/tr>\n<tr>\n<td>K\u00edch th\u01b0\u1edbc<\/td>\n<td>328 x 230 x 63 mm<\/td>\n<\/tr>\n<tr>\n<td>Tr\u1ecdng l\u01b0\u1ee3ng<\/td>\n<td>4.25kg<\/td>\n<\/tr>\n<\/tbody>\n<\/table>\n<\/div>\n","protected":false},"featured_media":999,"comment_status":"open","ping_status":"closed","template":"","meta":[],"product_brand":[120],"product_cat":[19,97],"product_tag":[],"class_list":{"0":"post-998","1":"product","2":"type-product","3":"status-publish","4":"has-post-thumbnail","6":"product_brand-focal","7":"product_cat-am-thanh","8":"product_cat-sub-dien","10":"first","11":"instock","12":"shipping-taxable","13":"purchasable","14":"product-type-simple"},"_links":{"self":[{"href":"https:\/\/autothaiduong.vn\/index.php?rest_route=\/wp\/v2\/product\/998","targetHints":{"allow":["GET"]}}],"collection":[{"href":"https:\/\/autothaiduong.vn\/index.php?rest_route=\/wp\/v2\/product"}],"about":[{"href":"https:\/\/autothaiduong.vn\/index.php?rest_route=\/wp\/v2\/types\/product"}],"replies":[{"embeddable":true,"href":"https:\/\/autothaiduong.vn\/index.php?rest_route=%2Fwp%2Fv2%2Fcomments&post=998"}],"wp:featuredmedia":[{"embeddable":true,"href":"https:\/\/autothaiduong.vn\/index.php?rest_route=\/wp\/v2\/media\/999"}],"wp:attachment":[{"href":"https:\/\/autothaiduong.vn\/index.php?rest_route=%2Fwp%2Fv2%2Fmedia&parent=998"}],"wp:term":[{"taxonomy":"product_brand","embeddable":true,"href":"https:\/\/autothaiduong.vn\/index.php?rest_route=%2Fwp%2Fv2%2Fproduct_brand&post=998"},{"taxonomy":"product_cat","embeddable":true,"href":"https:\/\/autothaiduong.vn\/index.php?rest_route=%2Fwp%2Fv2%2Fproduct_cat&post=998"},{"taxonomy":"product_tag","embeddable":true,"href":"https:\/\/autothaiduong.vn\/index.php?rest_route=%2Fwp%2Fv2%2Fproduct_tag&post=998"}],"curies":[{"name":"wp","href":"https:\/\/api.w.org\/{rel}","templated":true}]}}